{"id":1502,"date":"2014-09-22T08:25:39","date_gmt":"2014-09-22T08:25:39","guid":{"rendered":"http:\/\/emailchef.com\/?page_id=1502"},"modified":"2021-08-31T13:54:26","modified_gmt":"2021-08-31T13:54:26","slug":"les-champs-personnalises","status":"publish","type":"page","link":"https:\/\/emailchef.com\/fr\/base-de-connaissance\/les-champs-personnalises\/","title":{"rendered":"Les champs personnalis\u00e9s"},"content":{"rendered":"\n<p><\/p>\n\n\n<p><span style=\"font-weight: 400;\">Les <\/span><b>champs personnalis\u00e9s<\/b><span style=\"font-weight: 400;\"> sont une source d&#8217;informations de vos contacts. Pour chaque type de donn\u00e9es que vous souhaitez obtenir de vos contacts, vous pouvez cr\u00e9er un champ sp\u00e9cifique. Vous pouvez utiliser des champs personnalis\u00e9s pour<\/span><a href=\"https:\/\/emailchef.com\/fr\/base-de-connaissance\/comment-creer-des-segments\/\"><b> segmenter votre liste<\/b><\/a><span style=\"font-weight: 400;\"> ou <\/span><b>personnaliser vos messages.<\/b><\/p>\n<p><a href=\"https:\/\/emailchef.com\/wp-content\/uploads\/2021\/08\/Screenshot_96.jpg\" rel=\"lightbox\"><img fetchpriority=\"high\" decoding=\"async\" class=\"alignnone wp-image-47704 size-full\" src=\"https:\/\/emailchef.com\/wp-content\/uploads\/2021\/08\/Screenshot_96.jpg\" alt=\"\" width=\"1208\" height=\"507\" \/><\/a><\/p>\n<p><b>Types de champs personnalis\u00e9s<\/b><\/p>\n<p><span style=\"font-weight: 400;\">Chaque type de champ permet de g\u00e9rer diff\u00e9rents types de donn\u00e9es:<\/span><\/p>\n<ul>\n<li style=\"font-weight: 400;\" aria-level=\"1\"><b>Nombre<\/b><span style=\"font-weight: 400;\"> = valeurs num\u00e9riques<\/span><\/li>\n<li style=\"font-weight: 400;\" aria-level=\"1\"><b>Date<\/b><span style=\"font-weight: 400;\">= dates<\/span><\/li>\n<li style=\"font-weight: 400;\" aria-level=\"1\"><b>Oui\/Non<\/b><span style=\"font-weight: 400;\"> = Valeur vraie ou fausse<\/span><\/li>\n<li style=\"font-weight: 400;\" aria-level=\"1\"><b>Liste d\u00e9roulante<\/b><span style=\"font-weight: 400;\"> = valeurs diff\u00e9rentes d&#8217;une liste d&#8217;options<\/span><\/li>\n<li style=\"font-weight: 400;\" aria-level=\"1\"><b>Pays<\/b><span style=\"font-weight: 400;\">= pays\u00a0<\/span><\/li>\n<li style=\"font-weight: 400;\" aria-level=\"1\"><b>\u00c9tat<\/b><span style=\"font-weight: 400;\">= \u00c9tat (aux \u00c9tats-Unis)<\/span><\/li>\n<li style=\"font-weight: 400;\" aria-level=\"1\"><b>Texte<\/b><span style=\"font-weight: 400;\"> = texte ou donn\u00e9es alphanum\u00e9riques<\/span><\/li>\n<\/ul>\n<p><b>D\u00e9finir un nouveau champ personnalis\u00e9<\/b><\/p>\n<ul>\n<li style=\"font-weight: 400;\" aria-level=\"1\"><span style=\"font-weight: 400;\">Dans la section &#8220;LISTES&#8221;, s\u00e9lectionnez une liste et cliquez sur &#8220;Champs personnalis\u00e9s&#8221; dans le menu sup\u00e9rieur. Cliquez ensuite sur le bouton &#8220;CR\u00c9ER UN NOUVEAU CHAMP&#8221;.<\/span><\/li>\n<\/ul>\n<p><a href=\"https:\/\/emailchef.com\/wp-content\/uploads\/2021\/08\/Screenshot_97.jpg\" rel=\"lightbox\"><img decoding=\"async\" class=\"alignnone wp-image-47720 size-full\" src=\"https:\/\/emailchef.com\/wp-content\/uploads\/2021\/08\/Screenshot_97.jpg\" alt=\"\" width=\"732\" height=\"503\" \/><\/a><\/p>\n<ul id=\"block-27b86225-a6ec-4417-ad6a-94517244413d\" class=\"block-editor-rich-text__editable block-editor-block-list__block wp-block is-selected wp-block-list rich-text\" tabindex=\"0\" role=\"group\" contenteditable=\"true\" aria-multiline=\"true\" aria-label=\"Block: List\" data-block=\"27b86225-a6ec-4417-ad6a-94517244413d\" data-type=\"core\/list\" data-title=\"List\">\n<li>S\u00e9lectionnez le<strong> type de champ<\/strong> que vous souhaitez ajouter en fonction du type de donn\u00e9es qu&#8217;il repr\u00e9sentera. Le plus versatile est le champ de texte.<\/li>\n<li>Ajoutez un nom \u00e0 votre champ.<\/li>\n<li>L&#8217;<strong>espace r\u00e9serv\u00e9<\/strong> sera l&#8217;\u00e9l\u00e9ment textuel qui repr\u00e9sentera votre champ personnalis\u00e9.<\/li>\n<li>Si vous souhaitez donner \u00e0 vos contacts la possibilit\u00e9 de modifier les donn\u00e9es de ce champ, veuillez cocher la derni\u00e8re case.<\/li>\n<li>Pour finir, cliquez sur &#8220;ENREGISTRER&#8221;.<\/li>\n<\/ul>\n<p>Vous pouvez ajouter n&#8217;importe quel nombre de champs personnalis\u00e9s \u00e0 votre formulaire d&#8217;abonnement. Cependant, n&#8217;incluez pas trop de champs sur votre formulaire, le processus d&#8217;inscription doit \u00eatre simple et rapide.<\/p>\n<p><span style=\"font-weight: 400;\">Vous pouvez modifier la position des champs en utilisant l&#8217;ic\u00f4ne hamburger pour glisser et d\u00e9poser les champs.<\/span><\/p>\n<p><span style=\"font-weight: 400;\">Vous pouvez \u00e9galement choisir les champs personnalis\u00e9s \u00e0 afficher sur la page \u201cmodifier vos pr\u00e9f\u00e9rences\u201d en activant ou en d\u00e9sactivant le bouton de la barre.<\/span><\/p>\n<p><span style=\"font-weight: 400;\"><a href=\"https:\/\/emailchef.com\/wp-content\/uploads\/2021\/08\/Screenshot_98-1.jpg\" rel=\"lightbox\"><img decoding=\"async\" class=\"alignnone wp-image-47752 size-full\" src=\"https:\/\/emailchef.com\/wp-content\/uploads\/2021\/08\/Screenshot_98-1.jpg\" alt=\"\" width=\"1208\" height=\"507\" \/><\/a><\/span><\/p>\n<p><span style=\"font-weight: 400;\">Vos contacts pourront modifier leurs donn\u00e9es quand ils le souhaitent dans les champs personnalis\u00e9s si la barre est activ\u00e9e. Ajoutez simplement le lien <b>\u201cModifier vos pr\u00e9f\u00e9rences\u201d<\/b> dans votre newsletter: une fois que vos contacts cliquent sur ce lien, ils seront dirig\u00e9s vers une page pour mettre \u00e0 jour leurs coordonn\u00e9es.<\/span><\/p>\n<p><span style=\"font-weight: 400;\"><a href=\"https:\/\/emailchef.com\/wp-content\/uploads\/2021\/08\/Screenshot_99.jpg\" rel=\"lightbox\"><img loading=\"lazy\" decoding=\"async\" class=\"alignnone wp-image-47778 size-full\" src=\"https:\/\/emailchef.com\/wp-content\/uploads\/2021\/08\/Screenshot_99.jpg\" alt=\"\" width=\"582\" height=\"854\" \/><\/a><\/span><\/p>\n<p><span style=\"font-weight: 400;\">Le lien \u201cModifier vos pr\u00e9f\u00e9rences\u201d est d\u00e9j\u00e0 pr\u00e9sent dans les blocs pr\u00e9d\u00e9finis de l&#8217;\u00e9diteur qui contiennent les informations <a href=\"https:\/\/emailchef.com\/fr\/base-de-connaissance\/regles-anti-spam\/\">CAN-SPAM Act<\/a> et il est d\u00e9j\u00e0 li\u00e9 au formulaire de mise \u00e0 jour des pr\u00e9f\u00e9rences.<\/span><\/p>\n<p><span style=\"font-weight: 400;\"><a href=\"https:\/\/emailchef.com\/wp-content\/uploads\/2021\/08\/Screenshot_100-1.jpg\" rel=\"lightbox\"><img loading=\"lazy\" decoding=\"async\" class=\"alignnone wp-image-47830 size-full\" src=\"https:\/\/emailchef.com\/wp-content\/uploads\/2021\/08\/Screenshot_100-1.jpg\" alt=\"\" width=\"1483\" height=\"960\" \/><\/a><\/span><\/p>\n<p><span style=\"font-weight: 400;\">Pour en savoir plus sur les champs personnalis\u00e9s, veuillez regarder cette vid\u00e9o:<\/span><\/p>\n<p><iframe title=\"[FR] Comment cr\u00e9er des champs personnalis\u00e9s et les ajouter \u00e0 un formulaire d&#039;inscription\" width=\"800\" height=\"450\" src=\"https:\/\/www.youtube.com\/embed\/NszKxGorj00?feature=oembed\" frameborder=\"0\" allow=\"accelerometer; autoplay; clipboard-write; encrypted-media; gyroscope; picture-in-picture\" allowfullscreen><\/iframe><\/p>\n<p>\u00a0<\/p>\n\n\n<p><\/p>\n\n\n\n<p><\/p>\n\n\n\n<p><\/p>\n\n\n\n<p><\/p>\n\n\n<p><\/p>","protected":false},"excerpt":{"rendered":"<p>Les champs personnalis\u00e9s sont une source d&#8217;informations de vos contacts. Pour chaque type de donn\u00e9es que vous souhaitez obtenir de vos contacts, vous pouvez cr\u00e9er un champ sp\u00e9cifique. Vous pouvez utiliser des champs personnalis\u00e9s pour segmenter votre liste ou personnaliser vos messages. Types de champs personnalis\u00e9s Chaque type de champ permet de g\u00e9rer diff\u00e9rents types [&hellip;]<\/p>\n","protected":false},"author":3,"featured_media":0,"parent":1193,"menu_order":0,"comment_status":"closed","ping_status":"closed","template":"","meta":{"_acf_changed":false,"inline_featured_image":false,"footnotes":""},"g1_relation_tag":[],"class_list":["post-1502","page","type-page","status-publish","hentry"],"acf":[],"yoast_head":"<!-- This site is optimized with the Yoast SEO plugin v24.8.1 - https:\/\/yoast.com\/wordpress\/plugins\/seo\/ -->\n<title>Les champs personnalis\u00e9s - Emailchef<\/title>\n<meta name=\"robots\" content=\"index, follow, max-snippet:-1, max-image-preview:large, max-video-preview:-1\" \/>\n<link rel=\"canonical\" href=\"https:\/\/emailchef.com\/fr\/base-de-connaissance\/les-champs-personnalises\/\" \/>\n<meta name=\"twitter:label1\" content=\"Dur\u00e9e de lecture estim\u00e9e\" \/>\n\t<meta name=\"twitter:data1\" content=\"3 minutes\" \/>\n<!-- \/ Yoast SEO plugin. -->","yoast_head_json":{"title":"Les champs personnalis\u00e9s - Emailchef","robots":{"index":"index","follow":"follow","max-snippet":"max-snippet:-1","max-image-preview":"max-image-preview:large","max-video-preview":"max-video-preview:-1"},"canonical":"https:\/\/emailchef.com\/fr\/base-de-connaissance\/les-champs-personnalises\/","twitter_misc":{"Dur\u00e9e de lecture estim\u00e9e":"3 minutes"},"schema":{"@context":"https:\/\/schema.org","@graph":[{"@type":"WebPage","@id":"https:\/\/emailchef.com\/fr\/base-de-connaissance\/les-champs-personnalises\/","url":"https:\/\/emailchef.com\/fr\/base-de-connaissance\/les-champs-personnalises\/","name":"Les champs personnalis\u00e9s - Emailchef","isPartOf":{"@id":"https:\/\/emailchef.com\/fr\/#website"},"primaryImageOfPage":{"@id":"https:\/\/emailchef.com\/fr\/base-de-connaissance\/les-champs-personnalises\/#primaryimage"},"image":{"@id":"https:\/\/emailchef.com\/fr\/base-de-connaissance\/les-champs-personnalises\/#primaryimage"},"thumbnailUrl":"https:\/\/emailchef.com\/wp-content\/uploads\/2021\/08\/Screenshot_96.jpg","datePublished":"2014-09-22T08:25:39+00:00","dateModified":"2021-08-31T13:54:26+00:00","breadcrumb":{"@id":"https:\/\/emailchef.com\/fr\/base-de-connaissance\/les-champs-personnalises\/#breadcrumb"},"inLanguage":"fr-FR","potentialAction":[{"@type":"ReadAction","target":["https:\/\/emailchef.com\/fr\/base-de-connaissance\/les-champs-personnalises\/"]}]},{"@type":"ImageObject","inLanguage":"fr-FR","@id":"https:\/\/emailchef.com\/fr\/base-de-connaissance\/les-champs-personnalises\/#primaryimage","url":"https:\/\/emailchef.com\/wp-content\/uploads\/2021\/08\/Screenshot_96.jpg","contentUrl":"https:\/\/emailchef.com\/wp-content\/uploads\/2021\/08\/Screenshot_96.jpg"},{"@type":"BreadcrumbList","@id":"https:\/\/emailchef.com\/fr\/base-de-connaissance\/les-champs-personnalises\/#breadcrumb","itemListElement":[{"@type":"ListItem","position":1,"name":"Home","item":"https:\/\/emailchef.com\/fr\/mailchef-email-marketing-emailing-et-envoi-newsletter\/"},{"@type":"ListItem","position":2,"name":"Base de connaissance","item":"https:\/\/emailchef.com\/fr\/base-de-connaissance\/"},{"@type":"ListItem","position":3,"name":"Les champs personnalis\u00e9s"}]},{"@type":"WebSite","@id":"https:\/\/emailchef.com\/fr\/#website","url":"https:\/\/emailchef.com\/fr\/","name":"Emailchef","description":"Recettes go\u00fbteuses pour vos emails","publisher":{"@id":"https:\/\/emailchef.com\/fr\/#organization"},"potentialAction":[{"@type":"SearchAction","target":{"@type":"EntryPoint","urlTemplate":"https:\/\/emailchef.com\/fr\/?s={search_term_string}"},"query-input":{"@type":"PropertyValueSpecification","valueRequired":true,"valueName":"search_term_string"}}],"inLanguage":"fr-FR"},{"@type":"Organization","@id":"https:\/\/emailchef.com\/fr\/#organization","name":"Delivery Tech Corp.","url":"https:\/\/emailchef.com\/fr\/","logo":{"@type":"ImageObject","inLanguage":"fr-FR","@id":"https:\/\/emailchef.com\/fr\/#\/schema\/logo\/image\/","url":"https:\/\/emailchef.com\/wp-content\/uploads\/2022\/04\/logo-sama.png","contentUrl":"https:\/\/emailchef.com\/wp-content\/uploads\/2022\/04\/logo-sama.png","width":237,"height":80,"caption":"Delivery Tech Corp."},"image":{"@id":"https:\/\/emailchef.com\/fr\/#\/schema\/logo\/image\/"}}]}},"_links":{"self":[{"href":"https:\/\/emailchef.com\/fr\/wp-json\/wp\/v2\/pages\/1502"}],"collection":[{"href":"https:\/\/emailchef.com\/fr\/wp-json\/wp\/v2\/pages"}],"about":[{"href":"https:\/\/emailchef.com\/fr\/wp-json\/wp\/v2\/types\/page"}],"author":[{"embeddable":true,"href":"https:\/\/emailchef.com\/fr\/wp-json\/wp\/v2\/users\/3"}],"replies":[{"embeddable":true,"href":"https:\/\/emailchef.com\/fr\/wp-json\/wp\/v2\/comments?post=1502"}],"version-history":[{"count":10,"href":"https:\/\/emailchef.com\/fr\/wp-json\/wp\/v2\/pages\/1502\/revisions"}],"predecessor-version":[{"id":47848,"href":"https:\/\/emailchef.com\/fr\/wp-json\/wp\/v2\/pages\/1502\/revisions\/47848"}],"up":[{"embeddable":true,"href":"https:\/\/emailchef.com\/fr\/wp-json\/wp\/v2\/pages\/1193"}],"wp:attachment":[{"href":"https:\/\/emailchef.com\/fr\/wp-json\/wp\/v2\/media?parent=1502"}],"wp:term":[{"taxonomy":"g1_relation_tag","embeddable":true,"href":"https:\/\/emailchef.com\/fr\/wp-json\/wp\/v2\/g1_relation_tag?post=1502"}],"curies":[{"name":"wp","href":"https:\/\/api.w.org\/{rel}","templated":true}]}}