{"id":1500,"date":"2014-09-22T08:23:27","date_gmt":"2014-09-22T08:23:27","guid":{"rendered":"http:\/\/emailchef.com\/?page_id=1500"},"modified":"2021-08-30T14:35:27","modified_gmt":"2021-08-30T14:35:27","slug":"comment-exporter-vos-contacts","status":"publish","type":"page","link":"https:\/\/emailchef.com\/fr\/base-de-connaissance\/comment-exporter-vos-contacts\/","title":{"rendered":"Comment exporter vos contacts"},"content":{"rendered":"<p><span style=\"font-weight: 400;\">Emailchef vous permet d&#8217;exporter vos listes facilement.<\/span><\/p>\n<p><span style=\"font-weight: 400;\">Ouvrez la liste et cliquez sur &#8220;G\u00e9rer les contacts&#8221;, puis s\u00e9lectionnez l\u2019option &#8220;Exporter les contacts&#8221;.<\/span><\/p>\n<p><a href=\"https:\/\/emailchef.com\/wp-content\/uploads\/2021\/08\/Screenshot_94.jpg\" rel=\"lightbox\"><img fetchpriority=\"high\" decoding=\"async\" class=\"alignnone wp-image-47666 size-full\" src=\"https:\/\/emailchef.com\/wp-content\/uploads\/2021\/08\/Screenshot_94.jpg\" alt=\"\" width=\"1484\" height=\"766\" \/><\/a><\/p>\n<p><span style=\"font-weight: 400;\">Dans le menu d\u00e9roulant, vous pouvez choisir les contacts que vous souhaitez exporter. <\/span><b>Vous pouvez exporter la liste enti\u00e8re; les contacts actifs; les contacts d\u00e9sabonn\u00e9s; les adresses rejet\u00e9es (bounced); ou des contacts qui ont marqu\u00e9 leurs e-mails comme spam (plaintes).<\/b><\/p>\n<p><a href=\"https:\/\/emailchef.com\/wp-content\/uploads\/2021\/08\/Screenshot_95.jpg\" rel=\"lightbox\"><img decoding=\"async\" class=\"alignnone wp-image-47682 size-full\" src=\"https:\/\/emailchef.com\/wp-content\/uploads\/2021\/08\/Screenshot_95.jpg\" alt=\"\" width=\"1484\" height=\"706\" \/><\/a><\/p>\n<p><span style=\"font-weight: 400;\">Pour finir, choisissez <\/span><b>le format du fichier<\/b><span style=\"font-weight: 400;\"> que vous souhaitez t\u00e9l\u00e9charger <\/span><b>(JSON ou CSV)<\/b><span style=\"font-weight: 400;\"> en cliquant sur le bouton correspondant. Le t\u00e9l\u00e9chargement s&#8217;effectuera automatiquement.<\/span><\/p>\n<p><span style=\"font-weight: 400;\">Dans cette vid\u00e9o, vous pouvez voir toutes les \u00e9tapes en d\u00e9tail: <\/span><\/p>\n<p><iframe title=\"[EN] How to export contacts\" width=\"800\" height=\"450\" src=\"https:\/\/www.youtube.com\/embed\/_WeCQoApaaA?feature=oembed\" frameborder=\"0\" allow=\"accelerometer; autoplay; clipboard-write; encrypted-media; gyroscope; picture-in-picture\" allowfullscreen><\/iframe><\/p>\n","protected":false},"excerpt":{"rendered":"<p>Emailchef vous permet d&#8217;exporter vos listes facilement. Ouvrez la liste et cliquez sur &#8220;G\u00e9rer les contacts&#8221;, puis s\u00e9lectionnez l\u2019option &#8220;Exporter les contacts&#8221;. Dans le menu d\u00e9roulant, vous pouvez choisir les contacts que vous souhaitez exporter. Vous pouvez exporter la liste enti\u00e8re; les contacts actifs; les contacts d\u00e9sabonn\u00e9s; les adresses rejet\u00e9es (bounced); ou des contacts qui [&hellip;]<\/p>\n","protected":false},"author":3,"featured_media":0,"parent":1193,"menu_order":0,"comment_status":"closed","ping_status":"closed","template":"","meta":{"_acf_changed":false,"inline_featured_image":false,"footnotes":""},"g1_relation_tag":[],"class_list":["post-1500","page","type-page","status-publish","hentry"],"acf":[],"yoast_head":"<!-- This site is optimized with the Yoast SEO plugin v24.8.1 - https:\/\/yoast.com\/wordpress\/plugins\/seo\/ -->\n<title>Comment exporter vos contacts - Emailchef<\/title>\n<meta name=\"robots\" content=\"index, follow, max-snippet:-1, max-image-preview:large, max-video-preview:-1\" \/>\n<link rel=\"canonical\" href=\"https:\/\/emailchef.com\/fr\/base-de-connaissance\/comment-exporter-vos-contacts\/\" \/>\n<meta name=\"twitter:label1\" content=\"Dur\u00e9e de lecture estim\u00e9e\" \/>\n\t<meta name=\"twitter:data1\" content=\"1 minute\" \/>\n<!-- \/ Yoast SEO plugin. -->","yoast_head_json":{"title":"Comment exporter vos contacts - Emailchef","robots":{"index":"index","follow":"follow","max-snippet":"max-snippet:-1","max-image-preview":"max-image-preview:large","max-video-preview":"max-video-preview:-1"},"canonical":"https:\/\/emailchef.com\/fr\/base-de-connaissance\/comment-exporter-vos-contacts\/","twitter_misc":{"Dur\u00e9e de lecture estim\u00e9e":"1 minute"},"schema":{"@context":"https:\/\/schema.org","@graph":[{"@type":"WebPage","@id":"https:\/\/emailchef.com\/fr\/base-de-connaissance\/comment-exporter-vos-contacts\/","url":"https:\/\/emailchef.com\/fr\/base-de-connaissance\/comment-exporter-vos-contacts\/","name":"Comment exporter vos contacts - Emailchef","isPartOf":{"@id":"https:\/\/emailchef.com\/fr\/#website"},"primaryImageOfPage":{"@id":"https:\/\/emailchef.com\/fr\/base-de-connaissance\/comment-exporter-vos-contacts\/#primaryimage"},"image":{"@id":"https:\/\/emailchef.com\/fr\/base-de-connaissance\/comment-exporter-vos-contacts\/#primaryimage"},"thumbnailUrl":"https:\/\/emailchef.com\/wp-content\/uploads\/2021\/08\/Screenshot_94.jpg","datePublished":"2014-09-22T08:23:27+00:00","dateModified":"2021-08-30T14:35:27+00:00","breadcrumb":{"@id":"https:\/\/emailchef.com\/fr\/base-de-connaissance\/comment-exporter-vos-contacts\/#breadcrumb"},"inLanguage":"fr-FR","potentialAction":[{"@type":"ReadAction","target":["https:\/\/emailchef.com\/fr\/base-de-connaissance\/comment-exporter-vos-contacts\/"]}]},{"@type":"ImageObject","inLanguage":"fr-FR","@id":"https:\/\/emailchef.com\/fr\/base-de-connaissance\/comment-exporter-vos-contacts\/#primaryimage","url":"https:\/\/emailchef.com\/wp-content\/uploads\/2021\/08\/Screenshot_94.jpg","contentUrl":"https:\/\/emailchef.com\/wp-content\/uploads\/2021\/08\/Screenshot_94.jpg"},{"@type":"BreadcrumbList","@id":"https:\/\/emailchef.com\/fr\/base-de-connaissance\/comment-exporter-vos-contacts\/#breadcrumb","itemListElement":[{"@type":"ListItem","position":1,"name":"Home","item":"https:\/\/emailchef.com\/fr\/mailchef-email-marketing-emailing-et-envoi-newsletter\/"},{"@type":"ListItem","position":2,"name":"Base de connaissance","item":"https:\/\/emailchef.com\/fr\/base-de-connaissance\/"},{"@type":"ListItem","position":3,"name":"Comment exporter vos contacts"}]},{"@type":"WebSite","@id":"https:\/\/emailchef.com\/fr\/#website","url":"https:\/\/emailchef.com\/fr\/","name":"Emailchef","description":"Recettes go\u00fbteuses pour vos emails","publisher":{"@id":"https:\/\/emailchef.com\/fr\/#organization"},"potentialAction":[{"@type":"SearchAction","target":{"@type":"EntryPoint","urlTemplate":"https:\/\/emailchef.com\/fr\/?s={search_term_string}"},"query-input":{"@type":"PropertyValueSpecification","valueRequired":true,"valueName":"search_term_string"}}],"inLanguage":"fr-FR"},{"@type":"Organization","@id":"https:\/\/emailchef.com\/fr\/#organization","name":"Delivery Tech Corp.","url":"https:\/\/emailchef.com\/fr\/","logo":{"@type":"ImageObject","inLanguage":"fr-FR","@id":"https:\/\/emailchef.com\/fr\/#\/schema\/logo\/image\/","url":"https:\/\/emailchef.com\/wp-content\/uploads\/2022\/04\/logo-sama.png","contentUrl":"https:\/\/emailchef.com\/wp-content\/uploads\/2022\/04\/logo-sama.png","width":237,"height":80,"caption":"Delivery Tech Corp."},"image":{"@id":"https:\/\/emailchef.com\/fr\/#\/schema\/logo\/image\/"}}]}},"_links":{"self":[{"href":"https:\/\/emailchef.com\/fr\/wp-json\/wp\/v2\/pages\/1500"}],"collection":[{"href":"https:\/\/emailchef.com\/fr\/wp-json\/wp\/v2\/pages"}],"about":[{"href":"https:\/\/emailchef.com\/fr\/wp-json\/wp\/v2\/types\/page"}],"author":[{"embeddable":true,"href":"https:\/\/emailchef.com\/fr\/wp-json\/wp\/v2\/users\/3"}],"replies":[{"embeddable":true,"href":"https:\/\/emailchef.com\/fr\/wp-json\/wp\/v2\/comments?post=1500"}],"version-history":[{"count":3,"href":"https:\/\/emailchef.com\/fr\/wp-json\/wp\/v2\/pages\/1500\/revisions"}],"predecessor-version":[{"id":47698,"href":"https:\/\/emailchef.com\/fr\/wp-json\/wp\/v2\/pages\/1500\/revisions\/47698"}],"up":[{"embeddable":true,"href":"https:\/\/emailchef.com\/fr\/wp-json\/wp\/v2\/pages\/1193"}],"wp:attachment":[{"href":"https:\/\/emailchef.com\/fr\/wp-json\/wp\/v2\/media?parent=1500"}],"wp:term":[{"taxonomy":"g1_relation_tag","embeddable":true,"href":"https:\/\/emailchef.com\/fr\/wp-json\/wp\/v2\/g1_relation_tag?post=1500"}],"curies":[{"name":"wp","href":"https:\/\/api.w.org\/{rel}","templated":true}]}}