{"id":1498,"date":"2014-09-22T08:22:58","date_gmt":"2014-09-22T08:22:58","guid":{"rendered":"http:\/\/emailchef.com\/?page_id=1498"},"modified":"2021-08-30T14:21:07","modified_gmt":"2021-08-30T14:21:07","slug":"modification-des-details-dun-seul-abonne","status":"publish","type":"page","link":"https:\/\/emailchef.com\/fr\/base-de-connaissance\/modification-des-details-dun-seul-abonne\/","title":{"rendered":"Modification des d\u00e9tails d&#8217;un seul abonn\u00e9"},"content":{"rendered":"<p><span style=\"font-weight: 400;\">En cliquant sur chaque abonn\u00e9 dans la liste, vous pouvez acc\u00e9der pour voir leurs donn\u00e9es:<\/span><\/p>\n<p><a href=\"https:\/\/emailchef.com\/wp-content\/uploads\/2021\/08\/Screenshot_90.jpg\" rel=\"lightbox\"><img fetchpriority=\"high\" decoding=\"async\" class=\"alignnone wp-image-47582 size-full\" src=\"https:\/\/emailchef.com\/wp-content\/uploads\/2021\/08\/Screenshot_90.jpg\" alt=\"\" width=\"1199\" height=\"869\" \/><\/a><\/p>\n<p><span style=\"font-weight: 400;\">Sur la gauche, vous verrez les coordonn\u00e9es divis\u00e9es par champs. Cliquez sur &#8220;\u00c9DITER&#8221; pour <\/span><b>modifier le contenu des champs<\/b><span style=\"font-weight: 400;\"> ou remplir les champs vides.<\/span><\/p>\n<p><a href=\"https:\/\/emailchef.com\/wp-content\/uploads\/2021\/08\/Screenshot_92.jpg\" rel=\"lightbox\"><img decoding=\"async\" class=\"alignnone wp-image-47614 size-full\" src=\"https:\/\/emailchef.com\/wp-content\/uploads\/2021\/08\/Screenshot_92.jpg\" alt=\"\" width=\"667\" height=\"672\" \/><\/a><\/p>\n<p><span style=\"font-weight: 400;\">En haut \u00e0 gauche, vous pouvez v\u00e9rifier l&#8217;\u00e9tat de votre contact. Dans cet exemple, le contact est actif (Abonn\u00e9). Avec un clic, <\/span><b>vous pouvez modifier le statut du contact <\/b><span style=\"font-weight: 400;\">(par exemple, d\u00e9sabonner), ou vous pouvez supprimer le contact de la liste.<\/span><\/p>\n<p><a href=\"https:\/\/emailchef.com\/wp-content\/uploads\/2021\/08\/Screenshot_93.jpg\" rel=\"lightbox\"><img decoding=\"async\" class=\"alignnone wp-image-47630 size-full\" src=\"https:\/\/emailchef.com\/wp-content\/uploads\/2021\/08\/Screenshot_93.jpg\" alt=\"\" width=\"668\" height=\"150\" \/><\/a><\/p>\n<p><span style=\"font-weight: 400;\">Sur la droite, vous trouverez <\/span><b>un r\u00e9sum\u00e9 de l&#8217;activit\u00e9 du contact<\/b><span style=\"font-weight: 400;\">. En haut, un rapport affiche les campagnes et les autor\u00e9pondeurs que le contact a re\u00e7ues. Vous pouvez suivre l&#8217;historique de tous les \u00e9v\u00e9nements du contact, tels que les messages livr\u00e9s, ouverts, cliqu\u00e9s, messages rejet\u00e9s, etc.<\/span><\/p>\n<p><a href=\"https:\/\/emailchef.com\/wp-content\/uploads\/2021\/08\/Screenshot_91-1.jpg\" rel=\"lightbox\"><img loading=\"lazy\" decoding=\"async\" class=\"alignnone wp-image-47646 size-full\" src=\"https:\/\/emailchef.com\/wp-content\/uploads\/2021\/08\/Screenshot_91-1.jpg\" alt=\"\" width=\"469\" height=\"742\" \/><\/a><\/p>\n<p><span style=\"font-weight: 400;\">Avec Emailchef vous aurez un <\/span><b>panel d\u00e9taill\u00e9 en temps r\u00e9el des activit\u00e9s r\u00e9alis\u00e9es par vos contacts<\/b><span style=\"font-weight: 400;\">. Le suivi des r\u00e9sultats vous aidera \u00e0 mieux comprendre l&#8217;efficacit\u00e9 de vos campagnes d&#8217;email marketing et \u00e0 apporter des am\u00e9liorations pour augmenter vos taux de conversion.<\/span><\/p>\n<p><span style=\"font-weight: 400;\">Pour en savoir plus sur la zone d&#8217;informations de contact, nous vous sugg\u00e9rons de regarder ce vid\u00e9o:<\/span><\/p>\n<div class=\"lyte-wrapper\" title=\"[EN] Monitor your contacs&amp;#039; detailed data\" style=\"width:640px;max-width:100%;margin:5px;\"><div class=\"lyMe\" id=\"WYL_gliIJh2ln_0\"><div id=\"lyte_gliIJh2ln_0\" data-src=\"https:\/\/emailchef.com\/wp-content\/plugins\/wp-youtube-lyte\/lyteCache.php?origThumbUrl=https%3A%2F%2Fi.ytimg.com%2Fvi%2FgliIJh2ln_0%2Fhqdefault.jpg\" class=\"pL\"><div class=\"tC\"><div class=\"tT\">[EN] Monitor your contacs&#039; detailed data<\/div><\/div><div class=\"play\"><\/div><div class=\"ctrl\"><div class=\"Lctrl\"><\/div><div class=\"Rctrl\"><\/div><\/div><\/div><noscript><a href=\"https:\/\/youtu.be\/gliIJh2ln_0\" rel=\"nofollow\"><img loading=\"lazy\" decoding=\"async\" src=\"https:\/\/emailchef.com\/wp-content\/plugins\/wp-youtube-lyte\/lyteCache.php?origThumbUrl=https%3A%2F%2Fi.ytimg.com%2Fvi%2FgliIJh2ln_0%2F0.jpg\" alt=\"[EN] Monitor your contacs&amp;#039; detailed data\" width=\"640\" height=\"340\" \/><br \/>Lire cette vid\u00e9o sur YouTube<\/a><\/noscript><\/div><\/div><div class=\"lL\" style=\"max-width:100%;width:640px;margin:5px;\"><\/div>\n<div class=\"ec-video-button hide centered\">\n\t<a href=\"https:\/\/youtu.be\/gliIJh2ln_0\" rel=\"prettyPhoto\" title=\"Voir la vid\u00e9o\">Voir la vid\u00e9o <i class=\"fa fa-play-circle fa-2x\"><\/i><\/a>\n<\/div>\n","protected":false},"excerpt":{"rendered":"<p>En cliquant sur chaque abonn\u00e9 dans la liste, vous pouvez acc\u00e9der pour voir leurs donn\u00e9es: Sur la gauche, vous verrez les coordonn\u00e9es divis\u00e9es par champs. Cliquez sur &#8220;\u00c9DITER&#8221; pour modifier le contenu des champs ou remplir les champs vides. En haut \u00e0 gauche, vous pouvez v\u00e9rifier l&#8217;\u00e9tat de votre contact. Dans cet exemple, le contact [&hellip;]<\/p>\n","protected":false},"author":3,"featured_media":0,"parent":1193,"menu_order":0,"comment_status":"closed","ping_status":"closed","template":"","meta":{"_acf_changed":false,"inline_featured_image":false,"footnotes":""},"g1_relation_tag":[],"class_list":["post-1498","page","type-page","status-publish","hentry"],"acf":[],"yoast_head":"<!-- This site is optimized with the Yoast SEO plugin v24.8.1 - https:\/\/yoast.com\/wordpress\/plugins\/seo\/ -->\n<title>Modification des d\u00e9tails d&#039;un seul abonn\u00e9 - Emailchef<\/title>\n<meta name=\"robots\" content=\"index, follow, max-snippet:-1, max-image-preview:large, max-video-preview:-1\" \/>\n<link rel=\"canonical\" href=\"https:\/\/emailchef.com\/fr\/base-de-connaissance\/modification-des-details-dun-seul-abonne\/\" \/>\n<meta name=\"twitter:label1\" content=\"Dur\u00e9e de lecture estim\u00e9e\" \/>\n\t<meta name=\"twitter:data1\" content=\"2 minutes\" \/>\n<!-- \/ Yoast SEO plugin. -->","yoast_head_json":{"title":"Modification des d\u00e9tails d'un seul abonn\u00e9 - Emailchef","robots":{"index":"index","follow":"follow","max-snippet":"max-snippet:-1","max-image-preview":"max-image-preview:large","max-video-preview":"max-video-preview:-1"},"canonical":"https:\/\/emailchef.com\/fr\/base-de-connaissance\/modification-des-details-dun-seul-abonne\/","twitter_misc":{"Dur\u00e9e de lecture estim\u00e9e":"2 minutes"},"schema":{"@context":"https:\/\/schema.org","@graph":[{"@type":"WebPage","@id":"https:\/\/emailchef.com\/fr\/base-de-connaissance\/modification-des-details-dun-seul-abonne\/","url":"https:\/\/emailchef.com\/fr\/base-de-connaissance\/modification-des-details-dun-seul-abonne\/","name":"Modification des d\u00e9tails d'un seul abonn\u00e9 - Emailchef","isPartOf":{"@id":"https:\/\/emailchef.com\/fr\/#website"},"primaryImageOfPage":{"@id":"https:\/\/emailchef.com\/fr\/base-de-connaissance\/modification-des-details-dun-seul-abonne\/#primaryimage"},"image":{"@id":"https:\/\/emailchef.com\/fr\/base-de-connaissance\/modification-des-details-dun-seul-abonne\/#primaryimage"},"thumbnailUrl":"https:\/\/emailchef.com\/wp-content\/uploads\/2021\/08\/Screenshot_90.jpg","datePublished":"2014-09-22T08:22:58+00:00","dateModified":"2021-08-30T14:21:07+00:00","breadcrumb":{"@id":"https:\/\/emailchef.com\/fr\/base-de-connaissance\/modification-des-details-dun-seul-abonne\/#breadcrumb"},"inLanguage":"fr-FR","potentialAction":[{"@type":"ReadAction","target":["https:\/\/emailchef.com\/fr\/base-de-connaissance\/modification-des-details-dun-seul-abonne\/"]}]},{"@type":"ImageObject","inLanguage":"fr-FR","@id":"https:\/\/emailchef.com\/fr\/base-de-connaissance\/modification-des-details-dun-seul-abonne\/#primaryimage","url":"https:\/\/emailchef.com\/wp-content\/uploads\/2021\/08\/Screenshot_90.jpg","contentUrl":"https:\/\/emailchef.com\/wp-content\/uploads\/2021\/08\/Screenshot_90.jpg"},{"@type":"BreadcrumbList","@id":"https:\/\/emailchef.com\/fr\/base-de-connaissance\/modification-des-details-dun-seul-abonne\/#breadcrumb","itemListElement":[{"@type":"ListItem","position":1,"name":"Home","item":"https:\/\/emailchef.com\/fr\/mailchef-email-marketing-emailing-et-envoi-newsletter\/"},{"@type":"ListItem","position":2,"name":"Base de connaissance","item":"https:\/\/emailchef.com\/fr\/base-de-connaissance\/"},{"@type":"ListItem","position":3,"name":"Modification des d\u00e9tails d&rsquo;un seul abonn\u00e9"}]},{"@type":"WebSite","@id":"https:\/\/emailchef.com\/fr\/#website","url":"https:\/\/emailchef.com\/fr\/","name":"Emailchef","description":"Recettes go\u00fbteuses pour vos emails","publisher":{"@id":"https:\/\/emailchef.com\/fr\/#organization"},"potentialAction":[{"@type":"SearchAction","target":{"@type":"EntryPoint","urlTemplate":"https:\/\/emailchef.com\/fr\/?s={search_term_string}"},"query-input":{"@type":"PropertyValueSpecification","valueRequired":true,"valueName":"search_term_string"}}],"inLanguage":"fr-FR"},{"@type":"Organization","@id":"https:\/\/emailchef.com\/fr\/#organization","name":"Delivery Tech Corp.","url":"https:\/\/emailchef.com\/fr\/","logo":{"@type":"ImageObject","inLanguage":"fr-FR","@id":"https:\/\/emailchef.com\/fr\/#\/schema\/logo\/image\/","url":"https:\/\/emailchef.com\/wp-content\/uploads\/2022\/04\/logo-sama.png","contentUrl":"https:\/\/emailchef.com\/wp-content\/uploads\/2022\/04\/logo-sama.png","width":237,"height":80,"caption":"Delivery Tech Corp."},"image":{"@id":"https:\/\/emailchef.com\/fr\/#\/schema\/logo\/image\/"}}]}},"_links":{"self":[{"href":"https:\/\/emailchef.com\/fr\/wp-json\/wp\/v2\/pages\/1498"}],"collection":[{"href":"https:\/\/emailchef.com\/fr\/wp-json\/wp\/v2\/pages"}],"about":[{"href":"https:\/\/emailchef.com\/fr\/wp-json\/wp\/v2\/types\/page"}],"author":[{"embeddable":true,"href":"https:\/\/emailchef.com\/fr\/wp-json\/wp\/v2\/users\/3"}],"replies":[{"embeddable":true,"href":"https:\/\/emailchef.com\/fr\/wp-json\/wp\/v2\/comments?post=1498"}],"version-history":[{"count":7,"href":"https:\/\/emailchef.com\/fr\/wp-json\/wp\/v2\/pages\/1498\/revisions"}],"predecessor-version":[{"id":47662,"href":"https:\/\/emailchef.com\/fr\/wp-json\/wp\/v2\/pages\/1498\/revisions\/47662"}],"up":[{"embeddable":true,"href":"https:\/\/emailchef.com\/fr\/wp-json\/wp\/v2\/pages\/1193"}],"wp:attachment":[{"href":"https:\/\/emailchef.com\/fr\/wp-json\/wp\/v2\/media?parent=1498"}],"wp:term":[{"taxonomy":"g1_relation_tag","embeddable":true,"href":"https:\/\/emailchef.com\/fr\/wp-json\/wp\/v2\/g1_relation_tag?post=1498"}],"curies":[{"name":"wp","href":"https:\/\/api.w.org\/{rel}","templated":true}]}}