{"id":1496,"date":"2014-09-22T08:22:27","date_gmt":"2014-09-22T08:22:27","guid":{"rendered":"http:\/\/emailchef.com\/?page_id=1496"},"modified":"2021-08-30T14:13:47","modified_gmt":"2021-08-30T14:13:47","slug":"gestion-des-listes-existantes","status":"publish","type":"page","link":"https:\/\/emailchef.com\/fr\/base-de-connaissance\/gestion-des-listes-existantes\/","title":{"rendered":"Gestion des listes existantes"},"content":{"rendered":"<p><span style=\"font-weight: 400;\">Une fois que vous avez cr\u00e9\u00e9 une ou plusieurs listes, vous pourrez voir tous vos contacts sur la <\/span><b>page de gestion des contacts.<\/b><\/p>\n<p><a href=\"https:\/\/emailchef.com\/wp-content\/uploads\/2021\/06\/Screenshot_82.jpg\" rel=\"lightbox\"><img fetchpriority=\"high\" decoding=\"async\" class=\"alignnone wp-image-41480 size-full\" src=\"https:\/\/emailchef.com\/wp-content\/uploads\/2021\/06\/Screenshot_82.jpg\" alt=\"\" width=\"1462\" height=\"443\" srcset=\"https:\/\/emailchef.com\/wp-content\/uploads\/2021\/06\/Screenshot_82.jpg 1462w, https:\/\/emailchef.com\/wp-content\/uploads\/2021\/06\/Screenshot_82-300x91.jpg 300w, https:\/\/emailchef.com\/wp-content\/uploads\/2021\/06\/Screenshot_82-768x233.jpg 768w, https:\/\/emailchef.com\/wp-content\/uploads\/2021\/06\/Screenshot_82-1024x310.jpg 1024w, https:\/\/emailchef.com\/wp-content\/uploads\/2021\/06\/Screenshot_82-968x293.jpg 968w, https:\/\/emailchef.com\/wp-content\/uploads\/2021\/06\/Screenshot_82-636x193.jpg 636w, https:\/\/emailchef.com\/wp-content\/uploads\/2021\/06\/Screenshot_82-320x97.jpg 320w, https:\/\/emailchef.com\/wp-content\/uploads\/2021\/06\/Screenshot_82-239x72.jpg 239w\" sizes=\"(max-width: 1462px) 100vw, 1462px\" \/><\/a><\/p>\n<p><span style=\"font-weight: 400;\">Cliquez sur le nom de la liste que vous souhaitez g\u00e9rer.<\/span><\/p>\n<p><a href=\"https:\/\/emailchef.com\/wp-content\/uploads\/2021\/06\/Screenshot_83.jpg\" rel=\"lightbox\"><img decoding=\"async\" class=\"alignnone wp-image-41496 size-full\" src=\"https:\/\/emailchef.com\/wp-content\/uploads\/2021\/06\/Screenshot_83.jpg\" alt=\"\" width=\"1216\" height=\"737\" srcset=\"https:\/\/emailchef.com\/wp-content\/uploads\/2021\/06\/Screenshot_83.jpg 1216w, https:\/\/emailchef.com\/wp-content\/uploads\/2021\/06\/Screenshot_83-300x182.jpg 300w, https:\/\/emailchef.com\/wp-content\/uploads\/2021\/06\/Screenshot_83-768x465.jpg 768w, https:\/\/emailchef.com\/wp-content\/uploads\/2021\/06\/Screenshot_83-1024x621.jpg 1024w, https:\/\/emailchef.com\/wp-content\/uploads\/2021\/06\/Screenshot_83-968x587.jpg 968w, https:\/\/emailchef.com\/wp-content\/uploads\/2021\/06\/Screenshot_83-636x385.jpg 636w, https:\/\/emailchef.com\/wp-content\/uploads\/2021\/06\/Screenshot_83-320x194.jpg 320w, https:\/\/emailchef.com\/wp-content\/uploads\/2021\/06\/Screenshot_83-239x145.jpg 239w\" sizes=\"(max-width: 1216px) 100vw, 1216px\" \/><\/a><\/p>\n<p><span style=\"font-weight: 400;\">Les adresses sont montr\u00e9es par d\u00e9faut dans une liste de dix contacts, et affichant leurs donn\u00e9es principales. Cliquez sur<\/span><b> l&#8217;ic\u00f4ne de filtre<\/b><span style=\"font-weight: 400;\"> en haut \u00e0 droite pour s\u00e9lectionner les champs que vous souhaitez afficher dans votre liste.<\/span><\/p>\n<p><a href=\"https:\/\/emailchef.com\/wp-content\/uploads\/2021\/08\/Screenshot_84.jpg\" rel=\"lightbox\"><img decoding=\"async\" class=\"alignnone wp-image-47484 size-full\" src=\"https:\/\/emailchef.com\/wp-content\/uploads\/2021\/08\/Screenshot_84.jpg\" alt=\"\" width=\"1216\" height=\"737\" \/><\/a><\/p>\n<p><span style=\"font-weight: 400;\">Le bouton \u00e0 c\u00f4t\u00e9 de l&#8217;ic\u00f4ne de filtre vous montre des <\/span><b>graphiques sur le classement global de votre liste <\/b><span style=\"font-weight: 400;\">et <\/span><b>la tendance des abonnements.<\/b><\/p>\n<p><a href=\"https:\/\/emailchef.com\/wp-content\/uploads\/2021\/08\/Screenshot_85.jpg\" rel=\"lightbox\"><img loading=\"lazy\" decoding=\"async\" class=\"alignnone wp-image-47500 size-full\" src=\"https:\/\/emailchef.com\/wp-content\/uploads\/2021\/08\/Screenshot_85.jpg\" alt=\"\" width=\"1207\" height=\"669\" \/><\/a><\/p>\n<p><span style=\"font-weight: 400;\">En haut \u00e0 droite de la page, il y a un <\/span><b>champ de recherche<\/b><span style=\"font-weight: 400;\"> pour vous aider \u00e0 trouver un contact sp\u00e9cifique sur votre liste.<\/span><\/p>\n<p><a href=\"https:\/\/emailchef.com\/wp-content\/uploads\/2021\/08\/Screenshot_86.jpg\" rel=\"lightbox\"><img loading=\"lazy\" decoding=\"async\" class=\"alignnone wp-image-47516 size-full\" src=\"https:\/\/emailchef.com\/wp-content\/uploads\/2021\/08\/Screenshot_86.jpg\" alt=\"\" width=\"1211\" height=\"709\" \/><\/a><\/p>\n<p><span style=\"font-weight: 400;\">Les contacts dans la liste sont divis\u00e9s en diff\u00e9rents onglets. Le premier onglet affiche uniquement les <\/span><b>contacts &#8220;actifs\u201d<\/b><span style=\"font-weight: 400;\"> (abonn\u00e9s). Les onglets suivants affichent la liste des contacts <\/span><b>d\u00e9sabonn\u00e9s, rejet\u00e9s (bounced) et les contacts qui ont signal\u00e9 votre message comme spam (rapport\u00e9).<\/b><\/p>\n<p><a href=\"https:\/\/emailchef.com\/wp-content\/uploads\/2021\/08\/Screenshot_87.jpg\" rel=\"lightbox\"><img loading=\"lazy\" decoding=\"async\" class=\"alignnone wp-image-47532 size-full\" src=\"https:\/\/emailchef.com\/wp-content\/uploads\/2021\/08\/Screenshot_87.jpg\" alt=\"\" width=\"1169\" height=\"202\" \/><\/a><\/p>\n<p><span style=\"font-weight: 400;\">Dans l&#8217;onglet \u201cAbonn\u00e9\u201d, les adresses ajout\u00e9es manuellement \u00e0 la<\/span><b> liste noire g\u00e9n\u00e9rale<\/b><span style=\"font-weight: 400;\"> sont marqu\u00e9es en rouge.<\/span><\/p>\n<p><a href=\"https:\/\/emailchef.com\/wp-content\/uploads\/2021\/08\/Screenshot_88.jpg\" rel=\"lightbox\"><img loading=\"lazy\" decoding=\"async\" class=\"alignnone wp-image-47548 size-full\" src=\"https:\/\/emailchef.com\/wp-content\/uploads\/2021\/08\/Screenshot_88.jpg\" alt=\"\" width=\"1168\" height=\"462\" \/><\/a><\/p>\n<p><span style=\"font-weight: 400;\">Dans votre liste, vous pouvez <\/span><b>importer de nouveaux contacts ou les ajouter individuellement<\/b><span style=\"font-weight: 400;\"> en cliquant sur le bouton\u00a0 &#8220;Ajouter des contacts&#8221; en haut \u00e0 gauche.<\/span><\/p>\n<p><a href=\"https:\/\/emailchef.com\/wp-content\/uploads\/2021\/08\/Screenshot_89.jpg\" rel=\"lightbox\"><img loading=\"lazy\" decoding=\"async\" class=\"alignnone wp-image-47564 size-full\" src=\"https:\/\/emailchef.com\/wp-content\/uploads\/2021\/08\/Screenshot_89.jpg\" alt=\"\" width=\"730\" height=\"225\" \/><\/a><\/p>\n","protected":false},"excerpt":{"rendered":"<p>Une fois que vous avez cr\u00e9\u00e9 une ou plusieurs listes, vous pourrez voir tous vos contacts sur la page de gestion des contacts. Cliquez sur le nom de la liste que vous souhaitez g\u00e9rer. Les adresses sont montr\u00e9es par d\u00e9faut dans une liste de dix contacts, et affichant leurs donn\u00e9es principales. Cliquez sur l&#8217;ic\u00f4ne de [&hellip;]<\/p>\n","protected":false},"author":3,"featured_media":0,"parent":1193,"menu_order":0,"comment_status":"closed","ping_status":"closed","template":"","meta":{"_acf_changed":false,"inline_featured_image":false,"footnotes":""},"g1_relation_tag":[],"class_list":["post-1496","page","type-page","status-publish","hentry"],"acf":[],"yoast_head":"<!-- This site is optimized with the Yoast SEO plugin v24.8.1 - https:\/\/yoast.com\/wordpress\/plugins\/seo\/ -->\n<title>Gestion des listes existantes - Emailchef<\/title>\n<meta name=\"robots\" content=\"index, follow, max-snippet:-1, max-image-preview:large, max-video-preview:-1\" \/>\n<link rel=\"canonical\" href=\"https:\/\/emailchef.com\/fr\/base-de-connaissance\/gestion-des-listes-existantes\/\" \/>\n<meta name=\"twitter:label1\" content=\"Dur\u00e9e de lecture estim\u00e9e\" \/>\n\t<meta name=\"twitter:data1\" content=\"3 minutes\" \/>\n<!-- \/ Yoast SEO plugin. -->","yoast_head_json":{"title":"Gestion des listes existantes - Emailchef","robots":{"index":"index","follow":"follow","max-snippet":"max-snippet:-1","max-image-preview":"max-image-preview:large","max-video-preview":"max-video-preview:-1"},"canonical":"https:\/\/emailchef.com\/fr\/base-de-connaissance\/gestion-des-listes-existantes\/","twitter_misc":{"Dur\u00e9e de lecture estim\u00e9e":"3 minutes"},"schema":{"@context":"https:\/\/schema.org","@graph":[{"@type":"WebPage","@id":"https:\/\/emailchef.com\/fr\/base-de-connaissance\/gestion-des-listes-existantes\/","url":"https:\/\/emailchef.com\/fr\/base-de-connaissance\/gestion-des-listes-existantes\/","name":"Gestion des listes existantes - Emailchef","isPartOf":{"@id":"https:\/\/emailchef.com\/fr\/#website"},"primaryImageOfPage":{"@id":"https:\/\/emailchef.com\/fr\/base-de-connaissance\/gestion-des-listes-existantes\/#primaryimage"},"image":{"@id":"https:\/\/emailchef.com\/fr\/base-de-connaissance\/gestion-des-listes-existantes\/#primaryimage"},"thumbnailUrl":"https:\/\/emailchef.com\/wp-content\/uploads\/2021\/06\/Screenshot_82.jpg","datePublished":"2014-09-22T08:22:27+00:00","dateModified":"2021-08-30T14:13:47+00:00","breadcrumb":{"@id":"https:\/\/emailchef.com\/fr\/base-de-connaissance\/gestion-des-listes-existantes\/#breadcrumb"},"inLanguage":"fr-FR","potentialAction":[{"@type":"ReadAction","target":["https:\/\/emailchef.com\/fr\/base-de-connaissance\/gestion-des-listes-existantes\/"]}]},{"@type":"ImageObject","inLanguage":"fr-FR","@id":"https:\/\/emailchef.com\/fr\/base-de-connaissance\/gestion-des-listes-existantes\/#primaryimage","url":"https:\/\/emailchef.com\/wp-content\/uploads\/2021\/06\/Screenshot_82.jpg","contentUrl":"https:\/\/emailchef.com\/wp-content\/uploads\/2021\/06\/Screenshot_82.jpg"},{"@type":"BreadcrumbList","@id":"https:\/\/emailchef.com\/fr\/base-de-connaissance\/gestion-des-listes-existantes\/#breadcrumb","itemListElement":[{"@type":"ListItem","position":1,"name":"Home","item":"https:\/\/emailchef.com\/fr\/mailchef-email-marketing-emailing-et-envoi-newsletter\/"},{"@type":"ListItem","position":2,"name":"Base de connaissance","item":"https:\/\/emailchef.com\/fr\/base-de-connaissance\/"},{"@type":"ListItem","position":3,"name":"Gestion des listes existantes"}]},{"@type":"WebSite","@id":"https:\/\/emailchef.com\/fr\/#website","url":"https:\/\/emailchef.com\/fr\/","name":"Emailchef","description":"Recettes go\u00fbteuses pour vos emails","publisher":{"@id":"https:\/\/emailchef.com\/fr\/#organization"},"potentialAction":[{"@type":"SearchAction","target":{"@type":"EntryPoint","urlTemplate":"https:\/\/emailchef.com\/fr\/?s={search_term_string}"},"query-input":{"@type":"PropertyValueSpecification","valueRequired":true,"valueName":"search_term_string"}}],"inLanguage":"fr-FR"},{"@type":"Organization","@id":"https:\/\/emailchef.com\/fr\/#organization","name":"Delivery Tech Corp.","url":"https:\/\/emailchef.com\/fr\/","logo":{"@type":"ImageObject","inLanguage":"fr-FR","@id":"https:\/\/emailchef.com\/fr\/#\/schema\/logo\/image\/","url":"https:\/\/emailchef.com\/wp-content\/uploads\/2022\/04\/logo-sama.png","contentUrl":"https:\/\/emailchef.com\/wp-content\/uploads\/2022\/04\/logo-sama.png","width":237,"height":80,"caption":"Delivery Tech Corp."},"image":{"@id":"https:\/\/emailchef.com\/fr\/#\/schema\/logo\/image\/"}}]}},"_links":{"self":[{"href":"https:\/\/emailchef.com\/fr\/wp-json\/wp\/v2\/pages\/1496"}],"collection":[{"href":"https:\/\/emailchef.com\/fr\/wp-json\/wp\/v2\/pages"}],"about":[{"href":"https:\/\/emailchef.com\/fr\/wp-json\/wp\/v2\/types\/page"}],"author":[{"embeddable":true,"href":"https:\/\/emailchef.com\/fr\/wp-json\/wp\/v2\/users\/3"}],"replies":[{"embeddable":true,"href":"https:\/\/emailchef.com\/fr\/wp-json\/wp\/v2\/comments?post=1496"}],"version-history":[{"count":8,"href":"https:\/\/emailchef.com\/fr\/wp-json\/wp\/v2\/pages\/1496\/revisions"}],"predecessor-version":[{"id":47580,"href":"https:\/\/emailchef.com\/fr\/wp-json\/wp\/v2\/pages\/1496\/revisions\/47580"}],"up":[{"embeddable":true,"href":"https:\/\/emailchef.com\/fr\/wp-json\/wp\/v2\/pages\/1193"}],"wp:attachment":[{"href":"https:\/\/emailchef.com\/fr\/wp-json\/wp\/v2\/media?parent=1496"}],"wp:term":[{"taxonomy":"g1_relation_tag","embeddable":true,"href":"https:\/\/emailchef.com\/fr\/wp-json\/wp\/v2\/g1_relation_tag?post=1496"}],"curies":[{"name":"wp","href":"https:\/\/api.w.org\/{rel}","templated":true}]}}