{"id":1492,"date":"2014-09-22T08:21:26","date_gmt":"2014-09-22T08:21:26","guid":{"rendered":"http:\/\/emailchef.com\/?page_id=1492"},"modified":"2014-10-27T09:08:32","modified_gmt":"2014-10-27T09:08:32","slug":"quel-type-dadresses-vous-pouvez-ajouter-votre-liste","status":"publish","type":"page","link":"https:\/\/emailchef.com\/fr\/base-de-connaissance\/quel-type-dadresses-vous-pouvez-ajouter-votre-liste\/","title":{"rendered":"Quel type d&#8217;adresses vous pouvez ajouter \u00e0 votre liste"},"content":{"rendered":"<p>Comme nous avons pr\u00e9cis\u00e9 ci-dessus, toutes les adresses qui ont \u00e9t\u00e9 recueillies par des <b>m\u00e9thodes opt-in<\/b>, obtenant ainsi la permission des destinataires pour leur envoyer votre communication. Quelques exemples:<\/p>\n<ul>\n<li>contacts collect\u00e9es via un formulaire d&#8217;inscription sur votre site;<\/li>\n<li>contacts collect\u00e9es via un formulaire opt-in \u00e0 un salon;<\/li>\n<li>contacts recueillies \u00e0 l&#8217;aide d&#8217;une carte qui explique votre service de newsletter dans votre boutique.<\/li>\n<\/ul>\n<p>Dans tous les cas, ce qui est crucial, c&#8217;est que l&#8217;utilisateur a <b>exprim\u00e9 activement son intention de recevoir vos emails<\/b>. Listes lou\u00e9es et achet\u00e9es ne sont jamais autoris\u00e9es.<\/p>\n","protected":false},"excerpt":{"rendered":"<p>Comme nous avons pr\u00e9cis\u00e9 ci-dessus, toutes les adresses qui ont \u00e9t\u00e9 recueillies par des m\u00e9thodes opt-in, obtenant ainsi la permission des destinataires pour leur envoyer votre communication. Quelques exemples: contacts collect\u00e9es via un formulaire d&#8217;inscription sur votre site; contacts collect\u00e9es via un formulaire opt-in \u00e0 un salon; contacts recueillies \u00e0 l&#8217;aide d&#8217;une carte qui explique [&hellip;]<\/p>\n","protected":false},"author":3,"featured_media":0,"parent":1193,"menu_order":0,"comment_status":"closed","ping_status":"closed","template":"","meta":{"_acf_changed":false,"inline_featured_image":false,"footnotes":""},"g1_relation_tag":[],"class_list":["post-1492","page","type-page","status-publish","hentry"],"acf":[],"yoast_head":"<!-- This site is optimized with the Yoast SEO plugin v24.8.1 - https:\/\/yoast.com\/wordpress\/plugins\/seo\/ -->\n<title>Quel type d&#039;adresses vous pouvez ajouter \u00e0 votre liste - Emailchef<\/title>\n<meta name=\"robots\" content=\"index, follow, max-snippet:-1, max-image-preview:large, max-video-preview:-1\" \/>\n<link rel=\"canonical\" href=\"https:\/\/emailchef.com\/fr\/base-de-connaissance\/quel-type-dadresses-vous-pouvez-ajouter-votre-liste\/\" \/>\n<!-- \/ Yoast SEO plugin. -->","yoast_head_json":{"title":"Quel type d'adresses vous pouvez ajouter \u00e0 votre liste - Emailchef","robots":{"index":"index","follow":"follow","max-snippet":"max-snippet:-1","max-image-preview":"max-image-preview:large","max-video-preview":"max-video-preview:-1"},"canonical":"https:\/\/emailchef.com\/fr\/base-de-connaissance\/quel-type-dadresses-vous-pouvez-ajouter-votre-liste\/","schema":{"@context":"https:\/\/schema.org","@graph":[{"@type":"WebPage","@id":"https:\/\/emailchef.com\/fr\/base-de-connaissance\/quel-type-dadresses-vous-pouvez-ajouter-votre-liste\/","url":"https:\/\/emailchef.com\/fr\/base-de-connaissance\/quel-type-dadresses-vous-pouvez-ajouter-votre-liste\/","name":"Quel type d'adresses vous pouvez ajouter \u00e0 votre liste - Emailchef","isPartOf":{"@id":"https:\/\/emailchef.com\/fr\/#website"},"datePublished":"2014-09-22T08:21:26+00:00","dateModified":"2014-10-27T09:08:32+00:00","breadcrumb":{"@id":"https:\/\/emailchef.com\/fr\/base-de-connaissance\/quel-type-dadresses-vous-pouvez-ajouter-votre-liste\/#breadcrumb"},"inLanguage":"fr-FR","potentialAction":[{"@type":"ReadAction","target":["https:\/\/emailchef.com\/fr\/base-de-connaissance\/quel-type-dadresses-vous-pouvez-ajouter-votre-liste\/"]}]},{"@type":"BreadcrumbList","@id":"https:\/\/emailchef.com\/fr\/base-de-connaissance\/quel-type-dadresses-vous-pouvez-ajouter-votre-liste\/#breadcrumb","itemListElement":[{"@type":"ListItem","position":1,"name":"Home","item":"https:\/\/emailchef.com\/fr\/mailchef-email-marketing-emailing-et-envoi-newsletter\/"},{"@type":"ListItem","position":2,"name":"Base de connaissance","item":"https:\/\/emailchef.com\/fr\/base-de-connaissance\/"},{"@type":"ListItem","position":3,"name":"Quel type d&rsquo;adresses vous pouvez ajouter \u00e0 votre liste"}]},{"@type":"WebSite","@id":"https:\/\/emailchef.com\/fr\/#website","url":"https:\/\/emailchef.com\/fr\/","name":"Emailchef","description":"Recettes go\u00fbteuses pour vos emails","publisher":{"@id":"https:\/\/emailchef.com\/fr\/#organization"},"potentialAction":[{"@type":"SearchAction","target":{"@type":"EntryPoint","urlTemplate":"https:\/\/emailchef.com\/fr\/?s={search_term_string}"},"query-input":{"@type":"PropertyValueSpecification","valueRequired":true,"valueName":"search_term_string"}}],"inLanguage":"fr-FR"},{"@type":"Organization","@id":"https:\/\/emailchef.com\/fr\/#organization","name":"Delivery Tech Corp.","url":"https:\/\/emailchef.com\/fr\/","logo":{"@type":"ImageObject","inLanguage":"fr-FR","@id":"https:\/\/emailchef.com\/fr\/#\/schema\/logo\/image\/","url":"https:\/\/emailchef.com\/wp-content\/uploads\/2022\/04\/logo-sama.png","contentUrl":"https:\/\/emailchef.com\/wp-content\/uploads\/2022\/04\/logo-sama.png","width":237,"height":80,"caption":"Delivery Tech Corp."},"image":{"@id":"https:\/\/emailchef.com\/fr\/#\/schema\/logo\/image\/"}}]}},"_links":{"self":[{"href":"https:\/\/emailchef.com\/fr\/wp-json\/wp\/v2\/pages\/1492"}],"collection":[{"href":"https:\/\/emailchef.com\/fr\/wp-json\/wp\/v2\/pages"}],"about":[{"href":"https:\/\/emailchef.com\/fr\/wp-json\/wp\/v2\/types\/page"}],"author":[{"embeddable":true,"href":"https:\/\/emailchef.com\/fr\/wp-json\/wp\/v2\/users\/3"}],"replies":[{"embeddable":true,"href":"https:\/\/emailchef.com\/fr\/wp-json\/wp\/v2\/comments?post=1492"}],"version-history":[{"count":1,"href":"https:\/\/emailchef.com\/fr\/wp-json\/wp\/v2\/pages\/1492\/revisions"}],"predecessor-version":[{"id":1493,"href":"https:\/\/emailchef.com\/fr\/wp-json\/wp\/v2\/pages\/1492\/revisions\/1493"}],"up":[{"embeddable":true,"href":"https:\/\/emailchef.com\/fr\/wp-json\/wp\/v2\/pages\/1193"}],"wp:attachment":[{"href":"https:\/\/emailchef.com\/fr\/wp-json\/wp\/v2\/media?parent=1492"}],"wp:term":[{"taxonomy":"g1_relation_tag","embeddable":true,"href":"https:\/\/emailchef.com\/fr\/wp-json\/wp\/v2\/g1_relation_tag?post=1492"}],"curies":[{"name":"wp","href":"https:\/\/api.w.org\/{rel}","templated":true}]}}