{"id":1490,"date":"2014-09-22T08:20:49","date_gmt":"2014-09-22T08:20:49","guid":{"rendered":"http:\/\/emailchef.com\/?page_id=1490"},"modified":"2024-04-18T07:58:11","modified_gmt":"2024-04-18T07:58:11","slug":"comment-creer-une-nouvelle-liste","status":"publish","type":"page","link":"https:\/\/emailchef.com\/fr\/base-de-connaissance\/comment-creer-une-nouvelle-liste\/","title":{"rendered":"Comment cr\u00e9er une nouvelle liste"},"content":{"rendered":"<p>Pour cr\u00e9er une nouvelle liste d&#8217;e-mails avec Emailchef, cliquez sur <em>Listes et segments<\/em> dans le menu lat\u00e9ral gauche, et vous acc\u00e9derez \u00e0 la page de gestion des listes.<\/p>\n<p>Maintenant, cliquez sur <em>Cr\u00e9er une nouvelle liste<\/em>, donnez un nom \u00e0 la nouvelle liste et, si vous le souhaitez, ajoutez une description. <\/p>\n<p>Notre conseil est d&#8217;utiliser des noms qui vous aident \u00e0 identifier facilement votre liste.<\/p>\n<p><a href=\"https:\/\/emailchef.com\/wp-content\/uploads\/2024\/04\/comment-creer-une-nouvelle-liste-1.png\" rel=\"lightbox\" title=\"Comment cr\u00e9er une nouvelle liste\"><img decoding=\"async\" src=\"https:\/\/emailchef.com\/wp-content\/uploads\/2024\/04\/comment-creer-une-nouvelle-liste-1.png\" alt=\"Comment cr\u00e9er une nouvelle liste\" \/><\/a><\/p>\n<p>Maintenant, cochez les deux cases imm\u00e9diatement ci-dessous pour certifier que votre liste respecte notre <strong>politique anti-spam et de protection de la vie priv\u00e9e<\/strong>.<\/p>\n<p><a href=\"https:\/\/emailchef.com\/wp-content\/uploads\/2024\/04\/comment-creer-une-nouvelle-liste-2.png\" rel=\"lightbox\" title=\"Politique anti-spam et de protection de la vie priv\u00e9e\"><img decoding=\"async\" src=\"https:\/\/emailchef.com\/wp-content\/uploads\/2024\/04\/comment-creer-une-nouvelle-liste-2.png\" alt=\"Politique anti-spam et de protection de la vie priv\u00e9e\" \/><\/a><\/p>\n<p>Veuillez noter que vous ne pouvez ajouter que des contacts ayant explicitement consenti \u00e0 recevoir vos e-mails, tels que les contacts collect\u00e9s via un formulaire d&#8217;inscription sur votre site web. <\/p>\n<p><strong>L&#8217;utilisation de listes de contacts achet\u00e9es ou lou\u00e9es n&#8217;est pas autoris\u00e9e.<\/strong><\/p>\n","protected":false},"excerpt":{"rendered":"<p>Pour cr\u00e9er une nouvelle liste d&#8217;e-mails avec Emailchef, cliquez sur Listes et segments dans le menu lat\u00e9ral gauche, et vous acc\u00e9derez \u00e0 la page de gestion des listes. Maintenant, cliquez sur Cr\u00e9er une nouvelle liste, donnez un nom \u00e0 la nouvelle liste et, si vous le souhaitez, ajoutez une description. Notre conseil est d&#8217;utiliser des [&hellip;]<\/p>\n","protected":false},"author":3,"featured_media":0,"parent":1193,"menu_order":0,"comment_status":"closed","ping_status":"closed","template":"","meta":{"_acf_changed":false,"inline_featured_image":false,"footnotes":""},"g1_relation_tag":[],"class_list":["post-1490","page","type-page","status-publish","hentry"],"acf":[],"yoast_head":"<!-- This site is optimized with the Yoast SEO plugin v24.8.1 - https:\/\/yoast.com\/wordpress\/plugins\/seo\/ -->\n<title>Comment cr\u00e9er une nouvelle liste - Emailchef<\/title>\n<meta name=\"robots\" content=\"index, follow, max-snippet:-1, max-image-preview:large, max-video-preview:-1\" \/>\n<link rel=\"canonical\" href=\"https:\/\/emailchef.com\/fr\/base-de-connaissance\/comment-creer-une-nouvelle-liste\/\" \/>\n<meta name=\"twitter:label1\" content=\"Dur\u00e9e de lecture estim\u00e9e\" \/>\n\t<meta name=\"twitter:data1\" content=\"1 minute\" \/>\n<!-- \/ Yoast SEO plugin. -->","yoast_head_json":{"title":"Comment cr\u00e9er une nouvelle liste - Emailchef","robots":{"index":"index","follow":"follow","max-snippet":"max-snippet:-1","max-image-preview":"max-image-preview:large","max-video-preview":"max-video-preview:-1"},"canonical":"https:\/\/emailchef.com\/fr\/base-de-connaissance\/comment-creer-une-nouvelle-liste\/","twitter_misc":{"Dur\u00e9e de lecture estim\u00e9e":"1 minute"},"schema":{"@context":"https:\/\/schema.org","@graph":[{"@type":"WebPage","@id":"https:\/\/emailchef.com\/fr\/base-de-connaissance\/comment-creer-une-nouvelle-liste\/","url":"https:\/\/emailchef.com\/fr\/base-de-connaissance\/comment-creer-une-nouvelle-liste\/","name":"Comment cr\u00e9er une nouvelle liste - Emailchef","isPartOf":{"@id":"https:\/\/emailchef.com\/fr\/#website"},"primaryImageOfPage":{"@id":"https:\/\/emailchef.com\/fr\/base-de-connaissance\/comment-creer-une-nouvelle-liste\/#primaryimage"},"image":{"@id":"https:\/\/emailchef.com\/fr\/base-de-connaissance\/comment-creer-une-nouvelle-liste\/#primaryimage"},"thumbnailUrl":"https:\/\/emailchef.com\/wp-content\/uploads\/2024\/04\/comment-creer-une-nouvelle-liste-1.png","datePublished":"2014-09-22T08:20:49+00:00","dateModified":"2024-04-18T07:58:11+00:00","breadcrumb":{"@id":"https:\/\/emailchef.com\/fr\/base-de-connaissance\/comment-creer-une-nouvelle-liste\/#breadcrumb"},"inLanguage":"fr-FR","potentialAction":[{"@type":"ReadAction","target":["https:\/\/emailchef.com\/fr\/base-de-connaissance\/comment-creer-une-nouvelle-liste\/"]}]},{"@type":"ImageObject","inLanguage":"fr-FR","@id":"https:\/\/emailchef.com\/fr\/base-de-connaissance\/comment-creer-une-nouvelle-liste\/#primaryimage","url":"https:\/\/emailchef.com\/wp-content\/uploads\/2024\/04\/comment-creer-une-nouvelle-liste-1.png","contentUrl":"https:\/\/emailchef.com\/wp-content\/uploads\/2024\/04\/comment-creer-une-nouvelle-liste-1.png"},{"@type":"BreadcrumbList","@id":"https:\/\/emailchef.com\/fr\/base-de-connaissance\/comment-creer-une-nouvelle-liste\/#breadcrumb","itemListElement":[{"@type":"ListItem","position":1,"name":"Home","item":"https:\/\/emailchef.com\/fr\/mailchef-email-marketing-emailing-et-envoi-newsletter\/"},{"@type":"ListItem","position":2,"name":"Base de connaissance","item":"https:\/\/emailchef.com\/fr\/base-de-connaissance\/"},{"@type":"ListItem","position":3,"name":"Comment cr\u00e9er une nouvelle liste"}]},{"@type":"WebSite","@id":"https:\/\/emailchef.com\/fr\/#website","url":"https:\/\/emailchef.com\/fr\/","name":"Emailchef","description":"Recettes go\u00fbteuses pour vos emails","publisher":{"@id":"https:\/\/emailchef.com\/fr\/#organization"},"potentialAction":[{"@type":"SearchAction","target":{"@type":"EntryPoint","urlTemplate":"https:\/\/emailchef.com\/fr\/?s={search_term_string}"},"query-input":{"@type":"PropertyValueSpecification","valueRequired":true,"valueName":"search_term_string"}}],"inLanguage":"fr-FR"},{"@type":"Organization","@id":"https:\/\/emailchef.com\/fr\/#organization","name":"Delivery Tech Corp.","url":"https:\/\/emailchef.com\/fr\/","logo":{"@type":"ImageObject","inLanguage":"fr-FR","@id":"https:\/\/emailchef.com\/fr\/#\/schema\/logo\/image\/","url":"https:\/\/emailchef.com\/wp-content\/uploads\/2022\/04\/logo-sama.png","contentUrl":"https:\/\/emailchef.com\/wp-content\/uploads\/2022\/04\/logo-sama.png","width":237,"height":80,"caption":"Delivery Tech Corp."},"image":{"@id":"https:\/\/emailchef.com\/fr\/#\/schema\/logo\/image\/"}}]}},"_links":{"self":[{"href":"https:\/\/emailchef.com\/fr\/wp-json\/wp\/v2\/pages\/1490"}],"collection":[{"href":"https:\/\/emailchef.com\/fr\/wp-json\/wp\/v2\/pages"}],"about":[{"href":"https:\/\/emailchef.com\/fr\/wp-json\/wp\/v2\/types\/page"}],"author":[{"embeddable":true,"href":"https:\/\/emailchef.com\/fr\/wp-json\/wp\/v2\/users\/3"}],"replies":[{"embeddable":true,"href":"https:\/\/emailchef.com\/fr\/wp-json\/wp\/v2\/comments?post=1490"}],"version-history":[{"count":7,"href":"https:\/\/emailchef.com\/fr\/wp-json\/wp\/v2\/pages\/1490\/revisions"}],"predecessor-version":[{"id":73287,"href":"https:\/\/emailchef.com\/fr\/wp-json\/wp\/v2\/pages\/1490\/revisions\/73287"}],"up":[{"embeddable":true,"href":"https:\/\/emailchef.com\/fr\/wp-json\/wp\/v2\/pages\/1193"}],"wp:attachment":[{"href":"https:\/\/emailchef.com\/fr\/wp-json\/wp\/v2\/media?parent=1490"}],"wp:term":[{"taxonomy":"g1_relation_tag","embeddable":true,"href":"https:\/\/emailchef.com\/fr\/wp-json\/wp\/v2\/g1_relation_tag?post=1490"}],"curies":[{"name":"wp","href":"https:\/\/api.w.org\/{rel}","templated":true}]}}