{"id":1488,"date":"2014-09-22T08:20:02","date_gmt":"2014-09-22T08:20:02","guid":{"rendered":"http:\/\/emailchef.com\/?page_id=1488"},"modified":"2021-05-25T13:42:19","modified_gmt":"2021-05-25T13:42:19","slug":"quest-ce-quune-liste-demails","status":"publish","type":"page","link":"https:\/\/emailchef.com\/fr\/base-de-connaissance\/quest-ce-quune-liste-demails\/","title":{"rendered":"Qu&#8217;est-ce qu&#8217;une liste d&#8217;emails"},"content":{"rendered":"<p>Une<b> liste d&#8217;emails<\/b>\u00a0ou mailing list est un groupe d&#8217;adresses \u00e9lectroniques auxquelles vous envoyez vos messages.<\/p>\n<p>Avec Emailchef vous pouvez cr\u00e9er et g\u00e9rer des <b>listes illimit\u00e9es<\/b>, et les segmenter en petits morceaux.<\/p>\n<p>S&#8217;il vous pla\u00eet notez que nous consid\u00e9rons une liste d&#8217;emails valide et conforme \u00e0 nos r\u00e8gles seulement si elle est <b>compos\u00e9e par des contacts qui ont donn\u00e9 la permission <\/b>de recevoir vos newsletters.<\/p>\n","protected":false},"excerpt":{"rendered":"<p>Une liste d&#8217;emails\u00a0ou mailing list est un groupe d&#8217;adresses \u00e9lectroniques auxquelles vous envoyez vos messages. Avec Emailchef vous pouvez cr\u00e9er et g\u00e9rer des listes illimit\u00e9es, et les segmenter en petits morceaux. S&#8217;il vous pla\u00eet notez que nous consid\u00e9rons une liste d&#8217;emails valide et conforme \u00e0 nos r\u00e8gles seulement si elle est compos\u00e9e par des contacts [&hellip;]<\/p>\n","protected":false},"author":3,"featured_media":0,"parent":1193,"menu_order":0,"comment_status":"closed","ping_status":"closed","template":"","meta":{"_acf_changed":false,"inline_featured_image":false,"footnotes":""},"g1_relation_tag":[],"class_list":["post-1488","page","type-page","status-publish","hentry"],"acf":[],"yoast_head":"<!-- This site is optimized with the Yoast SEO plugin v24.8.1 - https:\/\/yoast.com\/wordpress\/plugins\/seo\/ -->\n<title>Qu&#039;est-ce qu&#039;une liste d&#039;emails - Emailchef<\/title>\n<meta name=\"description\" content=\"Une liste d&#039;emails est un groupe d&#039;adresses \u00e9lectroniques auxquelles vous envoyez vos messages.\" \/>\n<meta name=\"robots\" content=\"index, follow, max-snippet:-1, max-image-preview:large, max-video-preview:-1\" \/>\n<link rel=\"canonical\" href=\"https:\/\/emailchef.com\/fr\/base-de-connaissance\/quest-ce-quune-liste-demails\/\" \/>\n<!-- \/ Yoast SEO plugin. -->","yoast_head_json":{"title":"Qu'est-ce qu'une liste d'emails - Emailchef","description":"Une liste d'emails est un groupe d'adresses \u00e9lectroniques auxquelles vous envoyez vos messages.","robots":{"index":"index","follow":"follow","max-snippet":"max-snippet:-1","max-image-preview":"max-image-preview:large","max-video-preview":"max-video-preview:-1"},"canonical":"https:\/\/emailchef.com\/fr\/base-de-connaissance\/quest-ce-quune-liste-demails\/","schema":{"@context":"https:\/\/schema.org","@graph":[{"@type":"WebPage","@id":"https:\/\/emailchef.com\/fr\/base-de-connaissance\/quest-ce-quune-liste-demails\/","url":"https:\/\/emailchef.com\/fr\/base-de-connaissance\/quest-ce-quune-liste-demails\/","name":"Qu'est-ce qu'une liste d'emails - Emailchef","isPartOf":{"@id":"https:\/\/emailchef.com\/fr\/#website"},"datePublished":"2014-09-22T08:20:02+00:00","dateModified":"2021-05-25T13:42:19+00:00","description":"Une liste d'emails est un groupe d'adresses \u00e9lectroniques auxquelles vous envoyez vos messages.","breadcrumb":{"@id":"https:\/\/emailchef.com\/fr\/base-de-connaissance\/quest-ce-quune-liste-demails\/#breadcrumb"},"inLanguage":"fr-FR","potentialAction":[{"@type":"ReadAction","target":["https:\/\/emailchef.com\/fr\/base-de-connaissance\/quest-ce-quune-liste-demails\/"]}]},{"@type":"BreadcrumbList","@id":"https:\/\/emailchef.com\/fr\/base-de-connaissance\/quest-ce-quune-liste-demails\/#breadcrumb","itemListElement":[{"@type":"ListItem","position":1,"name":"Home","item":"https:\/\/emailchef.com\/fr\/mailchef-email-marketing-emailing-et-envoi-newsletter\/"},{"@type":"ListItem","position":2,"name":"Base de connaissance","item":"https:\/\/emailchef.com\/fr\/base-de-connaissance\/"},{"@type":"ListItem","position":3,"name":"Qu&rsquo;est-ce qu&rsquo;une liste d&#8217;emails"}]},{"@type":"WebSite","@id":"https:\/\/emailchef.com\/fr\/#website","url":"https:\/\/emailchef.com\/fr\/","name":"Emailchef","description":"Recettes go\u00fbteuses pour vos emails","publisher":{"@id":"https:\/\/emailchef.com\/fr\/#organization"},"potentialAction":[{"@type":"SearchAction","target":{"@type":"EntryPoint","urlTemplate":"https:\/\/emailchef.com\/fr\/?s={search_term_string}"},"query-input":{"@type":"PropertyValueSpecification","valueRequired":true,"valueName":"search_term_string"}}],"inLanguage":"fr-FR"},{"@type":"Organization","@id":"https:\/\/emailchef.com\/fr\/#organization","name":"Delivery Tech Corp.","url":"https:\/\/emailchef.com\/fr\/","logo":{"@type":"ImageObject","inLanguage":"fr-FR","@id":"https:\/\/emailchef.com\/fr\/#\/schema\/logo\/image\/","url":"https:\/\/emailchef.com\/wp-content\/uploads\/2022\/04\/logo-sama.png","contentUrl":"https:\/\/emailchef.com\/wp-content\/uploads\/2022\/04\/logo-sama.png","width":237,"height":80,"caption":"Delivery Tech Corp."},"image":{"@id":"https:\/\/emailchef.com\/fr\/#\/schema\/logo\/image\/"}}]}},"_links":{"self":[{"href":"https:\/\/emailchef.com\/fr\/wp-json\/wp\/v2\/pages\/1488"}],"collection":[{"href":"https:\/\/emailchef.com\/fr\/wp-json\/wp\/v2\/pages"}],"about":[{"href":"https:\/\/emailchef.com\/fr\/wp-json\/wp\/v2\/types\/page"}],"author":[{"embeddable":true,"href":"https:\/\/emailchef.com\/fr\/wp-json\/wp\/v2\/users\/3"}],"replies":[{"embeddable":true,"href":"https:\/\/emailchef.com\/fr\/wp-json\/wp\/v2\/comments?post=1488"}],"version-history":[{"count":2,"href":"https:\/\/emailchef.com\/fr\/wp-json\/wp\/v2\/pages\/1488\/revisions"}],"predecessor-version":[{"id":40786,"href":"https:\/\/emailchef.com\/fr\/wp-json\/wp\/v2\/pages\/1488\/revisions\/40786"}],"up":[{"embeddable":true,"href":"https:\/\/emailchef.com\/fr\/wp-json\/wp\/v2\/pages\/1193"}],"wp:attachment":[{"href":"https:\/\/emailchef.com\/fr\/wp-json\/wp\/v2\/media?parent=1488"}],"wp:term":[{"taxonomy":"g1_relation_tag","embeddable":true,"href":"https:\/\/emailchef.com\/fr\/wp-json\/wp\/v2\/g1_relation_tag?post=1488"}],"curies":[{"name":"wp","href":"https:\/\/api.w.org\/{rel}","templated":true}]}}