{"id":1478,"date":"2014-09-22T08:13:37","date_gmt":"2014-09-22T08:13:37","guid":{"rendered":"http:\/\/emailchef.com\/?page_id=1478"},"modified":"2021-07-27T15:20:59","modified_gmt":"2021-07-27T15:20:59","slug":"la-page-daccueil-de-emailchef","status":"publish","type":"page","link":"https:\/\/emailchef.com\/fr\/base-de-connaissance\/la-page-daccueil-de-emailchef\/","title":{"rendered":"La page d&#8217;accueil de Emailchef"},"content":{"rendered":"<p><span style=\"font-weight: 400;\">Le dashboard de Emailchef affiche les <\/span><b>rapports les plus importants de vos campagnes<\/b><span style=\"font-weight: 400;\"> et listes, ainsi qu&#8217;un r\u00e9sum\u00e9 des<\/span><b> \u00e9v\u00e9nements les plus r\u00e9cents.<\/b><span style=\"font-weight: 400;\"> Vous pouvez voir rapidement l&#8217;activit\u00e9 la plus importante de votre compte.<\/span><\/p>\n<p><a href=\"https:\/\/emailchef.com\/wp-content\/uploads\/2021\/06\/Screenshot_77.jpg\" rel=\"lightbox\"><img fetchpriority=\"high\" decoding=\"async\" class=\"alignnone wp-image-41384 size-full\" src=\"https:\/\/emailchef.com\/wp-content\/uploads\/2021\/06\/Screenshot_77.jpg\" alt=\"\" width=\"1494\" height=\"926\" srcset=\"https:\/\/emailchef.com\/wp-content\/uploads\/2021\/06\/Screenshot_77.jpg 1494w, https:\/\/emailchef.com\/wp-content\/uploads\/2021\/06\/Screenshot_77-300x186.jpg 300w, https:\/\/emailchef.com\/wp-content\/uploads\/2021\/06\/Screenshot_77-768x476.jpg 768w, https:\/\/emailchef.com\/wp-content\/uploads\/2021\/06\/Screenshot_77-1024x635.jpg 1024w, https:\/\/emailchef.com\/wp-content\/uploads\/2021\/06\/Screenshot_77-968x600.jpg 968w, https:\/\/emailchef.com\/wp-content\/uploads\/2021\/06\/Screenshot_77-636x394.jpg 636w, https:\/\/emailchef.com\/wp-content\/uploads\/2021\/06\/Screenshot_77-320x198.jpg 320w, https:\/\/emailchef.com\/wp-content\/uploads\/2021\/06\/Screenshot_77-239x148.jpg 239w\" sizes=\"(max-width: 1494px) 100vw, 1494px\" \/><\/a><\/p>\n<p><span style=\"font-weight: 400;\">En haut se trouvent<\/span><b> les informations principales de votre compte<\/b><span style=\"font-weight: 400;\">, telles que le nom de votre plan actuel et la date d&#8217;expiration. Vous pouvez \u00e9galement voir le nombre de contacts abonn\u00e9s que vous avez dans votre compte et le nombre de messages envoy\u00e9s:<\/span><\/p>\n<p><a href=\"https:\/\/emailchef.com\/wp-content\/uploads\/2021\/06\/Screenshot_78.jpg\" rel=\"lightbox\"><img decoding=\"async\" class=\"alignnone wp-image-41400 size-full\" src=\"https:\/\/emailchef.com\/wp-content\/uploads\/2021\/06\/Screenshot_78.jpg\" alt=\"\" width=\"1216\" height=\"69\" srcset=\"https:\/\/emailchef.com\/wp-content\/uploads\/2021\/06\/Screenshot_78.jpg 1216w, https:\/\/emailchef.com\/wp-content\/uploads\/2021\/06\/Screenshot_78-300x17.jpg 300w, https:\/\/emailchef.com\/wp-content\/uploads\/2021\/06\/Screenshot_78-768x44.jpg 768w, https:\/\/emailchef.com\/wp-content\/uploads\/2021\/06\/Screenshot_78-1024x58.jpg 1024w, https:\/\/emailchef.com\/wp-content\/uploads\/2021\/06\/Screenshot_78-968x55.jpg 968w, https:\/\/emailchef.com\/wp-content\/uploads\/2021\/06\/Screenshot_78-636x36.jpg 636w, https:\/\/emailchef.com\/wp-content\/uploads\/2021\/06\/Screenshot_78-320x18.jpg 320w, https:\/\/emailchef.com\/wp-content\/uploads\/2021\/06\/Screenshot_78-239x14.jpg 239w\" sizes=\"(max-width: 1216px) 100vw, 1216px\" \/><\/a><\/p>\n<p><span style=\"font-weight: 400;\">En bas, le dashboard est divis\u00e9e en trois sections:<\/span><\/p>\n<ol>\n<li><b> SECTION DES CAMPAGNES<\/b><\/li>\n<\/ol>\n<p><span style=\"font-weight: 400;\">Tout d&#8217;abord, vous pourrez voir un r\u00e9sum\u00e9 de votre derni\u00e8re campagne envoy\u00e9e et les rapports. Sur la gauche se trouve un calendrier qui affiche les dates de livraison de vos campagnes ou si vous avez des campagnes planifi\u00e9es. Sur la droite, vous trouverez une liste des campagnes enregistr\u00e9es et\/ou les derniers brouillons avec leurs principales informations.<\/span><\/p>\n<p><a href=\"https:\/\/emailchef.com\/wp-content\/uploads\/2021\/06\/Screenshot_79.jpg\" rel=\"lightbox\"><img decoding=\"async\" class=\"alignnone wp-image-41416 size-full\" src=\"https:\/\/emailchef.com\/wp-content\/uploads\/2021\/06\/Screenshot_79.jpg\" alt=\"\" width=\"1168\" height=\"769\" srcset=\"https:\/\/emailchef.com\/wp-content\/uploads\/2021\/06\/Screenshot_79.jpg 1168w, https:\/\/emailchef.com\/wp-content\/uploads\/2021\/06\/Screenshot_79-300x198.jpg 300w, https:\/\/emailchef.com\/wp-content\/uploads\/2021\/06\/Screenshot_79-768x506.jpg 768w, https:\/\/emailchef.com\/wp-content\/uploads\/2021\/06\/Screenshot_79-1024x674.jpg 1024w, https:\/\/emailchef.com\/wp-content\/uploads\/2021\/06\/Screenshot_79-968x637.jpg 968w, https:\/\/emailchef.com\/wp-content\/uploads\/2021\/06\/Screenshot_79-636x419.jpg 636w, https:\/\/emailchef.com\/wp-content\/uploads\/2021\/06\/Screenshot_79-320x211.jpg 320w, https:\/\/emailchef.com\/wp-content\/uploads\/2021\/06\/Screenshot_79-239x157.jpg 239w\" sizes=\"(max-width: 1168px) 100vw, 1168px\" \/><\/a><\/p>\n<ol start=\"2\">\n<li><b> SECTION LISTES<\/b><\/li>\n<\/ol>\n<p><span style=\"font-weight: 400;\">Dans Listes, vous pouvez voir toutes les informations concernant vos listes les plus r\u00e9centes: nombre de contacts abonn\u00e9s, d\u00e9sabonn\u00e9s, bounced et plaintes de spam.<\/span><\/p>\n<p><a href=\"https:\/\/emailchef.com\/wp-content\/uploads\/2021\/06\/Screenshot_81.jpg\" rel=\"lightbox\"><img loading=\"lazy\" decoding=\"async\" class=\"alignnone wp-image-41432 size-full\" src=\"https:\/\/emailchef.com\/wp-content\/uploads\/2021\/06\/Screenshot_81.jpg\" alt=\"\" width=\"1169\" height=\"365\" srcset=\"https:\/\/emailchef.com\/wp-content\/uploads\/2021\/06\/Screenshot_81.jpg 1169w, https:\/\/emailchef.com\/wp-content\/uploads\/2021\/06\/Screenshot_81-300x94.jpg 300w, https:\/\/emailchef.com\/wp-content\/uploads\/2021\/06\/Screenshot_81-768x240.jpg 768w, https:\/\/emailchef.com\/wp-content\/uploads\/2021\/06\/Screenshot_81-1024x320.jpg 1024w, https:\/\/emailchef.com\/wp-content\/uploads\/2021\/06\/Screenshot_81-968x302.jpg 968w, https:\/\/emailchef.com\/wp-content\/uploads\/2021\/06\/Screenshot_81-636x199.jpg 636w, https:\/\/emailchef.com\/wp-content\/uploads\/2021\/06\/Screenshot_81-320x100.jpg 320w, https:\/\/emailchef.com\/wp-content\/uploads\/2021\/06\/Screenshot_81-239x75.jpg 239w\" sizes=\"(max-width: 1169px) 100vw, 1169px\" \/><\/a><\/p>\n<ol start=\"3\">\n<li><b> SECTION NOUVELLES<\/b><\/li>\n<\/ol>\n<p><span style=\"font-weight: 400;\">La derni\u00e8re section est r\u00e9guli\u00e8rement mise \u00e0 jour avec les derni\u00e8res nouvelles d&#8217;Emailchef. Vous trouverez \u00e9galement des astuces et des tutoriels vid\u00e9o.<\/span><\/p>\n<p><a href=\"https:\/\/emailchef.com\/wp-content\/uploads\/2021\/06\/Screenshot_80.jpg\" rel=\"lightbox\"><img loading=\"lazy\" decoding=\"async\" class=\"alignnone wp-image-41448 size-full\" src=\"https:\/\/emailchef.com\/wp-content\/uploads\/2021\/06\/Screenshot_80.jpg\" alt=\"\" width=\"1201\" height=\"322\" srcset=\"https:\/\/emailchef.com\/wp-content\/uploads\/2021\/06\/Screenshot_80.jpg 1201w, https:\/\/emailchef.com\/wp-content\/uploads\/2021\/06\/Screenshot_80-300x80.jpg 300w, https:\/\/emailchef.com\/wp-content\/uploads\/2021\/06\/Screenshot_80-768x206.jpg 768w, https:\/\/emailchef.com\/wp-content\/uploads\/2021\/06\/Screenshot_80-1024x275.jpg 1024w, https:\/\/emailchef.com\/wp-content\/uploads\/2021\/06\/Screenshot_80-968x260.jpg 968w, https:\/\/emailchef.com\/wp-content\/uploads\/2021\/06\/Screenshot_80-636x171.jpg 636w, https:\/\/emailchef.com\/wp-content\/uploads\/2021\/06\/Screenshot_80-320x86.jpg 320w, https:\/\/emailchef.com\/wp-content\/uploads\/2021\/06\/Screenshot_80-239x64.jpg 239w\" sizes=\"(max-width: 1201px) 100vw, 1201px\" \/><\/a><\/p>\n<p><span style=\"font-weight: 400;\">Retrouvez <strong><a href=\"https:\/\/emailchef.com\/fr\/didacticiel-video\/\">ici<\/a><\/strong> tous les <\/span><b>tutoriels vid\u00e9o Emailchef<\/b><span style=\"font-weight: 400;\">. Pour en savoir plus sur le panneau dashboard, nous vous recommandons de regarder cette vid\u00e9o:<\/span><\/p>\n<div class=\"lyte-wrapper\" title=\"[EN] Introduction to the eMailChef dashboard\" style=\"width:640px;max-width:100%;margin:5px;\"><div class=\"lyMe\" id=\"WYL_Jzm-e2JzBvc\"><div id=\"lyte_Jzm-e2JzBvc\" data-src=\"https:\/\/emailchef.com\/wp-content\/plugins\/wp-youtube-lyte\/lyteCache.php?origThumbUrl=https%3A%2F%2Fi.ytimg.com%2Fvi%2FJzm-e2JzBvc%2Fhqdefault.jpg\" class=\"pL\"><div class=\"tC\"><div class=\"tT\">[EN] Introduction to the eMailChef dashboard<\/div><\/div><div class=\"play\"><\/div><div class=\"ctrl\"><div class=\"Lctrl\"><\/div><div class=\"Rctrl\"><\/div><\/div><\/div><noscript><a href=\"https:\/\/youtu.be\/Jzm-e2JzBvc\" rel=\"nofollow\"><img loading=\"lazy\" decoding=\"async\" src=\"https:\/\/emailchef.com\/wp-content\/plugins\/wp-youtube-lyte\/lyteCache.php?origThumbUrl=https%3A%2F%2Fi.ytimg.com%2Fvi%2FJzm-e2JzBvc%2F0.jpg\" alt=\"[EN] Introduction to the eMailChef dashboard\" width=\"640\" height=\"340\" \/><br \/>Lire cette vid\u00e9o sur YouTube<\/a><\/noscript><\/div><\/div><div class=\"lL\" style=\"max-width:100%;width:640px;margin:5px;\"><\/div>\n<div class=\"ec-video-button hide centered\">\n\t<a href=\"https:\/\/youtu.be\/Jzm-e2JzBvc\" rel=\"prettyPhoto\" title=\"Voir la vid\u00e9o\">Voir la vid\u00e9o <i class=\"fa fa-play-circle fa-2x\"><\/i><\/a>\n<\/div>\n","protected":false},"excerpt":{"rendered":"<p>Le dashboard de Emailchef affiche les rapports les plus importants de vos campagnes et listes, ainsi qu&#8217;un r\u00e9sum\u00e9 des \u00e9v\u00e9nements les plus r\u00e9cents. Vous pouvez voir rapidement l&#8217;activit\u00e9 la plus importante de votre compte. En haut se trouvent les informations principales de votre compte, telles que le nom de votre plan actuel et la date [&hellip;]<\/p>\n","protected":false},"author":3,"featured_media":0,"parent":1193,"menu_order":0,"comment_status":"closed","ping_status":"closed","template":"","meta":{"_acf_changed":false,"inline_featured_image":false,"footnotes":""},"g1_relation_tag":[],"class_list":["post-1478","page","type-page","status-publish","hentry"],"acf":[],"yoast_head":"<!-- This site is optimized with the Yoast SEO plugin v24.8.1 - https:\/\/yoast.com\/wordpress\/plugins\/seo\/ -->\n<title>La page d&#039;accueil de Emailchef - Emailchef<\/title>\n<meta name=\"description\" content=\"Emailchef commence avec une page d&#039;accueil propre et bien organis\u00e9e en blocs.\" \/>\n<meta name=\"robots\" content=\"index, follow, max-snippet:-1, max-image-preview:large, max-video-preview:-1\" \/>\n<link rel=\"canonical\" href=\"https:\/\/emailchef.com\/fr\/base-de-connaissance\/la-page-daccueil-de-emailchef\/\" \/>\n<meta name=\"twitter:label1\" content=\"Dur\u00e9e de lecture estim\u00e9e\" \/>\n\t<meta name=\"twitter:data1\" content=\"2 minutes\" \/>\n<!-- \/ Yoast SEO plugin. -->","yoast_head_json":{"title":"La page d'accueil de Emailchef - Emailchef","description":"Emailchef commence avec une page d'accueil propre et bien organis\u00e9e en blocs.","robots":{"index":"index","follow":"follow","max-snippet":"max-snippet:-1","max-image-preview":"max-image-preview:large","max-video-preview":"max-video-preview:-1"},"canonical":"https:\/\/emailchef.com\/fr\/base-de-connaissance\/la-page-daccueil-de-emailchef\/","twitter_misc":{"Dur\u00e9e de lecture estim\u00e9e":"2 minutes"},"schema":{"@context":"https:\/\/schema.org","@graph":[{"@type":"WebPage","@id":"https:\/\/emailchef.com\/fr\/base-de-connaissance\/la-page-daccueil-de-emailchef\/","url":"https:\/\/emailchef.com\/fr\/base-de-connaissance\/la-page-daccueil-de-emailchef\/","name":"La page d'accueil de Emailchef - Emailchef","isPartOf":{"@id":"https:\/\/emailchef.com\/fr\/#website"},"primaryImageOfPage":{"@id":"https:\/\/emailchef.com\/fr\/base-de-connaissance\/la-page-daccueil-de-emailchef\/#primaryimage"},"image":{"@id":"https:\/\/emailchef.com\/fr\/base-de-connaissance\/la-page-daccueil-de-emailchef\/#primaryimage"},"thumbnailUrl":"https:\/\/emailchef.com\/wp-content\/uploads\/2021\/06\/Screenshot_77.jpg","datePublished":"2014-09-22T08:13:37+00:00","dateModified":"2021-07-27T15:20:59+00:00","description":"Emailchef commence avec une page d'accueil propre et bien organis\u00e9e en blocs.","breadcrumb":{"@id":"https:\/\/emailchef.com\/fr\/base-de-connaissance\/la-page-daccueil-de-emailchef\/#breadcrumb"},"inLanguage":"fr-FR","potentialAction":[{"@type":"ReadAction","target":["https:\/\/emailchef.com\/fr\/base-de-connaissance\/la-page-daccueil-de-emailchef\/"]}]},{"@type":"ImageObject","inLanguage":"fr-FR","@id":"https:\/\/emailchef.com\/fr\/base-de-connaissance\/la-page-daccueil-de-emailchef\/#primaryimage","url":"https:\/\/emailchef.com\/wp-content\/uploads\/2021\/06\/Screenshot_77.jpg","contentUrl":"https:\/\/emailchef.com\/wp-content\/uploads\/2021\/06\/Screenshot_77.jpg"},{"@type":"BreadcrumbList","@id":"https:\/\/emailchef.com\/fr\/base-de-connaissance\/la-page-daccueil-de-emailchef\/#breadcrumb","itemListElement":[{"@type":"ListItem","position":1,"name":"Home","item":"https:\/\/emailchef.com\/fr\/mailchef-email-marketing-emailing-et-envoi-newsletter\/"},{"@type":"ListItem","position":2,"name":"Base de connaissance","item":"https:\/\/emailchef.com\/fr\/base-de-connaissance\/"},{"@type":"ListItem","position":3,"name":"La page d&rsquo;accueil de Emailchef"}]},{"@type":"WebSite","@id":"https:\/\/emailchef.com\/fr\/#website","url":"https:\/\/emailchef.com\/fr\/","name":"Emailchef","description":"Recettes go\u00fbteuses pour vos emails","publisher":{"@id":"https:\/\/emailchef.com\/fr\/#organization"},"potentialAction":[{"@type":"SearchAction","target":{"@type":"EntryPoint","urlTemplate":"https:\/\/emailchef.com\/fr\/?s={search_term_string}"},"query-input":{"@type":"PropertyValueSpecification","valueRequired":true,"valueName":"search_term_string"}}],"inLanguage":"fr-FR"},{"@type":"Organization","@id":"https:\/\/emailchef.com\/fr\/#organization","name":"Delivery Tech Corp.","url":"https:\/\/emailchef.com\/fr\/","logo":{"@type":"ImageObject","inLanguage":"fr-FR","@id":"https:\/\/emailchef.com\/fr\/#\/schema\/logo\/image\/","url":"https:\/\/emailchef.com\/wp-content\/uploads\/2022\/04\/logo-sama.png","contentUrl":"https:\/\/emailchef.com\/wp-content\/uploads\/2022\/04\/logo-sama.png","width":237,"height":80,"caption":"Delivery Tech Corp."},"image":{"@id":"https:\/\/emailchef.com\/fr\/#\/schema\/logo\/image\/"}}]}},"_links":{"self":[{"href":"https:\/\/emailchef.com\/fr\/wp-json\/wp\/v2\/pages\/1478"}],"collection":[{"href":"https:\/\/emailchef.com\/fr\/wp-json\/wp\/v2\/pages"}],"about":[{"href":"https:\/\/emailchef.com\/fr\/wp-json\/wp\/v2\/types\/page"}],"author":[{"embeddable":true,"href":"https:\/\/emailchef.com\/fr\/wp-json\/wp\/v2\/users\/3"}],"replies":[{"embeddable":true,"href":"https:\/\/emailchef.com\/fr\/wp-json\/wp\/v2\/comments?post=1478"}],"version-history":[{"count":7,"href":"https:\/\/emailchef.com\/fr\/wp-json\/wp\/v2\/pages\/1478\/revisions"}],"predecessor-version":[{"id":47254,"href":"https:\/\/emailchef.com\/fr\/wp-json\/wp\/v2\/pages\/1478\/revisions\/47254"}],"up":[{"embeddable":true,"href":"https:\/\/emailchef.com\/fr\/wp-json\/wp\/v2\/pages\/1193"}],"wp:attachment":[{"href":"https:\/\/emailchef.com\/fr\/wp-json\/wp\/v2\/media?parent=1478"}],"wp:term":[{"taxonomy":"g1_relation_tag","embeddable":true,"href":"https:\/\/emailchef.com\/fr\/wp-json\/wp\/v2\/g1_relation_tag?post=1478"}],"curies":[{"name":"wp","href":"https:\/\/api.w.org\/{rel}","templated":true}]}}