{"id":1462,"date":"2014-09-11T09:46:18","date_gmt":"2014-09-11T09:46:18","guid":{"rendered":"http:\/\/emailchef.com\/?page_id=1462"},"modified":"2021-07-07T15:00:40","modified_gmt":"2021-07-07T15:00:40","slug":"templates-pour-newsletters","status":"publish","type":"page","link":"https:\/\/emailchef.com\/fr\/templates-pour-newsletters\/","title":{"rendered":"Templates pour newsletters"},"content":{"rendered":"<div class=\"gb-container gb-container-74cf0174\"><div class=\"gb-inside-container\">\n\n<p>Emailchef vous offre un large choix de<strong> templates pour newsletters<\/strong> qui peuvent \u00eatre t\u00e9l\u00e9charg\u00e9s et utilis\u00e9s sur notre service en quelques secondes. D\u00e9couvrez pourquoi ils sont si importants pour votre campagne d\u2019emailing.<\/p>\n\n\n\n<\/div><\/div>\n\n\n<p><\/p>\n","protected":false},"excerpt":{"rendered":"<p>Emailchef vous offre un large choix de templates pour newsletters qui peuvent \u00eatre t\u00e9l\u00e9charg\u00e9s et utilis\u00e9s sur notre service en quelques secondes. D\u00e9couvrez pourquoi ils sont si importants pour votre campagne d\u2019emailing.<\/p>\n","protected":false},"author":3,"featured_media":0,"parent":0,"menu_order":236,"comment_status":"closed","ping_status":"closed","template":"","meta":{"_acf_changed":false,"inline_featured_image":false,"footnotes":""},"g1_relation_tag":[46],"class_list":["post-1462","page","type-page","status-publish","hentry","g1_relation_tag-templates-pour-newsletters"],"acf":[],"yoast_head":"<!-- This site is optimized with the Yoast SEO plugin v24.8.1 - https:\/\/yoast.com\/wordpress\/plugins\/seo\/ -->\n<title>Templates pour newsletters - Emailchef<\/title>\n<meta name=\"description\" content=\"Emailchef offre un large choix de templates pour newsletters qui peuvent \u00eatre t\u00e9l\u00e9charg\u00e9s et utilis\u00e9s sur notre service en seconds.\" \/>\n<meta name=\"robots\" content=\"index, follow, max-snippet:-1, max-image-preview:large, max-video-preview:-1\" \/>\n<link rel=\"canonical\" href=\"https:\/\/emailchef.com\/fr\/templates-pour-newsletters\/\" \/>\n<meta name=\"twitter:label1\" content=\"Dur\u00e9e de lecture estim\u00e9e\" \/>\n\t<meta name=\"twitter:data1\" content=\"1 minute\" \/>\n<!-- \/ Yoast SEO plugin. -->","yoast_head_json":{"title":"Templates pour newsletters - Emailchef","description":"Emailchef offre un large choix de templates pour newsletters qui peuvent \u00eatre t\u00e9l\u00e9charg\u00e9s et utilis\u00e9s sur notre service en seconds.","robots":{"index":"index","follow":"follow","max-snippet":"max-snippet:-1","max-image-preview":"max-image-preview:large","max-video-preview":"max-video-preview:-1"},"canonical":"https:\/\/emailchef.com\/fr\/templates-pour-newsletters\/","twitter_misc":{"Dur\u00e9e de lecture estim\u00e9e":"1 minute"},"schema":{"@context":"https:\/\/schema.org","@graph":[{"@type":"WebPage","@id":"https:\/\/emailchef.com\/fr\/templates-pour-newsletters\/","url":"https:\/\/emailchef.com\/fr\/templates-pour-newsletters\/","name":"Templates pour newsletters - Emailchef","isPartOf":{"@id":"https:\/\/emailchef.com\/fr\/#website"},"datePublished":"2014-09-11T09:46:18+00:00","dateModified":"2021-07-07T15:00:40+00:00","description":"Emailchef offre un large choix de templates pour newsletters qui peuvent \u00eatre t\u00e9l\u00e9charg\u00e9s et utilis\u00e9s sur notre service en seconds.","breadcrumb":{"@id":"https:\/\/emailchef.com\/fr\/templates-pour-newsletters\/#breadcrumb"},"inLanguage":"fr-FR","potentialAction":[{"@type":"ReadAction","target":["https:\/\/emailchef.com\/fr\/templates-pour-newsletters\/"]}]},{"@type":"BreadcrumbList","@id":"https:\/\/emailchef.com\/fr\/templates-pour-newsletters\/#breadcrumb","itemListElement":[{"@type":"ListItem","position":1,"name":"Home","item":"https:\/\/emailchef.com\/fr\/mailchef-email-marketing-emailing-et-envoi-newsletter\/"},{"@type":"ListItem","position":2,"name":"Templates pour newsletters"}]},{"@type":"WebSite","@id":"https:\/\/emailchef.com\/fr\/#website","url":"https:\/\/emailchef.com\/fr\/","name":"Emailchef","description":"Recettes go\u00fbteuses pour vos emails","publisher":{"@id":"https:\/\/emailchef.com\/fr\/#organization"},"potentialAction":[{"@type":"SearchAction","target":{"@type":"EntryPoint","urlTemplate":"https:\/\/emailchef.com\/fr\/?s={search_term_string}"},"query-input":{"@type":"PropertyValueSpecification","valueRequired":true,"valueName":"search_term_string"}}],"inLanguage":"fr-FR"},{"@type":"Organization","@id":"https:\/\/emailchef.com\/fr\/#organization","name":"Delivery Tech Corp.","url":"https:\/\/emailchef.com\/fr\/","logo":{"@type":"ImageObject","inLanguage":"fr-FR","@id":"https:\/\/emailchef.com\/fr\/#\/schema\/logo\/image\/","url":"https:\/\/emailchef.com\/wp-content\/uploads\/2022\/04\/logo-sama.png","contentUrl":"https:\/\/emailchef.com\/wp-content\/uploads\/2022\/04\/logo-sama.png","width":237,"height":80,"caption":"Delivery Tech Corp."},"image":{"@id":"https:\/\/emailchef.com\/fr\/#\/schema\/logo\/image\/"}}]}},"_links":{"self":[{"href":"https:\/\/emailchef.com\/fr\/wp-json\/wp\/v2\/pages\/1462"}],"collection":[{"href":"https:\/\/emailchef.com\/fr\/wp-json\/wp\/v2\/pages"}],"about":[{"href":"https:\/\/emailchef.com\/fr\/wp-json\/wp\/v2\/types\/page"}],"author":[{"embeddable":true,"href":"https:\/\/emailchef.com\/fr\/wp-json\/wp\/v2\/users\/3"}],"replies":[{"embeddable":true,"href":"https:\/\/emailchef.com\/fr\/wp-json\/wp\/v2\/comments?post=1462"}],"version-history":[{"count":2,"href":"https:\/\/emailchef.com\/fr\/wp-json\/wp\/v2\/pages\/1462\/revisions"}],"predecessor-version":[{"id":44772,"href":"https:\/\/emailchef.com\/fr\/wp-json\/wp\/v2\/pages\/1462\/revisions\/44772"}],"wp:attachment":[{"href":"https:\/\/emailchef.com\/fr\/wp-json\/wp\/v2\/media?parent=1462"}],"wp:term":[{"taxonomy":"g1_relation_tag","embeddable":true,"href":"https:\/\/emailchef.com\/fr\/wp-json\/wp\/v2\/g1_relation_tag?post=1462"}],"curies":[{"name":"wp","href":"https:\/\/api.w.org\/{rel}","templated":true}]}}