{"id":1375,"date":"2014-10-23T09:41:50","date_gmt":"2014-10-23T09:41:50","guid":{"rendered":"http:\/\/emailchef.com\/?page_id=1375"},"modified":"2016-02-15T09:55:17","modified_gmt":"2016-02-15T09:55:17","slug":"envoi-securise","status":"publish","type":"page","link":"https:\/\/emailchef.com\/fr\/envoi-securise\/","title":{"rendered":"Envoi s\u00e9curis\u00e9"},"content":{"rendered":"<p>Pour Emailchef <strong>votre s\u00e9curit\u00e9 et confidentialit\u00e9<\/strong> est la chouse la plus\u00a0importante quand il s&#8217;agit d&#8217;envoyer des emails en masse.<\/p>\n<p>Nous garantissons un <strong>envoi s\u00e9curis\u00e9<\/strong> gr\u00e2ce \u00e0 un syst\u00e8me multi-couches de protection contre le piratage. Toutes les informations h\u00e9berg\u00e9es sur notre plate-forme (contacts, emails envoy\u00e9s et projets, mod\u00e8les&#8230;) resteront en s\u00e9curit\u00e9 et ne seront\u00a0<strong>jamais partag\u00e9es<\/strong> avec quiconque en dehors de nos conditions d&#8217;utilisation. La m\u00eame chose pour vos donn\u00e9es personnelles.<\/p>\n<p>Pour toute demande de renseignements, s&#8217;il vous pla\u00eet contactez-nous.<\/p>\n","protected":false},"excerpt":{"rendered":"<p>Pour Emailchef votre s\u00e9curit\u00e9 et confidentialit\u00e9 est la chouse la plus\u00a0importante quand il s&#8217;agit d&#8217;envoyer des emails en masse. Nous garantissons un envoi s\u00e9curis\u00e9 gr\u00e2ce \u00e0 un syst\u00e8me multi-couches de protection contre le piratage. Toutes les informations h\u00e9berg\u00e9es sur notre plate-forme (contacts, emails envoy\u00e9s et projets, mod\u00e8les&#8230;) resteront en s\u00e9curit\u00e9 et ne seront\u00a0jamais partag\u00e9es avec [&hellip;]<\/p>\n","protected":false},"author":3,"featured_media":0,"parent":0,"menu_order":227,"comment_status":"closed","ping_status":"closed","template":"g1_template_page_sidebar_right.php","meta":{"_acf_changed":false,"inline_featured_image":false,"footnotes":""},"g1_relation_tag":[],"class_list":["post-1375","page","type-page","status-publish","hentry"],"acf":[],"yoast_head":"<!-- This site is optimized with the Yoast SEO plugin v24.8.1 - https:\/\/yoast.com\/wordpress\/plugins\/seo\/ -->\n<title>Envoi s\u00e9curis\u00e9 - Emailchef<\/title>\n<meta name=\"description\" content=\"Pour Emailchef votre s\u00e9curit\u00e9 et confidentialit\u00e9 est la chouse la plus importante quand il s&#039;agit d&#039;envoyer des emails en masse.\" \/>\n<meta name=\"robots\" content=\"index, follow, max-snippet:-1, max-image-preview:large, max-video-preview:-1\" \/>\n<link rel=\"canonical\" href=\"https:\/\/emailchef.com\/fr\/envoi-securise\/\" \/>\n<!-- \/ Yoast SEO plugin. -->","yoast_head_json":{"title":"Envoi s\u00e9curis\u00e9 - Emailchef","description":"Pour Emailchef votre s\u00e9curit\u00e9 et confidentialit\u00e9 est la chouse la plus importante quand il s'agit d'envoyer des emails en masse.","robots":{"index":"index","follow":"follow","max-snippet":"max-snippet:-1","max-image-preview":"max-image-preview:large","max-video-preview":"max-video-preview:-1"},"canonical":"https:\/\/emailchef.com\/fr\/envoi-securise\/","schema":{"@context":"https:\/\/schema.org","@graph":[{"@type":"WebPage","@id":"https:\/\/emailchef.com\/fr\/envoi-securise\/","url":"https:\/\/emailchef.com\/fr\/envoi-securise\/","name":"Envoi s\u00e9curis\u00e9 - Emailchef","isPartOf":{"@id":"https:\/\/emailchef.com\/fr\/#website"},"datePublished":"2014-10-23T09:41:50+00:00","dateModified":"2016-02-15T09:55:17+00:00","description":"Pour Emailchef votre s\u00e9curit\u00e9 et confidentialit\u00e9 est la chouse la plus importante quand il s'agit d'envoyer des emails en masse.","breadcrumb":{"@id":"https:\/\/emailchef.com\/fr\/envoi-securise\/#breadcrumb"},"inLanguage":"fr-FR","potentialAction":[{"@type":"ReadAction","target":["https:\/\/emailchef.com\/fr\/envoi-securise\/"]}]},{"@type":"BreadcrumbList","@id":"https:\/\/emailchef.com\/fr\/envoi-securise\/#breadcrumb","itemListElement":[{"@type":"ListItem","position":1,"name":"Home","item":"https:\/\/emailchef.com\/fr\/mailchef-email-marketing-emailing-et-envoi-newsletter\/"},{"@type":"ListItem","position":2,"name":"Envoi s\u00e9curis\u00e9"}]},{"@type":"WebSite","@id":"https:\/\/emailchef.com\/fr\/#website","url":"https:\/\/emailchef.com\/fr\/","name":"Emailchef","description":"Recettes go\u00fbteuses pour vos emails","publisher":{"@id":"https:\/\/emailchef.com\/fr\/#organization"},"potentialAction":[{"@type":"SearchAction","target":{"@type":"EntryPoint","urlTemplate":"https:\/\/emailchef.com\/fr\/?s={search_term_string}"},"query-input":{"@type":"PropertyValueSpecification","valueRequired":true,"valueName":"search_term_string"}}],"inLanguage":"fr-FR"},{"@type":"Organization","@id":"https:\/\/emailchef.com\/fr\/#organization","name":"Delivery Tech Corp.","url":"https:\/\/emailchef.com\/fr\/","logo":{"@type":"ImageObject","inLanguage":"fr-FR","@id":"https:\/\/emailchef.com\/fr\/#\/schema\/logo\/image\/","url":"https:\/\/emailchef.com\/wp-content\/uploads\/2022\/04\/logo-sama.png","contentUrl":"https:\/\/emailchef.com\/wp-content\/uploads\/2022\/04\/logo-sama.png","width":237,"height":80,"caption":"Delivery Tech Corp."},"image":{"@id":"https:\/\/emailchef.com\/fr\/#\/schema\/logo\/image\/"}}]}},"_links":{"self":[{"href":"https:\/\/emailchef.com\/fr\/wp-json\/wp\/v2\/pages\/1375"}],"collection":[{"href":"https:\/\/emailchef.com\/fr\/wp-json\/wp\/v2\/pages"}],"about":[{"href":"https:\/\/emailchef.com\/fr\/wp-json\/wp\/v2\/types\/page"}],"author":[{"embeddable":true,"href":"https:\/\/emailchef.com\/fr\/wp-json\/wp\/v2\/users\/3"}],"replies":[{"embeddable":true,"href":"https:\/\/emailchef.com\/fr\/wp-json\/wp\/v2\/comments?post=1375"}],"version-history":[{"count":1,"href":"https:\/\/emailchef.com\/fr\/wp-json\/wp\/v2\/pages\/1375\/revisions"}],"predecessor-version":[{"id":1376,"href":"https:\/\/emailchef.com\/fr\/wp-json\/wp\/v2\/pages\/1375\/revisions\/1376"}],"wp:attachment":[{"href":"https:\/\/emailchef.com\/fr\/wp-json\/wp\/v2\/media?parent=1375"}],"wp:term":[{"taxonomy":"g1_relation_tag","embeddable":true,"href":"https:\/\/emailchef.com\/fr\/wp-json\/wp\/v2\/g1_relation_tag?post=1375"}],"curies":[{"name":"wp","href":"https:\/\/api.w.org\/{rel}","templated":true}]}}