{"id":1318,"date":"2014-09-11T09:19:23","date_gmt":"2014-09-11T09:19:23","guid":{"rendered":"http:\/\/emailchef.com\/?page_id=1318"},"modified":"2018-10-17T15:52:18","modified_gmt":"2018-10-17T15:52:18","slug":"glossaire-de-email-marketing","status":"publish","type":"page","link":"https:\/\/emailchef.com\/fr\/glossaire-de-email-marketing\/","title":{"rendered":"Glossaire de email marketing"},"content":{"rendered":"<p><strong>Autor\u00e9pondeur<\/strong>: un courriel (e-mail) envoy\u00e9 lors de l&#8217;occurrence d&#8217;un \u00e9v\u00e9nement particulier. Par exemple, un message envoy\u00e9 \u00e0 l&#8217;anniversaire du destinataire ou de bienvenue, envoy\u00e9 imm\u00e9diatement apr\u00e8s l&#8217;inscription au site ou \u00e0 le bulletins d&#8217;information (<em>newletter<\/em>).<\/p>\n<p><strong>Best Practices ou bonnes pratiques<\/strong>: l&#8217;ensemble des techniques et proc\u00e9dures con\u00e7ues pour produire les meilleurs r\u00e9sultats dans un contexte donn\u00e9. Les meilleures pratiques de marketing par courriel, par exemple, sont le soin de la forme et du contenu de l&#8217;e-mail, la bri\u00e8vet\u00e9 de l&#8217;objet, etc.<\/p>\n<p><strong>Bounced emails ou emails rebondis<\/strong>: ce sont des e-mails qui ne peuvent pas \u00eatre livr\u00e9s, donc ils sont renvoy\u00e9s \u00e0 l&#8217;exp\u00e9diteur. G\u00e9n\u00e9ralement, il y a une distinction entre <em>soft bonce<\/em> et <em>hard bounce<\/em>.<\/p>\n<p><strong>Call to action ou appel \u00e0 l&#8217;action<\/strong>: L&#8217;invitation contenue dans un courriel (e-mail) ou sur une page Web pour effectuer une certaine action, qui conduit \u00e0 une conversion. L&#8217;appel \u00e0 l&#8217;action sont mis en \u00e9vidence avec des graphismes attrayants pour encourager les utilisateurs \u00e0 effectuer l&#8217;action, par exemple un bouton cliquable.<\/p>\n<p><strong>Carte des Clics<\/strong>: c&#8217;est un aper\u00e7u de la campagne de courrier \u00e9lectronique envoy\u00e9e, dans laquelle figurent des \u00e9l\u00e9ments graphiques indiquant la position de chaque lien et le nombre total de clics correspondants.<\/p>\n<p><strong>Client de messagerie<\/strong>: un logiciel qui permet aux utilisateurs de lire et de composer des courriels (e-mails), comme par exemple Microsoft Outlook. Aussi appel\u00e9 logiciel de messagerie ou courrielleur.<\/p>\n<p><strong>Conversion<\/strong>: c&#8217;est l&#8217;ach\u00e8vement d&#8217;un processus par les destinataires en fonction des objectifs d\u00e9finis par l&#8217;exp\u00e9diteur, comme l&#8217;achat d&#8217;un produit ou l&#8217;inscription \u00e0 une newsletter.<\/p>\n<p><strong>Courriels ou e-mails abbandon\u00e9<\/strong>: les courriers \u00e9lectroniques qui ne sont pas envoy\u00e9s car ils figurent sur votre liste noire.<\/p>\n<p><strong>Courriels ou e-mails temporairement retard\u00e9<\/strong>: les emails mis dans la queue, en attente de livraison aux destinataires. Apr\u00e8s un certain nombre de tentatives, si l&#8217;e-mail n&#8217;est pas livr\u00e9 il sera consid\u00e9r\u00e9 comme un rebond.<\/p>\n<p><strong>Courriels ou e-mails transactionnels<\/strong>: c&#8217;est sont des messages envoy\u00e9s automatiquement en r\u00e9ponse \u00e0 des actions sp\u00e9cifiques, par exemple un courriel pour confirmer l\u2019achat, l\u2019inscription, etc.<\/p>\n<p><strong>D\u00e9livrabilit\u00e9<\/strong>: c&#8217;est la capacit\u00e9 d\u2019un logiciel d\u2019emailing \u00e0 d\u00e9livrer avec succ\u00e8s des emails en bo\u00eete de r\u00e9ception.<\/p>\n<p><strong>D\u00e9sabonn\u00e9<\/strong>: c&#8217;est le processus de suppression d&#8217;une inscription \u00e0 un bulletin d&#8217;information (newsletter).<\/p>\n<p><strong>Double Opt-In<\/strong>: c&#8217;est une pratique lors de laquelle l\u2019inscription \u00e0 un formulaire de newsletter est suivie par un email de confirmation, par cons\u00e9quent, le destinataire ne sera pas inscrit au carnet d\u2019adresses avant d\u2019avoir cliqu\u00e9 le lien de confirmation.<\/p>\n<p><strong>Email marketing ou marketing par courriel<\/strong>: L&#8217;ensemble des pratiques qui impliquent l&#8217;envoi d&#8217;un email, comme une <em>newsletter<\/em> (bulletin d&#8217;information), une annonces de soldes ou promotions, une vente flash.<\/p>\n<p><strong>Entennoir<\/strong>: c&#8217;est le chemin n\u00e9cessaire et les \u00e9tapes relatives qui apportent \u00e0 une conversion.<\/p>\n<p><strong>Formulaire d&#8217;inscription<\/strong>: une page web qui permet aux utilisateurs de s&#8217;abonner \u00e0 un bulletin (<em>newsletter<\/em>). Il peut \u00eatre opt-in simpple ou opt-in double.<\/p>\n<p><strong>Hard Bounce<\/strong>: on parle de Hard Bounce quand un courriel (e-mail) envoy\u00e9 n\u2019a pas \u00e9t\u00e9 d\u00e9livr\u00e9 \u00e0 cause de un erreur permanente, comme lorsque une adresse email n\u2019existe plus.<\/p>\n<p><strong>Hame\u00e7onnage<\/strong>: c&#8217;est une forme particuli\u00e8re de courrier ind\u00e9sirable, qui est con\u00e7u pour voler des informations personnelles stock\u00e9es sur l&#8217;ordinateur du destinataire, comment les donn\u00e9es relatives a les cartes de cr\u00e9dit, mots de passe, PIN, etc.<\/p>\n<p><strong>Impression<\/strong>: c&#8217;est le nombre de fois qu&#8217;une page Web ou un email est affich\u00e9 au format HTML.<\/p>\n<p><strong>IP<\/strong>: un num\u00e9ro qui identifie de fa\u00e7on unique un appareil connect\u00e9 \u00e0 Internet.<\/p>\n<p><strong>Key Performance Indicator (KPI) ou Indicateurs cl\u00e9 de performance (ICP)<\/strong>: ce sont des param\u00e8tres utilis\u00e9s pour \u00e9valuer les performances d&#8217;une campagne de marketing ou, plus g\u00e9n\u00e9ralement, d&#8217;un processus d&#8217;entreprise.<\/p>\n<p><strong>Lead<\/strong>: c&#8217;est un client potentiel qui peut \u00eatre gagn\u00e9 avec une action de marketing cibl\u00e9e.<\/p>\n<p><strong>Liste blanche<\/strong>: une banque de donn\u00e9es, contenant les adresses adresse de courrier \u00e9lectronique des sujets qui ont donn\u00e9 leur consentement pour recevoir des messages de marketing.<\/p>\n<p><strong>Liste noire<\/strong>: une liste de adresse \u00e9lectronique ou d&#8217;adresses IP provenant d&#8217;exp\u00e9diteurs suspect\u00e9s de spam, et donc bloqu\u00e9s par des fournisseurs de messagerie ou des filtres anti-spam.<\/p>\n<p><strong>Opt In<\/strong>: une pratique pour collecter des contacts qui permet l&#8217;enregistrement au travers de un formulaire de newsletter (bulletin d&#8217;information).<\/p>\n<p><Strong\/>Page d&#8217;accueil ou Landing page<\/strong>: la page Web \u00e0 laquelle les clics d&#8217;un courrier \u00e9lectronique sont adress\u00e9s, o\u00f9 l&#8217;utilisateur doit effectuer une conversion.<\/p>\n<p><strong>Politiques de confidentialit\u00e9<\/strong>: c&#8217;est le contenu qui explique comment seront trait\u00e9es les donn\u00e9es fournies par ses clients, lesquels s\u2019inscrivent sur un site ou une newsletter.<\/p>\n<p><strong>Rebond<\/strong>: l&#8217;action d&#8217;abandonner rapidement un courriel (e-mail) sans effectuer aucune activit\u00e9. Aussi appel\u00e9 <em>bounce<\/em>.<\/p>\n<p><strong>reCAPTCHA<\/strong>: un syst\u00e8me qui d\u00e9termine si l&#8217;utilisateur est un \u00eatre humain, utile pour v\u00e9rifier si l&#8217;utilisateur qui remplit un formulaire est une personne ou un programme.<\/p>\n<p><strong>Rendering ou Rendu photor\u00e9aliste<\/strong>: c&#8217;est la fa\u00e7on dont les courriels (e-mails) sont affich\u00e9s, en particulier, ce terme comprend \u00e9galement toutes les techniques visant \u00e0 rendre le message final aussi similaire que possible au format original.<\/p>\n<p><strong>Retour Sur Investissement (RSI) ou Return On Investment (ROI)<\/strong>: c&#8217;est la relation entre le chiffre d&#8217;affaires et les investissements, en bref, la mani\u00e8re la plus simple de mesurer la rentabilit\u00e9 d&#8217;une op\u00e9ration \u00e9conomique.<\/p>\n<p><strong>Simple Mail Transfer Protocol (SMTP)<\/strong>: c&#8217;est le protocole le plus courant pour envoyer des courriels (e-mails), en bref, il agit comme un &#8220;postier&#8221; qui livre les emails de l&#8217;exp\u00e9diteur aux serveurs de messagerie \u00e9lectronique des destinataires.<\/p>\n<p><strong>Soft Bounce<\/strong>: on parle de Soft Bounce quand un probl\u00e8me provoque un rebond temporaire, comme une bo\u00eete de r\u00e9ception pleine par exemple.<\/p>\n<p><strong>Spam<\/strong>: c&#8217;est un courrier \u00e9lectronique non sollicit\u00e9 et envoy\u00e9 en grand nombre, aussi connu comme courrier ind\u00e9sirable ou pourriel.<\/p>\n<p><strong>Taux de clics<\/strong>: c&#8217;est le pourcentage de clics sur le nombre total des courreils (e-mails) envoy\u00e9s. Aussi appel\u00e9 CTR (<em>Click-Through Rate<\/em>).<\/p>\n<p><strong>Taux d\u2019ouverture<\/strong>: Indique le pourcentage de courreils (e-mails) ouverts sur le nombre total d&#8217;e-mails livr\u00e9s.<\/p>\n<p><strong>Taux de rebond<\/strong>: c&#8217;est le pourcentage des rebonds obtenus, aussi appel\u00e9 <em>bounce rate<\/em>.<\/p>\n<p><strong>Test A\/B<\/strong>: le type de test le plus utilis\u00e9 pour les bulletins d&#8217;information (<em>newletter<\/em>) et l&#8217;envoi en masse d&#8217;un courreil (e-mail). Cela se fait en s\u00e9lectionnant un \u00e9chantillon de la liste de contacts, en le divisant en groupe A et en groupe B et en envoyant deux versions diff\u00e9rentes de le courreil (e-mail) \u00e0 chacun. Cela permet d&#8217;\u00e9valuer avec pr\u00e9cision l&#8217;efficacit\u00e9 de chaque message. Il est aussi appel\u00e9 <em>A\/B testing<\/em>.<\/p>\n","protected":false},"excerpt":{"rendered":"<p>Autor\u00e9pondeur: un courriel (e-mail) envoy\u00e9 lors de l&#8217;occurrence d&#8217;un \u00e9v\u00e9nement particulier. Par exemple, un message envoy\u00e9 \u00e0 l&#8217;anniversaire du destinataire ou de bienvenue, envoy\u00e9 imm\u00e9diatement apr\u00e8s l&#8217;inscription au site ou \u00e0 le bulletins d&#8217;information (newletter). Best Practices ou bonnes pratiques: l&#8217;ensemble des techniques et proc\u00e9dures con\u00e7ues pour produire les meilleurs r\u00e9sultats dans un contexte donn\u00e9. [&hellip;]<\/p>\n","protected":false},"author":3,"featured_media":0,"parent":0,"menu_order":137,"comment_status":"closed","ping_status":"closed","template":"","meta":{"_acf_changed":false,"inline_featured_image":false,"footnotes":""},"g1_relation_tag":[],"class_list":["post-1318","page","type-page","status-publish","hentry"],"acf":[],"yoast_head":"<!-- This site is optimized with the Yoast SEO plugin v24.8.1 - https:\/\/yoast.com\/wordpress\/plugins\/seo\/ -->\n<title>Glossaire de email marketing - Emailchef<\/title>\n<meta name=\"robots\" content=\"index, follow, max-snippet:-1, max-image-preview:large, max-video-preview:-1\" \/>\n<link rel=\"canonical\" href=\"https:\/\/emailchef.com\/fr\/glossaire-de-email-marketing\/\" \/>\n<meta name=\"twitter:label1\" content=\"Dur\u00e9e de lecture estim\u00e9e\" \/>\n\t<meta name=\"twitter:data1\" content=\"5 minutes\" \/>\n<!-- \/ Yoast SEO plugin. -->","yoast_head_json":{"title":"Glossaire de email marketing - Emailchef","robots":{"index":"index","follow":"follow","max-snippet":"max-snippet:-1","max-image-preview":"max-image-preview:large","max-video-preview":"max-video-preview:-1"},"canonical":"https:\/\/emailchef.com\/fr\/glossaire-de-email-marketing\/","twitter_misc":{"Dur\u00e9e de lecture estim\u00e9e":"5 minutes"},"schema":{"@context":"https:\/\/schema.org","@graph":[{"@type":"WebPage","@id":"https:\/\/emailchef.com\/fr\/glossaire-de-email-marketing\/","url":"https:\/\/emailchef.com\/fr\/glossaire-de-email-marketing\/","name":"Glossaire de email marketing - Emailchef","isPartOf":{"@id":"https:\/\/emailchef.com\/fr\/#website"},"datePublished":"2014-09-11T09:19:23+00:00","dateModified":"2018-10-17T15:52:18+00:00","breadcrumb":{"@id":"https:\/\/emailchef.com\/fr\/glossaire-de-email-marketing\/#breadcrumb"},"inLanguage":"fr-FR","potentialAction":[{"@type":"ReadAction","target":["https:\/\/emailchef.com\/fr\/glossaire-de-email-marketing\/"]}]},{"@type":"BreadcrumbList","@id":"https:\/\/emailchef.com\/fr\/glossaire-de-email-marketing\/#breadcrumb","itemListElement":[{"@type":"ListItem","position":1,"name":"Home","item":"https:\/\/emailchef.com\/fr\/mailchef-email-marketing-emailing-et-envoi-newsletter\/"},{"@type":"ListItem","position":2,"name":"Glossaire de email marketing"}]},{"@type":"WebSite","@id":"https:\/\/emailchef.com\/fr\/#website","url":"https:\/\/emailchef.com\/fr\/","name":"Emailchef","description":"Recettes go\u00fbteuses pour vos emails","publisher":{"@id":"https:\/\/emailchef.com\/fr\/#organization"},"potentialAction":[{"@type":"SearchAction","target":{"@type":"EntryPoint","urlTemplate":"https:\/\/emailchef.com\/fr\/?s={search_term_string}"},"query-input":{"@type":"PropertyValueSpecification","valueRequired":true,"valueName":"search_term_string"}}],"inLanguage":"fr-FR"},{"@type":"Organization","@id":"https:\/\/emailchef.com\/fr\/#organization","name":"Delivery Tech Corp.","url":"https:\/\/emailchef.com\/fr\/","logo":{"@type":"ImageObject","inLanguage":"fr-FR","@id":"https:\/\/emailchef.com\/fr\/#\/schema\/logo\/image\/","url":"https:\/\/emailchef.com\/wp-content\/uploads\/2022\/04\/logo-sama.png","contentUrl":"https:\/\/emailchef.com\/wp-content\/uploads\/2022\/04\/logo-sama.png","width":237,"height":80,"caption":"Delivery Tech Corp."},"image":{"@id":"https:\/\/emailchef.com\/fr\/#\/schema\/logo\/image\/"}}]}},"_links":{"self":[{"href":"https:\/\/emailchef.com\/fr\/wp-json\/wp\/v2\/pages\/1318"}],"collection":[{"href":"https:\/\/emailchef.com\/fr\/wp-json\/wp\/v2\/pages"}],"about":[{"href":"https:\/\/emailchef.com\/fr\/wp-json\/wp\/v2\/types\/page"}],"author":[{"embeddable":true,"href":"https:\/\/emailchef.com\/fr\/wp-json\/wp\/v2\/users\/3"}],"replies":[{"embeddable":true,"href":"https:\/\/emailchef.com\/fr\/wp-json\/wp\/v2\/comments?post=1318"}],"version-history":[{"count":39,"href":"https:\/\/emailchef.com\/fr\/wp-json\/wp\/v2\/pages\/1318\/revisions"}],"predecessor-version":[{"id":7979,"href":"https:\/\/emailchef.com\/fr\/wp-json\/wp\/v2\/pages\/1318\/revisions\/7979"}],"wp:attachment":[{"href":"https:\/\/emailchef.com\/fr\/wp-json\/wp\/v2\/media?parent=1318"}],"wp:term":[{"taxonomy":"g1_relation_tag","embeddable":true,"href":"https:\/\/emailchef.com\/fr\/wp-json\/wp\/v2\/g1_relation_tag?post=1318"}],"curies":[{"name":"wp","href":"https:\/\/api.w.org\/{rel}","templated":true}]}}