{"id":1296,"date":"2014-09-04T10:44:52","date_gmt":"2014-09-04T10:44:52","guid":{"rendered":"http:\/\/emailchef.com\/?page_id=1296"},"modified":"2022-07-11T09:55:33","modified_gmt":"2022-07-11T09:55:33","slug":"n-importe-ou-n-importe-quand","status":"publish","type":"page","link":"https:\/\/emailchef.com\/fr\/fonctionnalites\/n-importe-ou-n-importe-quand\/","title":{"rendered":"N&#8217;importe o\u00f9 et n&#8217;importe quand"},"content":{"rendered":"\t\t<div data-elementor-type=\"wp-page\" data-elementor-id=\"1296\" class=\"elementor elementor-1296 elementor-147\" data-elementor-post-type=\"page\">\n\t\t\t\t\t\t<section class=\"elementor-section elementor-top-section elementor-element elementor-element-e366265 elementor-section-boxed elementor-section-height-default elementor-section-height-default\" data-id=\"e366265\" data-element_type=\"section\">\n\t\t\t\t\t\t<div class=\"elementor-container elementor-column-gap-default\">\n\t\t\t\t\t<div class=\"elementor-column elementor-col-100 elementor-top-column elementor-element elementor-element-4620608\" data-id=\"4620608\" data-element_type=\"column\">\n\t\t\t<div class=\"elementor-widget-wrap elementor-element-populated\">\n\t\t\t\t\t\t<div class=\"elementor-element elementor-element-144c327 elementor-widget elementor-widget-image\" data-id=\"144c327\" data-element_type=\"widget\" data-widget_type=\"image.default\">\n\t\t\t\t<div class=\"elementor-widget-container\">\n\t\t\t\t\t\t\t\t\t\t\t\t\t\t\t<img fetchpriority=\"high\" decoding=\"async\" width=\"1597\" height=\"600\" src=\"https:\/\/emailchef.com\/wp-content\/uploads\/2022\/06\/anywhere.png\" class=\"attachment-full size-full wp-image-57324\" alt=\"N\u2019importe o\u00f9 et n\u2019importe quand\" \/>\t\t\t\t\t\t\t\t\t\t\t\t\t\t\t<\/div>\n\t\t\t\t<\/div>\n\t\t\t\t\t<\/div>\n\t\t<\/div>\n\t\t\t\t\t<\/div>\n\t\t<\/section>\n\t\t\t\t<section class=\"elementor-section elementor-top-section elementor-element elementor-element-762809e4 elementor-section-boxed elementor-section-height-default elementor-section-height-default\" data-id=\"762809e4\" data-element_type=\"section\">\n\t\t\t\t\t\t<div class=\"elementor-container elementor-column-gap-default\">\n\t\t\t\t\t<div class=\"elementor-column elementor-col-100 elementor-top-column elementor-element elementor-element-14a1aa73\" data-id=\"14a1aa73\" data-element_type=\"column\">\n\t\t\t<div class=\"elementor-widget-wrap elementor-element-populated\">\n\t\t\t\t\t\t<div class=\"elementor-element elementor-element-277dc044 elementor-widget elementor-widget-text-editor\" data-id=\"277dc044\" data-element_type=\"widget\" data-widget_type=\"text-editor.default\">\n\t\t\t\t<div class=\"elementor-widget-container\">\n\t\t\t\t\t\t\t\t\t<p>Un des plus grands avantages d&#8217;utiliser un service de marketing par courriel bas\u00e9 sur le web comme Emailchef, c&#8217;est que <b>vous n&#8217;avez pas besoin de t\u00e9l\u00e9charger un logiciel<\/b>, et vous pouvez l&#8217;utiliser <b>n&#8217;importe o\u00f9 et n&#8217;importe quand<\/b>.<\/p>\n\n<p>Tout ce que vous devez faire est de vous connecter \u00e0 notre site. Peu importe la connexion Internet que vous utilisez \u2014 r\u00e9saux 3G inclus \u2014 Emailchef va fonctionner \u00e0 la perfection. Tous vos contacts, emails, mod\u00e8les, projets et formulaires <b>seront imm\u00e9diatement pr\u00eat<\/b><b>s<\/b>: profitez de la libert\u00e9 d&#8217;envoyer vos newsletters quand vous le souhaitez et o\u00f9 que vous soyez.<\/p>\t\t\t\t\t\t\t\t<\/div>\n\t\t\t\t<\/div>\n\t\t\t\t\t<\/div>\n\t\t<\/div>\n\t\t\t\t\t<\/div>\n\t\t<\/section>\n\t\t\t\t<\/div>\n\t\t","protected":false},"excerpt":{"rendered":"<p>Un des plus grands avantages d&#8217;utiliser un service de marketing par courriel bas\u00e9 sur le web comme Emailchef, c&#8217;est que vous n&#8217;avez pas besoin de t\u00e9l\u00e9charger un logiciel, et vous pouvez l&#8217;utiliser n&#8217;importe o\u00f9 et n&#8217;importe quand. Tout ce que vous devez faire est de vous connecter \u00e0 notre site. Peu importe la connexion Internet [&hellip;]<\/p>\n","protected":false},"author":3,"featured_media":0,"parent":1268,"menu_order":8,"comment_status":"closed","ping_status":"closed","template":"","meta":{"_acf_changed":false,"inline_featured_image":false,"footnotes":""},"g1_relation_tag":[],"class_list":["post-1296","page","type-page","status-publish","hentry"],"acf":[],"yoast_head":"<!-- This site is optimized with the Yoast SEO plugin v24.8.1 - https:\/\/yoast.com\/wordpress\/plugins\/seo\/ -->\n<title>N&#039;importe o\u00f9 et n&#039;importe quand - Emailchef<\/title>\n<meta name=\"description\" content=\"Un des plus grands avantages d&#039;utiliser un service d&#039;emailmarketing comme Emailchef, c&#039;est que vous pouvez l&#039;utiliser n&#039;importe o\u00f9 et n&#039;importe quand.\" \/>\n<meta name=\"robots\" content=\"index, follow, max-snippet:-1, max-image-preview:large, max-video-preview:-1\" \/>\n<link rel=\"canonical\" href=\"https:\/\/emailchef.com\/fr\/fonctionnalites\/n-importe-ou-n-importe-quand\/\" \/>\n<meta name=\"twitter:label1\" content=\"Dur\u00e9e de lecture estim\u00e9e\" \/>\n\t<meta name=\"twitter:data1\" content=\"1 minute\" \/>\n<!-- \/ Yoast SEO plugin. -->","yoast_head_json":{"title":"N'importe o\u00f9 et n'importe quand - Emailchef","description":"Un des plus grands avantages d'utiliser un service d'emailmarketing comme Emailchef, c'est que vous pouvez l'utiliser n'importe o\u00f9 et n'importe quand.","robots":{"index":"index","follow":"follow","max-snippet":"max-snippet:-1","max-image-preview":"max-image-preview:large","max-video-preview":"max-video-preview:-1"},"canonical":"https:\/\/emailchef.com\/fr\/fonctionnalites\/n-importe-ou-n-importe-quand\/","twitter_misc":{"Dur\u00e9e de lecture estim\u00e9e":"1 minute"},"schema":{"@context":"https:\/\/schema.org","@graph":[{"@type":"WebPage","@id":"https:\/\/emailchef.com\/fr\/fonctionnalites\/n-importe-ou-n-importe-quand\/","url":"https:\/\/emailchef.com\/fr\/fonctionnalites\/n-importe-ou-n-importe-quand\/","name":"N'importe o\u00f9 et n'importe quand - Emailchef","isPartOf":{"@id":"https:\/\/emailchef.com\/fr\/#website"},"primaryImageOfPage":{"@id":"https:\/\/emailchef.com\/fr\/fonctionnalites\/n-importe-ou-n-importe-quand\/#primaryimage"},"image":{"@id":"https:\/\/emailchef.com\/fr\/fonctionnalites\/n-importe-ou-n-importe-quand\/#primaryimage"},"thumbnailUrl":"https:\/\/emailchef.com\/wp-content\/uploads\/2022\/06\/anywhere.png","datePublished":"2014-09-04T10:44:52+00:00","dateModified":"2022-07-11T09:55:33+00:00","description":"Un des plus grands avantages d'utiliser un service d'emailmarketing comme Emailchef, c'est que vous pouvez l'utiliser n'importe o\u00f9 et n'importe quand.","breadcrumb":{"@id":"https:\/\/emailchef.com\/fr\/fonctionnalites\/n-importe-ou-n-importe-quand\/#breadcrumb"},"inLanguage":"fr-FR","potentialAction":[{"@type":"ReadAction","target":["https:\/\/emailchef.com\/fr\/fonctionnalites\/n-importe-ou-n-importe-quand\/"]}]},{"@type":"ImageObject","inLanguage":"fr-FR","@id":"https:\/\/emailchef.com\/fr\/fonctionnalites\/n-importe-ou-n-importe-quand\/#primaryimage","url":"https:\/\/emailchef.com\/wp-content\/uploads\/2022\/06\/anywhere.png","contentUrl":"https:\/\/emailchef.com\/wp-content\/uploads\/2022\/06\/anywhere.png"},{"@type":"BreadcrumbList","@id":"https:\/\/emailchef.com\/fr\/fonctionnalites\/n-importe-ou-n-importe-quand\/#breadcrumb","itemListElement":[{"@type":"ListItem","position":1,"name":"Home","item":"https:\/\/emailchef.com\/fr\/mailchef-email-marketing-emailing-et-envoi-newsletter\/"},{"@type":"ListItem","position":2,"name":"D\u00e9couvrez les fonctionnalit\u00e9s d&#8217;Emailchef","item":"https:\/\/emailchef.com\/fr\/fonctionnalites\/"},{"@type":"ListItem","position":3,"name":"N&#8217;importe o\u00f9 et n&#8217;importe quand"}]},{"@type":"WebSite","@id":"https:\/\/emailchef.com\/fr\/#website","url":"https:\/\/emailchef.com\/fr\/","name":"Emailchef","description":"Recettes go\u00fbteuses pour vos emails","publisher":{"@id":"https:\/\/emailchef.com\/fr\/#organization"},"potentialAction":[{"@type":"SearchAction","target":{"@type":"EntryPoint","urlTemplate":"https:\/\/emailchef.com\/fr\/?s={search_term_string}"},"query-input":{"@type":"PropertyValueSpecification","valueRequired":true,"valueName":"search_term_string"}}],"inLanguage":"fr-FR"},{"@type":"Organization","@id":"https:\/\/emailchef.com\/fr\/#organization","name":"Delivery Tech Corp.","url":"https:\/\/emailchef.com\/fr\/","logo":{"@type":"ImageObject","inLanguage":"fr-FR","@id":"https:\/\/emailchef.com\/fr\/#\/schema\/logo\/image\/","url":"https:\/\/emailchef.com\/wp-content\/uploads\/2022\/04\/logo-sama.png","contentUrl":"https:\/\/emailchef.com\/wp-content\/uploads\/2022\/04\/logo-sama.png","width":237,"height":80,"caption":"Delivery Tech Corp."},"image":{"@id":"https:\/\/emailchef.com\/fr\/#\/schema\/logo\/image\/"}}]}},"_links":{"self":[{"href":"https:\/\/emailchef.com\/fr\/wp-json\/wp\/v2\/pages\/1296"}],"collection":[{"href":"https:\/\/emailchef.com\/fr\/wp-json\/wp\/v2\/pages"}],"about":[{"href":"https:\/\/emailchef.com\/fr\/wp-json\/wp\/v2\/types\/page"}],"author":[{"embeddable":true,"href":"https:\/\/emailchef.com\/fr\/wp-json\/wp\/v2\/users\/3"}],"replies":[{"embeddable":true,"href":"https:\/\/emailchef.com\/fr\/wp-json\/wp\/v2\/comments?post=1296"}],"version-history":[{"count":6,"href":"https:\/\/emailchef.com\/fr\/wp-json\/wp\/v2\/pages\/1296\/revisions"}],"predecessor-version":[{"id":58384,"href":"https:\/\/emailchef.com\/fr\/wp-json\/wp\/v2\/pages\/1296\/revisions\/58384"}],"up":[{"embeddable":true,"href":"https:\/\/emailchef.com\/fr\/wp-json\/wp\/v2\/pages\/1268"}],"wp:attachment":[{"href":"https:\/\/emailchef.com\/fr\/wp-json\/wp\/v2\/media?parent=1296"}],"wp:term":[{"taxonomy":"g1_relation_tag","embeddable":true,"href":"https:\/\/emailchef.com\/fr\/wp-json\/wp\/v2\/g1_relation_tag?post=1296"}],"curies":[{"name":"wp","href":"https:\/\/api.w.org\/{rel}","templated":true}]}}