{"id":1295,"date":"2014-09-04T10:43:45","date_gmt":"2014-09-04T10:43:45","guid":{"rendered":"http:\/\/emailchef.com\/?page_id=1295"},"modified":"2024-10-17T14:31:37","modified_gmt":"2024-10-17T14:31:37","slug":"taux-livraison-les-plus-eleves","status":"publish","type":"page","link":"https:\/\/emailchef.com\/fr\/fonctionnalites\/taux-livraison-les-plus-eleves\/","title":{"rendered":"Les meilleurs taux de livraison gr\u00e2ce \u00e0 un serveur SMTP professionnel int\u00e9gr\u00e9"},"content":{"rendered":"\t\t<div data-elementor-type=\"wp-page\" data-elementor-id=\"1295\" class=\"elementor elementor-1295 elementor-145\" data-elementor-post-type=\"page\">\n\t\t\t\t\t\t<section class=\"elementor-section elementor-top-section elementor-element elementor-element-12c2c8e elementor-section-boxed elementor-section-height-default elementor-section-height-default\" data-id=\"12c2c8e\" data-element_type=\"section\">\n\t\t\t\t\t\t<div class=\"elementor-container elementor-column-gap-default\">\n\t\t\t\t\t<div class=\"elementor-column elementor-col-100 elementor-top-column elementor-element elementor-element-c240cbe\" data-id=\"c240cbe\" data-element_type=\"column\">\n\t\t\t<div class=\"elementor-widget-wrap elementor-element-populated\">\n\t\t\t\t\t\t<div class=\"elementor-element elementor-element-32bdb06 elementor-widget elementor-widget-image\" data-id=\"32bdb06\" data-element_type=\"widget\" data-widget_type=\"image.default\">\n\t\t\t\t<div class=\"elementor-widget-container\">\n\t\t\t\t\t\t\t\t\t\t\t\t\t\t\t<img fetchpriority=\"high\" decoding=\"async\" width=\"974\" height=\"600\" src=\"https:\/\/emailchef.com\/wp-content\/uploads\/2022\/06\/high-delivery-rates.png\" class=\"attachment-full size-full wp-image-57300\" alt=\"Les taux de livraison les plus \u00e9lev\u00e9s\" \/>\t\t\t\t\t\t\t\t\t\t\t\t\t\t\t<\/div>\n\t\t\t\t<\/div>\n\t\t\t\t\t<\/div>\n\t\t<\/div>\n\t\t\t\t\t<\/div>\n\t\t<\/section>\n\t\t\t\t<section class=\"elementor-section elementor-top-section elementor-element elementor-element-a83b748 elementor-section-boxed elementor-section-height-default elementor-section-height-default\" data-id=\"a83b748\" data-element_type=\"section\">\n\t\t\t\t\t\t<div class=\"elementor-container elementor-column-gap-default\">\n\t\t\t\t\t<div class=\"elementor-column elementor-col-100 elementor-top-column elementor-element elementor-element-f844b1f\" data-id=\"f844b1f\" data-element_type=\"column\">\n\t\t\t<div class=\"elementor-widget-wrap elementor-element-populated\">\n\t\t\t\t\t\t<div class=\"elementor-element elementor-element-2334fce elementor-widget elementor-widget-text-editor\" data-id=\"2334fce\" data-element_type=\"widget\" data-widget_type=\"text-editor.default\">\n\t\t\t\t<div class=\"elementor-widget-container\">\n\t\t\t\t\t\t\t\t\t<p>Cr&eacute;er le mod&egrave;le parfait pour vos emails, avec un design attractif et un contenu int&eacute;ressant, est essentiel pour obtenir de nouveaux contacts et g&eacute;n&eacute;rer des ventes.<\/p>\n<p>Mais si vos messages finissaient dans les spams ou (pire encore) n&rsquo;arrivaient pas du tout, se perdant on ne sait o&ugrave;, vous auriez gaspill&eacute; du temps et de l&rsquo;&eacute;nergie dans des campagnes qui ne seront jamais lues (au revoir les conversions).<\/p>\n<p>C&rsquo;est exactement ce qui se passe avec de nombreuses plateformes d&rsquo;email marketing \ud83d\ude05.&nbsp;<\/p>\n<p>S&rsquo;appuyer sur un service professionnel, en fait, ne garantit pas que vos messages arriveront dans la bo&icirc;te de r&eacute;ception de vos destinataires.<\/p>\n<p>C&rsquo;est l&agrave; qu&rsquo;intervient le concept de <strong><em>deliverability<\/em><\/strong> ou, en d&#8217;autres termes, la <strong>capacit&eacute; de vos emails &agrave; atteindre directement la bo&icirc;te de r&eacute;ception<\/strong> de vos abonn&eacute;s.<\/p>\n<p>De nombreux facteurs influent sur votre deliverability, mais sans aucun doute, le plus important est celui li&eacute; au serveur SMTP utilis&eacute;.<\/p>\n<p>Mais de quoi s&rsquo;agit-il ?<\/p>\n<p>Pour faire simple, un SMTP est un serveur qui s&rsquo;occupe de l&rsquo;envoi des e-mails vers leur destination, une sorte de facteur num&eacute;rique qui prend votre message et le livre &agrave; l&rsquo;adresse choisie.<\/p>\n<p>Bien s&ucirc;r, tous les principaux fournisseurs de messagerie offrent un serveur SMTP de base, mais sans un service professionnel, il n&rsquo;est pas certain que vos emails arrivent &agrave; destination \ud83d\ude05.<\/p>\n<p>Les SMTP propos&eacute;s par les diff&eacute;rents fournisseurs de messagerie pr&eacute;sentent en effet de nombreuses limites lorsqu&#8217;ils sont utilis&eacute;s pour faire du marketing par email. Par exemple, ils ne vous permettent pas d&rsquo;envoyer des emails en masse, ils ne fournissent pas d&rsquo;assistance en cas de besoin, et les adresses IP attribu&eacute;es sont partag&eacute;es avec d&#8217;autres utilisateurs.<\/p>\n<p>Ce dernier point est essentiel lorsqu&#8217;il s&#8217;agit de deliverability. Mais qu&rsquo;est-ce qu&#8217;une adresse IP ?<\/p>\n<p>Une adresse IP (<em>Internet Protocol<\/em>) est un identifiant des serveurs de messagerie qui permet le transfert et l&rsquo;acheminement des emails entre exp&eacute;diteurs et destinataires.<\/p>\t\t\t\t\t\t\t\t<\/div>\n\t\t\t\t<\/div>\n\t\t\t\t<div class=\"elementor-element elementor-element-8550fcb elementor-widget elementor-widget-image\" data-id=\"8550fcb\" data-element_type=\"widget\" data-widget_type=\"image.default\">\n\t\t\t\t<div class=\"elementor-widget-container\">\n\t\t\t\t\t\t\t\t\t\t\t\t\t\t\t<img decoding=\"async\" width=\"800\" height=\"811\" src=\"https:\/\/emailchef.com\/wp-content\/uploads\/2024\/10\/les-meilleurs-taux-de-livraison.jpg\" class=\"attachment-large size-large wp-image-76332\" alt=\"Les meilleurs taux de livraison gr\u00e2ce \u00e0 un serveur SMTP professionnel int\u00e9gr\u00e9\" srcset=\"https:\/\/emailchef.com\/wp-content\/uploads\/2024\/10\/les-meilleurs-taux-de-livraison.jpg 987w, https:\/\/emailchef.com\/wp-content\/uploads\/2024\/10\/les-meilleurs-taux-de-livraison-296x300.jpg 296w, https:\/\/emailchef.com\/wp-content\/uploads\/2024\/10\/les-meilleurs-taux-de-livraison-768x778.jpg 768w, https:\/\/emailchef.com\/wp-content\/uploads\/2024\/10\/les-meilleurs-taux-de-livraison-24x24.jpg 24w, https:\/\/emailchef.com\/wp-content\/uploads\/2024\/10\/les-meilleurs-taux-de-livraison-48x48.jpg 48w, https:\/\/emailchef.com\/wp-content\/uploads\/2024\/10\/les-meilleurs-taux-de-livraison-96x96.jpg 96w\" sizes=\"(max-width: 800px) 100vw, 800px\" \/>\t\t\t\t\t\t\t\t\t\t\t\t\t\t\t<\/div>\n\t\t\t\t<\/div>\n\t\t\t\t<div class=\"elementor-element elementor-element-3d77533 elementor-widget elementor-widget-text-editor\" data-id=\"3d77533\" data-element_type=\"widget\" data-widget_type=\"text-editor.default\">\n\t\t\t\t<div class=\"elementor-widget-container\">\n\t\t\t\t\t\t\t\t\t<p>Comme je l&rsquo;ai mentionn&eacute;, en utilisant un SMTP de base, vous serez assign&eacute; &agrave; une adresse IP partag&eacute;e.<\/p>\n<p>Mais pourquoi cela peut-il &ecirc;tre un probl&egrave;me pour votre deliverability \ud83e\udd14 ?<\/p>\n<p>Imaginez que quelqu&#8217;un (qui partage votre adresse IP) d&eacute;cide d&rsquo;envoyer du spam &agrave; ses contacts. Eh bien, cela affectera n&eacute;gativement vos taux de livraison, &agrave; cause de la r&eacute;putation endommag&eacute;e de l&rsquo;adresse IP que vous utilisez.<\/p>\n<p>Pour &eacute;viter ce genre de probl&egrave;mes, chez Emailchef, nous surveillons chaque jour les adresses IP que nous fournissons &agrave; nos clients, afin que leur r&eacute;putation reste &eacute;lev&eacute;e et qu&#8217;elles soient toujours fiables.<\/p>\n<p>Comment faisons-nous ?<\/p>\n<p>En nous appuyant sur <strong>TurboSMTP<\/strong>, notre service SMTP professionnel qui utilise uniquement des serveurs de messagerie sortante fiables et d&eacute;di&eacute;s (bas&eacute;s sur des IPs accr&eacute;dit&eacute;s et non inclus dans les listes noires), localis&eacute;s en Europe et 100 % conformes au RGPD.<\/p>\n<p>Un service SMTP professionnel vous permet en effet d&rsquo;envoyer des emails en masse &agrave; un nombre illimit&eacute; de destinataires, avec la certitude que <strong>chacun de vos messages sera livr&eacute; rapidement et en toute s&eacute;curit&eacute;<\/strong>.<\/p>\n<p>C&rsquo;est pourquoi nous utilisons une technologie professionnelle capable d&#8217;am&eacute;liorer nettement vos taux de livraison.<\/p>\n<p>Bien s&ucirc;r, il existe d&rsquo;autres plateformes qui vous permettent de b&eacute;n&eacute;ficier d&#8217;un SMTP professionnel, mais toutes imposent un co&ucirc;t suppl&eacute;mentaire par rapport &agrave; l&#8217;abonnement normal.<\/p>\n<p>En souscrivant &agrave; votre plan Emailchef, cependant, vous profiterez de <a href=\"https:\/\/serversmtp.com\/fr\/avec-turbosmtp\/\"><strong>tous les avantages offerts par TurboSMTP<\/strong><\/a> sans co&ucirc;ts suppl&eacute;mentaires.<\/p>\n<p>Il ne vous reste plus qu&#8217;&agrave; pr&eacute;parer vos emails : nous nous occuperons de les livrer &agrave; vos destinataires.<\/p>\t\t\t\t\t\t\t\t<\/div>\n\t\t\t\t<\/div>\n\t\t\t\t\t<\/div>\n\t\t<\/div>\n\t\t\t\t\t<\/div>\n\t\t<\/section>\n\t\t\t\t<\/div>\n\t\t","protected":false},"excerpt":{"rendered":"<p>Cr&eacute;er le mod&egrave;le parfait pour vos emails, avec un design attractif et un contenu int&eacute;ressant, est essentiel pour obtenir de nouveaux contacts et g&eacute;n&eacute;rer des ventes. Mais si vos messages finissaient dans les spams ou (pire encore) n&rsquo;arrivaient pas du tout, se perdant on ne sait o&ugrave;, vous auriez gaspill&eacute; du temps et de l&rsquo;&eacute;nergie [&hellip;]<\/p>\n","protected":false},"author":3,"featured_media":0,"parent":1268,"menu_order":9,"comment_status":"closed","ping_status":"closed","template":"","meta":{"_acf_changed":false,"inline_featured_image":false,"footnotes":""},"g1_relation_tag":[],"class_list":["post-1295","page","type-page","status-publish","hentry"],"acf":[],"yoast_head":"<!-- This site is optimized with the Yoast SEO plugin v24.8.1 - https:\/\/yoast.com\/wordpress\/plugins\/seo\/ -->\n<title>Les meilleurs taux de livraison gr\u00e2ce \u00e0 un serveur SMTP professionnel int\u00e9gr\u00e9 - Emailchef<\/title>\n<meta name=\"robots\" content=\"index, follow, max-snippet:-1, max-image-preview:large, max-video-preview:-1\" \/>\n<link rel=\"canonical\" href=\"https:\/\/emailchef.com\/fr\/fonctionnalites\/taux-livraison-les-plus-eleves\/\" \/>\n<meta name=\"twitter:label1\" content=\"Dur\u00e9e de lecture estim\u00e9e\" \/>\n\t<meta name=\"twitter:data1\" content=\"4 minutes\" \/>\n<!-- \/ Yoast SEO plugin. -->","yoast_head_json":{"title":"Les meilleurs taux de livraison gr\u00e2ce \u00e0 un serveur SMTP professionnel int\u00e9gr\u00e9 - Emailchef","robots":{"index":"index","follow":"follow","max-snippet":"max-snippet:-1","max-image-preview":"max-image-preview:large","max-video-preview":"max-video-preview:-1"},"canonical":"https:\/\/emailchef.com\/fr\/fonctionnalites\/taux-livraison-les-plus-eleves\/","twitter_misc":{"Dur\u00e9e de lecture estim\u00e9e":"4 minutes"},"schema":{"@context":"https:\/\/schema.org","@graph":[{"@type":"WebPage","@id":"https:\/\/emailchef.com\/fr\/fonctionnalites\/taux-livraison-les-plus-eleves\/","url":"https:\/\/emailchef.com\/fr\/fonctionnalites\/taux-livraison-les-plus-eleves\/","name":"Les meilleurs taux de livraison gr\u00e2ce \u00e0 un serveur SMTP professionnel int\u00e9gr\u00e9 - Emailchef","isPartOf":{"@id":"https:\/\/emailchef.com\/fr\/#website"},"primaryImageOfPage":{"@id":"https:\/\/emailchef.com\/fr\/fonctionnalites\/taux-livraison-les-plus-eleves\/#primaryimage"},"image":{"@id":"https:\/\/emailchef.com\/fr\/fonctionnalites\/taux-livraison-les-plus-eleves\/#primaryimage"},"thumbnailUrl":"https:\/\/emailchef.com\/wp-content\/uploads\/2022\/06\/high-delivery-rates.png","datePublished":"2014-09-04T10:43:45+00:00","dateModified":"2024-10-17T14:31:37+00:00","breadcrumb":{"@id":"https:\/\/emailchef.com\/fr\/fonctionnalites\/taux-livraison-les-plus-eleves\/#breadcrumb"},"inLanguage":"fr-FR","potentialAction":[{"@type":"ReadAction","target":["https:\/\/emailchef.com\/fr\/fonctionnalites\/taux-livraison-les-plus-eleves\/"]}]},{"@type":"ImageObject","inLanguage":"fr-FR","@id":"https:\/\/emailchef.com\/fr\/fonctionnalites\/taux-livraison-les-plus-eleves\/#primaryimage","url":"https:\/\/emailchef.com\/wp-content\/uploads\/2022\/06\/high-delivery-rates.png","contentUrl":"https:\/\/emailchef.com\/wp-content\/uploads\/2022\/06\/high-delivery-rates.png"},{"@type":"BreadcrumbList","@id":"https:\/\/emailchef.com\/fr\/fonctionnalites\/taux-livraison-les-plus-eleves\/#breadcrumb","itemListElement":[{"@type":"ListItem","position":1,"name":"Home","item":"https:\/\/emailchef.com\/fr\/mailchef-email-marketing-emailing-et-envoi-newsletter\/"},{"@type":"ListItem","position":2,"name":"D\u00e9couvrez les fonctionnalit\u00e9s d&#8217;Emailchef","item":"https:\/\/emailchef.com\/fr\/fonctionnalites\/"},{"@type":"ListItem","position":3,"name":"Les meilleurs taux de livraison gr\u00e2ce \u00e0 un serveur SMTP professionnel int\u00e9gr\u00e9"}]},{"@type":"WebSite","@id":"https:\/\/emailchef.com\/fr\/#website","url":"https:\/\/emailchef.com\/fr\/","name":"Emailchef","description":"Recettes go\u00fbteuses pour vos emails","publisher":{"@id":"https:\/\/emailchef.com\/fr\/#organization"},"potentialAction":[{"@type":"SearchAction","target":{"@type":"EntryPoint","urlTemplate":"https:\/\/emailchef.com\/fr\/?s={search_term_string}"},"query-input":{"@type":"PropertyValueSpecification","valueRequired":true,"valueName":"search_term_string"}}],"inLanguage":"fr-FR"},{"@type":"Organization","@id":"https:\/\/emailchef.com\/fr\/#organization","name":"Delivery Tech Corp.","url":"https:\/\/emailchef.com\/fr\/","logo":{"@type":"ImageObject","inLanguage":"fr-FR","@id":"https:\/\/emailchef.com\/fr\/#\/schema\/logo\/image\/","url":"https:\/\/emailchef.com\/wp-content\/uploads\/2022\/04\/logo-sama.png","contentUrl":"https:\/\/emailchef.com\/wp-content\/uploads\/2022\/04\/logo-sama.png","width":237,"height":80,"caption":"Delivery Tech Corp."},"image":{"@id":"https:\/\/emailchef.com\/fr\/#\/schema\/logo\/image\/"}}]}},"_links":{"self":[{"href":"https:\/\/emailchef.com\/fr\/wp-json\/wp\/v2\/pages\/1295"}],"collection":[{"href":"https:\/\/emailchef.com\/fr\/wp-json\/wp\/v2\/pages"}],"about":[{"href":"https:\/\/emailchef.com\/fr\/wp-json\/wp\/v2\/types\/page"}],"author":[{"embeddable":true,"href":"https:\/\/emailchef.com\/fr\/wp-json\/wp\/v2\/users\/3"}],"replies":[{"embeddable":true,"href":"https:\/\/emailchef.com\/fr\/wp-json\/wp\/v2\/comments?post=1295"}],"version-history":[{"count":9,"href":"https:\/\/emailchef.com\/fr\/wp-json\/wp\/v2\/pages\/1295\/revisions"}],"predecessor-version":[{"id":76343,"href":"https:\/\/emailchef.com\/fr\/wp-json\/wp\/v2\/pages\/1295\/revisions\/76343"}],"up":[{"embeddable":true,"href":"https:\/\/emailchef.com\/fr\/wp-json\/wp\/v2\/pages\/1268"}],"wp:attachment":[{"href":"https:\/\/emailchef.com\/fr\/wp-json\/wp\/v2\/media?parent=1295"}],"wp:term":[{"taxonomy":"g1_relation_tag","embeddable":true,"href":"https:\/\/emailchef.com\/fr\/wp-json\/wp\/v2\/g1_relation_tag?post=1295"}],"curies":[{"name":"wp","href":"https:\/\/api.w.org\/{rel}","templated":true}]}}