{"id":1293,"date":"2014-09-04T10:28:22","date_gmt":"2014-09-04T10:28:22","guid":{"rendered":"http:\/\/emailchef.com\/?page_id=1293"},"modified":"2024-10-17T13:35:08","modified_gmt":"2024-10-17T13:35:08","slug":"rapports-avances-en-temps-reel","status":"publish","type":"page","link":"https:\/\/emailchef.com\/fr\/fonctionnalites\/rapports-avances-en-temps-reel\/","title":{"rendered":"Rapports avanc\u00e9s en temps r\u00e9el"},"content":{"rendered":"\t\t<div data-elementor-type=\"wp-page\" data-elementor-id=\"1293\" class=\"elementor elementor-1293 elementor-138\" data-elementor-post-type=\"page\">\n\t\t\t\t\t\t<section class=\"elementor-section elementor-top-section elementor-element elementor-element-b576173 elementor-section-boxed elementor-section-height-default elementor-section-height-default\" data-id=\"b576173\" data-element_type=\"section\">\n\t\t\t\t\t\t<div class=\"elementor-container elementor-column-gap-default\">\n\t\t\t\t\t<div class=\"elementor-column elementor-col-100 elementor-top-column elementor-element elementor-element-5e1e868\" data-id=\"5e1e868\" data-element_type=\"column\">\n\t\t\t<div class=\"elementor-widget-wrap elementor-element-populated\">\n\t\t\t\t\t\t<div class=\"elementor-element elementor-element-36e199b elementor-widget elementor-widget-image\" data-id=\"36e199b\" data-element_type=\"widget\" data-widget_type=\"image.default\">\n\t\t\t\t<div class=\"elementor-widget-container\">\n\t\t\t\t\t\t\t\t\t\t\t\t\t\t\t<img fetchpriority=\"high\" decoding=\"async\" width=\"867\" height=\"600\" src=\"https:\/\/emailchef.com\/wp-content\/uploads\/2024\/10\/realtime-reports.png\" class=\"attachment-full size-full wp-image-76254\" alt=\"Rapports avanc\u00e9s en temps r\u00e9el\" srcset=\"https:\/\/emailchef.com\/wp-content\/uploads\/2024\/10\/realtime-reports.png 867w, https:\/\/emailchef.com\/wp-content\/uploads\/2024\/10\/realtime-reports-300x208.png 300w, https:\/\/emailchef.com\/wp-content\/uploads\/2024\/10\/realtime-reports-768x531.png 768w\" sizes=\"(max-width: 867px) 100vw, 867px\" \/>\t\t\t\t\t\t\t\t\t\t\t\t\t\t\t<\/div>\n\t\t\t\t<\/div>\n\t\t\t\t\t<\/div>\n\t\t<\/div>\n\t\t\t\t\t<\/div>\n\t\t<\/section>\n\t\t\t\t<section class=\"elementor-section elementor-top-section elementor-element elementor-element-e446f00 elementor-section-boxed elementor-section-height-default elementor-section-height-default\" data-id=\"e446f00\" data-element_type=\"section\">\n\t\t\t\t\t\t<div class=\"elementor-container elementor-column-gap-default\">\n\t\t\t\t\t<div class=\"elementor-column elementor-col-100 elementor-top-column elementor-element elementor-element-bcb2dd1\" data-id=\"bcb2dd1\" data-element_type=\"column\">\n\t\t\t<div class=\"elementor-widget-wrap elementor-element-populated\">\n\t\t\t\t\t\t<div class=\"elementor-element elementor-element-e2b0277 elementor-widget elementor-widget-text-editor\" data-id=\"e2b0277\" data-element_type=\"widget\" data-widget_type=\"text-editor.default\">\n\t\t\t\t<div class=\"elementor-widget-container\">\n\t\t\t\t\t\t\t\t\t<p>Les statistiques sont un &eacute;l&eacute;ment essentiel pour le succ&egrave;s de toute campagne d&#8217;email marketing.<\/p>\n<p>Pourquoi ?<\/p>\n<p>Elles repr&eacute;sentent le seul moyen de savoir si vos campagnes fonctionnent ou non (et elles vous donnent la possibilit&eacute; d&#8217;am&eacute;liorer vos envois futurs). Gr&acirc;ce aux statistiques, vous saurez si vos contacts ouvrent ou non les emails que vous envoyez, s&#8217;ils lisent r&eacute;guli&egrave;rement vos messages et, surtout, s&#8217;ils cliquent sur vos CTA.<\/p>\n<p>C&#8217;est pourquoi Emailchef met &agrave; votre disposition des statistiques pr&eacute;cises, compl&egrave;tes et toujours mises &agrave; jour en temps r&eacute;el, afin de suivre &agrave; tout moment la performance de vos campagnes \ud83d\ude80.<\/p>\t\t\t\t\t\t\t\t<\/div>\n\t\t\t\t<\/div>\n\t\t\t\t<div class=\"elementor-element elementor-element-36d6c8d elementor-widget elementor-widget-html\" data-id=\"36d6c8d\" data-element_type=\"widget\" data-widget_type=\"html.default\">\n\t\t\t\t<div class=\"elementor-widget-container\">\n\t\t\t\t\t<div class=\"lyte-wrapper\" title=\"[EN] Introducing Campaign Reports\" style=\"width:640px;max-width:100%;margin:5px;\"><div class=\"lyMe\" id=\"WYL_tAjvX0w0TGU\"><div id=\"lyte_tAjvX0w0TGU\" data-src=\"https:\/\/emailchef.com\/wp-content\/plugins\/wp-youtube-lyte\/lyteCache.php?origThumbUrl=https%3A%2F%2Fi.ytimg.com%2Fvi%2FtAjvX0w0TGU%2Fhqdefault.jpg\" class=\"pL\"><div class=\"tC\"><div class=\"tT\">[EN] Introducing Campaign Reports<\/div><\/div><div class=\"play\"><\/div><div class=\"ctrl\"><div class=\"Lctrl\"><\/div><div class=\"Rctrl\"><\/div><\/div><\/div><noscript><a href=\"https:\/\/youtu.be\/tAjvX0w0TGU\" rel=\"nofollow\"><img decoding=\"async\" src=\"https:\/\/emailchef.com\/wp-content\/plugins\/wp-youtube-lyte\/lyteCache.php?origThumbUrl=https%3A%2F%2Fi.ytimg.com%2Fvi%2FtAjvX0w0TGU%2F0.jpg\" alt=\"[EN] Introducing Campaign Reports\" width=\"640\" height=\"340\" \/><br \/>Lire cette vid\u00e9o sur YouTube<\/a><\/noscript><\/div><\/div><div class=\"lL\" style=\"max-width:100%;width:640px;margin:5px;\"><\/div>\n<div class=\"ec-video-button hide centered\">\n\t<a href=\"https:\/\/youtu.be\/tAjvX0w0TGU\" rel=\"prettyPhoto\" title=\"Play Video\">Play Video <i class=\"fa fa-play-circle fa-2x\"><\/i><\/a>\n<\/div>\t\t\t\t<\/div>\n\t\t\t\t<\/div>\n\t\t\t\t<div class=\"elementor-element elementor-element-329341c elementor-widget elementor-widget-text-editor\" data-id=\"329341c\" data-element_type=\"widget\" data-widget_type=\"text-editor.default\">\n\t\t\t\t<div class=\"elementor-widget-container\">\n\t\t\t\t\t\t\t\t\t<p>Les outils \u00e0 votre disposition sont au nombre de deux :<\/p>\t\t\t\t\t\t\t\t<\/div>\n\t\t\t\t<\/div>\n\t\t\t\t<div class=\"elementor-element elementor-element-28afb65 elementor-icon-list--layout-traditional elementor-list-item-link-full_width elementor-widget elementor-widget-icon-list\" data-id=\"28afb65\" data-element_type=\"widget\" data-widget_type=\"icon-list.default\">\n\t\t\t\t<div class=\"elementor-widget-container\">\n\t\t\t\t\t\t\t<ul class=\"elementor-icon-list-items\">\n\t\t\t\t\t\t\t<li class=\"elementor-icon-list-item\">\n\t\t\t\t\t\t\t\t\t\t\t<span class=\"elementor-icon-list-icon\">\n\t\t\t\t\t\t\t<i aria-hidden=\"true\" class=\"fas fa-angle-right\"><\/i>\t\t\t\t\t\t<\/span>\n\t\t\t\t\t\t\t\t\t\t<span class=\"elementor-icon-list-text\"><strong>Les rapports sur les campagnes et les automatisations<\/strong>;<\/span>\n\t\t\t\t\t\t\t\t\t<\/li>\n\t\t\t\t\t\t\t\t<li class=\"elementor-icon-list-item\">\n\t\t\t\t\t\t\t\t\t\t\t<span class=\"elementor-icon-list-icon\">\n\t\t\t\t\t\t\t<i aria-hidden=\"true\" class=\"fas fa-angle-right\"><\/i>\t\t\t\t\t\t<\/span>\n\t\t\t\t\t\t\t\t\t\t<span class=\"elementor-icon-list-text\"><strong>Les flux avec les interactions de chaque contact<\/strong>.<\/span>\n\t\t\t\t\t\t\t\t\t<\/li>\n\t\t\t\t\t\t<\/ul>\n\t\t\t\t\t\t<\/div>\n\t\t\t\t<\/div>\n\t\t\t\t<div class=\"elementor-element elementor-element-ac5bd56 elementor-widget elementor-widget-text-editor\" data-id=\"ac5bd56\" data-element_type=\"widget\" data-widget_type=\"text-editor.default\">\n\t\t\t\t<div class=\"elementor-widget-container\">\n\t\t\t\t\t\t\t\t\t<p>Les r&eacute;sultats des envois sont pr&eacute;sent&eacute;s sous forme de graphiques tr&egrave;s intuitifs, qui vous permettent de visualiser imm&eacute;diatement la performance de vos campagnes.<\/p>\n<p>Mais ce n&#8217;est pas tout.<\/p>\n<p>Vous pourrez &eacute;galement analyser vos performances gr&acirc;ce au graphique chronologique, afin d&#8217;examiner les diff&eacute;rentes m&eacute;triques &agrave; l&#8217;&eacute;chelle horaire ou journali&egrave;re.<\/p>\n<p>Emailchef vous propose &eacute;galement une carte des clics (pour d&eacute;couvrir sur quels liens vos contacts ont cliqu&eacute;) ainsi qu&#8217;une carte g&eacute;ographique pour analyser vos r&eacute;sultats au niveau national.<\/p>\n<p>Mais proc&eacute;dons &eacute;tape par &eacute;tape.<\/p>\n<p>Les rapports de campagne sont l&#8217;un des outils d&#8217;analyse avanc&eacute;e offerts par Emailchef. Ils vous aident &agrave; comprendre les performances globales de vos envois.<\/p>\n<p>Quelles sont les m&eacute;triques que vous pouvez analyser ?<\/p>\n<p>&Agrave; titre d&#8217;exemple, vous pourrez conna&icirc;tre votre taux de livraison ou de clics, d&eacute;couvrir le pourcentage de d&eacute;sabonnement de votre liste de diffusion, voir combien de messages ont &eacute;t&eacute; renvoy&eacute;s en erreur (c&#8217;est-&agrave;-dire ceux qui n&#8217;ont pas atteint leur destination), ou encore consulter le nombre total de plaintes pour spam re&ccedil;ues.<\/p>\t\t\t\t\t\t\t\t<\/div>\n\t\t\t\t<\/div>\n\t\t\t\t<div class=\"elementor-element elementor-element-a012504 elementor-widget elementor-widget-image\" data-id=\"a012504\" data-element_type=\"widget\" data-widget_type=\"image.default\">\n\t\t\t\t<div class=\"elementor-widget-container\">\n\t\t\t\t\t\t\t\t\t\t\t\t\t\t\t\t<a href=\"https:\/\/emailchef.com\/wp-content\/uploads\/2024\/10\/cake-graphs.jpg\" data-elementor-open-lightbox=\"yes\" data-elementor-lightbox-title=\"cake-graphs.jpg\" data-e-action-hash=\"#elementor-action%3Aaction%3Dlightbox%26settings%3DeyJpZCI6NzYyNjMsInVybCI6Imh0dHBzOlwvXC9lbWFpbGNoZWYuY29tXC93cC1jb250ZW50XC91cGxvYWRzXC8yMDI0XC8xMFwvY2FrZS1ncmFwaHMuanBnIn0%3D\">\n\t\t\t\t\t\t\t<img decoding=\"async\" width=\"800\" height=\"147\" src=\"https:\/\/emailchef.com\/wp-content\/uploads\/2024\/10\/cake-graphs-1024x188.jpg\" class=\"attachment-large size-large wp-image-76263\" alt=\"Estad\u00edsticas avanzadas de campa\u00f1as de marketing por correo electr\u00f3nico\" srcset=\"https:\/\/emailchef.com\/wp-content\/uploads\/2024\/10\/cake-graphs-1024x188.jpg 1024w, https:\/\/emailchef.com\/wp-content\/uploads\/2024\/10\/cake-graphs-300x55.jpg 300w, https:\/\/emailchef.com\/wp-content\/uploads\/2024\/10\/cake-graphs-768x141.jpg 768w, https:\/\/emailchef.com\/wp-content\/uploads\/2024\/10\/cake-graphs.jpg 1114w\" sizes=\"(max-width: 800px) 100vw, 800px\" \/>\t\t\t\t\t\t\t\t<\/a>\n\t\t\t\t\t\t\t\t\t\t\t\t\t\t\t<\/div>\n\t\t\t\t<\/div>\n\t\t\t\t<div class=\"elementor-element elementor-element-c47add9 elementor-widget elementor-widget-text-editor\" data-id=\"c47add9\" data-element_type=\"widget\" data-widget_type=\"text-editor.default\">\n\t\t\t\t<div class=\"elementor-widget-container\">\n\t\t\t\t\t\t\t\t\t<p>Gr&acirc;ce au graphique chronologique, vous pouvez identifier les jours et les heures o&ugrave; les destinataires interagissent le plus avec vos contenus. Ce sont des donn&eacute;es pr&eacute;cieuses que vous pouvez utiliser pour tirer le meilleur parti de vos campagnes.<\/p>\n<p>Vos contacts ouvrent principalement leurs e-mails le week-end et vous constatez un pic de clics le dimanche apr&egrave;s-midi ? Envoyer vos prochains messages &agrave; ce moment-l&agrave; pourrait &ecirc;tre une excellente id&eacute;e \ud83d\ude0e.<\/p>\n<p>La carte des clics est un autre outil qui vous sera tr&egrave;s utile. Elle vous montre exactement quels liens ont &eacute;t&eacute; cliqu&eacute;s par vos contacts (et combien de fois ils l&#8217;ont fait).<\/p>\t\t\t\t\t\t\t\t<\/div>\n\t\t\t\t<\/div>\n\t\t\t\t<div class=\"elementor-element elementor-element-04437cc elementor-widget elementor-widget-image\" data-id=\"04437cc\" data-element_type=\"widget\" data-widget_type=\"image.default\">\n\t\t\t\t<div class=\"elementor-widget-container\">\n\t\t\t\t\t\t\t\t\t\t\t\t\t\t\t\t<a href=\"https:\/\/emailchef.com\/wp-content\/uploads\/2024\/10\/click-map-eng.png\" data-elementor-open-lightbox=\"yes\" data-elementor-lightbox-title=\"click-map-eng.png\" data-e-action-hash=\"#elementor-action%3Aaction%3Dlightbox%26settings%3DeyJpZCI6NzYyNzIsInVybCI6Imh0dHBzOlwvXC9lbWFpbGNoZWYuY29tXC93cC1jb250ZW50XC91cGxvYWRzXC8yMDI0XC8xMFwvY2xpY2stbWFwLWVuZy5wbmcifQ%3D%3D\">\n\t\t\t\t\t\t\t<img loading=\"lazy\" decoding=\"async\" width=\"758\" height=\"556\" src=\"https:\/\/emailchef.com\/wp-content\/uploads\/2024\/10\/click-map-eng.png\" class=\"attachment-large size-large wp-image-76272\" alt=\"Estad\u00edsticas avanzadas de campa\u00f1as de marketing por correo electr\u00f3nico\" srcset=\"https:\/\/emailchef.com\/wp-content\/uploads\/2024\/10\/click-map-eng.png 758w, https:\/\/emailchef.com\/wp-content\/uploads\/2024\/10\/click-map-eng-300x220.png 300w\" sizes=\"(max-width: 758px) 100vw, 758px\" \/>\t\t\t\t\t\t\t\t<\/a>\n\t\t\t\t\t\t\t\t\t\t\t\t\t\t\t<\/div>\n\t\t\t\t<\/div>\n\t\t\t\t<div class=\"elementor-element elementor-element-c07aa00 elementor-widget elementor-widget-text-editor\" data-id=\"c07aa00\" data-element_type=\"widget\" data-widget_type=\"text-editor.default\">\n\t\t\t\t<div class=\"elementor-widget-container\">\n\t\t\t\t\t\t\t\t\t<p>L&#8217;ouverture par pays, en revanche, vous montre o&ugrave; se trouvait la personne qui a ouvert les e-mails. Surtout si vos campagnes ont une port&eacute;e internationale, ce service est tr&egrave;s utile pour comprendre leur performance &agrave; l&#8217;&eacute;chelle nationale.<\/p>\n<p>Une m&ecirc;me campagne a obtenu d&#8217;excellents r&eacute;sultats en Italie, mais par exemple, semble ne pas fonctionner en France ? Dans ce cas, il serait pr&eacute;f&eacute;rable de r&eacute;adapter la communication pour ce pays.<\/p>\t\t\t\t\t\t\t\t<\/div>\n\t\t\t\t<\/div>\n\t\t\t\t<div class=\"elementor-element elementor-element-18d773b elementor-widget elementor-widget-image\" data-id=\"18d773b\" data-element_type=\"widget\" data-widget_type=\"image.default\">\n\t\t\t\t<div class=\"elementor-widget-container\">\n\t\t\t\t\t\t\t\t\t\t\t\t\t\t\t\t<a href=\"https:\/\/emailchef.com\/wp-content\/uploads\/2024\/10\/top-countrues-by-open.png\" data-elementor-open-lightbox=\"yes\" data-elementor-lightbox-title=\"top-countrues-by-open.png\" data-e-action-hash=\"#elementor-action%3Aaction%3Dlightbox%26settings%3DeyJpZCI6NzYyODEsInVybCI6Imh0dHBzOlwvXC9lbWFpbGNoZWYuY29tXC93cC1jb250ZW50XC91cGxvYWRzXC8yMDI0XC8xMFwvdG9wLWNvdW50cnVlcy1ieS1vcGVuLnBuZyJ9\">\n\t\t\t\t\t\t\t<img loading=\"lazy\" decoding=\"async\" width=\"800\" height=\"439\" src=\"https:\/\/emailchef.com\/wp-content\/uploads\/2024\/10\/top-countrues-by-open-1024x562.png\" class=\"attachment-large size-large wp-image-76281\" alt=\"Estad\u00edsticas avanzadas de campa\u00f1as de marketing por correo electr\u00f3nico\" srcset=\"https:\/\/emailchef.com\/wp-content\/uploads\/2024\/10\/top-countrues-by-open-1024x562.png 1024w, https:\/\/emailchef.com\/wp-content\/uploads\/2024\/10\/top-countrues-by-open-300x165.png 300w, https:\/\/emailchef.com\/wp-content\/uploads\/2024\/10\/top-countrues-by-open-768x421.png 768w, https:\/\/emailchef.com\/wp-content\/uploads\/2024\/10\/top-countrues-by-open.png 1054w\" sizes=\"(max-width: 800px) 100vw, 800px\" \/>\t\t\t\t\t\t\t\t<\/a>\n\t\t\t\t\t\t\t\t\t\t\t\t\t\t\t<\/div>\n\t\t\t\t<\/div>\n\t\t\t\t<div class=\"elementor-element elementor-element-2d8387e elementor-widget elementor-widget-text-editor\" data-id=\"2d8387e\" data-element_type=\"widget\" data-widget_type=\"text-editor.default\">\n\t\t\t\t<div class=\"elementor-widget-container\">\n\t\t\t\t\t\t\t\t\t<p>Emailchef vous permet ensuite d&#8217;imprimer les statistiques de vos campagnes au format papier ou de les t&eacute;l&eacute;charger en PDF, avec une couverture et une fiche de r&eacute;capitulatif. Si vous le souhaitez, vous pourrez personnaliser le rapport en s&eacute;lectionnant uniquement les sections qui vous int&eacute;ressent, par exemple en incluant uniquement les donn&eacute;es relatives aux ouvertures et aux clics.<\/p>\n<p>Et voil&agrave;, votre document sera pr&ecirc;t pour une pr&eacute;sentation professionnelle ou pour &ecirc;tre transmis aux membres de votre &eacute;quipe !<\/p>\t\t\t\t\t\t\t\t<\/div>\n\t\t\t\t<\/div>\n\t\t\t\t<div class=\"elementor-element elementor-element-cb6457f elementor-widget elementor-widget-html\" data-id=\"cb6457f\" data-element_type=\"widget\" data-widget_type=\"html.default\">\n\t\t\t\t<div class=\"elementor-widget-container\">\n\t\t\t\t\t<div class=\"lyte-wrapper\" title=\"[EN] Print your campaign reports\" style=\"width:640px;max-width:100%;margin:5px;\"><div class=\"lyMe\" id=\"WYL_cuXO1vsEbRk\"><div id=\"lyte_cuXO1vsEbRk\" data-src=\"https:\/\/emailchef.com\/wp-content\/plugins\/wp-youtube-lyte\/lyteCache.php?origThumbUrl=https%3A%2F%2Fi.ytimg.com%2Fvi%2FcuXO1vsEbRk%2Fhqdefault.jpg\" class=\"pL\"><div class=\"tC\"><div class=\"tT\">[EN] Print your campaign reports<\/div><\/div><div class=\"play\"><\/div><div class=\"ctrl\"><div class=\"Lctrl\"><\/div><div class=\"Rctrl\"><\/div><\/div><\/div><noscript><a href=\"https:\/\/youtu.be\/cuXO1vsEbRk\" rel=\"nofollow\"><img loading=\"lazy\" decoding=\"async\" src=\"https:\/\/emailchef.com\/wp-content\/plugins\/wp-youtube-lyte\/lyteCache.php?origThumbUrl=https%3A%2F%2Fi.ytimg.com%2Fvi%2FcuXO1vsEbRk%2F0.jpg\" alt=\"[EN] Print your campaign reports\" width=\"640\" height=\"340\" \/><br \/>Lire cette vid\u00e9o sur YouTube<\/a><\/noscript><\/div><\/div><div class=\"lL\" style=\"max-width:100%;width:640px;margin:5px;\"><\/div>\n<div class=\"ec-video-button hide centered\">\n\t<a href=\"https:\/\/youtu.be\/cuXO1vsEbRk\" rel=\"prettyPhoto\" title=\"Play Video\">Play Video <i class=\"fa fa-play-circle fa-2x\"><\/i><\/a>\n<\/div>\t\t\t\t<\/div>\n\t\t\t\t<\/div>\n\t\t\t\t<div class=\"elementor-element elementor-element-5281fd6 elementor-widget elementor-widget-text-editor\" data-id=\"5281fd6\" data-element_type=\"widget\" data-widget_type=\"text-editor.default\">\n\t\t\t\t<div class=\"elementor-widget-container\">\n\t\t\t\t\t\t\t\t\t<p>Mais comment fonctionne <strong>le flux avec les interactions des contacts <\/strong>? <\/p>\n<p>Il s&#8217;agit d&#8217;un rapport d&eacute;taill&eacute; qui contient les interactions de chaque abonn&eacute; &agrave; vos listes et peut vous aider &agrave; comprendre qui est le plus int&eacute;ress&eacute; par le contenu que vous proposez. <\/p>\n<p>Gr&acirc;ce &agrave; ces rapports, vous aurez &eacute;galement acc&egrave;s &agrave; une chronologie compl&egrave;te, qui inclut tous les e-mails re&ccedil;us par chaque abonn&eacute;, indique le taux d&#8217;engagement en termes d&#8217;ouvertures et les liens sur lesquels il a cliqu&eacute;. <\/p>\n<p>Pour chaque abonn&eacute;, vous pourrez savoir comment il s&#8217;est inscrit (s&#8217;il a &eacute;t&eacute; ajout&eacute; par l&#8217;administrateur ou s&#8217;il l&#8217;a fait lui-m&ecirc;me via un formulaire d&#8217;inscription), la date &agrave; laquelle il a rejoint la liste, son adresse IP, sa position g&eacute;ographique ou l&#8217;&eacute;tat de son abonnement.<\/p>\t\t\t\t\t\t\t\t<\/div>\n\t\t\t\t<\/div>\n\t\t\t\t\t<\/div>\n\t\t<\/div>\n\t\t\t\t\t<\/div>\n\t\t<\/section>\n\t\t\t\t<\/div>\n\t\t","protected":false},"excerpt":{"rendered":"<p>Les statistiques sont un &eacute;l&eacute;ment essentiel pour le succ&egrave;s de toute campagne d&#8217;email marketing. Pourquoi ? Elles repr&eacute;sentent le seul moyen de savoir si vos campagnes fonctionnent ou non (et elles vous donnent la possibilit&eacute; d&#8217;am&eacute;liorer vos envois futurs). Gr&acirc;ce aux statistiques, vous saurez si vos contacts ouvrent ou non les emails que vous envoyez, [&hellip;]<\/p>\n","protected":false},"author":3,"featured_media":0,"parent":1268,"menu_order":5,"comment_status":"closed","ping_status":"closed","template":"","meta":{"_acf_changed":false,"inline_featured_image":false,"footnotes":""},"g1_relation_tag":[],"class_list":["post-1293","page","type-page","status-publish","hentry"],"acf":[],"yoast_head":"<!-- This site is optimized with the Yoast SEO plugin v24.8.1 - https:\/\/yoast.com\/wordpress\/plugins\/seo\/ -->\n<title>Rapports avanc\u00e9s en temps r\u00e9el - Emailchef<\/title>\n<meta name=\"description\" content=\"Rapports avanc\u00e9s en temps r\u00e9el pour vos campagnes d&#039;emailing avec Emailchef, la plate-forme d&#039;email marketing la plus efficace.\" \/>\n<meta name=\"robots\" content=\"index, follow, max-snippet:-1, max-image-preview:large, max-video-preview:-1\" \/>\n<link rel=\"canonical\" href=\"https:\/\/emailchef.com\/fr\/fonctionnalites\/rapports-avances-en-temps-reel\/\" \/>\n<meta name=\"twitter:label1\" content=\"Dur\u00e9e de lecture estim\u00e9e\" \/>\n\t<meta name=\"twitter:data1\" content=\"5 minutes\" \/>\n<!-- \/ Yoast SEO plugin. -->","yoast_head_json":{"title":"Rapports avanc\u00e9s en temps r\u00e9el - Emailchef","description":"Rapports avanc\u00e9s en temps r\u00e9el pour vos campagnes d'emailing avec Emailchef, la plate-forme d'email marketing la plus efficace.","robots":{"index":"index","follow":"follow","max-snippet":"max-snippet:-1","max-image-preview":"max-image-preview:large","max-video-preview":"max-video-preview:-1"},"canonical":"https:\/\/emailchef.com\/fr\/fonctionnalites\/rapports-avances-en-temps-reel\/","twitter_misc":{"Dur\u00e9e de lecture estim\u00e9e":"5 minutes"},"schema":{"@context":"https:\/\/schema.org","@graph":[{"@type":"WebPage","@id":"https:\/\/emailchef.com\/fr\/fonctionnalites\/rapports-avances-en-temps-reel\/","url":"https:\/\/emailchef.com\/fr\/fonctionnalites\/rapports-avances-en-temps-reel\/","name":"Rapports avanc\u00e9s en temps r\u00e9el - Emailchef","isPartOf":{"@id":"https:\/\/emailchef.com\/fr\/#website"},"primaryImageOfPage":{"@id":"https:\/\/emailchef.com\/fr\/fonctionnalites\/rapports-avances-en-temps-reel\/#primaryimage"},"image":{"@id":"https:\/\/emailchef.com\/fr\/fonctionnalites\/rapports-avances-en-temps-reel\/#primaryimage"},"thumbnailUrl":"https:\/\/emailchef.com\/wp-content\/uploads\/2024\/10\/realtime-reports.png","datePublished":"2014-09-04T10:28:22+00:00","dateModified":"2024-10-17T13:35:08+00:00","description":"Rapports avanc\u00e9s en temps r\u00e9el pour vos campagnes d'emailing avec Emailchef, la plate-forme d'email marketing la plus efficace.","breadcrumb":{"@id":"https:\/\/emailchef.com\/fr\/fonctionnalites\/rapports-avances-en-temps-reel\/#breadcrumb"},"inLanguage":"fr-FR","potentialAction":[{"@type":"ReadAction","target":["https:\/\/emailchef.com\/fr\/fonctionnalites\/rapports-avances-en-temps-reel\/"]}]},{"@type":"ImageObject","inLanguage":"fr-FR","@id":"https:\/\/emailchef.com\/fr\/fonctionnalites\/rapports-avances-en-temps-reel\/#primaryimage","url":"https:\/\/emailchef.com\/wp-content\/uploads\/2024\/10\/realtime-reports.png","contentUrl":"https:\/\/emailchef.com\/wp-content\/uploads\/2024\/10\/realtime-reports.png"},{"@type":"BreadcrumbList","@id":"https:\/\/emailchef.com\/fr\/fonctionnalites\/rapports-avances-en-temps-reel\/#breadcrumb","itemListElement":[{"@type":"ListItem","position":1,"name":"Home","item":"https:\/\/emailchef.com\/fr\/mailchef-email-marketing-emailing-et-envoi-newsletter\/"},{"@type":"ListItem","position":2,"name":"D\u00e9couvrez les fonctionnalit\u00e9s d&#8217;Emailchef","item":"https:\/\/emailchef.com\/fr\/fonctionnalites\/"},{"@type":"ListItem","position":3,"name":"Rapports avanc\u00e9s en temps r\u00e9el"}]},{"@type":"WebSite","@id":"https:\/\/emailchef.com\/fr\/#website","url":"https:\/\/emailchef.com\/fr\/","name":"Emailchef","description":"Recettes go\u00fbteuses pour vos emails","publisher":{"@id":"https:\/\/emailchef.com\/fr\/#organization"},"potentialAction":[{"@type":"SearchAction","target":{"@type":"EntryPoint","urlTemplate":"https:\/\/emailchef.com\/fr\/?s={search_term_string}"},"query-input":{"@type":"PropertyValueSpecification","valueRequired":true,"valueName":"search_term_string"}}],"inLanguage":"fr-FR"},{"@type":"Organization","@id":"https:\/\/emailchef.com\/fr\/#organization","name":"Delivery Tech Corp.","url":"https:\/\/emailchef.com\/fr\/","logo":{"@type":"ImageObject","inLanguage":"fr-FR","@id":"https:\/\/emailchef.com\/fr\/#\/schema\/logo\/image\/","url":"https:\/\/emailchef.com\/wp-content\/uploads\/2022\/04\/logo-sama.png","contentUrl":"https:\/\/emailchef.com\/wp-content\/uploads\/2022\/04\/logo-sama.png","width":237,"height":80,"caption":"Delivery Tech Corp."},"image":{"@id":"https:\/\/emailchef.com\/fr\/#\/schema\/logo\/image\/"}}]}},"_links":{"self":[{"href":"https:\/\/emailchef.com\/fr\/wp-json\/wp\/v2\/pages\/1293"}],"collection":[{"href":"https:\/\/emailchef.com\/fr\/wp-json\/wp\/v2\/pages"}],"about":[{"href":"https:\/\/emailchef.com\/fr\/wp-json\/wp\/v2\/types\/page"}],"author":[{"embeddable":true,"href":"https:\/\/emailchef.com\/fr\/wp-json\/wp\/v2\/users\/3"}],"replies":[{"embeddable":true,"href":"https:\/\/emailchef.com\/fr\/wp-json\/wp\/v2\/comments?post=1293"}],"version-history":[{"count":15,"href":"https:\/\/emailchef.com\/fr\/wp-json\/wp\/v2\/pages\/1293\/revisions"}],"predecessor-version":[{"id":76296,"href":"https:\/\/emailchef.com\/fr\/wp-json\/wp\/v2\/pages\/1293\/revisions\/76296"}],"up":[{"embeddable":true,"href":"https:\/\/emailchef.com\/fr\/wp-json\/wp\/v2\/pages\/1268"}],"wp:attachment":[{"href":"https:\/\/emailchef.com\/fr\/wp-json\/wp\/v2\/media?parent=1293"}],"wp:term":[{"taxonomy":"g1_relation_tag","embeddable":true,"href":"https:\/\/emailchef.com\/fr\/wp-json\/wp\/v2\/g1_relation_tag?post=1293"}],"curies":[{"name":"wp","href":"https:\/\/api.w.org\/{rel}","templated":true}]}}