{"id":1285,"date":"2014-09-04T10:10:54","date_gmt":"2014-09-04T10:10:54","guid":{"rendered":"http:\/\/emailchef.com\/?page_id=1285"},"modified":"2022-07-11T09:15:04","modified_gmt":"2022-07-11T09:15:04","slug":"composez-campagne-partir-zero","status":"publish","type":"page","link":"https:\/\/emailchef.com\/fr\/fonctionnalites\/composez-campagne-partir-zero\/","title":{"rendered":"Composez votre campagne \u00e0 partir de z\u00e9ro"},"content":{"rendered":"\t\t<div data-elementor-type=\"wp-page\" data-elementor-id=\"1285\" class=\"elementor elementor-1285 elementor-128\" data-elementor-post-type=\"page\">\n\t\t\t\t\t\t<section class=\"elementor-section elementor-top-section elementor-element elementor-element-5ef6d8c elementor-section-boxed elementor-section-height-default elementor-section-height-default\" data-id=\"5ef6d8c\" data-element_type=\"section\">\n\t\t\t\t\t\t<div class=\"elementor-container elementor-column-gap-default\">\n\t\t\t\t\t<div class=\"elementor-column elementor-col-100 elementor-top-column elementor-element elementor-element-9d3b3e5\" data-id=\"9d3b3e5\" data-element_type=\"column\">\n\t\t\t<div class=\"elementor-widget-wrap elementor-element-populated\">\n\t\t\t\t\t\t<div class=\"elementor-element elementor-element-40875c1 elementor-widget elementor-widget-image\" data-id=\"40875c1\" data-element_type=\"widget\" data-widget_type=\"image.default\">\n\t\t\t\t<div class=\"elementor-widget-container\">\n\t\t\t\t\t\t\t\t\t\t\t\t\t\t\t<img fetchpriority=\"high\" decoding=\"async\" width=\"744\" height=\"600\" src=\"https:\/\/emailchef.com\/wp-content\/uploads\/2022\/06\/send-campaign.png\" class=\"attachment-full size-full wp-image-57154\" alt=\"Composez votre campagne \u00e0 partir de z\u00e9ro\" \/>\t\t\t\t\t\t\t\t\t\t\t\t\t\t\t<\/div>\n\t\t\t\t<\/div>\n\t\t\t\t\t<\/div>\n\t\t<\/div>\n\t\t\t\t\t<\/div>\n\t\t<\/section>\n\t\t\t\t<section class=\"elementor-section elementor-top-section elementor-element elementor-element-85e65f5 elementor-section-boxed elementor-section-height-default elementor-section-height-default\" data-id=\"85e65f5\" data-element_type=\"section\">\n\t\t\t\t\t\t<div class=\"elementor-container elementor-column-gap-default\">\n\t\t\t\t\t<div class=\"elementor-column elementor-col-100 elementor-top-column elementor-element elementor-element-6cb8a09f\" data-id=\"6cb8a09f\" data-element_type=\"column\">\n\t\t\t<div class=\"elementor-widget-wrap elementor-element-populated\">\n\t\t\t\t\t\t<div class=\"elementor-element elementor-element-237a9285 elementor-widget elementor-widget-text-editor\" data-id=\"237a9285\" data-element_type=\"widget\" data-widget_type=\"text-editor.default\">\n\t\t\t\t<div class=\"elementor-widget-container\">\n\t\t\t\t\t\t\t\t\t<p>Les outils d\u2019EEmailchef vous permettent de g\u00e9rer facilement toutes les \u00e9tapes de la campagne, de la cr\u00e9ation du courrier \u00e9lectronique \u00e0 l\u2019analyse des donn\u00e9es. Vous n&#8217;aurez jamais besoin d&#8217;un service tiers et pouvez simplement vous concentrer sur l&#8217;am\u00e9lioration de l&#8217;efficacit\u00e9 de votre newsletter.<\/p>\n<div class=\"g1-space\" style=\"height: 25px;\"><\/div>\n\n<h3>Cr\u00e9ation<\/h3>\n<p>Cr\u00e9er une newsletter ou une <strong>campagne d&#8217;email marketing<\/strong> est un jeu d&#8217;enfant avec Emailchef. Choisissez entre <strong>trois options de conception diff\u00e9rentes<\/strong>:<\/p>\n\n<div class=\"g1-space\" style=\"height: 20px;\"><\/div>\n\n\n<ul id=\"\" class=\"g1-list g1-list--icon g1-list--simple \">\n \t<li><i class=\"fa fa-arrow-right g1-list__icon\"><\/i>Choisissez un <strong>mod\u00e8le pr\u00eat \u00e0 l&#8217;emploi<\/strong> dans notre collection. Nous proposons un grand nombre de mod\u00e8les de courrier \u00e9lectronique, tous enti\u00e8rement personnalisables.<\/li>\n \t<li><i class=\"fa fa-arrow-right g1-list__icon\"><\/i>Cr\u00e9ez <strong>une nouvelle mise en page \u00e0 partir de z\u00e9ro<\/strong>. L\u2019\u00e9diteur de glisser-d\u00e9poser polyvalent d\u2019Emailchef comprend un puissant \u00e9diteur de photos;<\/li>\n \t<li><i class=\"fa fa-arrow-right g1-list__icon\"><\/i>Ou bien \u00e9crivez votre code vous-m\u00eame avec notre <strong>\u00e9diteur HTML avanc\u00e9<\/strong>.<\/li>\n<\/ul>\n\n\n<div class=\"g1-space\" style=\"height: 20px;\"><\/div>\n\n<p>En savoir plus sur notre\u00a0<a href=\"https:\/\/emailchef.com\/fr\/fonctionnalites\/mises-en-page-parfaites-template-creator\/\"><strong>cr\u00e9ateur de mod\u00e8le Emailchef<\/strong><\/a>.<\/p>\n\n<div class=\"g1-space\" style=\"height: 25px;\"><\/div>\n<div style=\"text-align: center;\"><div class=\"lyte-wrapper\" title=\"[EN] Create and send immediately or schedule your campaign\" style=\"width:640px;max-width:100%;margin:5px;\"><div class=\"lyMe\" id=\"WYL_kLrX4pJc-LQ\"><div id=\"lyte_kLrX4pJc-LQ\" data-src=\"https:\/\/emailchef.com\/wp-content\/plugins\/wp-youtube-lyte\/lyteCache.php?origThumbUrl=https%3A%2F%2Fi.ytimg.com%2Fvi%2FkLrX4pJc-LQ%2Fhqdefault.jpg\" class=\"pL\"><div class=\"tC\"><div class=\"tT\">[EN] Create and send immediately or schedule your campaign<\/div><\/div><div class=\"play\"><\/div><div class=\"ctrl\"><div class=\"Lctrl\"><\/div><div class=\"Rctrl\"><\/div><\/div><\/div><noscript><a href=\"https:\/\/youtu.be\/kLrX4pJc-LQ\" rel=\"nofollow\"><img decoding=\"async\" src=\"https:\/\/emailchef.com\/wp-content\/plugins\/wp-youtube-lyte\/lyteCache.php?origThumbUrl=https%3A%2F%2Fi.ytimg.com%2Fvi%2FkLrX4pJc-LQ%2F0.jpg\" alt=\"[EN] Create and send immediately or schedule your campaign\" width=\"640\" height=\"340\" \/><br \/>Lire cette vid\u00e9o sur YouTube<\/a><\/noscript><\/div><\/div><div class=\"lL\" style=\"max-width:100%;width:640px;margin:5px;\"><\/div>\n<div class=\"ec-video-button hide centered\">\n\t<a href=\"https:\/\/youtu.be\/kLrX4pJc-LQ\" rel=\"prettyPhoto\" title=\"Voir la vid\u00e9o\">Voir la vid\u00e9o <i class=\"fa fa-play-circle fa-2x\"><\/i><\/a>\n<\/div><\/div>\n<div class=\"g1-space\" style=\"height: 25px;\"><\/div>\n\n<h3>Personnalisation<\/h3>\n<p>Personnalisez votre newsletter en fonction de votre identit\u00e9 d&#8217;entreprise. Ajoutez et d\u00e9placez des blocs et des \u00e9l\u00e9ments \u00e0 votre convenance, puis \u00e9crivez un sujet int\u00e9ressant et n&#8217;oubliez pas <strong>le preheader<\/strong>.<\/p>\n\n<div class=\"g1-space\" style=\"height: 35px;\"><\/div>\n<img decoding=\"async\" class=\"aligncenter\" src=\"https:\/\/emailchef.com\/wp-content\/uploads\/2019\/04\/Pic_mob_preheader-300x219.png\" alt=\"Preheader\" width=\"300\" height=\"219\" \/>\n<div class=\"g1-space\" style=\"height: 35px;\"><\/div>\n\n<p>Avec le sujet de l&#8217;e-mail, le preheader <strong>est la premi\u00e8re chose que lit le destinataire d&#8217;une newsletter<\/strong>. Les deux sont essentiels pour encourager le public \u00e0 interagir avec le message.\nC&#8217;est ici que le lecteur commence son parcours, avant m\u00eame d&#8217;ouvrir le courrier \u00e9lectronique et de cliquer sur un appel \u00e0 l&#8217;action, qu&#8217;il s&#8217;agisse d&#8217;un lien ou d&#8217;un bouton d&#8217;achat.<\/p>\n\n<p>Entrez les d\u00e9tails de l&#8217;exp\u00e9diteur, puis s\u00e9lectionnez tout ou partie des entr\u00e9es de votre <strong>liste d&#8217;adresses \u00e9lectroniques<\/strong>. N&#8217;oubliez pas que vous pouvez toujours modifier la campagne \u00e0 tout moment jusqu&#8217;\u00e0 avant l&#8217;exp\u00e9dition.<\/p>\n\n<p>En savoir plus sur la <a href=\"https:\/\/emailchef.com\/fr\/fonctionnalites\/mises-en-page-parfaites-template-creator\/\"><strong>gestion des contacts<\/strong> avec Emailchef<\/a>.<\/p>\n<div class=\"g1-space\" style=\"height: 25px;\"><\/div>\n\n<h3>Exp\u00e9dition<\/h3>\n<p>Vous pouvez envoyer la campagne imm\u00e9diatement ou la planifier pour un envoi ult\u00e9rieur.<\/p>\n\n<p>Emailchef vous guide pas \u00e0 pas tout au long du processus. Si des informations sont manquantes, telles qu&#8217;un objet de message ou un lien de d\u00e9sabonnement, <strong>vous recevrez une notification<\/strong>. Vous pouvez \u00e9galement envoyer votre campagne <strong>sous forme de test<\/strong> \u00e0 une adresse \u00e9lectronique avant la diffusion. Un test vous permet de v\u00e9rifier l&#8217;affichage de l&#8217;email dans diff\u00e9rents clients de messagerie. Les newsletters de Emailchef sont toujours <strong>parfaitement affich\u00e9es sur tous les appareils !<\/strong><\/p>\n\n<div class=\"g1-space\" style=\"height: 35px;\"><\/div>\n<img loading=\"lazy\" decoding=\"async\" class=\"aligncenter\" src=\"https:\/\/emailchef.com\/wp-content\/uploads\/2019\/05\/ajouter-cr\u00e9er-analyser-300x198.png\" alt=\"ajouter, cr\u00e9er, analyser\" width=\"300\" height=\"198\" \/>\n<div class=\"g1-space\" style=\"height: 35px;\"><\/div>\n\n<p>Emailchef propose <strong>SPAM Scan<\/strong> pour d\u00e9terminer si le courrier \u00e9lectronique peut \u00eatre optimis\u00e9 pour \u00e9viter les filtres anti-SPAM des serveurs de messagerie entrants.<\/p>\n<div class=\"g1-space\" style=\"height: 25px;\"><\/div>\n\n<h3>Analyse<\/h3>\n<p>Une <strong>analyse approfondie des r\u00e9sultats de vos courriels<\/strong> est n\u00e9cessaire pour am\u00e9liorer l&#8217;efficacit\u00e9 de vos campagnes.<\/p>\n\n<p>Emailchef contient une <strong>section<\/strong> compl\u00e8te et d\u00e9taill\u00e9e <strong>de statistiques<\/strong>.\nNos graphiques accrocheurs r\u00e9v\u00e8lent l&#8217;impact de votre newsletter (ou r\u00e9pondeur automatique) sur vos contacts et analysent la fonction de chaque lien dans l&#8217;e-mail, en montrant clairement l\u2019efficacit\u00e9 de chaque appel \u00e0 l\u2019action.\nVous pouvez imprimer un rapport <strong>complet et clair<\/strong> \u00e0 partir de cette section.<\/p>\n\n<p>En savoir plus sur l\u2019<a href=\"https:\/\/emailchef.com\/fr\/fonctionnalites\/rapports-avances-en-temps-reel\/\">outil de statistiques Emailchef<\/a>.<\/p>\t\t\t\t\t\t\t\t<\/div>\n\t\t\t\t<\/div>\n\t\t\t\t\t<\/div>\n\t\t<\/div>\n\t\t\t\t\t<\/div>\n\t\t<\/section>\n\t\t\t\t<\/div>\n\t\t","protected":false},"excerpt":{"rendered":"<p>Les outils d\u2019EEmailchef vous permettent de g\u00e9rer facilement toutes les \u00e9tapes de la campagne, de la cr\u00e9ation du courrier \u00e9lectronique \u00e0 l\u2019analyse des donn\u00e9es. Vous n&#8217;aurez jamais besoin d&#8217;un service tiers et pouvez simplement vous concentrer sur l&#8217;am\u00e9lioration de l&#8217;efficacit\u00e9 de votre newsletter. Cr\u00e9ation Cr\u00e9er une newsletter ou une campagne d&#8217;email marketing est un jeu [&hellip;]<\/p>\n","protected":false},"author":3,"featured_media":0,"parent":1268,"menu_order":2,"comment_status":"closed","ping_status":"closed","template":"","meta":{"_acf_changed":false,"inline_featured_image":false,"footnotes":""},"g1_relation_tag":[],"class_list":["post-1285","page","type-page","status-publish","hentry"],"acf":[],"yoast_head":"<!-- This site is optimized with the Yoast SEO plugin v24.8.1 - https:\/\/yoast.com\/wordpress\/plugins\/seo\/ -->\n<title>Composez votre campagne \u00e0 partir de z\u00e9ro - Emailchef<\/title>\n<meta name=\"description\" content=\"Comment cr\u00e9er une campagne d&#039;emailing en utilisant Emailchef, la meilleure plate-forme d&#039;email marketing disponible.\" \/>\n<meta name=\"robots\" content=\"index, follow, max-snippet:-1, max-image-preview:large, max-video-preview:-1\" \/>\n<link rel=\"canonical\" href=\"https:\/\/emailchef.com\/fr\/fonctionnalites\/composez-campagne-partir-zero\/\" \/>\n<meta name=\"twitter:label1\" content=\"Dur\u00e9e de lecture estim\u00e9e\" \/>\n\t<meta name=\"twitter:data1\" content=\"3 minutes\" \/>\n<!-- \/ Yoast SEO plugin. -->","yoast_head_json":{"title":"Composez votre campagne \u00e0 partir de z\u00e9ro - Emailchef","description":"Comment cr\u00e9er une campagne d'emailing en utilisant Emailchef, la meilleure plate-forme d'email marketing disponible.","robots":{"index":"index","follow":"follow","max-snippet":"max-snippet:-1","max-image-preview":"max-image-preview:large","max-video-preview":"max-video-preview:-1"},"canonical":"https:\/\/emailchef.com\/fr\/fonctionnalites\/composez-campagne-partir-zero\/","twitter_misc":{"Dur\u00e9e de lecture estim\u00e9e":"3 minutes"},"schema":{"@context":"https:\/\/schema.org","@graph":[{"@type":"WebPage","@id":"https:\/\/emailchef.com\/fr\/fonctionnalites\/composez-campagne-partir-zero\/","url":"https:\/\/emailchef.com\/fr\/fonctionnalites\/composez-campagne-partir-zero\/","name":"Composez votre campagne \u00e0 partir de z\u00e9ro - Emailchef","isPartOf":{"@id":"https:\/\/emailchef.com\/fr\/#website"},"primaryImageOfPage":{"@id":"https:\/\/emailchef.com\/fr\/fonctionnalites\/composez-campagne-partir-zero\/#primaryimage"},"image":{"@id":"https:\/\/emailchef.com\/fr\/fonctionnalites\/composez-campagne-partir-zero\/#primaryimage"},"thumbnailUrl":"https:\/\/emailchef.com\/wp-content\/uploads\/2022\/06\/send-campaign.png","datePublished":"2014-09-04T10:10:54+00:00","dateModified":"2022-07-11T09:15:04+00:00","description":"Comment cr\u00e9er une campagne d'emailing en utilisant Emailchef, la meilleure plate-forme d'email marketing disponible.","breadcrumb":{"@id":"https:\/\/emailchef.com\/fr\/fonctionnalites\/composez-campagne-partir-zero\/#breadcrumb"},"inLanguage":"fr-FR","potentialAction":[{"@type":"ReadAction","target":["https:\/\/emailchef.com\/fr\/fonctionnalites\/composez-campagne-partir-zero\/"]}]},{"@type":"ImageObject","inLanguage":"fr-FR","@id":"https:\/\/emailchef.com\/fr\/fonctionnalites\/composez-campagne-partir-zero\/#primaryimage","url":"https:\/\/emailchef.com\/wp-content\/uploads\/2022\/06\/send-campaign.png","contentUrl":"https:\/\/emailchef.com\/wp-content\/uploads\/2022\/06\/send-campaign.png"},{"@type":"BreadcrumbList","@id":"https:\/\/emailchef.com\/fr\/fonctionnalites\/composez-campagne-partir-zero\/#breadcrumb","itemListElement":[{"@type":"ListItem","position":1,"name":"Home","item":"https:\/\/emailchef.com\/fr\/mailchef-email-marketing-emailing-et-envoi-newsletter\/"},{"@type":"ListItem","position":2,"name":"D\u00e9couvrez les fonctionnalit\u00e9s d&#8217;Emailchef","item":"https:\/\/emailchef.com\/fr\/fonctionnalites\/"},{"@type":"ListItem","position":3,"name":"Composez votre campagne \u00e0 partir de z\u00e9ro"}]},{"@type":"WebSite","@id":"https:\/\/emailchef.com\/fr\/#website","url":"https:\/\/emailchef.com\/fr\/","name":"Emailchef","description":"Recettes go\u00fbteuses pour vos emails","publisher":{"@id":"https:\/\/emailchef.com\/fr\/#organization"},"potentialAction":[{"@type":"SearchAction","target":{"@type":"EntryPoint","urlTemplate":"https:\/\/emailchef.com\/fr\/?s={search_term_string}"},"query-input":{"@type":"PropertyValueSpecification","valueRequired":true,"valueName":"search_term_string"}}],"inLanguage":"fr-FR"},{"@type":"Organization","@id":"https:\/\/emailchef.com\/fr\/#organization","name":"Delivery Tech Corp.","url":"https:\/\/emailchef.com\/fr\/","logo":{"@type":"ImageObject","inLanguage":"fr-FR","@id":"https:\/\/emailchef.com\/fr\/#\/schema\/logo\/image\/","url":"https:\/\/emailchef.com\/wp-content\/uploads\/2022\/04\/logo-sama.png","contentUrl":"https:\/\/emailchef.com\/wp-content\/uploads\/2022\/04\/logo-sama.png","width":237,"height":80,"caption":"Delivery Tech Corp."},"image":{"@id":"https:\/\/emailchef.com\/fr\/#\/schema\/logo\/image\/"}}]}},"_links":{"self":[{"href":"https:\/\/emailchef.com\/fr\/wp-json\/wp\/v2\/pages\/1285"}],"collection":[{"href":"https:\/\/emailchef.com\/fr\/wp-json\/wp\/v2\/pages"}],"about":[{"href":"https:\/\/emailchef.com\/fr\/wp-json\/wp\/v2\/types\/page"}],"author":[{"embeddable":true,"href":"https:\/\/emailchef.com\/fr\/wp-json\/wp\/v2\/users\/3"}],"replies":[{"embeddable":true,"href":"https:\/\/emailchef.com\/fr\/wp-json\/wp\/v2\/comments?post=1285"}],"version-history":[{"count":10,"href":"https:\/\/emailchef.com\/fr\/wp-json\/wp\/v2\/pages\/1285\/revisions"}],"predecessor-version":[{"id":58344,"href":"https:\/\/emailchef.com\/fr\/wp-json\/wp\/v2\/pages\/1285\/revisions\/58344"}],"up":[{"embeddable":true,"href":"https:\/\/emailchef.com\/fr\/wp-json\/wp\/v2\/pages\/1268"}],"wp:attachment":[{"href":"https:\/\/emailchef.com\/fr\/wp-json\/wp\/v2\/media?parent=1285"}],"wp:term":[{"taxonomy":"g1_relation_tag","embeddable":true,"href":"https:\/\/emailchef.com\/fr\/wp-json\/wp\/v2\/g1_relation_tag?post=1285"}],"curies":[{"name":"wp","href":"https:\/\/api.w.org\/{rel}","templated":true}]}}