{"id":1278,"date":"2014-09-04T10:46:01","date_gmt":"2014-09-04T10:46:01","guid":{"rendered":"http:\/\/emailchef.com\/?page_id=1278"},"modified":"2024-10-17T12:29:17","modified_gmt":"2024-10-17T12:29:17","slug":"mises-en-page-parfaites-template-creator","status":"publish","type":"page","link":"https:\/\/emailchef.com\/fr\/fonctionnalites\/mises-en-page-parfaites-template-creator\/","title":{"rendered":"Un \u00e9diteur drag-and-drop accessible aux experts comme aux d\u00e9butants"},"content":{"rendered":"\t\t<div data-elementor-type=\"wp-page\" data-elementor-id=\"1278\" class=\"elementor elementor-1278 elementor-149\" data-elementor-post-type=\"page\">\n\t\t\t\t\t\t<section class=\"elementor-section elementor-top-section elementor-element elementor-element-292686b elementor-section-boxed elementor-section-height-default elementor-section-height-default\" data-id=\"292686b\" data-element_type=\"section\">\n\t\t\t\t\t\t<div class=\"elementor-container elementor-column-gap-default\">\n\t\t\t\t\t<div class=\"elementor-column elementor-col-100 elementor-top-column elementor-element elementor-element-49391c2\" data-id=\"49391c2\" data-element_type=\"column\">\n\t\t\t<div class=\"elementor-widget-wrap elementor-element-populated\">\n\t\t\t\t\t\t<div class=\"elementor-element elementor-element-8182287 elementor-widget elementor-widget-image\" data-id=\"8182287\" data-element_type=\"widget\" data-widget_type=\"image.default\">\n\t\t\t\t<div class=\"elementor-widget-container\">\n\t\t\t\t\t\t\t\t\t\t\t\t\t\t\t<img fetchpriority=\"high\" decoding=\"async\" width=\"800\" height=\"600\" src=\"https:\/\/emailchef.com\/wp-content\/uploads\/2022\/06\/templates-creator.png\" class=\"attachment-full size-full wp-image-57100\" alt=\"Template Creator: Le cr\u00e9ateur de mod\u00e8le le plus rapide\" \/>\t\t\t\t\t\t\t\t\t\t\t\t\t\t\t<\/div>\n\t\t\t\t<\/div>\n\t\t\t\t\t<\/div>\n\t\t<\/div>\n\t\t\t\t\t<\/div>\n\t\t<\/section>\n\t\t\t\t<section class=\"elementor-section elementor-top-section elementor-element elementor-element-751d02b elementor-section-boxed elementor-section-height-default elementor-section-height-default\" data-id=\"751d02b\" data-element_type=\"section\">\n\t\t\t\t\t\t<div class=\"elementor-container elementor-column-gap-default\">\n\t\t\t\t\t<div class=\"elementor-column elementor-col-100 elementor-top-column elementor-element elementor-element-f34ef89\" data-id=\"f34ef89\" data-element_type=\"column\">\n\t\t\t<div class=\"elementor-widget-wrap elementor-element-populated\">\n\t\t\t\t\t\t<div class=\"elementor-element elementor-element-bdf1d27 elementor-widget elementor-widget-text-editor\" data-id=\"bdf1d27\" data-element_type=\"widget\" data-widget_type=\"text-editor.default\">\n\t\t\t\t<div class=\"elementor-widget-container\">\n\t\t\t\t\t\t\t\t\t<p>L&#8217;&eacute;diteur drag-and-drop d&#8217;Emailchef est con&ccedil;u pour &ecirc;tre simple, amusant et &agrave; la port&eacute;e de tous.<br \/>Nous l&#8217;avons cr&eacute;&eacute; avec un objectif clair : r&eacute;pondre aux besoins des experts comme des d&eacute;butants.<br \/>C&#8217;est ainsi qu&#8217;est n&eacute; notre <strong>&eacute;diteur &agrave; blocs<\/strong>. Cela vous permet de cr&eacute;er des emails sur mesure, professionnels, qui s&#8217;adaptent automatiquement &agrave; tous les &eacute;crans.<br \/>Et non, il n&#8217;est pas n&eacute;cessaire de conna&icirc;tre le langage HTML pour y parvenir.<br \/>Ce syst&egrave;me garantit que vos mises en page sont toujours parfaitement harmonieuses et affich&eacute;es. Adieu les textes coup&eacute;s, les images &agrave; moiti&eacute; visibles ou les CTA mal plac&eacute;s.<\/p>\t\t\t\t\t\t\t\t<\/div>\n\t\t\t\t<\/div>\n\t\t\t\t<div class=\"elementor-element elementor-element-1f5f64a elementor-widget elementor-widget-image\" data-id=\"1f5f64a\" data-element_type=\"widget\" data-widget_type=\"image.default\">\n\t\t\t\t<div class=\"elementor-widget-container\">\n\t\t\t\t\t\t\t\t\t\t\t\t\t\t\t\t<a href=\"https:\/\/emailchef.com\/wp-content\/uploads\/2024\/10\/editeur-de-modeles-e-mails-par-glisser-deposer.png\" data-elementor-open-lightbox=\"yes\" data-elementor-lightbox-title=\"editeur-de-modeles-e-mails-par-glisser-deposer\" data-e-action-hash=\"#elementor-action%3Aaction%3Dlightbox%26settings%3DeyJpZCI6NzYxNTgsInVybCI6Imh0dHBzOlwvXC9lbWFpbGNoZWYuY29tXC93cC1jb250ZW50XC91cGxvYWRzXC8yMDI0XC8xMFwvZWRpdGV1ci1kZS1tb2RlbGVzLWUtbWFpbHMtcGFyLWdsaXNzZXItZGVwb3Nlci5wbmcifQ%3D%3D\">\n\t\t\t\t\t\t\t<img decoding=\"async\" width=\"800\" height=\"323\" src=\"https:\/\/emailchef.com\/wp-content\/uploads\/2024\/10\/editeur-de-modeles-e-mails-par-glisser-deposer-1024x413.png\" class=\"attachment-large size-large wp-image-76158\" alt=\"\u00c9diteur Drag &amp; Drop de mod\u00e8les d&#039;email\" srcset=\"https:\/\/emailchef.com\/wp-content\/uploads\/2024\/10\/editeur-de-modeles-e-mails-par-glisser-deposer-1024x413.png 1024w, https:\/\/emailchef.com\/wp-content\/uploads\/2024\/10\/editeur-de-modeles-e-mails-par-glisser-deposer-300x121.png 300w, https:\/\/emailchef.com\/wp-content\/uploads\/2024\/10\/editeur-de-modeles-e-mails-par-glisser-deposer-768x310.png 768w, https:\/\/emailchef.com\/wp-content\/uploads\/2024\/10\/editeur-de-modeles-e-mails-par-glisser-deposer-1536x620.png 1536w, https:\/\/emailchef.com\/wp-content\/uploads\/2024\/10\/editeur-de-modeles-e-mails-par-glisser-deposer.png 1919w\" sizes=\"(max-width: 800px) 100vw, 800px\" \/>\t\t\t\t\t\t\t\t<\/a>\n\t\t\t\t\t\t\t\t\t\t\t\t\t\t\t<\/div>\n\t\t\t\t<\/div>\n\t\t\t\t<div class=\"elementor-element elementor-element-9555286 elementor-widget elementor-widget-text-editor\" data-id=\"9555286\" data-element_type=\"widget\" data-widget_type=\"text-editor.default\">\n\t\t\t\t<div class=\"elementor-widget-container\">\n\t\t\t\t\t\t\t\t\t<p>Souvent, avec les &eacute;diteurs de newsletters classiques, les &eacute;l&eacute;ments d&eacute;j&agrave; ins&eacute;r&eacute;s ont tendance &agrave; se d&eacute;placer lorsque vous modifiez le mod&egrave;le.<\/p>\n<p>Les blocs ont &eacute;t&eacute; con&ccedil;us pr&eacute;cis&eacute;ment pour &eacute;viter cela, en faisant en sorte que les nouveaux &eacute;l&eacute;ments s&#8217;adaptent automatiquement dans votre email (adieu cet effet Frankenstein aga&ccedil;ant).<\/p>\n<p>Sur Emailchef, vous pouvez choisir parmi une large gamme de blocs &agrave; ajouter &agrave; vos emails et, bien s&ucirc;r, vous pouvez les modifier &agrave; tout moment (peut-&ecirc;tre en ajoutant des images, des textes ou des appels &agrave; l&#8217;action), les d&eacute;placer o&ugrave; vous le souhaitez ou les supprimer.<\/p>\n<p>Mais ce n&#8217;est pas tout.<\/p>\n<p>Si vous le souhaitez, vous pouvez cr&eacute;er votre propre design &agrave; partir de mises en page vierges, enti&egrave;rement personnalisables.<\/p>\n<p>Sinon, <a href=\"https:\/\/emailchef.com\/fr\/templates\/\">vous pouvez modifier un de nos mod&egrave;les d&eacute;j&agrave; pr&ecirc;ts<\/a>. Emailchef propose une galerie de plus de 1000 mod&egrave;les pr&ecirc;ts &agrave; l&#8217;emploi et optimis&eacute;s, cr&eacute;&eacute;s par nos designers.<\/p>\n<p>Ils sont d&eacute;j&agrave; accompagn&eacute;s de contenu que vous pouvez modifier et personnaliser en quelques clics \ud83d\ude0e.<\/p>\n<p>Bref, sans aucune exp&eacute;rience en conception d&#8217;email, vous pouvez cr&eacute;er des mod&egrave;les professionnels parfaitement affich&eacute;s sur tous les appareils et clients de messagerie (comme Outlook, Thunderbird ou Mail par exemple).<\/p>\n<p>Et si vous souhaitez avoir un aper&ccedil;u de l&#8217;apparence de votre email sur un ordinateur, une tablette ou un smartphone, vous pouvez le voir &agrave; tout moment en cliquant sur les ic&ocirc;nes au-dessus de votre mod&egrave;le.<\/p>\t\t\t\t\t\t\t\t<\/div>\n\t\t\t\t<\/div>\n\t\t\t\t<section class=\"elementor-section elementor-inner-section elementor-element elementor-element-1d37b12 elementor-section-boxed elementor-section-height-default elementor-section-height-default\" data-id=\"1d37b12\" data-element_type=\"section\">\n\t\t\t\t\t\t<div class=\"elementor-container elementor-column-gap-default\">\n\t\t\t\t\t<div class=\"elementor-column elementor-col-100 elementor-inner-column elementor-element elementor-element-4040819\" data-id=\"4040819\" data-element_type=\"column\">\n\t\t\t<div class=\"elementor-widget-wrap elementor-element-populated\">\n\t\t\t\t\t\t<div class=\"elementor-element elementor-element-e8442f6 elementor-widget elementor-widget-heading\" data-id=\"e8442f6\" data-element_type=\"widget\" data-widget_type=\"heading.default\">\n\t\t\t\t<div class=\"elementor-widget-container\">\n\t\t\t\t\t<h3 class=\"elementor-heading-title elementor-size-default\">Vous avez ins\u00e9r\u00e9 des images et vous souhaitez les modifier ?<\/h3>\t\t\t\t<\/div>\n\t\t\t\t<\/div>\n\t\t\t\t<div class=\"elementor-element elementor-element-ba45222 elementor-widget elementor-widget-text-editor\" data-id=\"ba45222\" data-element_type=\"widget\" data-widget_type=\"text-editor.default\">\n\t\t\t\t<div class=\"elementor-widget-container\">\n\t\t\t\t\t\t\t\t\t<p>Utilisez l&#8217;\u00e9diteur de photos d&#8217;Emailchef et vous n&#8217;aurez pas besoin de programmes externes. Recadrez vos images, redimensionnez-les, ajoutez des bordures, des stickers, appliquez des filtres et bien plus encore.<br \/>Toutes les images t\u00e9l\u00e9charg\u00e9es (ainsi que les mod\u00e8les cr\u00e9\u00e9s) seront enregistr\u00e9es sur l&#8217;espace cloud inclus dans votre abonnement.<\/p>\t\t\t\t\t\t\t\t<\/div>\n\t\t\t\t<\/div>\n\t\t\t\t<div class=\"elementor-element elementor-element-906af18 elementor-widget elementor-widget-image\" data-id=\"906af18\" data-element_type=\"widget\" data-widget_type=\"image.default\">\n\t\t\t\t<div class=\"elementor-widget-container\">\n\t\t\t\t\t\t\t\t\t\t\t\t\t\t\t\t<a href=\"https:\/\/emailchef.com\/wp-content\/uploads\/2024\/10\/editeur-de-modeles-e-mails-par-glisser-deposer-2.png\" data-elementor-open-lightbox=\"yes\" data-elementor-lightbox-title=\"editeur-de-modeles-e-mails-par-glisser-deposer-2\" data-e-action-hash=\"#elementor-action%3Aaction%3Dlightbox%26settings%3DeyJpZCI6NzYxNjcsInVybCI6Imh0dHBzOlwvXC9lbWFpbGNoZWYuY29tXC93cC1jb250ZW50XC91cGxvYWRzXC8yMDI0XC8xMFwvZWRpdGV1ci1kZS1tb2RlbGVzLWUtbWFpbHMtcGFyLWdsaXNzZXItZGVwb3Nlci0yLnBuZyJ9\">\n\t\t\t\t\t\t\t<img decoding=\"async\" width=\"800\" height=\"277\" src=\"https:\/\/emailchef.com\/wp-content\/uploads\/2024\/10\/editeur-de-modeles-e-mails-par-glisser-deposer-2-1024x355.png\" class=\"attachment-large size-large wp-image-76167\" alt=\"\" srcset=\"https:\/\/emailchef.com\/wp-content\/uploads\/2024\/10\/editeur-de-modeles-e-mails-par-glisser-deposer-2-1024x355.png 1024w, https:\/\/emailchef.com\/wp-content\/uploads\/2024\/10\/editeur-de-modeles-e-mails-par-glisser-deposer-2-300x104.png 300w, https:\/\/emailchef.com\/wp-content\/uploads\/2024\/10\/editeur-de-modeles-e-mails-par-glisser-deposer-2-768x267.png 768w, https:\/\/emailchef.com\/wp-content\/uploads\/2024\/10\/editeur-de-modeles-e-mails-par-glisser-deposer-2-1536x533.png 1536w, https:\/\/emailchef.com\/wp-content\/uploads\/2024\/10\/editeur-de-modeles-e-mails-par-glisser-deposer-2.png 1801w\" sizes=\"(max-width: 800px) 100vw, 800px\" \/>\t\t\t\t\t\t\t\t<\/a>\n\t\t\t\t\t\t\t\t\t\t\t\t\t\t\t<\/div>\n\t\t\t\t<\/div>\n\t\t\t\t\t<\/div>\n\t\t<\/div>\n\t\t\t\t\t<\/div>\n\t\t<\/section>\n\t\t\t\t<div class=\"elementor-element elementor-element-8f77b14 elementor-widget elementor-widget-text-editor\" data-id=\"8f77b14\" data-element_type=\"widget\" data-widget_type=\"text-editor.default\">\n\t\t\t\t<div class=\"elementor-widget-container\">\n\t\t\t\t\t\t\t\t\t<p>Vous cherchez un tutoriel pas \u00e0 pas ? Nous avons ce qu&#8217;il vous faut !<\/p>\t\t\t\t\t\t\t\t<\/div>\n\t\t\t\t<\/div>\n\t\t\t\t<div class=\"elementor-element elementor-element-c70dc3b elementor-widget elementor-widget-html\" data-id=\"c70dc3b\" data-element_type=\"widget\" data-widget_type=\"html.default\">\n\t\t\t\t<div class=\"elementor-widget-container\">\n\t\t\t\t\t<div class=\"lyte-wrapper\" title=\"[FR] Comment cr&eacute;er des mod&egrave;les responsives avec notre &eacute;diteur Glisser et D&eacute;posser\" style=\"width:640px;max-width:100%;margin:5px;\"><div class=\"lyMe\" id=\"WYL_iq1vbdHKYAY\"><div id=\"lyte_iq1vbdHKYAY\" data-src=\"https:\/\/emailchef.com\/wp-content\/plugins\/wp-youtube-lyte\/lyteCache.php?origThumbUrl=https%3A%2F%2Fi.ytimg.com%2Fvi%2Fiq1vbdHKYAY%2Fhqdefault.jpg\" class=\"pL\"><div class=\"tC\"><div class=\"tT\">[FR] Comment cr\u00e9er des mod\u00e8les responsives avec notre \u00e9diteur Glisser et D\u00e9posser<\/div><\/div><div class=\"play\"><\/div><div class=\"ctrl\"><div class=\"Lctrl\"><\/div><div class=\"Rctrl\"><\/div><\/div><\/div><noscript><a href=\"https:\/\/youtu.be\/iq1vbdHKYAY\" rel=\"nofollow\"><img loading=\"lazy\" decoding=\"async\" src=\"https:\/\/emailchef.com\/wp-content\/plugins\/wp-youtube-lyte\/lyteCache.php?origThumbUrl=https%3A%2F%2Fi.ytimg.com%2Fvi%2Fiq1vbdHKYAY%2F0.jpg\" alt=\"[FR] Comment cr&eacute;er des mod&egrave;les responsives avec notre &eacute;diteur Glisser et D&eacute;posser\" width=\"640\" height=\"340\" \/><br \/>Lire cette vid\u00e9o sur YouTube<\/a><\/noscript><\/div><\/div><div class=\"lL\" style=\"max-width:100%;width:640px;margin:5px;\"><\/div>\n<div class=\"ec-video-button hide centered\">\n\t<a href=\"https:\/\/youtu.be\/iq1vbdHKYAY\" rel=\"prettyPhoto\" title=\"Play Video\">Play Video <i class=\"fa fa-play-circle fa-2x\"><\/i><\/a>\n<\/div>\t\t\t\t<\/div>\n\t\t\t\t<\/div>\n\t\t\t\t<div class=\"elementor-element elementor-element-426ba81 elementor-widget elementor-widget-text-editor\" data-id=\"426ba81\" data-element_type=\"widget\" data-widget_type=\"text-editor.default\">\n\t\t\t\t<div class=\"elementor-widget-container\">\n\t\t\t\t\t\t\t\t\t<p>Besoin d&#8217;assistance ? <a href=\"https:\/\/emailchef.com\/fr\/assistance\/\">Contactez-nous<\/a> !&nbsp;<\/p>\n<p>Notre service client est &agrave; votre disposition.<\/p>\t\t\t\t\t\t\t\t<\/div>\n\t\t\t\t<\/div>\n\t\t\t\t\t<\/div>\n\t\t<\/div>\n\t\t\t\t\t<\/div>\n\t\t<\/section>\n\t\t\t\t<\/div>\n\t\t","protected":false},"excerpt":{"rendered":"<p>L&#8217;&eacute;diteur drag-and-drop d&#8217;Emailchef est con&ccedil;u pour &ecirc;tre simple, amusant et &agrave; la port&eacute;e de tous.Nous l&#8217;avons cr&eacute;&eacute; avec un objectif clair : r&eacute;pondre aux besoins des experts comme des d&eacute;butants.C&#8217;est ainsi qu&#8217;est n&eacute; notre &eacute;diteur &agrave; blocs. Cela vous permet de cr&eacute;er des emails sur mesure, professionnels, qui s&#8217;adaptent automatiquement &agrave; tous les &eacute;crans.Et non, [&hellip;]<\/p>\n","protected":false},"author":3,"featured_media":0,"parent":1268,"menu_order":3,"comment_status":"closed","ping_status":"closed","template":"","meta":{"_acf_changed":false,"inline_featured_image":false,"footnotes":""},"g1_relation_tag":[],"class_list":["post-1278","page","type-page","status-publish","hentry"],"acf":[],"yoast_head":"<!-- This site is optimized with the Yoast SEO plugin v24.8.1 - https:\/\/yoast.com\/wordpress\/plugins\/seo\/ -->\n<title>Un \u00e9diteur drag-and-drop accessible aux experts comme aux d\u00e9butants - Emailchef<\/title>\n<meta name=\"description\" content=\"Voulez-vous un mod\u00e8le sur mesure pour votre campagne, mais vous ne savez rien sur le langage HTML? Vous devriez certainement essayer notre Template Creator.\" \/>\n<meta name=\"robots\" content=\"index, follow, max-snippet:-1, max-image-preview:large, max-video-preview:-1\" \/>\n<link rel=\"canonical\" href=\"https:\/\/emailchef.com\/fr\/fonctionnalites\/mises-en-page-parfaites-template-creator\/\" \/>\n<meta name=\"twitter:label1\" content=\"Dur\u00e9e de lecture estim\u00e9e\" \/>\n\t<meta name=\"twitter:data1\" content=\"3 minutes\" \/>\n<!-- \/ Yoast SEO plugin. -->","yoast_head_json":{"title":"Un \u00e9diteur drag-and-drop accessible aux experts comme aux d\u00e9butants - Emailchef","description":"Voulez-vous un mod\u00e8le sur mesure pour votre campagne, mais vous ne savez rien sur le langage HTML? Vous devriez certainement essayer notre Template Creator.","robots":{"index":"index","follow":"follow","max-snippet":"max-snippet:-1","max-image-preview":"max-image-preview:large","max-video-preview":"max-video-preview:-1"},"canonical":"https:\/\/emailchef.com\/fr\/fonctionnalites\/mises-en-page-parfaites-template-creator\/","twitter_misc":{"Dur\u00e9e de lecture estim\u00e9e":"3 minutes"},"schema":{"@context":"https:\/\/schema.org","@graph":[{"@type":"WebPage","@id":"https:\/\/emailchef.com\/fr\/fonctionnalites\/mises-en-page-parfaites-template-creator\/","url":"https:\/\/emailchef.com\/fr\/fonctionnalites\/mises-en-page-parfaites-template-creator\/","name":"Un \u00e9diteur drag-and-drop accessible aux experts comme aux d\u00e9butants - Emailchef","isPartOf":{"@id":"https:\/\/emailchef.com\/fr\/#website"},"primaryImageOfPage":{"@id":"https:\/\/emailchef.com\/fr\/fonctionnalites\/mises-en-page-parfaites-template-creator\/#primaryimage"},"image":{"@id":"https:\/\/emailchef.com\/fr\/fonctionnalites\/mises-en-page-parfaites-template-creator\/#primaryimage"},"thumbnailUrl":"https:\/\/emailchef.com\/wp-content\/uploads\/2022\/06\/templates-creator.png","datePublished":"2014-09-04T10:46:01+00:00","dateModified":"2024-10-17T12:29:17+00:00","description":"Voulez-vous un mod\u00e8le sur mesure pour votre campagne, mais vous ne savez rien sur le langage HTML? Vous devriez certainement essayer notre Template Creator.","breadcrumb":{"@id":"https:\/\/emailchef.com\/fr\/fonctionnalites\/mises-en-page-parfaites-template-creator\/#breadcrumb"},"inLanguage":"fr-FR","potentialAction":[{"@type":"ReadAction","target":["https:\/\/emailchef.com\/fr\/fonctionnalites\/mises-en-page-parfaites-template-creator\/"]}]},{"@type":"ImageObject","inLanguage":"fr-FR","@id":"https:\/\/emailchef.com\/fr\/fonctionnalites\/mises-en-page-parfaites-template-creator\/#primaryimage","url":"https:\/\/emailchef.com\/wp-content\/uploads\/2022\/06\/templates-creator.png","contentUrl":"https:\/\/emailchef.com\/wp-content\/uploads\/2022\/06\/templates-creator.png"},{"@type":"BreadcrumbList","@id":"https:\/\/emailchef.com\/fr\/fonctionnalites\/mises-en-page-parfaites-template-creator\/#breadcrumb","itemListElement":[{"@type":"ListItem","position":1,"name":"Home","item":"https:\/\/emailchef.com\/fr\/mailchef-email-marketing-emailing-et-envoi-newsletter\/"},{"@type":"ListItem","position":2,"name":"D\u00e9couvrez les fonctionnalit\u00e9s d&#8217;Emailchef","item":"https:\/\/emailchef.com\/fr\/fonctionnalites\/"},{"@type":"ListItem","position":3,"name":"Un \u00e9diteur drag-and-drop accessible aux experts comme aux d\u00e9butants"}]},{"@type":"WebSite","@id":"https:\/\/emailchef.com\/fr\/#website","url":"https:\/\/emailchef.com\/fr\/","name":"Emailchef","description":"Recettes go\u00fbteuses pour vos emails","publisher":{"@id":"https:\/\/emailchef.com\/fr\/#organization"},"potentialAction":[{"@type":"SearchAction","target":{"@type":"EntryPoint","urlTemplate":"https:\/\/emailchef.com\/fr\/?s={search_term_string}"},"query-input":{"@type":"PropertyValueSpecification","valueRequired":true,"valueName":"search_term_string"}}],"inLanguage":"fr-FR"},{"@type":"Organization","@id":"https:\/\/emailchef.com\/fr\/#organization","name":"Delivery Tech Corp.","url":"https:\/\/emailchef.com\/fr\/","logo":{"@type":"ImageObject","inLanguage":"fr-FR","@id":"https:\/\/emailchef.com\/fr\/#\/schema\/logo\/image\/","url":"https:\/\/emailchef.com\/wp-content\/uploads\/2022\/04\/logo-sama.png","contentUrl":"https:\/\/emailchef.com\/wp-content\/uploads\/2022\/04\/logo-sama.png","width":237,"height":80,"caption":"Delivery Tech Corp."},"image":{"@id":"https:\/\/emailchef.com\/fr\/#\/schema\/logo\/image\/"}}]}},"_links":{"self":[{"href":"https:\/\/emailchef.com\/fr\/wp-json\/wp\/v2\/pages\/1278"}],"collection":[{"href":"https:\/\/emailchef.com\/fr\/wp-json\/wp\/v2\/pages"}],"about":[{"href":"https:\/\/emailchef.com\/fr\/wp-json\/wp\/v2\/types\/page"}],"author":[{"embeddable":true,"href":"https:\/\/emailchef.com\/fr\/wp-json\/wp\/v2\/users\/3"}],"replies":[{"embeddable":true,"href":"https:\/\/emailchef.com\/fr\/wp-json\/wp\/v2\/comments?post=1278"}],"version-history":[{"count":20,"href":"https:\/\/emailchef.com\/fr\/wp-json\/wp\/v2\/pages\/1278\/revisions"}],"predecessor-version":[{"id":76211,"href":"https:\/\/emailchef.com\/fr\/wp-json\/wp\/v2\/pages\/1278\/revisions\/76211"}],"up":[{"embeddable":true,"href":"https:\/\/emailchef.com\/fr\/wp-json\/wp\/v2\/pages\/1268"}],"wp:attachment":[{"href":"https:\/\/emailchef.com\/fr\/wp-json\/wp\/v2\/media?parent=1278"}],"wp:term":[{"taxonomy":"g1_relation_tag","embeddable":true,"href":"https:\/\/emailchef.com\/fr\/wp-json\/wp\/v2\/g1_relation_tag?post=1278"}],"curies":[{"name":"wp","href":"https:\/\/api.w.org\/{rel}","templated":true}]}}