{"id":1272,"date":"2014-09-04T09:55:03","date_gmt":"2014-09-04T09:55:03","guid":{"rendered":"http:\/\/emailchef.com\/?page_id=1272"},"modified":"2024-10-10T12:46:51","modified_gmt":"2024-10-10T12:46:51","slug":"gestion-des-contacts-super-facile","status":"publish","type":"page","link":"https:\/\/emailchef.com\/fr\/fonctionnalites\/gestion-des-contacts-super-facile\/","title":{"rendered":"Gestion simplifi\u00e9e des contacts"},"content":{"rendered":"\t\t<div data-elementor-type=\"wp-page\" data-elementor-id=\"1272\" class=\"elementor elementor-1272 elementor-117\" data-elementor-post-type=\"page\">\n\t\t\t\t\t\t<section class=\"elementor-section elementor-top-section elementor-element elementor-element-04b614c elementor-section-boxed elementor-section-height-default elementor-section-height-default\" data-id=\"04b614c\" data-element_type=\"section\">\n\t\t\t\t\t\t<div class=\"elementor-container elementor-column-gap-default\">\n\t\t\t\t\t<div class=\"elementor-column elementor-col-100 elementor-top-column elementor-element elementor-element-8b11837\" data-id=\"8b11837\" data-element_type=\"column\">\n\t\t\t<div class=\"elementor-widget-wrap elementor-element-populated\">\n\t\t\t\t\t\t<div class=\"elementor-element elementor-element-0161331 elementor-widget elementor-widget-image\" data-id=\"0161331\" data-element_type=\"widget\" data-widget_type=\"image.default\">\n\t\t\t\t<div class=\"elementor-widget-container\">\n\t\t\t\t\t\t\t\t\t\t\t\t\t\t\t<img fetchpriority=\"high\" decoding=\"async\" width=\"670\" height=\"600\" src=\"https:\/\/emailchef.com\/wp-content\/uploads\/2024\/10\/email_marekting_gestione_contatti_semplificata.png\" class=\"attachment-full size-full wp-image-75663\" alt=\"Simplified Contact Management\" srcset=\"https:\/\/emailchef.com\/wp-content\/uploads\/2024\/10\/email_marekting_gestione_contatti_semplificata.png 670w, https:\/\/emailchef.com\/wp-content\/uploads\/2024\/10\/email_marekting_gestione_contatti_semplificata-300x269.png 300w\" sizes=\"(max-width: 670px) 100vw, 670px\" \/>\t\t\t\t\t\t\t\t\t\t\t\t\t\t\t<\/div>\n\t\t\t\t<\/div>\n\t\t\t\t\t<\/div>\n\t\t<\/div>\n\t\t\t\t\t<\/div>\n\t\t<\/section>\n\t\t\t\t<section class=\"elementor-section elementor-top-section elementor-element elementor-element-4db28f9 elementor-section-boxed elementor-section-height-default elementor-section-height-default\" data-id=\"4db28f9\" data-element_type=\"section\">\n\t\t\t\t\t\t<div class=\"elementor-container elementor-column-gap-default\">\n\t\t\t\t\t<div class=\"elementor-column elementor-col-100 elementor-top-column elementor-element elementor-element-9b31d6a\" data-id=\"9b31d6a\" data-element_type=\"column\">\n\t\t\t<div class=\"elementor-widget-wrap elementor-element-populated\">\n\t\t\t\t\t\t<div class=\"elementor-element elementor-element-18331f9 elementor-widget elementor-widget-text-editor\" data-id=\"18331f9\" data-element_type=\"widget\" data-widget_type=\"text-editor.default\">\n\t\t\t\t<div class=\"elementor-widget-container\">\n\t\t\t\t\t\t\t\t\t<p>G\u00e9n\u00e9rer des prospects, des clients et des ventes : ce sont les objectifs de toute personne qui s&#8217;initie au marketing par email.<\/p><p>Et ce sont probablement aussi les v\u00f4tres.<\/p><p>Mais une strat\u00e9gie efficace doit commencer par un point cl\u00e9 : la qualit\u00e9 des contacts dans votre liste de diffusion.<\/p><p>En effet, avoir une liste \u00e0 jour, pertinente, contenant des adresses email valides (et surtout des personnes VRAIMENT int\u00e9ress\u00e9es par ce que vous avez \u00e0 dire) est la premi\u00e8re \u00e9tape vers le succ\u00e8s.<\/p><p>C&#8217;est pourquoi Emailchef vous fournit tous les outils n\u00e9cessaires pour attirer des prospects de qualit\u00e9, cr\u00e9er des listes segment\u00e9es, les cat\u00e9goriser selon vos besoins et bien plus encore.<\/p><p>En bref, tout est simple et pr\u00eat \u00e0 l&#8217;emploi sur notre plateforme. Il vous suffit de vous concentrer sur vos objectifs, et nous vous guiderons pour les atteindre !<\/p><p>Mais proc\u00e9dons \u00e9tape par \u00e9tape.<\/p><p>Voici les 3 \u00e9tapes essentielles pour maintenir votre liste de diffusion \u00e0 jour (et capable de convertir les prospects en clients \ud83d\udd25).<\/p>\t\t\t\t\t\t\t\t<\/div>\n\t\t\t\t<\/div>\n\t\t\t\t<div class=\"elementor-element elementor-element-d6f260a elementor-widget elementor-widget-heading\" data-id=\"d6f260a\" data-element_type=\"widget\" data-widget_type=\"heading.default\">\n\t\t\t\t<div class=\"elementor-widget-container\">\n\t\t\t\t\t<h2 class=\"elementor-heading-title elementor-size-default\">1. Cr\u00e9ez une nouvelle liste.<\/h2>\t\t\t\t<\/div>\n\t\t\t\t<\/div>\n\t\t\t\t<div class=\"elementor-element elementor-element-6cba494 elementor-widget elementor-widget-text-editor\" data-id=\"6cba494\" data-element_type=\"widget\" data-widget_type=\"text-editor.default\">\n\t\t\t\t<div class=\"elementor-widget-container\">\n\t\t\t\t\t\t\t\t\t<p><span style=\"font-weight: 400;\">Si vous disposez d\u00e9j\u00e0 d&#8217;une liste de diffusion de contacts qui vous ont autoris\u00e9 \u00e0 leur envoyer des communications, l&#8217;importer dans Emailchef est tr\u00e8s simple.<\/span><\/p><p><span style=\"font-weight: 400;\">Vous pouvez choisir de :<\/span><\/p>\t\t\t\t\t\t\t\t<\/div>\n\t\t\t\t<\/div>\n\t\t\t\t<div class=\"elementor-element elementor-element-dda7f0c elementor-icon-list--layout-traditional elementor-list-item-link-full_width elementor-widget elementor-widget-icon-list\" data-id=\"dda7f0c\" data-element_type=\"widget\" data-widget_type=\"icon-list.default\">\n\t\t\t\t<div class=\"elementor-widget-container\">\n\t\t\t\t\t\t\t<ul class=\"elementor-icon-list-items\">\n\t\t\t\t\t\t\t<li class=\"elementor-icon-list-item\">\n\t\t\t\t\t\t\t\t\t\t\t<span class=\"elementor-icon-list-icon\">\n\t\t\t\t\t\t\t<i aria-hidden=\"true\" class=\"fas fa-angle-right\"><\/i>\t\t\t\t\t\t<\/span>\n\t\t\t\t\t\t\t\t\t\t<span class=\"elementor-icon-list-text\">importer des adresses depuis un fichier .xls, .txt, .ods ou .csv, et les exporter vers .json ou .csv ;<\/span>\n\t\t\t\t\t\t\t\t\t<\/li>\n\t\t\t\t\t\t\t\t<li class=\"elementor-icon-list-item\">\n\t\t\t\t\t\t\t\t\t\t\t<span class=\"elementor-icon-list-icon\">\n\t\t\t\t\t\t\t<i aria-hidden=\"true\" class=\"fas fa-angle-right\"><\/i>\t\t\t\t\t\t<\/span>\n\t\t\t\t\t\t\t\t\t\t<span class=\"elementor-icon-list-text\">importer un groupe de contacts depuis Gmail, Hotmail, etc. ;<\/span>\n\t\t\t\t\t\t\t\t\t<\/li>\n\t\t\t\t\t\t\t\t<li class=\"elementor-icon-list-item\">\n\t\t\t\t\t\t\t\t\t\t\t<span class=\"elementor-icon-list-icon\">\n\t\t\t\t\t\t\t<i aria-hidden=\"true\" class=\"fas fa-angle-right\"><\/i>\t\t\t\t\t\t<\/span>\n\t\t\t\t\t\t\t\t\t\t<span class=\"elementor-icon-list-text\">ajouter manuellement des adresses une \u00e0 une ;<\/span>\n\t\t\t\t\t\t\t\t\t<\/li>\n\t\t\t\t\t\t\t\t<li class=\"elementor-icon-list-item\">\n\t\t\t\t\t\t\t\t\t\t\t<span class=\"elementor-icon-list-icon\">\n\t\t\t\t\t\t\t<i aria-hidden=\"true\" class=\"fas fa-angle-right\"><\/i>\t\t\t\t\t\t<\/span>\n\t\t\t\t\t\t\t\t\t\t<span class=\"elementor-icon-list-text\">copier et coller une liste existante.<\/span>\n\t\t\t\t\t\t\t\t\t<\/li>\n\t\t\t\t\t\t<\/ul>\n\t\t\t\t\t\t<\/div>\n\t\t\t\t<\/div>\n\t\t\t\t<div class=\"elementor-element elementor-element-eeec06b pricing2020-CTA-chat elementor-widget elementor-widget-text-editor\" data-id=\"eeec06b\" data-element_type=\"widget\" data-widget_type=\"text-editor.default\">\n\t\t\t\t<div class=\"elementor-widget-container\">\n\t\t\t\t\t\t\t\t\t<p>Emailchef dispose \u00e9galement d&#8217;une proc\u00e9dure guid\u00e9e pour importer des contacts directement \u00e0 partir de Google Sheets ou de Google Contacts, \u00e9vitant ainsi de copier les donn\u00e9es dans un fichier Excel au pr\u00e9alable.<\/p><p>Vous avez besoin d&#8217;aide pour la migration depuis votre plateforme ou pour l&#8217;importation de vos listes dans Emailchef ?<\/p><p><span class=\"pricing2020-CTA-chat\"><a href=\"#\">Contactez-nous<\/a><\/span> : nous pouvons nous en charger pour vous !<\/p>\t\t\t\t\t\t\t\t<\/div>\n\t\t\t\t<\/div>\n\t\t\t\t<div class=\"elementor-element elementor-element-a8cc373 elementor-widget elementor-widget-html\" data-id=\"a8cc373\" data-element_type=\"widget\" data-widget_type=\"html.default\">\n\t\t\t\t<div class=\"elementor-widget-container\">\n\t\t\t\t\t<div class=\"lyte-wrapper\" title=\"[FR] Comment cr&eacute;er une liste et ajouter des contacts\" style=\"width:640px;max-width:100%;margin:5px;\"><div class=\"lyMe\" id=\"WYL_HZE2pg2t-ko\"><div id=\"lyte_HZE2pg2t-ko\" data-src=\"https:\/\/emailchef.com\/wp-content\/plugins\/wp-youtube-lyte\/lyteCache.php?origThumbUrl=https%3A%2F%2Fi.ytimg.com%2Fvi%2FHZE2pg2t-ko%2Fhqdefault.jpg\" class=\"pL\"><div class=\"tC\"><div class=\"tT\">[FR] Comment cr\u00e9er une liste et ajouter des contacts<\/div><\/div><div class=\"play\"><\/div><div class=\"ctrl\"><div class=\"Lctrl\"><\/div><div class=\"Rctrl\"><\/div><\/div><\/div><noscript><a href=\"https:\/\/youtu.be\/HZE2pg2t-ko\" rel=\"nofollow\"><img decoding=\"async\" src=\"https:\/\/emailchef.com\/wp-content\/plugins\/wp-youtube-lyte\/lyteCache.php?origThumbUrl=https%3A%2F%2Fi.ytimg.com%2Fvi%2FHZE2pg2t-ko%2F0.jpg\" alt=\"[FR] Comment cr&eacute;er une liste et ajouter des contacts\" width=\"640\" height=\"340\" \/><br \/>Lire cette vid\u00e9o sur YouTube<\/a><\/noscript><\/div><\/div><div class=\"lL\" style=\"max-width:100%;width:640px;margin:5px;\"><\/div>\n<div class=\"ec-video-button hide centered\">\n\t<a href=\"https:\/\/youtu.be\/HZE2pg2t-ko\" rel=\"prettyPhoto\" title=\"Play Video\">Play Video <i class=\"fa fa-play-circle fa-2x\"><\/i><\/a>\n<\/div>\t\t\t\t<\/div>\n\t\t\t\t<\/div>\n\t\t\t\t<section class=\"elementor-section elementor-inner-section elementor-element elementor-element-9ce8c7b elementor-section-boxed elementor-section-height-default elementor-section-height-default\" data-id=\"9ce8c7b\" data-element_type=\"section\">\n\t\t\t\t\t\t<div class=\"elementor-container elementor-column-gap-default\">\n\t\t\t\t\t<div class=\"elementor-column elementor-col-100 elementor-inner-column elementor-element elementor-element-01a7526\" data-id=\"01a7526\" data-element_type=\"column\">\n\t\t\t<div class=\"elementor-widget-wrap elementor-element-populated\">\n\t\t\t\t\t\t<div class=\"elementor-element elementor-element-c8e842a elementor-widget elementor-widget-heading\" data-id=\"c8e842a\" data-element_type=\"widget\" data-widget_type=\"heading.default\">\n\t\t\t\t<div class=\"elementor-widget-container\">\n\t\t\t\t\t<h3 class=\"elementor-heading-title elementor-size-default\">Attention !<\/h3>\t\t\t\t<\/div>\n\t\t\t\t<\/div>\n\t\t\t\t<div class=\"elementor-element elementor-element-f755487 elementor-widget elementor-widget-text-editor\" data-id=\"f755487\" data-element_type=\"widget\" data-widget_type=\"text-editor.default\">\n\t\t\t\t<div class=\"elementor-widget-container\">\n\t\t\t\t\t\t\t\t\t<p>Ajoutez UNIQUEMENT les contacts qui vous ont donn\u00e9 leur consentement explicite pour recevoir des communications promotionnelles.<\/p><p>L&#8217;ajout d&#8217;adresses de personnes qui ne vous ont pas donn\u00e9 leur autorisation (comme les listes achet\u00e9es, lou\u00e9es, trouv\u00e9es en ligne ou dans votre bo\u00eete de r\u00e9ception) n&#8217;est pas seulement contraire \u00e0 l&#8217;\u00e9thique, c&#8217;est aussi ill\u00e9gal \ud83d\ude05.<\/p><p>En plus de nuire \u00e0 votre taux de d\u00e9livrabilit\u00e9 et \u00e0 l&#8217;image de votre marque, <a href=\"https:\/\/eur-lex.europa.eu\/eli\/reg\/2016\/679\/oj\" target=\"_blank\" rel=\"noopener\">vous violeriez \u00e9galement les r\u00e9glementations GDPR<\/a>. Le risque est de recevoir des amendes tr\u00e8s \u00e9lev\u00e9es (allant de 10 \u00e0 20 millions d&#8217;euros).<\/p><p>Mais que faire avec les adresses de personnes qui ne vous ont pas encore donn\u00e9 leur consentement ?<\/p><p>Vous pourriez leur envoyer un simple email les invitant \u00e0 s&#8217;inscrire \u00e0 votre liste de diffusion, en mettant en avant les avantages concrets qu&#8217;ils recevront en s&#8217;inscrivant.<\/p>\t\t\t\t\t\t\t\t<\/div>\n\t\t\t\t<\/div>\n\t\t\t\t\t<\/div>\n\t\t<\/div>\n\t\t\t\t\t<\/div>\n\t\t<\/section>\n\t\t\t\t<div class=\"elementor-element elementor-element-5b2c94c elementor-widget elementor-widget-heading\" data-id=\"5b2c94c\" data-element_type=\"widget\" data-widget_type=\"heading.default\">\n\t\t\t\t<div class=\"elementor-widget-container\">\n\t\t\t\t\t<h2 class=\"elementor-heading-title elementor-size-default\">2. Ajoutez des champs personnalis\u00e9s.<\/h2>\t\t\t\t<\/div>\n\t\t\t\t<\/div>\n\t\t\t\t<div class=\"elementor-element elementor-element-a638c21 elementor-widget elementor-widget-text-editor\" data-id=\"a638c21\" data-element_type=\"widget\" data-widget_type=\"text-editor.default\">\n\t\t\t\t<div class=\"elementor-widget-container\">\n\t\t\t\t\t\t\t\t\t<p>Les champs personnalis\u00e9s d&#8217;Emailchef vous permettent de collecter (et d&#8217;organiser) des informations pr\u00e9cieuses sur vos contacts. Ces donn\u00e9es vous aident \u00e0 cr\u00e9er des campagnes personnalis\u00e9es et des communications sur mesure.<\/p><p>Quelles sont les informations que vous pouvez collecter avec des champs personnalis\u00e9s ?<\/p><p>Par exemple, vous pouvez demander aux abonn\u00e9s leur pays d&#8217;origine, leur profession, leur \u00e2ge ou savoir quelle ressource gratuite ils ont t\u00e9l\u00e9charg\u00e9e.<\/p><p>Mais ce n&#8217;est pas tout.<\/p><p>Vous pouvez \u00e9galement voir quels contacts se sont d\u00e9sinscrits et quelles adresses ont g\u00e9n\u00e9r\u00e9 un bounce. Si besoin, vous pouvez modifier et mettre \u00e0 jour les informations de chaque contact (ou supprimer une adresse de la liste de diffusion), et m\u00eame configurer une liste noire globale.<\/p><p>Les abonn\u00e9s ajout\u00e9s \u00e0 la liste noire apr\u00e8s s&#8217;\u00eatre d\u00e9sinscrits ne recevront plus aucun email de votre part, quel que soit leur statut dans les autres listes.<\/p><p>Gardez \u00e0 l&#8217;esprit que la liste noire joue un r\u00f4le tr\u00e8s important. De nombreux logiciels vous demandent de nettoyer manuellement vos listes de contacts. Oublier de le faire ou ne pas le faire r\u00e9guli\u00e8rement vous expose \u00e0 des taux de bounce \u00e9lev\u00e9s, ce qui nuit \u00e0 la r\u00e9putation de votre compte.<\/p><p>Notre plateforme s&#8217;en charge automatiquement pour vous, garantissant que seuls les contacts VRAIMENT int\u00e9ress\u00e9s par ce que vous avez \u00e0 dire re\u00e7oivent vos emails.<\/p><p>Que se passe-t-il si quelqu&#8217;un se d\u00e9sinscrit et ne veut plus recevoir vos emails ?<\/p><p>Ces contacts seront ajout\u00e9s \u00e0 une liste noire, mais pourront \u00eatre r\u00e9inscrits s&#8217;ils s&#8217;inscrivent \u00e0 nouveau \u00e0 votre liste de contacts.<\/p>\t\t\t\t\t\t\t\t<\/div>\n\t\t\t\t<\/div>\n\t\t\t\t<div class=\"elementor-element elementor-element-9f7c66c elementor-widget elementor-widget-html\" data-id=\"9f7c66c\" data-element_type=\"widget\" data-widget_type=\"html.default\">\n\t\t\t\t<div class=\"elementor-widget-container\">\n\t\t\t\t\t<div class=\"lyte-wrapper\" title=\"[FR] Comment ajouter des contacts &agrave; la liste noire g&eacute;n&eacute;rale\" style=\"width:640px;max-width:100%;margin:5px;\"><div class=\"lyMe\" id=\"WYL_kQvjl1LNtdw\"><div id=\"lyte_kQvjl1LNtdw\" data-src=\"https:\/\/emailchef.com\/wp-content\/plugins\/wp-youtube-lyte\/lyteCache.php?origThumbUrl=https%3A%2F%2Fi.ytimg.com%2Fvi%2FkQvjl1LNtdw%2Fhqdefault.jpg\" class=\"pL\"><div class=\"tC\"><div class=\"tT\">[FR] Comment ajouter des contacts \u00e0 la liste noire g\u00e9n\u00e9rale<\/div><\/div><div class=\"play\"><\/div><div class=\"ctrl\"><div class=\"Lctrl\"><\/div><div class=\"Rctrl\"><\/div><\/div><\/div><noscript><a href=\"https:\/\/youtu.be\/kQvjl1LNtdw\" rel=\"nofollow\"><img decoding=\"async\" src=\"https:\/\/emailchef.com\/wp-content\/plugins\/wp-youtube-lyte\/lyteCache.php?origThumbUrl=https%3A%2F%2Fi.ytimg.com%2Fvi%2FkQvjl1LNtdw%2F0.jpg\" alt=\"[FR] Comment ajouter des contacts &agrave; la liste noire g&eacute;n&eacute;rale\" width=\"640\" height=\"340\" \/><br \/>Lire cette vid\u00e9o sur YouTube<\/a><\/noscript><\/div><\/div><div class=\"lL\" style=\"max-width:100%;width:640px;margin:5px;\"><\/div>\n<div class=\"ec-video-button hide centered\">\n\t<a href=\"https:\/\/youtu.be\/kQvjl1LNtdw\" rel=\"prettyPhoto\" title=\"Play Video\">Play Video <i class=\"fa fa-play-circle fa-2x\"><\/i><\/a>\n<\/div>\t\t\t\t<\/div>\n\t\t\t\t<\/div>\n\t\t\t\t<div class=\"elementor-element elementor-element-dd7ea7c elementor-widget elementor-widget-heading\" data-id=\"dd7ea7c\" data-element_type=\"widget\" data-widget_type=\"heading.default\">\n\t\t\t\t<div class=\"elementor-widget-container\">\n\t\t\t\t\t<h2 class=\"elementor-heading-title elementor-size-default\">3. Segmentez votre liste.<\/h2>\t\t\t\t<\/div>\n\t\t\t\t<\/div>\n\t\t\t\t<div class=\"elementor-element elementor-element-e105eb4 elementor-widget elementor-widget-text-editor\" data-id=\"e105eb4\" data-element_type=\"widget\" data-widget_type=\"text-editor.default\">\n\t\t\t\t<div class=\"elementor-widget-container\">\n\t\t\t\t\t\t\t\t\t<p>Le marketing par email fonctionne mieux lorsqu&#8217;il est personnalis\u00e9. Et le secret d&#8217;un email marketing \u00ab bien fait \u00bb est d&#8217;envoyer le bon email \u00e0 la bonne personne au bon moment.<\/p><p>Pour y parvenir, il est essentiel de segmenter correctement vos listes de contacts.<\/p><p>Emailchef vous permet de segmenter votre liste et d&#8217;envoyer des offres personnalis\u00e9es pr\u00e9cis\u00e9ment aux personnes les plus susceptibles d&#8217;\u00eatre int\u00e9ress\u00e9es par ce que vous proposez.<\/p><p>Vous pouvez cr\u00e9er ces sous-listes en s\u00e9lectionnant les options et conditions que vous pr\u00e9f\u00e9rez.<\/p><p>Par exemple, vous pouvez segmenter votre audience en fonction des informations que vous avez recueillies lors de l&#8217;inscription \u00e0 votre liste de diffusion. Vous pourriez inclure dans un m\u00eame segment tous les contacts ayant la m\u00eame profession ou parlant la m\u00eame langue.<\/p><p>Vous pouvez \u00e9galement les segmenter en fonction des actions qu&#8217;ils ont effectu\u00e9es, en cr\u00e9ant par exemple un sous-groupe comprenant tous ceux qui ont ouvert un email sp\u00e9cifique ou cliqu\u00e9 sur un lien.<\/p><p>Il est \u00e9galement possible de <a title=\"\u00c9diteur de formulaires d\u2019abonnement\" href=\"https:\/\/emailchef.com\/fr\/fonctionnalites\/editeur-formulaires-dabonnement\/\">collecter de nouveaux contacts en cr\u00e9ant un formulaire d&#8217;inscription personnalis\u00e9<\/a> pour segmenter votre audience selon vos crit\u00e8res et l&#8217;int\u00e9grer \u00e0 votre site web.<\/p>\t\t\t\t\t\t\t\t<\/div>\n\t\t\t\t<\/div>\n\t\t\t\t<div class=\"elementor-element elementor-element-cf0059e elementor-widget elementor-widget-html\" data-id=\"cf0059e\" data-element_type=\"widget\" data-widget_type=\"html.default\">\n\t\t\t\t<div class=\"elementor-widget-container\">\n\t\t\t\t\t<div class=\"lyte-wrapper\" title=\"[FR] Cr&eacute;er segments dans une liste avec des champs personnalis&eacute;s\" style=\"width:640px;max-width:100%;margin:5px;\"><div class=\"lyMe\" id=\"WYL_37pbJW6zEms\"><div id=\"lyte_37pbJW6zEms\" data-src=\"https:\/\/emailchef.com\/wp-content\/plugins\/wp-youtube-lyte\/lyteCache.php?origThumbUrl=https%3A%2F%2Fi.ytimg.com%2Fvi%2F37pbJW6zEms%2Fhqdefault.jpg\" class=\"pL\"><div class=\"tC\"><div class=\"tT\">[FR] Cr\u00e9er segments dans une liste avec des champs personnalis\u00e9s<\/div><\/div><div class=\"play\"><\/div><div class=\"ctrl\"><div class=\"Lctrl\"><\/div><div class=\"Rctrl\"><\/div><\/div><\/div><noscript><a href=\"https:\/\/youtu.be\/37pbJW6zEms\" rel=\"nofollow\"><img loading=\"lazy\" decoding=\"async\" src=\"https:\/\/emailchef.com\/wp-content\/plugins\/wp-youtube-lyte\/lyteCache.php?origThumbUrl=https%3A%2F%2Fi.ytimg.com%2Fvi%2F37pbJW6zEms%2F0.jpg\" alt=\"[FR] Cr&eacute;er segments dans une liste avec des champs personnalis&eacute;s\" width=\"640\" height=\"340\" \/><br \/>Lire cette vid\u00e9o sur YouTube<\/a><\/noscript><\/div><\/div><div class=\"lL\" style=\"max-width:100%;width:640px;margin:5px;\"><\/div>\n<div class=\"ec-video-button hide centered\">\n\t<a href=\"https:\/\/youtu.be\/37pbJW6zEms\" rel=\"prettyPhoto\" title=\"Play Video\">Play Video <i class=\"fa fa-play-circle fa-2x\"><\/i><\/a>\n<\/div>\t\t\t\t<\/div>\n\t\t\t\t<\/div>\n\t\t\t\t\t<\/div>\n\t\t<\/div>\n\t\t\t\t\t<\/div>\n\t\t<\/section>\n\t\t\t\t<\/div>\n\t\t","protected":false},"excerpt":{"rendered":"<p>G\u00e9n\u00e9rer des prospects, des clients et des ventes : ce sont les objectifs de toute personne qui s&#8217;initie au marketing par email. Et ce sont probablement aussi les v\u00f4tres. Mais une strat\u00e9gie efficace doit commencer par un point cl\u00e9 : la qualit\u00e9 des contacts dans votre liste de diffusion. En effet, avoir une liste \u00e0 [&hellip;]<\/p>\n","protected":false},"author":3,"featured_media":0,"parent":1268,"menu_order":1,"comment_status":"closed","ping_status":"closed","template":"","meta":{"_acf_changed":false,"inline_featured_image":false,"footnotes":""},"g1_relation_tag":[],"class_list":["post-1272","page","type-page","status-publish","hentry"],"acf":[],"yoast_head":"<!-- This site is optimized with the Yoast SEO plugin v24.8.1 - https:\/\/yoast.com\/wordpress\/plugins\/seo\/ -->\n<title>Gestion simplifi\u00e9e des contacts - Emailchef<\/title>\n<meta name=\"description\" content=\"Comment Cr\u00e9er une Liste. Comment Collecter de Nouveaux Contacts pour la Liste de Diffusion. Segmenter une Liste d&#039;E-mails. &gt;&gt; Comment faire avec Emailchef !\" \/>\n<meta name=\"robots\" content=\"index, follow, max-snippet:-1, max-image-preview:large, max-video-preview:-1\" \/>\n<link rel=\"canonical\" href=\"https:\/\/emailchef.com\/fr\/fonctionnalites\/gestion-des-contacts-super-facile\/\" \/>\n<meta name=\"twitter:label1\" content=\"Dur\u00e9e de lecture estim\u00e9e\" \/>\n\t<meta name=\"twitter:data1\" content=\"5 minutes\" \/>\n<!-- \/ Yoast SEO plugin. -->","yoast_head_json":{"title":"Gestion simplifi\u00e9e des contacts - Emailchef","description":"Comment Cr\u00e9er une Liste. Comment Collecter de Nouveaux Contacts pour la Liste de Diffusion. Segmenter une Liste d'E-mails. >> Comment faire avec Emailchef !","robots":{"index":"index","follow":"follow","max-snippet":"max-snippet:-1","max-image-preview":"max-image-preview:large","max-video-preview":"max-video-preview:-1"},"canonical":"https:\/\/emailchef.com\/fr\/fonctionnalites\/gestion-des-contacts-super-facile\/","twitter_misc":{"Dur\u00e9e de lecture estim\u00e9e":"5 minutes"},"schema":{"@context":"https:\/\/schema.org","@graph":[{"@type":"WebPage","@id":"https:\/\/emailchef.com\/fr\/fonctionnalites\/gestion-des-contacts-super-facile\/","url":"https:\/\/emailchef.com\/fr\/fonctionnalites\/gestion-des-contacts-super-facile\/","name":"Gestion simplifi\u00e9e des contacts - Emailchef","isPartOf":{"@id":"https:\/\/emailchef.com\/fr\/#website"},"primaryImageOfPage":{"@id":"https:\/\/emailchef.com\/fr\/fonctionnalites\/gestion-des-contacts-super-facile\/#primaryimage"},"image":{"@id":"https:\/\/emailchef.com\/fr\/fonctionnalites\/gestion-des-contacts-super-facile\/#primaryimage"},"thumbnailUrl":"https:\/\/emailchef.com\/wp-content\/uploads\/2024\/10\/email_marekting_gestione_contatti_semplificata.png","datePublished":"2014-09-04T09:55:03+00:00","dateModified":"2024-10-10T12:46:51+00:00","description":"Comment Cr\u00e9er une Liste. Comment Collecter de Nouveaux Contacts pour la Liste de Diffusion. Segmenter une Liste d'E-mails. >> Comment faire avec Emailchef !","breadcrumb":{"@id":"https:\/\/emailchef.com\/fr\/fonctionnalites\/gestion-des-contacts-super-facile\/#breadcrumb"},"inLanguage":"fr-FR","potentialAction":[{"@type":"ReadAction","target":["https:\/\/emailchef.com\/fr\/fonctionnalites\/gestion-des-contacts-super-facile\/"]}]},{"@type":"ImageObject","inLanguage":"fr-FR","@id":"https:\/\/emailchef.com\/fr\/fonctionnalites\/gestion-des-contacts-super-facile\/#primaryimage","url":"https:\/\/emailchef.com\/wp-content\/uploads\/2024\/10\/email_marekting_gestione_contatti_semplificata.png","contentUrl":"https:\/\/emailchef.com\/wp-content\/uploads\/2024\/10\/email_marekting_gestione_contatti_semplificata.png"},{"@type":"BreadcrumbList","@id":"https:\/\/emailchef.com\/fr\/fonctionnalites\/gestion-des-contacts-super-facile\/#breadcrumb","itemListElement":[{"@type":"ListItem","position":1,"name":"Home","item":"https:\/\/emailchef.com\/fr\/mailchef-email-marketing-emailing-et-envoi-newsletter\/"},{"@type":"ListItem","position":2,"name":"D\u00e9couvrez les fonctionnalit\u00e9s d&#8217;Emailchef","item":"https:\/\/emailchef.com\/fr\/fonctionnalites\/"},{"@type":"ListItem","position":3,"name":"Gestion simplifi\u00e9e des contacts"}]},{"@type":"WebSite","@id":"https:\/\/emailchef.com\/fr\/#website","url":"https:\/\/emailchef.com\/fr\/","name":"Emailchef","description":"Recettes go\u00fbteuses pour vos emails","publisher":{"@id":"https:\/\/emailchef.com\/fr\/#organization"},"potentialAction":[{"@type":"SearchAction","target":{"@type":"EntryPoint","urlTemplate":"https:\/\/emailchef.com\/fr\/?s={search_term_string}"},"query-input":{"@type":"PropertyValueSpecification","valueRequired":true,"valueName":"search_term_string"}}],"inLanguage":"fr-FR"},{"@type":"Organization","@id":"https:\/\/emailchef.com\/fr\/#organization","name":"Delivery Tech Corp.","url":"https:\/\/emailchef.com\/fr\/","logo":{"@type":"ImageObject","inLanguage":"fr-FR","@id":"https:\/\/emailchef.com\/fr\/#\/schema\/logo\/image\/","url":"https:\/\/emailchef.com\/wp-content\/uploads\/2022\/04\/logo-sama.png","contentUrl":"https:\/\/emailchef.com\/wp-content\/uploads\/2022\/04\/logo-sama.png","width":237,"height":80,"caption":"Delivery Tech Corp."},"image":{"@id":"https:\/\/emailchef.com\/fr\/#\/schema\/logo\/image\/"}}]}},"_links":{"self":[{"href":"https:\/\/emailchef.com\/fr\/wp-json\/wp\/v2\/pages\/1272"}],"collection":[{"href":"https:\/\/emailchef.com\/fr\/wp-json\/wp\/v2\/pages"}],"about":[{"href":"https:\/\/emailchef.com\/fr\/wp-json\/wp\/v2\/types\/page"}],"author":[{"embeddable":true,"href":"https:\/\/emailchef.com\/fr\/wp-json\/wp\/v2\/users\/3"}],"replies":[{"embeddable":true,"href":"https:\/\/emailchef.com\/fr\/wp-json\/wp\/v2\/comments?post=1272"}],"version-history":[{"count":22,"href":"https:\/\/emailchef.com\/fr\/wp-json\/wp\/v2\/pages\/1272\/revisions"}],"predecessor-version":[{"id":75684,"href":"https:\/\/emailchef.com\/fr\/wp-json\/wp\/v2\/pages\/1272\/revisions\/75684"}],"up":[{"embeddable":true,"href":"https:\/\/emailchef.com\/fr\/wp-json\/wp\/v2\/pages\/1268"}],"wp:attachment":[{"href":"https:\/\/emailchef.com\/fr\/wp-json\/wp\/v2\/media?parent=1272"}],"wp:term":[{"taxonomy":"g1_relation_tag","embeddable":true,"href":"https:\/\/emailchef.com\/fr\/wp-json\/wp\/v2\/g1_relation_tag?post=1272"}],"curies":[{"name":"wp","href":"https:\/\/api.w.org\/{rel}","templated":true}]}}