{"id":1193,"date":"2014-09-22T08:04:21","date_gmt":"2014-09-22T08:04:21","guid":{"rendered":"http:\/\/emailchef.com\/?page_id=1193"},"modified":"2021-06-01T13:07:46","modified_gmt":"2021-06-01T13:07:46","slug":"base-de-connaissance","status":"publish","type":"page","link":"https:\/\/emailchef.com\/fr\/base-de-connaissance\/","title":{"rendered":"Base de connaissance"},"content":{"rendered":"<p>Sur cette page, vous trouverez un <strong>guide compl\u00e8te<\/strong> \u00e0\u00a0Emailchef, de la construction d&#8217;une liste de contacts \u00e0 la la cr\u00e9ation, envoi\u00a0et analyse de\u00a0votre campagne d&#8217;emailing. Vous pouvez naviguer \u00e0 travers les th\u00e8mes en cliquant sur le menu sur le panneau de gauche.<\/p>\n<p>Si vous voulez un r\u00e9sum\u00e9 succinct des caract\u00e9ristiques de Emailchef, lisez notre article pour <a href=\"https:\/\/emailchef.com\/fr\/lancer-une-campagne-en-5-minutes\/\"><strong>cr\u00e9er\u00a0une campagne en 5 minutes<\/strong><\/a>.<\/p>\n","protected":false},"excerpt":{"rendered":"<p>Sur cette page, vous trouverez un guide compl\u00e8te \u00e0\u00a0Emailchef, de la construction d&#8217;une liste de contacts \u00e0 la la cr\u00e9ation, envoi\u00a0et analyse de\u00a0votre campagne d&#8217;emailing. Vous pouvez naviguer \u00e0 travers les th\u00e8mes en cliquant sur le menu sur le panneau de gauche. Si vous voulez un r\u00e9sum\u00e9 succinct des caract\u00e9ristiques de Emailchef, lisez notre article [&hellip;]<\/p>\n","protected":false},"author":2,"featured_media":0,"parent":0,"menu_order":171,"comment_status":"closed","ping_status":"closed","template":"","meta":{"_acf_changed":false,"inline_featured_image":false,"footnotes":""},"g1_relation_tag":[],"class_list":["post-1193","page","type-page","status-publish","hentry"],"acf":[],"yoast_head":"<!-- This site is optimized with the Yoast SEO plugin v24.8.1 - https:\/\/yoast.com\/wordpress\/plugins\/seo\/ -->\n<title>Base de connaissance - Emailchef<\/title>\n<meta name=\"robots\" content=\"index, follow, max-snippet:-1, max-image-preview:large, max-video-preview:-1\" \/>\n<link rel=\"canonical\" href=\"https:\/\/emailchef.com\/fr\/base-de-connaissance\/\" \/>\n<!-- \/ Yoast SEO plugin. -->","yoast_head_json":{"title":"Base de connaissance - Emailchef","robots":{"index":"index","follow":"follow","max-snippet":"max-snippet:-1","max-image-preview":"max-image-preview:large","max-video-preview":"max-video-preview:-1"},"canonical":"https:\/\/emailchef.com\/fr\/base-de-connaissance\/","schema":{"@context":"https:\/\/schema.org","@graph":[{"@type":"WebPage","@id":"https:\/\/emailchef.com\/fr\/base-de-connaissance\/","url":"https:\/\/emailchef.com\/fr\/base-de-connaissance\/","name":"Base de connaissance - Emailchef","isPartOf":{"@id":"https:\/\/emailchef.com\/fr\/#website"},"datePublished":"2014-09-22T08:04:21+00:00","dateModified":"2021-06-01T13:07:46+00:00","breadcrumb":{"@id":"https:\/\/emailchef.com\/fr\/base-de-connaissance\/#breadcrumb"},"inLanguage":"fr-FR","potentialAction":[{"@type":"ReadAction","target":["https:\/\/emailchef.com\/fr\/base-de-connaissance\/"]}]},{"@type":"BreadcrumbList","@id":"https:\/\/emailchef.com\/fr\/base-de-connaissance\/#breadcrumb","itemListElement":[{"@type":"ListItem","position":1,"name":"Home","item":"https:\/\/emailchef.com\/fr\/mailchef-email-marketing-emailing-et-envoi-newsletter\/"},{"@type":"ListItem","position":2,"name":"Base de connaissance"}]},{"@type":"WebSite","@id":"https:\/\/emailchef.com\/fr\/#website","url":"https:\/\/emailchef.com\/fr\/","name":"Emailchef","description":"Recettes go\u00fbteuses pour vos emails","publisher":{"@id":"https:\/\/emailchef.com\/fr\/#organization"},"potentialAction":[{"@type":"SearchAction","target":{"@type":"EntryPoint","urlTemplate":"https:\/\/emailchef.com\/fr\/?s={search_term_string}"},"query-input":{"@type":"PropertyValueSpecification","valueRequired":true,"valueName":"search_term_string"}}],"inLanguage":"fr-FR"},{"@type":"Organization","@id":"https:\/\/emailchef.com\/fr\/#organization","name":"Delivery Tech Corp.","url":"https:\/\/emailchef.com\/fr\/","logo":{"@type":"ImageObject","inLanguage":"fr-FR","@id":"https:\/\/emailchef.com\/fr\/#\/schema\/logo\/image\/","url":"https:\/\/emailchef.com\/wp-content\/uploads\/2022\/04\/logo-sama.png","contentUrl":"https:\/\/emailchef.com\/wp-content\/uploads\/2022\/04\/logo-sama.png","width":237,"height":80,"caption":"Delivery Tech Corp."},"image":{"@id":"https:\/\/emailchef.com\/fr\/#\/schema\/logo\/image\/"}}]}},"_links":{"self":[{"href":"https:\/\/emailchef.com\/fr\/wp-json\/wp\/v2\/pages\/1193"}],"collection":[{"href":"https:\/\/emailchef.com\/fr\/wp-json\/wp\/v2\/pages"}],"about":[{"href":"https:\/\/emailchef.com\/fr\/wp-json\/wp\/v2\/types\/page"}],"author":[{"embeddable":true,"href":"https:\/\/emailchef.com\/fr\/wp-json\/wp\/v2\/users\/2"}],"replies":[{"embeddable":true,"href":"https:\/\/emailchef.com\/fr\/wp-json\/wp\/v2\/comments?post=1193"}],"version-history":[{"count":6,"href":"https:\/\/emailchef.com\/fr\/wp-json\/wp\/v2\/pages\/1193\/revisions"}],"predecessor-version":[{"id":41380,"href":"https:\/\/emailchef.com\/fr\/wp-json\/wp\/v2\/pages\/1193\/revisions\/41380"}],"wp:attachment":[{"href":"https:\/\/emailchef.com\/fr\/wp-json\/wp\/v2\/media?parent=1193"}],"wp:term":[{"taxonomy":"g1_relation_tag","embeddable":true,"href":"https:\/\/emailchef.com\/fr\/wp-json\/wp\/v2\/g1_relation_tag?post=1193"}],"curies":[{"name":"wp","href":"https:\/\/api.w.org\/{rel}","templated":true}]}}