{"id":10790,"date":"2019-07-16T08:33:32","date_gmt":"2019-07-16T08:33:32","guid":{"rendered":"https:\/\/emailchef.com\/?page_id=10790"},"modified":"2019-07-16T12:13:55","modified_gmt":"2019-07-16T12:13:55","slug":"nouvelles-et-mises-a-jour","status":"publish","type":"page","link":"https:\/\/emailchef.com\/fr\/nouvelles-et-mises-a-jour\/","title":{"rendered":"Nouvelles et Mises \u00e0 jour"},"content":{"rendered":"<div id=\"g1-box-counter-1\" class=\"g1-box g1-box--simple  g1-box--noicon\"><div class=\"g1-box__inner\">\n\t<ul class=\"g1-grid\"><li class=\"g1-column g1-two-fifth g1-valign-middle\"><img decoding=\"async\" src=\"https:\/\/emailchef.com\/wp-content\/uploads\/2026\/02\/pagino-email-ai.png\" style=\"margin-bottom: 16px;\"><\/li>\n\t<li class=\"g1-column g1-three-fifth g1-valign-top\">\n\t<h3 style=\"margin-bottom: 12px;\">D\u00e9couvrez Pagino et commencez \u00e0 cr\u00e9er des emails complets gr\u00e2ce \u00e0 l\u2019intelligence artificielle !<\/h3>\n\t<!--p style=\"margin-top: 2px; margin-bottom: 6px; color: #999; font-size: 10px;\">f\u00e9vrier 11, 2026<\/p-->\n\t<p>Pagino est le tout dernier outil IA d\u00e9velopp\u00e9 par les cr\u00e9ateurs de Emailchef et TurboSMTP, qui vous permet de cr\u00e9er vos emails \u00e0 partir de quelques commandes textuelles simples. Il vous suffit de d\u00e9crire en mots simples ce que vous souhaitez communiquer, et Pagino transforme votre id\u00e9e en texte, mise en page et design pr\u00eats \u00e0 l\u2019emploi, que vous pouvez personnaliser selon votre marque et votre style.\r\n\r\nLes emails g\u00e9n\u00e9r\u00e9s peuvent \u00eatre import\u00e9s directement dans Emailchef et envoy\u00e9s \u00e0 vos contacts en quelques clics, rendant le processus de cr\u00e9ation et d\u2019envoi plus rapide et facile que jamais.\r\n\r\n<a href=\"https:\/\/pagino.ai\/\" target=\"_blank\" rel=\"noopener\">Essayez-le d\u00e8s maintenant et d\u00e9couvrez combien il est simple de transformer une id\u00e9e en email !<\/a>\r\n<\/p><\/li><\/ul>\n\t<\/div><\/div><div id=\"g1-box-counter-2\" class=\"g1-box g1-box--simple  g1-box--noicon\"><div class=\"g1-box__inner\">\n\t<ul class=\"g1-grid\"><li class=\"g1-column g1-two-fifth g1-valign-middle\"><img decoding=\"async\" src=\"https:\/\/emailchef.com\/wp-content\/uploads\/2025\/09\/zapier-news.png\" style=\"margin-bottom: 16px;\"><\/li>\n\t<li class=\"g1-column g1-three-fifth g1-valign-top\">\n\t<h3 style=\"margin-bottom: 12px;\">Emailchef et Zapier : l\u2019int\u00e9gration pour des automatisations illimit\u00e9es est arriv\u00e9e<\/h3>\n\t<!--p style=\"margin-top: 2px; margin-bottom: 6px; color: #999; font-size: 10px;\">octobre 1, 2025<\/p-->\n\t<p>D\u00e8s aujourd\u2019hui, Emailchef s\u2019int\u00e8gre \u00e0 Zapier, vous permettant de connecter vos campagnes email \u00e0 des milliers d\u2019applications et services en un seul clic. Gr\u00e2ce \u00e0 cette int\u00e9gration, vous pouvez automatiser toutes les activit\u00e9s de marketing et de gestion des contacts : mettre \u00e0 jour les contacts, synchroniser les donn\u00e9es, d\u00e9clencher des campagnes email en fonction d\u2019\u00e9v\u00e9nements externes ou des actions de vos abonn\u00e9s, et bien plus encore. Le tout de mani\u00e8re simple et sans comp\u00e9tences techniques.\r\n\r\nAvec Emailchef et Zapier, toutes les applications que vous utilisez, comme les CRM, les r\u00e9seaux sociaux, les formulaires ou les outils de gestion de donn\u00e9es, peuvent interagir automatiquement avec vos campagnes. Ainsi, vous pouvez centraliser les informations, envoyer des messages cibl\u00e9s et rendre vos automatisations plus rapides et efficaces.\r\n\r\n<a href=\"https:\/\/emailchef.com\/fr\/emailchef-zapier-boostez-vos-automatisations-email\/\" target=\"_blank\" rel=\"noopener\">\u26a1D\u00e9couvrez comment int\u00e9grer Emailchef avec Zapier \u26a1<\/a>\r\n<\/p><\/li><\/ul>\n\t<\/div><\/div><div id=\"g1-box-counter-3\" class=\"g1-box g1-box--simple  g1-box--noicon\"><div class=\"g1-box__inner\">\n\t<ul class=\"g1-grid\"><li class=\"g1-column g1-two-fifth g1-valign-middle\"><img decoding=\"async\" src=\"https:\/\/emailchef.com\/wp-content\/uploads\/2025\/07\/app-new-spoki.jpg\" style=\"margin-bottom: 16px;\"><\/li>\n\t<li class=\"g1-column g1-three-fifth g1-valign-top\">\n\t<h3 style=\"margin-bottom: 12px;\">Emailchef + Spoki: integrate email and WhatsApp for even more powerful automations<\/h3>\n\t<!--p style=\"margin-top: 2px; margin-bottom: 6px; color: #999; font-size: 10px;\">juillet 16, 2025<\/p-->\n\t<p>Starting today, Emailchef integrates with Spoki to take your marketing to the next level by combining the power of email with the immediacy of WhatsApp. You can create automated multichannel flows to boost sales, engagement, and loyalty easily, with no technical skills required.\r\n\r\nThis integration lets you automate sending both emails and WhatsApp messages, guiding your customers throughout the entire sales funnel. Thanks to WhatsApp\u2019s speed, you can increase open and conversion rates by personalizing communications with urgent notifications, flash offers, and support messages. \r\n\r\n<a href=\"https:\/\/emailchef.com\/emailchef-spoki-the-integration-that-brings-together-email-and-whatsapp\/\" target=\"_blank\" rel=\"noopener\">Discover more about the Emailchef and Spoki integration!<\/a><\/p><\/li><\/ul>\n\t<\/div><\/div><div id=\"g1-box-counter-4\" class=\"g1-box g1-box--simple  g1-box--noicon\"><div class=\"g1-box__inner\">\n\t<ul class=\"g1-grid\"><li class=\"g1-column g1-two-fifth g1-valign-middle\"><img decoding=\"async\" src=\"https:\/\/emailchef.com\/wp-content\/uploads\/2025\/02\/templates-management.png\" style=\"margin-bottom: 16px;\"><\/li>\n\t<li class=\"g1-column g1-three-fifth g1-valign-top\">\n\t<h3 style=\"margin-bottom: 12px;\">Gestion avanc\u00e9e des mod\u00e8les : simplicit\u00e9 et contr\u00f4le avec Emailchef<\/h3>\n\t<!--p style=\"margin-top: 2px; margin-bottom: 6px; color: #999; font-size: 10px;\">f\u00e9vrier 24, 2025<\/p-->\n\t<p>D\u00e8s aujourd\u2019hui, organiser vos mod\u00e8les dans Emailchef est encore plus simple et efficace !\r\n\r\nGr\u00e2ce aux nouvelles fonctionnalit\u00e9s d\u00e9di\u00e9es, vous pouvez cr\u00e9er des dossiers et sous-dossiers personnalis\u00e9s pour tout garder en ordre et renommer vos mod\u00e8les en quelques clics pour une gestion plus intuitive. De plus, vous pourrez retrouver rapidement vos mod\u00e8les gr\u00e2ce \u00e0 la recherche par nom ou mot-cl\u00e9 et en afficher un aper\u00e7u sur mobile et ordinateur.\r\n\r\nCes outils garantissent un archivage toujours bien organis\u00e9, m\u00eame avec un grand nombre de mod\u00e8les. Acc\u00e9dez d\u00e8s maintenant \u00e0 la section Mod\u00e8les et simplifiez la gestion de vos emails !\r\n\r\n<a href=\"https:\/\/emailchef.com\/fr\/base-de-connaissance\/gestion-des-modeles-dans-emailchef\/\" target=\"_blank\" rel=\"noopener\">D\u00e9couvrez-en plus sur la gestion des mod\u00e8les avec Emailchef.<\/a><\/p><\/li><\/ul>\n\t<\/div><\/div><div id=\"g1-box-counter-5\" class=\"g1-box g1-box--simple  g1-box--noicon\"><div class=\"g1-box__inner\">\n\t<ul class=\"g1-grid\"><li class=\"g1-column g1-two-fifth g1-valign-middle\"><img decoding=\"async\" src=\"https:\/\/emailchef.com\/wp-content\/uploads\/2024\/11\/exclude-contacts.jpg\" style=\"margin-bottom: 16px;\"><\/li>\n\t<li class=\"g1-column g1-three-fifth g1-valign-top\">\n\t<h3 style=\"margin-bottom: 12px;\">Simplifiez vos envois : excluez les destinataires non pertinents<\/h3>\n\t<!--p style=\"margin-top: 2px; margin-bottom: 6px; color: #999; font-size: 10px;\">novembre 25, 2024<\/p-->\n\t<p>D\u00e8s aujourd'hui, avec Emailchef, vous pouvez cr\u00e9er des campagnes email encore plus cibl\u00e9es et personnalis\u00e9es. Lors de la s\u00e9lection de vos destinataires, vous pouvez facilement exclure des contacts sp\u00e9cifiques en choisissant les listes ou les segments auxquels vous ne souhaitez pas envoyer votre campagne.  \r\n\r\nCette nouvelle fonctionnalit\u00e9 vous offre un contr\u00f4le total sur votre cible, garantissant que vos messages atteignent uniquement le public souhait\u00e9, avec un impact accru et des r\u00e9sultats plus efficaces.  \r\n\r\nEssayez cette nouveaut\u00e9 directement depuis votre tableau de bord et optimisez votre strat\u00e9gie marketing avec Emailchef !\r\n\r\n<a href=\"https:\/\/emailchef.com\/fr\/base-de-connaissance\/selectionner-les-destinataires\/\" rel=\"noopener\" target=\"_blank\">En savoir plus sur la fonction d'exclusion des contacts.<\/a>\r\n<\/p><\/li><\/ul>\n\t<\/div><\/div><div id=\"g1-box-counter-6\" class=\"g1-box g1-box--simple  g1-box--noicon\"><div class=\"g1-box__inner\">\n\t<ul class=\"g1-grid\"><li class=\"g1-column g1-two-fifth g1-valign-middle\"><img decoding=\"async\" src=\"https:\/\/emailchef.com\/wp-content\/uploads\/2024\/10\/subject-ai.jpg\" style=\"margin-bottom: 16px;\"><\/li>\n\t<li class=\"g1-column g1-three-fifth g1-valign-top\">\n\t<h3 style=\"margin-bottom: 12px;\">Cr\u00e9ez des lignes d&#8217;objet et des preheader efficaces avec l&#8217;IA d&#8217;Emailchef.<\/h3>\n\t<!--p style=\"margin-top: 2px; margin-bottom: 6px; color: #999; font-size: 10px;\">octobre 28, 2024<\/p-->\n\t<p>D\u00e8s aujourd'hui, Emailchef vous propose un nouvel outil pour votre marketing par e-mail!\r\n\r\nGr\u00e2ce \u00e0 l'intelligence artificielle int\u00e9gr\u00e9e \u00e0 votre compte Emailchef, vous pouvez g\u00e9n\u00e9rer automatiquement des lignes d'objet et des preheader personnalis\u00e9s. Cela rend la capture de l'attention de vos abonn\u00e9s et l'augmentation de vos taux d'ouverture encore plus faciles.\r\n\r\nIl vous suffit de fournir des indications sur le contenu de l'e-mail et de laisser l'IA d'Emailchef cr\u00e9er des textes optimis\u00e9s pour vos besoins, vous aidant \u00e0 obtenir de meilleurs r\u00e9sultats en moins de temps.\r\n\r\n<a href=\"https:\/\/emailchef.com\/fr\/base-de-connaissance\/personnaliser-les-details-de-votre-campagne\/\" rel=\"noopener\" target=\"_blank\">D\u00e9couvrez comment utiliser l'IA d'Emailchef pour am\u00e9liorer vos campagnes e-mail.<\/a>\r\n<\/p><\/li><\/ul>\n\t<\/div><\/div><div id=\"g1-box-counter-7\" class=\"g1-box g1-box--simple  g1-box--noicon\"><div class=\"g1-box__inner\">\n\t<ul class=\"g1-grid\"><li class=\"g1-column g1-two-fifth g1-valign-middle\"><img decoding=\"async\" src=\"https:\/\/emailchef.com\/wp-content\/uploads\/2024\/09\/Flows_img_1.png\" style=\"margin-bottom: 16px;\"><\/li>\n\t<li class=\"g1-column g1-three-fifth g1-valign-top\">\n\t<h3 style=\"margin-bottom: 12px;\">D\u00e9couvrez Emailchef Flow : les nouvelles automatisations d\u2019Emailchef sont d\u00e9sormais disponibles !<\/h3>\n\t<!--p style=\"margin-top: 2px; margin-bottom: 6px; color: #999; font-size: 10px;\">septembre 27, 2024<\/p-->\n\t<p>\u00c0 partir d\u2019aujourd\u2019hui, cr\u00e9er et personnaliser des parcours d\u2019e-mails automatiques est encore plus simple avec Emailchef Flow.\r\n\r\nGr\u00e2ce \u00e0 la derni\u00e8re technologie d\u2019automatisation du marketing par e-mail, vous pourrez r\u00e9aliser des flux d\u2019e-mails automatiques, puissants et personnalisables.\r\n\r\nEn d\u2019autres termes, vous pouvez cr\u00e9er de v\u00e9ritables parcours d\u2019e-mails automatis\u00e9s bas\u00e9s sur les actions de vos contacts, leurs pr\u00e9f\u00e9rences et les conditions de votre choix.\r\n\r\nEt aucune comp\u00e9tence technique n\u2019est n\u00e9cessaire.\r\n\r\nEmailchef Flow vous offre un maximum de contr\u00f4le et de flexibilit\u00e9 pour d\u00e9velopper votre activit\u00e9. Vous pouvez l\u2019essayer d\u00e8s aujourd'hui dans votre tableau de bord !\r\n\r\n<a href=\"https:\/\/emailchef.com\/fr\/automatisation-du-marketing-par-email\/\" rel=\"noopener\" target=\"_blank\">D\u00e9couvrez-en plus sur Emailchef Flow.<\/a>\r\n<\/p><\/li><\/ul>\n\t<\/div><\/div><div id=\"g1-box-counter-8\" class=\"g1-box g1-box--simple  g1-box--noicon\"><div class=\"g1-box__inner\">\n\t<ul class=\"g1-grid\"><li class=\"g1-column g1-two-fifth g1-valign-middle\"><img decoding=\"async\" src=\"https:\/\/emailchef.com\/wp-content\/uploads\/2024\/02\/gmail-yahoo-email-news-2024.png\" style=\"margin-bottom: 16px;\"><\/li>\n\t<li class=\"g1-column g1-three-fifth g1-valign-top\">\n\t<h3 style=\"margin-bottom: 12px;\">Yahoo et Gmail : voici les nouvelles exigences pour faire du marketing par e-mail en 2024<\/h3>\n\t<!--p style=\"margin-top: 2px; margin-bottom: 6px; color: #999; font-size: 10px;\">f\u00e9vrier 12, 2024<\/p-->\n\t<p>\u00c0 partir de f\u00e9vrier 2024, Gmail et Yahoo ont rendu obligatoire ce qui \u00e9tait d\u00e9j\u00e0 l'une des meilleures pratiques pour l'envoi d'e-mails marketing : l'authentification de domaine.\n\nEn r\u00e9sum\u00e9, toute personne envoyant 5000 messages ou plus par jour aux utilisateurs de Gmail ou Yahoo doit n\u00e9cessairement configurer les enregistrements SPF, DKIM et DMARC, sous peine que les messages ne soient pas livr\u00e9s dans la bo\u00eete de r\u00e9ception.\n\nMais que signifie la configuration de domaine ? \u00c0 quoi servent les enregistrements SPF, DKIM et DMARC ? Et pourquoi sera-t-il n\u00e9cessaire de les configurer ?\n\n<a href=\"https:\/\/emailchef.com\/fr\/base-de-connaissance\/yahoo-et-gmail-voici-les-nouvelles-exigences-pour-faire-du-marketing-par-email-en-2024\/\" rel=\"noopener\" target=\"_blank\" tile=\"Guide sur les derniers d\u00e9veloppements de Gmail et Yahoo\">En savoir plus dans le guide sur les derniers d\u00e9veloppements de Gmail et Yahoo.<\/a>\n<\/p><\/li><\/ul>\n\t<\/div><\/div><div id=\"g1-box-counter-9\" class=\"g1-box g1-box--simple  g1-box--noicon\"><div class=\"g1-box__inner\">\n\t<ul class=\"g1-grid\"><li class=\"g1-column g1-two-fifth g1-valign-middle\"><img decoding=\"async\" src=\"https:\/\/emailchef.com\/wp-content\/uploads\/2024\/01\/segments-1.png\" style=\"margin-bottom: 16px;\"><\/li>\n\t<li class=\"g1-column g1-three-fifth g1-valign-top\">\n\t<h3 style=\"margin-bottom: 12px;\">Nouveaut\u00e9 : cr\u00e9ez un segment en vol avant d&#8217;envoyer vos campagnes.<\/h3>\n\t<!--p style=\"margin-top: 2px; margin-bottom: 6px; color: #999; font-size: 10px;\">janvier 30, 2024<\/p-->\n\t<p>Avec Emailchef, il est d\u00e9sormais possible de cr\u00e9er un nouveau segment directement lors du processus de cr\u00e9ation de votre campagne, y compris les r\u00e9pondeurs automatiques et les campagnes goutte \u00e0 goutte.\n\nComment ? Lorsque vous choisissez vos destinataires, il vous suffit de cliquer sur l'option 'Cr\u00e9er un segment', et vous pouvez rapidement g\u00e9n\u00e9rer un segment qui r\u00e9pond \u00e0 vos besoins sur le moment.\n\nSi vous oubliez de cr\u00e9er votre segment, il ne sera plus n\u00e9cessaire d'interrompre la cr\u00e9ation de la campagne pour revenir \u00e0 'Listes et segments'. Au lieu de cela, vous pouvez le cr\u00e9er directement pendant la phase d'envoi. \n\n<a href=\"https:\/\/emailchef.com\/fr\/base-de-connaissance\/selectionner-les-destinataires\/\" rel=\"noopener\" target=\"_blank\" tile=\"Cr\u00e9ez un segment en vol avant d'envoyer vos campagnes\">D\u00e9couvrez maintenant comment utiliser cette nouvelle fonctionnalit\u00e9!<\/a>\n<\/p><\/li><\/ul>\n\t<\/div><\/div><div id=\"g1-box-counter-10\" class=\"g1-box g1-box--simple  g1-box--noicon\"><div class=\"g1-box__inner\">\n\t<ul class=\"g1-grid\"><li class=\"g1-column g1-two-fifth g1-valign-middle\"><img decoding=\"async\" src=\"https:\/\/emailchef.com\/wp-content\/uploads\/2021\/12\/Labels.png\" style=\"margin-bottom: 16px;\"><\/li>\n\t<li class=\"g1-column g1-three-fifth g1-valign-top\">\n\t<h3 style=\"margin-bottom: 12px;\">Quoi de neuf: Use Etiquetas para Organizar sus Campa\u00f1as y Autoresponders<\/h3>\n\t<!--p style=\"margin-top: 2px; margin-bottom: 6px; color: #999; font-size: 10px;\">d\u00e9cembre 28, 2021<\/p-->\n\t<p>Les balises sont un moyen simple d'organiser vos campagnes et autor\u00e9pondeurs dans Emailchef. Ils vous permettent \u00e9galement de filtrer pour faire la recherche de campagnes et d\u2019autor\u00e9pondeurs.\r\n\r\nIl existe plusieurs fa\u00e7ons de cr\u00e9er des balises et de les ajouter \u00e0 vos campagnes et autor\u00e9pondeurs, vous pouvez aussi les modifier ou les supprimer \u00e0 tout moment.\r\n\r\nLes balises que vous cr\u00e9ez resteront dans votre campagne quel que soit le statut de la campagne, qu'il s'agisse d'un brouillon, d'une campagne programm\u00e9e, d'une campagne envoy\u00e9e ou archiv\u00e9e. Les balises restent \u00e9galement ajout\u00e9es \u00e0 vos autor\u00e9pondeurs, qu'elles soient activ\u00e9es ou non.\r\n\r\nCommencez \u00e0 utiliser les balises maintenant, <a href=\"https:\/\/emailchef.com\/es\/base-de-conocimiento\/use-etiquetas-para-organizar-sus-campanas-y-autoresponders\/\" target=\"_blank\" rel=\"noopener\">en savoir plus<\/a>.<\/p><\/li><\/ul>\n\t<\/div><\/div>\n","protected":false},"excerpt":{"rendered":"","protected":false},"author":1,"featured_media":0,"parent":0,"menu_order":0,"comment_status":"closed","ping_status":"closed","template":"","meta":{"_acf_changed":false,"inline_featured_image":false,"footnotes":""},"g1_relation_tag":[],"class_list":["post-10790","page","type-page","status-publish","hentry"],"acf":[],"yoast_head":"<!-- This site is optimized with the Yoast SEO plugin v24.8.1 - https:\/\/yoast.com\/wordpress\/plugins\/seo\/ -->\n<title>Nouvelles et Mises \u00e0 jour - Emailchef<\/title>\n<meta name=\"description\" content=\"D\u00e9couvrez les derni\u00e8res nouvelles et mises \u00e0 jour du monde Emailchef\" \/>\n<meta name=\"robots\" content=\"index, follow, max-snippet:-1, max-image-preview:large, max-video-preview:-1\" \/>\n<link rel=\"canonical\" href=\"https:\/\/emailchef.com\/fr\/nouvelles-et-mises-a-jour\/\" \/>\n<!-- \/ Yoast SEO plugin. -->","yoast_head_json":{"title":"Nouvelles et Mises \u00e0 jour - Emailchef","description":"D\u00e9couvrez les derni\u00e8res nouvelles et mises \u00e0 jour du monde Emailchef","robots":{"index":"index","follow":"follow","max-snippet":"max-snippet:-1","max-image-preview":"max-image-preview:large","max-video-preview":"max-video-preview:-1"},"canonical":"https:\/\/emailchef.com\/fr\/nouvelles-et-mises-a-jour\/","schema":{"@context":"https:\/\/schema.org","@graph":[{"@type":"WebPage","@id":"https:\/\/emailchef.com\/fr\/nouvelles-et-mises-a-jour\/","url":"https:\/\/emailchef.com\/fr\/nouvelles-et-mises-a-jour\/","name":"Nouvelles et Mises \u00e0 jour - Emailchef","isPartOf":{"@id":"https:\/\/emailchef.com\/fr\/#website"},"datePublished":"2019-07-16T08:33:32+00:00","dateModified":"2019-07-16T12:13:55+00:00","description":"D\u00e9couvrez les derni\u00e8res nouvelles et mises \u00e0 jour du monde Emailchef","breadcrumb":{"@id":"https:\/\/emailchef.com\/fr\/nouvelles-et-mises-a-jour\/#breadcrumb"},"inLanguage":"fr-FR","potentialAction":[{"@type":"ReadAction","target":["https:\/\/emailchef.com\/fr\/nouvelles-et-mises-a-jour\/"]}]},{"@type":"BreadcrumbList","@id":"https:\/\/emailchef.com\/fr\/nouvelles-et-mises-a-jour\/#breadcrumb","itemListElement":[{"@type":"ListItem","position":1,"name":"Home","item":"https:\/\/emailchef.com\/fr\/mailchef-email-marketing-emailing-et-envoi-newsletter\/"},{"@type":"ListItem","position":2,"name":"Nouvelles et Mises \u00e0 jour"}]},{"@type":"WebSite","@id":"https:\/\/emailchef.com\/fr\/#website","url":"https:\/\/emailchef.com\/fr\/","name":"Emailchef","description":"Recettes go\u00fbteuses pour vos emails","publisher":{"@id":"https:\/\/emailchef.com\/fr\/#organization"},"potentialAction":[{"@type":"SearchAction","target":{"@type":"EntryPoint","urlTemplate":"https:\/\/emailchef.com\/fr\/?s={search_term_string}"},"query-input":{"@type":"PropertyValueSpecification","valueRequired":true,"valueName":"search_term_string"}}],"inLanguage":"fr-FR"},{"@type":"Organization","@id":"https:\/\/emailchef.com\/fr\/#organization","name":"Delivery Tech Corp.","url":"https:\/\/emailchef.com\/fr\/","logo":{"@type":"ImageObject","inLanguage":"fr-FR","@id":"https:\/\/emailchef.com\/fr\/#\/schema\/logo\/image\/","url":"https:\/\/emailchef.com\/wp-content\/uploads\/2022\/04\/logo-sama.png","contentUrl":"https:\/\/emailchef.com\/wp-content\/uploads\/2022\/04\/logo-sama.png","width":237,"height":80,"caption":"Delivery Tech Corp."},"image":{"@id":"https:\/\/emailchef.com\/fr\/#\/schema\/logo\/image\/"}}]}},"_links":{"self":[{"href":"https:\/\/emailchef.com\/fr\/wp-json\/wp\/v2\/pages\/10790"}],"collection":[{"href":"https:\/\/emailchef.com\/fr\/wp-json\/wp\/v2\/pages"}],"about":[{"href":"https:\/\/emailchef.com\/fr\/wp-json\/wp\/v2\/types\/page"}],"author":[{"embeddable":true,"href":"https:\/\/emailchef.com\/fr\/wp-json\/wp\/v2\/users\/1"}],"replies":[{"embeddable":true,"href":"https:\/\/emailchef.com\/fr\/wp-json\/wp\/v2\/comments?post=10790"}],"version-history":[{"count":1,"href":"https:\/\/emailchef.com\/fr\/wp-json\/wp\/v2\/pages\/10790\/revisions"}],"predecessor-version":[{"id":10792,"href":"https:\/\/emailchef.com\/fr\/wp-json\/wp\/v2\/pages\/10790\/revisions\/10792"}],"wp:attachment":[{"href":"https:\/\/emailchef.com\/fr\/wp-json\/wp\/v2\/media?parent=10790"}],"wp:term":[{"taxonomy":"g1_relation_tag","embeddable":true,"href":"https:\/\/emailchef.com\/fr\/wp-json\/wp\/v2\/g1_relation_tag?post=10790"}],"curies":[{"name":"wp","href":"https:\/\/api.w.org\/{rel}","templated":true}]}}