{"id":93561,"date":"2023-03-31T09:34:21","date_gmt":"2023-03-31T09:34:21","guid":{"rendered":"https:\/\/emailchef.com\/?page_id=93561"},"modified":"2026-02-04T09:18:10","modified_gmt":"2026-02-04T09:18:10","slug":"migracion-gratuita-desde-mailchimp-cambiese-a-emailchef","status":"publish","type":"page","link":"https:\/\/emailchef.com\/es\/migracion-gratuita-desde-mailchimp-cambiese-a-emailchef\/","title":{"rendered":"Migraci\u00f3n gratuita desde Mailchimp: Cambi\u00e9se a Emailchef"},"content":{"rendered":"\t\t<div data-elementor-type=\"wp-page\" data-elementor-id=\"93561\" class=\"elementor elementor-93561 elementor-62772\" data-elementor-post-type=\"page\">\n\t\t\t\t\t\t<section class=\"elementor-section elementor-top-section elementor-element elementor-element-609dd4b elementor-section-boxed elementor-section-height-default elementor-section-height-default\" data-id=\"609dd4b\" data-element_type=\"section\">\n\t\t\t\t\t\t<div class=\"elementor-container elementor-column-gap-default\">\n\t\t\t\t\t<div class=\"elementor-column elementor-col-100 elementor-top-column elementor-element elementor-element-541c668\" data-id=\"541c668\" data-element_type=\"column\">\n\t\t\t<div class=\"elementor-widget-wrap elementor-element-populated\">\n\t\t\t\t\t\t<div class=\"elementor-element elementor-element-54e5f63 elementor-hidden-mobile elementor-widget elementor-widget-image\" data-id=\"54e5f63\" data-element_type=\"widget\" data-widget_type=\"image.default\">\n\t\t\t\t<div class=\"elementor-widget-container\">\n\t\t\t\t\t\t\t\t\t\t\t\t\t\t\t<img fetchpriority=\"high\" decoding=\"async\" width=\"1100\" height=\"495\" src=\"https:\/\/emailchef.com\/wp-content\/uploads\/2026\/02\/migracion-gratuita-desde-mailchimp-cambiese-a-emailchef.png\" class=\"attachment-full size-full wp-image-93562\" alt=\"Migraci\u00f3n gratuita desde Mailchimp: Cambi\u00e9se a Emailchef\" srcset=\"https:\/\/emailchef.com\/wp-content\/uploads\/2026\/02\/migracion-gratuita-desde-mailchimp-cambiese-a-emailchef.png 1100w, https:\/\/emailchef.com\/wp-content\/uploads\/2026\/02\/migracion-gratuita-desde-mailchimp-cambiese-a-emailchef-300x135.png 300w, https:\/\/emailchef.com\/wp-content\/uploads\/2026\/02\/migracion-gratuita-desde-mailchimp-cambiese-a-emailchef-1024x461.png 1024w, https:\/\/emailchef.com\/wp-content\/uploads\/2026\/02\/migracion-gratuita-desde-mailchimp-cambiese-a-emailchef-768x346.png 768w\" sizes=\"(max-width: 1100px) 100vw, 1100px\" \/>\t\t\t\t\t\t\t\t\t\t\t\t\t\t\t<\/div>\n\t\t\t\t<\/div>\n\t\t\t\t\t<\/div>\n\t\t<\/div>\n\t\t\t\t\t<\/div>\n\t\t<\/section>\n\t\t\t\t<section class=\"elementor-section elementor-top-section elementor-element elementor-element-599905e4 elementor-section-boxed elementor-section-height-default elementor-section-height-default\" data-id=\"599905e4\" data-element_type=\"section\">\n\t\t\t\t\t\t<div class=\"elementor-container elementor-column-gap-default\">\n\t\t\t\t\t<div class=\"elementor-column elementor-col-100 elementor-top-column elementor-element elementor-element-4c881057\" data-id=\"4c881057\" data-element_type=\"column\">\n\t\t\t<div class=\"elementor-widget-wrap elementor-element-populated\">\n\t\t\t\t\t\t<div class=\"elementor-element elementor-element-4d682a6c elementor-headline--style-highlight elementor-widget elementor-widget-animated-headline\" data-id=\"4d682a6c\" data-element_type=\"widget\" data-settings=\"{&quot;marker&quot;:&quot;underline&quot;,&quot;highlighted_text&quot;:&quot;proteger la privacidad de sus clientes&quot;,&quot;headline_style&quot;:&quot;highlight&quot;,&quot;highlight_animation_duration&quot;:1200}\" data-widget_type=\"animated-headline.default\">\n\t\t\t\t<div class=\"elementor-widget-container\">\n\t\t\t\t\t\t\t<h2 class=\"elementor-headline\">\n\t\t\t\t\t<span class=\"elementor-headline-plain-text elementor-headline-text-wrapper\">Bienvenido a Emailchef, una plataforma de email marketing segura y confiable, dise\u00f1ada para<\/span>\n\t\t\t\t<span class=\"elementor-headline-dynamic-wrapper elementor-headline-text-wrapper\">\n\t\t\t\t\t<span class=\"elementor-headline-dynamic-text elementor-headline-text-active\">proteger la privacidad de sus clientes<\/span>\n\t\t\t\t<\/span>\n\t\t\t\t\t<span class=\"elementor-headline-plain-text elementor-headline-text-wrapper\">y ayudar a su empresa a comunicarse de forma efectiva.<\/span>\n\t\t\t\t\t<\/h2>\n\t\t\t\t\t\t<\/div>\n\t\t\t\t<\/div>\n\t\t\t\t<div class=\"elementor-element elementor-element-29da20a elementor-widget elementor-widget-text-editor\" data-id=\"29da20a\" data-element_type=\"widget\" data-widget_type=\"text-editor.default\">\n\t\t\t\t<div class=\"elementor-widget-container\">\n\t\t\t\t\t\t\t\t\t<p>\u00bfEst\u00e1 buscando una <strong>alternativa s\u00f3lida a Mailchimp<\/strong>? Emailchef cumple plenamente con el GDPR y la ley CAN-SPAM, ofreci\u00e9ndole tranquilidad y campa\u00f1as de correo seguras y confiables. A diferencia de Mailchimp, que no cumple totalmente con el GDPR, Emailchef garantiza que sus env\u00edos respeten los est\u00e1ndares de privacidad m\u00e1s estrictos de la Uni\u00f3n Europea y se mantengan en conformidad con las leyes de correo electr\u00f3nico de Estados Unidos.<\/p>\t\t\t\t\t\t\t\t<\/div>\n\t\t\t\t<\/div>\n\t\t\t\t<section class=\"elementor-section elementor-inner-section elementor-element elementor-element-cc54531 elementor-section-boxed elementor-section-height-default elementor-section-height-default\" data-id=\"cc54531\" data-element_type=\"section\">\n\t\t\t\t\t\t<div class=\"elementor-container elementor-column-gap-default\">\n\t\t\t\t\t<div class=\"elementor-column elementor-col-50 elementor-inner-column elementor-element elementor-element-2c43277\" data-id=\"2c43277\" data-element_type=\"column\" data-settings=\"{&quot;background_background&quot;:&quot;classic&quot;}\">\n\t\t\t<div class=\"elementor-widget-wrap elementor-element-populated\">\n\t\t\t\t\t\t<div class=\"elementor-element elementor-element-e08bc60 elementor-widget elementor-widget-heading\" data-id=\"e08bc60\" data-element_type=\"widget\" data-widget_type=\"heading.default\">\n\t\t\t\t<div class=\"elementor-widget-container\">\n\t\t\t\t\t<h3 class=\"elementor-heading-title elementor-size-default\">\ud83d\udd12<\/h3>\t\t\t\t<\/div>\n\t\t\t\t<\/div>\n\t\t\t\t<div class=\"elementor-element elementor-element-2bbb3e9 elementor-widget elementor-widget-heading\" data-id=\"2bbb3e9\" data-element_type=\"widget\" data-widget_type=\"heading.default\">\n\t\t\t\t<div class=\"elementor-widget-container\">\n\t\t\t\t\t<h3 class=\"elementor-heading-title elementor-size-default\">Cumplimiento que protege su negocio<\/h3>\t\t\t\t<\/div>\n\t\t\t\t<\/div>\n\t\t\t\t<div class=\"elementor-element elementor-element-ebe8ea7 elementor-widget elementor-widget-text-editor\" data-id=\"ebe8ea7\" data-element_type=\"widget\" data-widget_type=\"text-editor.default\">\n\t\t\t\t<div class=\"elementor-widget-container\">\n\t\t\t\t\t\t\t\t\t<p>Emailchef gestiona los datos de sus clientes de forma responsable, ayud\u00e1ndole a mantenerse en cumplimiento tanto con la normativa europea de protecci\u00f3n de datos como con las leyes estadounidenses. Esto reduce riesgos legales y fortalece la confianza de sus clientes.<\/p>\t\t\t\t\t\t\t\t<\/div>\n\t\t\t\t<\/div>\n\t\t\t\t\t<\/div>\n\t\t<\/div>\n\t\t\t\t<div class=\"elementor-column elementor-col-50 elementor-inner-column elementor-element elementor-element-987e13f\" data-id=\"987e13f\" data-element_type=\"column\" data-settings=\"{&quot;background_background&quot;:&quot;classic&quot;}\">\n\t\t\t<div class=\"elementor-widget-wrap elementor-element-populated\">\n\t\t\t\t\t\t<div class=\"elementor-element elementor-element-7a0e578 elementor-widget elementor-widget-heading\" data-id=\"7a0e578\" data-element_type=\"widget\" data-widget_type=\"heading.default\">\n\t\t\t\t<div class=\"elementor-widget-container\">\n\t\t\t\t\t<h3 class=\"elementor-heading-title elementor-size-default\">\ud83e\udd1d<\/h3>\t\t\t\t<\/div>\n\t\t\t\t<\/div>\n\t\t\t\t<div class=\"elementor-element elementor-element-8598d8c elementor-widget elementor-widget-heading\" data-id=\"8598d8c\" data-element_type=\"widget\" data-widget_type=\"heading.default\">\n\t\t\t\t<div class=\"elementor-widget-container\">\n\t\t\t\t\t<h3 class=\"elementor-heading-title elementor-size-default\">Soporte humano<br>en espa\u00f1ol<\/h3>\t\t\t\t<\/div>\n\t\t\t\t<\/div>\n\t\t\t\t<div class=\"elementor-element elementor-element-83d27ef elementor-widget elementor-widget-text-editor\" data-id=\"83d27ef\" data-element_type=\"widget\" data-widget_type=\"text-editor.default\">\n\t\t\t\t<div class=\"elementor-widget-container\">\n\t\t\t\t\t\t\t\t\t<p>Nuestro equipo de soporte est\u00e1 formado por personas reales, no chatbots. Hablamos espa\u00f1ol nativo y estamos listos para brindarle asesor\u00eda personalizada cuando la necesite. Olv\u00eddese de respuestas autom\u00e1ticas y reciba ayuda clara, directa y humana.<\/p>\t\t\t\t\t\t\t\t<\/div>\n\t\t\t\t<\/div>\n\t\t\t\t\t<\/div>\n\t\t<\/div>\n\t\t\t\t\t<\/div>\n\t\t<\/section>\n\t\t\t\t<section class=\"elementor-section elementor-inner-section elementor-element elementor-element-5f4c4bd elementor-section-boxed elementor-section-height-default elementor-section-height-default\" data-id=\"5f4c4bd\" data-element_type=\"section\">\n\t\t\t\t\t\t<div class=\"elementor-container elementor-column-gap-default\">\n\t\t\t\t\t<div class=\"elementor-column elementor-col-50 elementor-inner-column elementor-element elementor-element-fdd12a0\" data-id=\"fdd12a0\" data-element_type=\"column\" data-settings=\"{&quot;background_background&quot;:&quot;classic&quot;}\">\n\t\t\t<div class=\"elementor-widget-wrap elementor-element-populated\">\n\t\t\t\t\t\t<div class=\"elementor-element elementor-element-6fabbf9 elementor-widget elementor-widget-heading\" data-id=\"6fabbf9\" data-element_type=\"widget\" data-widget_type=\"heading.default\">\n\t\t\t\t<div class=\"elementor-widget-container\">\n\t\t\t\t\t<h3 class=\"elementor-heading-title elementor-size-default\">\ud83d\ude80<\/h3>\t\t\t\t<\/div>\n\t\t\t\t<\/div>\n\t\t\t\t<div class=\"elementor-element elementor-element-f7263cc elementor-widget elementor-widget-heading\" data-id=\"f7263cc\" data-element_type=\"widget\" data-widget_type=\"heading.default\">\n\t\t\t\t<div class=\"elementor-widget-container\">\n\t\t\t\t\t<h3 class=\"elementor-heading-title elementor-size-default\">Migraci\u00f3n sencilla y sin complicaciones<\/h3>\t\t\t\t<\/div>\n\t\t\t\t<\/div>\n\t\t\t\t<div class=\"elementor-element elementor-element-1c006d0 elementor-widget elementor-widget-text-editor\" data-id=\"1c006d0\" data-element_type=\"widget\" data-widget_type=\"text-editor.default\">\n\t\t\t\t<div class=\"elementor-widget-container\">\n\t\t\t\t\t\t\t\t\t<p>Cambiar de plataforma no tiene por qu\u00e9 ser dif\u00edcil. Nuestros especialistas le acompa\u00f1ar\u00e1n en cada etapa del proceso, importando sus listas de contactos, plantillas y configuraciones para que la transici\u00f3n sea r\u00e1pida y sin estr\u00e9s.<\/p>\t\t\t\t\t\t\t\t<\/div>\n\t\t\t\t<\/div>\n\t\t\t\t\t<\/div>\n\t\t<\/div>\n\t\t\t\t<div class=\"elementor-column elementor-col-50 elementor-inner-column elementor-element elementor-element-cfe37e4\" data-id=\"cfe37e4\" data-element_type=\"column\" data-settings=\"{&quot;background_background&quot;:&quot;classic&quot;}\">\n\t\t\t<div class=\"elementor-widget-wrap elementor-element-populated\">\n\t\t\t\t\t\t<div class=\"elementor-element elementor-element-32f1cdc elementor-widget elementor-widget-heading\" data-id=\"32f1cdc\" data-element_type=\"widget\" data-widget_type=\"heading.default\">\n\t\t\t\t<div class=\"elementor-widget-container\">\n\t\t\t\t\t<h3 class=\"elementor-heading-title elementor-size-default\">\u274c<\/h3>\t\t\t\t<\/div>\n\t\t\t\t<\/div>\n\t\t\t\t<div class=\"elementor-element elementor-element-c7ca5a7 elementor-widget elementor-widget-heading\" data-id=\"c7ca5a7\" data-element_type=\"widget\" data-widget_type=\"heading.default\">\n\t\t\t\t<div class=\"elementor-widget-container\">\n\t\t\t\t\t<h3 class=\"elementor-heading-title elementor-size-default\">Migraci\u00f3n sin<br>costos ocultos<\/h3>\t\t\t\t<\/div>\n\t\t\t\t<\/div>\n\t\t\t\t<div class=\"elementor-element elementor-element-b039008 elementor-widget elementor-widget-text-editor\" data-id=\"b039008\" data-element_type=\"widget\" data-widget_type=\"text-editor.default\">\n\t\t\t\t<div class=\"elementor-widget-container\">\n\t\t\t\t\t\t\t\t\t<p>La migraci\u00f3n es 100 % gratuita. Nos encargamos de trasladar sus correos, contactos y ajustes necesarios para que pueda comenzar a enviar campa\u00f1as sin interrupciones.<\/p>\t\t\t\t\t\t\t\t<\/div>\n\t\t\t\t<\/div>\n\t\t\t\t\t<\/div>\n\t\t<\/div>\n\t\t\t\t\t<\/div>\n\t\t<\/section>\n\t\t\t\t<div class=\"elementor-element elementor-element-86f8954 elementor-widget elementor-widget-heading\" data-id=\"86f8954\" data-element_type=\"widget\" data-widget_type=\"heading.default\">\n\t\t\t\t<div class=\"elementor-widget-container\">\n\t\t\t\t\t<h3 class=\"elementor-heading-title elementor-size-default\">\u00a1Y las buenas noticias no terminan ah\u00ed! <\/h3>\t\t\t\t<\/div>\n\t\t\t\t<\/div>\n\t\t\t\t<div class=\"elementor-element elementor-element-a1a7cbb elementor-widget elementor-widget-text-editor\" data-id=\"a1a7cbb\" data-element_type=\"widget\" data-widget_type=\"text-editor.default\">\n\t\t\t\t<div class=\"elementor-widget-container\">\n\t\t\t\t\t\t\t\t\t<p>&iquest;Ya pag&oacute; una suscripci&oacute;n en Mailchimp? No se preocupe. Realizamos el cambio sin costos adicionales, asegur&aacute;ndonos de que la transici&oacute;n sea simple y transparente.<\/p>\n<p>Estamos convencidos de que Emailchef es la soluci&oacute;n ideal de email marketing para su negocio.<\/p>\n<p>&iquest;Tiene preguntas o necesita ayuda? Nuestro equipo est&aacute; listo para acompa&ntilde;arle durante todo el proceso de migraci&oacute;n y <strong>brindarle el soporte necesario<\/strong> para que su estrategia de email marketing sea un &eacute;xito.<\/p>\t\t\t\t\t\t\t\t<\/div>\n\t\t\t\t<\/div>\n\t\t\t\t<div class=\"elementor-element elementor-element-40045ee4 elementor-align-center elementor-widget elementor-widget-button\" data-id=\"40045ee4\" data-element_type=\"widget\" data-widget_type=\"button.default\">\n\t\t\t\t<div class=\"elementor-widget-container\">\n\t\t\t\t\t\t\t\t\t<div class=\"elementor-button-wrapper\">\n\t\t\t\t\t<a class=\"elementor-button elementor-button-link elementor-size-sm elementor-animation-shrink\" href=\"https:\/\/emailchef.com\/es\/contactenos\/\">\n\t\t\t\t\t\t<span class=\"elementor-button-content-wrapper\">\n\t\t\t\t\t\t\t\t\t<span class=\"elementor-button-text\">HABLE CON UN EXPERTO DE EMAILCHEF<\/span>\n\t\t\t\t\t<\/span>\n\t\t\t\t\t<\/a>\n\t\t\t\t<\/div>\n\t\t\t\t\t\t\t\t<\/div>\n\t\t\t\t<\/div>\n\t\t\t\t\t<\/div>\n\t\t<\/div>\n\t\t\t\t\t<\/div>\n\t\t<\/section>\n\t\t\t\t<\/div>\n\t\t","protected":false},"excerpt":{"rendered":"<p>Bienvenido a Emailchef, una plataforma de email marketing segura y confiable, dise\u00f1ada para proteger la privacidad de sus clientes y ayudar a su empresa a comunicarse de forma efectiva. \u00bfEst\u00e1 buscando una alternativa s\u00f3lida a Mailchimp? Emailchef cumple plenamente con el GDPR y la ley CAN-SPAM, ofreci\u00e9ndole tranquilidad y campa\u00f1as de correo seguras y confiables. [&hellip;]<\/p>\n","protected":false},"author":1,"featured_media":0,"parent":0,"menu_order":0,"comment_status":"closed","ping_status":"closed","template":"","meta":{"_acf_changed":false,"inline_featured_image":false,"footnotes":""},"g1_relation_tag":[],"class_list":["post-93561","page","type-page","status-publish","hentry"],"acf":[],"yoast_head":"<!-- This site is optimized with the Yoast SEO plugin v24.8.1 - https:\/\/yoast.com\/wordpress\/plugins\/seo\/ -->\n<title>Migraci\u00f3n gratuita desde Mailchimp: conf\u00eda en Emailchef<\/title>\n<meta name=\"description\" content=\"Migra gratis desde Mailchimp. Descubre las ventajas de una plataforma 100% italiana y transfiere plantillas y listas a Emailchef.\" \/>\n<meta name=\"robots\" content=\"index, follow, max-snippet:-1, max-image-preview:large, max-video-preview:-1\" \/>\n<link rel=\"canonical\" href=\"https:\/\/emailchef.com\/es\/migracion-gratuita-desde-mailchimp-cambiese-a-emailchef\/\" \/>\n<meta name=\"twitter:label1\" content=\"Tiempo de lectura\" \/>\n\t<meta name=\"twitter:data1\" content=\"2 minutos\" \/>\n<!-- \/ Yoast SEO plugin. -->","yoast_head_json":{"title":"Migraci\u00f3n gratuita desde Mailchimp: conf\u00eda en Emailchef","description":"Migra gratis desde Mailchimp. Descubre las ventajas de una plataforma 100% italiana y transfiere plantillas y listas a Emailchef.","robots":{"index":"index","follow":"follow","max-snippet":"max-snippet:-1","max-image-preview":"max-image-preview:large","max-video-preview":"max-video-preview:-1"},"canonical":"https:\/\/emailchef.com\/es\/migracion-gratuita-desde-mailchimp-cambiese-a-emailchef\/","twitter_misc":{"Tiempo de lectura":"2 minutos"},"schema":{"@context":"https:\/\/schema.org","@graph":[{"@type":"WebPage","@id":"https:\/\/emailchef.com\/es\/migracion-gratuita-desde-mailchimp-cambiese-a-emailchef\/","url":"https:\/\/emailchef.com\/es\/migracion-gratuita-desde-mailchimp-cambiese-a-emailchef\/","name":"Migraci\u00f3n gratuita desde Mailchimp: conf\u00eda en Emailchef","isPartOf":{"@id":"https:\/\/emailchef.com\/es\/#website"},"primaryImageOfPage":{"@id":"https:\/\/emailchef.com\/es\/migracion-gratuita-desde-mailchimp-cambiese-a-emailchef\/#primaryimage"},"image":{"@id":"https:\/\/emailchef.com\/es\/migracion-gratuita-desde-mailchimp-cambiese-a-emailchef\/#primaryimage"},"thumbnailUrl":"https:\/\/emailchef.com\/wp-content\/uploads\/2026\/02\/migracion-gratuita-desde-mailchimp-cambiese-a-emailchef.png","datePublished":"2023-03-31T09:34:21+00:00","dateModified":"2026-02-04T09:18:10+00:00","description":"Migra gratis desde Mailchimp. Descubre las ventajas de una plataforma 100% italiana y transfiere plantillas y listas a Emailchef.","breadcrumb":{"@id":"https:\/\/emailchef.com\/es\/migracion-gratuita-desde-mailchimp-cambiese-a-emailchef\/#breadcrumb"},"inLanguage":"es","potentialAction":[{"@type":"ReadAction","target":["https:\/\/emailchef.com\/es\/migracion-gratuita-desde-mailchimp-cambiese-a-emailchef\/"]}]},{"@type":"ImageObject","inLanguage":"es","@id":"https:\/\/emailchef.com\/es\/migracion-gratuita-desde-mailchimp-cambiese-a-emailchef\/#primaryimage","url":"https:\/\/emailchef.com\/wp-content\/uploads\/2026\/02\/migracion-gratuita-desde-mailchimp-cambiese-a-emailchef.png","contentUrl":"https:\/\/emailchef.com\/wp-content\/uploads\/2026\/02\/migracion-gratuita-desde-mailchimp-cambiese-a-emailchef.png"},{"@type":"BreadcrumbList","@id":"https:\/\/emailchef.com\/es\/migracion-gratuita-desde-mailchimp-cambiese-a-emailchef\/#breadcrumb","itemListElement":[{"@type":"ListItem","position":1,"name":"Home","item":"https:\/\/emailchef.com\/es\/emailchef-email-marketing-services\/"},{"@type":"ListItem","position":2,"name":"Migraci\u00f3n gratuita desde Mailchimp: Cambi\u00e9se a Emailchef"}]},{"@type":"WebSite","@id":"https:\/\/emailchef.com\/es\/#website","url":"https:\/\/emailchef.com\/es\/","name":"Emailchef","description":"Tasty recipes for email marketing","publisher":{"@id":"https:\/\/emailchef.com\/es\/#organization"},"potentialAction":[{"@type":"SearchAction","target":{"@type":"EntryPoint","urlTemplate":"https:\/\/emailchef.com\/es\/?s={search_term_string}"},"query-input":{"@type":"PropertyValueSpecification","valueRequired":true,"valueName":"search_term_string"}}],"inLanguage":"es"},{"@type":"Organization","@id":"https:\/\/emailchef.com\/es\/#organization","name":"Delivery Tech Corp.","url":"https:\/\/emailchef.com\/es\/","logo":{"@type":"ImageObject","inLanguage":"es","@id":"https:\/\/emailchef.com\/es\/#\/schema\/logo\/image\/","url":"https:\/\/emailchef.com\/wp-content\/uploads\/2022\/04\/logo-sama.png","contentUrl":"https:\/\/emailchef.com\/wp-content\/uploads\/2022\/04\/logo-sama.png","width":237,"height":80,"caption":"Delivery Tech Corp."},"image":{"@id":"https:\/\/emailchef.com\/es\/#\/schema\/logo\/image\/"}}]}},"_links":{"self":[{"href":"https:\/\/emailchef.com\/es\/wp-json\/wp\/v2\/pages\/93561"}],"collection":[{"href":"https:\/\/emailchef.com\/es\/wp-json\/wp\/v2\/pages"}],"about":[{"href":"https:\/\/emailchef.com\/es\/wp-json\/wp\/v2\/types\/page"}],"author":[{"embeddable":true,"href":"https:\/\/emailchef.com\/es\/wp-json\/wp\/v2\/users\/1"}],"replies":[{"embeddable":true,"href":"https:\/\/emailchef.com\/es\/wp-json\/wp\/v2\/comments?post=93561"}],"version-history":[{"count":7,"href":"https:\/\/emailchef.com\/es\/wp-json\/wp\/v2\/pages\/93561\/revisions"}],"predecessor-version":[{"id":93577,"href":"https:\/\/emailchef.com\/es\/wp-json\/wp\/v2\/pages\/93561\/revisions\/93577"}],"wp:attachment":[{"href":"https:\/\/emailchef.com\/es\/wp-json\/wp\/v2\/media?parent=93561"}],"wp:term":[{"taxonomy":"g1_relation_tag","embeddable":true,"href":"https:\/\/emailchef.com\/es\/wp-json\/wp\/v2\/g1_relation_tag?post=93561"}],"curies":[{"name":"wp","href":"https:\/\/api.w.org\/{rel}","templated":true}]}}