{"id":76582,"date":"2023-12-05T09:42:56","date_gmt":"2023-12-05T09:42:56","guid":{"rendered":"https:\/\/emailchef.com\/?page_id=76582"},"modified":"2024-10-18T14:25:11","modified_gmt":"2024-10-18T14:25:11","slug":"add-on-emailchef-para-wordpress-paid-memberships-pro","status":"publish","type":"page","link":"https:\/\/emailchef.com\/es\/add-on-emailchef-para-wordpress-paid-memberships-pro\/","title":{"rendered":"Add On Emailchef para WordPress Paid Memberships Pro"},"content":{"rendered":"\t\t<div data-elementor-type=\"wp-page\" data-elementor-id=\"76582\" class=\"elementor elementor-76582 elementor-68882\" data-elementor-post-type=\"page\">\n\t\t\t\t\t\t<section class=\"elementor-section elementor-top-section elementor-element elementor-element-0d15c7d elementor-section-boxed elementor-section-height-default elementor-section-height-default\" data-id=\"0d15c7d\" data-element_type=\"section\">\n\t\t\t\t\t\t<div class=\"elementor-container elementor-column-gap-default\">\n\t\t\t\t\t<div class=\"elementor-column elementor-col-100 elementor-top-column elementor-element elementor-element-de29ecd\" data-id=\"de29ecd\" data-element_type=\"column\">\n\t\t\t<div class=\"elementor-widget-wrap elementor-element-populated\">\n\t\t\t\t\t\t<div class=\"elementor-element elementor-element-3cc185d elementor-widget elementor-widget-image\" data-id=\"3cc185d\" data-element_type=\"widget\" data-widget_type=\"image.default\">\n\t\t\t\t<div class=\"elementor-widget-container\">\n\t\t\t\t\t\t\t\t\t\t\t\t\t\t\t<img fetchpriority=\"high\" decoding=\"async\" width=\"800\" height=\"600\" src=\"https:\/\/emailchef.com\/wp-content\/uploads\/2024\/10\/paid-memberships-pro-emailchef-addon.png\" class=\"attachment-full size-full wp-image-76584\" alt=\"\" srcset=\"https:\/\/emailchef.com\/wp-content\/uploads\/2024\/10\/paid-memberships-pro-emailchef-addon.png 800w, https:\/\/emailchef.com\/wp-content\/uploads\/2024\/10\/paid-memberships-pro-emailchef-addon-300x225.png 300w, https:\/\/emailchef.com\/wp-content\/uploads\/2024\/10\/paid-memberships-pro-emailchef-addon-768x576.png 768w\" sizes=\"(max-width: 800px) 100vw, 800px\" \/>\t\t\t\t\t\t\t\t\t\t\t\t\t\t\t<\/div>\n\t\t\t\t<\/div>\n\t\t\t\t\t<\/div>\n\t\t<\/div>\n\t\t\t\t\t<\/div>\n\t\t<\/section>\n\t\t\t\t<section class=\"elementor-section elementor-top-section elementor-element elementor-element-d5c3416 elementor-section-boxed elementor-section-height-default elementor-section-height-default\" data-id=\"d5c3416\" data-element_type=\"section\">\n\t\t\t\t\t\t<div class=\"elementor-container elementor-column-gap-default\">\n\t\t\t\t\t<div class=\"elementor-column elementor-col-100 elementor-top-column elementor-element elementor-element-a925ec4\" data-id=\"a925ec4\" data-element_type=\"column\">\n\t\t\t<div class=\"elementor-widget-wrap elementor-element-populated\">\n\t\t\t\t\t\t<div class=\"elementor-element elementor-element-c268ef7 elementor-widget elementor-widget-heading\" data-id=\"c268ef7\" data-element_type=\"widget\" data-widget_type=\"heading.default\">\n\t\t\t\t<div class=\"elementor-widget-container\">\n\t\t\t\t\t<h2 class=\"elementor-heading-title elementor-size-default\">Potencia las funcionalidades de tu sitio de membres\u00eda con el plugin Paid Memberships Pro e inscribe f\u00e1cilmente a los usuarios y miembros de WordPress a tus listas en Emailchef.<\/h2>\t\t\t\t<\/div>\n\t\t\t\t<\/div>\n\t\t\t\t<div class=\"elementor-element elementor-element-d563c57 elementor-widget elementor-widget-text-editor\" data-id=\"d563c57\" data-element_type=\"widget\" data-widget_type=\"text-editor.default\">\n\t\t\t\t<div class=\"elementor-widget-container\">\n\t\t\t\t\t\t\t\t\t<p>Una vez instalado Paid Memberships Pro, crea listas distintas para los diferentes niveles de membres\u00eda, junto con listas opcionales a las que los miembros pueden unirse durante el proceso de compra o a trav\u00e9s de su perfil. Gracias a una simple integraci\u00f3n, los detalles del email y el nivel de membres\u00eda del usuario se unifican autom\u00e1ticamente.<\/p><p>En la p\u00e1gina de configuraci\u00f3n, los administradores del sitio pueden elegir f\u00e1cilmente listas espec\u00edficas para usuarios y miembros, adem\u00e1s de configurar otras opciones para mejorar la experiencia general.<\/p>\t\t\t\t\t\t\t\t<\/div>\n\t\t\t\t<\/div>\n\t\t\t\t<div class=\"elementor-element elementor-element-41e6faa elementor-widget elementor-widget-heading\" data-id=\"41e6faa\" data-element_type=\"widget\" data-widget_type=\"heading.default\">\n\t\t\t\t<div class=\"elementor-widget-container\">\n\t\t\t\t\t<h2 class=\"elementor-heading-title elementor-size-default\">Instalaci\u00f3n<\/h2>\t\t\t\t<\/div>\n\t\t\t\t<\/div>\n\t\t\t\t<div class=\"elementor-element elementor-element-f656a2c elementor-icon-list--layout-traditional elementor-list-item-link-full_width elementor-widget elementor-widget-icon-list\" data-id=\"f656a2c\" data-element_type=\"widget\" data-widget_type=\"icon-list.default\">\n\t\t\t\t<div class=\"elementor-widget-container\">\n\t\t\t\t\t\t\t<ul class=\"elementor-icon-list-items\">\n\t\t\t\t\t\t\t<li class=\"elementor-icon-list-item\">\n\t\t\t\t\t\t\t\t\t\t\t<span class=\"elementor-icon-list-icon\">\n\t\t\t\t\t\t\t<i aria-hidden=\"true\" class=\"fas fa-angle-right\"><\/i>\t\t\t\t\t\t<\/span>\n\t\t\t\t\t\t\t\t\t\t<span class=\"elementor-icon-list-text\">Instala f\u00e1cilmente el Add On seleccionando <em>A\u00f1adir nuevo<\/em> en la secci\u00f3n <em>Plugins<\/em> de tu panel de control de WordPress e ingresando en el campo de b\u00fasqueda <em>Emailchef Add On for Paid Memberships Pro<\/em>.<\/span>\n\t\t\t\t\t\t\t\t\t<\/li>\n\t\t\t\t\t\t\t\t<li class=\"elementor-icon-list-item\">\n\t\t\t\t\t\t\t\t\t\t\t<span class=\"elementor-icon-list-icon\">\n\t\t\t\t\t\t\t<i aria-hidden=\"true\" class=\"fas fa-angle-right\"><\/i>\t\t\t\t\t\t<\/span>\n\t\t\t\t\t\t\t\t\t\t<span class=\"elementor-icon-list-text\">Activa el plugin en la secci\u00f3n <em>Plugins<\/em> de WordPress.<\/span>\n\t\t\t\t\t\t\t\t\t<\/li>\n\t\t\t\t\t\t\t\t<li class=\"elementor-icon-list-item\">\n\t\t\t\t\t\t\t\t\t\t\t<span class=\"elementor-icon-list-icon\">\n\t\t\t\t\t\t\t<i aria-hidden=\"true\" class=\"fas fa-angle-right\"><\/i>\t\t\t\t\t\t<\/span>\n\t\t\t\t\t\t\t\t\t\t<span class=\"elementor-icon-list-text\">Ve a <em>Configuraci\u00f3n > PMPro Emailchef<\/em> para ingresar tus credenciales de Emailchef y configurar tus listas.<\/span>\n\t\t\t\t\t\t\t\t\t<\/li>\n\t\t\t\t\t\t<\/ul>\n\t\t\t\t\t\t<\/div>\n\t\t\t\t<\/div>\n\t\t\t\t<div class=\"elementor-element elementor-element-cd48b8f elementor-widget elementor-widget-heading\" data-id=\"cd48b8f\" data-element_type=\"widget\" data-widget_type=\"heading.default\">\n\t\t\t\t<div class=\"elementor-widget-container\">\n\t\t\t\t\t<h2 class=\"elementor-heading-title elementor-size-default\">Configuraci\u00f3n<\/h2>\t\t\t\t<\/div>\n\t\t\t\t<\/div>\n\t\t\t\t<div class=\"elementor-element elementor-element-edd95fa elementor-icon-list--layout-traditional elementor-list-item-link-full_width elementor-widget elementor-widget-icon-list\" data-id=\"edd95fa\" data-element_type=\"widget\" data-widget_type=\"icon-list.default\">\n\t\t\t\t<div class=\"elementor-widget-container\">\n\t\t\t\t\t\t\t<ul class=\"elementor-icon-list-items\">\n\t\t\t\t\t\t\t<li class=\"elementor-icon-list-item\">\n\t\t\t\t\t\t\t\t\t\t\t<span class=\"elementor-icon-list-icon\">\n\t\t\t\t\t\t\t<i aria-hidden=\"true\" class=\"fas fa-angle-right\"><\/i>\t\t\t\t\t\t<\/span>\n\t\t\t\t\t\t\t\t\t\t<span class=\"elementor-icon-list-text\"><strong>Non-member Lists<\/strong><br>Estas listas est\u00e1n designadas para los usuarios que no tienen un nivel de membres\u00eda. Una vez que los usuarios adquieren un nivel de membres\u00eda, ser\u00e1n autom\u00e1ticamente eliminados de estas listas.<\/span>\n\t\t\t\t\t\t\t\t\t<\/li>\n\t\t\t\t\t\t\t\t<li class=\"elementor-icon-list-item\">\n\t\t\t\t\t\t\t\t\t\t\t<span class=\"elementor-icon-list-icon\">\n\t\t\t\t\t\t\t<i aria-hidden=\"true\" class=\"fas fa-angle-right\"><\/i>\t\t\t\t\t\t<\/span>\n\t\t\t\t\t\t\t\t\t\t<span class=\"elementor-icon-list-text\"><strong>Opt-in Lists<\/strong><br>Estas listas representan las opciones de suscripci\u00f3n disponibles para los usuarios durante el proceso de compra en PMPro. Los usuarios pueden modificar sus selecciones m\u00e1s adelante a trav\u00e9s de su perfil. Es importante tener en cuenta que las listas designadas como Listas Opt-in no deben estar categorizadas simult\u00e1neamente como Listas para No Miembros o Listas para Niveles de Membres\u00eda.<\/span>\n\t\t\t\t\t\t\t\t\t<\/li>\n\t\t\t\t\t\t\t\t<li class=\"elementor-icon-list-item\">\n\t\t\t\t\t\t\t\t\t\t\t<span class=\"elementor-icon-list-icon\">\n\t\t\t\t\t\t\t<i aria-hidden=\"true\" class=\"fas fa-angle-right\"><\/i>\t\t\t\t\t\t<\/span>\n\t\t\t\t\t\t\t\t\t\t<span class=\"elementor-icon-list-text\"><strong>Unsubscribe on Level Change<\/strong><br>Si se configura en 'No', los usuarios mantendr\u00e1n sus suscripciones a todas las listas, incluso si pierden un nivel de membres\u00eda. En cambio, seleccionar 'S\u00ed' significa que los usuarios ser\u00e1n autom\u00e1ticamente dados de baja de cualquier lista espec\u00edfica de nivel al perder dicho nivel, siempre y cuando esas listas no est\u00e9n tambi\u00e9n clasificadas como Listas para No Miembros.<\/span>\n\t\t\t\t\t\t\t\t\t<\/li>\n\t\t\t\t\t\t\t\t<li class=\"elementor-icon-list-item\">\n\t\t\t\t\t\t\t\t\t\t\t<span class=\"elementor-icon-list-icon\">\n\t\t\t\t\t\t\t<i aria-hidden=\"true\" class=\"fas fa-angle-right\"><\/i>\t\t\t\t\t\t<\/span>\n\t\t\t\t\t\t\t\t\t\t<span class=\"elementor-icon-list-text\"><strong>Update on Profile Save<\/strong><br>Seleccionar 'S\u00ed' permite que PMPro actualice la informaci\u00f3n de las listas de Emailchef cada vez que se guarda la p\u00e1gina de perfil de un usuario. Si eliges 'No', PMPro solo actualizar\u00e1 las listas de Emailchef en caso de cambios en el nivel de membres\u00eda del usuario, su correo electr\u00f3nico o las listas opt-in seleccionadas.<\/span>\n\t\t\t\t\t\t\t\t\t<\/li>\n\t\t\t\t\t\t\t\t<li class=\"elementor-icon-list-item\">\n\t\t\t\t\t\t\t\t\t\t\t<span class=\"elementor-icon-list-icon\">\n\t\t\t\t\t\t\t<i aria-hidden=\"true\" class=\"fas fa-angle-right\"><\/i>\t\t\t\t\t\t<\/span>\n\t\t\t\t\t\t\t\t\t\t<span class=\"elementor-icon-list-text\"><strong>Membership Levels and Lists:<\/strong><br>Estas son las listas a las que los usuarios se suscriben autom\u00e1ticamente cuando obtienen un nivel de membres\u00eda.<\/span>\n\t\t\t\t\t\t\t\t\t<\/li>\n\t\t\t\t\t\t<\/ul>\n\t\t\t\t\t\t<\/div>\n\t\t\t\t<\/div>\n\t\t\t\t<div class=\"elementor-element elementor-element-9d38f57 elementor-tablet-align-center elementor-align-center elementor-widget elementor-widget-button\" data-id=\"9d38f57\" data-element_type=\"widget\" data-widget_type=\"button.default\">\n\t\t\t\t<div class=\"elementor-widget-container\">\n\t\t\t\t\t\t\t\t\t<div class=\"elementor-button-wrapper\">\n\t\t\t\t\t<a class=\"elementor-button elementor-button-link elementor-size-sm elementor-animation-shrink\" href=\"https:\/\/wordpress.org\/plugins\/emailchef-add-on-for-pmp\/\" target=\"_blank\" title=\"Descargar Paid Memberships Pro Emailchef\">\n\t\t\t\t\t\t<span class=\"elementor-button-content-wrapper\">\n\t\t\t\t\t\t<span class=\"elementor-button-icon\">\n\t\t\t\t<i aria-hidden=\"true\" class=\"fas fa-download\"><\/i>\t\t\t<\/span>\n\t\t\t\t\t\t\t\t\t<span class=\"elementor-button-text\">DESCARGAR PMPRO EMAILCHEF<\/span>\n\t\t\t\t\t<\/span>\n\t\t\t\t\t<\/a>\n\t\t\t\t<\/div>\n\t\t\t\t\t\t\t\t<\/div>\n\t\t\t\t<\/div>\n\t\t\t\t<div class=\"elementor-element elementor-element-7414b60 elementor-widget elementor-widget-heading\" data-id=\"7414b60\" data-element_type=\"widget\" data-widget_type=\"heading.default\">\n\t\t\t\t<div class=\"elementor-widget-container\">\n\t\t\t\t\t<h2 class=\"elementor-heading-title elementor-size-default\">Capturas de pantalla<\/h2>\t\t\t\t<\/div>\n\t\t\t\t<\/div>\n\t\t\t\t<div class=\"elementor-element elementor-element-2dbab98 elementor-widget elementor-widget-gallery\" data-id=\"2dbab98\" data-element_type=\"widget\" data-settings=\"{&quot;columns&quot;:2,&quot;gap&quot;:{&quot;unit&quot;:&quot;px&quot;,&quot;size&quot;:20,&quot;sizes&quot;:[]},&quot;aspect_ratio&quot;:&quot;21:9&quot;,&quot;lazyload&quot;:&quot;yes&quot;,&quot;gallery_layout&quot;:&quot;grid&quot;,&quot;columns_tablet&quot;:2,&quot;columns_mobile&quot;:1,&quot;gap_tablet&quot;:{&quot;unit&quot;:&quot;px&quot;,&quot;size&quot;:10,&quot;sizes&quot;:[]},&quot;gap_mobile&quot;:{&quot;unit&quot;:&quot;px&quot;,&quot;size&quot;:10,&quot;sizes&quot;:[]},&quot;link_to&quot;:&quot;file&quot;,&quot;overlay_background&quot;:&quot;yes&quot;,&quot;content_hover_animation&quot;:&quot;fade-in&quot;}\" data-widget_type=\"gallery.default\">\n\t\t\t\t<div class=\"elementor-widget-container\">\n\t\t\t\t\t\t\t<div class=\"elementor-gallery__container\">\n\t\t\t\t\t\t\t<a class=\"e-gallery-item elementor-gallery-item elementor-animated-content\" href=\"https:\/\/emailchef.com\/wp-content\/uploads\/2024\/10\/emailchef-per-wordpress-paid-memberships-pro-screenshot-1.jpg\" data-elementor-open-lightbox=\"yes\" data-elementor-lightbox-slideshow=\"2dbab98\" data-elementor-lightbox-title=\"emailchef-per-wordpress-paid-memberships-pro-screenshot-1.jpg\" data-e-action-hash=\"#elementor-action%3Aaction%3Dlightbox%26settings%3DeyJpZCI6NzY1OTMsInVybCI6Imh0dHBzOlwvXC9lbWFpbGNoZWYuY29tXC93cC1jb250ZW50XC91cGxvYWRzXC8yMDI0XC8xMFwvZW1haWxjaGVmLXBlci13b3JkcHJlc3MtcGFpZC1tZW1iZXJzaGlwcy1wcm8tc2NyZWVuc2hvdC0xLmpwZyIsInNsaWRlc2hvdyI6IjJkYmFiOTgifQ%3D%3D\">\n\t\t\t\t\t<div class=\"e-gallery-image elementor-gallery-item__image\" data-thumbnail=\"https:\/\/emailchef.com\/wp-content\/uploads\/2024\/10\/emailchef-per-wordpress-paid-memberships-pro-screenshot-1.jpg\" data-width=\"800\" data-height=\"748\" aria-label=\"\" role=\"img\" ><\/div>\n\t\t\t\t\t\t\t\t\t\t\t<div class=\"elementor-gallery-item__overlay\"><\/div>\n\t\t\t\t\t\t\t\t\t\t\t\t\t\t<\/a>\n\t\t\t\t\t\t\t<a class=\"e-gallery-item elementor-gallery-item elementor-animated-content\" href=\"https:\/\/emailchef.com\/wp-content\/uploads\/2024\/10\/emailchef-per-wordpress-paid-memberships-pro-screenshot-2.jpg\" data-elementor-open-lightbox=\"yes\" data-elementor-lightbox-slideshow=\"2dbab98\" data-elementor-lightbox-title=\"emailchef-per-wordpress-paid-memberships-pro-screenshot-2.jpg\" data-e-action-hash=\"#elementor-action%3Aaction%3Dlightbox%26settings%3DeyJpZCI6NzY2MDIsInVybCI6Imh0dHBzOlwvXC9lbWFpbGNoZWYuY29tXC93cC1jb250ZW50XC91cGxvYWRzXC8yMDI0XC8xMFwvZW1haWxjaGVmLXBlci13b3JkcHJlc3MtcGFpZC1tZW1iZXJzaGlwcy1wcm8tc2NyZWVuc2hvdC0yLmpwZyIsInNsaWRlc2hvdyI6IjJkYmFiOTgifQ%3D%3D\">\n\t\t\t\t\t<div class=\"e-gallery-image elementor-gallery-item__image\" data-thumbnail=\"https:\/\/emailchef.com\/wp-content\/uploads\/2024\/10\/emailchef-per-wordpress-paid-memberships-pro-screenshot-2.jpg\" data-width=\"800\" data-height=\"361\" aria-label=\"\" role=\"img\" ><\/div>\n\t\t\t\t\t\t\t\t\t\t\t<div class=\"elementor-gallery-item__overlay\"><\/div>\n\t\t\t\t\t\t\t\t\t\t\t\t\t\t<\/a>\n\t\t\t\t\t<\/div>\n\t\t\t\t\t<\/div>\n\t\t\t\t<\/div>\n\t\t\t\t\t<\/div>\n\t\t<\/div>\n\t\t\t\t\t<\/div>\n\t\t<\/section>\n\t\t\t\t<\/div>\n\t\t","protected":false},"excerpt":{"rendered":"<p>Potencia las funcionalidades de tu sitio de membres\u00eda con el plugin Paid Memberships Pro e inscribe f\u00e1cilmente a los usuarios y miembros de WordPress a tus listas en Emailchef. Una vez instalado Paid Memberships Pro, crea listas distintas para los diferentes niveles de membres\u00eda, junto con listas opcionales a las que los miembros pueden unirse [&hellip;]<\/p>\n","protected":false},"author":1,"featured_media":0,"parent":0,"menu_order":14,"comment_status":"closed","ping_status":"closed","template":"","meta":{"_acf_changed":false,"inline_featured_image":false,"footnotes":""},"g1_relation_tag":[],"class_list":["post-76582","page","type-page","status-publish","hentry"],"acf":[],"yoast_head":"<!-- This site is optimized with the Yoast SEO plugin v24.8.1 - https:\/\/yoast.com\/wordpress\/plugins\/seo\/ -->\n<title>Add On Emailchef para WordPress Paid Memberships Pro<\/title>\n<meta name=\"description\" content=\"Mejora tu sitio de membres\u00eda con Emailchef y Paid Memberships Pro. Inscribe f\u00e1cilmente a tus miembros de WordPress en listas autom\u00e1ticas y de opt-in.\" \/>\n<meta name=\"robots\" content=\"index, follow, max-snippet:-1, max-image-preview:large, max-video-preview:-1\" \/>\n<link rel=\"canonical\" href=\"https:\/\/emailchef.com\/es\/add-on-emailchef-para-wordpress-paid-memberships-pro\/\" \/>\n<meta name=\"twitter:label1\" content=\"Tiempo de lectura\" \/>\n\t<meta name=\"twitter:data1\" content=\"3 minutos\" \/>\n<!-- \/ Yoast SEO plugin. -->","yoast_head_json":{"title":"Add On Emailchef para WordPress Paid Memberships Pro","description":"Mejora tu sitio de membres\u00eda con Emailchef y Paid Memberships Pro. Inscribe f\u00e1cilmente a tus miembros de WordPress en listas autom\u00e1ticas y de opt-in.","robots":{"index":"index","follow":"follow","max-snippet":"max-snippet:-1","max-image-preview":"max-image-preview:large","max-video-preview":"max-video-preview:-1"},"canonical":"https:\/\/emailchef.com\/es\/add-on-emailchef-para-wordpress-paid-memberships-pro\/","twitter_misc":{"Tiempo de lectura":"3 minutos"},"schema":{"@context":"https:\/\/schema.org","@graph":[{"@type":"WebPage","@id":"https:\/\/emailchef.com\/es\/add-on-emailchef-para-wordpress-paid-memberships-pro\/","url":"https:\/\/emailchef.com\/es\/add-on-emailchef-para-wordpress-paid-memberships-pro\/","name":"Add On Emailchef para WordPress Paid Memberships Pro","isPartOf":{"@id":"https:\/\/emailchef.com\/es\/#website"},"primaryImageOfPage":{"@id":"https:\/\/emailchef.com\/es\/add-on-emailchef-para-wordpress-paid-memberships-pro\/#primaryimage"},"image":{"@id":"https:\/\/emailchef.com\/es\/add-on-emailchef-para-wordpress-paid-memberships-pro\/#primaryimage"},"thumbnailUrl":"https:\/\/emailchef.com\/wp-content\/uploads\/2024\/10\/paid-memberships-pro-emailchef-addon.png","datePublished":"2023-12-05T09:42:56+00:00","dateModified":"2024-10-18T14:25:11+00:00","description":"Mejora tu sitio de membres\u00eda con Emailchef y Paid Memberships Pro. Inscribe f\u00e1cilmente a tus miembros de WordPress en listas autom\u00e1ticas y de opt-in.","breadcrumb":{"@id":"https:\/\/emailchef.com\/es\/add-on-emailchef-para-wordpress-paid-memberships-pro\/#breadcrumb"},"inLanguage":"es","potentialAction":[{"@type":"ReadAction","target":["https:\/\/emailchef.com\/es\/add-on-emailchef-para-wordpress-paid-memberships-pro\/"]}]},{"@type":"ImageObject","inLanguage":"es","@id":"https:\/\/emailchef.com\/es\/add-on-emailchef-para-wordpress-paid-memberships-pro\/#primaryimage","url":"https:\/\/emailchef.com\/wp-content\/uploads\/2024\/10\/paid-memberships-pro-emailchef-addon.png","contentUrl":"https:\/\/emailchef.com\/wp-content\/uploads\/2024\/10\/paid-memberships-pro-emailchef-addon.png"},{"@type":"BreadcrumbList","@id":"https:\/\/emailchef.com\/es\/add-on-emailchef-para-wordpress-paid-memberships-pro\/#breadcrumb","itemListElement":[{"@type":"ListItem","position":1,"name":"Home","item":"https:\/\/emailchef.com\/es\/emailchef-email-marketing-services\/"},{"@type":"ListItem","position":2,"name":"Add On Emailchef para WordPress Paid Memberships Pro"}]},{"@type":"WebSite","@id":"https:\/\/emailchef.com\/es\/#website","url":"https:\/\/emailchef.com\/es\/","name":"Emailchef","description":"Tasty recipes for email marketing","publisher":{"@id":"https:\/\/emailchef.com\/es\/#organization"},"potentialAction":[{"@type":"SearchAction","target":{"@type":"EntryPoint","urlTemplate":"https:\/\/emailchef.com\/es\/?s={search_term_string}"},"query-input":{"@type":"PropertyValueSpecification","valueRequired":true,"valueName":"search_term_string"}}],"inLanguage":"es"},{"@type":"Organization","@id":"https:\/\/emailchef.com\/es\/#organization","name":"Delivery Tech Corp.","url":"https:\/\/emailchef.com\/es\/","logo":{"@type":"ImageObject","inLanguage":"es","@id":"https:\/\/emailchef.com\/es\/#\/schema\/logo\/image\/","url":"https:\/\/emailchef.com\/wp-content\/uploads\/2022\/04\/logo-sama.png","contentUrl":"https:\/\/emailchef.com\/wp-content\/uploads\/2022\/04\/logo-sama.png","width":237,"height":80,"caption":"Delivery Tech Corp."},"image":{"@id":"https:\/\/emailchef.com\/es\/#\/schema\/logo\/image\/"}}]}},"_links":{"self":[{"href":"https:\/\/emailchef.com\/es\/wp-json\/wp\/v2\/pages\/76582"}],"collection":[{"href":"https:\/\/emailchef.com\/es\/wp-json\/wp\/v2\/pages"}],"about":[{"href":"https:\/\/emailchef.com\/es\/wp-json\/wp\/v2\/types\/page"}],"author":[{"embeddable":true,"href":"https:\/\/emailchef.com\/es\/wp-json\/wp\/v2\/users\/1"}],"replies":[{"embeddable":true,"href":"https:\/\/emailchef.com\/es\/wp-json\/wp\/v2\/comments?post=76582"}],"version-history":[{"count":4,"href":"https:\/\/emailchef.com\/es\/wp-json\/wp\/v2\/pages\/76582\/revisions"}],"predecessor-version":[{"id":76613,"href":"https:\/\/emailchef.com\/es\/wp-json\/wp\/v2\/pages\/76582\/revisions\/76613"}],"wp:attachment":[{"href":"https:\/\/emailchef.com\/es\/wp-json\/wp\/v2\/media?parent=76582"}],"wp:term":[{"taxonomy":"g1_relation_tag","embeddable":true,"href":"https:\/\/emailchef.com\/es\/wp-json\/wp\/v2\/g1_relation_tag?post=76582"}],"curies":[{"name":"wp","href":"https:\/\/api.w.org\/{rel}","templated":true}]}}