{"id":75715,"date":"2023-06-21T13:05:44","date_gmt":"2023-06-21T13:05:44","guid":{"rendered":"https:\/\/emailchef.com\/?page_id=75715"},"modified":"2024-10-11T09:04:34","modified_gmt":"2024-10-11T09:04:34","slug":"email-marketing-y-gdpr","status":"publish","type":"page","link":"https:\/\/emailchef.com\/es\/caracteristicas\/email-marketing-y-gdpr\/","title":{"rendered":"Email marketing y GDPR: Emailchef garantiza todos los requisitos de la Normativa de Privacidad."},"content":{"rendered":"\t\t<div data-elementor-type=\"wp-page\" data-elementor-id=\"75715\" class=\"elementor elementor-75715 elementor-67503\" data-elementor-post-type=\"page\">\n\t\t\t\t\t\t<section class=\"elementor-section elementor-top-section elementor-element elementor-element-d5e1467 elementor-section-boxed elementor-section-height-default elementor-section-height-default\" data-id=\"d5e1467\" data-element_type=\"section\">\n\t\t\t\t\t\t<div class=\"elementor-container elementor-column-gap-default\">\n\t\t\t\t\t<div class=\"elementor-column elementor-col-100 elementor-top-column elementor-element elementor-element-3b5dcb7\" data-id=\"3b5dcb7\" data-element_type=\"column\">\n\t\t\t<div class=\"elementor-widget-wrap elementor-element-populated\">\n\t\t\t\t\t\t<div class=\"elementor-element elementor-element-8623ded elementor-widget elementor-widget-image\" data-id=\"8623ded\" data-element_type=\"widget\" data-widget_type=\"image.default\">\n\t\t\t\t<div class=\"elementor-widget-container\">\n\t\t\t\t\t\t\t\t\t\t\t\t\t\t\t<img fetchpriority=\"high\" decoding=\"async\" width=\"562\" height=\"421\" src=\"https:\/\/emailchef.com\/wp-content\/uploads\/2023\/06\/email_marketing_gdpr.png\" class=\"attachment-full size-full wp-image-67513\" alt=\"Email marketing y GDPR\" srcset=\"https:\/\/emailchef.com\/wp-content\/uploads\/2023\/06\/email_marketing_gdpr.png 562w, https:\/\/emailchef.com\/wp-content\/uploads\/2023\/06\/email_marketing_gdpr-300x225.png 300w\" sizes=\"(max-width: 562px) 100vw, 562px\" \/>\t\t\t\t\t\t\t\t\t\t\t\t\t\t\t<\/div>\n\t\t\t\t<\/div>\n\t\t\t\t\t<\/div>\n\t\t<\/div>\n\t\t\t\t\t<\/div>\n\t\t<\/section>\n\t\t\t\t<section class=\"elementor-section elementor-top-section elementor-element elementor-element-0a8cd9d elementor-section-boxed elementor-section-height-default elementor-section-height-default\" data-id=\"0a8cd9d\" data-element_type=\"section\">\n\t\t\t\t\t\t<div class=\"elementor-container elementor-column-gap-default\">\n\t\t\t\t\t<div class=\"elementor-column elementor-col-100 elementor-top-column elementor-element elementor-element-a49c456\" data-id=\"a49c456\" data-element_type=\"column\">\n\t\t\t<div class=\"elementor-widget-wrap elementor-element-populated\">\n\t\t\t\t\t\t<div class=\"elementor-element elementor-element-6520d99 elementor-widget elementor-widget-text-editor\" data-id=\"6520d99\" data-element_type=\"widget\" data-widget_type=\"text-editor.default\">\n\t\t\t\t<div class=\"elementor-widget-container\">\n\t\t\t\t\t\t\t\t\t<p>El cumplimiento del RGPD es uno de los temas m\u00e1s delicados y, a menudo, subestimados cuando se habla de email marketing. Sin embargo, su incumplimiento puede acarrear multas de hasta 10 o 20 millones de euros, dependiendo de la gravedad de la infracci\u00f3n.<\/p><p>\u00bfQu\u00e9 puedes hacer para cumplir con la normativa europea de protecci\u00f3n de datos personales?<\/p><p>Un excelente punto de partida es <strong>elegir una plataforma como Emailchef<\/strong>, que cumple con todos los requisitos exigidos por el RGPD (para que no tengas que preocuparte de nada). Los servidores que utiliza Emailchef est\u00e1n ubicados en Europa y nuestras direcciones IP son europeas, garantizando as\u00ed uno de los requisitos fundamentales del RGPD. De esta manera, podr\u00e1s almacenar los datos recopilados en servidores seguros desde el punto de vista de la privacidad.<\/p><p>Al optar por ubicar nuestros servidores en territorio europeo, podemos garantizar que los est\u00e1ndares de protecci\u00f3n se alinean con los previstos por el RGPD, un paso fundamental para la seguridad de quienes utilizan nuestros productos y servicios.<\/p><p>Pero eso no es todo: tambi\u00e9n ser\u00e1 fundamental implementar las dem\u00e1s medidas establecidas por el Reglamento. \u00bfCu\u00e1les?<\/p>\t\t\t\t\t\t\t\t<\/div>\n\t\t\t\t<\/div>\n\t\t\t\t<div class=\"elementor-element elementor-element-35d0bb5 elementor-icon-list--layout-traditional elementor-list-item-link-full_width elementor-widget elementor-widget-icon-list\" data-id=\"35d0bb5\" data-element_type=\"widget\" data-widget_type=\"icon-list.default\">\n\t\t\t\t<div class=\"elementor-widget-container\">\n\t\t\t\t\t\t\t<ul class=\"elementor-icon-list-items\">\n\t\t\t\t\t\t\t<li class=\"elementor-icon-list-item\">\n\t\t\t\t\t\t\t\t\t\t\t<span class=\"elementor-icon-list-icon\">\n\t\t\t\t\t\t\t<i aria-hidden=\"true\" class=\"fas fa-angle-right\"><\/i>\t\t\t\t\t\t<\/span>\n\t\t\t\t\t\t\t\t\t\t<span class=\"elementor-icon-list-text\">Debes recopilar solo los datos de aquellos que hayan dado su consentimiento expl\u00edcito para hacerlo. Para ayudarte en este proceso, Emailchef ofrece <strong>formularios de inscripci\u00f3n con single opt-in o double opt-in<\/strong> para que solo se a\u00f1adan a tu lista de contactos los datos de aquellos que hayan autorizado el registro mediante estos formularios.<\/span>\n\t\t\t\t\t\t\t\t\t<\/li>\n\t\t\t\t\t\t<\/ul>\n\t\t\t\t\t\t<\/div>\n\t\t\t\t<\/div>\n\t\t\t\t<div class=\"elementor-element elementor-element-6cfef9f elementor-widget elementor-widget-html\" data-id=\"6cfef9f\" data-element_type=\"widget\" data-widget_type=\"html.default\">\n\t\t\t\t<div class=\"elementor-widget-container\">\n\t\t\t\t\t<div class=\"lyte-wrapper\" title=\"[ES] C&oacute;mo crear un formulario de suscripci&oacute;n con eMailChef\" style=\"width:640px;max-width:100%;margin:5px;\"><div class=\"lyMe\" id=\"WYL_wRD47RmJXDg\"><div id=\"lyte_wRD47RmJXDg\" data-src=\"https:\/\/emailchef.com\/wp-content\/plugins\/wp-youtube-lyte\/lyteCache.php?origThumbUrl=https%3A%2F%2Fi.ytimg.com%2Fvi%2FwRD47RmJXDg%2Fhqdefault.jpg\" class=\"pL\"><div class=\"tC\"><div class=\"tT\">[ES] C\u00f3mo crear un formulario de suscripci\u00f3n con eMailChef<\/div><\/div><div class=\"play\"><\/div><div class=\"ctrl\"><div class=\"Lctrl\"><\/div><div class=\"Rctrl\"><\/div><\/div><\/div><noscript><a href=\"https:\/\/youtu.be\/wRD47RmJXDg\" rel=\"nofollow\"><img decoding=\"async\" src=\"https:\/\/emailchef.com\/wp-content\/plugins\/wp-youtube-lyte\/lyteCache.php?origThumbUrl=https%3A%2F%2Fi.ytimg.com%2Fvi%2FwRD47RmJXDg%2F0.jpg\" alt=\"[ES] C&oacute;mo crear un formulario de suscripci&oacute;n con eMailChef\" width=\"640\" height=\"340\" \/><br \/>Mire este video en YouTube<\/a><\/noscript><\/div><\/div><div class=\"lL\" style=\"max-width:100%;width:640px;margin:5px;\"><\/div>\n<div class=\"ec-video-button hide centered\">\n\t<a href=\"https:\/\/youtu.be\/wRD47RmJXDg\" rel=\"prettyPhoto\" title=\"Play Video\">Play Video <i class=\"fa fa-play-circle fa-2x\"><\/i><\/a>\n<\/div>\t\t\t\t<\/div>\n\t\t\t\t<\/div>\n\t\t\t\t<div class=\"elementor-element elementor-element-d6160d2 elementor-icon-list--layout-traditional elementor-list-item-link-full_width elementor-widget elementor-widget-icon-list\" data-id=\"d6160d2\" data-element_type=\"widget\" data-widget_type=\"icon-list.default\">\n\t\t\t\t<div class=\"elementor-widget-container\">\n\t\t\t\t\t\t\t<ul class=\"elementor-icon-list-items\">\n\t\t\t\t\t\t\t<li class=\"elementor-icon-list-item\">\n\t\t\t\t\t\t\t\t\t\t\t<span class=\"elementor-icon-list-icon\">\n\t\t\t\t\t\t\t<i aria-hidden=\"true\" class=\"fas fa-angle-right\"><\/i>\t\t\t\t\t\t<\/span>\n\t\t\t\t\t\t\t\t\t\t<span class=\"elementor-icon-list-text\">Permite que todos los suscriptores puedan darse de baja de tu lista en cualquier momento que lo deseen. Este es un requisito no solo del RGPD, sino tambi\u00e9n del CAN-SPAM Act, la normativa estadounidense en materia de privacidad. Todos los templates creados con el editor drag & drop de Emailchef incluyen autom\u00e1ticamente un pie de p\u00e1gina para la cancelaci\u00f3n de la suscripci\u00f3n. De esta manera, ofrecer\u00e1s la opci\u00f3n de darse de baja a quienes ya no deseen recibir tus comunicaciones.<\/span>\n\t\t\t\t\t\t\t\t\t<\/li>\n\t\t\t\t\t\t<\/ul>\n\t\t\t\t\t\t<\/div>\n\t\t\t\t<\/div>\n\t\t\t\t<div class=\"elementor-element elementor-element-1db7bc1 elementor-widget elementor-widget-image\" data-id=\"1db7bc1\" data-element_type=\"widget\" data-widget_type=\"image.default\">\n\t\t\t\t<div class=\"elementor-widget-container\">\n\t\t\t\t\t\t\t\t\t\t\t\t\t\t\t<img decoding=\"async\" width=\"722\" height=\"169\" src=\"https:\/\/emailchef.com\/wp-content\/uploads\/2024\/10\/pie-de-correo-electronico-conforme-al-rgpd.png\" class=\"attachment-large size-large wp-image-75717\" alt=\"Pie de correo electr\u00f3nico conforme al RGPD\" srcset=\"https:\/\/emailchef.com\/wp-content\/uploads\/2024\/10\/pie-de-correo-electronico-conforme-al-rgpd.png 722w, https:\/\/emailchef.com\/wp-content\/uploads\/2024\/10\/pie-de-correo-electronico-conforme-al-rgpd-300x70.png 300w\" sizes=\"(max-width: 722px) 100vw, 722px\" \/>\t\t\t\t\t\t\t\t\t\t\t\t\t\t\t<\/div>\n\t\t\t\t<\/div>\n\t\t\t\t<div class=\"elementor-element elementor-element-2c74d3d elementor-widget elementor-widget-heading\" data-id=\"2c74d3d\" data-element_type=\"widget\" data-widget_type=\"heading.default\">\n\t\t\t\t<div class=\"elementor-widget-container\">\n\t\t\t\t\t<h2 class=\"elementor-heading-title elementor-size-default\">Las medidas de Emailchef para garantizar la protecci\u00f3n de tu privacidad.<\/h2>\t\t\t\t<\/div>\n\t\t\t\t<\/div>\n\t\t\t\t<div class=\"elementor-element elementor-element-69d9b24 elementor-widget elementor-widget-text-editor\" data-id=\"69d9b24\" data-element_type=\"widget\" data-widget_type=\"text-editor.default\">\n\t\t\t\t<div class=\"elementor-widget-container\">\n\t\t\t\t\t\t\t\t\t<p>Para ofrecerte una visi\u00f3n clara de lo que estamos haciendo en Emailchef para garantizar el cumplimiento de la normativa de privacidad, hemos preparado una tabla resumen de las medidas adoptadas que te permiten utilizar nuestros productos y servicios con total seguridad:<\/p>\t\t\t\t\t\t\t\t<\/div>\n\t\t\t\t<\/div>\n\t\t\t\t<div class=\"elementor-element elementor-element-a345d3c elementor-icon-list--layout-traditional elementor-list-item-link-full_width elementor-widget elementor-widget-icon-list\" data-id=\"a345d3c\" data-element_type=\"widget\" data-widget_type=\"icon-list.default\">\n\t\t\t\t<div class=\"elementor-widget-container\">\n\t\t\t\t\t\t\t<ul class=\"elementor-icon-list-items\">\n\t\t\t\t\t\t\t<li class=\"elementor-icon-list-item\">\n\t\t\t\t\t\t\t\t\t\t\t<span class=\"elementor-icon-list-icon\">\n\t\t\t\t\t\t\t<i aria-hidden=\"true\" class=\"fas fa-chevron-down\"><\/i>\t\t\t\t\t\t<\/span>\n\t\t\t\t\t\t\t\t\t\t<span class=\"elementor-icon-list-text\">Hemos designado a un Delegado de Protecci\u00f3n de Datos (DPO).<\/span>\n\t\t\t\t\t\t\t\t\t<\/li>\n\t\t\t\t\t\t\t\t<li class=\"elementor-icon-list-item\">\n\t\t\t\t\t\t\t\t\t\t\t<span class=\"elementor-icon-list-icon\">\n\t\t\t\t\t\t\t<i aria-hidden=\"true\" class=\"fas fa-chevron-down\"><\/i>\t\t\t\t\t\t<\/span>\n\t\t\t\t\t\t\t\t\t\t<span class=\"elementor-icon-list-text\">Hemos capacitado al personal que gestiona el tratamiento de datos y las actividades de control relacionadas.<\/span>\n\t\t\t\t\t\t\t\t\t<\/li>\n\t\t\t\t\t\t\t\t<li class=\"elementor-icon-list-item\">\n\t\t\t\t\t\t\t\t\t\t\t<span class=\"elementor-icon-list-icon\">\n\t\t\t\t\t\t\t<i aria-hidden=\"true\" class=\"fas fa-chevron-down\"><\/i>\t\t\t\t\t\t<\/span>\n\t\t\t\t\t\t\t\t\t\t<span class=\"elementor-icon-list-text\">Nuestra pol\u00edtica sobre los derechos de los interesados y las medidas para demostrar el consentimiento en el tratamiento de datos ha sido actualizada.<\/span>\n\t\t\t\t\t\t\t\t\t<\/li>\n\t\t\t\t\t\t\t\t<li class=\"elementor-icon-list-item\">\n\t\t\t\t\t\t\t\t\t\t\t<span class=\"elementor-icon-list-icon\">\n\t\t\t\t\t\t\t<i aria-hidden=\"true\" class=\"fas fa-chevron-down\"><\/i>\t\t\t\t\t\t<\/span>\n\t\t\t\t\t\t\t\t\t\t<span class=\"elementor-icon-list-text\">Hemos creado un aviso de privacidad detallado y adaptado al RGPD, f\u00e1cil de entender, para informar a los interesados sobre c\u00f3mo ejercer sus derechos.<\/span>\n\t\t\t\t\t\t\t\t\t<\/li>\n\t\t\t\t\t\t\t\t<li class=\"elementor-icon-list-item\">\n\t\t\t\t\t\t\t\t\t\t\t<span class=\"elementor-icon-list-icon\">\n\t\t\t\t\t\t\t<i aria-hidden=\"true\" class=\"fas fa-chevron-down\"><\/i>\t\t\t\t\t\t<\/span>\n\t\t\t\t\t\t\t\t\t\t<span class=\"elementor-icon-list-text\">Nuestras respuestas ante una posible violaci\u00f3n de datos son r\u00e1pidas y se llevan a cabo sin demoras tras la detecci\u00f3n de la anomal\u00eda.<\/span>\n\t\t\t\t\t\t\t\t\t<\/li>\n\t\t\t\t\t\t\t\t<li class=\"elementor-icon-list-item\">\n\t\t\t\t\t\t\t\t\t\t\t<span class=\"elementor-icon-list-icon\">\n\t\t\t\t\t\t\t<i aria-hidden=\"true\" class=\"fas fa-chevron-down\"><\/i>\t\t\t\t\t\t<\/span>\n\t\t\t\t\t\t\t\t\t\t<span class=\"elementor-icon-list-text\">Hemos realizado una Evaluaci\u00f3n de Impacto en la Protecci\u00f3n de Datos (DPIA).<\/span>\n\t\t\t\t\t\t\t\t\t<\/li>\n\t\t\t\t\t\t\t\t<li class=\"elementor-icon-list-item\">\n\t\t\t\t\t\t\t\t\t\t\t<span class=\"elementor-icon-list-icon\">\n\t\t\t\t\t\t\t<i aria-hidden=\"true\" class=\"fas fa-chevron-down\"><\/i>\t\t\t\t\t\t<\/span>\n\t\t\t\t\t\t\t\t\t\t<span class=\"elementor-icon-list-text\">Aplicamos los principios del RGPD en los diferentes aspectos del tratamiento de datos (actividades, objetivos, descripci\u00f3n de categor\u00edas de destinatarios y posibles transferencias).<\/span>\n\t\t\t\t\t\t\t\t\t<\/li>\n\t\t\t\t\t\t\t\t<li class=\"elementor-icon-list-item\">\n\t\t\t\t\t\t\t\t\t\t\t<span class=\"elementor-icon-list-icon\">\n\t\t\t\t\t\t\t<i aria-hidden=\"true\" class=\"fas fa-chevron-down\"><\/i>\t\t\t\t\t\t<\/span>\n\t\t\t\t\t\t\t\t\t\t<span class=\"elementor-icon-list-text\">Nuestras medidas t\u00e9cnicas y organizativas han sido consolidadas.<\/span>\n\t\t\t\t\t\t\t\t\t<\/li>\n\t\t\t\t\t\t\t\t<li class=\"elementor-icon-list-item\">\n\t\t\t\t\t\t\t\t\t\t\t<span class=\"elementor-icon-list-icon\">\n\t\t\t\t\t\t\t<i aria-hidden=\"true\" class=\"fas fa-chevron-down\"><\/i>\t\t\t\t\t\t<\/span>\n\t\t\t\t\t\t\t\t\t\t<span class=\"elementor-icon-list-text\">Garantizamos el derecho a la portabilidad y la transparencia de los datos de los interesados desde y hacia sistemas de terceros.<\/span>\n\t\t\t\t\t\t\t\t\t<\/li>\n\t\t\t\t\t\t\t\t<li class=\"elementor-icon-list-item\">\n\t\t\t\t\t\t\t\t\t\t\t<span class=\"elementor-icon-list-icon\">\n\t\t\t\t\t\t\t<i aria-hidden=\"true\" class=\"fas fa-chevron-down\"><\/i>\t\t\t\t\t\t<\/span>\n\t\t\t\t\t\t\t\t\t\t<span class=\"elementor-icon-list-text\">Hemos reforzado el nivel de protecci\u00f3n para las transferencias de datos hacia pa\u00edses fuera de la UE con protocolos adecuados.<\/span>\n\t\t\t\t\t\t\t\t\t<\/li>\n\t\t\t\t\t\t\t\t<li class=\"elementor-icon-list-item\">\n\t\t\t\t\t\t\t\t\t\t\t<span class=\"elementor-icon-list-icon\">\n\t\t\t\t\t\t\t<i aria-hidden=\"true\" class=\"fas fa-chevron-down\"><\/i>\t\t\t\t\t\t<\/span>\n\t\t\t\t\t\t\t\t\t\t<span class=\"elementor-icon-list-text\">Desde hace tiempo hemos implementado la <strong>Privacidad desde el dise\u00f1o<\/strong> (<em>Privacy by Design<\/em>), para aplicar de manera eficaz los principios de protecci\u00f3n de datos (como la minimizaci\u00f3n) e integrar en el tratamiento las garant\u00edas que cumplen con los requisitos del RGPD.<\/span>\n\t\t\t\t\t\t\t\t\t<\/li>\n\t\t\t\t\t\t\t\t<li class=\"elementor-icon-list-item\">\n\t\t\t\t\t\t\t\t\t\t\t<span class=\"elementor-icon-list-icon\">\n\t\t\t\t\t\t\t<i aria-hidden=\"true\" class=\"fas fa-chevron-down\"><\/i>\t\t\t\t\t\t<\/span>\n\t\t\t\t\t\t\t\t\t\t<span class=\"elementor-icon-list-text\">Realizamos revisiones peri\u00f3dicas de la eficiencia y adecuaci\u00f3n de las medidas aplicadas.<\/span>\n\t\t\t\t\t\t\t\t\t<\/li>\n\t\t\t\t\t\t<\/ul>\n\t\t\t\t\t\t<\/div>\n\t\t\t\t<\/div>\n\t\t\t\t<div class=\"elementor-element elementor-element-db58c82 pricing2020-CTA-chat elementor-widget elementor-widget-text-editor\" data-id=\"db58c82\" data-element_type=\"widget\" data-widget_type=\"text-editor.default\">\n\t\t\t\t<div class=\"elementor-widget-container\">\n\t\t\t\t\t\t\t\t\t<p>Si deseas saber m\u00e1s sobre las medidas que hemos implementado y lo que puedes hacer para cumplir con el RGPD, lee nuestra Gu\u00eda sobre la normativa de privacidad.<\/p>\t\t\t\t\t\t\t\t<\/div>\n\t\t\t\t<\/div>\n\t\t\t\t<div class=\"elementor-element elementor-element-1ad6e1a elementor-align-center elementor-mobile-align-center elementor-widget elementor-widget-button\" data-id=\"1ad6e1a\" data-element_type=\"widget\" data-widget_type=\"button.default\">\n\t\t\t\t<div class=\"elementor-widget-container\">\n\t\t\t\t\t\t\t\t\t<div class=\"elementor-button-wrapper\">\n\t\t\t\t\t<a class=\"elementor-button elementor-button-link elementor-size-md elementor-animation-shrink\" href=\"https:\/\/emailchef.com\/es\/politica-de-privacidad-regulacion-ue-2016-79-gdpr\/\" title=\"Lee la gu\u00eda de emailchef sobre el RGPD\">\n\t\t\t\t\t\t<span class=\"elementor-button-content-wrapper\">\n\t\t\t\t\t\t<span class=\"elementor-button-icon\">\n\t\t\t\t<i aria-hidden=\"true\" class=\"fas fa-angle-right\"><\/i>\t\t\t<\/span>\n\t\t\t\t\t\t\t\t\t<span class=\"elementor-button-text\"><span style=\"color:#1c2150ff\">LEE LA GU\u00cdA DE EMAILCHEF SOBRE EL RGPD<\/span><\/span>\n\t\t\t\t\t<\/span>\n\t\t\t\t\t<\/a>\n\t\t\t\t<\/div>\n\t\t\t\t\t\t\t\t<\/div>\n\t\t\t\t<\/div>\n\t\t\t\t\t<\/div>\n\t\t<\/div>\n\t\t\t\t\t<\/div>\n\t\t<\/section>\n\t\t\t\t<\/div>\n\t\t","protected":false},"excerpt":{"rendered":"<p>El cumplimiento del RGPD es uno de los temas m\u00e1s delicados y, a menudo, subestimados cuando se habla de email marketing. Sin embargo, su incumplimiento puede acarrear multas de hasta 10 o 20 millones de euros, dependiendo de la gravedad de la infracci\u00f3n. \u00bfQu\u00e9 puedes hacer para cumplir con la normativa europea de protecci\u00f3n de [&hellip;]<\/p>\n","protected":false},"author":1,"featured_media":0,"parent":3006,"menu_order":0,"comment_status":"closed","ping_status":"closed","template":"","meta":{"_acf_changed":false,"inline_featured_image":false,"footnotes":""},"g1_relation_tag":[],"class_list":["post-75715","page","type-page","status-publish","hentry"],"acf":[],"yoast_head":"<!-- This site is optimized with the Yoast SEO plugin v24.8.1 - https:\/\/yoast.com\/wordpress\/plugins\/seo\/ -->\n<title>Hacer email marketing cumpliendo con el RGPD con Emailchef<\/title>\n<meta name=\"description\" content=\"Cumple con la normativa de privacidad. Email marketing y RGPD. La plataforma para el email marketing a prueba de RGPD &gt;&gt; Descubre Emailchef ahora!\" \/>\n<meta name=\"robots\" content=\"index, follow, max-snippet:-1, max-image-preview:large, max-video-preview:-1\" \/>\n<link rel=\"canonical\" href=\"https:\/\/emailchef.com\/es\/caracteristicas\/email-marketing-y-gdpr\/\" \/>\n<meta name=\"twitter:label1\" content=\"Tiempo de lectura\" \/>\n\t<meta name=\"twitter:data1\" content=\"4 minutos\" \/>\n<!-- \/ Yoast SEO plugin. -->","yoast_head_json":{"title":"Hacer email marketing cumpliendo con el RGPD con Emailchef","description":"Cumple con la normativa de privacidad. Email marketing y RGPD. La plataforma para el email marketing a prueba de RGPD >> Descubre Emailchef ahora!","robots":{"index":"index","follow":"follow","max-snippet":"max-snippet:-1","max-image-preview":"max-image-preview:large","max-video-preview":"max-video-preview:-1"},"canonical":"https:\/\/emailchef.com\/es\/caracteristicas\/email-marketing-y-gdpr\/","twitter_misc":{"Tiempo de lectura":"4 minutos"},"schema":{"@context":"https:\/\/schema.org","@graph":[{"@type":"WebPage","@id":"https:\/\/emailchef.com\/es\/caracteristicas\/email-marketing-y-gdpr\/","url":"https:\/\/emailchef.com\/es\/caracteristicas\/email-marketing-y-gdpr\/","name":"Hacer email marketing cumpliendo con el RGPD con Emailchef","isPartOf":{"@id":"https:\/\/emailchef.com\/es\/#website"},"primaryImageOfPage":{"@id":"https:\/\/emailchef.com\/es\/caracteristicas\/email-marketing-y-gdpr\/#primaryimage"},"image":{"@id":"https:\/\/emailchef.com\/es\/caracteristicas\/email-marketing-y-gdpr\/#primaryimage"},"thumbnailUrl":"https:\/\/emailchef.com\/wp-content\/uploads\/2023\/06\/email_marketing_gdpr.png","datePublished":"2023-06-21T13:05:44+00:00","dateModified":"2024-10-11T09:04:34+00:00","description":"Cumple con la normativa de privacidad. Email marketing y RGPD. La plataforma para el email marketing a prueba de RGPD >> Descubre Emailchef ahora!","breadcrumb":{"@id":"https:\/\/emailchef.com\/es\/caracteristicas\/email-marketing-y-gdpr\/#breadcrumb"},"inLanguage":"es","potentialAction":[{"@type":"ReadAction","target":["https:\/\/emailchef.com\/es\/caracteristicas\/email-marketing-y-gdpr\/"]}]},{"@type":"ImageObject","inLanguage":"es","@id":"https:\/\/emailchef.com\/es\/caracteristicas\/email-marketing-y-gdpr\/#primaryimage","url":"https:\/\/emailchef.com\/wp-content\/uploads\/2023\/06\/email_marketing_gdpr.png","contentUrl":"https:\/\/emailchef.com\/wp-content\/uploads\/2023\/06\/email_marketing_gdpr.png"},{"@type":"BreadcrumbList","@id":"https:\/\/emailchef.com\/es\/caracteristicas\/email-marketing-y-gdpr\/#breadcrumb","itemListElement":[{"@type":"ListItem","position":1,"name":"Home","item":"https:\/\/emailchef.com\/es\/emailchef-email-marketing-services\/"},{"@type":"ListItem","position":2,"name":"Descubre las funciones de Emailchef","item":"https:\/\/emailchef.com\/es\/caracteristicas\/"},{"@type":"ListItem","position":3,"name":"Email marketing y GDPR: Emailchef garantiza todos los requisitos de la Normativa de Privacidad."}]},{"@type":"WebSite","@id":"https:\/\/emailchef.com\/es\/#website","url":"https:\/\/emailchef.com\/es\/","name":"Emailchef","description":"Tasty recipes for email marketing","publisher":{"@id":"https:\/\/emailchef.com\/es\/#organization"},"potentialAction":[{"@type":"SearchAction","target":{"@type":"EntryPoint","urlTemplate":"https:\/\/emailchef.com\/es\/?s={search_term_string}"},"query-input":{"@type":"PropertyValueSpecification","valueRequired":true,"valueName":"search_term_string"}}],"inLanguage":"es"},{"@type":"Organization","@id":"https:\/\/emailchef.com\/es\/#organization","name":"Delivery Tech Corp.","url":"https:\/\/emailchef.com\/es\/","logo":{"@type":"ImageObject","inLanguage":"es","@id":"https:\/\/emailchef.com\/es\/#\/schema\/logo\/image\/","url":"https:\/\/emailchef.com\/wp-content\/uploads\/2022\/04\/logo-sama.png","contentUrl":"https:\/\/emailchef.com\/wp-content\/uploads\/2022\/04\/logo-sama.png","width":237,"height":80,"caption":"Delivery Tech Corp."},"image":{"@id":"https:\/\/emailchef.com\/es\/#\/schema\/logo\/image\/"}}]}},"_links":{"self":[{"href":"https:\/\/emailchef.com\/es\/wp-json\/wp\/v2\/pages\/75715"}],"collection":[{"href":"https:\/\/emailchef.com\/es\/wp-json\/wp\/v2\/pages"}],"about":[{"href":"https:\/\/emailchef.com\/es\/wp-json\/wp\/v2\/types\/page"}],"author":[{"embeddable":true,"href":"https:\/\/emailchef.com\/es\/wp-json\/wp\/v2\/users\/1"}],"replies":[{"embeddable":true,"href":"https:\/\/emailchef.com\/es\/wp-json\/wp\/v2\/comments?post=75715"}],"version-history":[{"count":4,"href":"https:\/\/emailchef.com\/es\/wp-json\/wp\/v2\/pages\/75715\/revisions"}],"predecessor-version":[{"id":75728,"href":"https:\/\/emailchef.com\/es\/wp-json\/wp\/v2\/pages\/75715\/revisions\/75728"}],"up":[{"embeddable":true,"href":"https:\/\/emailchef.com\/es\/wp-json\/wp\/v2\/pages\/3006"}],"wp:attachment":[{"href":"https:\/\/emailchef.com\/es\/wp-json\/wp\/v2\/media?parent=75715"}],"wp:term":[{"taxonomy":"g1_relation_tag","embeddable":true,"href":"https:\/\/emailchef.com\/es\/wp-json\/wp\/v2\/g1_relation_tag?post=75715"}],"curies":[{"name":"wp","href":"https:\/\/api.w.org\/{rel}","templated":true}]}}