{"id":7251,"date":"2018-05-18T15:39:10","date_gmt":"2018-05-18T15:39:10","guid":{"rendered":"https:\/\/emailchef.com\/?page_id=7251"},"modified":"2018-06-18T13:04:34","modified_gmt":"2018-06-18T13:04:34","slug":"seguridad","status":"publish","type":"page","link":"https:\/\/emailchef.com\/es\/politica-de-privacidad-regulacion-ue-2016-79-gdpr\/seguridad\/","title":{"rendered":"Seguridad"},"content":{"rendered":"<p><img fetchpriority=\"high\" decoding=\"async\" class=\"noBorders aligncenter wp-image-7025 size-full\" src=\"https:\/\/emailchef.com\/wp-content\/uploads\/2018\/05\/gdpr-protect.png\" alt=\"\" width=\"1280\" height=\"700\" srcset=\"https:\/\/emailchef.com\/wp-content\/uploads\/2018\/05\/gdpr-protect.png 1280w, https:\/\/emailchef.com\/wp-content\/uploads\/2018\/05\/gdpr-protect-300x164.png 300w, https:\/\/emailchef.com\/wp-content\/uploads\/2018\/05\/gdpr-protect-768x420.png 768w, https:\/\/emailchef.com\/wp-content\/uploads\/2018\/05\/gdpr-protect-1024x560.png 1024w, https:\/\/emailchef.com\/wp-content\/uploads\/2018\/05\/gdpr-protect-968x529.png 968w, https:\/\/emailchef.com\/wp-content\/uploads\/2018\/05\/gdpr-protect-636x348.png 636w, https:\/\/emailchef.com\/wp-content\/uploads\/2018\/05\/gdpr-protect-320x175.png 320w, https:\/\/emailchef.com\/wp-content\/uploads\/2018\/05\/gdpr-protect-239x131.png 239w\" sizes=\"(max-width: 1280px) 100vw, 1280px\" \/><\/p>\n<ul class=\"g1-grid\"><li class=\"g1-column g1-one-fourth g1-valign-top\">\n<h4>Medidas T\u00e9cnicas<\/h4>\n<\/li><!-- -->\n<li class=\"g1-column g1-three-fourth g1-valign-top\">\n<p>Delivery Tech otorga la mayor importancia a la seguridad e integridad de su informaci\u00f3n personal. De acuerdo con GDPR, nos comprometemos diariamente a tomar todos los recaudos necesarios para preservar la seguridad de su informaci\u00f3n, y en particular, para protegerla de:<\/p>\n\n<ul id=\"\" class=\"g1-list g1-list--upper-alpha g1-list--none \">\n<li>destrucci\u00f3n accidental o il\u00edcita;<\/li>\n<li>p\u00e9rdida accidental o il\u00edcita;<\/li>\n<li>corrupci\u00f3n accidental o il\u00edcita;<\/li>\n<li>circulaci\u00f3n o revelaci\u00f3n a personas no autorizadas;<\/li>\n<li>acceso no autorizado;<\/li>\n<li>procesamiento ilegal.<\/li>\n<\/ul>\n\n<p>En este punto, hemos adoptado est\u00e1ndares de seguridad industrial y medidas de seguridad t\u00e9cnicas, incluyendo:<\/p>\n\n<ul id=\"\" class=\"g1-list g1-list--upper-alpha g1-list--none \">\n<li>un firewall multi nivel;<\/li>\n<li>antivirus probado y software de detecci\u00f3n de intrusi\u00f3n;<\/li>\n<li>transmisi\u00f3n de informaci\u00f3n encriptada mediante tecnolog\u00eda SSL \/ HTTPS \/ VPN.<\/li>\n<\/ul>\n\n<p>Para proteger la informaci\u00f3n personal de revelaciones no autorizadas, hemos utilizado c\u00f3digos desarrollados especialmente, como as\u00ed tambi\u00e9n algoritmos que aseguran la seguridad de las transacciones, el acceso y las copias de seguridad. Garantizamos el adecuado y correcto uso de la informaci\u00f3n:<\/p>\n\n<ul id=\"\" class=\"g1-list g1-list--upper-alpha g1-list--none \">\n<li>con procedimientos electr\u00f3nicos, f\u00edsicos y de gesti\u00f3n apropiados para salvaguardar y preservar la informaci\u00f3n obtenida mediante nuestros servicios;<\/li>\n<li>con el entrenamiento apropiado de todo el personal que ha obtenido autorizaci\u00f3n espec\u00edfica para acceder a la informaci\u00f3n de acuerdo con las provisiones de GDPR.<\/li>\n<\/ul>\n\n<p>De todas formas, no existe defensa absoluta contra los ataques de piratas o hackers. En el evento de una violaci\u00f3n a la seguridad (una \u201cviolaci\u00f3n de informaci\u00f3n\u201d), nos hemos comprometido a informarle sin demoras y trabajaremos con nuestra mejor capacidad para neutralizar la intrusi\u00f3n y minificar el impacto. En el evento de que usted sufra una p\u00e9rdida de informaci\u00f3n debido a una violaci\u00f3n de seguridad, nos comprometemos a proveerle toda la asistencia requerida para asegurar sus derechos.<br \/>\nSi, en un caso excepcional, la p\u00e9rdida sufrida es atribuible a una falta seria por parte de Delivery Tech, proveeremos una compensaci\u00f3n dentro de los l\u00edmites de responsabilidad provistos por nuestras Condiciones Generales de Uso.<br \/>\nSi un usuario, un suscriptor a su lista de contacto o un hacker descubre y aprovecha una falla de seguridad, dicha persona ser\u00e1 responsable por la acci\u00f3n. Delivery Tech tomar\u00e1 todas las medidas necesarias, incluyendo el inicio de acciones legales, para preservar la informaci\u00f3n y los derechos de nuestros usuarios y nosotros mismos, y para limitar cualquier efecto.<br \/>\nLas medidas mencionadas, son aquellas que hemos adoptado para la protecci\u00f3n de su informaci\u00f3n. Como usuario de nuestros servicios, aplicaciones o software, usted debe realizar las siguientes acciones:<\/p>\n\n<ul id=\"\" class=\"g1-list g1-list--upper-alpha g1-list--none \">\n<li>verificar la autenticaci\u00f3n de las personas que acceden a la informaci\u00f3n;<\/li>\n<li>usar una contrase\u00f1a lo suficientemente segura, recordando cambiarla en forma frecuente y nunca dejarla desatendida;<\/li>\n<li>aseg\u00farese de tomar las medidas de seguridad necesarias para el procesamiento de informaci\u00f3n por Delivery Tech y que usted comparte en canales de comunicaci\u00f3n no seguros.<\/li>\n<\/ul>\n\n<p>El prop\u00f3sito de estas medidas t\u00e9cnicas es asegurar que su informaci\u00f3n sea incomprensible o inaccesible a personas no autorizadas.<br \/>\nPor cualquier pregunta relacionada a la seguridad de nuestros servicios, aplicaciones y software, por favor contacte con nuestro equipo de soporte t\u00e9cnico disponible en nuestros canales oficiales: email, online, chat, telef\u00f3nico.<\/p>\n<\/li><!-- --><\/ul>\n<div  class=\"g1-divider g1-divider--none g1-divider--noicon \"><\/div>\n<ul class=\"g1-grid\"><li class=\"g1-column g1-one-fourth g1-valign-top\">\n<h4>Acceso a la informaci\u00f3n autorizada para atenci\u00f3n al cliente y asistencia t\u00e9cnica<\/h4>\n<\/li><!-- -->\n<li class=\"g1-column g1-three-fourth g1-valign-top\">\n<p>La informaci\u00f3n obtenida ser\u00e1 utilizada si es necesaria o instrumental para:<\/p>\n\n<ul id=\"\" class=\"g1-list g1-list--upper-alpha g1-list--none \">\n<li>entregar asistencia t\u00e9cnica a usuarios para los servicios provistos por Delivery Tech que afectan a los controladores o sus listas de contactos;<\/li>\n<li>llevar a cabo negociaciones comerciales por tel\u00e9fono o email;<\/li>\n<li>consejo comercial directo o indirecto.<\/li>\n<\/ul>\n\n<p><span style=\"font-weight: 400;\">Su informaci\u00f3n puede ser procesada por los empleados de Delivery Tech o terceros que se han apuntado como procesadores externos. El propietario de la informaci\u00f3n ser\u00e1 informado en tiempo sobre los m\u00e9todos de tratamiento.<\/span><\/p>\n<\/li><!-- --><\/ul>\n<div  class=\"g1-divider g1-divider--none g1-divider--noicon \"><\/div>\n<ul class=\"g1-grid\"><li class=\"g1-column g1-one-fourth g1-valign-top\">\n<h4>Minimizaci\u00f3n de procesamiento y archive de informaci\u00f3n<\/h4>\n<\/li><!-- -->\n<li class=\"g1-column g1-three-fourth g1-valign-top\">\n<p>Hemos preparado medidas t\u00e9cnicas y organizacionales para garantizar el principio de minimizaci\u00f3n de procesamiento de informaci\u00f3n. Cualquier procesamiento de informaci\u00f3n siempre ser\u00e1 adecuado, relevante y limitado a los prop\u00f3sitos de archivo declarados.<br \/>\nEl procesamiento de informaci\u00f3n para prop\u00f3sitos estad\u00edsticos, archivo de inter\u00e9s p\u00fablico, investigaci\u00f3n cient\u00edfica o hist\u00f3rica se encuentra sujeto a las garant\u00edas apropiadas a los derechos y libertades de la parte interesada de acuerdo con las provisiones de GDPR.<\/p>\n<\/li><!-- --><\/ul>\n","protected":false},"excerpt":{"rendered":"","protected":false},"author":2,"featured_media":0,"parent":7232,"menu_order":5,"comment_status":"closed","ping_status":"closed","template":"","meta":{"_acf_changed":false,"inline_featured_image":false,"footnotes":""},"g1_relation_tag":[],"class_list":["post-7251","page","type-page","status-publish","hentry"],"acf":[],"yoast_head":"<!-- This site is optimized with the Yoast SEO plugin v24.8.1 - https:\/\/yoast.com\/wordpress\/plugins\/seo\/ -->\n<title>Seguridad - Emailchef<\/title>\n<meta name=\"robots\" content=\"index, follow, max-snippet:-1, max-image-preview:large, max-video-preview:-1\" \/>\n<link rel=\"canonical\" href=\"https:\/\/emailchef.com\/es\/politica-de-privacidad-regulacion-ue-2016-79-gdpr\/seguridad\/\" \/>\n<meta name=\"twitter:label1\" content=\"Tiempo de lectura\" \/>\n\t<meta name=\"twitter:data1\" content=\"4 minutos\" \/>\n<!-- \/ Yoast SEO plugin. -->","yoast_head_json":{"title":"Seguridad - Emailchef","robots":{"index":"index","follow":"follow","max-snippet":"max-snippet:-1","max-image-preview":"max-image-preview:large","max-video-preview":"max-video-preview:-1"},"canonical":"https:\/\/emailchef.com\/es\/politica-de-privacidad-regulacion-ue-2016-79-gdpr\/seguridad\/","twitter_misc":{"Tiempo de lectura":"4 minutos"},"schema":{"@context":"https:\/\/schema.org","@graph":[{"@type":"WebPage","@id":"https:\/\/emailchef.com\/es\/politica-de-privacidad-regulacion-ue-2016-79-gdpr\/seguridad\/","url":"https:\/\/emailchef.com\/es\/politica-de-privacidad-regulacion-ue-2016-79-gdpr\/seguridad\/","name":"Seguridad - Emailchef","isPartOf":{"@id":"https:\/\/emailchef.com\/es\/#website"},"primaryImageOfPage":{"@id":"https:\/\/emailchef.com\/es\/politica-de-privacidad-regulacion-ue-2016-79-gdpr\/seguridad\/#primaryimage"},"image":{"@id":"https:\/\/emailchef.com\/es\/politica-de-privacidad-regulacion-ue-2016-79-gdpr\/seguridad\/#primaryimage"},"thumbnailUrl":"https:\/\/emailchef.com\/wp-content\/uploads\/2018\/05\/gdpr-protect.png","datePublished":"2018-05-18T15:39:10+00:00","dateModified":"2018-06-18T13:04:34+00:00","breadcrumb":{"@id":"https:\/\/emailchef.com\/es\/politica-de-privacidad-regulacion-ue-2016-79-gdpr\/seguridad\/#breadcrumb"},"inLanguage":"es","potentialAction":[{"@type":"ReadAction","target":["https:\/\/emailchef.com\/es\/politica-de-privacidad-regulacion-ue-2016-79-gdpr\/seguridad\/"]}]},{"@type":"ImageObject","inLanguage":"es","@id":"https:\/\/emailchef.com\/es\/politica-de-privacidad-regulacion-ue-2016-79-gdpr\/seguridad\/#primaryimage","url":"https:\/\/emailchef.com\/wp-content\/uploads\/2018\/05\/gdpr-protect.png","contentUrl":"https:\/\/emailchef.com\/wp-content\/uploads\/2018\/05\/gdpr-protect.png"},{"@type":"BreadcrumbList","@id":"https:\/\/emailchef.com\/es\/politica-de-privacidad-regulacion-ue-2016-79-gdpr\/seguridad\/#breadcrumb","itemListElement":[{"@type":"ListItem","position":1,"name":"Home","item":"https:\/\/emailchef.com\/es\/emailchef-email-marketing-services\/"},{"@type":"ListItem","position":2,"name":"GDPR: Introducci\u00f3n &#8211; Objetivos","item":"https:\/\/emailchef.com\/es\/politica-de-privacidad-regulacion-ue-2016-79-gdpr\/"},{"@type":"ListItem","position":3,"name":"Seguridad"}]},{"@type":"WebSite","@id":"https:\/\/emailchef.com\/es\/#website","url":"https:\/\/emailchef.com\/es\/","name":"Emailchef","description":"Tasty recipes for email marketing","publisher":{"@id":"https:\/\/emailchef.com\/es\/#organization"},"potentialAction":[{"@type":"SearchAction","target":{"@type":"EntryPoint","urlTemplate":"https:\/\/emailchef.com\/es\/?s={search_term_string}"},"query-input":{"@type":"PropertyValueSpecification","valueRequired":true,"valueName":"search_term_string"}}],"inLanguage":"es"},{"@type":"Organization","@id":"https:\/\/emailchef.com\/es\/#organization","name":"Delivery Tech Corp.","url":"https:\/\/emailchef.com\/es\/","logo":{"@type":"ImageObject","inLanguage":"es","@id":"https:\/\/emailchef.com\/es\/#\/schema\/logo\/image\/","url":"https:\/\/emailchef.com\/wp-content\/uploads\/2022\/04\/logo-sama.png","contentUrl":"https:\/\/emailchef.com\/wp-content\/uploads\/2022\/04\/logo-sama.png","width":237,"height":80,"caption":"Delivery Tech Corp."},"image":{"@id":"https:\/\/emailchef.com\/es\/#\/schema\/logo\/image\/"}}]}},"_links":{"self":[{"href":"https:\/\/emailchef.com\/es\/wp-json\/wp\/v2\/pages\/7251"}],"collection":[{"href":"https:\/\/emailchef.com\/es\/wp-json\/wp\/v2\/pages"}],"about":[{"href":"https:\/\/emailchef.com\/es\/wp-json\/wp\/v2\/types\/page"}],"author":[{"embeddable":true,"href":"https:\/\/emailchef.com\/es\/wp-json\/wp\/v2\/users\/2"}],"replies":[{"embeddable":true,"href":"https:\/\/emailchef.com\/es\/wp-json\/wp\/v2\/comments?post=7251"}],"version-history":[{"count":1,"href":"https:\/\/emailchef.com\/es\/wp-json\/wp\/v2\/pages\/7251\/revisions"}],"predecessor-version":[{"id":7253,"href":"https:\/\/emailchef.com\/es\/wp-json\/wp\/v2\/pages\/7251\/revisions\/7253"}],"up":[{"embeddable":true,"href":"https:\/\/emailchef.com\/es\/wp-json\/wp\/v2\/pages\/7232"}],"wp:attachment":[{"href":"https:\/\/emailchef.com\/es\/wp-json\/wp\/v2\/media?parent=7251"}],"wp:term":[{"taxonomy":"g1_relation_tag","embeddable":true,"href":"https:\/\/emailchef.com\/es\/wp-json\/wp\/v2\/g1_relation_tag?post=7251"}],"curies":[{"name":"wp","href":"https:\/\/api.w.org\/{rel}","templated":true}]}}