{"id":7248,"date":"2018-05-18T15:35:45","date_gmt":"2018-05-18T15:35:45","guid":{"rendered":"https:\/\/emailchef.com\/?page_id=7248"},"modified":"2018-06-18T12:59:37","modified_gmt":"2018-06-18T12:59:37","slug":"acceso-exportacion-modificacion-y-remocion-de-la-informacion","status":"publish","type":"page","link":"https:\/\/emailchef.com\/es\/politica-de-privacidad-regulacion-ue-2016-79-gdpr\/acceso-exportacion-modificacion-y-remocion-de-la-informacion\/","title":{"rendered":"Acceso, exportaci\u00f3n, modificaci\u00f3n y remoci\u00f3n de la informaci\u00f3n"},"content":{"rendered":"<p><img fetchpriority=\"high\" decoding=\"async\" class=\"noBorders aligncenter wp-image-7032 size-full\" src=\"https:\/\/emailchef.com\/wp-content\/uploads\/2018\/05\/gdpr-esporta.png\" alt=\"\" width=\"1280\" height=\"700\" srcset=\"https:\/\/emailchef.com\/wp-content\/uploads\/2018\/05\/gdpr-esporta.png 1280w, https:\/\/emailchef.com\/wp-content\/uploads\/2018\/05\/gdpr-esporta-300x164.png 300w, https:\/\/emailchef.com\/wp-content\/uploads\/2018\/05\/gdpr-esporta-768x420.png 768w, https:\/\/emailchef.com\/wp-content\/uploads\/2018\/05\/gdpr-esporta-1024x560.png 1024w, https:\/\/emailchef.com\/wp-content\/uploads\/2018\/05\/gdpr-esporta-968x529.png 968w, https:\/\/emailchef.com\/wp-content\/uploads\/2018\/05\/gdpr-esporta-636x348.png 636w, https:\/\/emailchef.com\/wp-content\/uploads\/2018\/05\/gdpr-esporta-320x175.png 320w, https:\/\/emailchef.com\/wp-content\/uploads\/2018\/05\/gdpr-esporta-239x131.png 239w\" sizes=\"(max-width: 1280px) 100vw, 1280px\" \/><\/p>\n<ul class=\"g1-grid\"><li class=\"g1-column g1-one-fourth g1-valign-top\">\n<h4>Derecho al acceso, rectificaci\u00f3n, y oposici\u00f3n<\/h4>\n<\/li><!-- -->\n<li class=\"g1-column g1-three-fourth g1-valign-top\">\n<p>Hemos establecido mecanismos y procedimientos que, en cualquier momento y por cualquier raz\u00f3n leg\u00edtima, le garantizamos la capacidad de:<\/p>\n\n<ul id=\"\" class=\"g1-list g1-list--upper-alpha g1-list--none \">\n<li>oponerse al procesamiento de la informaci\u00f3n;<\/li>\n<li>solicitar la cancelaci\u00f3n, modificaci\u00f3n, o actualizaci\u00f3n de toda su informaci\u00f3n personal en nuestra posesi\u00f3n.<\/li>\n<\/ul>\n\n<p>Delivery Tech tambi\u00e9n le permite cambiar su informaci\u00f3n cuando lo desee accediendo a su perfil mediante nuestros portales o contact\u00e1ndonos en la direcci\u00f3n de email indicada en la secci\u00f3n de privacidad del sitio web espec\u00edfico al servicio.<br \/>\nPuede cancelar la suscripci\u00f3n a nuestro newsletter u optar por no recibir comunicaciones comerciales v\u00eda email. Simplemente utilice el v\u00ednculo de cancelaci\u00f3n incluido en cada email.<br \/>\nUsted puede reenviar solicitudes de cancelaci\u00f3n, modificaci\u00f3n o actualizaci\u00f3n de informaci\u00f3n personal en forma electr\u00f3nica utilizando los formularios apropiados o inform\u00e1ndonos por email.<br \/>\nEstas solicitudes ser\u00e1n procesadas en un m\u00e1ximo de 30 d\u00edas, a menos que exista una demora justificada.<br \/>\nSi Delivery Tech es el procesador de informaci\u00f3n, de acuerdo con el principio de cooperaci\u00f3n, ayudaremos al controlador de informaci\u00f3n a implementar las solicitudes mencionadas anteriormente.<\/p>\n<\/li><!-- --><\/ul>\n<div  class=\"g1-divider g1-divider--none g1-divider--noicon \"><\/div>\n<ul class=\"g1-grid\"><li class=\"g1-column g1-one-fourth g1-valign-top\">\n<h4>Derecho a ser olvidado<\/h4>\n<\/li><!-- -->\n<li class=\"g1-column g1-three-fourth g1-valign-top\">\n<p>Hemos generado todos los procedimientos necesarios para garantizarle el derecho a ser olvidado, el cu\u00e1l le permite corregir su informaci\u00f3n personal.<br \/>\nEn respuesta a su solicitud leg\u00edtima eliminaremos su informaci\u00f3n que no se encuentre sujeta a cualquier tipo de procesamiento. Tampoco utilizaremos su informaci\u00f3n para ning\u00fan otro prop\u00f3sito m\u00e1s que los necesarios para los cuales la informaci\u00f3n ha sido procesada u obtenida previamente.<br \/>\nUsted posee el derecho a revocar su consentimiento u oponerse al procesamiento de informaci\u00f3n si cree que la \u00faltima no cumple con esta regulaci\u00f3n.<br \/>\nPara ejercer este derecho usted deber\u00e1 probar que es elegible para realizar la solicitud envi\u00e1ndonos documentos que prueben su identidad. Por favor recuerde explicar su decisi\u00f3n.<br \/>\nUna vez que hemos recibido su comunicaci\u00f3n, responderemos tan pronto como sea posible confirmar y demostrar la cancelaci\u00f3n de su informaci\u00f3n.<\/p>\n<\/li><!-- --><\/ul>\n<div  class=\"g1-divider g1-divider--none g1-divider--noicon \"><\/div>\n<ul class=\"g1-grid\"><li class=\"g1-column g1-one-fourth g1-valign-top\">\n<h4>Derecho a la portabilidad de informaci\u00f3n<\/h4>\n<\/li><!-- -->\n<li class=\"g1-column g1-three-fourth g1-valign-top\">\n<p>Para reforzar el control de cualquier informaci\u00f3n procesada autom\u00e1ticamente, usted poseer\u00e1 el derecho a descargar esta informaci\u00f3n desde nuestras aplicaciones.<br \/>\nLa informaci\u00f3n se encontrar\u00e1 disponible en formato estructurado, utilizado com\u00fanmente y legible por dispositivos electr\u00f3nicos (tales como computadoras, smartphones, tablets, etc.)<br \/>\nLos archivos con su informaci\u00f3n personal podr\u00edan ser transmitidos a otros controladores de informaci\u00f3n similares, asegurando su derecho a la portabilidad de informaci\u00f3n.<\/p>\n<\/li><!-- --><\/ul>\n<div  class=\"g1-divider g1-divider--none g1-divider--noicon \"><\/div>\n<ul class=\"g1-grid\"><li class=\"g1-column g1-one-fourth g1-valign-top\">\n<h4>Derecho a revocaci\u00f3n del consentimiento para el procesamiento de informaci\u00f3n<\/h4>\n<\/li><!-- -->\n<li class=\"g1-column g1-three-fourth g1-valign-top\">\n<p>Si no desea recibir nuestros emails promocionales, puede seguir las instrucciones para la remoci\u00f3n de nuestra lista de contactos incluida en cada email.<br \/>\nRecuerde: la remoci\u00f3n del consentimiento para el procesamiento de la informaci\u00f3n, limitada al uso de nuestro servicio ofrecido libre de cargo, suspende <em>ipso jure<\/em> la provisi\u00f3n<\/p>\n<\/li><!-- --><\/ul>\n<div  class=\"g1-divider g1-divider--none g1-divider--noicon \"><\/div>\n<ul class=\"g1-grid\"><li class=\"g1-column g1-one-fourth g1-valign-top\">\n<h4>Derecho a la revocaci\u00f3n del consentimiento para el procesamiento de informaci\u00f3n de miembros de las listas de nuestros clientes<\/h4>\n<\/li><!-- -->\n<li class=\"g1-column g1-three-fourth g1-valign-top\">\n<p>Si usted ha suscripto a la lista de contactos de uno de nuestros usuarios, le recordamos que usted es el \u00fanico responsable por el procesamiento de informaci\u00f3n. El usuario es el controlador de informaci\u00f3n, y este usuario debe eliminar o actualizar su informaci\u00f3n.<br \/>\nSi usted no desea recibir comunicaciones enviadas por uno de nuestros usuarios, lo invitamos a cancelar la suscripci\u00f3n mediante el v\u00ednculo disponible en el email recibido, o contactar con el usuario en cuesti\u00f3n en forma directa para realizar su solicitud.<br \/>\nUna solicitud realizada para revocar su consentimiento para el procesamiento de su informaci\u00f3n, ser\u00e1 reportada al usuario que posee su informaci\u00f3n en su lista de contactos. Este usuario deber\u00e1 remover o actualizar su informaci\u00f3n.<\/p>\n<\/li><!-- --><\/ul>\n","protected":false},"excerpt":{"rendered":"","protected":false},"author":2,"featured_media":0,"parent":7232,"menu_order":4,"comment_status":"closed","ping_status":"closed","template":"","meta":{"_acf_changed":false,"inline_featured_image":false,"footnotes":""},"g1_relation_tag":[],"class_list":["post-7248","page","type-page","status-publish","hentry"],"acf":[],"yoast_head":"<!-- This site is optimized with the Yoast SEO plugin v24.8.1 - https:\/\/yoast.com\/wordpress\/plugins\/seo\/ -->\n<title>Acceso, exportaci\u00f3n, modificaci\u00f3n y remoci\u00f3n de la informaci\u00f3n - Emailchef<\/title>\n<meta name=\"robots\" content=\"index, follow, max-snippet:-1, max-image-preview:large, max-video-preview:-1\" \/>\n<link rel=\"canonical\" href=\"https:\/\/emailchef.com\/es\/politica-de-privacidad-regulacion-ue-2016-79-gdpr\/acceso-exportacion-modificacion-y-remocion-de-la-informacion\/\" \/>\n<meta name=\"twitter:label1\" content=\"Tiempo de lectura\" \/>\n\t<meta name=\"twitter:data1\" content=\"4 minutos\" \/>\n<!-- \/ Yoast SEO plugin. -->","yoast_head_json":{"title":"Acceso, exportaci\u00f3n, modificaci\u00f3n y remoci\u00f3n de la informaci\u00f3n - Emailchef","robots":{"index":"index","follow":"follow","max-snippet":"max-snippet:-1","max-image-preview":"max-image-preview:large","max-video-preview":"max-video-preview:-1"},"canonical":"https:\/\/emailchef.com\/es\/politica-de-privacidad-regulacion-ue-2016-79-gdpr\/acceso-exportacion-modificacion-y-remocion-de-la-informacion\/","twitter_misc":{"Tiempo de lectura":"4 minutos"},"schema":{"@context":"https:\/\/schema.org","@graph":[{"@type":"WebPage","@id":"https:\/\/emailchef.com\/es\/politica-de-privacidad-regulacion-ue-2016-79-gdpr\/acceso-exportacion-modificacion-y-remocion-de-la-informacion\/","url":"https:\/\/emailchef.com\/es\/politica-de-privacidad-regulacion-ue-2016-79-gdpr\/acceso-exportacion-modificacion-y-remocion-de-la-informacion\/","name":"Acceso, exportaci\u00f3n, modificaci\u00f3n y remoci\u00f3n de la informaci\u00f3n - Emailchef","isPartOf":{"@id":"https:\/\/emailchef.com\/es\/#website"},"primaryImageOfPage":{"@id":"https:\/\/emailchef.com\/es\/politica-de-privacidad-regulacion-ue-2016-79-gdpr\/acceso-exportacion-modificacion-y-remocion-de-la-informacion\/#primaryimage"},"image":{"@id":"https:\/\/emailchef.com\/es\/politica-de-privacidad-regulacion-ue-2016-79-gdpr\/acceso-exportacion-modificacion-y-remocion-de-la-informacion\/#primaryimage"},"thumbnailUrl":"https:\/\/emailchef.com\/wp-content\/uploads\/2018\/05\/gdpr-esporta.png","datePublished":"2018-05-18T15:35:45+00:00","dateModified":"2018-06-18T12:59:37+00:00","breadcrumb":{"@id":"https:\/\/emailchef.com\/es\/politica-de-privacidad-regulacion-ue-2016-79-gdpr\/acceso-exportacion-modificacion-y-remocion-de-la-informacion\/#breadcrumb"},"inLanguage":"es","potentialAction":[{"@type":"ReadAction","target":["https:\/\/emailchef.com\/es\/politica-de-privacidad-regulacion-ue-2016-79-gdpr\/acceso-exportacion-modificacion-y-remocion-de-la-informacion\/"]}]},{"@type":"ImageObject","inLanguage":"es","@id":"https:\/\/emailchef.com\/es\/politica-de-privacidad-regulacion-ue-2016-79-gdpr\/acceso-exportacion-modificacion-y-remocion-de-la-informacion\/#primaryimage","url":"https:\/\/emailchef.com\/wp-content\/uploads\/2018\/05\/gdpr-esporta.png","contentUrl":"https:\/\/emailchef.com\/wp-content\/uploads\/2018\/05\/gdpr-esporta.png"},{"@type":"BreadcrumbList","@id":"https:\/\/emailchef.com\/es\/politica-de-privacidad-regulacion-ue-2016-79-gdpr\/acceso-exportacion-modificacion-y-remocion-de-la-informacion\/#breadcrumb","itemListElement":[{"@type":"ListItem","position":1,"name":"Home","item":"https:\/\/emailchef.com\/es\/emailchef-email-marketing-services\/"},{"@type":"ListItem","position":2,"name":"GDPR: Introducci\u00f3n &#8211; Objetivos","item":"https:\/\/emailchef.com\/es\/politica-de-privacidad-regulacion-ue-2016-79-gdpr\/"},{"@type":"ListItem","position":3,"name":"Acceso, exportaci\u00f3n, modificaci\u00f3n y remoci\u00f3n de la informaci\u00f3n"}]},{"@type":"WebSite","@id":"https:\/\/emailchef.com\/es\/#website","url":"https:\/\/emailchef.com\/es\/","name":"Emailchef","description":"Tasty recipes for email marketing","publisher":{"@id":"https:\/\/emailchef.com\/es\/#organization"},"potentialAction":[{"@type":"SearchAction","target":{"@type":"EntryPoint","urlTemplate":"https:\/\/emailchef.com\/es\/?s={search_term_string}"},"query-input":{"@type":"PropertyValueSpecification","valueRequired":true,"valueName":"search_term_string"}}],"inLanguage":"es"},{"@type":"Organization","@id":"https:\/\/emailchef.com\/es\/#organization","name":"Delivery Tech Corp.","url":"https:\/\/emailchef.com\/es\/","logo":{"@type":"ImageObject","inLanguage":"es","@id":"https:\/\/emailchef.com\/es\/#\/schema\/logo\/image\/","url":"https:\/\/emailchef.com\/wp-content\/uploads\/2022\/04\/logo-sama.png","contentUrl":"https:\/\/emailchef.com\/wp-content\/uploads\/2022\/04\/logo-sama.png","width":237,"height":80,"caption":"Delivery Tech Corp."},"image":{"@id":"https:\/\/emailchef.com\/es\/#\/schema\/logo\/image\/"}}]}},"_links":{"self":[{"href":"https:\/\/emailchef.com\/es\/wp-json\/wp\/v2\/pages\/7248"}],"collection":[{"href":"https:\/\/emailchef.com\/es\/wp-json\/wp\/v2\/pages"}],"about":[{"href":"https:\/\/emailchef.com\/es\/wp-json\/wp\/v2\/types\/page"}],"author":[{"embeddable":true,"href":"https:\/\/emailchef.com\/es\/wp-json\/wp\/v2\/users\/2"}],"replies":[{"embeddable":true,"href":"https:\/\/emailchef.com\/es\/wp-json\/wp\/v2\/comments?post=7248"}],"version-history":[{"count":1,"href":"https:\/\/emailchef.com\/es\/wp-json\/wp\/v2\/pages\/7248\/revisions"}],"predecessor-version":[{"id":7250,"href":"https:\/\/emailchef.com\/es\/wp-json\/wp\/v2\/pages\/7248\/revisions\/7250"}],"up":[{"embeddable":true,"href":"https:\/\/emailchef.com\/es\/wp-json\/wp\/v2\/pages\/7232"}],"wp:attachment":[{"href":"https:\/\/emailchef.com\/es\/wp-json\/wp\/v2\/media?parent=7248"}],"wp:term":[{"taxonomy":"g1_relation_tag","embeddable":true,"href":"https:\/\/emailchef.com\/es\/wp-json\/wp\/v2\/g1_relation_tag?post=7248"}],"curies":[{"name":"wp","href":"https:\/\/api.w.org\/{rel}","templated":true}]}}