{"id":7244,"date":"2018-05-18T15:05:25","date_gmt":"2018-05-18T15:05:25","guid":{"rendered":"https:\/\/emailchef.com\/?page_id=7244"},"modified":"2018-06-18T12:54:54","modified_gmt":"2018-06-18T12:54:54","slug":"como-delivery-tech-usa-su-informacion","status":"publish","type":"page","link":"https:\/\/emailchef.com\/es\/politica-de-privacidad-regulacion-ue-2016-79-gdpr\/como-delivery-tech-usa-su-informacion\/","title":{"rendered":"Como Delivery Tech usa su informaci\u00f3n"},"content":{"rendered":"<p><img fetchpriority=\"high\" decoding=\"async\" class=\"noBorders aligncenter wp-image-6951 size-full\" src=\"https:\/\/emailchef.com\/wp-content\/uploads\/2018\/05\/GDPR-intro.png\" alt=\"\" width=\"1280\" height=\"700\" srcset=\"https:\/\/emailchef.com\/wp-content\/uploads\/2018\/05\/GDPR-intro.png 1280w, https:\/\/emailchef.com\/wp-content\/uploads\/2018\/05\/GDPR-intro-300x164.png 300w, https:\/\/emailchef.com\/wp-content\/uploads\/2018\/05\/GDPR-intro-768x420.png 768w, https:\/\/emailchef.com\/wp-content\/uploads\/2018\/05\/GDPR-intro-1024x560.png 1024w, https:\/\/emailchef.com\/wp-content\/uploads\/2018\/05\/GDPR-intro-968x529.png 968w, https:\/\/emailchef.com\/wp-content\/uploads\/2018\/05\/GDPR-intro-636x348.png 636w, https:\/\/emailchef.com\/wp-content\/uploads\/2018\/05\/GDPR-intro-320x175.png 320w, https:\/\/emailchef.com\/wp-content\/uploads\/2018\/05\/GDPR-intro-239x131.png 239w\" sizes=\"(max-width: 1280px) 100vw, 1280px\" \/><\/p>\n<ul class=\"g1-grid\"><li class=\"g1-column g1-one-fourth g1-valign-top\">\n<h4>Prop\u00f3sito y objetivo del procesamiento de informaci\u00f3n \u2013 Bases legales como controlador de informaci\u00f3n<\/h4>\n<\/li><!-- -->\n<li class=\"g1-column g1-three-fourth g1-valign-top\">\n<p>Procesamos su informaci\u00f3n para conseguir nuestros objetivos y aquellos de terceros, aplicando medidas de seguridad apropiadas para proteger su privacidad.<\/p>\n<p>El prop\u00f3sito principal de la obtenci\u00f3n de informaci\u00f3n personal consiste en ofrecer una experiencia segura, \u00f3ptima, eficiente y personalizada. Para lograr este objetivo hemos informado el prop\u00f3sito de nuestros intereses leg\u00edtimos, como prev\u00e9 el art\u00edculo 6 de GDPR sobre la legalidad del procesamiento de la informaci\u00f3n: \u201ctambi\u00e9n constituye inter\u00e9s leg\u00edtimo del controlador de informaci\u00f3n relativo al procesamiento de informaci\u00f3n personal estrictamente necesaria para prop\u00f3sitos de prevenci\u00f3n de fraude. Puede ser considerado de inter\u00e9s leg\u00edtimo el proceso de informaci\u00f3n personal para prop\u00f3sitos de marketing directo.\u201d<\/p>\n<p>Aseguramos que su informaci\u00f3n ser\u00e1 utilizada s\u00f3lo para los siguientes prop\u00f3sitos:<\/p>\n\n<ul id=\"\" class=\"g1-list g1-list--upper-alpha g1-list--none \">\n<li><strong>Para promover el uso de nuestros servicios<\/strong>. Cuando usted solicita informaci\u00f3n o se registra para servicios gratuitos, otorgando su informaci\u00f3n, podremos contactarlo telef\u00f3nicamente o enviarle un email:\n<ul id=\"\" class=\"g1-list g1-list--upper-alpha g1-list--none \" style=\"list-style-type: lower-alpha;\">\n<li><span style=\"font-weight: 400;\">para solicitar su opini\u00f3n;<\/span><\/li>\n<li><span style=\"font-weight: 400;\">para proponer su registro a uno de nuestros servicios, aplicaciones o software.<br \/>\n<\/span><\/li>\n<\/ul>\n<p>Si ya utiliza uno de nuestros servicios (gratuitos o pagos) y creemos que podr\u00eda beneficiarse del uso de otro servicio de entrega, aplicaci\u00f3n o software, podr\u00edamos enviarle un email sobre la oportunidad o contactarlo para enviarle informaci\u00f3n y contenido promocional en cumplimiento con sus preferencias de marketing.<\/li>\n<li><strong>Para facturar o enviar notificaciones de pago<\/strong>. Podemos utilizar su informaci\u00f3n para enviarle emails con facturas, recibos, o notas de insolvencia. Utilizamos servicios de terceros para procesar transacciones seguras de tarjetas de cr\u00e9dito y enviar informaci\u00f3n de facturaci\u00f3n a estos servicios para procesar sus \u00f3rdenes y pagos.<\/li>\n<li><strong>Para enviar mensajes de advertencias del sistema<\/strong>. Puede recibir comunicaciones respectivas a servicios, aplicaciones o software de Delivery Tech que usted utiliza. El prop\u00f3sito es advertir en caso de:\n<ul id=\"\" class=\"g1-list g1-list--upper-alpha g1-list--none \" style=\"list-style-type: lower-alpha;\">\n<li>cambios temporales o permanentes en nuestros servicios, aplicaciones o software;<\/li>\n<li>cambios en las condiciones de uso;<\/li>\n<li>tareas programadas;<\/li>\n<li>nuevas caracter\u00edsticas;<\/li>\n<li>actualizaciones de versiones;<\/li>\n<li>notificaciones de abuso o violaci\u00f3n de informaci\u00f3n;<\/li>\n<li>actualizaciones o cambios a nuestra Pol\u00edtica de Privacidad.<\/li>\n<\/ul>\n<\/li>\n<li><strong>Para proveer asistencia<\/strong>. Podr\u00edamos comunicarnos con usted, o miembros de su lista de contactos, para ofrecer asistencia y soporte relativos a nuestros servicios, aplicaciones y software utilizado.<\/li>\n<li><strong>Por razones legales<\/strong>. Puede recibir comunicaciones de naturaleza legal, tales como cumplimiento de \u00f3rdenes judiciales.<\/li>\n<li><strong>Para proveer informaci\u00f3n a representantes y consultores<\/strong>, incluyendo abogados y contadores. Podemos necesitar utilizar su informaci\u00f3n para cumplir con requerimientos legales, de contabilidad o seguridad requeridos por ley.<\/li>\n<li><strong>Para responder a requerimientos legales de autoridades p\u00fablicas<\/strong>. Si una autoridad p\u00fablica realizara una solicitud leg\u00edtima, motivada por el cumplimiento de requerimientos de seguridad nacional o cumplimiento de la ley, su informaci\u00f3n podr\u00eda ser utilizada.<\/li>\n<li><strong>Para transferir su informaci\u00f3n en caso de venta, fusi\u00f3n, consolidaci\u00f3n, liquidaci\u00f3n, reorganizaci\u00f3n, o adquisici\u00f3n<\/strong>. En este caso, cualquier comprador se encontrar\u00e1 sujeto a nuestras obligaciones bajo esta Pol\u00edtica de Privacidad, incluyendo derechos de acceso y selecci\u00f3n. Le notificaremos sobre el cambio enviando un email o publicando una nota en nuestro sitio web.<\/li>\n<\/ul>\n\n<\/li><!-- --><\/ul>\n<div  class=\"g1-divider g1-divider--none g1-divider--noicon \"><\/div>\n<ul class=\"g1-grid\"><li class=\"g1-column g1-one-fourth g1-valign-top\">\n<h4>Cuando Delivery Tech comparte su informaci\u00f3n \u2013 Destinatarios de la informaci\u00f3n<\/h4>\n<\/li><!-- -->\n<li class=\"g1-column g1-three-fourth g1-valign-top\">\n<p>La informaci\u00f3n personal que obtenemos es provista a los departamentos comercial, contable y de asistencia t\u00e9cnica de Delivery Tech. La informaci\u00f3n tambi\u00e9n podr\u00eda ser enviada a empresas contratadas por Delivery Tech para la ejecuci\u00f3n de servicios, tales como eDisplay Srl, una empresa que representa a Delivery Tech en UE. La informaci\u00f3n personal no puede ser transferida a terceros para prop\u00f3sitos de marketing sin su consentimiento expl\u00edcito. La revelaci\u00f3n a terceros de informaci\u00f3n personal, que nos ha provisto, s\u00f3lo puede darse en los siguientes casos:<\/p>\n\n<ul id=\"\" class=\"g1-list g1-list--upper-alpha g1-list--none \">\n<li>con su permiso;<\/li>\n<li>bajo solicitud de autoridades de competencia legal por solicitudes judiciales o en el contexto de una disputa judicial.<\/li>\n<\/ul>\n\n<\/li><!-- --><\/ul>\n<div  class=\"g1-divider g1-divider--none g1-divider--noicon \"><\/div>\n<ul class=\"g1-grid\"><li class=\"g1-column g1-one-fourth g1-valign-top\">\n<h4>Prop\u00f3sito y objetivo del procesamiento de informaci\u00f3n como usuario responsable B2B<\/h4>\n<\/li><!-- -->\n<li class=\"g1-column g1-three-fourth g1-valign-top\">\n<p>Cuando utiliza nuestros servicios, puede importar en nuestro sistema informaci\u00f3n personal que ha obtenido de sus suscriptores u otras personas. No poseemos relaci\u00f3n directa con sus suscriptores por ello es su deber asegurar que posee la autorizaci\u00f3n apropiada para la obtenci\u00f3n y procesamiento de la informaci\u00f3n relativa a estos sujetos.<br \/>\nEn cumplimiento con GDPR, podremos transferir su informaci\u00f3n personal o informaci\u00f3n de suscriptores a empresas que nos soportan y ayudan a ofrecer nuestros servicios.<br \/>\nPara fines estad\u00edsticos o de investigaci\u00f3n podemos categorizar la informaci\u00f3n obtenida mediante nuestros servicios. Especialmente:<\/p>\n\n<ul id=\"\" class=\"g1-list g1-list--upper-alpha g1-list--none \">\n<li>informaci\u00f3n que provee directamente;<\/li>\n<li>informaci\u00f3n solicitada;<\/li>\n<li>informaci\u00f3n obtenida por los miembros de sus listas en forma indistinta.<\/li>\n<\/ul>\n\n<\/li><!-- --><\/ul>\n<div  class=\"g1-divider g1-divider--none g1-divider--noicon \"><\/div>\n<ul class=\"g1-grid\"><li class=\"g1-column g1-one-fourth g1-valign-top\">\n<h4>Informaci\u00f3n procesada para proveer soporte, mejorar los servicios ofrecidos y realizar sugerencias.<\/h4>\n<\/li><!-- -->\n<li class=\"g1-column g1-three-fourth g1-valign-top\">\n<p>Obtenemos informaci\u00f3n para prop\u00f3sitos leg\u00edtimos y espec\u00edficos:<\/p>\n\n<ul id=\"\" class=\"g1-list g1-list--upper-alpha g1-list--none \">\n<li>para ofrecer mejores servicios y proveer estad\u00edsticas m\u00e1s precisas para ayudarle a incrementar el rendimiento de sus campa\u00f1as y el porcentaje de entrega de emails;<\/li>\n<li>para agregar nuevas funcionalidades, para garantizar la mejor oferta a nuestros usuarios;<\/li>\n<li>para sugerir productos o servicios que pueden interesarle o que pueden ser relevantes para sus suscriptores en sus listas. (Algunas de estas sugerencias son generadas por nuestros algoritmos de \u201cciencia de informaci\u00f3n\u201d.)<\/li>\n<\/ul>\n\n<p>La perfilaci\u00f3n nos permite combinar informaci\u00f3n personal con otra informaci\u00f3n que obtenemos (tal como informaci\u00f3n de nuestros socios que gestionan pagos con tarjetas de cr\u00e9dito), para servirle en forma personalizada de acuerdo a sus preferencias o restricciones, o con prop\u00f3sitos de publicidad orientada de acuerdo con esta Pol\u00edtica de Privacidad.<br \/>\nCuando combinamos informaci\u00f3n personal con otra informaci\u00f3n en esta forma, tratamos esta informaci\u00f3n en forma tal de que todas las medidas de seguridad se apliquen al procesamiento de la informaci\u00f3n personal como des describe en esta Publicaci\u00f3n.<\/p>\n<\/li><!-- --><\/ul>\n<div  class=\"g1-divider g1-divider--none g1-divider--noicon \"><\/div>\n<ul class=\"g1-grid\"><li class=\"g1-column g1-one-fourth g1-valign-top\">\n<h4>Perfilaci\u00f3n<\/h4>\n<\/li><!-- -->\n<li class=\"g1-column g1-three-fourth g1-valign-top\">\n<p>Tambi\u00e9n utilizamos su informaci\u00f3n con prop\u00f3sitos de marketing directo. Usted puede en cualquier momento rechazar este tipo de actividad. Usted siempre ser\u00e1 informado sobre la forma, el lugar y el momento en que adoptemos esta medida.<br \/>\nNuestros servicios no contienen acci\u00f3n autom\u00e1tica que pueda afectarlo en forma legal o significativa.<\/p>\n<\/li><!-- --><\/ul>\n","protected":false},"excerpt":{"rendered":"","protected":false},"author":2,"featured_media":0,"parent":7232,"menu_order":3,"comment_status":"closed","ping_status":"closed","template":"","meta":{"_acf_changed":false,"inline_featured_image":false,"footnotes":""},"g1_relation_tag":[],"class_list":["post-7244","page","type-page","status-publish","hentry"],"acf":[],"yoast_head":"<!-- This site is optimized with the Yoast SEO plugin v24.8.1 - https:\/\/yoast.com\/wordpress\/plugins\/seo\/ -->\n<title>Como Delivery Tech usa su informaci\u00f3n - Emailchef<\/title>\n<meta name=\"robots\" content=\"index, follow, max-snippet:-1, max-image-preview:large, max-video-preview:-1\" \/>\n<link rel=\"canonical\" href=\"https:\/\/emailchef.com\/es\/politica-de-privacidad-regulacion-ue-2016-79-gdpr\/como-delivery-tech-usa-su-informacion\/\" \/>\n<meta name=\"twitter:label1\" content=\"Tiempo de lectura\" \/>\n\t<meta name=\"twitter:data1\" content=\"6 minutos\" \/>\n<!-- \/ Yoast SEO plugin. -->","yoast_head_json":{"title":"Como Delivery Tech usa su informaci\u00f3n - Emailchef","robots":{"index":"index","follow":"follow","max-snippet":"max-snippet:-1","max-image-preview":"max-image-preview:large","max-video-preview":"max-video-preview:-1"},"canonical":"https:\/\/emailchef.com\/es\/politica-de-privacidad-regulacion-ue-2016-79-gdpr\/como-delivery-tech-usa-su-informacion\/","twitter_misc":{"Tiempo de lectura":"6 minutos"},"schema":{"@context":"https:\/\/schema.org","@graph":[{"@type":"WebPage","@id":"https:\/\/emailchef.com\/es\/politica-de-privacidad-regulacion-ue-2016-79-gdpr\/como-delivery-tech-usa-su-informacion\/","url":"https:\/\/emailchef.com\/es\/politica-de-privacidad-regulacion-ue-2016-79-gdpr\/como-delivery-tech-usa-su-informacion\/","name":"Como Delivery Tech usa su informaci\u00f3n - Emailchef","isPartOf":{"@id":"https:\/\/emailchef.com\/es\/#website"},"primaryImageOfPage":{"@id":"https:\/\/emailchef.com\/es\/politica-de-privacidad-regulacion-ue-2016-79-gdpr\/como-delivery-tech-usa-su-informacion\/#primaryimage"},"image":{"@id":"https:\/\/emailchef.com\/es\/politica-de-privacidad-regulacion-ue-2016-79-gdpr\/como-delivery-tech-usa-su-informacion\/#primaryimage"},"thumbnailUrl":"https:\/\/emailchef.com\/wp-content\/uploads\/2018\/05\/GDPR-intro.png","datePublished":"2018-05-18T15:05:25+00:00","dateModified":"2018-06-18T12:54:54+00:00","breadcrumb":{"@id":"https:\/\/emailchef.com\/es\/politica-de-privacidad-regulacion-ue-2016-79-gdpr\/como-delivery-tech-usa-su-informacion\/#breadcrumb"},"inLanguage":"es","potentialAction":[{"@type":"ReadAction","target":["https:\/\/emailchef.com\/es\/politica-de-privacidad-regulacion-ue-2016-79-gdpr\/como-delivery-tech-usa-su-informacion\/"]}]},{"@type":"ImageObject","inLanguage":"es","@id":"https:\/\/emailchef.com\/es\/politica-de-privacidad-regulacion-ue-2016-79-gdpr\/como-delivery-tech-usa-su-informacion\/#primaryimage","url":"https:\/\/emailchef.com\/wp-content\/uploads\/2018\/05\/GDPR-intro.png","contentUrl":"https:\/\/emailchef.com\/wp-content\/uploads\/2018\/05\/GDPR-intro.png"},{"@type":"BreadcrumbList","@id":"https:\/\/emailchef.com\/es\/politica-de-privacidad-regulacion-ue-2016-79-gdpr\/como-delivery-tech-usa-su-informacion\/#breadcrumb","itemListElement":[{"@type":"ListItem","position":1,"name":"Home","item":"https:\/\/emailchef.com\/es\/emailchef-email-marketing-services\/"},{"@type":"ListItem","position":2,"name":"GDPR: Introducci\u00f3n &#8211; Objetivos","item":"https:\/\/emailchef.com\/es\/politica-de-privacidad-regulacion-ue-2016-79-gdpr\/"},{"@type":"ListItem","position":3,"name":"Como Delivery Tech usa su informaci\u00f3n"}]},{"@type":"WebSite","@id":"https:\/\/emailchef.com\/es\/#website","url":"https:\/\/emailchef.com\/es\/","name":"Emailchef","description":"Tasty recipes for email marketing","publisher":{"@id":"https:\/\/emailchef.com\/es\/#organization"},"potentialAction":[{"@type":"SearchAction","target":{"@type":"EntryPoint","urlTemplate":"https:\/\/emailchef.com\/es\/?s={search_term_string}"},"query-input":{"@type":"PropertyValueSpecification","valueRequired":true,"valueName":"search_term_string"}}],"inLanguage":"es"},{"@type":"Organization","@id":"https:\/\/emailchef.com\/es\/#organization","name":"Delivery Tech Corp.","url":"https:\/\/emailchef.com\/es\/","logo":{"@type":"ImageObject","inLanguage":"es","@id":"https:\/\/emailchef.com\/es\/#\/schema\/logo\/image\/","url":"https:\/\/emailchef.com\/wp-content\/uploads\/2022\/04\/logo-sama.png","contentUrl":"https:\/\/emailchef.com\/wp-content\/uploads\/2022\/04\/logo-sama.png","width":237,"height":80,"caption":"Delivery Tech Corp."},"image":{"@id":"https:\/\/emailchef.com\/es\/#\/schema\/logo\/image\/"}}]}},"_links":{"self":[{"href":"https:\/\/emailchef.com\/es\/wp-json\/wp\/v2\/pages\/7244"}],"collection":[{"href":"https:\/\/emailchef.com\/es\/wp-json\/wp\/v2\/pages"}],"about":[{"href":"https:\/\/emailchef.com\/es\/wp-json\/wp\/v2\/types\/page"}],"author":[{"embeddable":true,"href":"https:\/\/emailchef.com\/es\/wp-json\/wp\/v2\/users\/2"}],"replies":[{"embeddable":true,"href":"https:\/\/emailchef.com\/es\/wp-json\/wp\/v2\/comments?post=7244"}],"version-history":[{"count":1,"href":"https:\/\/emailchef.com\/es\/wp-json\/wp\/v2\/pages\/7244\/revisions"}],"predecessor-version":[{"id":7246,"href":"https:\/\/emailchef.com\/es\/wp-json\/wp\/v2\/pages\/7244\/revisions\/7246"}],"up":[{"embeddable":true,"href":"https:\/\/emailchef.com\/es\/wp-json\/wp\/v2\/pages\/7232"}],"wp:attachment":[{"href":"https:\/\/emailchef.com\/es\/wp-json\/wp\/v2\/media?parent=7244"}],"wp:term":[{"taxonomy":"g1_relation_tag","embeddable":true,"href":"https:\/\/emailchef.com\/es\/wp-json\/wp\/v2\/g1_relation_tag?post=7244"}],"curies":[{"name":"wp","href":"https:\/\/api.w.org\/{rel}","templated":true}]}}