{"id":7238,"date":"2018-05-18T08:54:41","date_gmt":"2018-05-18T08:54:41","guid":{"rendered":"https:\/\/emailchef.com\/?page_id=7238"},"modified":"2021-03-26T14:18:39","modified_gmt":"2021-03-26T14:18:39","slug":"informacion-basica","status":"publish","type":"page","link":"https:\/\/emailchef.com\/es\/politica-de-privacidad-regulacion-ue-2016-79-gdpr\/informacion-basica\/","title":{"rendered":"Informaci\u00f3n b\u00e1sica"},"content":{"rendered":"<p><img fetchpriority=\"high\" decoding=\"async\" class=\"noBorders aligncenter wp-image-7029 size-full\" src=\"https:\/\/emailchef.com\/wp-content\/uploads\/2018\/05\/gdpr-base.png\" alt=\"\" width=\"1280\" height=\"700\" srcset=\"https:\/\/emailchef.com\/wp-content\/uploads\/2018\/05\/gdpr-base.png 1280w, https:\/\/emailchef.com\/wp-content\/uploads\/2018\/05\/gdpr-base-300x164.png 300w, https:\/\/emailchef.com\/wp-content\/uploads\/2018\/05\/gdpr-base-768x420.png 768w, https:\/\/emailchef.com\/wp-content\/uploads\/2018\/05\/gdpr-base-1024x560.png 1024w, https:\/\/emailchef.com\/wp-content\/uploads\/2018\/05\/gdpr-base-968x529.png 968w, https:\/\/emailchef.com\/wp-content\/uploads\/2018\/05\/gdpr-base-636x348.png 636w, https:\/\/emailchef.com\/wp-content\/uploads\/2018\/05\/gdpr-base-320x175.png 320w, https:\/\/emailchef.com\/wp-content\/uploads\/2018\/05\/gdpr-base-239x131.png 239w\" sizes=\"(max-width: 1280px) 100vw, 1280px\" \/><\/p>\n<ul class=\"g1-grid\"><li class=\"g1-column g1-one-fourth g1-valign-top\">\n<h4>Qui\u00e9nes somos<\/h4>\n<\/li><!-- -->\n<li class=\"g1-column g1-three-fourth g1-valign-top\">\n<p>Delivery Tech es una empresa con base en los Estados Unidos de Am\u00e9rica (EUA) y que opera desde California. Nuestra empresa ofrecer servicios globales, hemos apuntado a eDisplay Srl como nuestro representante Europeo. eDisplay Srl es responsable en la cooperaci\u00f3n con la autoridad de privacidad y con la gesti\u00f3n de la clientela Europea. Encontrar\u00e1 muchas referencias hacia eDisplay Srl en nuestros sitios.<\/p>\n\n<ul id=\"\" class=\"g1-list g1-list--icon g1-list--simple \">\n<li><i class=\"fa fa-arrow-circle-right g1-list__icon\"><\/i><strong>Delivery Tech Corp., 4411 Morena Blvd #105, San Diego, CA 92117<\/strong><\/li>\n<li><i class=\"fa fa-arrow-circle-right g1-list__icon\"><\/i><strong>eDisplay Srl, Viale del lavoro 53, 08023, Fonni (NU) &#8211; Italy<\/strong><\/li>\n<\/ul>\n\n<\/li><!-- --><\/ul>\n<div  class=\"g1-divider g1-divider--none g1-divider--noicon \"><\/div>\n<ul class=\"g1-grid\"><li class=\"g1-column g1-one-fourth g1-valign-top\">\n<h4>Alcance de cumplimiento con la privacidad y regulaciones de seguridad de EU \u2013 requerimientos Europeos<\/h4>\n<\/li><!-- -->\n<li class=\"g1-column g1-three-fourth g1-valign-top\">\n<p>Debido a que Delivery Tech se encuentra ubicada en California, nuestra empresa se encuentra sujeta a las leyes de EU en lo referente a regulaciones de seguridad y privacidad.<br \/>\n<strong>Esta Noticia aplica s\u00f3lo si Delivery Tech procesa informaci\u00f3n de clientes con listas de contactos que contengan informaci\u00f3n personal de entidades de EU. Para cualquier otro cliente, aplican las leyes de privacidad del pa\u00eds en el cu\u00e1l la informaci\u00f3n obtenida es aplicada.<\/strong><br \/>\nSiempre nos encontramos muy presentes a la seguridad y privacidad de nuestros clientes de todo el mundo, por ello hemos tomado las acciones necesarias para asegurar el servicio m\u00e1s transparente y seguro posible. Esto incluye extender nuestra pol\u00edtica de privacidad 2016\/79 EU con vigencia del 25 de Mayo.<br \/>\nAl utilizar nuestros sitios web y nuestros servicios, usted entiende y otorga consentimiento a la obtenci\u00f3n, almacenamiento, procesamiento y transferencia de su informaci\u00f3n a nuestras instalaciones en los Estados Unidos como as\u00ed tambi\u00e9n a terceros. Aquellos terceros que pueden utilizar la informaci\u00f3n de acuerdo a los t\u00e9rminos y m\u00e9todos descriptos en esta declaraci\u00f3n.<br \/>\nPara proteger la informaci\u00f3n de ciudadanos Europeos ingresados en nuestros sistemas por nuestros usuarios, aplicamos un modelo de Acuerdo de Privacidad de Informaci\u00f3n (DPA). Indicamos m\u00e9todos de tratamiento, cooperaci\u00f3n y condiciones de servicio que hemos adoptado.<br \/>\nLos usuarios registrados de la UE (sean suscriptores o usuarios de nuestras versiones gratuitas) que utilizan Delivery Tech para prop\u00f3sitos comerciales deben unirse a nuestra DPR para continuar utilizando nuestras aplicaciones.<\/p>\n<\/li><!-- --><\/ul>\n<div  class=\"g1-divider g1-divider--none g1-divider--noicon \"><\/div>\n<ul class=\"g1-grid\"><li class=\"g1-column g1-one-fourth g1-valign-top\">\n<h4>Controlador de Informaci\u00f3n<\/h4>\n<\/li><!-- -->\n<li class=\"g1-column g1-three-fourth g1-valign-top\">\n<p>En Delivery Tech Corp. tambi\u00e9n actuamos como controladores de informaci\u00f3n pero s\u00f3lo cuando obtenemos su informaci\u00f3n personal para nuestro propio uso durante la entrega de los servicios que ha adquirido. En ese instante, establecemos una relaci\u00f3n directa entre usted y nosotros.<br \/>\nComo controladores de informaci\u00f3n garantizamos cumplimiento con las reglas respectivas a la protecci\u00f3n de informaci\u00f3n personal. Proveemos toda la informaci\u00f3n necesaria sobre el procesamiento de informaci\u00f3n, tanta informaci\u00f3n comunicada en forma directa y voluntaria y cualquier informaci\u00f3n obtenida por nuestro sistema mientras navega el sitio web y utiliza nuestros servicios.<br \/>\nEspec\u00edficamente, el procesador de informaci\u00f3n para Delivery Tech Corp. Es nuestro administrador, asignado por el Oficial de Protecci\u00f3n de Informaci\u00f3n (DPO), quien garantiza el cumplimiento de las reglas impuestas por GDPR.<br \/>\nEl procesador de informaci\u00f3n siempre puede ser contactado a trav\u00e9s de esta direcci\u00f3n de correo electr\u00f3nico: <a href=\"mailto:privacy@edisplay.it\" target=\"_blank\" rel=\"noopener\">privacy@edisplay.it<\/a>.<\/p>\n<\/li><!-- --><\/ul>\n<div  class=\"g1-divider g1-divider--none g1-divider--noicon \"><\/div>\n<ul class=\"g1-grid\"><li class=\"g1-column g1-one-fourth g1-valign-top\">\n<h4>Procesador de Informaci\u00f3n<\/h4>\n<\/li><!-- -->\n<li class=\"g1-column g1-three-fourth g1-valign-top\">\n<p>Cuando usted utiliza nuestros servicios, puede importar informaci\u00f3n en su sistema junto con la informaci\u00f3n personal que ha obtenido de sus suscriptores u otras personas. En este caso, debido a que no existe relaci\u00f3n directa con nuestros miembros o alguien m\u00e1s aparte de usted, usted se convierte en el controlador de informaci\u00f3n. Ser\u00e1 su tarea asegurar poseer la autorizaci\u00f3n apropiada para obtener y procesar informaci\u00f3n relativa a los varios sujetos.<br \/>\nEn forma consistente con el uso de informaci\u00f3n personal procesada, usted ingresa a nuestro Acuerdo de Pol\u00edtica de Privacidad (DPR) con Delivery Tech como proveedor de servicios para sus suscriptores mediante nuestras plataformas. El acuerdo asegura el uso correcto de informaci\u00f3n con las garant\u00edas respectivas que proveemos como procesador de informaci\u00f3n.<br \/>\nEn este caso mantenemos informaci\u00f3n personal, procesada en nombre de nuestros usuarios, siempre que sea requerida para:<\/p>\n\n<ul id=\"\" class=\"g1-list g1-list--upper-alpha g1-list--none \">\n<li>proveer nuestros servicios;<\/li>\n<li>cumplir con nuestras obligaciones legales;<\/li>\n<li>resolver disputas;<\/li>\n<li>prevenir el abuso;<\/li>\n<li>asegurar nuestros acuerdos.<\/li>\n<\/ul>\n\n<\/li><!-- --><\/ul>\n<div  class=\"g1-divider g1-divider--none g1-divider--noicon \"><\/div>\n<ul class=\"g1-grid\"><li class=\"g1-column g1-one-fourth g1-valign-top\">\n<h4>UE Representante del controlador de informaci\u00f3n<\/h4>\n<\/li><!-- -->\n<li class=\"g1-column g1-three-fourth g1-valign-top\">\n<p>En el caso espec\u00edfico en donde Delivery Tech es tanto controlador de informaci\u00f3n para un ciudadano Europeo hemos designado un representante de UE para actuar en representaci\u00f3n de Delivery Tech durante las fases de cooperaci\u00f3n con las autoridades de control.<br \/>\nEl representante UE de Delivery Tech Corp. es eDisplay Srl. Debido a que nuestras oficinas se encuentran en California y operamos desde los Estados Unidos, esta es una tarea vital que nos permite otorgarle el mejor soporte. Para clientes europeos, eDisplay Srl tambi\u00e9n otorgar\u00e1 facturaci\u00f3n y minimizar\u00e1 la transferencia de informaci\u00f3n hacia y desde los Estados Unidos.<\/p>\n<\/li><!-- --><\/ul>\n","protected":false},"excerpt":{"rendered":"","protected":false},"author":2,"featured_media":0,"parent":7232,"menu_order":0,"comment_status":"closed","ping_status":"closed","template":"","meta":{"_acf_changed":false,"inline_featured_image":false,"footnotes":""},"g1_relation_tag":[],"class_list":["post-7238","page","type-page","status-publish","hentry"],"acf":[],"yoast_head":"<!-- This site is optimized with the Yoast SEO plugin v24.8.1 - https:\/\/yoast.com\/wordpress\/plugins\/seo\/ -->\n<title>Informaci\u00f3n b\u00e1sica - Emailchef<\/title>\n<meta name=\"robots\" content=\"index, follow, max-snippet:-1, max-image-preview:large, max-video-preview:-1\" \/>\n<link rel=\"canonical\" href=\"https:\/\/emailchef.com\/es\/politica-de-privacidad-regulacion-ue-2016-79-gdpr\/informacion-basica\/\" \/>\n<meta name=\"twitter:label1\" content=\"Tiempo de lectura\" \/>\n\t<meta name=\"twitter:data1\" content=\"5 minutos\" \/>\n<!-- \/ Yoast SEO plugin. -->","yoast_head_json":{"title":"Informaci\u00f3n b\u00e1sica - Emailchef","robots":{"index":"index","follow":"follow","max-snippet":"max-snippet:-1","max-image-preview":"max-image-preview:large","max-video-preview":"max-video-preview:-1"},"canonical":"https:\/\/emailchef.com\/es\/politica-de-privacidad-regulacion-ue-2016-79-gdpr\/informacion-basica\/","twitter_misc":{"Tiempo de lectura":"5 minutos"},"schema":{"@context":"https:\/\/schema.org","@graph":[{"@type":"WebPage","@id":"https:\/\/emailchef.com\/es\/politica-de-privacidad-regulacion-ue-2016-79-gdpr\/informacion-basica\/","url":"https:\/\/emailchef.com\/es\/politica-de-privacidad-regulacion-ue-2016-79-gdpr\/informacion-basica\/","name":"Informaci\u00f3n b\u00e1sica - Emailchef","isPartOf":{"@id":"https:\/\/emailchef.com\/es\/#website"},"primaryImageOfPage":{"@id":"https:\/\/emailchef.com\/es\/politica-de-privacidad-regulacion-ue-2016-79-gdpr\/informacion-basica\/#primaryimage"},"image":{"@id":"https:\/\/emailchef.com\/es\/politica-de-privacidad-regulacion-ue-2016-79-gdpr\/informacion-basica\/#primaryimage"},"thumbnailUrl":"https:\/\/emailchef.com\/wp-content\/uploads\/2018\/05\/gdpr-base.png","datePublished":"2018-05-18T08:54:41+00:00","dateModified":"2021-03-26T14:18:39+00:00","breadcrumb":{"@id":"https:\/\/emailchef.com\/es\/politica-de-privacidad-regulacion-ue-2016-79-gdpr\/informacion-basica\/#breadcrumb"},"inLanguage":"es","potentialAction":[{"@type":"ReadAction","target":["https:\/\/emailchef.com\/es\/politica-de-privacidad-regulacion-ue-2016-79-gdpr\/informacion-basica\/"]}]},{"@type":"ImageObject","inLanguage":"es","@id":"https:\/\/emailchef.com\/es\/politica-de-privacidad-regulacion-ue-2016-79-gdpr\/informacion-basica\/#primaryimage","url":"https:\/\/emailchef.com\/wp-content\/uploads\/2018\/05\/gdpr-base.png","contentUrl":"https:\/\/emailchef.com\/wp-content\/uploads\/2018\/05\/gdpr-base.png"},{"@type":"BreadcrumbList","@id":"https:\/\/emailchef.com\/es\/politica-de-privacidad-regulacion-ue-2016-79-gdpr\/informacion-basica\/#breadcrumb","itemListElement":[{"@type":"ListItem","position":1,"name":"Home","item":"https:\/\/emailchef.com\/es\/emailchef-email-marketing-services\/"},{"@type":"ListItem","position":2,"name":"GDPR: Introducci\u00f3n &#8211; Objetivos","item":"https:\/\/emailchef.com\/es\/politica-de-privacidad-regulacion-ue-2016-79-gdpr\/"},{"@type":"ListItem","position":3,"name":"Informaci\u00f3n b\u00e1sica"}]},{"@type":"WebSite","@id":"https:\/\/emailchef.com\/es\/#website","url":"https:\/\/emailchef.com\/es\/","name":"Emailchef","description":"Tasty recipes for email marketing","publisher":{"@id":"https:\/\/emailchef.com\/es\/#organization"},"potentialAction":[{"@type":"SearchAction","target":{"@type":"EntryPoint","urlTemplate":"https:\/\/emailchef.com\/es\/?s={search_term_string}"},"query-input":{"@type":"PropertyValueSpecification","valueRequired":true,"valueName":"search_term_string"}}],"inLanguage":"es"},{"@type":"Organization","@id":"https:\/\/emailchef.com\/es\/#organization","name":"Delivery Tech Corp.","url":"https:\/\/emailchef.com\/es\/","logo":{"@type":"ImageObject","inLanguage":"es","@id":"https:\/\/emailchef.com\/es\/#\/schema\/logo\/image\/","url":"https:\/\/emailchef.com\/wp-content\/uploads\/2022\/04\/logo-sama.png","contentUrl":"https:\/\/emailchef.com\/wp-content\/uploads\/2022\/04\/logo-sama.png","width":237,"height":80,"caption":"Delivery Tech Corp."},"image":{"@id":"https:\/\/emailchef.com\/es\/#\/schema\/logo\/image\/"}}]}},"_links":{"self":[{"href":"https:\/\/emailchef.com\/es\/wp-json\/wp\/v2\/pages\/7238"}],"collection":[{"href":"https:\/\/emailchef.com\/es\/wp-json\/wp\/v2\/pages"}],"about":[{"href":"https:\/\/emailchef.com\/es\/wp-json\/wp\/v2\/types\/page"}],"author":[{"embeddable":true,"href":"https:\/\/emailchef.com\/es\/wp-json\/wp\/v2\/users\/2"}],"replies":[{"embeddable":true,"href":"https:\/\/emailchef.com\/es\/wp-json\/wp\/v2\/comments?post=7238"}],"version-history":[{"count":2,"href":"https:\/\/emailchef.com\/es\/wp-json\/wp\/v2\/pages\/7238\/revisions"}],"predecessor-version":[{"id":37746,"href":"https:\/\/emailchef.com\/es\/wp-json\/wp\/v2\/pages\/7238\/revisions\/37746"}],"up":[{"embeddable":true,"href":"https:\/\/emailchef.com\/es\/wp-json\/wp\/v2\/pages\/7232"}],"wp:attachment":[{"href":"https:\/\/emailchef.com\/es\/wp-json\/wp\/v2\/media?parent=7238"}],"wp:term":[{"taxonomy":"g1_relation_tag","embeddable":true,"href":"https:\/\/emailchef.com\/es\/wp-json\/wp\/v2\/g1_relation_tag?post=7238"}],"curies":[{"name":"wp","href":"https:\/\/api.w.org\/{rel}","templated":true}]}}