{"id":70836,"date":"2024-01-25T08:50:07","date_gmt":"2024-01-25T08:50:07","guid":{"rendered":"https:\/\/emailchef.com\/?page_id=70836"},"modified":"2024-10-09T07:51:48","modified_gmt":"2024-10-09T07:51:48","slug":"yahoo-y-gmail-estos-son-los-nuevos-requisitos-para-hacer-email-marketing-en-2024","status":"publish","type":"page","link":"https:\/\/emailchef.com\/es\/base-de-conocimiento\/yahoo-y-gmail-estos-son-los-nuevos-requisitos-para-hacer-email-marketing-en-2024\/","title":{"rendered":"Yahoo y Gmail: estos son los nuevos requisitos para hacer email marketing en 2024"},"content":{"rendered":"<h2 style=\"font-style: italic; font-size: 26px; margin-top: 0px;\">Gu\u00eda pr\u00e1ctica para cumplir con los nuevos requisitos establecidos por Google y Yahoo.<\/h2>\n<p>A partir de febrero de 2024, Gmail y Yahoo har\u00e1n obligatorio lo que ya se consideraba una de las mejores pr\u00e1cticas en email marketing: la autenticaci\u00f3n de dominio. En resumen, cualquier persona que env\u00ede 5000 o m\u00e1s emails al d\u00eda a destinatarios de Gmail o Yahoo deber\u00e1 configurar los registros SPF, DKIM y DMARC, o correr\u00e1 el riesgo de que sus mensajes no se entreguen en la bandeja de entrada.<\/p>\n<p>Pero eso no es todo. En esta gu\u00eda, nuestro objetivo es proporcionarte todas las herramientas para cumplir con los nuevos requisitos establecidos por Google y Yahoo.<\/p>\n<div class=\"lyte-wrapper\" title=\"C&oacute;mo cambia el email marketing con los nuevos requisitos de Gmail y Yahoo\" style=\"width:640px;max-width:100%;margin:5px;\"><div class=\"lyMe\" id=\"WYL_QlavYDby8Xo\"><div id=\"lyte_QlavYDby8Xo\" data-src=\"https:\/\/emailchef.com\/wp-content\/plugins\/wp-youtube-lyte\/lyteCache.php?origThumbUrl=https%3A%2F%2Fi.ytimg.com%2Fvi%2FQlavYDby8Xo%2Fhqdefault.jpg\" class=\"pL\"><div class=\"tC\"><div class=\"tT\">C\u00f3mo cambia el email marketing con los nuevos requisitos de Gmail y Yahoo<\/div><\/div><div class=\"play\"><\/div><div class=\"ctrl\"><div class=\"Lctrl\"><\/div><div class=\"Rctrl\"><\/div><\/div><\/div><noscript><a href=\"https:\/\/youtu.be\/QlavYDby8Xo\" rel=\"nofollow\"><img fetchpriority=\"high\" decoding=\"async\" src=\"https:\/\/emailchef.com\/wp-content\/plugins\/wp-youtube-lyte\/lyteCache.php?origThumbUrl=https%3A%2F%2Fi.ytimg.com%2Fvi%2FQlavYDby8Xo%2F0.jpg\" alt=\"C&oacute;mo cambia el email marketing con los nuevos requisitos de Gmail y Yahoo\" width=\"640\" height=\"340\" \/><br \/>Mire este video en YouTube<\/a><\/noscript><\/div><\/div><div class=\"lL\" style=\"max-width:100%;width:640px;margin:5px;\"><\/div>\n<div class=\"ec-video-button hide centered\">\n\t<a href=\"https:\/\/youtu.be\/QlavYDby8Xo\" rel=\"prettyPhoto\" title=\"Riproduci Video\">Riproduci Video <i class=\"fa fa-play-circle fa-2x\"><\/i><\/a>\n<\/div>\n<h2 style=\"color: #605e6f; font-weight: bold!important; font-size: 18px; text-transform: uppercase; letter-spacing: -0.7px;\">LO QUE NECESITAS SABER SOBRE LOS NUEVOS REQUISITOS DE YAHOO Y GMAIL.<\/h2>\n<p>Autenticar correctamente tu direcci\u00f3n de correo electr\u00f3nico siempre ha sido una pr\u00e1ctica recomendada, pero no todos los que env\u00edan correos masivos siempre siguen esta buena pr\u00e1ctica.<\/p>\n<p>Y esto es un problema serio.<\/p>\n<p>S\u00ed, porque sin una autenticaci\u00f3n adecuada de tu direcci\u00f3n de correo electr\u00f3nico, los remitentes vuelven f\u00e1cil que terceros malintencionados suplanten dominios y env\u00eden correos electr\u00f3nicos de phishing (o suplantaci\u00f3n de identidad).<\/p>\n<p>Por eso, Google y Yahoo han decidido hacer obligatoria la autenticaci\u00f3n de dominios para cualquier persona que env\u00ede 5000 o m\u00e1s correos electr\u00f3nicos a direcciones de Gmail y Yahoo. Y si quieres asegurarte de que tus correos electr\u00f3nicos sigan llegando a la bandeja de entrada, tendr\u00e1s que adherirte a las principales mejores pr\u00e1cticas para la autenticaci\u00f3n de correo electr\u00f3nico y la prevenci\u00f3n de spam.<\/p>\n<p>Esto significa que, si a\u00fan no lo has hecho, deber\u00e1s:<\/p>\n<ol>\n<li style=\"margin-bottom: 15px;\">Elegir y comprar un dominio personalizado.<\/li>\n<li style=\"margin-bottom: 15px;\">Autenticar los registros SPF, DKIM y DMARC en tu dominio.<\/li>\n<\/ol>\n<p>Adem\u00e1s, ser\u00e1 necesario habilitar un m\u00e9todo de desuscripci\u00f3n sencillo para tus destinatarios y mantener una tasa de spam por debajo de un cierto umbral.<\/p>\n<h2 style=\"color: #605e6f; font-weight: bold!important; font-size: 18px; text-transform: uppercase; letter-spacing: -0.7px;\">C\u00d3MO ELEGIR Y COMPRAR TU DOMINIO DE CORREO ELECTR\u00d3NICO PERSONALIZADO.<\/h2>\n<p>La elecci\u00f3n y compra de una direcci\u00f3n de correo electr\u00f3nico con un dominio personalizado es algo que en Emailchef hemos enfatizado durante mucho tiempo (y es un requisito necesario para enviar tus correos electr\u00f3nicos).<\/p>\n<p>En resumen, es una direcci\u00f3n que, despu\u00e9s del s\u00edmbolo @, contiene el nombre de una marca o dominio de sitio web. En otras palabras, en lugar de usar el nombre gen\u00e9rico de un proveedor de correo electr\u00f3nico (como @gmail.com), una direcci\u00f3n de correo electr\u00f3nico con un dominio personalizado contiene el nombre del negocio que env\u00eda el correo electr\u00f3nico (como @emailchef.com).<\/p>\n<p>Hay muchos proveedores de dominios donde puedes comprar el tuyo, pero si no sabes por d\u00f3nde empezar, hemos preparado una <a href=\"https:\/\/emailchef.com\/es\/base-de-conocimiento\/como-elegir-y-comprar-tu-dominio-de-correo-electronico-personalizado\/\" title=\"C\u00f3mo elegir y comprar un dominio de correo electr\u00f3nico personalizado\">gu\u00eda completa sobre c\u00f3mo elegir y comprar un dominio de correo electr\u00f3nico personalizado<\/a>.<\/p>\n<p>Una vez que hayas elegido el proveedor de dominios que te convenga, necesitar\u00e1s crear tu direcci\u00f3n de correo electr\u00f3nico con tu dominio personalizado.<\/p>\n<p>\u00bfC\u00f3mo?<\/p>\n<p>En este art\u00edculo, hemos recopilado todas las <a href=\"https:\/\/emailchef.com\/es\/base-de-conocimiento\/como-crear-una-direccion-de-correo-electronico-con-un-dominio-personalizado-si-ya-tienes-un-dominio-web\/\" title=\"C\u00f3mo crear una direcci\u00f3n de correo electr\u00f3nico en un dominio utilizando los proveedores m\u00e1s populares\">gu\u00edas sobre c\u00f3mo crear una direcci\u00f3n de correo electr\u00f3nico en un dominio utilizando los proveedores m\u00e1s populares<\/a>.<\/p>\n<h2 style=\"color: #605e6f; font-weight: bold!important; font-size: 18px; text-transform: uppercase; letter-spacing: -0.7px;\">C\u00d3MO AUTENTICAR TU DOMINIO<\/h2>\n<p>Una vez que hayas elegido un dominio y creado tu direcci\u00f3n de correo electr\u00f3nico, el siguiente paso es autenticarlo. De esta manera, los proveedores de correo electr\u00f3nico pueden reconocer tus correos electr\u00f3nicos como confiables y entregarlos en las bandejas de entrada de tus suscriptores.<\/p>\n<p>La autenticaci\u00f3n de dominio es crucial para certificarlo como seguro y confiable.<\/p>\n<p>Al proporcionar una identidad rastreable a tu direcci\u00f3n, demuestras a los proveedores que eres un remitente autorizado. Esto te permite mejorar tu reputaci\u00f3n en l\u00ednea, manteniendo tus correos electr\u00f3nicos fuera de la carpeta de spam.<\/p>\n<p>Los protocolos utilizados en este caso son 3:<\/p>\n<ul>\n<li style=\"margin-bottom: 15px;\"><strong>DKIM<\/strong> (DomainKeys Identified Mail) es un m\u00e9todo utilizado para evitar que actores malintencionados falsifiquen tu identidad a trav\u00e9s del correo electr\u00f3nico. El sistema DKIM verifica que el mensaje provenga de la fuente declarada.<\/li>\n<li style=\"margin-bottom: 15px;\"><strong>SPF<\/strong> (Sender Policy Framework) es un m\u00e9todo adicional utilizado para evitar la falsificaci\u00f3n de la direcci\u00f3n del remitente. En otras palabras, evita el uso de direcciones falsas por parte de terceros.<br \/>\nEl propietario del dominio declara que todos sus correos electr\u00f3nicos son transmitidos a trav\u00e9s del servidor X. Por lo tanto, cualquier correo electr\u00f3nico que viaje a trav\u00e9s de otros canales se considerar\u00e1 falso.<\/li>\n<li style=\"margin-bottom: 15px;\"><strong>DMARC<\/strong> (Domain-based Message Authentication, Reporting, and Conformance) es una tecnolog\u00eda que estandariza los m\u00e9todos de SPF y DKIM y extiende su funcionalidad. La pol\u00edtica DMARC informa al destinatario sobre c\u00f3mo manejar los mensajes en funci\u00f3n de los resultados de verificaci\u00f3n de DKIM y SPF. En resumen, DMARC instruye al servidor de correo del destinatario sobre qu\u00e9 acci\u00f3n tomar con el mensaje en funci\u00f3n de los resultados.<\/li>\n<\/ul>\n<p>\u00bfPero c\u00f3mo configurar estos par\u00e1metros?<\/p>\n<p>Te lo explicamos en esta <a href=\"https:\/\/emailchef.com\/es\/base-de-conocimiento\/como-configurar-la-autenticacion-de-dominio\/\" title=\"Gu\u00eda sobre c\u00f3mo autenticar tu dominio\">gu\u00eda sobre c\u00f3mo autenticar tu dominio<\/a>.<\/p>\n<h2 style=\"color: #605e6f; font-weight: bold!important; font-size: 18px; text-transform: uppercase; letter-spacing: -0.7px;\">DESUSCRIPCIONES Y SPAM: LO QUE DICEN LOS NUEVOS LINEAMIENTOS DE GOOGLE Y YAHOO.<\/h2>\n<p>Adem\u00e1s de las actualizaciones en la configuraci\u00f3n del dominio, Google y Yahoo han comunicado que ser\u00e1 necesario permitir la desuscripci\u00f3n de la lista de correo con un simple clic en el enlace de desuscripci\u00f3n dentro de los correos electr\u00f3nicos que env\u00edes.<\/p>\n<p>Esto significa que cada correo electr\u00f3nico que env\u00edes a tu lista de contactos debe contener un enlace de desuscripci\u00f3n, y debes asegurarte de eliminar a ese contacto de la lista de correos en un plazo de 2 d\u00edas. Este requisito tambi\u00e9n se aplica a los correos electr\u00f3nicos transaccionales, no solo a los de marketing o promocionales.<\/p>\n<p>Pero aqu\u00ed hay una buena noticia: si utilizas Emailchef, el enlace de desuscripci\u00f3n se inserta autom\u00e1ticamente en todos tus correos electr\u00f3nicos \ud83d\ude09. El contacto se eliminar\u00e1 autom\u00e1ticamente de la lista de correo sin que tengas que hacer nada.<\/p>\n<p>Otro requisito es mantener las quejas por spam por debajo del 0,3%. Gmail, en particular, pedir\u00e1 a los remitentes que mantengan la tasa de quejas por spam por debajo de este porcentaje. \u00bfQu\u00e9 sucede si no cumples? El riesgo es da\u00f1ar tu reputaci\u00f3n como remitente y experimentar una reducci\u00f3n en la capacidad de entrega, lo que significa que tu capacidad para llegar a las bandejas de entrada de tus destinatarios puede verse afectada.<\/p>\n<p>\u00bfEres cliente de Emailchef y necesitas ayuda? <a href=\"https:\/\/support.emailchef.com\/?lang=es_ES\" title=\"Servicio de atenci\u00f3n al cliente\">Haz clic aqu\u00ed para ponerte en contacto con el servicio de atenci\u00f3n al cliente<\/a>.<\/p>\n","protected":false},"excerpt":{"rendered":"<p>Gu\u00eda pr\u00e1ctica para cumplir con los nuevos requisitos establecidos por Google y Yahoo. A partir de febrero de 2024, Gmail y Yahoo har\u00e1n obligatorio lo que ya se consideraba una de las mejores pr\u00e1cticas en email marketing: la autenticaci\u00f3n de dominio. En resumen, cualquier persona que env\u00ede 5000 o m\u00e1s emails al d\u00eda a destinatarios [&hellip;]<\/p>\n","protected":false},"author":1,"featured_media":0,"parent":3110,"menu_order":0,"comment_status":"closed","ping_status":"closed","template":"","meta":{"_acf_changed":false,"inline_featured_image":false,"footnotes":""},"g1_relation_tag":[],"class_list":["post-70836","page","type-page","status-publish","hentry"],"acf":[],"yoast_head":"<!-- This site is optimized with the Yoast SEO plugin v24.8.1 - https:\/\/yoast.com\/wordpress\/plugins\/seo\/ -->\n<title>Yahoo y Gmail: nuevos requisitos para el email marketing en 2024<\/title>\n<meta name=\"description\" content=\"C\u00f3mo cambiar\u00e1 el email marketing en 2024. Autentique su dominio para marketing por correo electr\u00f3nico. &gt;&gt; \u00a1Descubre los Nuevos Requisitos!\" \/>\n<meta name=\"robots\" content=\"index, follow, max-snippet:-1, max-image-preview:large, max-video-preview:-1\" \/>\n<link rel=\"canonical\" href=\"https:\/\/emailchef.com\/es\/base-de-conocimiento\/yahoo-y-gmail-estos-son-los-nuevos-requisitos-para-hacer-email-marketing-en-2024\/\" \/>\n<meta name=\"twitter:label1\" content=\"Tiempo de lectura\" \/>\n\t<meta name=\"twitter:data1\" content=\"5 minutos\" \/>\n<!-- \/ Yoast SEO plugin. -->","yoast_head_json":{"title":"Yahoo y Gmail: nuevos requisitos para el email marketing en 2024","description":"C\u00f3mo cambiar\u00e1 el email marketing en 2024. Autentique su dominio para marketing por correo electr\u00f3nico. >> \u00a1Descubre los Nuevos Requisitos!","robots":{"index":"index","follow":"follow","max-snippet":"max-snippet:-1","max-image-preview":"max-image-preview:large","max-video-preview":"max-video-preview:-1"},"canonical":"https:\/\/emailchef.com\/es\/base-de-conocimiento\/yahoo-y-gmail-estos-son-los-nuevos-requisitos-para-hacer-email-marketing-en-2024\/","twitter_misc":{"Tiempo de lectura":"5 minutos"},"schema":{"@context":"https:\/\/schema.org","@graph":[{"@type":"WebPage","@id":"https:\/\/emailchef.com\/es\/base-de-conocimiento\/yahoo-y-gmail-estos-son-los-nuevos-requisitos-para-hacer-email-marketing-en-2024\/","url":"https:\/\/emailchef.com\/es\/base-de-conocimiento\/yahoo-y-gmail-estos-son-los-nuevos-requisitos-para-hacer-email-marketing-en-2024\/","name":"Yahoo y Gmail: nuevos requisitos para el email marketing en 2024","isPartOf":{"@id":"https:\/\/emailchef.com\/es\/#website"},"datePublished":"2024-01-25T08:50:07+00:00","dateModified":"2024-10-09T07:51:48+00:00","description":"C\u00f3mo cambiar\u00e1 el email marketing en 2024. Autentique su dominio para marketing por correo electr\u00f3nico. >> \u00a1Descubre los Nuevos Requisitos!","breadcrumb":{"@id":"https:\/\/emailchef.com\/es\/base-de-conocimiento\/yahoo-y-gmail-estos-son-los-nuevos-requisitos-para-hacer-email-marketing-en-2024\/#breadcrumb"},"inLanguage":"es","potentialAction":[{"@type":"ReadAction","target":["https:\/\/emailchef.com\/es\/base-de-conocimiento\/yahoo-y-gmail-estos-son-los-nuevos-requisitos-para-hacer-email-marketing-en-2024\/"]}]},{"@type":"BreadcrumbList","@id":"https:\/\/emailchef.com\/es\/base-de-conocimiento\/yahoo-y-gmail-estos-son-los-nuevos-requisitos-para-hacer-email-marketing-en-2024\/#breadcrumb","itemListElement":[{"@type":"ListItem","position":1,"name":"Home","item":"https:\/\/emailchef.com\/es\/emailchef-email-marketing-services\/"},{"@type":"ListItem","position":2,"name":"Base de conocimiento","item":"https:\/\/emailchef.com\/es\/base-de-conocimiento\/"},{"@type":"ListItem","position":3,"name":"Yahoo y Gmail: estos son los nuevos requisitos para hacer email marketing en 2024"}]},{"@type":"WebSite","@id":"https:\/\/emailchef.com\/es\/#website","url":"https:\/\/emailchef.com\/es\/","name":"Emailchef","description":"Tasty recipes for email marketing","publisher":{"@id":"https:\/\/emailchef.com\/es\/#organization"},"potentialAction":[{"@type":"SearchAction","target":{"@type":"EntryPoint","urlTemplate":"https:\/\/emailchef.com\/es\/?s={search_term_string}"},"query-input":{"@type":"PropertyValueSpecification","valueRequired":true,"valueName":"search_term_string"}}],"inLanguage":"es"},{"@type":"Organization","@id":"https:\/\/emailchef.com\/es\/#organization","name":"Delivery Tech Corp.","url":"https:\/\/emailchef.com\/es\/","logo":{"@type":"ImageObject","inLanguage":"es","@id":"https:\/\/emailchef.com\/es\/#\/schema\/logo\/image\/","url":"https:\/\/emailchef.com\/wp-content\/uploads\/2022\/04\/logo-sama.png","contentUrl":"https:\/\/emailchef.com\/wp-content\/uploads\/2022\/04\/logo-sama.png","width":237,"height":80,"caption":"Delivery Tech Corp."},"image":{"@id":"https:\/\/emailchef.com\/es\/#\/schema\/logo\/image\/"}}]}},"_links":{"self":[{"href":"https:\/\/emailchef.com\/es\/wp-json\/wp\/v2\/pages\/70836"}],"collection":[{"href":"https:\/\/emailchef.com\/es\/wp-json\/wp\/v2\/pages"}],"about":[{"href":"https:\/\/emailchef.com\/es\/wp-json\/wp\/v2\/types\/page"}],"author":[{"embeddable":true,"href":"https:\/\/emailchef.com\/es\/wp-json\/wp\/v2\/users\/1"}],"replies":[{"embeddable":true,"href":"https:\/\/emailchef.com\/es\/wp-json\/wp\/v2\/comments?post=70836"}],"version-history":[{"count":4,"href":"https:\/\/emailchef.com\/es\/wp-json\/wp\/v2\/pages\/70836\/revisions"}],"predecessor-version":[{"id":75565,"href":"https:\/\/emailchef.com\/es\/wp-json\/wp\/v2\/pages\/70836\/revisions\/75565"}],"up":[{"embeddable":true,"href":"https:\/\/emailchef.com\/es\/wp-json\/wp\/v2\/pages\/3110"}],"wp:attachment":[{"href":"https:\/\/emailchef.com\/es\/wp-json\/wp\/v2\/media?parent=70836"}],"wp:term":[{"taxonomy":"g1_relation_tag","embeddable":true,"href":"https:\/\/emailchef.com\/es\/wp-json\/wp\/v2\/g1_relation_tag?post=70836"}],"curies":[{"name":"wp","href":"https:\/\/api.w.org\/{rel}","templated":true}]}}