{"id":70830,"date":"2023-10-31T08:11:42","date_gmt":"2023-10-31T08:11:42","guid":{"rendered":"https:\/\/emailchef.com\/?page_id=70830"},"modified":"2024-03-04T09:15:20","modified_gmt":"2024-03-04T09:15:20","slug":"como-elegir-y-comprar-tu-dominio-de-correo-electronico-personalizado","status":"publish","type":"page","link":"https:\/\/emailchef.com\/es\/base-de-conocimiento\/como-elegir-y-comprar-tu-dominio-de-correo-electronico-personalizado\/","title":{"rendered":"C\u00f3mo elegir y comprar tu dominio de correo electr\u00f3nico personalizado"},"content":{"rendered":"<h2 style=\"font-style: italic; font-size: 26px; margin-top: 0px;\">Una Gu\u00eda Pr\u00e1ctica de 5 Pasos para Comprar Tu Direcci\u00f3n de Env\u00edo con un Dominio Personalizado<\/h2>\n<p>Para establecer una presencia profesional en l\u00ednea, necesitas una direcci\u00f3n de correo electr\u00f3nico con un dominio personalizado.<\/p>\n<p>Una direcci\u00f3n de env\u00edo con un dominio personalizado es crucial para garantizar la credibilidad de tus mensajes y promocionar eficazmente tu negocio. Poseer un dominio de correo electr\u00f3nico f\u00e1cilmente reconocible ayudar\u00e1 a que tus comunicaciones comerciales y de marketing luzcan serias y profesionales.<\/p>\n<p>Por otro lado, las direcciones de correo electr\u00f3nico gratuitas pueden disminuir las tasas de entrega de tus campa\u00f1as, aumentar las posibilidades de que tus mensajes sean clasificados o reportados como spam, y pueden comprometer tu reputaci\u00f3n con los clientes de correo electr\u00f3nico.<\/p>\n<p>Entonces, \u00bfc\u00f3mo eliges y compras un dominio?<\/p>\n<p>En esta gu\u00eda pr\u00e1ctica, te mostraremos c\u00f3mo elegir, evaluar y comprar tu dominio personalizado paso a paso.<\/p>\n<h2 style=\"color: #605E6F;font-weight: bold!important;font-size: 18px;text-transform: uppercase;letter-spacing: -0.7px;\">PASO 1: ELIGE UN NOMBRE DE DOMINIO<\/h2>\n<p>Comienza por elegir tu nombre de dominio. El nombre que elijas debe ser representativo de tu negocio y f\u00e1cil de recordar.<\/p>\n<p>Por ejemplo, si el nombre de tu empresa es ABC Marketing, podr\u00edas usar un dominio como <em>abcmarketing.com<\/em>.<\/p>\n<p>Aqu\u00ed tienes un consejo\u2026<\/p>\n<p>Evita caracteres especiales y no uses nombres que sean demasiado largos. Los clientes tendr\u00e1n dificultades para escribirlos y recordarlos.<\/p>\n<p>Y ten cuidado de no utilizar marcas registradas o marcas registradas por otras empresas.<\/p>\n<p>\u00bfC\u00f3mo puedes estar seguro de que una marca no est\u00e1 siendo utilizada? Aqu\u00ed puedes ver c\u00f3mo&#8230;\ud83d\udc47.<\/p>\n<h2 style=\"color: #605E6F;font-weight: bold!important;font-size: 18px;text-transform: uppercase;letter-spacing: -0.7px;\">PASO 2: VERIFICA QUE EL DOMINIO EST\u00c9 DISPONIBLE<\/h2>\n<p>Los motores de b\u00fasqueda en l\u00ednea como los ofrecidos por <a href=\"https:\/\/www.godaddy.com\/en-uk\/whois\" target=\"_blank\" rel=\"noopener\">GoDaddy<\/a> o <a href=\"https:\/\/www.namecheap.com\/domains\/domain-name-search\/\" rel=\"noopener\" target=\"_blank\">Namecheap<\/a> te dir\u00e1n si un dominio ya est\u00e1 registrado.<\/p>\n<p><img decoding=\"async\" src=\"https:\/\/emailchef.com\/wp-content\/uploads\/2023\/11\/custom-email-domain.png\" alt=\"Dominio de correo electr\u00f3nico personalizado\" width=\"680px\" height=\"231px\"><\/p>\n<p>Si un dominio est\u00e1 disponible, el motor de b\u00fasqueda confirmar\u00e1 su disponibilidad. Si no est\u00e1 disponible, el motor de b\u00fasqueda podr\u00eda proporcionar informaci\u00f3n sobre el propietario actual o sugerir nombres de dominio similares.<\/p>\n<p>El servicio <a href=\"https:\/\/who.is\/\" rel=\"noopener\" target=\"_blank\">WHOIS<\/a> puede proporcionar m\u00e1s informaci\u00f3n sobre el propietario de un dominio registrado. Ingrese el nombre de dominio que desea verificar, y WHOIS le dir\u00e1 el nombre del propietario, la fecha de registro y otros detalles relevantes. Podr\u00eda contactar al propietario para preguntar si el dominio est\u00e1 disponible para la compra.<\/p>\n<h2 style=\"color: #605E6F;font-weight: bold!important;font-size: 18px;text-transform: uppercase;letter-spacing: -0.7px;\">PASO 3: ELIJA UN PROVEEDOR DE REGISTRO DE DOMINIOS<\/h2>\n<p>Una vez que haya identificado un dominio disponible, deber\u00e1 elegir un proveedor para registrar su propiedad.<\/p>\n<p>Aqu\u00ed hay algunas consideraciones a tener en cuenta al seleccionar un proveedor de registro de dominios:<\/p>\n<ol>\n<li style=\"margin-bottom: 15px;\"><strong>Las tarifas<\/strong>: Las tarifas de registro de dominios var\u00edan. Algunos, como <a href=\"https:\/\/www.godaddy.com\/en-uk\" rel=\"noopener\" target=\"_blank\">GoDaddy<\/a>, ofrecen descuentos en el registro del primer dominio. Otros, como <a href=\"https:\/\/www.ionos.co.uk\/\" rel=\"noopener\" target=\"_blank\">IONOS<\/a>, ofrecen dominios de correo electr\u00f3nico a precios competitivos.<br \/>\nTambi\u00e9n aseg\u00farese de que el proveedor pueda escalar de manera asequible a medida que su negocio crece. Sus necesidades iniciales pueden ser peque\u00f1as, pero desea que su negocio se desarrolle sin incurrir en costos inesperados.<\/li>\n<li style=\"margin-bottom: 15px;\"><strong>Gesti\u00f3n de DNS<\/strong>: Aseg\u00farese de que el proveedor ofrezca una interfaz f\u00e1cil de usar para administrar registros DNS. Por ejemplo, <a href=\"https:\/\/www.namecheap.com\/\" rel=\"noopener\" target=\"_blank\">Namecheap<\/a> proporciona un panel de control que simplifica la gesti\u00f3n de estos registros. Es muy f\u00e1cil de usar, especialmente para principiantes.<br \/>\n<a href=\"https:\/\/www.namecheap.com\/support\/knowledgebase\/article.aspx\/767\/10\/how-to-change-dns-for-a-domain\/\" rel=\"noopener\" target=\"_blank\">Lea la gu\u00eda sobre c\u00f3mo editar registros DNS en Namecheap<\/a>.<\/li>\n<li style=\"margin-bottom: 15px;\"><strong>Soporte al cliente<\/strong>: Si tiene preguntas o problemas, querr\u00e1 asegurarse de que el proveedor ofrezca un buen soporte al cliente. <a href=\"https:\/\/www.name.com\/\" rel=\"noopener\" target=\"_blank\">Name.com<\/a>, por ejemplo, tiene un buen equipo de soporte y un servicio al cliente muy bien valorado.<\/li>\n<li style=\"margin-bottom: 15px;\"><strong>Renovaci\u00f3n<\/strong>: Y verifique las pol\u00edticas de renovaci\u00f3n de dominios. Algunos proveedores ofrecen renovaciones autom\u00e1ticas; otros requieren una acci\u00f3n manual que podr\u00eda olvidarse en el calendario.<\/li>\n<\/ol>\n<h2 style=\"color: #605E6F;font-weight: bold!important;font-size: 18px;text-transform: uppercase;letter-spacing: -0.7px;\">PASO 4: REGISTRE EL DOMINIO Y CREE SU DIRECCI\u00d3N DE CORREO ELECTR\u00d3NICO PERSONALIZADA<\/h2>\n<p>Una vez que haya encontrado un nombre de dominio y haya elegido un proveedor, estar\u00e1 listo para proceder con el registro proporcionando informaci\u00f3n personal y de contacto. Aseg\u00farese de que estos detalles sean precisos, ya que ser\u00e1n necesarios para el registro adecuado del dominio.<\/p>\n<p>Luego estar\u00e1 listo para crear una direcci\u00f3n de correo electr\u00f3nico con su dominio. Explicamos c\u00f3mo hacerlo en la <a href=\"https:\/\/emailchef.com\/es\/base-de-conocimiento\/como-crear-una-direccion-de-correo-electronico-con-un-dominio-personalizado-si-ya-tienes-un-dominio-web\/\" title=\"C\u00f3mo crear una direcci\u00f3n de correo electr\u00f3nico con un dominio personalizado\">gu\u00eda sobre c\u00f3mo crear una direcci\u00f3n de correo electr\u00f3nico con un dominio personalizado<\/a>.<\/p>\n<h2 style=\"color: #605E6F;font-weight: bold!important;font-size: 18px;text-transform: uppercase;letter-spacing: -0.7px;\">PASO 5: CONFIGURE SU DOMINIO PARA EMAILCHEF<\/h2>\n<p>Finalmente, deber\u00e1 configurar los registros DNS de su dominio para que su correo electr\u00f3nico funcione con Emailchef.<\/p>\n<p>Aqu\u00ed tiene una <a href=\"https:\/\/emailchef.com\/es\/base-de-conocimiento\/como-configurar-la-autenticacion-de-dominio\/\" title=\"Gu\u00eda completa para autenticar su dominio personalizado en nuestra plataforma\">gu\u00eda completa para autenticar su dominio personalizado en nuestra plataforma<\/a>.<\/p>\n","protected":false},"excerpt":{"rendered":"<p>Una Gu\u00eda Pr\u00e1ctica de 5 Pasos para Comprar Tu Direcci\u00f3n de Env\u00edo con un Dominio Personalizado Para establecer una presencia profesional en l\u00ednea, necesitas una direcci\u00f3n de correo electr\u00f3nico con un dominio personalizado. Una direcci\u00f3n de env\u00edo con un dominio personalizado es crucial para garantizar la credibilidad de tus mensajes y promocionar eficazmente tu negocio. [&hellip;]<\/p>\n","protected":false},"author":1,"featured_media":0,"parent":3110,"menu_order":0,"comment_status":"closed","ping_status":"closed","template":"","meta":{"_acf_changed":false,"inline_featured_image":false,"footnotes":""},"g1_relation_tag":[],"class_list":["post-70830","page","type-page","status-publish","hentry"],"acf":[],"yoast_head":"<!-- This site is optimized with the Yoast SEO plugin v24.8.1 - https:\/\/yoast.com\/wordpress\/plugins\/seo\/ -->\n<title>C\u00f3mo elegir y comprar tu dominio de correo electr\u00f3nico personalizado<\/title>\n<meta name=\"description\" content=\"C\u00f3mo seleccionar el dominio de correo electr\u00f3nico personalizado para su empresa. Proveedores de dominio: c\u00f3mo elegirlos &gt;&gt; \u00a1Lea la gu\u00eda ahora!\" \/>\n<meta name=\"robots\" content=\"index, follow, max-snippet:-1, max-image-preview:large, max-video-preview:-1\" \/>\n<link rel=\"canonical\" href=\"https:\/\/emailchef.com\/es\/base-de-conocimiento\/como-elegir-y-comprar-tu-dominio-de-correo-electronico-personalizado\/\" \/>\n<!-- \/ Yoast SEO plugin. -->","yoast_head_json":{"title":"C\u00f3mo elegir y comprar tu dominio de correo electr\u00f3nico personalizado","description":"C\u00f3mo seleccionar el dominio de correo electr\u00f3nico personalizado para su empresa. Proveedores de dominio: c\u00f3mo elegirlos >> \u00a1Lea la gu\u00eda ahora!","robots":{"index":"index","follow":"follow","max-snippet":"max-snippet:-1","max-image-preview":"max-image-preview:large","max-video-preview":"max-video-preview:-1"},"canonical":"https:\/\/emailchef.com\/es\/base-de-conocimiento\/como-elegir-y-comprar-tu-dominio-de-correo-electronico-personalizado\/","schema":{"@context":"https:\/\/schema.org","@graph":[{"@type":"WebPage","@id":"https:\/\/emailchef.com\/es\/base-de-conocimiento\/como-elegir-y-comprar-tu-dominio-de-correo-electronico-personalizado\/","url":"https:\/\/emailchef.com\/es\/base-de-conocimiento\/como-elegir-y-comprar-tu-dominio-de-correo-electronico-personalizado\/","name":"C\u00f3mo elegir y comprar tu dominio de correo electr\u00f3nico personalizado","isPartOf":{"@id":"https:\/\/emailchef.com\/es\/#website"},"primaryImageOfPage":{"@id":"https:\/\/emailchef.com\/es\/base-de-conocimiento\/como-elegir-y-comprar-tu-dominio-de-correo-electronico-personalizado\/#primaryimage"},"image":{"@id":"https:\/\/emailchef.com\/es\/base-de-conocimiento\/como-elegir-y-comprar-tu-dominio-de-correo-electronico-personalizado\/#primaryimage"},"thumbnailUrl":"https:\/\/emailchef.com\/wp-content\/uploads\/2023\/11\/custom-email-domain.png","datePublished":"2023-10-31T08:11:42+00:00","dateModified":"2024-03-04T09:15:20+00:00","description":"C\u00f3mo seleccionar el dominio de correo electr\u00f3nico personalizado para su empresa. Proveedores de dominio: c\u00f3mo elegirlos >> \u00a1Lea la gu\u00eda ahora!","breadcrumb":{"@id":"https:\/\/emailchef.com\/es\/base-de-conocimiento\/como-elegir-y-comprar-tu-dominio-de-correo-electronico-personalizado\/#breadcrumb"},"inLanguage":"es","potentialAction":[{"@type":"ReadAction","target":["https:\/\/emailchef.com\/es\/base-de-conocimiento\/como-elegir-y-comprar-tu-dominio-de-correo-electronico-personalizado\/"]}]},{"@type":"ImageObject","inLanguage":"es","@id":"https:\/\/emailchef.com\/es\/base-de-conocimiento\/como-elegir-y-comprar-tu-dominio-de-correo-electronico-personalizado\/#primaryimage","url":"https:\/\/emailchef.com\/wp-content\/uploads\/2023\/11\/custom-email-domain.png","contentUrl":"https:\/\/emailchef.com\/wp-content\/uploads\/2023\/11\/custom-email-domain.png"},{"@type":"BreadcrumbList","@id":"https:\/\/emailchef.com\/es\/base-de-conocimiento\/como-elegir-y-comprar-tu-dominio-de-correo-electronico-personalizado\/#breadcrumb","itemListElement":[{"@type":"ListItem","position":1,"name":"Home","item":"https:\/\/emailchef.com\/es\/emailchef-email-marketing-services\/"},{"@type":"ListItem","position":2,"name":"Base de conocimiento","item":"https:\/\/emailchef.com\/es\/base-de-conocimiento\/"},{"@type":"ListItem","position":3,"name":"C\u00f3mo elegir y comprar tu dominio de correo electr\u00f3nico personalizado"}]},{"@type":"WebSite","@id":"https:\/\/emailchef.com\/es\/#website","url":"https:\/\/emailchef.com\/es\/","name":"Emailchef","description":"Tasty recipes for email marketing","publisher":{"@id":"https:\/\/emailchef.com\/es\/#organization"},"potentialAction":[{"@type":"SearchAction","target":{"@type":"EntryPoint","urlTemplate":"https:\/\/emailchef.com\/es\/?s={search_term_string}"},"query-input":{"@type":"PropertyValueSpecification","valueRequired":true,"valueName":"search_term_string"}}],"inLanguage":"es"},{"@type":"Organization","@id":"https:\/\/emailchef.com\/es\/#organization","name":"Delivery Tech Corp.","url":"https:\/\/emailchef.com\/es\/","logo":{"@type":"ImageObject","inLanguage":"es","@id":"https:\/\/emailchef.com\/es\/#\/schema\/logo\/image\/","url":"https:\/\/emailchef.com\/wp-content\/uploads\/2022\/04\/logo-sama.png","contentUrl":"https:\/\/emailchef.com\/wp-content\/uploads\/2022\/04\/logo-sama.png","width":237,"height":80,"caption":"Delivery Tech Corp."},"image":{"@id":"https:\/\/emailchef.com\/es\/#\/schema\/logo\/image\/"}}]}},"_links":{"self":[{"href":"https:\/\/emailchef.com\/es\/wp-json\/wp\/v2\/pages\/70830"}],"collection":[{"href":"https:\/\/emailchef.com\/es\/wp-json\/wp\/v2\/pages"}],"about":[{"href":"https:\/\/emailchef.com\/es\/wp-json\/wp\/v2\/types\/page"}],"author":[{"embeddable":true,"href":"https:\/\/emailchef.com\/es\/wp-json\/wp\/v2\/users\/1"}],"replies":[{"embeddable":true,"href":"https:\/\/emailchef.com\/es\/wp-json\/wp\/v2\/comments?post=70830"}],"version-history":[{"count":2,"href":"https:\/\/emailchef.com\/es\/wp-json\/wp\/v2\/pages\/70830\/revisions"}],"predecessor-version":[{"id":70832,"href":"https:\/\/emailchef.com\/es\/wp-json\/wp\/v2\/pages\/70830\/revisions\/70832"}],"up":[{"embeddable":true,"href":"https:\/\/emailchef.com\/es\/wp-json\/wp\/v2\/pages\/3110"}],"wp:attachment":[{"href":"https:\/\/emailchef.com\/es\/wp-json\/wp\/v2\/media?parent=70830"}],"wp:term":[{"taxonomy":"g1_relation_tag","embeddable":true,"href":"https:\/\/emailchef.com\/es\/wp-json\/wp\/v2\/g1_relation_tag?post=70830"}],"curies":[{"name":"wp","href":"https:\/\/api.w.org\/{rel}","templated":true}]}}