{"id":70750,"date":"2024-02-05T09:16:47","date_gmt":"2024-02-05T09:16:47","guid":{"rendered":"https:\/\/emailchef.com\/?page_id=70750"},"modified":"2024-03-04T08:37:09","modified_gmt":"2024-03-04T08:37:09","slug":"como-compartir-tu-plantilla-antes-de-enviarla","status":"publish","type":"page","link":"https:\/\/emailchef.com\/es\/base-de-conocimiento\/como-compartir-tu-plantilla-antes-de-enviarla\/","title":{"rendered":"C\u00f3mo compartir tu plantilla antes de enviarla"},"content":{"rendered":"<p>Una vez que hayas creado tu plantilla, compartirla con alguien es solo cuesti\u00f3n de unos pocos clics.<\/p>\n<p>De esta manera, puedes enviarla a clientes, colegas o cualquier persona que pueda proporcionar retroalimentaci\u00f3n. Haz clic en &#8220;<strong>Plantillas<\/strong>&#8221; en el men\u00fa ubicado en el lado izquierdo de la plataforma.<\/p>\n<p><a href=\"https:\/\/emailchef.com\/wp-content\/uploads\/2024\/03\/compartir_plantilla_antes_de_enviarla.png\" rel=\"lightbox\"><img decoding=\"async\" src=\"https:\/\/emailchef.com\/wp-content\/uploads\/2024\/03\/compartir_plantilla_antes_de_enviarla.png\" alt=\"Men\u00fa de plantilla de correo electr\u00f3nico\" \/><\/a><\/p>\n<p>En este punto, elige la plantilla que has creado, haz clic en el s\u00edmbolo con tres puntos ubicado en la parte superior derecha de tu plantilla, y luego haz clic en &#8220;<strong>Compartir una plantilla<\/strong>&#8220;.<\/p>\n<p><a href=\"https:\/\/emailchef.com\/wp-content\/uploads\/2024\/03\/compartir_plantilla_antes_de_enviarla_2.png\" rel=\"lightbox\"><img decoding=\"async\" src=\"https:\/\/emailchef.com\/wp-content\/uploads\/2024\/03\/compartir_plantilla_antes_de_enviarla_2.png\" alt=\"Compartir plantilla de correo electr\u00f3nico\" \/><\/a><\/p>\n<p>Para guardar el link de referencia, selecciona la opci\u00f3n &#8220;<strong>Copiar URL<\/strong>&#8220;. Al hacerlo, puedes compartirlo con los contactos que hayas elegido para mostrarles tu dise\u00f1o.<\/p>\n<p><a href=\"https:\/\/emailchef.com\/wp-content\/uploads\/2024\/03\/compartir_plantilla_antes_de_enviarla_3.png\" rel=\"lightbox\"><img decoding=\"async\" src=\"https:\/\/emailchef.com\/wp-content\/uploads\/2024\/03\/compartir_plantilla_antes_de_enviarla_3.png\" alt=\"Copiar la URL de la plantilla de correo electr\u00f3nico compartida\" \/><\/a><\/p>\n<h2 style=\"color: #605e6f; font-weight: bold!important; font-size: 18px; text-transform: uppercase; letter-spacing: -0.7px;\">PUEDES ENVIAR TU PLANTILLA A QUIEN DESEES.<\/h2>\n<p>La persona que recibe el enlace no necesita tener un perfil de Emailchef. La vista previa de tu correo electr\u00f3nico puede ser vista por cualquier persona a qui\u00e9n le proporciones la URL que copiaste.<\/p>\n<h2 style=\"color: #605e6f; font-weight: bold!important; font-size: 18px; text-transform: uppercase; letter-spacing: -0.7px;\">EL ENLACE SE ACTUALIZA EN TIEMPO REAL.<\/h2>\n<p>El enlace generado al momento de compartir se actualizar\u00e1 en tiempo real si llegar\u00e1 a existir alg\u00fan cambio en la plantilla, lo que garantiza que la \u00faltima versi\u00f3n est\u00e9 siempre disponible.<\/p>\n<h2 style=\"color: #605e6f; font-weight: bold!important; font-size: 18px; text-transform: uppercase; letter-spacing: -0.7px;\">PUEDES SIMULAR LA VISTA PREVIA EN DIFERENTES DISPOSITIVOS.<\/h2>\n<p>Al abrir el enlace desde un ordenador, tu contacto puede ver tu correo electr\u00f3nico tanto en su versi\u00f3n de escritorio (a la izquierda) como en su versi\u00f3n m\u00f3vil (a la derecha). Esto proporciona una vista previa clara e inmediata de c\u00f3mo aparecer\u00e1 en diferentes clientes de correo electr\u00f3nico.<\/p>\n<p><a href=\"https:\/\/emailchef.com\/wp-content\/uploads\/2024\/03\/compartir_plantilla_antes_de_enviarla_4.png\" rel=\"lightbox\"><img decoding=\"async\" src=\"https:\/\/emailchef.com\/wp-content\/uploads\/2024\/03\/compartir_plantilla_antes_de_enviarla_4.png\" alt=\"Vista previa de la plantilla de correo electr\u00f3nico compartido\" \/><\/a><\/p>\n","protected":false},"excerpt":{"rendered":"<p>Una vez que hayas creado tu plantilla, compartirla con alguien es solo cuesti\u00f3n de unos pocos clics. De esta manera, puedes enviarla a clientes, colegas o cualquier persona que pueda proporcionar retroalimentaci\u00f3n. Haz clic en &#8220;Plantillas&#8221; en el men\u00fa ubicado en el lado izquierdo de la plataforma. En este punto, elige la plantilla que has [&hellip;]<\/p>\n","protected":false},"author":1,"featured_media":0,"parent":3110,"menu_order":0,"comment_status":"closed","ping_status":"closed","template":"","meta":{"_acf_changed":false,"inline_featured_image":false,"footnotes":""},"g1_relation_tag":[],"class_list":["post-70750","page","type-page","status-publish","hentry"],"acf":[],"yoast_head":"<!-- This site is optimized with the Yoast SEO plugin v24.8.1 - https:\/\/yoast.com\/wordpress\/plugins\/seo\/ -->\n<title>C\u00f3mo compartir su plantilla de bolet\u00edn antes de enviarla<\/title>\n<meta name=\"description\" content=\"C\u00f3mo compartir la vista previa de su correo electr\u00f3nico con alguien &gt;&gt; \u00a1Aprenda ahora c\u00f3mo compartir su correo electr\u00f3nico!\" \/>\n<meta name=\"robots\" content=\"index, follow, max-snippet:-1, max-image-preview:large, max-video-preview:-1\" \/>\n<link rel=\"canonical\" href=\"https:\/\/emailchef.com\/es\/base-de-conocimiento\/como-compartir-tu-plantilla-antes-de-enviarla\/\" \/>\n<!-- \/ Yoast SEO plugin. -->","yoast_head_json":{"title":"C\u00f3mo compartir su plantilla de bolet\u00edn antes de enviarla","description":"C\u00f3mo compartir la vista previa de su correo electr\u00f3nico con alguien >> \u00a1Aprenda ahora c\u00f3mo compartir su correo electr\u00f3nico!","robots":{"index":"index","follow":"follow","max-snippet":"max-snippet:-1","max-image-preview":"max-image-preview:large","max-video-preview":"max-video-preview:-1"},"canonical":"https:\/\/emailchef.com\/es\/base-de-conocimiento\/como-compartir-tu-plantilla-antes-de-enviarla\/","schema":{"@context":"https:\/\/schema.org","@graph":[{"@type":"WebPage","@id":"https:\/\/emailchef.com\/es\/base-de-conocimiento\/como-compartir-tu-plantilla-antes-de-enviarla\/","url":"https:\/\/emailchef.com\/es\/base-de-conocimiento\/como-compartir-tu-plantilla-antes-de-enviarla\/","name":"C\u00f3mo compartir su plantilla de bolet\u00edn antes de enviarla","isPartOf":{"@id":"https:\/\/emailchef.com\/es\/#website"},"primaryImageOfPage":{"@id":"https:\/\/emailchef.com\/es\/base-de-conocimiento\/como-compartir-tu-plantilla-antes-de-enviarla\/#primaryimage"},"image":{"@id":"https:\/\/emailchef.com\/es\/base-de-conocimiento\/como-compartir-tu-plantilla-antes-de-enviarla\/#primaryimage"},"thumbnailUrl":"https:\/\/emailchef.com\/wp-content\/uploads\/2024\/03\/compartir_plantilla_antes_de_enviarla.png","datePublished":"2024-02-05T09:16:47+00:00","dateModified":"2024-03-04T08:37:09+00:00","description":"C\u00f3mo compartir la vista previa de su correo electr\u00f3nico con alguien >> \u00a1Aprenda ahora c\u00f3mo compartir su correo electr\u00f3nico!","breadcrumb":{"@id":"https:\/\/emailchef.com\/es\/base-de-conocimiento\/como-compartir-tu-plantilla-antes-de-enviarla\/#breadcrumb"},"inLanguage":"es","potentialAction":[{"@type":"ReadAction","target":["https:\/\/emailchef.com\/es\/base-de-conocimiento\/como-compartir-tu-plantilla-antes-de-enviarla\/"]}]},{"@type":"ImageObject","inLanguage":"es","@id":"https:\/\/emailchef.com\/es\/base-de-conocimiento\/como-compartir-tu-plantilla-antes-de-enviarla\/#primaryimage","url":"https:\/\/emailchef.com\/wp-content\/uploads\/2024\/03\/compartir_plantilla_antes_de_enviarla.png","contentUrl":"https:\/\/emailchef.com\/wp-content\/uploads\/2024\/03\/compartir_plantilla_antes_de_enviarla.png"},{"@type":"BreadcrumbList","@id":"https:\/\/emailchef.com\/es\/base-de-conocimiento\/como-compartir-tu-plantilla-antes-de-enviarla\/#breadcrumb","itemListElement":[{"@type":"ListItem","position":1,"name":"Home","item":"https:\/\/emailchef.com\/es\/emailchef-email-marketing-services\/"},{"@type":"ListItem","position":2,"name":"Base de conocimiento","item":"https:\/\/emailchef.com\/es\/base-de-conocimiento\/"},{"@type":"ListItem","position":3,"name":"C\u00f3mo compartir tu plantilla antes de enviarla"}]},{"@type":"WebSite","@id":"https:\/\/emailchef.com\/es\/#website","url":"https:\/\/emailchef.com\/es\/","name":"Emailchef","description":"Tasty recipes for email marketing","publisher":{"@id":"https:\/\/emailchef.com\/es\/#organization"},"potentialAction":[{"@type":"SearchAction","target":{"@type":"EntryPoint","urlTemplate":"https:\/\/emailchef.com\/es\/?s={search_term_string}"},"query-input":{"@type":"PropertyValueSpecification","valueRequired":true,"valueName":"search_term_string"}}],"inLanguage":"es"},{"@type":"Organization","@id":"https:\/\/emailchef.com\/es\/#organization","name":"Delivery Tech Corp.","url":"https:\/\/emailchef.com\/es\/","logo":{"@type":"ImageObject","inLanguage":"es","@id":"https:\/\/emailchef.com\/es\/#\/schema\/logo\/image\/","url":"https:\/\/emailchef.com\/wp-content\/uploads\/2022\/04\/logo-sama.png","contentUrl":"https:\/\/emailchef.com\/wp-content\/uploads\/2022\/04\/logo-sama.png","width":237,"height":80,"caption":"Delivery Tech Corp."},"image":{"@id":"https:\/\/emailchef.com\/es\/#\/schema\/logo\/image\/"}}]}},"_links":{"self":[{"href":"https:\/\/emailchef.com\/es\/wp-json\/wp\/v2\/pages\/70750"}],"collection":[{"href":"https:\/\/emailchef.com\/es\/wp-json\/wp\/v2\/pages"}],"about":[{"href":"https:\/\/emailchef.com\/es\/wp-json\/wp\/v2\/types\/page"}],"author":[{"embeddable":true,"href":"https:\/\/emailchef.com\/es\/wp-json\/wp\/v2\/users\/1"}],"replies":[{"embeddable":true,"href":"https:\/\/emailchef.com\/es\/wp-json\/wp\/v2\/comments?post=70750"}],"version-history":[{"count":2,"href":"https:\/\/emailchef.com\/es\/wp-json\/wp\/v2\/pages\/70750\/revisions"}],"predecessor-version":[{"id":70788,"href":"https:\/\/emailchef.com\/es\/wp-json\/wp\/v2\/pages\/70750\/revisions\/70788"}],"up":[{"embeddable":true,"href":"https:\/\/emailchef.com\/es\/wp-json\/wp\/v2\/pages\/3110"}],"wp:attachment":[{"href":"https:\/\/emailchef.com\/es\/wp-json\/wp\/v2\/media?parent=70750"}],"wp:term":[{"taxonomy":"g1_relation_tag","embeddable":true,"href":"https:\/\/emailchef.com\/es\/wp-json\/wp\/v2\/g1_relation_tag?post=70750"}],"curies":[{"name":"wp","href":"https:\/\/api.w.org\/{rel}","templated":true}]}}