{"id":70678,"date":"2023-10-31T08:21:09","date_gmt":"2023-10-31T08:21:09","guid":{"rendered":"https:\/\/emailchef.com\/?page_id=70678"},"modified":"2024-03-01T10:18:00","modified_gmt":"2024-03-01T10:18:00","slug":"como-crear-una-direccion-de-correo-electronico-con-un-dominio-personalizado-si-ya-tienes-un-dominio-web","status":"publish","type":"page","link":"https:\/\/emailchef.com\/es\/base-de-conocimiento\/como-crear-una-direccion-de-correo-electronico-con-un-dominio-personalizado-si-ya-tienes-un-dominio-web\/","title":{"rendered":"C\u00f3mo crear una direcci\u00f3n de correo electr\u00f3nico con un dominio personalizado si ya tienes un dominio web"},"content":{"rendered":"<h2 style=\"font-style: italic; font-size: 26px; margin-top: 0px;\">Aqu\u00ed tiene todas las gu\u00edas de los principales proveedores de dominios para ayudarle a crear una direcci\u00f3n de correo electr\u00f3nico personalizada.<\/h2>\n<p>Una direcci\u00f3n de correo electr\u00f3nico con un dominio personalizado es esencial para cualquier estrategia online. Asegura que su negocio sea percibido como serio y confiable, y reduce el riesgo de que sus correos electr\u00f3nicos sean marcados como spam.<\/p>\n<p>Pero, \u00bfc\u00f3mo puede crear una direcci\u00f3n de correo electr\u00f3nico personalizada usando su dominio y su proveedor de dominio actual? <\/p>\n<p>A continuaci\u00f3n, encontrar\u00e1 las gu\u00edas para crear direcciones de correo electr\u00f3nico con dominio personalizado en cada uno de los principales proveedores de dominios. Simplemente haga clic en el nombre de su proveedor para abrir la gu\u00eda completa.<\/p>\n<ul>\n<li><a href=\"https:\/\/www.godaddy.com\/resources\/skills\/how-to-use-a-custom-domain-name-for-email\" target=\"_blank\" rel=\"nofollow noopener\" title=\"C\u00f3mo crear una direcci\u00f3n de correo electr\u00f3nico con un dominio personalizado en Godaddy\">GoDaddy<\/a><\/li>\n<li><a href=\"https:\/\/www.ionos.com\/digitalguide\/e-mail\/technical-matters\/reasons-to-get-your-own-email-domain\/\" target=\"_blank\" rel=\"nofollow noopener\" title=\"C\u00f3mo crear una direcci\u00f3n de correo electr\u00f3nico con un dominio personalizado en Ionos\">Ionos<\/a><\/li>\n<li><a href=\"https:\/\/www.namecheap.com\/support\/knowledgebase\/article.aspx\/1049\/2215\/how-to-create-namecheap-private-email-mailbox\/\" target=\"_blank\" rel=\"nofollow noopener\" title=\"C\u00f3mo crear una direcci\u00f3n de correo electr\u00f3nico con un dominio personalizado en Namecheap\">Namecheap<\/a><\/li>\n<li><a href=\"https:\/\/www.hostgator.com\/help\/article\/how-do-i-create-email-accounts-in-cpanel\" target=\"_blank\" rel=\"nofollow noopener\" title=\"C\u00f3mo crear una direcci\u00f3n de correo electr\u00f3nico con un dominio personalizado en Hostgator\">Hostgator<\/a><\/li>\n<li><a href=\"https:\/\/www.bluehost.com\/help\/article\/email-account-management\" target=\"_blank\" rel=\"nofollow noopener\" title=\"C\u00f3mo crear una direcci\u00f3n de correo electr\u00f3nico con un dominio personalizado en Bluehost\">Bluehost<\/a><\/li>\n<li><a href=\"https:\/\/www.hover.com\/email\" target=\"_blank\" rel=\"nofollow noopener\" title=\"C\u00f3mo crear una direcci\u00f3n de correo electr\u00f3nico con un dominio personalizado en Hover\">Hover<\/a><\/li>\n<li><a href=\"https:\/\/www.name.com\/blog\/tutorial-creating-your-first-email-address-with-name-com-email\" target=\"_blank\" rel=\"nofollow noopener\" title=\"C\u00f3mo crear una direcci\u00f3n de correo electr\u00f3nico con un dominio personalizado en Name.com\">Name.com<\/a><\/li>\n<\/ul>\n","protected":false},"excerpt":{"rendered":"<p>Aqu\u00ed tiene todas las gu\u00edas de los principales proveedores de dominios para ayudarle a crear una direcci\u00f3n de correo electr\u00f3nico personalizada. Una direcci\u00f3n de correo electr\u00f3nico con un dominio personalizado es esencial para cualquier estrategia online. Asegura que su negocio sea percibido como serio y confiable, y reduce el riesgo de que sus correos electr\u00f3nicos [&hellip;]<\/p>\n","protected":false},"author":1,"featured_media":0,"parent":3110,"menu_order":0,"comment_status":"closed","ping_status":"closed","template":"","meta":{"_acf_changed":false,"inline_featured_image":false,"footnotes":""},"g1_relation_tag":[],"class_list":["post-70678","page","type-page","status-publish","hentry"],"acf":[],"yoast_head":"<!-- This site is optimized with the Yoast SEO plugin v24.8.1 - https:\/\/yoast.com\/wordpress\/plugins\/seo\/ -->\n<title>Crear una direcci\u00f3n de correo electr\u00f3nico con un dominio personalizado<\/title>\n<meta name=\"description\" content=\"Gu\u00eda para crear su direcci\u00f3n de correo electr\u00f3nico utilizando su propio dominio &gt;&gt; Descubra c\u00f3mo: \u00a1Lea la gu\u00eda ahora!\" \/>\n<meta name=\"robots\" content=\"index, follow, max-snippet:-1, max-image-preview:large, max-video-preview:-1\" \/>\n<link rel=\"canonical\" href=\"https:\/\/emailchef.com\/es\/base-de-conocimiento\/como-crear-una-direccion-de-correo-electronico-con-un-dominio-personalizado-si-ya-tienes-un-dominio-web\/\" \/>\n<!-- \/ Yoast SEO plugin. -->","yoast_head_json":{"title":"Crear una direcci\u00f3n de correo electr\u00f3nico con un dominio personalizado","description":"Gu\u00eda para crear su direcci\u00f3n de correo electr\u00f3nico utilizando su propio dominio >> Descubra c\u00f3mo: \u00a1Lea la gu\u00eda ahora!","robots":{"index":"index","follow":"follow","max-snippet":"max-snippet:-1","max-image-preview":"max-image-preview:large","max-video-preview":"max-video-preview:-1"},"canonical":"https:\/\/emailchef.com\/es\/base-de-conocimiento\/como-crear-una-direccion-de-correo-electronico-con-un-dominio-personalizado-si-ya-tienes-un-dominio-web\/","schema":{"@context":"https:\/\/schema.org","@graph":[{"@type":"WebPage","@id":"https:\/\/emailchef.com\/es\/base-de-conocimiento\/como-crear-una-direccion-de-correo-electronico-con-un-dominio-personalizado-si-ya-tienes-un-dominio-web\/","url":"https:\/\/emailchef.com\/es\/base-de-conocimiento\/como-crear-una-direccion-de-correo-electronico-con-un-dominio-personalizado-si-ya-tienes-un-dominio-web\/","name":"Crear una direcci\u00f3n de correo electr\u00f3nico con un dominio personalizado","isPartOf":{"@id":"https:\/\/emailchef.com\/es\/#website"},"datePublished":"2023-10-31T08:21:09+00:00","dateModified":"2024-03-01T10:18:00+00:00","description":"Gu\u00eda para crear su direcci\u00f3n de correo electr\u00f3nico utilizando su propio dominio >> Descubra c\u00f3mo: \u00a1Lea la gu\u00eda ahora!","breadcrumb":{"@id":"https:\/\/emailchef.com\/es\/base-de-conocimiento\/como-crear-una-direccion-de-correo-electronico-con-un-dominio-personalizado-si-ya-tienes-un-dominio-web\/#breadcrumb"},"inLanguage":"es","potentialAction":[{"@type":"ReadAction","target":["https:\/\/emailchef.com\/es\/base-de-conocimiento\/como-crear-una-direccion-de-correo-electronico-con-un-dominio-personalizado-si-ya-tienes-un-dominio-web\/"]}]},{"@type":"BreadcrumbList","@id":"https:\/\/emailchef.com\/es\/base-de-conocimiento\/como-crear-una-direccion-de-correo-electronico-con-un-dominio-personalizado-si-ya-tienes-un-dominio-web\/#breadcrumb","itemListElement":[{"@type":"ListItem","position":1,"name":"Home","item":"https:\/\/emailchef.com\/es\/emailchef-email-marketing-services\/"},{"@type":"ListItem","position":2,"name":"Base de conocimiento","item":"https:\/\/emailchef.com\/es\/base-de-conocimiento\/"},{"@type":"ListItem","position":3,"name":"C\u00f3mo crear una direcci\u00f3n de correo electr\u00f3nico con un dominio personalizado si ya tienes un dominio web"}]},{"@type":"WebSite","@id":"https:\/\/emailchef.com\/es\/#website","url":"https:\/\/emailchef.com\/es\/","name":"Emailchef","description":"Tasty recipes for email marketing","publisher":{"@id":"https:\/\/emailchef.com\/es\/#organization"},"potentialAction":[{"@type":"SearchAction","target":{"@type":"EntryPoint","urlTemplate":"https:\/\/emailchef.com\/es\/?s={search_term_string}"},"query-input":{"@type":"PropertyValueSpecification","valueRequired":true,"valueName":"search_term_string"}}],"inLanguage":"es"},{"@type":"Organization","@id":"https:\/\/emailchef.com\/es\/#organization","name":"Delivery Tech Corp.","url":"https:\/\/emailchef.com\/es\/","logo":{"@type":"ImageObject","inLanguage":"es","@id":"https:\/\/emailchef.com\/es\/#\/schema\/logo\/image\/","url":"https:\/\/emailchef.com\/wp-content\/uploads\/2022\/04\/logo-sama.png","contentUrl":"https:\/\/emailchef.com\/wp-content\/uploads\/2022\/04\/logo-sama.png","width":237,"height":80,"caption":"Delivery Tech Corp."},"image":{"@id":"https:\/\/emailchef.com\/es\/#\/schema\/logo\/image\/"}}]}},"_links":{"self":[{"href":"https:\/\/emailchef.com\/es\/wp-json\/wp\/v2\/pages\/70678"}],"collection":[{"href":"https:\/\/emailchef.com\/es\/wp-json\/wp\/v2\/pages"}],"about":[{"href":"https:\/\/emailchef.com\/es\/wp-json\/wp\/v2\/types\/page"}],"author":[{"embeddable":true,"href":"https:\/\/emailchef.com\/es\/wp-json\/wp\/v2\/users\/1"}],"replies":[{"embeddable":true,"href":"https:\/\/emailchef.com\/es\/wp-json\/wp\/v2\/comments?post=70678"}],"version-history":[{"count":2,"href":"https:\/\/emailchef.com\/es\/wp-json\/wp\/v2\/pages\/70678\/revisions"}],"predecessor-version":[{"id":70680,"href":"https:\/\/emailchef.com\/es\/wp-json\/wp\/v2\/pages\/70678\/revisions\/70680"}],"up":[{"embeddable":true,"href":"https:\/\/emailchef.com\/es\/wp-json\/wp\/v2\/pages\/3110"}],"wp:attachment":[{"href":"https:\/\/emailchef.com\/es\/wp-json\/wp\/v2\/media?parent=70678"}],"wp:term":[{"taxonomy":"g1_relation_tag","embeddable":true,"href":"https:\/\/emailchef.com\/es\/wp-json\/wp\/v2\/g1_relation_tag?post=70678"}],"curies":[{"name":"wp","href":"https:\/\/api.w.org\/{rel}","templated":true}]}}