{"id":6889,"date":"2018-05-09T14:43:26","date_gmt":"2018-05-09T14:43:26","guid":{"rendered":"https:\/\/emailchef.com\/?page_id=6889"},"modified":"2018-07-13T13:09:09","modified_gmt":"2018-07-13T13:09:09","slug":"regulation-eu-2016-679-gdpr","status":"publish","type":"page","link":"https:\/\/emailchef.com\/es\/regulation-eu-2016-679-gdpr\/","title":{"rendered":"Regulation (EU) 2016\/679 &#8211; GDPR"},"content":{"rendered":"\n<p><strong>La protecci\u00f3n de la privacidad de nuestros usuarios es una prioridad para nosotros<\/strong>, es por ello que utilizamos todas las medidas y las mejores pr\u00e1cticas para la protecci\u00f3n de datos. Nuestro trabajo se encuentra basado en la Privacidad por Dise\u00f1o.<\/p>\n<p>Nuestra empresa ya ha elevado nuestros est\u00e1ndares, en cumplimiento con <strong>GDPR<\/strong> (Regulaci\u00f3n General de Protecci\u00f3n de Datos. Para nosotros es un paso importante garantizar <strong>mayor seguridad en su informaci\u00f3n<\/strong>. Deseamos compartir con usted <strong>nuestras medidas para mejorar la seguridad<\/strong>, adem\u00e1s, deseamos ayudarle a cumplir con GDPR.<\/p>\n<p>Si desea observar los conceptos b\u00e1sicos de GDPR, puede observar\u00a0<a href=\"\/es\/gdpr-basic-concepts\/\"><strong>nuestra gu\u00eda<\/strong><\/a>, <span style=\"font-weight: 400;\">escrita especialmente para usted<\/span>.<\/p>\n<div class=\"g1-space\" style=\"height: 30px;\"><\/div>\n<h2>Su Informaci\u00f3n Se Encuentra Segura<\/h2>\n<p>Hace tiempo, nuestro equipo ha implementado algunas mejoras para proteger su informaci\u00f3n y privacidad. Por ello, ya nos encontramos perfectamente alineados con GDPR.<\/p>\n<p><strong>Nuestro compromiso es continuo<\/strong>, de hecho, regularmente verificamos la eficiencia y la adecuaci\u00f3n de nuestras medidas adoptadas y ejecutadas, a los fines de garantizar la protecci\u00f3n de nuestra base de datos, los derechos y libertades fundamentales de las personas, y la aplicaci\u00f3n del proceso de informaci\u00f3n por parte de quienes utilizan nuestros servicios.<\/p>\n<p>En la siguiente tabla, encontrar\u00e1 todos los detalles sobre el trabajo realizado que le permite utilizar nuestros productos y servicios en forma segura.<\/p>\n<div id=\"\" class=\"g1-table g1-table--solid \">\n<table width=\"100%\">\n<tbody>\n<tr>\n<td align=\"left\" valign=\"center\">Hemos designado un Oficial de Protecci\u00f3n de Informaci\u00f3n<\/td>\n<td align=\"center\" valign=\"top\" width=\"100px\"><i id=\"\" class=\"fa fa-check-square g1-icon g1-icon--none g1-icon--medium g1-icon--inherit \"  style=\"color: #f47200;\"><\/i><\/td>\n<\/tr>\n<tr>\n<td align=\"left\" valign=\"center\">Hemos entrenado un equipo involucrado en el procesamiento de informaci\u00f3n y actividades de control relacionadas<\/td>\n<td align=\"center\" valign=\"top\" width=\"100px\"><i id=\"\" class=\"fa fa-check-square g1-icon g1-icon--none g1-icon--medium g1-icon--inherit \"  style=\"color: #f47200;\"><\/i><\/td>\n<\/tr>\n<tr>\n<td align=\"left\" valign=\"center\">Nuestra pol\u00edtica sobre los derechos de Sujeto de Informaci\u00f3n y los procedimientos constituyen la prueba de que el consentimiento para procesar la informaci\u00f3n ha sido actualizado<\/td>\n<td align=\"center\" valign=\"top\" width=\"100px\"><i id=\"\" class=\"fa fa-check-square g1-icon g1-icon--none g1-icon--medium g1-icon--inherit \"  style=\"color: #f47200;\"><\/i><\/td>\n<\/tr>\n<tr>\n<td align=\"left\" valign=\"center\">Hemos creado una declaraci\u00f3n detallada y adecuada para GDPR, f\u00e1cil de comprender, para permitir a los Sujetos de Informaci\u00f3n conocer sobre la posibilidad de ejercer sus derechos<\/td>\n<td align=\"center\" valign=\"top\" width=\"100px\"><i id=\"\" class=\"fa fa-check-square g1-icon g1-icon--none g1-icon--medium g1-icon--inherit \"  style=\"color: #f47200;\"><\/i><\/td>\n<\/tr>\n<tr>\n<td align=\"left\" valign=\"center\">En caso de violaci\u00f3n de informaci\u00f3n personal nuestros procedimientos de respuesta son r\u00e1pidos, y se ejecutan sin demora una vez detectada la anomal\u00eda<\/td>\n<td align=\"center\" valign=\"top\" width=\"100px\"><i id=\"\" class=\"fa fa-check-square g1-icon g1-icon--none g1-icon--medium g1-icon--inherit \"  style=\"color: #f47200;\"><\/i><\/td>\n<\/tr>\n<tr>\n<td align=\"left\" valign=\"center\">Hemos aplicado principios de GDPR sobre varios aspectos del procesamiento de informaci\u00f3n: actividades, objetivos, descripci\u00f3n de categor\u00edas de recipientes y eventuales transferencias de informaci\u00f3n<\/td>\n<td align=\"center\" valign=\"top\" width=\"100px\"><i id=\"\" class=\"fa fa-check-square g1-icon g1-icon--none g1-icon--medium g1-icon--inherit \"  style=\"color: #f47200;\"><\/i><\/td>\n<\/tr>\n<tr>\n<td align=\"left\" valign=\"center\">Hemos aplicado principios de GDPR sobre varios aspectos del procesamiento de informaci\u00f3n: actividades, objetivos, descripci\u00f3n de categor\u00edas de recipientes<\/td>\n<td align=\"center\" valign=\"top\" width=\"100px\"><i id=\"\" class=\"fa fa-check-square g1-icon g1-icon--none g1-icon--medium g1-icon--inherit \"  style=\"color: #f47200;\"><\/i><\/td>\n<\/tr>\n<tr>\n<td align=\"left\" valign=\"center\">Nuestras medidas t\u00e9cnicas y organizacionales han sido consolidadas<\/td>\n<td align=\"center\" valign=\"top\" width=\"100px\"><i id=\"\" class=\"fa fa-check-square g1-icon g1-icon--none g1-icon--medium g1-icon--inherit \"  style=\"color: #f47200;\"><\/i><\/td>\n<\/tr>\n<tr>\n<td align=\"left\" valign=\"center\">Garantizamos el derecho a la portabilidad de informaci\u00f3n del sujeto desde y hacia sistemas de terceros<\/td>\n<td align=\"center\" valign=\"top\" width=\"100px\"><i id=\"\" class=\"fa fa-check-square g1-icon g1-icon--none g1-icon--medium g1-icon--inherit \"  style=\"color: #f47200;\"><\/i><\/td>\n<\/tr>\n<tr>\n<td align=\"left\" valign=\"center\">El nivel de protecci\u00f3n para la transferencia de informaci\u00f3n hacia pa\u00edses fuera de la UE ha sido reforzado con protocolos adecuados<\/td>\n<td align=\"center\" valign=\"top\" width=\"100px\"><i id=\"\" class=\"fa fa-check-square g1-icon g1-icon--none g1-icon--medium g1-icon--inherit \"  style=\"color: #f47200;\"><\/i><\/td>\n<\/tr>\n<tr>\n<td align=\"left\" valign=\"center\">Hace tiempo hemos adoptado la Privacidad por dise\u00f1o, para implementar la eficiencia de los principios de GDPR en la protecci\u00f3n de informaci\u00f3n y procesamiento de informaci\u00f3n<\/td>\n<td align=\"center\" valign=\"top\" width=\"100px\"><i id=\"\" class=\"fa fa-check-square g1-icon g1-icon--none g1-icon--medium g1-icon--inherit \"  style=\"color: #f47200;\"><\/i><\/td>\n<\/tr>\n<tr>\n<td align=\"left\" valign=\"center\">El 24 de mayo de 2018 publicaremos la nueva circular<\/td>\n<td align=\"center\" valign=\"top\" width=\"100px\"><i id=\"\" class=\"fa fa-check-square g1-icon g1-icon--none g1-icon--medium g1-icon--inherit \"  style=\"color: #f47200;\"><\/i><\/td>\n<\/tr>\n<\/tbody>\n<\/table>\n<\/div>\n<div class=\"g1-space\" style=\"height: 30px;\"><\/div>\n<h2>C\u00f3mo Cumplir Con GDPR<\/h2>\n<p><strong>Usted es el controlador de su informaci\u00f3n personal<\/strong> y Emailchef procesa la informaci\u00f3n personal en su nombre.<\/p>\n<p>Para ayudar en sus actividades, ofrecemos las herramientas m\u00e1s seguras y confiables, que cumplen con GDPR.<\/p>\n<p>Lo invitamos a seguir estos consejos para que pueda comprender c\u00f3mo cumplir con la nueva provisi\u00f3n de privacidad y c\u00f3mo utilizar Emailchef en forma correcta:<\/p>\n\n<ul id=\"\" class=\"g1-list g1-list--icon g1-list--simple \">\n<li><i class=\"fa fa-arrow-right g1-list__icon\"><\/i>P<strong>roteja Su PC con una Contrase\u00f1a y antivirus<\/strong>: nadie m\u00e1s podr\u00e1 acceder a su informaci\u00f3n<\/li>\n<li><i class=\"fa fa-arrow-right g1-list__icon\"><\/i>Sugerimos cambiar <strong>frecuentemente su contrase\u00f1a de ingreso<\/strong><\/li>\n<li><i class=\"fa fa-arrow-right g1-list__icon\"><\/i><strong>Sus listas de email deben contener s\u00f3lo contactos verificados<\/strong> de aquellos que han <strong>informado el consentimiento de la informaci\u00f3n<\/strong><\/li>\n<li><i class=\"fa fa-arrow-right g1-list__icon\"><\/i>Deber\u00e1 <strong>prestar atenci\u00f3n a nuestras nuevas condiciones de procesamiento de informaci\u00f3n<\/strong>, actualizadas para cumplir con GDPR<\/li>\n<li><i class=\"fa fa-arrow-right g1-list__icon\"><\/i>Debe proveer a sus clientes y\/o usuarios la <strong>informaci\u00f3n de cumplimiento con GDPR<\/strong> en forma adecuada y actualizada<\/li>\n<li><i class=\"fa fa-arrow-right g1-list__icon\"><\/i>Cuando exporte su informaci\u00f3n desde Emailchef, <strong>aseg\u00farese<\/strong> de que su informaci\u00f3n se encuentra protegida!<\/li>\n<li><i class=\"fa fa-arrow-right g1-list__icon\"><\/i><strong>Si utiliza una API de tercero para importar su informaci\u00f3n<\/strong>, aseg\u00farese de que posee un contrato actualizado sobre el procesamiento de informaci\u00f3n en cumplimiento con GDPR<\/li>\n<li><i class=\"fa fa-arrow-right g1-list__icon\"><\/i><strong>No env\u00ede informaci\u00f3n confidencial<\/strong> mediante una campa\u00f1a de email<\/li>\n<\/ul>\n\n","protected":false},"excerpt":{"rendered":"<p>La protecci\u00f3n de la privacidad de nuestros usuarios es una prioridad para nosotros, es por ello que utilizamos todas las medidas y las mejores pr\u00e1cticas para la protecci\u00f3n de datos. Nuestro trabajo se encuentra basado en la Privacidad por Dise\u00f1o. Nuestra empresa ya ha elevado nuestros est\u00e1ndares, en cumplimiento con GDPR (Regulaci\u00f3n General de Protecci\u00f3n [&hellip;]<\/p>\n","protected":false},"author":2,"featured_media":0,"parent":0,"menu_order":0,"comment_status":"closed","ping_status":"closed","template":"","meta":{"_acf_changed":false,"inline_featured_image":false,"footnotes":""},"g1_relation_tag":[],"class_list":["post-6889","page","type-page","status-publish","hentry"],"acf":[],"yoast_head":"<!-- This site is optimized with the Yoast SEO plugin v24.8.1 - https:\/\/yoast.com\/wordpress\/plugins\/seo\/ -->\n<title>Regulation (EU) 2016\/679 - GDPR - Emailchef<\/title>\n<meta name=\"robots\" content=\"index, follow, max-snippet:-1, max-image-preview:large, max-video-preview:-1\" \/>\n<link rel=\"canonical\" href=\"https:\/\/emailchef.com\/es\/regulation-eu-2016-679-gdpr\/\" \/>\n<meta name=\"twitter:label1\" content=\"Tiempo de lectura\" \/>\n\t<meta name=\"twitter:data1\" content=\"4 minutos\" \/>\n<!-- \/ Yoast SEO plugin. -->","yoast_head_json":{"title":"Regulation (EU) 2016\/679 - GDPR - Emailchef","robots":{"index":"index","follow":"follow","max-snippet":"max-snippet:-1","max-image-preview":"max-image-preview:large","max-video-preview":"max-video-preview:-1"},"canonical":"https:\/\/emailchef.com\/es\/regulation-eu-2016-679-gdpr\/","twitter_misc":{"Tiempo de lectura":"4 minutos"},"schema":{"@context":"https:\/\/schema.org","@graph":[{"@type":"WebPage","@id":"https:\/\/emailchef.com\/es\/regulation-eu-2016-679-gdpr\/","url":"https:\/\/emailchef.com\/es\/regulation-eu-2016-679-gdpr\/","name":"Regulation (EU) 2016\/679 - GDPR - Emailchef","isPartOf":{"@id":"https:\/\/emailchef.com\/es\/#website"},"datePublished":"2018-05-09T14:43:26+00:00","dateModified":"2018-07-13T13:09:09+00:00","breadcrumb":{"@id":"https:\/\/emailchef.com\/es\/regulation-eu-2016-679-gdpr\/#breadcrumb"},"inLanguage":"es","potentialAction":[{"@type":"ReadAction","target":["https:\/\/emailchef.com\/es\/regulation-eu-2016-679-gdpr\/"]}]},{"@type":"BreadcrumbList","@id":"https:\/\/emailchef.com\/es\/regulation-eu-2016-679-gdpr\/#breadcrumb","itemListElement":[{"@type":"ListItem","position":1,"name":"Home","item":"https:\/\/emailchef.com\/es\/emailchef-email-marketing-services\/"},{"@type":"ListItem","position":2,"name":"Regulation (EU) 2016\/679 &#8211; GDPR"}]},{"@type":"WebSite","@id":"https:\/\/emailchef.com\/es\/#website","url":"https:\/\/emailchef.com\/es\/","name":"Emailchef","description":"Tasty recipes for email marketing","publisher":{"@id":"https:\/\/emailchef.com\/es\/#organization"},"potentialAction":[{"@type":"SearchAction","target":{"@type":"EntryPoint","urlTemplate":"https:\/\/emailchef.com\/es\/?s={search_term_string}"},"query-input":{"@type":"PropertyValueSpecification","valueRequired":true,"valueName":"search_term_string"}}],"inLanguage":"es"},{"@type":"Organization","@id":"https:\/\/emailchef.com\/es\/#organization","name":"Delivery Tech Corp.","url":"https:\/\/emailchef.com\/es\/","logo":{"@type":"ImageObject","inLanguage":"es","@id":"https:\/\/emailchef.com\/es\/#\/schema\/logo\/image\/","url":"https:\/\/emailchef.com\/wp-content\/uploads\/2022\/04\/logo-sama.png","contentUrl":"https:\/\/emailchef.com\/wp-content\/uploads\/2022\/04\/logo-sama.png","width":237,"height":80,"caption":"Delivery Tech Corp."},"image":{"@id":"https:\/\/emailchef.com\/es\/#\/schema\/logo\/image\/"}}]}},"_links":{"self":[{"href":"https:\/\/emailchef.com\/es\/wp-json\/wp\/v2\/pages\/6889"}],"collection":[{"href":"https:\/\/emailchef.com\/es\/wp-json\/wp\/v2\/pages"}],"about":[{"href":"https:\/\/emailchef.com\/es\/wp-json\/wp\/v2\/types\/page"}],"author":[{"embeddable":true,"href":"https:\/\/emailchef.com\/es\/wp-json\/wp\/v2\/users\/2"}],"replies":[{"embeddable":true,"href":"https:\/\/emailchef.com\/es\/wp-json\/wp\/v2\/comments?post=6889"}],"version-history":[{"count":5,"href":"https:\/\/emailchef.com\/es\/wp-json\/wp\/v2\/pages\/6889\/revisions"}],"predecessor-version":[{"id":7341,"href":"https:\/\/emailchef.com\/es\/wp-json\/wp\/v2\/pages\/6889\/revisions\/7341"}],"wp:attachment":[{"href":"https:\/\/emailchef.com\/es\/wp-json\/wp\/v2\/media?parent=6889"}],"wp:term":[{"taxonomy":"g1_relation_tag","embeddable":true,"href":"https:\/\/emailchef.com\/es\/wp-json\/wp\/v2\/g1_relation_tag?post=6889"}],"curies":[{"name":"wp","href":"https:\/\/api.w.org\/{rel}","templated":true}]}}