{"id":5940,"date":"2016-11-21T09:43:57","date_gmt":"2016-11-21T09:43:57","guid":{"rendered":"http:\/\/emailchef.com\/?page_id=5940\/"},"modified":"2024-10-18T13:28:09","modified_gmt":"2024-10-18T13:28:09","slug":"emailchef-prestashop-lo-mejor-del-marketing-por-email","status":"publish","type":"page","link":"https:\/\/emailchef.com\/es\/emailchef-prestashop-lo-mejor-del-marketing-por-email\/","title":{"rendered":"PrestaShop: con el plugin de Emailchef puedes aumentar tus ventas en l\u00ednea"},"content":{"rendered":"\t\t<div data-elementor-type=\"wp-page\" data-elementor-id=\"5940\" class=\"elementor elementor-5940 elementor-5132\" data-elementor-post-type=\"page\">\n\t\t\t\t\t\t<section class=\"elementor-section elementor-top-section elementor-element elementor-element-25efbd4 elementor-section-boxed elementor-section-height-default elementor-section-height-default\" data-id=\"25efbd4\" data-element_type=\"section\">\n\t\t\t\t\t\t<div class=\"elementor-container elementor-column-gap-default\">\n\t\t\t\t\t<div class=\"elementor-column elementor-col-100 elementor-top-column elementor-element elementor-element-af487aa\" data-id=\"af487aa\" data-element_type=\"column\">\n\t\t\t<div class=\"elementor-widget-wrap elementor-element-populated\">\n\t\t\t\t\t\t<div class=\"elementor-element elementor-element-e296cad elementor-widget elementor-widget-image\" data-id=\"e296cad\" data-element_type=\"widget\" data-widget_type=\"image.default\">\n\t\t\t\t<div class=\"elementor-widget-container\">\n\t\t\t\t\t\t\t\t\t\t\t\t\t\t\t<img fetchpriority=\"high\" decoding=\"async\" width=\"800\" height=\"600\" src=\"https:\/\/emailchef.com\/wp-content\/uploads\/2024\/10\/emailchef_prestashop_plugin.png\" class=\"attachment-full size-full wp-image-76528\" alt=\"\" srcset=\"https:\/\/emailchef.com\/wp-content\/uploads\/2024\/10\/emailchef_prestashop_plugin.png 800w, https:\/\/emailchef.com\/wp-content\/uploads\/2024\/10\/emailchef_prestashop_plugin-300x225.png 300w, https:\/\/emailchef.com\/wp-content\/uploads\/2024\/10\/emailchef_prestashop_plugin-768x576.png 768w\" sizes=\"(max-width: 800px) 100vw, 800px\" \/>\t\t\t\t\t\t\t\t\t\t\t\t\t\t\t<\/div>\n\t\t\t\t<\/div>\n\t\t\t\t\t<\/div>\n\t\t<\/div>\n\t\t\t\t\t<\/div>\n\t\t<\/section>\n\t\t\t\t<section class=\"elementor-section elementor-top-section elementor-element elementor-element-e4c40b1 elementor-section-boxed elementor-section-height-default elementor-section-height-default\" data-id=\"e4c40b1\" data-element_type=\"section\">\n\t\t\t\t\t\t<div class=\"elementor-container elementor-column-gap-default\">\n\t\t\t\t\t<div class=\"elementor-column elementor-col-100 elementor-top-column elementor-element elementor-element-9f4e79e\" data-id=\"9f4e79e\" data-element_type=\"column\">\n\t\t\t<div class=\"elementor-widget-wrap elementor-element-populated\">\n\t\t\t\t\t\t<div class=\"elementor-element elementor-element-422eb67 elementor-widget elementor-widget-heading\" data-id=\"422eb67\" data-element_type=\"widget\" data-widget_type=\"heading.default\">\n\t\t\t\t<div class=\"elementor-widget-container\">\n\t\t\t\t\t<h2 class=\"elementor-heading-title elementor-size-default\">Cruza los datos recopilados en tu e-commerce PrestaShop con Emailchef y prep\u00e1rate para aprovecharlos, mejorando las conversiones y fidelizando a tus clientes.<\/h2>\t\t\t\t<\/div>\n\t\t\t\t<\/div>\n\t\t\t\t<div class=\"elementor-element elementor-element-90493a9 elementor-widget elementor-widget-text-editor\" data-id=\"90493a9\" data-element_type=\"widget\" data-widget_type=\"text-editor.default\">\n\t\t\t\t<div class=\"elementor-widget-container\">\n\t\t\t\t\t\t\t\t\t<p>Aprovecha al m\u00e1ximo el potencial de PrestaShop: integra tu plataforma de comercio electr\u00f3nico con el plugin de Emailchef y comienza a crear campa\u00f1as dirigidas para tus clientes.<\/p><p>\u00bfC\u00f3mo?<\/p><p>Gracias al plugin de Emailchef para PrestaShop, podr\u00e1s:<\/p>\t\t\t\t\t\t\t\t<\/div>\n\t\t\t\t<\/div>\n\t\t\t\t<div class=\"elementor-element elementor-element-38d7dfd elementor-icon-list--layout-traditional elementor-list-item-link-full_width elementor-widget elementor-widget-icon-list\" data-id=\"38d7dfd\" data-element_type=\"widget\" data-widget_type=\"icon-list.default\">\n\t\t\t\t<div class=\"elementor-widget-container\">\n\t\t\t\t\t\t\t<ul class=\"elementor-icon-list-items\">\n\t\t\t\t\t\t\t<li class=\"elementor-icon-list-item\">\n\t\t\t\t\t\t\t\t\t\t\t<span class=\"elementor-icon-list-icon\">\n\t\t\t\t\t\t\t<i aria-hidden=\"true\" class=\"fas fa-angle-right\"><\/i>\t\t\t\t\t\t<\/span>\n\t\t\t\t\t\t\t\t\t\t<span class=\"elementor-icon-list-text\">Transferir f\u00e1cilmente la informaci\u00f3n que has recopilado sobre tus clientes y sus pedidos directamente a tu cuenta de Emailchef;<\/span>\n\t\t\t\t\t\t\t\t\t<\/li>\n\t\t\t\t\t\t\t\t<li class=\"elementor-icon-list-item\">\n\t\t\t\t\t\t\t\t\t\t\t<span class=\"elementor-icon-list-icon\">\n\t\t\t\t\t\t\t<i aria-hidden=\"true\" class=\"fas fa-angle-right\"><\/i>\t\t\t\t\t\t<\/span>\n\t\t\t\t\t\t\t\t\t\t<span class=\"elementor-icon-list-text\">Crear campos personalizados y transferir los datos obtenidos con PrestaShop a tu perfil de Emailchef. De esta manera, podr\u00e1s segmentar a tus clientes seg\u00fan los pedidos que hayan realizado, los carritos abandonados u otra informaci\u00f3n obtenida. Esto te permitir\u00e1 enviar comunicaciones personalizadas basadas en los datos recopilados;<\/span>\n\t\t\t\t\t\t\t\t\t<\/li>\n\t\t\t\t\t\t\t\t<li class=\"elementor-icon-list-item\">\n\t\t\t\t\t\t\t\t\t\t\t<span class=\"elementor-icon-list-icon\">\n\t\t\t\t\t\t\t<i aria-hidden=\"true\" class=\"fas fa-angle-right\"><\/i>\t\t\t\t\t\t<\/span>\n\t\t\t\t\t\t\t\t\t\t<span class=\"elementor-icon-list-text\">Sincronizar autom\u00e1ticamente las suscripciones entre PrestaShop y Emailchef, ahorrando as\u00ed tiempo y energ\u00eda;<\/span>\n\t\t\t\t\t\t\t\t\t<\/li>\n\t\t\t\t\t\t\t\t<li class=\"elementor-icon-list-item\">\n\t\t\t\t\t\t\t\t\t\t\t<span class=\"elementor-icon-list-icon\">\n\t\t\t\t\t\t\t<i aria-hidden=\"true\" class=\"fas fa-angle-right\"><\/i>\t\t\t\t\t\t<\/span>\n\t\t\t\t\t\t\t\t\t\t<span class=\"elementor-icon-list-text\">Configurar mensajes autom\u00e1ticos personalizados para fidelizar a tus clientes. Podr\u00e1s programar el env\u00edo de estos correos en el momento que desees sin necesidad de enviar cada mensaje individualmente;<\/span>\n\t\t\t\t\t\t\t\t\t<\/li>\n\t\t\t\t\t\t\t\t<li class=\"elementor-icon-list-item\">\n\t\t\t\t\t\t\t\t\t\t\t<span class=\"elementor-icon-list-icon\">\n\t\t\t\t\t\t\t<i aria-hidden=\"true\" class=\"fas fa-angle-right\"><\/i>\t\t\t\t\t\t<\/span>\n\t\t\t\t\t\t\t\t\t\t<span class=\"elementor-icon-list-text\">Crear automatizaciones dirigidas para la recuperaci\u00f3n de carritos abandonados, premiar a los clientes leales y atraer a los clientes inactivos.<\/span>\n\t\t\t\t\t\t\t\t\t<\/li>\n\t\t\t\t\t\t<\/ul>\n\t\t\t\t\t\t<\/div>\n\t\t\t\t<\/div>\n\t\t\t\t<div class=\"elementor-element elementor-element-dacc28e elementor-widget elementor-widget-text-editor\" data-id=\"dacc28e\" data-element_type=\"widget\" data-widget_type=\"text-editor.default\">\n\t\t\t\t<div class=\"elementor-widget-container\">\n\t\t\t\t\t\t\t\t\t<p>Gracias a la integraci\u00f3n de Emailchef con PrestaShop, podr\u00e1s optimizar tu estrategia de email marketing, mejorar la eficacia de tus campa\u00f1as y aumentar las conversiones. \u00a1No pierdas la oportunidad de aprovechar al m\u00e1ximo ambas plataformas para alcanzar tus objetivos comerciales!<\/p>\t\t\t\t\t\t\t\t<\/div>\n\t\t\t\t<\/div>\n\t\t\t\t<div class=\"elementor-element elementor-element-df12e27 elementor-widget elementor-widget-text-editor\" data-id=\"df12e27\" data-element_type=\"widget\" data-widget_type=\"text-editor.default\">\n\t\t\t\t<div class=\"elementor-widget-container\">\n\t\t\t\t\t\t\t\t\t<p><strong>Requisitos:<\/strong> para utilizar el m\u00f3dulo correctamente, aseg\u00farate de que tu versi\u00f3n de PrestaShop est\u00e9 entre <strong>1.6.X y 8.1.X<\/strong>.<\/p>\t\t\t\t\t\t\t\t<\/div>\n\t\t\t\t<\/div>\n\t\t\t\t<div class=\"elementor-element elementor-element-0eb6381 elementor-tablet-align-center elementor-align-center elementor-widget elementor-widget-button\" data-id=\"0eb6381\" data-element_type=\"widget\" data-widget_type=\"button.default\">\n\t\t\t\t<div class=\"elementor-widget-container\">\n\t\t\t\t\t\t\t\t\t<div class=\"elementor-button-wrapper\">\n\t\t\t\t\t<a class=\"elementor-button elementor-button-link elementor-size-sm elementor-animation-shrink\" href=\"https:\/\/emailchef.com\/utils\/download\/plugins\/prestashop\/plugin-prestashop-emailchef.zip?v=20240214\" target=\"_blank\" rel=\"nofollow\" title=\"Descargar el m\u00f3dulo de Prestashop\">\n\t\t\t\t\t\t<span class=\"elementor-button-content-wrapper\">\n\t\t\t\t\t\t<span class=\"elementor-button-icon\">\n\t\t\t\t<i aria-hidden=\"true\" class=\"fas fa-download\"><\/i>\t\t\t<\/span>\n\t\t\t\t\t\t\t\t\t<span class=\"elementor-button-text\">  DESCARGAR EL M\u00d3DULO DE PRESTASHOP<\/span>\n\t\t\t\t\t<\/span>\n\t\t\t\t\t<\/a>\n\t\t\t\t<\/div>\n\t\t\t\t\t\t\t\t<\/div>\n\t\t\t\t<\/div>\n\t\t\t\t<div class=\"elementor-element elementor-element-b89dced elementor-widget elementor-widget-text-editor\" data-id=\"b89dced\" data-element_type=\"widget\" data-widget_type=\"text-editor.default\">\n\t\t\t\t<div class=\"elementor-widget-container\">\n\t\t\t\t\t\t\t\t\t<a href=\"https:\/\/emailchef.com\/wp-content\/uploads\/2017\/02\/Instruction-manual-Module-Emailchef-for-PrestaShop.pdf?v=20180821\" target=\"_blank\" rel=\"noopener\">DESCARGAR MANUAL DE INSTRUCCIONES<\/a>\t\t\t\t\t\t\t\t<\/div>\n\t\t\t\t<\/div>\n\t\t\t\t<div class=\"elementor-element elementor-element-5136a7c elementor-widget elementor-widget-heading\" data-id=\"5136a7c\" data-element_type=\"widget\" data-widget_type=\"heading.default\">\n\t\t\t\t<div class=\"elementor-widget-container\">\n\t\t\t\t\t<h2 class=\"elementor-heading-title elementor-size-default\">Video<\/h2>\t\t\t\t<\/div>\n\t\t\t\t<\/div>\n\t\t\t\t<div class=\"elementor-element elementor-element-e5eec81 elementor-widget elementor-widget-html\" data-id=\"e5eec81\" data-element_type=\"widget\" data-widget_type=\"html.default\">\n\t\t\t\t<div class=\"elementor-widget-container\">\n\t\t\t\t\t<div class=\"lyte-wrapper\" title=\"[EN] How to configure eMailChef module for PrestaShop\" style=\"width:640px;max-width:100%;margin:5px;\"><div class=\"lyMe\" id=\"WYL_tpepro8BwpE\"><div id=\"lyte_tpepro8BwpE\" data-src=\"https:\/\/emailchef.com\/wp-content\/plugins\/wp-youtube-lyte\/lyteCache.php?origThumbUrl=https%3A%2F%2Fi.ytimg.com%2Fvi%2Ftpepro8BwpE%2Fhqdefault.jpg\" class=\"pL\"><div class=\"tC\"><div class=\"tT\">[EN] How to configure eMailChef module for PrestaShop<\/div><\/div><div class=\"play\"><\/div><div class=\"ctrl\"><div class=\"Lctrl\"><\/div><div class=\"Rctrl\"><\/div><\/div><\/div><noscript><a href=\"https:\/\/youtu.be\/tpepro8BwpE\" rel=\"nofollow\"><img decoding=\"async\" src=\"https:\/\/emailchef.com\/wp-content\/plugins\/wp-youtube-lyte\/lyteCache.php?origThumbUrl=https%3A%2F%2Fi.ytimg.com%2Fvi%2Ftpepro8BwpE%2F0.jpg\" alt=\"[EN] How to configure eMailChef module for PrestaShop\" width=\"640\" height=\"340\" \/><br \/>Mire este video en YouTube<\/a><\/noscript><\/div><\/div><div class=\"lL\" style=\"max-width:100%;width:640px;margin:5px;\"><\/div>\n<div class=\"ec-video-button hide centered\">\n\t<a href=\"https:\/\/youtu.be\/tpepro8BwpE\" rel=\"prettyPhoto\" title=\"Play Video\">Play Video <i class=\"fa fa-play-circle fa-2x\"><\/i><\/a>\n<\/div>\t\t\t\t<\/div>\n\t\t\t\t<\/div>\n\t\t\t\t\t<\/div>\n\t\t<\/div>\n\t\t\t\t\t<\/div>\n\t\t<\/section>\n\t\t\t\t<\/div>\n\t\t","protected":false},"excerpt":{"rendered":"<p>Cruza los datos recopilados en tu e-commerce PrestaShop con Emailchef y prep\u00e1rate para aprovecharlos, mejorando las conversiones y fidelizando a tus clientes. Aprovecha al m\u00e1ximo el potencial de PrestaShop: integra tu plataforma de comercio electr\u00f3nico con el plugin de Emailchef y comienza a crear campa\u00f1as dirigidas para tus clientes. \u00bfC\u00f3mo? Gracias al plugin de Emailchef [&hellip;]<\/p>\n","protected":false},"author":5,"featured_media":0,"parent":0,"menu_order":18,"comment_status":"closed","ping_status":"closed","template":"","meta":{"_acf_changed":false,"inline_featured_image":false,"footnotes":""},"g1_relation_tag":[],"class_list":["post-5940","page","type-page","status-publish","hentry"],"acf":[],"yoast_head":"<!-- This site is optimized with the Yoast SEO plugin v24.8.1 - https:\/\/yoast.com\/wordpress\/plugins\/seo\/ -->\n<title>PrestaShop: con el plugin de Emailchef puedes aumentar tus ventas en l\u00ednea - Emailchef<\/title>\n<meta name=\"robots\" content=\"index, follow, max-snippet:-1, max-image-preview:large, max-video-preview:-1\" \/>\n<link rel=\"canonical\" href=\"https:\/\/emailchef.com\/es\/emailchef-prestashop-lo-mejor-del-marketing-por-email\/\" \/>\n<meta name=\"twitter:label1\" content=\"Tiempo de lectura\" \/>\n\t<meta name=\"twitter:data1\" content=\"2 minutos\" \/>\n<!-- \/ Yoast SEO plugin. -->","yoast_head_json":{"title":"PrestaShop: con el plugin de Emailchef puedes aumentar tus ventas en l\u00ednea - Emailchef","robots":{"index":"index","follow":"follow","max-snippet":"max-snippet:-1","max-image-preview":"max-image-preview:large","max-video-preview":"max-video-preview:-1"},"canonical":"https:\/\/emailchef.com\/es\/emailchef-prestashop-lo-mejor-del-marketing-por-email\/","twitter_misc":{"Tiempo de lectura":"2 minutos"},"schema":{"@context":"https:\/\/schema.org","@graph":[{"@type":"WebPage","@id":"https:\/\/emailchef.com\/es\/emailchef-prestashop-lo-mejor-del-marketing-por-email\/","url":"https:\/\/emailchef.com\/es\/emailchef-prestashop-lo-mejor-del-marketing-por-email\/","name":"PrestaShop: con el plugin de Emailchef puedes aumentar tus ventas en l\u00ednea - Emailchef","isPartOf":{"@id":"https:\/\/emailchef.com\/es\/#website"},"primaryImageOfPage":{"@id":"https:\/\/emailchef.com\/es\/emailchef-prestashop-lo-mejor-del-marketing-por-email\/#primaryimage"},"image":{"@id":"https:\/\/emailchef.com\/es\/emailchef-prestashop-lo-mejor-del-marketing-por-email\/#primaryimage"},"thumbnailUrl":"https:\/\/emailchef.com\/wp-content\/uploads\/2024\/10\/emailchef_prestashop_plugin.png","datePublished":"2016-11-21T09:43:57+00:00","dateModified":"2024-10-18T13:28:09+00:00","breadcrumb":{"@id":"https:\/\/emailchef.com\/es\/emailchef-prestashop-lo-mejor-del-marketing-por-email\/#breadcrumb"},"inLanguage":"es","potentialAction":[{"@type":"ReadAction","target":["https:\/\/emailchef.com\/es\/emailchef-prestashop-lo-mejor-del-marketing-por-email\/"]}]},{"@type":"ImageObject","inLanguage":"es","@id":"https:\/\/emailchef.com\/es\/emailchef-prestashop-lo-mejor-del-marketing-por-email\/#primaryimage","url":"https:\/\/emailchef.com\/wp-content\/uploads\/2024\/10\/emailchef_prestashop_plugin.png","contentUrl":"https:\/\/emailchef.com\/wp-content\/uploads\/2024\/10\/emailchef_prestashop_plugin.png"},{"@type":"BreadcrumbList","@id":"https:\/\/emailchef.com\/es\/emailchef-prestashop-lo-mejor-del-marketing-por-email\/#breadcrumb","itemListElement":[{"@type":"ListItem","position":1,"name":"Home","item":"https:\/\/emailchef.com\/es\/emailchef-email-marketing-services\/"},{"@type":"ListItem","position":2,"name":"PrestaShop: con el plugin de Emailchef puedes aumentar tus ventas en l\u00ednea"}]},{"@type":"WebSite","@id":"https:\/\/emailchef.com\/es\/#website","url":"https:\/\/emailchef.com\/es\/","name":"Emailchef","description":"Tasty recipes for email marketing","publisher":{"@id":"https:\/\/emailchef.com\/es\/#organization"},"potentialAction":[{"@type":"SearchAction","target":{"@type":"EntryPoint","urlTemplate":"https:\/\/emailchef.com\/es\/?s={search_term_string}"},"query-input":{"@type":"PropertyValueSpecification","valueRequired":true,"valueName":"search_term_string"}}],"inLanguage":"es"},{"@type":"Organization","@id":"https:\/\/emailchef.com\/es\/#organization","name":"Delivery Tech Corp.","url":"https:\/\/emailchef.com\/es\/","logo":{"@type":"ImageObject","inLanguage":"es","@id":"https:\/\/emailchef.com\/es\/#\/schema\/logo\/image\/","url":"https:\/\/emailchef.com\/wp-content\/uploads\/2022\/04\/logo-sama.png","contentUrl":"https:\/\/emailchef.com\/wp-content\/uploads\/2022\/04\/logo-sama.png","width":237,"height":80,"caption":"Delivery Tech Corp."},"image":{"@id":"https:\/\/emailchef.com\/es\/#\/schema\/logo\/image\/"}}]}},"_links":{"self":[{"href":"https:\/\/emailchef.com\/es\/wp-json\/wp\/v2\/pages\/5940"}],"collection":[{"href":"https:\/\/emailchef.com\/es\/wp-json\/wp\/v2\/pages"}],"about":[{"href":"https:\/\/emailchef.com\/es\/wp-json\/wp\/v2\/types\/page"}],"author":[{"embeddable":true,"href":"https:\/\/emailchef.com\/es\/wp-json\/wp\/v2\/users\/5"}],"replies":[{"embeddable":true,"href":"https:\/\/emailchef.com\/es\/wp-json\/wp\/v2\/comments?post=5940"}],"version-history":[{"count":19,"href":"https:\/\/emailchef.com\/es\/wp-json\/wp\/v2\/pages\/5940\/revisions"}],"predecessor-version":[{"id":76535,"href":"https:\/\/emailchef.com\/es\/wp-json\/wp\/v2\/pages\/5940\/revisions\/76535"}],"wp:attachment":[{"href":"https:\/\/emailchef.com\/es\/wp-json\/wp\/v2\/media?parent=5940"}],"wp:term":[{"taxonomy":"g1_relation_tag","embeddable":true,"href":"https:\/\/emailchef.com\/es\/wp-json\/wp\/v2\/g1_relation_tag?post=5940"}],"curies":[{"name":"wp","href":"https:\/\/api.w.org\/{rel}","templated":true}]}}