{"id":5930,"date":"2016-07-11T09:53:48","date_gmt":"2016-07-11T09:53:48","guid":{"rendered":"http:\/\/emailchef.com\/?page_id=5930\/"},"modified":"2025-01-27T14:11:39","modified_gmt":"2025-01-27T14:11:39","slug":"marketing-por-email-con-wordpress-y-emailchef","status":"publish","type":"page","link":"https:\/\/emailchef.com\/es\/marketing-por-email-con-wordpress-y-emailchef\/","title":{"rendered":"Haz crecer tu lista de correos con el plugin de Emailchef para WordPress"},"content":{"rendered":"\t\t<div data-elementor-type=\"wp-page\" data-elementor-id=\"5930\" class=\"elementor elementor-5930 elementor-4828\" data-elementor-post-type=\"page\">\n\t\t\t\t\t\t<section class=\"elementor-section elementor-top-section elementor-element elementor-element-d70c39a elementor-section-boxed elementor-section-height-default elementor-section-height-default\" data-id=\"d70c39a\" data-element_type=\"section\">\n\t\t\t\t\t\t<div class=\"elementor-container elementor-column-gap-default\">\n\t\t\t\t\t<div class=\"elementor-column elementor-col-100 elementor-top-column elementor-element elementor-element-4502b52\" data-id=\"4502b52\" data-element_type=\"column\">\n\t\t\t<div class=\"elementor-widget-wrap elementor-element-populated\">\n\t\t\t\t\t\t<div class=\"elementor-element elementor-element-7e6749d elementor-widget elementor-widget-image\" data-id=\"7e6749d\" data-element_type=\"widget\" data-widget_type=\"image.default\">\n\t\t\t\t<div class=\"elementor-widget-container\">\n\t\t\t\t\t\t\t\t\t\t\t\t\t\t\t<img fetchpriority=\"high\" decoding=\"async\" width=\"800\" height=\"600\" src=\"https:\/\/emailchef.com\/wp-content\/uploads\/2024\/10\/emailchef_wordpress_plugin-1.png\" class=\"attachment-full size-full wp-image-76402\" alt=\"\" srcset=\"https:\/\/emailchef.com\/wp-content\/uploads\/2024\/10\/emailchef_wordpress_plugin-1.png 800w, https:\/\/emailchef.com\/wp-content\/uploads\/2024\/10\/emailchef_wordpress_plugin-1-300x225.png 300w, https:\/\/emailchef.com\/wp-content\/uploads\/2024\/10\/emailchef_wordpress_plugin-1-768x576.png 768w\" sizes=\"(max-width: 800px) 100vw, 800px\" \/>\t\t\t\t\t\t\t\t\t\t\t\t\t\t\t<\/div>\n\t\t\t\t<\/div>\n\t\t\t\t\t<\/div>\n\t\t<\/div>\n\t\t\t\t\t<\/div>\n\t\t<\/section>\n\t\t\t\t<section class=\"elementor-section elementor-top-section elementor-element elementor-element-cb46254 elementor-section-boxed elementor-section-height-default elementor-section-height-default\" data-id=\"cb46254\" data-element_type=\"section\">\n\t\t\t\t\t\t<div class=\"elementor-container elementor-column-gap-default\">\n\t\t\t\t\t<div class=\"elementor-column elementor-col-100 elementor-top-column elementor-element elementor-element-4bd0bd2\" data-id=\"4bd0bd2\" data-element_type=\"column\">\n\t\t\t<div class=\"elementor-widget-wrap elementor-element-populated\">\n\t\t\t\t\t\t<div class=\"elementor-element elementor-element-391ded7 elementor-widget elementor-widget-heading\" data-id=\"391ded7\" data-element_type=\"widget\" data-widget_type=\"heading.default\">\n\t\t\t\t<div class=\"elementor-widget-container\">\n\t\t\t\t\t<h2 class=\"elementor-heading-title elementor-size-default\">Recoge nuevos contactos en WordPress y sincroniza autom\u00e1ticamente las suscripciones con tu perfil de Emailchef.<\/h2>\t\t\t\t<\/div>\n\t\t\t\t<\/div>\n\t\t\t\t<div class=\"elementor-element elementor-element-174c88c elementor-widget elementor-widget-text-editor\" data-id=\"174c88c\" data-element_type=\"widget\" data-widget_type=\"text-editor.default\">\n\t\t\t\t<div class=\"elementor-widget-container\">\n\t\t\t\t\t\t\t\t\t<p>Sincroniza autom\u00e1ticamente los datos recogidos a trav\u00e9s de tus formularios de suscripci\u00f3n con la lista de contactos de Emailchef.<br \/>De esta forma, podr\u00e1s integrar f\u00e1cilmente los datos recogidos a trav\u00e9s de tus formularios con tu marketing por correo electr\u00f3nico, por ejemplo, activando un correo de bienvenida autom\u00e1tico despu\u00e9s de que cada contacto se suscriba a tu lista de correos.<\/p><p>El plugin Emailchef para WordPress te permite <strong>utilizar campos personalizados para segmentar f\u00e1cilmente tus listas<\/strong> de contactos. Por ejemplo, si durante el registro has pedido a los suscriptores que especifiquen su tipo de negocio (como minoristas, hoteles, etc.), con Emailchef podr\u00e1s crear campa\u00f1as de marketing por correo dirigidas a cada categor\u00eda.<\/p><p>Esto te permitir\u00e1 personalizar f\u00e1cilmente tu comunicaci\u00f3n, enviando a cada segmento solo el contenido que est\u00e1 interesado en recibir.<\/p><p>\u00a1Y no se requiere ning\u00fan conocimiento t\u00e9cnico!<\/p><p>Toda la informaci\u00f3n introducida en los formularios, como nombre, apellidos, direcci\u00f3n de correo electr\u00f3nico y ciudad, se sincronizar\u00e1 autom\u00e1ticamente con la lista de Emailchef que elijas. Adem\u00e1s, el plugin permite la sincronizaci\u00f3n de cualquier campo personalizado presente en tu lista.<\/p><p><strong>Para configurarlo, solo necesitas unos clics<\/strong>: comienza instalando y activando el plugin desde el men\u00fa de Plugins de WordPress. Para acceder, tendr\u00e1s que generar claves API siguiendo las instrucciones a continuaci\u00f3n:<\/p>\t\t\t\t\t\t\t\t<\/div>\n\t\t\t\t<\/div>\n\t\t\t\t<div class=\"elementor-element elementor-element-1c66d26 elementor-icon-list--layout-traditional elementor-list-item-link-full_width elementor-widget elementor-widget-icon-list\" data-id=\"1c66d26\" data-element_type=\"widget\" data-widget_type=\"icon-list.default\">\n\t\t\t\t<div class=\"elementor-widget-container\">\n\t\t\t\t\t\t\t<ul class=\"elementor-icon-list-items\">\n\t\t\t\t\t\t\t<li class=\"elementor-icon-list-item\">\n\t\t\t\t\t\t\t\t\t\t\t<span class=\"elementor-icon-list-icon\">\n\t\t\t\t\t\t\t<i aria-hidden=\"true\" class=\"fas fa-angle-right\"><\/i>\t\t\t\t\t\t<\/span>\n\t\t\t\t\t\t\t\t\t\t<span class=\"elementor-icon-list-text\">Accede a tu cuenta de Emailchef.<\/span>\n\t\t\t\t\t\t\t\t\t<\/li>\n\t\t\t\t\t\t\t\t<li class=\"elementor-icon-list-item\">\n\t\t\t\t\t\t\t\t\t\t\t<span class=\"elementor-icon-list-icon\">\n\t\t\t\t\t\t\t<i aria-hidden=\"true\" class=\"fas fa-angle-right\"><\/i>\t\t\t\t\t\t<\/span>\n\t\t\t\t\t\t\t\t\t\t<span class=\"elementor-icon-list-text\">Ve a <em>Configuraci&oacute;n<\/em> &gt; <em>Claves API<\/em>.<\/span>\n\t\t\t\t\t\t\t\t\t<\/li>\n\t\t\t\t\t\t\t\t<li class=\"elementor-icon-list-item\">\n\t\t\t\t\t\t\t\t\t\t\t<span class=\"elementor-icon-list-icon\">\n\t\t\t\t\t\t\t<i aria-hidden=\"true\" class=\"fas fa-angle-right\"><\/i>\t\t\t\t\t\t<\/span>\n\t\t\t\t\t\t\t\t\t\t<span class=\"elementor-icon-list-text\">Haz clic en <em>+Crear clave API<\/em>.<\/span>\n\t\t\t\t\t\t\t\t\t<\/li>\n\t\t\t\t\t\t\t\t<li class=\"elementor-icon-list-item\">\n\t\t\t\t\t\t\t\t\t\t\t<span class=\"elementor-icon-list-icon\">\n\t\t\t\t\t\t\t<i aria-hidden=\"true\" class=\"fas fa-angle-right\"><\/i>\t\t\t\t\t\t<\/span>\n\t\t\t\t\t\t\t\t\t\t<span class=\"elementor-icon-list-text\">Asigna un nombre a la clave API (para recordar f&aacute;cilmente el plugin asociado, por ejemplo, \"Login wordpress form\") y haz clic en <em>Generar una clave API<\/em>.<\/span>\n\t\t\t\t\t\t\t\t\t<\/li>\n\t\t\t\t\t\t\t\t<li class=\"elementor-icon-list-item\">\n\t\t\t\t\t\t\t\t\t\t\t<span class=\"elementor-icon-list-icon\">\n\t\t\t\t\t\t\t<i aria-hidden=\"true\" class=\"fas fa-angle-right\"><\/i>\t\t\t\t\t\t<\/span>\n\t\t\t\t\t\t\t\t\t\t<span class=\"elementor-icon-list-text\">Copia la Consumer Key y la Consumer Secret y &uacute;salas como nombre de usuario y contrase&ntilde;a para conectar el plugin.<\/span>\n\t\t\t\t\t\t\t\t\t<\/li>\n\t\t\t\t\t\t<\/ul>\n\t\t\t\t\t\t<\/div>\n\t\t\t\t<\/div>\n\t\t\t\t<div class=\"elementor-element elementor-element-312625d elementor-widget elementor-widget-text-editor\" data-id=\"312625d\" data-element_type=\"widget\" data-widget_type=\"text-editor.default\">\n\t\t\t\t<div class=\"elementor-widget-container\">\n\t\t\t\t\t\t\t\t\t<p><a href=\"https:\/\/emailchef.com\/es\/base-de-conocimiento\/como-generar-claves-api-para-conectar-los-plugins-de-emailchef\/\">Lee tambi\u00e9n C\u00f3mo generar claves API para conectar los plugins de Emailchef<\/a>.<\/p><p>Ahora, conecta la lista de Emailchef que desees y asocia los campos del formulario con los campos de la lista de Emailchef.<\/p>\t\t\t\t\t\t\t\t<\/div>\n\t\t\t\t<\/div>\n\t\t\t\t<div class=\"elementor-element elementor-element-9b2c4b2 elementor-widget elementor-widget-text-editor\" data-id=\"9b2c4b2\" data-element_type=\"widget\" data-widget_type=\"text-editor.default\">\n\t\t\t\t<div class=\"elementor-widget-container\">\n\t\t\t\t\t\t\t\t\t<strong>Requisitos<\/strong>:\t\t\t\t\t\t\t\t<\/div>\n\t\t\t\t<\/div>\n\t\t\t\t<div class=\"elementor-element elementor-element-d82896b elementor-icon-list--layout-traditional elementor-list-item-link-full_width elementor-widget elementor-widget-icon-list\" data-id=\"d82896b\" data-element_type=\"widget\" data-widget_type=\"icon-list.default\">\n\t\t\t\t<div class=\"elementor-widget-container\">\n\t\t\t\t\t\t\t<ul class=\"elementor-icon-list-items\">\n\t\t\t\t\t\t\t<li class=\"elementor-icon-list-item\">\n\t\t\t\t\t\t\t\t\t\t\t<span class=\"elementor-icon-list-icon\">\n\t\t\t\t\t\t\t<i aria-hidden=\"true\" class=\"fas fa-angle-right\"><\/i>\t\t\t\t\t\t<\/span>\n\t\t\t\t\t\t\t\t\t\t<span class=\"elementor-icon-list-text\">WordPress en modo independiente (versi\u00f3n 5.0 o superior);<\/span>\n\t\t\t\t\t\t\t\t\t<\/li>\n\t\t\t\t\t\t\t\t<li class=\"elementor-icon-list-item\">\n\t\t\t\t\t\t\t\t\t\t\t<span class=\"elementor-icon-list-icon\">\n\t\t\t\t\t\t\t<i aria-hidden=\"true\" class=\"fas fa-angle-right\"><\/i>\t\t\t\t\t\t<\/span>\n\t\t\t\t\t\t\t\t\t\t<span class=\"elementor-icon-list-text\">Uno de los siguientes plugins de WordPress: WPForms, Contact Form 7, Elementor, Fast Secure Contact Form (FSCF) o Jetpack;<\/span>\n\t\t\t\t\t\t\t\t\t<\/li>\n\t\t\t\t\t\t\t\t<li class=\"elementor-icon-list-item\">\n\t\t\t\t\t\t\t\t\t\t\t<span class=\"elementor-icon-list-icon\">\n\t\t\t\t\t\t\t<i aria-hidden=\"true\" class=\"fas fa-angle-right\"><\/i>\t\t\t\t\t\t<\/span>\n\t\t\t\t\t\t\t\t\t\t<span class=\"elementor-icon-list-text\">Tener una cuenta de Emailchef.<\/span>\n\t\t\t\t\t\t\t\t\t<\/li>\n\t\t\t\t\t\t<\/ul>\n\t\t\t\t\t\t<\/div>\n\t\t\t\t<\/div>\n\t\t\t\t<div class=\"elementor-element elementor-element-580d7c3 elementor-tablet-align-center elementor-align-center elementor-widget elementor-widget-button\" data-id=\"580d7c3\" data-element_type=\"widget\" data-widget_type=\"button.default\">\n\t\t\t\t<div class=\"elementor-widget-container\">\n\t\t\t\t\t\t\t\t\t<div class=\"elementor-button-wrapper\">\n\t\t\t\t\t<a class=\"elementor-button elementor-button-link elementor-size-sm elementor-animation-shrink\" href=\"https:\/\/it.wordpress.org\/plugins\/emailchef\/\" target=\"_blank\" rel=\"nofollow\" title=\"Consigue el plugin Emailchef para WordPress\">\n\t\t\t\t\t\t<span class=\"elementor-button-content-wrapper\">\n\t\t\t\t\t\t<span class=\"elementor-button-icon\">\n\t\t\t\t<i aria-hidden=\"true\" class=\"fas fa-download\"><\/i>\t\t\t<\/span>\n\t\t\t\t\t\t\t\t\t<span class=\"elementor-button-text\">OBT\u00c9N EL PLUGIN DE WORDPRESS<\/span>\n\t\t\t\t\t<\/span>\n\t\t\t\t\t<\/a>\n\t\t\t\t<\/div>\n\t\t\t\t\t\t\t\t<\/div>\n\t\t\t\t<\/div>\n\t\t\t\t<div class=\"elementor-element elementor-element-1cbeda6 elementor-widget elementor-widget-heading\" data-id=\"1cbeda6\" data-element_type=\"widget\" data-widget_type=\"heading.default\">\n\t\t\t\t<div class=\"elementor-widget-container\">\n\t\t\t\t\t<h2 class=\"elementor-heading-title elementor-size-default\">Capturas de pantalla<\/h2>\t\t\t\t<\/div>\n\t\t\t\t<\/div>\n\t\t\t\t<div class=\"elementor-element elementor-element-920f222 elementor-widget elementor-widget-gallery\" data-id=\"920f222\" data-element_type=\"widget\" data-settings=\"{&quot;columns&quot;:2,&quot;gap&quot;:{&quot;unit&quot;:&quot;px&quot;,&quot;size&quot;:20,&quot;sizes&quot;:[]},&quot;aspect_ratio&quot;:&quot;4:3&quot;,&quot;lazyload&quot;:&quot;yes&quot;,&quot;gallery_layout&quot;:&quot;grid&quot;,&quot;columns_tablet&quot;:2,&quot;columns_mobile&quot;:1,&quot;gap_tablet&quot;:{&quot;unit&quot;:&quot;px&quot;,&quot;size&quot;:10,&quot;sizes&quot;:[]},&quot;gap_mobile&quot;:{&quot;unit&quot;:&quot;px&quot;,&quot;size&quot;:10,&quot;sizes&quot;:[]},&quot;link_to&quot;:&quot;file&quot;,&quot;overlay_background&quot;:&quot;yes&quot;,&quot;content_hover_animation&quot;:&quot;fade-in&quot;}\" data-widget_type=\"gallery.default\">\n\t\t\t\t<div class=\"elementor-widget-container\">\n\t\t\t\t\t\t\t<div class=\"elementor-gallery__container\">\n\t\t\t\t\t\t\t<a class=\"e-gallery-item elementor-gallery-item elementor-animated-content\" href=\"https:\/\/emailchef.com\/wp-content\/uploads\/2025\/01\/image_2025_01_22T08_52_26_450Z.png\" data-elementor-open-lightbox=\"yes\" data-elementor-lightbox-slideshow=\"920f222\" data-elementor-lightbox-title=\"image_2025_01_22T08_52_26_450Z\" data-e-action-hash=\"#elementor-action%3Aaction%3Dlightbox%26settings%3DeyJpZCI6Nzg2MTUsInVybCI6Imh0dHBzOlwvXC9lbWFpbGNoZWYuY29tXC93cC1jb250ZW50XC91cGxvYWRzXC8yMDI1XC8wMVwvaW1hZ2VfMjAyNV8wMV8yMlQwOF81Ml8yNl80NTBaLnBuZyIsInNsaWRlc2hvdyI6IjkyMGYyMjIifQ%3D%3D\">\n\t\t\t\t\t<div class=\"e-gallery-image elementor-gallery-item__image\" data-thumbnail=\"https:\/\/emailchef.com\/wp-content\/uploads\/2025\/01\/image_2025_01_22T08_52_26_450Z-1024x454.png\" data-width=\"800\" data-height=\"355\" aria-label=\"\" role=\"img\" ><\/div>\n\t\t\t\t\t\t\t\t\t\t\t<div class=\"elementor-gallery-item__overlay\"><\/div>\n\t\t\t\t\t\t\t\t\t\t\t\t\t\t<\/a>\n\t\t\t\t\t\t\t<a class=\"e-gallery-item elementor-gallery-item elementor-animated-content\" href=\"https:\/\/emailchef.com\/wp-content\/uploads\/2025\/01\/image_2025_01_22T08_52_26_455Z.png\" data-elementor-open-lightbox=\"yes\" data-elementor-lightbox-slideshow=\"920f222\" data-elementor-lightbox-title=\"image_2025_01_22T08_52_26_455Z\" data-e-action-hash=\"#elementor-action%3Aaction%3Dlightbox%26settings%3DeyJpZCI6Nzg2MDYsInVybCI6Imh0dHBzOlwvXC9lbWFpbGNoZWYuY29tXC93cC1jb250ZW50XC91cGxvYWRzXC8yMDI1XC8wMVwvaW1hZ2VfMjAyNV8wMV8yMlQwOF81Ml8yNl80NTVaLnBuZyIsInNsaWRlc2hvdyI6IjkyMGYyMjIifQ%3D%3D\">\n\t\t\t\t\t<div class=\"e-gallery-image elementor-gallery-item__image\" data-thumbnail=\"https:\/\/emailchef.com\/wp-content\/uploads\/2025\/01\/image_2025_01_22T08_52_26_455Z-1024x591.png\" data-width=\"800\" data-height=\"462\" aria-label=\"\" role=\"img\" ><\/div>\n\t\t\t\t\t\t\t\t\t\t\t<div class=\"elementor-gallery-item__overlay\"><\/div>\n\t\t\t\t\t\t\t\t\t\t\t\t\t\t<\/a>\n\t\t\t\t\t<\/div>\n\t\t\t\t\t<\/div>\n\t\t\t\t<\/div>\n\t\t\t\t\t<\/div>\n\t\t<\/div>\n\t\t\t\t\t<\/div>\n\t\t<\/section>\n\t\t\t\t<\/div>\n\t\t","protected":false},"excerpt":{"rendered":"<p>Recoge nuevos contactos en WordPress y sincroniza autom\u00e1ticamente las suscripciones con tu perfil de Emailchef. Sincroniza autom\u00e1ticamente los datos recogidos a trav\u00e9s de tus formularios de suscripci\u00f3n con la lista de contactos de Emailchef.De esta forma, podr\u00e1s integrar f\u00e1cilmente los datos recogidos a trav\u00e9s de tus formularios con tu marketing por correo electr\u00f3nico, por ejemplo, [&hellip;]<\/p>\n","protected":false},"author":5,"featured_media":0,"parent":0,"menu_order":14,"comment_status":"closed","ping_status":"closed","template":"","meta":{"_acf_changed":false,"inline_featured_image":false,"footnotes":""},"g1_relation_tag":[],"class_list":["post-5930","page","type-page","status-publish","hentry"],"acf":[],"yoast_head":"<!-- This site is optimized with the Yoast SEO plugin v24.8.1 - https:\/\/yoast.com\/wordpress\/plugins\/seo\/ -->\n<title>Haz crecer tu lista de correos con el plugin de Emailchef para WordPress - Emailchef<\/title>\n<meta name=\"robots\" content=\"index, follow, max-snippet:-1, max-image-preview:large, max-video-preview:-1\" \/>\n<link rel=\"canonical\" href=\"https:\/\/emailchef.com\/es\/marketing-por-email-con-wordpress-y-emailchef\/\" \/>\n<meta name=\"twitter:label1\" content=\"Tiempo de lectura\" \/>\n\t<meta name=\"twitter:data1\" content=\"2 minutos\" \/>\n<!-- \/ Yoast SEO plugin. -->","yoast_head_json":{"title":"Haz crecer tu lista de correos con el plugin de Emailchef para WordPress - Emailchef","robots":{"index":"index","follow":"follow","max-snippet":"max-snippet:-1","max-image-preview":"max-image-preview:large","max-video-preview":"max-video-preview:-1"},"canonical":"https:\/\/emailchef.com\/es\/marketing-por-email-con-wordpress-y-emailchef\/","twitter_misc":{"Tiempo de lectura":"2 minutos"},"schema":{"@context":"https:\/\/schema.org","@graph":[{"@type":"WebPage","@id":"https:\/\/emailchef.com\/es\/marketing-por-email-con-wordpress-y-emailchef\/","url":"https:\/\/emailchef.com\/es\/marketing-por-email-con-wordpress-y-emailchef\/","name":"Haz crecer tu lista de correos con el plugin de Emailchef para WordPress - Emailchef","isPartOf":{"@id":"https:\/\/emailchef.com\/es\/#website"},"primaryImageOfPage":{"@id":"https:\/\/emailchef.com\/es\/marketing-por-email-con-wordpress-y-emailchef\/#primaryimage"},"image":{"@id":"https:\/\/emailchef.com\/es\/marketing-por-email-con-wordpress-y-emailchef\/#primaryimage"},"thumbnailUrl":"https:\/\/emailchef.com\/wp-content\/uploads\/2024\/10\/emailchef_wordpress_plugin-1.png","datePublished":"2016-07-11T09:53:48+00:00","dateModified":"2025-01-27T14:11:39+00:00","breadcrumb":{"@id":"https:\/\/emailchef.com\/es\/marketing-por-email-con-wordpress-y-emailchef\/#breadcrumb"},"inLanguage":"es","potentialAction":[{"@type":"ReadAction","target":["https:\/\/emailchef.com\/es\/marketing-por-email-con-wordpress-y-emailchef\/"]}]},{"@type":"ImageObject","inLanguage":"es","@id":"https:\/\/emailchef.com\/es\/marketing-por-email-con-wordpress-y-emailchef\/#primaryimage","url":"https:\/\/emailchef.com\/wp-content\/uploads\/2024\/10\/emailchef_wordpress_plugin-1.png","contentUrl":"https:\/\/emailchef.com\/wp-content\/uploads\/2024\/10\/emailchef_wordpress_plugin-1.png"},{"@type":"BreadcrumbList","@id":"https:\/\/emailchef.com\/es\/marketing-por-email-con-wordpress-y-emailchef\/#breadcrumb","itemListElement":[{"@type":"ListItem","position":1,"name":"Home","item":"https:\/\/emailchef.com\/es\/emailchef-email-marketing-services\/"},{"@type":"ListItem","position":2,"name":"Haz crecer tu lista de correos con el plugin de Emailchef para WordPress"}]},{"@type":"WebSite","@id":"https:\/\/emailchef.com\/es\/#website","url":"https:\/\/emailchef.com\/es\/","name":"Emailchef","description":"Tasty recipes for email marketing","publisher":{"@id":"https:\/\/emailchef.com\/es\/#organization"},"potentialAction":[{"@type":"SearchAction","target":{"@type":"EntryPoint","urlTemplate":"https:\/\/emailchef.com\/es\/?s={search_term_string}"},"query-input":{"@type":"PropertyValueSpecification","valueRequired":true,"valueName":"search_term_string"}}],"inLanguage":"es"},{"@type":"Organization","@id":"https:\/\/emailchef.com\/es\/#organization","name":"Delivery Tech Corp.","url":"https:\/\/emailchef.com\/es\/","logo":{"@type":"ImageObject","inLanguage":"es","@id":"https:\/\/emailchef.com\/es\/#\/schema\/logo\/image\/","url":"https:\/\/emailchef.com\/wp-content\/uploads\/2022\/04\/logo-sama.png","contentUrl":"https:\/\/emailchef.com\/wp-content\/uploads\/2022\/04\/logo-sama.png","width":237,"height":80,"caption":"Delivery Tech Corp."},"image":{"@id":"https:\/\/emailchef.com\/es\/#\/schema\/logo\/image\/"}}]}},"_links":{"self":[{"href":"https:\/\/emailchef.com\/es\/wp-json\/wp\/v2\/pages\/5930"}],"collection":[{"href":"https:\/\/emailchef.com\/es\/wp-json\/wp\/v2\/pages"}],"about":[{"href":"https:\/\/emailchef.com\/es\/wp-json\/wp\/v2\/types\/page"}],"author":[{"embeddable":true,"href":"https:\/\/emailchef.com\/es\/wp-json\/wp\/v2\/users\/5"}],"replies":[{"embeddable":true,"href":"https:\/\/emailchef.com\/es\/wp-json\/wp\/v2\/comments?post=5930"}],"version-history":[{"count":22,"href":"https:\/\/emailchef.com\/es\/wp-json\/wp\/v2\/pages\/5930\/revisions"}],"predecessor-version":[{"id":78888,"href":"https:\/\/emailchef.com\/es\/wp-json\/wp\/v2\/pages\/5930\/revisions\/78888"}],"wp:attachment":[{"href":"https:\/\/emailchef.com\/es\/wp-json\/wp\/v2\/media?parent=5930"}],"wp:term":[{"taxonomy":"g1_relation_tag","embeddable":true,"href":"https:\/\/emailchef.com\/es\/wp-json\/wp\/v2\/g1_relation_tag?post=5930"}],"curies":[{"name":"wp","href":"https:\/\/api.w.org\/{rel}","templated":true}]}}