{"id":49078,"date":"2021-12-16T10:13:23","date_gmt":"2021-12-16T10:13:23","guid":{"rendered":"https:\/\/emailchef.com\/?page_id=49078"},"modified":"2021-12-17T09:49:16","modified_gmt":"2021-12-17T09:49:16","slug":"use-etiquetas-para-organizar-sus-campanas-y-autoresponders","status":"publish","type":"page","link":"https:\/\/emailchef.com\/es\/base-de-conocimiento\/use-etiquetas-para-organizar-sus-campanas-y-autoresponders\/","title":{"rendered":"Use Etiquetas para Organizar sus Campa\u00f1as y Autoresponders"},"content":{"rendered":"<div class=\"gb-container gb-container-54dd086e\"><div class=\"gb-inside-container\">\n\n<p>Las etiquetas son una forma sencilla de organizar sus campa\u00f1as y autoresponders en Emailchef. Tambi\u00e9n le permiten filtrar de forma pr\u00e1ctica para facilitar la b\u00fasqueda de campa\u00f1as y autoresponders en su cuenta.<\/p>\n\n\n\n<p>Hay varias formas de crear etiquetas y agregarlas a sus campa\u00f1as y autoresponders, adem\u00e1s podr\u00e1 editarlas o eliminarlas en cualquier momento.<\/p>\n\n\n\n<p>Las etiquetas que usted cree permanecer\u00e1n en su campa\u00f1a independientemente del estatus de la campa\u00f1a, ya sea un borrador, una campa\u00f1a programada, campa\u00f1a enviada o archivada. Las etiquetas tambi\u00e9n permanecen agregadas a sus autoresponders, ya sea que est\u00e9n activados o no.<\/p>\n\n\n\n<p>En este art\u00edculo, aprender\u00e1 a:<\/p>\n\n\n\n<ul class=\"wp-block-list\"><li>Crear, cambiar y eliminar etiquetas en cualquier campa\u00f1a o autoresponder,<\/li><li>Buscar y filtrar campa\u00f1as y autoresponders por etiqueta,<\/li><li>Renombrar o eliminar etiquetas en Emailchef.<\/li><\/ul>\n\n<\/div><\/div>\n\n<div class=\"gb-container gb-container-37d9bc56\"><div class=\"gb-inside-container\">\n\n<h2 class=\"wp-block-heading\">Crear una etiqueta en cualquier campa\u00f1a o autoresponder<\/h2>\n\n\n\n<p>Para crear una etiqueta para sus campa\u00f1as o autoresponders, por favor siga estos pasos:<\/p>\n\n\n\n<div style=\"height:30px\" aria-hidden=\"true\" class=\"wp-block-spacer\"><\/div>\n\n\n\n<p><strong>1.<\/strong> Al crear una nueva campa\u00f1a o autoresponder, haga clic en el campo de etiqueta.<\/p>\n\n\n\n<figure class=\"wp-block-image size-full is-resized\"><a href=\"https:\/\/emailchef.com\/wp-content\/uploads\/2021\/12\/set-campagn-name.jpg\"><img fetchpriority=\"high\" decoding=\"async\" src=\"https:\/\/emailchef.com\/wp-content\/uploads\/2021\/12\/set-campagn-name.jpg\" alt=\"Crear una etiqueta\" class=\"wp-image-48744\" width=\"675\" height=\"135\"\/><\/a><\/figure>\n\n\n\n<p>Por el contrario, para crear una nueva etiqueta en una campa\u00f1a o autoresponder que ya existe, haga clic en la flecha junto al bot\u00f3n Editar y seleccione &#8220;Establecer etiqueta&#8221; en el men\u00fa desplegable.<\/p>\n\n\n\n<figure class=\"wp-block-image size-full is-resized\"><a href=\"https:\/\/emailchef.com\/wp-content\/uploads\/2021\/12\/set-campaign-label.jpg\"><img decoding=\"async\" src=\"https:\/\/emailchef.com\/wp-content\/uploads\/2021\/12\/set-campaign-label.jpg\" alt=\"Crear una etiqueta\" class=\"wp-image-48764\" width=\"173\" height=\"160\"\/><\/a><\/figure>\n\n\n\n<div style=\"height:30px\" aria-hidden=\"true\" class=\"wp-block-spacer\"><\/div>\n\n\n\n<p><strong>2.<\/strong> En la barra de b\u00fasqueda de la ventana emergente, ingrese el nombre de su etiqueta. En este ejemplo, nosotros usamos &#8220;SEO&#8221;.<\/p>\n\n\n\n<figure class=\"wp-block-image size-full is-resized\"><a href=\"https:\/\/emailchef.com\/wp-content\/uploads\/2021\/12\/search-campaign-label.jpg\"><img decoding=\"async\" src=\"https:\/\/emailchef.com\/wp-content\/uploads\/2021\/12\/search-campaign-label.jpg\" alt=\"Crear una etiqueta\" class=\"wp-image-48782\" width=\"450\" height=\"141\"\/><\/a><\/figure>\n\n\n\n<div style=\"height:30px\" aria-hidden=\"true\" class=\"wp-block-spacer\"><\/div>\n\n\n\n<p><strong>3.<\/strong> Haga clic en el bot\u00f3n &#8220;+ Agregar etiqueta&#8221;.<\/p>\n\n\n\n<figure class=\"wp-block-image size-full is-resized\"><a href=\"https:\/\/emailchef.com\/wp-content\/uploads\/2021\/12\/set-new-campaign-label.jpg\"><img loading=\"lazy\" decoding=\"async\" src=\"https:\/\/emailchef.com\/wp-content\/uploads\/2021\/12\/set-new-campaign-label.jpg\" alt=\"Crear una etiqueta\" class=\"wp-image-48800\" width=\"450\" height=\"159\"\/><\/a><\/figure>\n\n\n\n<div style=\"height:30px\" aria-hidden=\"true\" class=\"wp-block-spacer\"><\/div>\n\n\n\n<p><strong>4.<\/strong> Y haga clic en &#8220;Guardar cambios&#8221;.<\/p>\n\n\n\n<figure class=\"wp-block-image size-full is-resized\"><a href=\"https:\/\/emailchef.com\/wp-content\/uploads\/2021\/12\/save-new-campaign-label.jpg\"><img loading=\"lazy\" decoding=\"async\" src=\"https:\/\/emailchef.com\/wp-content\/uploads\/2021\/12\/save-new-campaign-label.jpg\" alt=\"Crear una etiqueta\" class=\"wp-image-48818\" width=\"450\" height=\"340\"\/><\/a><\/figure>\n\n\n\n<div style=\"height:30px\" aria-hidden=\"true\" class=\"wp-block-spacer\"><\/div>\n\n\n\n<p><strong>5.<\/strong> \u00a1Y listo!. Su etiqueta se ha agregado a su campa\u00f1a o autoresponder.<\/p>\n\n\n\n<figure class=\"wp-block-image size-full is-resized\"><a href=\"https:\/\/emailchef.com\/wp-content\/uploads\/2021\/12\/add-label-campaign.jpg\"><img loading=\"lazy\" decoding=\"async\" src=\"https:\/\/emailchef.com\/wp-content\/uploads\/2021\/12\/add-label-campaign.jpg\" alt=\"Crear una etiqueta\" class=\"wp-image-48844\" width=\"675\" height=\"142\"\/><\/a><\/figure>\n\n\n\n<figure class=\"wp-block-image size-full is-resized\"><a href=\"https:\/\/emailchef.com\/wp-content\/uploads\/2021\/12\/add-label-campaign-2.jpg\"><img loading=\"lazy\" decoding=\"async\" src=\"https:\/\/emailchef.com\/wp-content\/uploads\/2021\/12\/add-label-campaign-2.jpg\" alt=\"Crear una etiqueta\" class=\"wp-image-48862\" width=\"497\" height=\"133\"\/><\/a><\/figure>\n\n<\/div><\/div>\n\n<div class=\"gb-container gb-container-1915a013\"><div class=\"gb-inside-container\">\n\n<h2 class=\"wp-block-heading\">Cambiar una etiqueta en cualquier campa\u00f1a o autoresponder<\/h2>\n\n\n\n<p>Puede cambiar una etiqueta en cualquiera de sus campa\u00f1as o autoresponders en todo momento.<br>Para cambiar una etiqueta, por favor siga estos pasos:<\/p>\n\n\n\n<div style=\"height:30px\" aria-hidden=\"true\" class=\"wp-block-spacer\"><\/div>\n\n\n\n<p><strong>1. <\/strong>Haga clic en la flecha junto al bot\u00f3n Editar y seleccione &#8220;Establecer etiqueta&#8221; en el men\u00fa desplegable.<\/p>\n\n\n\n<figure class=\"wp-block-image size-full is-resized\"><a href=\"https:\/\/emailchef.com\/wp-content\/uploads\/2021\/12\/edit-campaign-label.jpg\"><img loading=\"lazy\" decoding=\"async\" src=\"https:\/\/emailchef.com\/wp-content\/uploads\/2021\/12\/edit-campaign-label.jpg\" alt=\"Cambiar una etiqueta\" class=\"wp-image-48882\" width=\"227\" height=\"208\"\/><\/a><\/figure>\n\n\n\n<div style=\"height:30px\" aria-hidden=\"true\" class=\"wp-block-spacer\"><\/div>\n\n\n\n<p><strong>2. <\/strong>En la ventana emergente, seleccione una etiqueta diferente o cree una nueva etiqueta en la barra de b\u00fasqueda y haga clic en &#8220;Guardar cambios&#8221;.<\/p>\n\n\n\n<figure class=\"wp-block-image size-full is-resized\"><a href=\"https:\/\/emailchef.com\/wp-content\/uploads\/2021\/12\/edit-campaign-label-2.jpg\"><img loading=\"lazy\" decoding=\"async\" src=\"https:\/\/emailchef.com\/wp-content\/uploads\/2021\/12\/edit-campaign-label-2.jpg\" alt=\"Cambiar una etiqueta\" class=\"wp-image-48900\" width=\"450\" height=\"338\"\/><\/a><\/figure>\n\n\n\n<div style=\"height:30px\" aria-hidden=\"true\" class=\"wp-block-spacer\"><\/div>\n\n\n\n<p><strong>3.<\/strong> \u00a1Y listo!. Ahora la etiqueta ha sido cambiada para su campa\u00f1a o autoresponder.<\/p>\n\n<\/div><\/div>\n\n<div class=\"gb-container gb-container-b2852792\"><div class=\"gb-inside-container\">\n\n<h2 class=\"wp-block-heading\">Eliminar una etiqueta de su campa\u00f1a o autoresponder<\/h2>\n\n\n\n<p>Para eliminar una etiqueta de cualquiera de sus campa\u00f1as o autoresponders, por favor siga estos pasos:<\/p>\n\n\n\n<div style=\"height:30px\" aria-hidden=\"true\" class=\"wp-block-spacer\"><\/div>\n\n\n\n<p><strong>1.<\/strong> Haga clic en la flecha junto al bot\u00f3n Editar y seleccione &#8220;Establecer etiqueta&#8221; en el men\u00fa desplegable.<\/p>\n\n\n\n<figure class=\"wp-block-image size-full is-resized\"><a href=\"https:\/\/emailchef.com\/wp-content\/uploads\/2021\/12\/remove-campaign-label.jpg\"><img loading=\"lazy\" decoding=\"async\" src=\"https:\/\/emailchef.com\/wp-content\/uploads\/2021\/12\/remove-campaign-label.jpg\" alt=\"Eliminar una etiqueta\" class=\"wp-image-48918\" width=\"227\" height=\"208\"\/><\/a><\/figure>\n\n\n\n<div style=\"height:30px\" aria-hidden=\"true\" class=\"wp-block-spacer\"><\/div>\n\n\n\n<p><strong>2.<\/strong> En la ventana emergente, haga clic en el bot\u00f3n &#8220;Eliminar etiqueta&#8221;.<\/p>\n\n\n\n<figure class=\"wp-block-image size-full is-resized\"><a href=\"https:\/\/emailchef.com\/wp-content\/uploads\/2021\/12\/remove-campaign-label-2.jpg\"><img loading=\"lazy\" decoding=\"async\" src=\"https:\/\/emailchef.com\/wp-content\/uploads\/2021\/12\/remove-campaign-label-2.jpg\" alt=\"Eliminar una etiqueta\" class=\"wp-image-48936\" width=\"450\" height=\"320\"\/><\/a><\/figure>\n\n\n\n<div style=\"height:30px\" aria-hidden=\"true\" class=\"wp-block-spacer\"><\/div>\n\n\n\n<p><strong>3.<\/strong> Luego haga clic en &#8220;Confirmar&#8221; y listo. La etiqueta ser\u00e1 removida de su campa\u00f1a o autoresponder.<\/p>\n\n<\/div><\/div>\n\n<div class=\"gb-container gb-container-48fb510b\"><div class=\"gb-inside-container\">\n\n<h2 class=\"wp-block-heading\">Filtre sus campa\u00f1as o autoresponders con etiquetas<\/h2>\n\n\n\n<p>Para filtrar campa\u00f1as o autoresponders que incluyen etiquetas, por favor siga estos pasos:<\/p>\n\n\n\n<div style=\"height:30px\" aria-hidden=\"true\" class=\"wp-block-spacer\"><\/div>\n\n\n\n<p><strong>1.<\/strong> Haga clic en la barra de b\u00fasqueda llamada &#8220;Filtro de etiquetas&#8221; para mostrar una lista de todas las etiquetas que ha creado.<br><br><em>Sugerencia: comience a escribir el nombre de la etiqueta y el filtro mostrar\u00e1 las opciones por coincidencia.<\/em><\/p>\n\n\n\n<figure class=\"wp-block-image size-full is-resized\"><a href=\"https:\/\/emailchef.com\/wp-content\/uploads\/2021\/12\/filter-campaign-label.jpg\"><img loading=\"lazy\" decoding=\"async\" src=\"https:\/\/emailchef.com\/wp-content\/uploads\/2021\/12\/filter-campaign-label.jpg\" alt=\"Filtre sus campa\u00f1as o autoresponders con etiquetas\" class=\"wp-image-48954\" width=\"368\" height=\"200\"\/><\/a><\/figure>\n\n\n\n<div style=\"height:30px\" aria-hidden=\"true\" class=\"wp-block-spacer\"><\/div>\n\n\n\n<p><strong>2.<\/strong> Seleccione una etiqueta para filtrar y ver\u00e1 todas las campa\u00f1as o autoresponders que contengan esa etiqueta.<\/p>\n\n<\/div><\/div>\n\n<div class=\"gb-container gb-container-1b8a21ad\"><div class=\"gb-inside-container\">\n\n<h2 class=\"wp-block-heading\">Cambiar el nombre de una etiqueta<\/h2>\n\n\n\n<p>Puede cambiar el nombre de sus etiquetas en cualquier momento. El cambio de etiqueta afecta a todas las campa\u00f1as y autoresponders que lleven esa misma etiqueta.<\/p>\n\n\n\n<p>Para cambiar el nombre de una etiqueta, por favor siga estos pasos:<\/p>\n\n\n\n<div style=\"height:30px\" aria-hidden=\"true\" class=\"wp-block-spacer\"><\/div>\n\n\n\n<p><strong>1. <\/strong>Haga clic en el &#8220;Filtro de etiquetas&#8221;.<\/p>\n\n\n\n<figure class=\"wp-block-image size-full is-resized\"><a href=\"https:\/\/emailchef.com\/wp-content\/uploads\/2021\/12\/filter-campaign-label.jpg\"><img loading=\"lazy\" decoding=\"async\" src=\"https:\/\/emailchef.com\/wp-content\/uploads\/2021\/12\/filter-campaign-label.jpg\" alt=\"Cambiar el nombre de una etiqueta\" class=\"wp-image-48954\" width=\"368\" height=\"200\"\/><\/a><\/figure>\n\n\n\n<div style=\"height:30px\" aria-hidden=\"true\" class=\"wp-block-spacer\"><\/div>\n\n\n\n<p><strong>2. <\/strong>Coloque el cursor sobre la etiqueta que desea cambiar y haga clic en el icono &#8220;Editar&#8221;.<\/p>\n\n\n\n<figure class=\"wp-block-image size-full is-resized\"><a href=\"https:\/\/emailchef.com\/wp-content\/uploads\/2021\/12\/rename-campaign-label.jpg\"><img loading=\"lazy\" decoding=\"async\" src=\"https:\/\/emailchef.com\/wp-content\/uploads\/2021\/12\/rename-campaign-label.jpg\" alt=\"Cambiar el nombre de una etiqueta\" class=\"wp-image-48974\" width=\"350\" height=\"203\"\/><\/a><\/figure>\n\n\n\n<div style=\"height:30px\" aria-hidden=\"true\" class=\"wp-block-spacer\"><\/div>\n\n\n\n<p><strong>3.<\/strong> Ingrese el nombre de la nueva etiqueta y haga clic en el icono &#8220;Guardar&#8221;.<\/p>\n\n\n\n<figure class=\"wp-block-image size-full is-resized\"><a href=\"https:\/\/emailchef.com\/wp-content\/uploads\/2021\/12\/rename-campaign-label-2.jpg\"><img loading=\"lazy\" decoding=\"async\" src=\"https:\/\/emailchef.com\/wp-content\/uploads\/2021\/12\/rename-campaign-label-2.jpg\" alt=\"Cambiar el nombre de una etiqueta\" class=\"wp-image-48992\" width=\"348\" height=\"200\"\/><\/a><\/figure>\n\n\n\n<div style=\"height:30px\" aria-hidden=\"true\" class=\"wp-block-spacer\"><\/div>\n\n\n\n<p><strong>4.<\/strong> \u00a1Listo!. Ha cambiado la etiqueta.<\/p>\n\n<\/div><\/div>\n\n<div class=\"gb-container gb-container-11b517e1\"><div class=\"gb-inside-container\">\n\n<h2 class=\"wp-block-heading\">Eliminar una etiqueta<\/h2>\n\n\n\n<p>Para eliminar una etiqueta que ya no necesite, por favor siga estos pasos:<\/p>\n\n\n\n<div style=\"height:30px\" aria-hidden=\"true\" class=\"wp-block-spacer\"><\/div>\n\n\n\n<p><strong>1.<\/strong> Haga clic en el &#8220;Filtro de etiquetas&#8221;.<\/p>\n\n\n\n<figure class=\"wp-block-image size-full is-resized\"><a href=\"https:\/\/emailchef.com\/wp-content\/uploads\/2021\/12\/filter-campaign-label-1.jpg\"><img loading=\"lazy\" decoding=\"async\" src=\"https:\/\/emailchef.com\/wp-content\/uploads\/2021\/12\/filter-campaign-label-1.jpg\" alt=\"Eliminar una etiqueta\" class=\"wp-image-49010\" width=\"368\" height=\"200\"\/><\/a><\/figure>\n\n\n\n<div style=\"height:30px\" aria-hidden=\"true\" class=\"wp-block-spacer\"><\/div>\n\n\n\n<p><strong>2.<\/strong> Coloque el cursor sobre la etiqueta que desea eliminar y haga clic en el icono &#8220;Eliminar&#8221;.<\/p>\n\n\n\n<figure class=\"wp-block-image size-full is-resized\"><a href=\"https:\/\/emailchef.com\/wp-content\/uploads\/2021\/12\/delete-label-campaign.jpg\"><img loading=\"lazy\" decoding=\"async\" src=\"https:\/\/emailchef.com\/wp-content\/uploads\/2021\/12\/delete-label-campaign.jpg\" alt=\"Eliminar una etiqueta\" class=\"wp-image-49028\" width=\"380\" height=\"209\"\/><\/a><\/figure>\n\n\n\n<div style=\"height:30px\" aria-hidden=\"true\" class=\"wp-block-spacer\"><\/div>\n\n\n\n<p><strong>3.<\/strong> Y para completar la acci\u00f3n, haga clic en el bot\u00f3n &#8220;Confirmar&#8221; en la ventana emergente para eliminar la etiqueta.<br><br><em>Nota: Las campa\u00f1as o autoresponders que contengan esta etiqueta permanecer\u00e1n en su cuenta intactas, simplemente ya no llevar\u00e1n esta etiqueta.<\/em><\/p>\n\n<\/div><\/div>\n\n\n<p><\/p>\n","protected":false},"excerpt":{"rendered":"<p>Las etiquetas son una forma sencilla de organizar sus campa\u00f1as y autoresponders en Emailchef. Tambi\u00e9n le permiten filtrar de forma pr\u00e1ctica para facilitar la b\u00fasqueda de campa\u00f1as y autoresponders en su cuenta. Hay varias formas de crear etiquetas y agregarlas a sus campa\u00f1as y autoresponders, adem\u00e1s podr\u00e1 editarlas o eliminarlas en cualquier momento. Las etiquetas [&hellip;]<\/p>\n","protected":false},"author":1,"featured_media":0,"parent":3110,"menu_order":0,"comment_status":"closed","ping_status":"closed","template":"","meta":{"_acf_changed":false,"inline_featured_image":false,"footnotes":""},"g1_relation_tag":[],"class_list":["post-49078","page","type-page","status-publish","hentry"],"acf":[],"yoast_head":"<!-- This site is optimized with the Yoast SEO plugin v24.8.1 - https:\/\/yoast.com\/wordpress\/plugins\/seo\/ -->\n<title>Use Etiquetas para Organizar sus Campa\u00f1as y Autoresponders<\/title>\n<meta name=\"description\" content=\"Las etiquetas son una forma sencilla de organizar sus campa\u00f1as y autoresponders en Emailchef. Descubra c\u00f3mo funcionan en este tutorial.\" \/>\n<meta name=\"robots\" content=\"index, follow, max-snippet:-1, max-image-preview:large, max-video-preview:-1\" \/>\n<link rel=\"canonical\" href=\"https:\/\/emailchef.com\/es\/base-de-conocimiento\/use-etiquetas-para-organizar-sus-campanas-y-autoresponders\/\" \/>\n<meta name=\"twitter:label1\" content=\"Tiempo de lectura\" \/>\n\t<meta name=\"twitter:data1\" content=\"7 minutos\" \/>\n<!-- \/ Yoast SEO plugin. -->","yoast_head_json":{"title":"Use Etiquetas para Organizar sus Campa\u00f1as y Autoresponders","description":"Las etiquetas son una forma sencilla de organizar sus campa\u00f1as y autoresponders en Emailchef. Descubra c\u00f3mo funcionan en este tutorial.","robots":{"index":"index","follow":"follow","max-snippet":"max-snippet:-1","max-image-preview":"max-image-preview:large","max-video-preview":"max-video-preview:-1"},"canonical":"https:\/\/emailchef.com\/es\/base-de-conocimiento\/use-etiquetas-para-organizar-sus-campanas-y-autoresponders\/","twitter_misc":{"Tiempo de lectura":"7 minutos"},"schema":{"@context":"https:\/\/schema.org","@graph":[{"@type":"WebPage","@id":"https:\/\/emailchef.com\/es\/base-de-conocimiento\/use-etiquetas-para-organizar-sus-campanas-y-autoresponders\/","url":"https:\/\/emailchef.com\/es\/base-de-conocimiento\/use-etiquetas-para-organizar-sus-campanas-y-autoresponders\/","name":"Use Etiquetas para Organizar sus Campa\u00f1as y Autoresponders","isPartOf":{"@id":"https:\/\/emailchef.com\/es\/#website"},"primaryImageOfPage":{"@id":"https:\/\/emailchef.com\/es\/base-de-conocimiento\/use-etiquetas-para-organizar-sus-campanas-y-autoresponders\/#primaryimage"},"image":{"@id":"https:\/\/emailchef.com\/es\/base-de-conocimiento\/use-etiquetas-para-organizar-sus-campanas-y-autoresponders\/#primaryimage"},"thumbnailUrl":"https:\/\/emailchef.com\/wp-content\/uploads\/2021\/12\/set-campagn-name.jpg","datePublished":"2021-12-16T10:13:23+00:00","dateModified":"2021-12-17T09:49:16+00:00","description":"Las etiquetas son una forma sencilla de organizar sus campa\u00f1as y autoresponders en Emailchef. Descubra c\u00f3mo funcionan en este tutorial.","breadcrumb":{"@id":"https:\/\/emailchef.com\/es\/base-de-conocimiento\/use-etiquetas-para-organizar-sus-campanas-y-autoresponders\/#breadcrumb"},"inLanguage":"es","potentialAction":[{"@type":"ReadAction","target":["https:\/\/emailchef.com\/es\/base-de-conocimiento\/use-etiquetas-para-organizar-sus-campanas-y-autoresponders\/"]}]},{"@type":"ImageObject","inLanguage":"es","@id":"https:\/\/emailchef.com\/es\/base-de-conocimiento\/use-etiquetas-para-organizar-sus-campanas-y-autoresponders\/#primaryimage","url":"https:\/\/emailchef.com\/wp-content\/uploads\/2021\/12\/set-campagn-name.jpg","contentUrl":"https:\/\/emailchef.com\/wp-content\/uploads\/2021\/12\/set-campagn-name.jpg"},{"@type":"BreadcrumbList","@id":"https:\/\/emailchef.com\/es\/base-de-conocimiento\/use-etiquetas-para-organizar-sus-campanas-y-autoresponders\/#breadcrumb","itemListElement":[{"@type":"ListItem","position":1,"name":"Home","item":"https:\/\/emailchef.com\/es\/emailchef-email-marketing-services\/"},{"@type":"ListItem","position":2,"name":"Base de conocimiento","item":"https:\/\/emailchef.com\/es\/base-de-conocimiento\/"},{"@type":"ListItem","position":3,"name":"Use Etiquetas para Organizar sus Campa\u00f1as y Autoresponders"}]},{"@type":"WebSite","@id":"https:\/\/emailchef.com\/es\/#website","url":"https:\/\/emailchef.com\/es\/","name":"Emailchef","description":"Tasty recipes for email marketing","publisher":{"@id":"https:\/\/emailchef.com\/es\/#organization"},"potentialAction":[{"@type":"SearchAction","target":{"@type":"EntryPoint","urlTemplate":"https:\/\/emailchef.com\/es\/?s={search_term_string}"},"query-input":{"@type":"PropertyValueSpecification","valueRequired":true,"valueName":"search_term_string"}}],"inLanguage":"es"},{"@type":"Organization","@id":"https:\/\/emailchef.com\/es\/#organization","name":"Delivery Tech Corp.","url":"https:\/\/emailchef.com\/es\/","logo":{"@type":"ImageObject","inLanguage":"es","@id":"https:\/\/emailchef.com\/es\/#\/schema\/logo\/image\/","url":"https:\/\/emailchef.com\/wp-content\/uploads\/2022\/04\/logo-sama.png","contentUrl":"https:\/\/emailchef.com\/wp-content\/uploads\/2022\/04\/logo-sama.png","width":237,"height":80,"caption":"Delivery Tech Corp."},"image":{"@id":"https:\/\/emailchef.com\/es\/#\/schema\/logo\/image\/"}}]}},"_links":{"self":[{"href":"https:\/\/emailchef.com\/es\/wp-json\/wp\/v2\/pages\/49078"}],"collection":[{"href":"https:\/\/emailchef.com\/es\/wp-json\/wp\/v2\/pages"}],"about":[{"href":"https:\/\/emailchef.com\/es\/wp-json\/wp\/v2\/types\/page"}],"author":[{"embeddable":true,"href":"https:\/\/emailchef.com\/es\/wp-json\/wp\/v2\/users\/1"}],"replies":[{"embeddable":true,"href":"https:\/\/emailchef.com\/es\/wp-json\/wp\/v2\/comments?post=49078"}],"version-history":[{"count":3,"href":"https:\/\/emailchef.com\/es\/wp-json\/wp\/v2\/pages\/49078\/revisions"}],"predecessor-version":[{"id":49086,"href":"https:\/\/emailchef.com\/es\/wp-json\/wp\/v2\/pages\/49078\/revisions\/49086"}],"up":[{"embeddable":true,"href":"https:\/\/emailchef.com\/es\/wp-json\/wp\/v2\/pages\/3110"}],"wp:attachment":[{"href":"https:\/\/emailchef.com\/es\/wp-json\/wp\/v2\/media?parent=49078"}],"wp:term":[{"taxonomy":"g1_relation_tag","embeddable":true,"href":"https:\/\/emailchef.com\/es\/wp-json\/wp\/v2\/g1_relation_tag?post=49078"}],"curies":[{"name":"wp","href":"https:\/\/api.w.org\/{rel}","templated":true}]}}