{"id":39624,"date":"2020-09-22T09:49:40","date_gmt":"2020-09-22T09:49:40","guid":{"rendered":"https:\/\/emailchef.com\/?page_id=39624"},"modified":"2021-07-27T15:30:25","modified_gmt":"2021-07-27T15:30:25","slug":"como-crear-un-mensaje-automatico-para-carrito-abandonado","status":"publish","type":"page","link":"https:\/\/emailchef.com\/es\/base-de-conocimiento\/como-crear-un-mensaje-automatico-para-carrito-abandonado\/","title":{"rendered":"C\u00f3mo Crear un Mensaje Autom\u00e1tico para Carrito Abandonado"},"content":{"rendered":"<p><span style=\"font-weight: 400;\">\u00bfTiene una <strong>tienda en l\u00ednea<\/strong> y desea aprovechar Emailchef para <strong>aumentar sus ventas?<\/strong><\/span><\/p>\n<p><span style=\"font-weight: 400;\">Creando un segmento de lista y usando los autoresponders, usted puede enviar un <strong>email autom\u00e1tico de notificaci\u00f3n de carrito abandonado<\/strong> a todos los clientes que hayan dejado al menos un art\u00edculo en el carrito sin haber completado la compra.<\/span><\/p>\n<p><a href=\"https:\/\/emailchef.com\/wp-content\/uploads\/2021\/05\/Screenshot_184.jpg\" rel=\"lightbox\"><img fetchpriority=\"high\" decoding=\"async\" class=\"alignnone wp-image-39626\" src=\"https:\/\/emailchef.com\/wp-content\/uploads\/2021\/05\/Screenshot_184.jpg\" alt=\"\" width=\"450\" height=\"803\" srcset=\"https:\/\/emailchef.com\/wp-content\/uploads\/2021\/05\/Screenshot_184.jpg 648w, https:\/\/emailchef.com\/wp-content\/uploads\/2021\/05\/Screenshot_184-168x300.jpg 168w, https:\/\/emailchef.com\/wp-content\/uploads\/2021\/05\/Screenshot_184-574x1024.jpg 574w, https:\/\/emailchef.com\/wp-content\/uploads\/2021\/05\/Screenshot_184-636x1135.jpg 636w, https:\/\/emailchef.com\/wp-content\/uploads\/2021\/05\/Screenshot_184-320x571.jpg 320w, https:\/\/emailchef.com\/wp-content\/uploads\/2021\/05\/Screenshot_184-239x426.jpg 239w\" sizes=\"(max-width: 450px) 100vw, 450px\" \/><\/a><\/p>\n<p><span style=\"font-weight: 400;\">Veamos c\u00f3mo enviar un email autom\u00e1tico de notificaci\u00f3n de carrito abandonado a sus contactos.<\/span><\/p>\n<p><span style=\"font-weight: 400;\">Primero, aseg\u00farese de ya <strong>tener vinculado uno de nuestros plugins para comercio electr\u00f3nico<\/strong> (como PrestaShop, Magento o WooCommerce) <strong>a una lista en su cuenta de Emailchef.<\/strong><\/span><\/p>\n<p><span style=\"font-weight: 400;\">Para vincular uno de nuestros plugins de comercio electr\u00f3nico, le invitamos a ver los siguientes videos tutoriales: <a href=\"https:\/\/youtu.be\/tpepro8BwpE\">Conecte PrestaShop a Emailchef<\/a>; <a href=\"https:\/\/youtu.be\/3YZ_ROHs-3g\">Conecte Magento a Emailchef<\/a>; <a href=\"https:\/\/youtu.be\/UVbf-chuGSA\">Conecte WooCommerce a Emailchef<\/a>.<\/span><\/p>\n<p><a href=\"https:\/\/emailchef.com\/wp-content\/uploads\/2021\/05\/Screenshot_185.jpg\" rel=\"lightbox\"><img decoding=\"async\" class=\"alignnone wp-image-39642 size-full\" src=\"https:\/\/emailchef.com\/wp-content\/uploads\/2021\/05\/Screenshot_185.jpg\" alt=\"\" width=\"1463\" height=\"419\" srcset=\"https:\/\/emailchef.com\/wp-content\/uploads\/2021\/05\/Screenshot_185.jpg 1463w, https:\/\/emailchef.com\/wp-content\/uploads\/2021\/05\/Screenshot_185-300x86.jpg 300w, https:\/\/emailchef.com\/wp-content\/uploads\/2021\/05\/Screenshot_185-768x220.jpg 768w, https:\/\/emailchef.com\/wp-content\/uploads\/2021\/05\/Screenshot_185-1024x293.jpg 1024w, https:\/\/emailchef.com\/wp-content\/uploads\/2021\/05\/Screenshot_185-968x277.jpg 968w, https:\/\/emailchef.com\/wp-content\/uploads\/2021\/05\/Screenshot_185-636x182.jpg 636w, https:\/\/emailchef.com\/wp-content\/uploads\/2021\/05\/Screenshot_185-320x92.jpg 320w, https:\/\/emailchef.com\/wp-content\/uploads\/2021\/05\/Screenshot_185-239x68.jpg 239w\" sizes=\"(max-width: 1463px) 100vw, 1463px\" \/><\/a><\/p>\n<p><span style=\"font-weight: 400;\"><strong>1. <a href=\"https:\/\/emailchef.com\/es\/base-de-conocimiento\/como-crear-segmentos\/\">Cree un segmento<\/a><\/strong> para identificar a los clientes que han dejado art\u00edculos en su carrito de compras. En el primer campo que contiene la lista de condiciones, seleccione \u201cCarro abandonado S\u00ed\/No\u201d. Y marque la casilla para confirmar esta condici\u00f3n. Haga clic en &#8220;GUARDAR Y REFRESCAR CONTADOR&#8221; para crear el segmento de lista.<\/span><\/p>\n<p><a href=\"https:\/\/emailchef.com\/wp-content\/uploads\/2021\/05\/Screenshot_186.jpg\" rel=\"lightbox\"><img decoding=\"async\" class=\"alignnone wp-image-39658 size-full\" src=\"https:\/\/emailchef.com\/wp-content\/uploads\/2021\/05\/Screenshot_186.jpg\" alt=\"\" width=\"1222\" height=\"406\" srcset=\"https:\/\/emailchef.com\/wp-content\/uploads\/2021\/05\/Screenshot_186.jpg 1222w, https:\/\/emailchef.com\/wp-content\/uploads\/2021\/05\/Screenshot_186-300x100.jpg 300w, https:\/\/emailchef.com\/wp-content\/uploads\/2021\/05\/Screenshot_186-768x255.jpg 768w, https:\/\/emailchef.com\/wp-content\/uploads\/2021\/05\/Screenshot_186-1024x340.jpg 1024w, https:\/\/emailchef.com\/wp-content\/uploads\/2021\/05\/Screenshot_186-968x322.jpg 968w, https:\/\/emailchef.com\/wp-content\/uploads\/2021\/05\/Screenshot_186-636x211.jpg 636w, https:\/\/emailchef.com\/wp-content\/uploads\/2021\/05\/Screenshot_186-320x106.jpg 320w, https:\/\/emailchef.com\/wp-content\/uploads\/2021\/05\/Screenshot_186-239x79.jpg 239w\" sizes=\"(max-width: 1222px) 100vw, 1222px\" \/><\/a><\/p>\n<p><span style=\"font-weight: 400;\"><strong>2. <a href=\"https:\/\/emailchef.com\/es\/base-de-conocimiento\/edite-email-y-agregue-contenido\/\">Cree una plantilla<\/a><\/strong> para que sea enviada a los contactos del segmento de carrito abandonado. Emailchef ya tiene bloques creados espec\u00edficamente para este prop\u00f3sito en el editor. Puede encontrar estos bloques en la categor\u00eda &#8220;Especiales&#8221;.<\/span><\/p>\n<p><a href=\"https:\/\/emailchef.com\/wp-content\/uploads\/2021\/05\/Screenshot_187.jpg\" rel=\"lightbox\"><img loading=\"lazy\" decoding=\"async\" class=\"alignnone wp-image-39678 size-full\" src=\"https:\/\/emailchef.com\/wp-content\/uploads\/2021\/05\/Screenshot_187.jpg\" alt=\"\" width=\"1464\" height=\"865\" srcset=\"https:\/\/emailchef.com\/wp-content\/uploads\/2021\/05\/Screenshot_187.jpg 1464w, https:\/\/emailchef.com\/wp-content\/uploads\/2021\/05\/Screenshot_187-300x177.jpg 300w, https:\/\/emailchef.com\/wp-content\/uploads\/2021\/05\/Screenshot_187-768x454.jpg 768w, https:\/\/emailchef.com\/wp-content\/uploads\/2021\/05\/Screenshot_187-1024x605.jpg 1024w, https:\/\/emailchef.com\/wp-content\/uploads\/2021\/05\/Screenshot_187-968x572.jpg 968w, https:\/\/emailchef.com\/wp-content\/uploads\/2021\/05\/Screenshot_187-636x376.jpg 636w, https:\/\/emailchef.com\/wp-content\/uploads\/2021\/05\/Screenshot_187-320x189.jpg 320w, https:\/\/emailchef.com\/wp-content\/uploads\/2021\/05\/Screenshot_187-239x141.jpg 239w\" sizes=\"(max-width: 1464px) 100vw, 1464px\" \/><\/a><\/p>\n<p><span style=\"font-weight: 400;\">Los bloques de carrito abandonado ya incluyen un espacio que ser\u00e1 reemplazado autom\u00e1ticamente por la imagen del producto m\u00e1s caro que haya sido dejado por el cliente en el carrito. Los bloques tambi\u00e9n contienen etiquetas de personalizaci\u00f3n que corresponder\u00e1n a los datos del producto (nombre, descripci\u00f3n, precio y moneda), as\u00ed como un bot\u00f3n vinculado a la p\u00e1gina de ese producto en su sitio web.<\/span><\/p>\n<p><a href=\"https:\/\/emailchef.com\/wp-content\/uploads\/2021\/05\/Screenshot_188.jpg\" rel=\"lightbox\"><img loading=\"lazy\" decoding=\"async\" class=\"alignnone wp-image-39694 size-full\" src=\"https:\/\/emailchef.com\/wp-content\/uploads\/2021\/05\/Screenshot_188.jpg\" alt=\"\" width=\"1464\" height=\"926\" srcset=\"https:\/\/emailchef.com\/wp-content\/uploads\/2021\/05\/Screenshot_188.jpg 1464w, https:\/\/emailchef.com\/wp-content\/uploads\/2021\/05\/Screenshot_188-300x190.jpg 300w, https:\/\/emailchef.com\/wp-content\/uploads\/2021\/05\/Screenshot_188-768x486.jpg 768w, https:\/\/emailchef.com\/wp-content\/uploads\/2021\/05\/Screenshot_188-1024x648.jpg 1024w, https:\/\/emailchef.com\/wp-content\/uploads\/2021\/05\/Screenshot_188-968x612.jpg 968w, https:\/\/emailchef.com\/wp-content\/uploads\/2021\/05\/Screenshot_188-636x402.jpg 636w, https:\/\/emailchef.com\/wp-content\/uploads\/2021\/05\/Screenshot_188-320x202.jpg 320w, https:\/\/emailchef.com\/wp-content\/uploads\/2021\/05\/Screenshot_188-239x151.jpg 239w\" sizes=\"(max-width: 1464px) 100vw, 1464px\" \/><\/a><\/p>\n<p><strong>3. Cree un autoresponder<\/strong> para automatizar el env\u00edo de su plantilla para carrito abandonado.<\/p>\n<p><span style=\"font-weight: 400;\">Una vez que haya terminado de crear la plantilla, haga clic en &#8220;Guardar y crear un autoresponder&#8221;.<\/span><\/p>\n<p><a href=\"https:\/\/emailchef.com\/wp-content\/uploads\/2021\/05\/Screenshot_189.jpg\" rel=\"lightbox\"><img loading=\"lazy\" decoding=\"async\" class=\"alignnone wp-image-39710 size-full\" src=\"https:\/\/emailchef.com\/wp-content\/uploads\/2021\/05\/Screenshot_189.jpg\" alt=\"\" width=\"1464\" height=\"927\" srcset=\"https:\/\/emailchef.com\/wp-content\/uploads\/2021\/05\/Screenshot_189.jpg 1464w, https:\/\/emailchef.com\/wp-content\/uploads\/2021\/05\/Screenshot_189-300x190.jpg 300w, https:\/\/emailchef.com\/wp-content\/uploads\/2021\/05\/Screenshot_189-768x486.jpg 768w, https:\/\/emailchef.com\/wp-content\/uploads\/2021\/05\/Screenshot_189-1024x648.jpg 1024w, https:\/\/emailchef.com\/wp-content\/uploads\/2021\/05\/Screenshot_189-968x613.jpg 968w, https:\/\/emailchef.com\/wp-content\/uploads\/2021\/05\/Screenshot_189-636x403.jpg 636w, https:\/\/emailchef.com\/wp-content\/uploads\/2021\/05\/Screenshot_189-320x203.jpg 320w, https:\/\/emailchef.com\/wp-content\/uploads\/2021\/05\/Screenshot_189-239x151.jpg 239w\" sizes=\"(max-width: 1464px) 100vw, 1464px\" \/><\/a><\/p>\n<p><span style=\"font-weight: 400;\">Haga clic en \u201cSIGUIENTE\u201d. Seleccione el tipo de evento que activar\u00e1 el env\u00edo de su plantilla. Para enviar un mensaje autom\u00e1tico de carrito abandonado, elija la opci\u00f3n: <strong>\u201cSi el contacto ingresa a un segmento&nbsp;<\/strong><\/span><strong>espec\u00edfico\u201d.<\/strong><\/p>\n<p><a href=\"https:\/\/emailchef.com\/wp-content\/uploads\/2021\/05\/Screenshot_190.jpg\" rel=\"lightbox\"><img loading=\"lazy\" decoding=\"async\" class=\"alignnone wp-image-39726 size-full\" src=\"https:\/\/emailchef.com\/wp-content\/uploads\/2021\/05\/Screenshot_190.jpg\" alt=\"\" width=\"1207\" height=\"323\" srcset=\"https:\/\/emailchef.com\/wp-content\/uploads\/2021\/05\/Screenshot_190.jpg 1207w, https:\/\/emailchef.com\/wp-content\/uploads\/2021\/05\/Screenshot_190-300x80.jpg 300w, https:\/\/emailchef.com\/wp-content\/uploads\/2021\/05\/Screenshot_190-768x206.jpg 768w, https:\/\/emailchef.com\/wp-content\/uploads\/2021\/05\/Screenshot_190-1024x274.jpg 1024w, https:\/\/emailchef.com\/wp-content\/uploads\/2021\/05\/Screenshot_190-968x259.jpg 968w, https:\/\/emailchef.com\/wp-content\/uploads\/2021\/05\/Screenshot_190-636x170.jpg 636w, https:\/\/emailchef.com\/wp-content\/uploads\/2021\/05\/Screenshot_190-320x86.jpg 320w, https:\/\/emailchef.com\/wp-content\/uploads\/2021\/05\/Screenshot_190-239x64.jpg 239w\" sizes=\"(max-width: 1207px) 100vw, 1207px\" \/><\/a><\/p>\n<p><span style=\"font-weight: 400;\"><strong>Seleccione el segmento<\/strong> de la lista que recibir\u00e1 el mensaje autom\u00e1tico. Use el segmento de lista que cre\u00f3 anteriormente.<\/span><\/p>\n<p><a href=\"https:\/\/emailchef.com\/wp-content\/uploads\/2021\/05\/Screenshot_191.jpg\" rel=\"lightbox\"><img loading=\"lazy\" decoding=\"async\" class=\"alignnone wp-image-39742 size-full\" src=\"https:\/\/emailchef.com\/wp-content\/uploads\/2021\/05\/Screenshot_191.jpg\" alt=\"\" width=\"797\" height=\"260\" srcset=\"https:\/\/emailchef.com\/wp-content\/uploads\/2021\/05\/Screenshot_191.jpg 797w, https:\/\/emailchef.com\/wp-content\/uploads\/2021\/05\/Screenshot_191-300x98.jpg 300w, https:\/\/emailchef.com\/wp-content\/uploads\/2021\/05\/Screenshot_191-768x251.jpg 768w, https:\/\/emailchef.com\/wp-content\/uploads\/2021\/05\/Screenshot_191-636x207.jpg 636w, https:\/\/emailchef.com\/wp-content\/uploads\/2021\/05\/Screenshot_191-320x104.jpg 320w, https:\/\/emailchef.com\/wp-content\/uploads\/2021\/05\/Screenshot_191-239x78.jpg 239w\" sizes=\"(max-width: 797px) 100vw, 797px\" \/><\/a><\/p>\n<p><span style=\"font-weight: 400;\"><strong>Configure el tiempo para que el autoresponder sea enviado.<\/strong> Puede configurar el lapso de tiempo para que se env\u00ede horas o d\u00edas despu\u00e9s de que los contactos hayan ca\u00eddo en el segmento de &#8220;Carrito abandonado&#8221;. Recuerde que un carrito generalmente se considera abandonado s\u00f3lo si se ha dejado un producto durante 24 horas sin haber concretado la compra.&nbsp;<\/span><\/p>\n<p><span style=\"font-weight: 400;\">Si usted configura el lapso de tiempo en &#8220;0 d\u00edas&#8221; y &#8220;0 horas&#8221;, el autoresponder se enviar\u00e1 tan pronto como un usuario entre al segmento de carrito abandonado.<\/span><\/p>\n<p><a href=\"https:\/\/emailchef.com\/wp-content\/uploads\/2021\/05\/Screenshot_192.jpg\" rel=\"lightbox\"><img loading=\"lazy\" decoding=\"async\" class=\"alignnone wp-image-39758 size-full\" src=\"https:\/\/emailchef.com\/wp-content\/uploads\/2021\/05\/Screenshot_192.jpg\" alt=\"\" width=\"610\" height=\"130\" srcset=\"https:\/\/emailchef.com\/wp-content\/uploads\/2021\/05\/Screenshot_192.jpg 610w, https:\/\/emailchef.com\/wp-content\/uploads\/2021\/05\/Screenshot_192-300x64.jpg 300w, https:\/\/emailchef.com\/wp-content\/uploads\/2021\/05\/Screenshot_192-320x68.jpg 320w, https:\/\/emailchef.com\/wp-content\/uploads\/2021\/05\/Screenshot_192-239x51.jpg 239w\" sizes=\"(max-width: 610px) 100vw, 610px\" \/><\/a><\/p>\n<p><span style=\"font-weight: 400;\">Haga clic en \u201cSIGUIENTE&#8221;. Complete los campos con el nombre del autoresponder, seleccione el remitente y agregue el asunto. Tambi\u00e9n puede agregar un texto de cabecera.<\/span><\/p>\n<p><a href=\"https:\/\/emailchef.com\/wp-content\/uploads\/2021\/05\/Screenshot_193.jpg\" rel=\"lightbox\"><img loading=\"lazy\" decoding=\"async\" class=\"alignnone wp-image-39774 size-full\" src=\"https:\/\/emailchef.com\/wp-content\/uploads\/2021\/05\/Screenshot_193.jpg\" alt=\"\" width=\"1222\" height=\"875\" srcset=\"https:\/\/emailchef.com\/wp-content\/uploads\/2021\/05\/Screenshot_193.jpg 1222w, https:\/\/emailchef.com\/wp-content\/uploads\/2021\/05\/Screenshot_193-300x215.jpg 300w, https:\/\/emailchef.com\/wp-content\/uploads\/2021\/05\/Screenshot_193-768x550.jpg 768w, https:\/\/emailchef.com\/wp-content\/uploads\/2021\/05\/Screenshot_193-1024x733.jpg 1024w, https:\/\/emailchef.com\/wp-content\/uploads\/2021\/05\/Screenshot_193-968x693.jpg 968w, https:\/\/emailchef.com\/wp-content\/uploads\/2021\/05\/Screenshot_193-636x455.jpg 636w, https:\/\/emailchef.com\/wp-content\/uploads\/2021\/05\/Screenshot_193-320x229.jpg 320w, https:\/\/emailchef.com\/wp-content\/uploads\/2021\/05\/Screenshot_193-239x171.jpg 239w\" sizes=\"(max-width: 1222px) 100vw, 1222px\" \/><\/a><\/p>\n<p><span style=\"font-weight: 400;\">Haga clic en &#8220;SIGUIENTE&#8221;, y finalmente presione <strong>&#8220;ACTIVAR AUTORESPONDER&#8221;.<\/strong><\/span><\/p>\n<p><a href=\"https:\/\/emailchef.com\/wp-content\/uploads\/2021\/05\/Screenshot_194.jpg\" rel=\"lightbox\"><img loading=\"lazy\" decoding=\"async\" class=\"alignnone wp-image-39790 size-full\" src=\"https:\/\/emailchef.com\/wp-content\/uploads\/2021\/05\/Screenshot_194.jpg\" alt=\"\" width=\"1222\" height=\"610\" srcset=\"https:\/\/emailchef.com\/wp-content\/uploads\/2021\/05\/Screenshot_194.jpg 1222w, https:\/\/emailchef.com\/wp-content\/uploads\/2021\/05\/Screenshot_194-300x150.jpg 300w, https:\/\/emailchef.com\/wp-content\/uploads\/2021\/05\/Screenshot_194-768x383.jpg 768w, https:\/\/emailchef.com\/wp-content\/uploads\/2021\/05\/Screenshot_194-1024x511.jpg 1024w, https:\/\/emailchef.com\/wp-content\/uploads\/2021\/05\/Screenshot_194-968x483.jpg 968w, https:\/\/emailchef.com\/wp-content\/uploads\/2021\/05\/Screenshot_194-636x317.jpg 636w, https:\/\/emailchef.com\/wp-content\/uploads\/2021\/05\/Screenshot_194-320x160.jpg 320w, https:\/\/emailchef.com\/wp-content\/uploads\/2021\/05\/Screenshot_194-239x119.jpg 239w\" sizes=\"(max-width: 1222px) 100vw, 1222px\" \/><\/a><\/p>\n<p><span style=\"font-weight: 400;\">Ahora su autoresponder se ha activado. Todos los contactos que se unan al segmento de carrito abandonado recibir\u00e1n el mensaje autom\u00e1tico de recordatorio en el tiempo que usted ha seleccionado.<\/span><\/p>\n<p><span style=\"font-weight: 400;\">Para aprender m\u00e1s sobre los autoresponders de carrito abandonado, le invitamos a ver el siguiente tutorial:<\/span><\/p>\n<div class=\"lyte-wrapper\" title=\"[ES] C&oacute;mo enviar un correo de notificaci&oacute;n carrito abandonado\" style=\"width:640px;max-width:100%;margin:5px;\"><div class=\"lyMe\" id=\"WYL_-W6-nFlPR9g\"><div id=\"lyte_-W6-nFlPR9g\" data-src=\"https:\/\/emailchef.com\/wp-content\/plugins\/wp-youtube-lyte\/lyteCache.php?origThumbUrl=https%3A%2F%2Fi.ytimg.com%2Fvi%2F-W6-nFlPR9g%2Fhqdefault.jpg\" class=\"pL\"><div class=\"tC\"><div class=\"tT\">[ES] C\u00f3mo enviar un correo de notificaci\u00f3n carrito abandonado<\/div><\/div><div class=\"play\"><\/div><div class=\"ctrl\"><div class=\"Lctrl\"><\/div><div class=\"Rctrl\"><\/div><\/div><\/div><noscript><a href=\"https:\/\/youtu.be\/-W6-nFlPR9g\" rel=\"nofollow\"><img loading=\"lazy\" decoding=\"async\" src=\"https:\/\/emailchef.com\/wp-content\/plugins\/wp-youtube-lyte\/lyteCache.php?origThumbUrl=https%3A%2F%2Fi.ytimg.com%2Fvi%2F-W6-nFlPR9g%2F0.jpg\" alt=\"[ES] C&oacute;mo enviar un correo de notificaci&oacute;n carrito abandonado\" width=\"640\" height=\"340\" \/><br \/>Mire este video en YouTube<\/a><\/noscript><\/div><\/div><div class=\"lL\" style=\"max-width:100%;width:640px;margin:5px;\"><\/div>\n<div class=\"ec-video-button hide centered\">\n\t<a href=\"https:\/\/youtu.be\/-W6-nFlPR9g\" rel=\"prettyPhoto\" title=\"Reproducir v\u00eddeo\">Reproducir v\u00eddeo <i class=\"fa fa-play-circle fa-2x\"><\/i><\/a>\n<\/div>\n","protected":false},"excerpt":{"rendered":"<p>\u00bfTiene una tienda en l\u00ednea y desea aprovechar Emailchef para aumentar sus ventas? Creando un segmento de lista y usando los autoresponders, usted puede enviar un email autom\u00e1tico de notificaci\u00f3n de carrito abandonado a todos los clientes que hayan dejado al menos un art\u00edculo en el carrito sin haber completado la compra. Veamos c\u00f3mo enviar [&hellip;]<\/p>\n","protected":false},"author":20,"featured_media":0,"parent":3110,"menu_order":0,"comment_status":"closed","ping_status":"closed","template":"","meta":{"_acf_changed":false,"inline_featured_image":false,"footnotes":""},"g1_relation_tag":[],"class_list":["post-39624","page","type-page","status-publish","hentry"],"acf":[],"yoast_head":"<!-- This site is optimized with the Yoast SEO plugin v24.8.1 - https:\/\/yoast.com\/wordpress\/plugins\/seo\/ -->\n<title>C\u00f3mo Crear un Mensaje Autom\u00e1tico para Carrito Abandonado - Emailchef<\/title>\n<meta name=\"robots\" content=\"index, follow, max-snippet:-1, max-image-preview:large, max-video-preview:-1\" \/>\n<link rel=\"canonical\" href=\"https:\/\/emailchef.com\/es\/base-de-conocimiento\/como-crear-un-mensaje-automatico-para-carrito-abandonado\/\" \/>\n<meta name=\"twitter:label1\" content=\"Tiempo de lectura\" \/>\n\t<meta name=\"twitter:data1\" content=\"5 minutos\" \/>\n<!-- \/ Yoast SEO plugin. -->","yoast_head_json":{"title":"C\u00f3mo Crear un Mensaje Autom\u00e1tico para Carrito Abandonado - Emailchef","robots":{"index":"index","follow":"follow","max-snippet":"max-snippet:-1","max-image-preview":"max-image-preview:large","max-video-preview":"max-video-preview:-1"},"canonical":"https:\/\/emailchef.com\/es\/base-de-conocimiento\/como-crear-un-mensaje-automatico-para-carrito-abandonado\/","twitter_misc":{"Tiempo de lectura":"5 minutos"},"schema":{"@context":"https:\/\/schema.org","@graph":[{"@type":"WebPage","@id":"https:\/\/emailchef.com\/es\/base-de-conocimiento\/como-crear-un-mensaje-automatico-para-carrito-abandonado\/","url":"https:\/\/emailchef.com\/es\/base-de-conocimiento\/como-crear-un-mensaje-automatico-para-carrito-abandonado\/","name":"C\u00f3mo Crear un Mensaje Autom\u00e1tico para Carrito Abandonado - Emailchef","isPartOf":{"@id":"https:\/\/emailchef.com\/es\/#website"},"primaryImageOfPage":{"@id":"https:\/\/emailchef.com\/es\/base-de-conocimiento\/como-crear-un-mensaje-automatico-para-carrito-abandonado\/#primaryimage"},"image":{"@id":"https:\/\/emailchef.com\/es\/base-de-conocimiento\/como-crear-un-mensaje-automatico-para-carrito-abandonado\/#primaryimage"},"thumbnailUrl":"https:\/\/emailchef.com\/wp-content\/uploads\/2021\/05\/Screenshot_184.jpg","datePublished":"2020-09-22T09:49:40+00:00","dateModified":"2021-07-27T15:30:25+00:00","breadcrumb":{"@id":"https:\/\/emailchef.com\/es\/base-de-conocimiento\/como-crear-un-mensaje-automatico-para-carrito-abandonado\/#breadcrumb"},"inLanguage":"es","potentialAction":[{"@type":"ReadAction","target":["https:\/\/emailchef.com\/es\/base-de-conocimiento\/como-crear-un-mensaje-automatico-para-carrito-abandonado\/"]}]},{"@type":"ImageObject","inLanguage":"es","@id":"https:\/\/emailchef.com\/es\/base-de-conocimiento\/como-crear-un-mensaje-automatico-para-carrito-abandonado\/#primaryimage","url":"https:\/\/emailchef.com\/wp-content\/uploads\/2021\/05\/Screenshot_184.jpg","contentUrl":"https:\/\/emailchef.com\/wp-content\/uploads\/2021\/05\/Screenshot_184.jpg"},{"@type":"BreadcrumbList","@id":"https:\/\/emailchef.com\/es\/base-de-conocimiento\/como-crear-un-mensaje-automatico-para-carrito-abandonado\/#breadcrumb","itemListElement":[{"@type":"ListItem","position":1,"name":"Home","item":"https:\/\/emailchef.com\/es\/emailchef-email-marketing-services\/"},{"@type":"ListItem","position":2,"name":"Base de conocimiento","item":"https:\/\/emailchef.com\/es\/base-de-conocimiento\/"},{"@type":"ListItem","position":3,"name":"C\u00f3mo Crear un Mensaje Autom\u00e1tico para Carrito Abandonado"}]},{"@type":"WebSite","@id":"https:\/\/emailchef.com\/es\/#website","url":"https:\/\/emailchef.com\/es\/","name":"Emailchef","description":"Tasty recipes for email marketing","publisher":{"@id":"https:\/\/emailchef.com\/es\/#organization"},"potentialAction":[{"@type":"SearchAction","target":{"@type":"EntryPoint","urlTemplate":"https:\/\/emailchef.com\/es\/?s={search_term_string}"},"query-input":{"@type":"PropertyValueSpecification","valueRequired":true,"valueName":"search_term_string"}}],"inLanguage":"es"},{"@type":"Organization","@id":"https:\/\/emailchef.com\/es\/#organization","name":"Delivery Tech Corp.","url":"https:\/\/emailchef.com\/es\/","logo":{"@type":"ImageObject","inLanguage":"es","@id":"https:\/\/emailchef.com\/es\/#\/schema\/logo\/image\/","url":"https:\/\/emailchef.com\/wp-content\/uploads\/2022\/04\/logo-sama.png","contentUrl":"https:\/\/emailchef.com\/wp-content\/uploads\/2022\/04\/logo-sama.png","width":237,"height":80,"caption":"Delivery Tech Corp."},"image":{"@id":"https:\/\/emailchef.com\/es\/#\/schema\/logo\/image\/"}}]}},"_links":{"self":[{"href":"https:\/\/emailchef.com\/es\/wp-json\/wp\/v2\/pages\/39624"}],"collection":[{"href":"https:\/\/emailchef.com\/es\/wp-json\/wp\/v2\/pages"}],"about":[{"href":"https:\/\/emailchef.com\/es\/wp-json\/wp\/v2\/types\/page"}],"author":[{"embeddable":true,"href":"https:\/\/emailchef.com\/es\/wp-json\/wp\/v2\/users\/20"}],"replies":[{"embeddable":true,"href":"https:\/\/emailchef.com\/es\/wp-json\/wp\/v2\/comments?post=39624"}],"version-history":[{"count":4,"href":"https:\/\/emailchef.com\/es\/wp-json\/wp\/v2\/pages\/39624\/revisions"}],"predecessor-version":[{"id":47270,"href":"https:\/\/emailchef.com\/es\/wp-json\/wp\/v2\/pages\/39624\/revisions\/47270"}],"up":[{"embeddable":true,"href":"https:\/\/emailchef.com\/es\/wp-json\/wp\/v2\/pages\/3110"}],"wp:attachment":[{"href":"https:\/\/emailchef.com\/es\/wp-json\/wp\/v2\/media?parent=39624"}],"wp:term":[{"taxonomy":"g1_relation_tag","embeddable":true,"href":"https:\/\/emailchef.com\/es\/wp-json\/wp\/v2\/g1_relation_tag?post=39624"}],"curies":[{"name":"wp","href":"https:\/\/api.w.org\/{rel}","templated":true}]}}