{"id":39252,"date":"2020-09-17T10:42:34","date_gmt":"2020-09-17T10:42:34","guid":{"rendered":"https:\/\/emailchef.com\/?page_id=39252"},"modified":"2021-07-27T15:30:04","modified_gmt":"2021-07-27T15:30:04","slug":"como-crear-un-correo-de-seguimiento","status":"publish","type":"page","link":"https:\/\/emailchef.com\/es\/base-de-conocimiento\/como-crear-un-correo-de-seguimiento\/","title":{"rendered":"C\u00f3mo Crear un Correo de Seguimiento"},"content":{"rendered":"<p><span style=\"font-weight: 400;\">Un autoresponder tambi\u00e9n se puede utilizar para enviar mensajes autom\u00e1ticos a los suscriptores con base en sus acciones. Por ejemplo, una empresa podr\u00eda <strong>enviar un correo solicitando una calificaci\u00f3n del servicio brindado.<\/strong> El mensaje puede contener botones marcados como &#8220;positivos&#8221; o &#8220;negativos&#8221; y <strong>enviar emails de seguimiento personalizados<\/strong> seg\u00fan la elecci\u00f3n de cada contacto.<\/span><\/p>\n<p><a href=\"https:\/\/emailchef.com\/wp-content\/uploads\/2021\/04\/Screenshot_165.jpg\" rel=\"lightbox\"><img fetchpriority=\"high\" decoding=\"async\" class=\"alignnone wp-image-39258 size-full\" src=\"https:\/\/emailchef.com\/wp-content\/uploads\/2021\/04\/Screenshot_165.jpg\" alt=\"\" width=\"1600\" height=\"737\" srcset=\"https:\/\/emailchef.com\/wp-content\/uploads\/2021\/04\/Screenshot_165.jpg 1600w, https:\/\/emailchef.com\/wp-content\/uploads\/2021\/04\/Screenshot_165-300x138.jpg 300w, https:\/\/emailchef.com\/wp-content\/uploads\/2021\/04\/Screenshot_165-768x354.jpg 768w, https:\/\/emailchef.com\/wp-content\/uploads\/2021\/04\/Screenshot_165-1024x472.jpg 1024w, https:\/\/emailchef.com\/wp-content\/uploads\/2021\/04\/Screenshot_165-968x446.jpg 968w, https:\/\/emailchef.com\/wp-content\/uploads\/2021\/04\/Screenshot_165-636x293.jpg 636w, https:\/\/emailchef.com\/wp-content\/uploads\/2021\/04\/Screenshot_165-320x147.jpg 320w, https:\/\/emailchef.com\/wp-content\/uploads\/2021\/04\/Screenshot_165-239x110.jpg 239w\" sizes=\"(max-width: 1600px) 100vw, 1600px\" \/><\/a><\/p>\n<p><span style=\"font-weight: 400;\"><strong>Solicitar una opini\u00f3n a sus clientes<\/strong> sobre sus productos o servicios, <strong>le puede ayudar a retenerlos, generar nuevas conversiones<\/strong> y obtener informaci\u00f3n valiosa.<\/span><\/p>\n<p><span style=\"font-weight: 400;\">Veamos c\u00f3mo crear un autoresponder de seguimiento vinculado a un mensaje para solicitar la opini\u00f3n de sus contactos.<\/span><\/p>\n<p><span style=\"font-weight: 400;\">Primero,<strong> programe el env\u00edo de su campa\u00f1a<\/strong> para solicitar la opini\u00f3n de sus contactos sobre el servicio o producto brindado. En el ejemplo anterior, el mensaje contiene dos enlaces para la evaluaci\u00f3n. Cada enlace se dirige a una landing page como respuesta inmediata. Dependiendo en qu\u00e9 enlace haga clic el contacto, recibir\u00e1 un seguimiento espec\u00edfico. Una evaluaci\u00f3n positiva, por ejemplo, podr\u00eda detonar el env\u00edo de un autoresponder que contenga un descuento para usar en su pr\u00f3xima compra.<\/span><\/p>\n<p><a href=\"https:\/\/emailchef.com\/wp-content\/uploads\/2021\/04\/Screenshot_166.jpg\" rel=\"lightbox\"><img decoding=\"async\" class=\"alignnone wp-image-39276 size-full\" src=\"https:\/\/emailchef.com\/wp-content\/uploads\/2021\/04\/Screenshot_166.jpg\" alt=\"\" width=\"1489\" height=\"491\" srcset=\"https:\/\/emailchef.com\/wp-content\/uploads\/2021\/04\/Screenshot_166.jpg 1489w, https:\/\/emailchef.com\/wp-content\/uploads\/2021\/04\/Screenshot_166-300x99.jpg 300w, https:\/\/emailchef.com\/wp-content\/uploads\/2021\/04\/Screenshot_166-768x253.jpg 768w, https:\/\/emailchef.com\/wp-content\/uploads\/2021\/04\/Screenshot_166-1024x338.jpg 1024w, https:\/\/emailchef.com\/wp-content\/uploads\/2021\/04\/Screenshot_166-968x319.jpg 968w, https:\/\/emailchef.com\/wp-content\/uploads\/2021\/04\/Screenshot_166-636x210.jpg 636w, https:\/\/emailchef.com\/wp-content\/uploads\/2021\/04\/Screenshot_166-320x106.jpg 320w, https:\/\/emailchef.com\/wp-content\/uploads\/2021\/04\/Screenshot_166-239x79.jpg 239w\" sizes=\"(max-width: 1489px) 100vw, 1489px\" \/><\/a><\/p>\n<p><span style=\"font-weight: 400;\">Una vez que tenga listas sus plantillas para los autoresponders, procederemos a activarlos.<\/span><\/p>\n<p><span style=\"font-weight: 400;\">Vaya a la secci\u00f3n &#8220;AUTORESPONDERS&#8221; y haga clic en <strong>&#8220;CREAR UN AUTORESPONDER&#8221;.<\/strong><\/span><\/p>\n<p><a href=\"https:\/\/emailchef.com\/wp-content\/uploads\/2021\/04\/Screenshot_133-2.jpg\" rel=\"lightbox\"><img decoding=\"async\" class=\"alignnone wp-image-39294 size-full\" src=\"https:\/\/emailchef.com\/wp-content\/uploads\/2021\/04\/Screenshot_133-2.jpg\" alt=\"\" width=\"1476\" height=\"539\" srcset=\"https:\/\/emailchef.com\/wp-content\/uploads\/2021\/04\/Screenshot_133-2.jpg 1476w, https:\/\/emailchef.com\/wp-content\/uploads\/2021\/04\/Screenshot_133-2-300x110.jpg 300w, https:\/\/emailchef.com\/wp-content\/uploads\/2021\/04\/Screenshot_133-2-768x280.jpg 768w, https:\/\/emailchef.com\/wp-content\/uploads\/2021\/04\/Screenshot_133-2-1024x374.jpg 1024w, https:\/\/emailchef.com\/wp-content\/uploads\/2021\/04\/Screenshot_133-2-968x353.jpg 968w, https:\/\/emailchef.com\/wp-content\/uploads\/2021\/04\/Screenshot_133-2-636x232.jpg 636w, https:\/\/emailchef.com\/wp-content\/uploads\/2021\/04\/Screenshot_133-2-320x117.jpg 320w, https:\/\/emailchef.com\/wp-content\/uploads\/2021\/04\/Screenshot_133-2-239x87.jpg 239w\" sizes=\"(max-width: 1476px) 100vw, 1476px\" \/><\/a><\/p>\n<p><span style=\"font-weight: 400;\">Seleccione una de las plantillas que cre\u00f3 y haga clic en &#8220;USAR PARA AUTORESPONDER&#8221;.<\/span><\/p>\n<p><a href=\"https:\/\/emailchef.com\/wp-content\/uploads\/2021\/04\/Screenshot_167-1.jpg\" rel=\"lightbox\"><img loading=\"lazy\" decoding=\"async\" class=\"alignnone wp-image-39326 size-full\" src=\"https:\/\/emailchef.com\/wp-content\/uploads\/2021\/04\/Screenshot_167-1.jpg\" alt=\"\" width=\"1205\" height=\"707\" srcset=\"https:\/\/emailchef.com\/wp-content\/uploads\/2021\/04\/Screenshot_167-1.jpg 1205w, https:\/\/emailchef.com\/wp-content\/uploads\/2021\/04\/Screenshot_167-1-300x176.jpg 300w, https:\/\/emailchef.com\/wp-content\/uploads\/2021\/04\/Screenshot_167-1-768x451.jpg 768w, https:\/\/emailchef.com\/wp-content\/uploads\/2021\/04\/Screenshot_167-1-1024x601.jpg 1024w, https:\/\/emailchef.com\/wp-content\/uploads\/2021\/04\/Screenshot_167-1-968x568.jpg 968w, https:\/\/emailchef.com\/wp-content\/uploads\/2021\/04\/Screenshot_167-1-636x373.jpg 636w, https:\/\/emailchef.com\/wp-content\/uploads\/2021\/04\/Screenshot_167-1-320x188.jpg 320w, https:\/\/emailchef.com\/wp-content\/uploads\/2021\/04\/Screenshot_167-1-239x140.jpg 239w\" sizes=\"(max-width: 1205px) 100vw, 1205px\" \/><\/a><\/p>\n<p><span style=\"font-weight: 400;\">Haga clic en \u201cSIGUIENTE&#8221;. En la siguiente p\u00e1gina, se le pide <strong>seleccionar el tipo de evento<\/strong> que activar\u00e1 el env\u00edo de su mensaje autom\u00e1tico. Por favor elija <strong>&#8220;<\/strong><\/span><strong>Clic en un link espec\u00edfico de una campa\u00f1a\u201d.<\/strong><\/p>\n<p><a href=\"https:\/\/emailchef.com\/wp-content\/uploads\/2021\/04\/Screenshot_168.jpg\" rel=\"lightbox\"><img loading=\"lazy\" decoding=\"async\" class=\"alignnone wp-image-39342 size-full\" src=\"https:\/\/emailchef.com\/wp-content\/uploads\/2021\/04\/Screenshot_168.jpg\" alt=\"\" width=\"1207\" height=\"599\" srcset=\"https:\/\/emailchef.com\/wp-content\/uploads\/2021\/04\/Screenshot_168.jpg 1207w, https:\/\/emailchef.com\/wp-content\/uploads\/2021\/04\/Screenshot_168-300x149.jpg 300w, https:\/\/emailchef.com\/wp-content\/uploads\/2021\/04\/Screenshot_168-768x381.jpg 768w, https:\/\/emailchef.com\/wp-content\/uploads\/2021\/04\/Screenshot_168-1024x508.jpg 1024w, https:\/\/emailchef.com\/wp-content\/uploads\/2021\/04\/Screenshot_168-968x480.jpg 968w, https:\/\/emailchef.com\/wp-content\/uploads\/2021\/04\/Screenshot_168-636x316.jpg 636w, https:\/\/emailchef.com\/wp-content\/uploads\/2021\/04\/Screenshot_168-320x159.jpg 320w, https:\/\/emailchef.com\/wp-content\/uploads\/2021\/04\/Screenshot_168-239x119.jpg 239w\" sizes=\"(max-width: 1207px) 100vw, 1207px\" \/><\/a><\/p>\n<p><span style=\"font-weight: 400;\"><strong>Seleccione el nombre de la campa\u00f1a<\/strong> que program\u00f3 anteriormente: en este caso, es el correo que se enviar\u00e1 para solicitar la opini\u00f3n de los contactos.<\/span><\/p>\n<p><a href=\"https:\/\/emailchef.com\/wp-content\/uploads\/2021\/04\/Screenshot_169.jpg\" rel=\"lightbox\"><img loading=\"lazy\" decoding=\"async\" class=\"alignnone wp-image-39358 size-full\" src=\"https:\/\/emailchef.com\/wp-content\/uploads\/2021\/04\/Screenshot_169.jpg\" alt=\"\" width=\"1208\" height=\"865\" srcset=\"https:\/\/emailchef.com\/wp-content\/uploads\/2021\/04\/Screenshot_169.jpg 1208w, https:\/\/emailchef.com\/wp-content\/uploads\/2021\/04\/Screenshot_169-300x215.jpg 300w, https:\/\/emailchef.com\/wp-content\/uploads\/2021\/04\/Screenshot_169-768x550.jpg 768w, https:\/\/emailchef.com\/wp-content\/uploads\/2021\/04\/Screenshot_169-1024x733.jpg 1024w, https:\/\/emailchef.com\/wp-content\/uploads\/2021\/04\/Screenshot_169-968x693.jpg 968w, https:\/\/emailchef.com\/wp-content\/uploads\/2021\/04\/Screenshot_169-636x455.jpg 636w, https:\/\/emailchef.com\/wp-content\/uploads\/2021\/04\/Screenshot_169-320x229.jpg 320w, https:\/\/emailchef.com\/wp-content\/uploads\/2021\/04\/Screenshot_169-239x171.jpg 239w\" sizes=\"(max-width: 1208px) 100vw, 1208px\" \/><\/a><\/p>\n<p><span style=\"font-weight: 400;\"><strong>Seleccione el enlace<\/strong> que al ser clicado por el destinatario, activar\u00e1 el env\u00edo de su autoresponder.<\/span><\/p>\n<p><a href=\"https:\/\/emailchef.com\/wp-content\/uploads\/2021\/04\/Screenshot_170.jpg\" rel=\"lightbox\"><img loading=\"lazy\" decoding=\"async\" class=\"alignnone wp-image-39376 size-full\" src=\"https:\/\/emailchef.com\/wp-content\/uploads\/2021\/04\/Screenshot_170.jpg\" alt=\"\" width=\"1206\" height=\"866\" srcset=\"https:\/\/emailchef.com\/wp-content\/uploads\/2021\/04\/Screenshot_170.jpg 1206w, https:\/\/emailchef.com\/wp-content\/uploads\/2021\/04\/Screenshot_170-300x215.jpg 300w, https:\/\/emailchef.com\/wp-content\/uploads\/2021\/04\/Screenshot_170-768x551.jpg 768w, https:\/\/emailchef.com\/wp-content\/uploads\/2021\/04\/Screenshot_170-1024x735.jpg 1024w, https:\/\/emailchef.com\/wp-content\/uploads\/2021\/04\/Screenshot_170-968x695.jpg 968w, https:\/\/emailchef.com\/wp-content\/uploads\/2021\/04\/Screenshot_170-636x457.jpg 636w, https:\/\/emailchef.com\/wp-content\/uploads\/2021\/04\/Screenshot_170-320x230.jpg 320w, https:\/\/emailchef.com\/wp-content\/uploads\/2021\/04\/Screenshot_170-239x172.jpg 239w\" sizes=\"(max-width: 1206px) 100vw, 1206px\" \/><\/a><\/p>\n<p><span style=\"font-weight: 400;\"><strong>Elija las listas o segmentos<\/strong> de lista que recibir\u00e1n el mensaje autom\u00e1tico. En este caso ser\u00e1n los mismos contactos que recibieron el correo previo para solicitarles su opini\u00f3n.<\/span><\/p>\n<p><a href=\"https:\/\/emailchef.com\/wp-content\/uploads\/2021\/04\/Screenshot_171.jpg\" rel=\"lightbox\"><img loading=\"lazy\" decoding=\"async\" class=\"alignnone wp-image-39392 size-full\" src=\"https:\/\/emailchef.com\/wp-content\/uploads\/2021\/04\/Screenshot_171.jpg\" alt=\"\" width=\"1204\" height=\"864\" srcset=\"https:\/\/emailchef.com\/wp-content\/uploads\/2021\/04\/Screenshot_171.jpg 1204w, https:\/\/emailchef.com\/wp-content\/uploads\/2021\/04\/Screenshot_171-300x215.jpg 300w, https:\/\/emailchef.com\/wp-content\/uploads\/2021\/04\/Screenshot_171-768x551.jpg 768w, https:\/\/emailchef.com\/wp-content\/uploads\/2021\/04\/Screenshot_171-1024x735.jpg 1024w, https:\/\/emailchef.com\/wp-content\/uploads\/2021\/04\/Screenshot_171-968x695.jpg 968w, https:\/\/emailchef.com\/wp-content\/uploads\/2021\/04\/Screenshot_171-636x456.jpg 636w, https:\/\/emailchef.com\/wp-content\/uploads\/2021\/04\/Screenshot_171-320x230.jpg 320w, https:\/\/emailchef.com\/wp-content\/uploads\/2021\/04\/Screenshot_171-239x172.jpg 239w\" sizes=\"(max-width: 1204px) 100vw, 1204px\" \/><\/a><\/p>\n<p><span style=\"font-weight: 400;\"><strong>Configure el lapso de tiempo para que el autoresponder sea enviado.<\/strong> Puede enviarse d\u00edas u horas despu\u00e9s de hacer clic en el enlace seleccionado. Para que el mensaje sea enviado inmediatamente despu\u00e9s de que el destinatario haya hecho clic en el link, marque el tiempo en &#8220;0 d\u00edas&#8221; y &#8220;0 horas&#8221;.<\/span><\/p>\n<p><a href=\"https:\/\/emailchef.com\/wp-content\/uploads\/2021\/04\/Screenshot_172.jpg\" rel=\"lightbox\"><img loading=\"lazy\" decoding=\"async\" class=\"alignnone wp-image-39408 size-full\" src=\"https:\/\/emailchef.com\/wp-content\/uploads\/2021\/04\/Screenshot_172.jpg\" alt=\"\" width=\"1207\" height=\"875\" srcset=\"https:\/\/emailchef.com\/wp-content\/uploads\/2021\/04\/Screenshot_172.jpg 1207w, https:\/\/emailchef.com\/wp-content\/uploads\/2021\/04\/Screenshot_172-300x217.jpg 300w, https:\/\/emailchef.com\/wp-content\/uploads\/2021\/04\/Screenshot_172-768x557.jpg 768w, https:\/\/emailchef.com\/wp-content\/uploads\/2021\/04\/Screenshot_172-1024x742.jpg 1024w, https:\/\/emailchef.com\/wp-content\/uploads\/2021\/04\/Screenshot_172-968x702.jpg 968w, https:\/\/emailchef.com\/wp-content\/uploads\/2021\/04\/Screenshot_172-636x461.jpg 636w, https:\/\/emailchef.com\/wp-content\/uploads\/2021\/04\/Screenshot_172-320x232.jpg 320w, https:\/\/emailchef.com\/wp-content\/uploads\/2021\/04\/Screenshot_172-239x173.jpg 239w\" sizes=\"(max-width: 1207px) 100vw, 1207px\" \/><\/a><\/p>\n<p><span style=\"font-weight: 400;\">Haga clic en \u201cSIGUIENTE&#8221;. Complete los campos ingresando el nombre del autoresponder, seleccionando el remitente y agregando el asunto. Tambi\u00e9n puede agregar la cabecera.<\/span><\/p>\n<p><a href=\"https:\/\/emailchef.com\/wp-content\/uploads\/2021\/04\/Screenshot_173.jpg\" rel=\"lightbox\"><img loading=\"lazy\" decoding=\"async\" class=\"alignnone wp-image-39424 size-full\" src=\"https:\/\/emailchef.com\/wp-content\/uploads\/2021\/04\/Screenshot_173.jpg\" alt=\"\" width=\"1248\" height=\"874\" srcset=\"https:\/\/emailchef.com\/wp-content\/uploads\/2021\/04\/Screenshot_173.jpg 1248w, https:\/\/emailchef.com\/wp-content\/uploads\/2021\/04\/Screenshot_173-300x210.jpg 300w, https:\/\/emailchef.com\/wp-content\/uploads\/2021\/04\/Screenshot_173-768x538.jpg 768w, https:\/\/emailchef.com\/wp-content\/uploads\/2021\/04\/Screenshot_173-1024x717.jpg 1024w, https:\/\/emailchef.com\/wp-content\/uploads\/2021\/04\/Screenshot_173-968x678.jpg 968w, https:\/\/emailchef.com\/wp-content\/uploads\/2021\/04\/Screenshot_173-636x445.jpg 636w, https:\/\/emailchef.com\/wp-content\/uploads\/2021\/04\/Screenshot_173-320x224.jpg 320w, https:\/\/emailchef.com\/wp-content\/uploads\/2021\/04\/Screenshot_173-239x167.jpg 239w\" sizes=\"(max-width: 1248px) 100vw, 1248px\" \/><\/a><\/p>\n<p><span style=\"font-weight: 400;\">Haga clic en &#8220;SIGUIENTE&#8221;, y haga clic en el bot\u00f3n <strong>&#8220;ACTIVAR AUTORESPONDER&#8221;<\/strong> para activarlo inmediatamente.<\/span><\/p>\n<p><a href=\"https:\/\/emailchef.com\/wp-content\/uploads\/2021\/04\/Screenshot_174.jpg\" rel=\"lightbox\"><img loading=\"lazy\" decoding=\"async\" class=\"alignnone wp-image-39440 size-full\" src=\"https:\/\/emailchef.com\/wp-content\/uploads\/2021\/04\/Screenshot_174.jpg\" alt=\"\" width=\"1212\" height=\"612\" srcset=\"https:\/\/emailchef.com\/wp-content\/uploads\/2021\/04\/Screenshot_174.jpg 1212w, https:\/\/emailchef.com\/wp-content\/uploads\/2021\/04\/Screenshot_174-300x151.jpg 300w, https:\/\/emailchef.com\/wp-content\/uploads\/2021\/04\/Screenshot_174-768x388.jpg 768w, https:\/\/emailchef.com\/wp-content\/uploads\/2021\/04\/Screenshot_174-1024x517.jpg 1024w, https:\/\/emailchef.com\/wp-content\/uploads\/2021\/04\/Screenshot_174-968x489.jpg 968w, https:\/\/emailchef.com\/wp-content\/uploads\/2021\/04\/Screenshot_174-636x321.jpg 636w, https:\/\/emailchef.com\/wp-content\/uploads\/2021\/04\/Screenshot_174-320x162.jpg 320w, https:\/\/emailchef.com\/wp-content\/uploads\/2021\/04\/Screenshot_174-239x121.jpg 239w\" sizes=\"(max-width: 1212px) 100vw, 1212px\" \/><\/a><\/p>\n<p><span style=\"font-weight: 400;\">Una vez que el correo que program\u00f3 para pedir la opini\u00f3n de sus contactos sea enviado, los destinatarios que hagan clic en el enlace seleccionado recibir\u00e1n el autoresponder que ha activado. Lo recibir\u00e1n en el lapso de tiempo que usted haya elegido.&nbsp;<\/span><\/p>\n<p><span style=\"font-weight: 400;\">Para aprender m\u00e1s sobre los emails autom\u00e1ticos de seguimiento, le invitamos a consultar este video tutorial:<\/span><\/p>\n<div class=\"lyte-wrapper\" title=\"[ES] C&oacute;mo generar opiniones y seguimientos con el email marketing\" style=\"width:640px;max-width:100%;margin:5px;\"><div class=\"lyMe\" id=\"WYL_a7dx4t66OrI\"><div id=\"lyte_a7dx4t66OrI\" data-src=\"https:\/\/emailchef.com\/wp-content\/plugins\/wp-youtube-lyte\/lyteCache.php?origThumbUrl=https%3A%2F%2Fi.ytimg.com%2Fvi%2Fa7dx4t66OrI%2Fhqdefault.jpg\" class=\"pL\"><div class=\"tC\"><div class=\"tT\">[ES] C\u00f3mo generar opiniones y seguimientos con el email marketing<\/div><\/div><div class=\"play\"><\/div><div class=\"ctrl\"><div class=\"Lctrl\"><\/div><div class=\"Rctrl\"><\/div><\/div><\/div><noscript><a href=\"https:\/\/youtu.be\/a7dx4t66OrI\" rel=\"nofollow\"><img loading=\"lazy\" decoding=\"async\" src=\"https:\/\/emailchef.com\/wp-content\/plugins\/wp-youtube-lyte\/lyteCache.php?origThumbUrl=https%3A%2F%2Fi.ytimg.com%2Fvi%2Fa7dx4t66OrI%2F0.jpg\" alt=\"[ES] C&oacute;mo generar opiniones y seguimientos con el email marketing\" width=\"640\" height=\"340\" \/><br \/>Mire este video en YouTube<\/a><\/noscript><\/div><\/div><div class=\"lL\" style=\"max-width:100%;width:640px;margin:5px;\"><\/div>\n<div class=\"ec-video-button hide centered\">\n\t<a href=\"https:\/\/youtu.be\/a7dx4t66OrI\" rel=\"prettyPhoto\" title=\"Reproducir v\u00eddeo\">Reproducir v\u00eddeo <i class=\"fa fa-play-circle fa-2x\"><\/i><\/a>\n<\/div>\n","protected":false},"excerpt":{"rendered":"<p>Un autoresponder tambi\u00e9n se puede utilizar para enviar mensajes autom\u00e1ticos a los suscriptores con base en sus acciones. Por ejemplo, una empresa podr\u00eda enviar un correo solicitando una calificaci\u00f3n del servicio brindado. El mensaje puede contener botones marcados como &#8220;positivos&#8221; o &#8220;negativos&#8221; y enviar emails de seguimiento personalizados seg\u00fan la elecci\u00f3n de cada contacto. Solicitar [&hellip;]<\/p>\n","protected":false},"author":20,"featured_media":0,"parent":3110,"menu_order":0,"comment_status":"closed","ping_status":"closed","template":"","meta":{"_acf_changed":false,"inline_featured_image":false,"footnotes":""},"g1_relation_tag":[],"class_list":["post-39252","page","type-page","status-publish","hentry"],"acf":[],"yoast_head":"<!-- This site is optimized with the Yoast SEO plugin v24.8.1 - https:\/\/yoast.com\/wordpress\/plugins\/seo\/ -->\n<title>C\u00f3mo Crear un Correo de Seguimiento - Emailchef<\/title>\n<meta name=\"robots\" content=\"index, follow, max-snippet:-1, max-image-preview:large, max-video-preview:-1\" \/>\n<link rel=\"canonical\" href=\"https:\/\/emailchef.com\/es\/base-de-conocimiento\/como-crear-un-correo-de-seguimiento\/\" \/>\n<meta name=\"twitter:label1\" content=\"Tiempo de lectura\" \/>\n\t<meta name=\"twitter:data1\" content=\"5 minutos\" \/>\n<!-- \/ Yoast SEO plugin. -->","yoast_head_json":{"title":"C\u00f3mo Crear un Correo de Seguimiento - Emailchef","robots":{"index":"index","follow":"follow","max-snippet":"max-snippet:-1","max-image-preview":"max-image-preview:large","max-video-preview":"max-video-preview:-1"},"canonical":"https:\/\/emailchef.com\/es\/base-de-conocimiento\/como-crear-un-correo-de-seguimiento\/","twitter_misc":{"Tiempo de lectura":"5 minutos"},"schema":{"@context":"https:\/\/schema.org","@graph":[{"@type":"WebPage","@id":"https:\/\/emailchef.com\/es\/base-de-conocimiento\/como-crear-un-correo-de-seguimiento\/","url":"https:\/\/emailchef.com\/es\/base-de-conocimiento\/como-crear-un-correo-de-seguimiento\/","name":"C\u00f3mo Crear un Correo de Seguimiento - Emailchef","isPartOf":{"@id":"https:\/\/emailchef.com\/es\/#website"},"primaryImageOfPage":{"@id":"https:\/\/emailchef.com\/es\/base-de-conocimiento\/como-crear-un-correo-de-seguimiento\/#primaryimage"},"image":{"@id":"https:\/\/emailchef.com\/es\/base-de-conocimiento\/como-crear-un-correo-de-seguimiento\/#primaryimage"},"thumbnailUrl":"https:\/\/emailchef.com\/wp-content\/uploads\/2021\/04\/Screenshot_165.jpg","datePublished":"2020-09-17T10:42:34+00:00","dateModified":"2021-07-27T15:30:04+00:00","breadcrumb":{"@id":"https:\/\/emailchef.com\/es\/base-de-conocimiento\/como-crear-un-correo-de-seguimiento\/#breadcrumb"},"inLanguage":"es","potentialAction":[{"@type":"ReadAction","target":["https:\/\/emailchef.com\/es\/base-de-conocimiento\/como-crear-un-correo-de-seguimiento\/"]}]},{"@type":"ImageObject","inLanguage":"es","@id":"https:\/\/emailchef.com\/es\/base-de-conocimiento\/como-crear-un-correo-de-seguimiento\/#primaryimage","url":"https:\/\/emailchef.com\/wp-content\/uploads\/2021\/04\/Screenshot_165.jpg","contentUrl":"https:\/\/emailchef.com\/wp-content\/uploads\/2021\/04\/Screenshot_165.jpg"},{"@type":"BreadcrumbList","@id":"https:\/\/emailchef.com\/es\/base-de-conocimiento\/como-crear-un-correo-de-seguimiento\/#breadcrumb","itemListElement":[{"@type":"ListItem","position":1,"name":"Home","item":"https:\/\/emailchef.com\/es\/emailchef-email-marketing-services\/"},{"@type":"ListItem","position":2,"name":"Base de conocimiento","item":"https:\/\/emailchef.com\/es\/base-de-conocimiento\/"},{"@type":"ListItem","position":3,"name":"C\u00f3mo Crear un Correo de Seguimiento"}]},{"@type":"WebSite","@id":"https:\/\/emailchef.com\/es\/#website","url":"https:\/\/emailchef.com\/es\/","name":"Emailchef","description":"Tasty recipes for email marketing","publisher":{"@id":"https:\/\/emailchef.com\/es\/#organization"},"potentialAction":[{"@type":"SearchAction","target":{"@type":"EntryPoint","urlTemplate":"https:\/\/emailchef.com\/es\/?s={search_term_string}"},"query-input":{"@type":"PropertyValueSpecification","valueRequired":true,"valueName":"search_term_string"}}],"inLanguage":"es"},{"@type":"Organization","@id":"https:\/\/emailchef.com\/es\/#organization","name":"Delivery Tech Corp.","url":"https:\/\/emailchef.com\/es\/","logo":{"@type":"ImageObject","inLanguage":"es","@id":"https:\/\/emailchef.com\/es\/#\/schema\/logo\/image\/","url":"https:\/\/emailchef.com\/wp-content\/uploads\/2022\/04\/logo-sama.png","contentUrl":"https:\/\/emailchef.com\/wp-content\/uploads\/2022\/04\/logo-sama.png","width":237,"height":80,"caption":"Delivery Tech Corp."},"image":{"@id":"https:\/\/emailchef.com\/es\/#\/schema\/logo\/image\/"}}]}},"_links":{"self":[{"href":"https:\/\/emailchef.com\/es\/wp-json\/wp\/v2\/pages\/39252"}],"collection":[{"href":"https:\/\/emailchef.com\/es\/wp-json\/wp\/v2\/pages"}],"about":[{"href":"https:\/\/emailchef.com\/es\/wp-json\/wp\/v2\/types\/page"}],"author":[{"embeddable":true,"href":"https:\/\/emailchef.com\/es\/wp-json\/wp\/v2\/users\/20"}],"replies":[{"embeddable":true,"href":"https:\/\/emailchef.com\/es\/wp-json\/wp\/v2\/comments?post=39252"}],"version-history":[{"count":7,"href":"https:\/\/emailchef.com\/es\/wp-json\/wp\/v2\/pages\/39252\/revisions"}],"predecessor-version":[{"id":47268,"href":"https:\/\/emailchef.com\/es\/wp-json\/wp\/v2\/pages\/39252\/revisions\/47268"}],"up":[{"embeddable":true,"href":"https:\/\/emailchef.com\/es\/wp-json\/wp\/v2\/pages\/3110"}],"wp:attachment":[{"href":"https:\/\/emailchef.com\/es\/wp-json\/wp\/v2\/media?parent=39252"}],"wp:term":[{"taxonomy":"g1_relation_tag","embeddable":true,"href":"https:\/\/emailchef.com\/es\/wp-json\/wp\/v2\/g1_relation_tag?post=39252"}],"curies":[{"name":"wp","href":"https:\/\/api.w.org\/{rel}","templated":true}]}}