{"id":38820,"date":"2020-09-07T14:02:41","date_gmt":"2020-09-07T14:02:41","guid":{"rendered":"https:\/\/emailchef.com\/?page_id=38820"},"modified":"2021-04-22T12:30:16","modified_gmt":"2021-04-22T12:30:16","slug":"gestionar-los-autoresponders","status":"publish","type":"page","link":"https:\/\/emailchef.com\/es\/base-de-conocimiento\/gestionar-los-autoresponders\/","title":{"rendered":"Gestionar los Autoresponders"},"content":{"rendered":"<p><span style=\"font-weight: 400;\">Puede encontrar una lista de todos los autoresponders que ha activado en la secci\u00f3n &#8220;AUTORESPONDERS&#8221;.<\/span><\/p>\n<p><a href=\"https:\/\/emailchef.com\/wp-content\/uploads\/2021\/04\/Screenshot_149.jpg\" rel=\"lightbox\"><img fetchpriority=\"high\" decoding=\"async\" class=\"alignnone wp-image-38828 size-full\" src=\"https:\/\/emailchef.com\/wp-content\/uploads\/2021\/04\/Screenshot_149.jpg\" alt=\"\" width=\"1480\" height=\"668\" srcset=\"https:\/\/emailchef.com\/wp-content\/uploads\/2021\/04\/Screenshot_149.jpg 1480w, https:\/\/emailchef.com\/wp-content\/uploads\/2021\/04\/Screenshot_149-300x135.jpg 300w, https:\/\/emailchef.com\/wp-content\/uploads\/2021\/04\/Screenshot_149-768x347.jpg 768w, https:\/\/emailchef.com\/wp-content\/uploads\/2021\/04\/Screenshot_149-1024x462.jpg 1024w, https:\/\/emailchef.com\/wp-content\/uploads\/2021\/04\/Screenshot_149-968x437.jpg 968w, https:\/\/emailchef.com\/wp-content\/uploads\/2021\/04\/Screenshot_149-636x287.jpg 636w, https:\/\/emailchef.com\/wp-content\/uploads\/2021\/04\/Screenshot_149-320x144.jpg 320w, https:\/\/emailchef.com\/wp-content\/uploads\/2021\/04\/Screenshot_149-239x108.jpg 239w\" sizes=\"(max-width: 1480px) 100vw, 1480px\" \/><\/a><\/p>\n<p><span style=\"font-weight: 400;\">Cada autoresponder se puede desactivar y reactivar en cualquier momento haciendo clic en el bot\u00f3n de <strong>switch.<\/strong><\/span><\/p>\n<p><span style=\"font-weight: 400;\">Puede editar sus autoresponders haciendo clic en el bot\u00f3n <strong>&#8220;EDITAR&#8221;<\/strong>. Adem\u00e1s, en el men\u00fa desplegable de la derecha puede elegir entre estas tres acciones:<\/span><\/p>\n<ol>\n<li style=\"font-weight: 400;\" aria-level=\"1\"><b>Ver reporte<\/b><span style=\"font-weight: 400;\">: Podr\u00e1 acceder a las estad\u00edsticas del autoresponder.<\/span><\/li>\n<li style=\"font-weight: 400;\" aria-level=\"1\"><b>Clonar autoresponder:<\/b><span style=\"font-weight: 400;\"> Esta opci\u00f3n duplica el autoresponder para poder editarlo y crear uno nuevo.\u00a0<\/span><\/li>\n<li style=\"font-weight: 400;\" aria-level=\"1\"><b>Eliminar autoresponder<\/b>: Elimina de forma permanente el autoresponder.<\/li>\n<\/ol>\n<p><a href=\"https:\/\/emailchef.com\/wp-content\/uploads\/2021\/04\/Screenshot_150.jpg\" rel=\"lightbox\"><img decoding=\"async\" class=\"alignnone wp-image-38844 size-full\" src=\"https:\/\/emailchef.com\/wp-content\/uploads\/2021\/04\/Screenshot_150.jpg\" alt=\"\" width=\"1231\" height=\"609\" srcset=\"https:\/\/emailchef.com\/wp-content\/uploads\/2021\/04\/Screenshot_150.jpg 1231w, https:\/\/emailchef.com\/wp-content\/uploads\/2021\/04\/Screenshot_150-300x148.jpg 300w, https:\/\/emailchef.com\/wp-content\/uploads\/2021\/04\/Screenshot_150-768x380.jpg 768w, https:\/\/emailchef.com\/wp-content\/uploads\/2021\/04\/Screenshot_150-1024x507.jpg 1024w, https:\/\/emailchef.com\/wp-content\/uploads\/2021\/04\/Screenshot_150-968x479.jpg 968w, https:\/\/emailchef.com\/wp-content\/uploads\/2021\/04\/Screenshot_150-636x315.jpg 636w, https:\/\/emailchef.com\/wp-content\/uploads\/2021\/04\/Screenshot_150-320x158.jpg 320w, https:\/\/emailchef.com\/wp-content\/uploads\/2021\/04\/Screenshot_150-239x118.jpg 239w\" sizes=\"(max-width: 1231px) 100vw, 1231px\" \/><\/a><\/p>\n","protected":false},"excerpt":{"rendered":"<p>Puede encontrar una lista de todos los autoresponders que ha activado en la secci\u00f3n &#8220;AUTORESPONDERS&#8221;. Cada autoresponder se puede desactivar y reactivar en cualquier momento haciendo clic en el bot\u00f3n de switch. Puede editar sus autoresponders haciendo clic en el bot\u00f3n &#8220;EDITAR&#8221;. Adem\u00e1s, en el men\u00fa desplegable de la derecha puede elegir entre estas tres [&hellip;]<\/p>\n","protected":false},"author":20,"featured_media":0,"parent":3110,"menu_order":0,"comment_status":"closed","ping_status":"closed","template":"","meta":{"_acf_changed":false,"inline_featured_image":false,"footnotes":""},"g1_relation_tag":[],"class_list":["post-38820","page","type-page","status-publish","hentry"],"acf":[],"yoast_head":"<!-- This site is optimized with the Yoast SEO plugin v24.8.1 - https:\/\/yoast.com\/wordpress\/plugins\/seo\/ -->\n<title>Gestionar los Autoresponders - Emailchef<\/title>\n<meta name=\"robots\" content=\"index, follow, max-snippet:-1, max-image-preview:large, max-video-preview:-1\" \/>\n<link rel=\"canonical\" href=\"https:\/\/emailchef.com\/es\/base-de-conocimiento\/gestionar-los-autoresponders\/\" \/>\n<!-- \/ Yoast SEO plugin. -->","yoast_head_json":{"title":"Gestionar los Autoresponders - Emailchef","robots":{"index":"index","follow":"follow","max-snippet":"max-snippet:-1","max-image-preview":"max-image-preview:large","max-video-preview":"max-video-preview:-1"},"canonical":"https:\/\/emailchef.com\/es\/base-de-conocimiento\/gestionar-los-autoresponders\/","schema":{"@context":"https:\/\/schema.org","@graph":[{"@type":"WebPage","@id":"https:\/\/emailchef.com\/es\/base-de-conocimiento\/gestionar-los-autoresponders\/","url":"https:\/\/emailchef.com\/es\/base-de-conocimiento\/gestionar-los-autoresponders\/","name":"Gestionar los Autoresponders - Emailchef","isPartOf":{"@id":"https:\/\/emailchef.com\/es\/#website"},"primaryImageOfPage":{"@id":"https:\/\/emailchef.com\/es\/base-de-conocimiento\/gestionar-los-autoresponders\/#primaryimage"},"image":{"@id":"https:\/\/emailchef.com\/es\/base-de-conocimiento\/gestionar-los-autoresponders\/#primaryimage"},"thumbnailUrl":"https:\/\/emailchef.com\/wp-content\/uploads\/2021\/04\/Screenshot_149.jpg","datePublished":"2020-09-07T14:02:41+00:00","dateModified":"2021-04-22T12:30:16+00:00","breadcrumb":{"@id":"https:\/\/emailchef.com\/es\/base-de-conocimiento\/gestionar-los-autoresponders\/#breadcrumb"},"inLanguage":"es","potentialAction":[{"@type":"ReadAction","target":["https:\/\/emailchef.com\/es\/base-de-conocimiento\/gestionar-los-autoresponders\/"]}]},{"@type":"ImageObject","inLanguage":"es","@id":"https:\/\/emailchef.com\/es\/base-de-conocimiento\/gestionar-los-autoresponders\/#primaryimage","url":"https:\/\/emailchef.com\/wp-content\/uploads\/2021\/04\/Screenshot_149.jpg","contentUrl":"https:\/\/emailchef.com\/wp-content\/uploads\/2021\/04\/Screenshot_149.jpg"},{"@type":"BreadcrumbList","@id":"https:\/\/emailchef.com\/es\/base-de-conocimiento\/gestionar-los-autoresponders\/#breadcrumb","itemListElement":[{"@type":"ListItem","position":1,"name":"Home","item":"https:\/\/emailchef.com\/es\/emailchef-email-marketing-services\/"},{"@type":"ListItem","position":2,"name":"Base de conocimiento","item":"https:\/\/emailchef.com\/es\/base-de-conocimiento\/"},{"@type":"ListItem","position":3,"name":"Gestionar los Autoresponders"}]},{"@type":"WebSite","@id":"https:\/\/emailchef.com\/es\/#website","url":"https:\/\/emailchef.com\/es\/","name":"Emailchef","description":"Tasty recipes for email marketing","publisher":{"@id":"https:\/\/emailchef.com\/es\/#organization"},"potentialAction":[{"@type":"SearchAction","target":{"@type":"EntryPoint","urlTemplate":"https:\/\/emailchef.com\/es\/?s={search_term_string}"},"query-input":{"@type":"PropertyValueSpecification","valueRequired":true,"valueName":"search_term_string"}}],"inLanguage":"es"},{"@type":"Organization","@id":"https:\/\/emailchef.com\/es\/#organization","name":"Delivery Tech Corp.","url":"https:\/\/emailchef.com\/es\/","logo":{"@type":"ImageObject","inLanguage":"es","@id":"https:\/\/emailchef.com\/es\/#\/schema\/logo\/image\/","url":"https:\/\/emailchef.com\/wp-content\/uploads\/2022\/04\/logo-sama.png","contentUrl":"https:\/\/emailchef.com\/wp-content\/uploads\/2022\/04\/logo-sama.png","width":237,"height":80,"caption":"Delivery Tech Corp."},"image":{"@id":"https:\/\/emailchef.com\/es\/#\/schema\/logo\/image\/"}}]}},"_links":{"self":[{"href":"https:\/\/emailchef.com\/es\/wp-json\/wp\/v2\/pages\/38820"}],"collection":[{"href":"https:\/\/emailchef.com\/es\/wp-json\/wp\/v2\/pages"}],"about":[{"href":"https:\/\/emailchef.com\/es\/wp-json\/wp\/v2\/types\/page"}],"author":[{"embeddable":true,"href":"https:\/\/emailchef.com\/es\/wp-json\/wp\/v2\/users\/20"}],"replies":[{"embeddable":true,"href":"https:\/\/emailchef.com\/es\/wp-json\/wp\/v2\/comments?post=38820"}],"version-history":[{"count":5,"href":"https:\/\/emailchef.com\/es\/wp-json\/wp\/v2\/pages\/38820\/revisions"}],"predecessor-version":[{"id":38862,"href":"https:\/\/emailchef.com\/es\/wp-json\/wp\/v2\/pages\/38820\/revisions\/38862"}],"up":[{"embeddable":true,"href":"https:\/\/emailchef.com\/es\/wp-json\/wp\/v2\/pages\/3110"}],"wp:attachment":[{"href":"https:\/\/emailchef.com\/es\/wp-json\/wp\/v2\/media?parent=38820"}],"wp:term":[{"taxonomy":"g1_relation_tag","embeddable":true,"href":"https:\/\/emailchef.com\/es\/wp-json\/wp\/v2\/g1_relation_tag?post=38820"}],"curies":[{"name":"wp","href":"https:\/\/api.w.org\/{rel}","templated":true}]}}