{"id":38670,"date":"2020-09-16T15:11:24","date_gmt":"2020-09-16T15:11:24","guid":{"rendered":"https:\/\/emailchef.com\/?page_id=38670"},"modified":"2021-07-27T15:31:25","modified_gmt":"2021-07-27T15:31:25","slug":"crear-un-mensaje-automatico-de-bienvenida","status":"publish","type":"page","link":"https:\/\/emailchef.com\/es\/base-de-conocimiento\/crear-un-mensaje-automatico-de-bienvenida\/","title":{"rendered":"Crear un Mensaje Autom\u00e1tico de Bienvenida"},"content":{"rendered":"<p><span style=\"font-weight: 400;\">Una autoresponder le permite enviar autom\u00e1ticamente un <strong>mensaje de bienvenida a los nuevos suscriptores en su lista.<\/strong> Es la manera perfecta de dar la bienvenida a sus suscriptores y establecer una conexi\u00f3n con ellos de inmediato. En general, a los nuevos suscriptores les encanta este tipo de correos, especialmente si contiene un peque\u00f1o <strong>obsequio<\/strong>, como un ebook gratuito, un c\u00f3digo promocional o un descuento especial. El correo de bienvenida puede ser el primer paso para <strong>retener a sus suscriptores<\/strong>, mientras que ofrecer un regalo a cambio de registrarse puede ayudar a <strong>aumentar sus tasas de conversi\u00f3n.<\/strong><\/span><\/p>\n<p><a href=\"https:\/\/emailchef.com\/wp-content\/uploads\/2021\/04\/Screenshot_1.jpg\" rel=\"lightbox\"><img fetchpriority=\"high\" decoding=\"async\" class=\"alignnone wp-image-38672\" src=\"https:\/\/emailchef.com\/wp-content\/uploads\/2021\/04\/Screenshot_1.jpg\" alt=\"\" width=\"502\" height=\"1014\" srcset=\"https:\/\/emailchef.com\/wp-content\/uploads\/2021\/04\/Screenshot_1.jpg 653w, https:\/\/emailchef.com\/wp-content\/uploads\/2021\/04\/Screenshot_1-149x300.jpg 149w, https:\/\/emailchef.com\/wp-content\/uploads\/2021\/04\/Screenshot_1-507x1024.jpg 507w, https:\/\/emailchef.com\/wp-content\/uploads\/2021\/04\/Screenshot_1-636x1284.jpg 636w, https:\/\/emailchef.com\/wp-content\/uploads\/2021\/04\/Screenshot_1-320x646.jpg 320w, https:\/\/emailchef.com\/wp-content\/uploads\/2021\/04\/Screenshot_1-239x482.jpg 239w\" sizes=\"(max-width: 502px) 100vw, 502px\" \/><\/a><\/p>\n<p><span style=\"font-weight: 400;\">Veamos c\u00f3mo activar un autoresponder para enviar un mensaje de bienvenida a sus nuevos suscriptores.<\/span><\/p>\n<p><span style=\"font-weight: 400;\">Vaya a la secci\u00f3n &#8220;AUTORESPONDERS&#8221; y haga clic en <strong>&#8220;CREAR UN AUTORESPONDER&#8221;.<\/strong><\/span><\/p>\n<p><a href=\"https:\/\/emailchef.com\/wp-content\/uploads\/2021\/04\/Screenshot_133-1.jpg\" rel=\"lightbox\"><img decoding=\"async\" class=\"alignnone wp-image-38690 size-full\" src=\"https:\/\/emailchef.com\/wp-content\/uploads\/2021\/04\/Screenshot_133-1.jpg\" alt=\"\" width=\"1476\" height=\"539\" srcset=\"https:\/\/emailchef.com\/wp-content\/uploads\/2021\/04\/Screenshot_133-1.jpg 1476w, https:\/\/emailchef.com\/wp-content\/uploads\/2021\/04\/Screenshot_133-1-300x110.jpg 300w, https:\/\/emailchef.com\/wp-content\/uploads\/2021\/04\/Screenshot_133-1-768x280.jpg 768w, https:\/\/emailchef.com\/wp-content\/uploads\/2021\/04\/Screenshot_133-1-1024x374.jpg 1024w, https:\/\/emailchef.com\/wp-content\/uploads\/2021\/04\/Screenshot_133-1-968x353.jpg 968w, https:\/\/emailchef.com\/wp-content\/uploads\/2021\/04\/Screenshot_133-1-636x232.jpg 636w, https:\/\/emailchef.com\/wp-content\/uploads\/2021\/04\/Screenshot_133-1-320x117.jpg 320w, https:\/\/emailchef.com\/wp-content\/uploads\/2021\/04\/Screenshot_133-1-239x87.jpg 239w\" sizes=\"(max-width: 1476px) 100vw, 1476px\" \/><\/a><\/p>\n<p><span style=\"font-weight: 400;\">Elija la plantilla que cre\u00f3 para el correo de bienvenida y haga clic en &#8220;USAR PARA AUTORESPONDER&#8221;.<\/span><\/p>\n<p><a href=\"https:\/\/emailchef.com\/wp-content\/uploads\/2021\/04\/Screenshot_143.jpg\" rel=\"lightbox\"><img decoding=\"async\" class=\"alignnone wp-image-38708 size-full\" src=\"https:\/\/emailchef.com\/wp-content\/uploads\/2021\/04\/Screenshot_143.jpg\" alt=\"\" width=\"1226\" height=\"719\" srcset=\"https:\/\/emailchef.com\/wp-content\/uploads\/2021\/04\/Screenshot_143.jpg 1226w, https:\/\/emailchef.com\/wp-content\/uploads\/2021\/04\/Screenshot_143-300x176.jpg 300w, https:\/\/emailchef.com\/wp-content\/uploads\/2021\/04\/Screenshot_143-768x450.jpg 768w, https:\/\/emailchef.com\/wp-content\/uploads\/2021\/04\/Screenshot_143-1024x601.jpg 1024w, https:\/\/emailchef.com\/wp-content\/uploads\/2021\/04\/Screenshot_143-968x568.jpg 968w, https:\/\/emailchef.com\/wp-content\/uploads\/2021\/04\/Screenshot_143-636x373.jpg 636w, https:\/\/emailchef.com\/wp-content\/uploads\/2021\/04\/Screenshot_143-320x188.jpg 320w, https:\/\/emailchef.com\/wp-content\/uploads\/2021\/04\/Screenshot_143-239x140.jpg 239w\" sizes=\"(max-width: 1226px) 100vw, 1226px\" \/><\/a><\/p>\n<p><span style=\"font-weight: 400;\">Si su plantilla no necesita ning\u00fan cambio, haga clic en &#8220;SIGUIENTE&#8221;. En la siguiente p\u00e1gina, <strong>seleccione el tipo de evento<\/strong> que activar\u00e1 su autoresponder. En este caso, elija <strong>&#8220;Suscripci\u00f3n&#8221;.<\/strong><\/span><\/p>\n<p><a href=\"https:\/\/emailchef.com\/wp-content\/uploads\/2021\/04\/Screenshot_144.jpg\" rel=\"lightbox\"><img loading=\"lazy\" decoding=\"async\" class=\"alignnone wp-image-38724 size-full\" src=\"https:\/\/emailchef.com\/wp-content\/uploads\/2021\/04\/Screenshot_144.jpg\" alt=\"\" width=\"1219\" height=\"800\" srcset=\"https:\/\/emailchef.com\/wp-content\/uploads\/2021\/04\/Screenshot_144.jpg 1219w, https:\/\/emailchef.com\/wp-content\/uploads\/2021\/04\/Screenshot_144-300x197.jpg 300w, https:\/\/emailchef.com\/wp-content\/uploads\/2021\/04\/Screenshot_144-768x504.jpg 768w, https:\/\/emailchef.com\/wp-content\/uploads\/2021\/04\/Screenshot_144-1024x672.jpg 1024w, https:\/\/emailchef.com\/wp-content\/uploads\/2021\/04\/Screenshot_144-968x635.jpg 968w, https:\/\/emailchef.com\/wp-content\/uploads\/2021\/04\/Screenshot_144-636x417.jpg 636w, https:\/\/emailchef.com\/wp-content\/uploads\/2021\/04\/Screenshot_144-320x210.jpg 320w, https:\/\/emailchef.com\/wp-content\/uploads\/2021\/04\/Screenshot_144-239x157.jpg 239w\" sizes=\"(max-width: 1219px) 100vw, 1219px\" \/><\/a><\/p>\n<p><span style=\"font-weight: 400;\"><strong>Seleccione las listas o segmentos<\/strong> cuyos contactos recibir\u00e1n el correo electr\u00f3nico de bienvenida. Recuerde que las listas que elija deben estar vinculadas a un <a href=\"https:\/\/emailchef.com\/es\/base-de-conocimiento\/formularios-de-suscripcion\/\">formulario de suscripci\u00f3n<\/a> y tome en cuenta que el autoresponder de bienvenida s\u00f3lo se enviar\u00e1 a los contactos que se hayan registrado a trav\u00e9s del formulario, no a los agregados manualmente.<\/span><\/p>\n<p><a href=\"https:\/\/emailchef.com\/wp-content\/uploads\/2021\/04\/Screenshot_145.jpg\" rel=\"lightbox\"><img loading=\"lazy\" decoding=\"async\" class=\"alignnone wp-image-38740 size-full\" src=\"https:\/\/emailchef.com\/wp-content\/uploads\/2021\/04\/Screenshot_145.jpg\" alt=\"\" width=\"1219\" height=\"801\" srcset=\"https:\/\/emailchef.com\/wp-content\/uploads\/2021\/04\/Screenshot_145.jpg 1219w, https:\/\/emailchef.com\/wp-content\/uploads\/2021\/04\/Screenshot_145-300x197.jpg 300w, https:\/\/emailchef.com\/wp-content\/uploads\/2021\/04\/Screenshot_145-768x505.jpg 768w, https:\/\/emailchef.com\/wp-content\/uploads\/2021\/04\/Screenshot_145-1024x673.jpg 1024w, https:\/\/emailchef.com\/wp-content\/uploads\/2021\/04\/Screenshot_145-968x636.jpg 968w, https:\/\/emailchef.com\/wp-content\/uploads\/2021\/04\/Screenshot_145-636x418.jpg 636w, https:\/\/emailchef.com\/wp-content\/uploads\/2021\/04\/Screenshot_145-320x210.jpg 320w, https:\/\/emailchef.com\/wp-content\/uploads\/2021\/04\/Screenshot_145-239x157.jpg 239w\" sizes=\"(max-width: 1219px) 100vw, 1219px\" \/><\/a><\/p>\n<p><span style=\"font-weight: 400;\"><strong>Configure el lapso de tiempo para que el autoresponder sea enviado.<\/strong> Su mensaje puede enviarse d\u00edas u horas despu\u00e9s de ocurrido el registro. Si configura el tiempo en &#8220;0 d\u00edas&#8221; y &#8220;0 horas&#8221;, el correo se enviar\u00e1 inmediatamente despu\u00e9s del registro.<\/span><\/p>\n<p><a href=\"https:\/\/emailchef.com\/wp-content\/uploads\/2021\/04\/Screenshot_146.jpg\" rel=\"lightbox\"><img loading=\"lazy\" decoding=\"async\" class=\"alignnone wp-image-38756 size-full\" src=\"https:\/\/emailchef.com\/wp-content\/uploads\/2021\/04\/Screenshot_146.jpg\" alt=\"\" width=\"1218\" height=\"801\" srcset=\"https:\/\/emailchef.com\/wp-content\/uploads\/2021\/04\/Screenshot_146.jpg 1218w, https:\/\/emailchef.com\/wp-content\/uploads\/2021\/04\/Screenshot_146-300x197.jpg 300w, https:\/\/emailchef.com\/wp-content\/uploads\/2021\/04\/Screenshot_146-768x505.jpg 768w, https:\/\/emailchef.com\/wp-content\/uploads\/2021\/04\/Screenshot_146-1024x673.jpg 1024w, https:\/\/emailchef.com\/wp-content\/uploads\/2021\/04\/Screenshot_146-968x637.jpg 968w, https:\/\/emailchef.com\/wp-content\/uploads\/2021\/04\/Screenshot_146-636x418.jpg 636w, https:\/\/emailchef.com\/wp-content\/uploads\/2021\/04\/Screenshot_146-320x210.jpg 320w, https:\/\/emailchef.com\/wp-content\/uploads\/2021\/04\/Screenshot_146-239x157.jpg 239w\" sizes=\"(max-width: 1218px) 100vw, 1218px\" \/><\/a><\/p>\n<p><span style=\"font-weight: 400;\">Haga clic en \u201cSIGUIENTE&#8221;. Complete los campos con un nombre para el autoresponder, seleccione el remitente y agregue el asunto. Tambi\u00e9n puede agregar una cabecera.<\/span><\/p>\n<p><a href=\"https:\/\/emailchef.com\/wp-content\/uploads\/2021\/04\/Screenshot_147.jpg\" rel=\"lightbox\"><img loading=\"lazy\" decoding=\"async\" class=\"alignnone wp-image-38772 size-full\" src=\"https:\/\/emailchef.com\/wp-content\/uploads\/2021\/04\/Screenshot_147.jpg\" alt=\"\" width=\"1238\" height=\"874\" srcset=\"https:\/\/emailchef.com\/wp-content\/uploads\/2021\/04\/Screenshot_147.jpg 1238w, https:\/\/emailchef.com\/wp-content\/uploads\/2021\/04\/Screenshot_147-300x212.jpg 300w, https:\/\/emailchef.com\/wp-content\/uploads\/2021\/04\/Screenshot_147-768x542.jpg 768w, https:\/\/emailchef.com\/wp-content\/uploads\/2021\/04\/Screenshot_147-1024x723.jpg 1024w, https:\/\/emailchef.com\/wp-content\/uploads\/2021\/04\/Screenshot_147-968x683.jpg 968w, https:\/\/emailchef.com\/wp-content\/uploads\/2021\/04\/Screenshot_147-636x449.jpg 636w, https:\/\/emailchef.com\/wp-content\/uploads\/2021\/04\/Screenshot_147-320x226.jpg 320w, https:\/\/emailchef.com\/wp-content\/uploads\/2021\/04\/Screenshot_147-239x169.jpg 239w\" sizes=\"(max-width: 1238px) 100vw, 1238px\" \/><\/a><\/p>\n<p><span style=\"font-weight: 400;\">Haga clic en &#8220;SIGUIENTE&#8221;, luego haga clic en el bot\u00f3n <strong>&#8220;ACTIVAR AUTORESPONDER&#8221;.<\/strong> El autoresponder se activar\u00e1 inmediatamente. Y a partir de ahora, los nuevos suscriptores que lleguen a trav\u00e9s del formulario recibir\u00e1n un correo de bienvenida en el lapso de tiempo que haya seleccionado.<\/span><\/p>\n<p><a href=\"https:\/\/emailchef.com\/wp-content\/uploads\/2021\/04\/Screenshot_148.jpg\" rel=\"lightbox\"><img loading=\"lazy\" decoding=\"async\" class=\"alignnone wp-image-38790 size-full\" src=\"https:\/\/emailchef.com\/wp-content\/uploads\/2021\/04\/Screenshot_148.jpg\" alt=\"\" width=\"1233\" height=\"615\" srcset=\"https:\/\/emailchef.com\/wp-content\/uploads\/2021\/04\/Screenshot_148.jpg 1233w, https:\/\/emailchef.com\/wp-content\/uploads\/2021\/04\/Screenshot_148-300x150.jpg 300w, https:\/\/emailchef.com\/wp-content\/uploads\/2021\/04\/Screenshot_148-768x383.jpg 768w, https:\/\/emailchef.com\/wp-content\/uploads\/2021\/04\/Screenshot_148-1024x511.jpg 1024w, https:\/\/emailchef.com\/wp-content\/uploads\/2021\/04\/Screenshot_148-968x483.jpg 968w, https:\/\/emailchef.com\/wp-content\/uploads\/2021\/04\/Screenshot_148-636x317.jpg 636w, https:\/\/emailchef.com\/wp-content\/uploads\/2021\/04\/Screenshot_148-320x160.jpg 320w, https:\/\/emailchef.com\/wp-content\/uploads\/2021\/04\/Screenshot_148-239x119.jpg 239w\" sizes=\"(max-width: 1233px) 100vw, 1233px\" \/><\/a><\/p>\n<p><span style=\"font-weight: 400;\">Para aprender m\u00e1s sobre c\u00f3mo crear correos de bienvenida autom\u00e1ticos, le invitamos a ver el siguiente video tutorial:<\/span><\/p>\n<div class=\"lyte-wrapper\" title=\"[ES] C&oacute;mo crear un autoresponder para que env&iacute;e un obsequio de bienvenida\" style=\"width:640px;max-width:100%;margin:5px;\"><div class=\"lyMe\" id=\"WYL_15Jjus7c63A\"><div id=\"lyte_15Jjus7c63A\" data-src=\"https:\/\/emailchef.com\/wp-content\/plugins\/wp-youtube-lyte\/lyteCache.php?origThumbUrl=https%3A%2F%2Fi.ytimg.com%2Fvi%2F15Jjus7c63A%2Fhqdefault.jpg\" class=\"pL\"><div class=\"tC\"><div class=\"tT\">[ES] C\u00f3mo crear un autoresponder para que env\u00ede un obsequio de bienvenida<\/div><\/div><div class=\"play\"><\/div><div class=\"ctrl\"><div class=\"Lctrl\"><\/div><div class=\"Rctrl\"><\/div><\/div><\/div><noscript><a href=\"https:\/\/youtu.be\/15Jjus7c63A\" rel=\"nofollow\"><img loading=\"lazy\" decoding=\"async\" src=\"https:\/\/emailchef.com\/wp-content\/plugins\/wp-youtube-lyte\/lyteCache.php?origThumbUrl=https%3A%2F%2Fi.ytimg.com%2Fvi%2F15Jjus7c63A%2F0.jpg\" alt=\"[ES] C&oacute;mo crear un autoresponder para que env&iacute;e un obsequio de bienvenida\" width=\"640\" height=\"340\" \/><br \/>Mire este video en YouTube<\/a><\/noscript><\/div><\/div><div class=\"lL\" style=\"max-width:100%;width:640px;margin:5px;\"><\/div>\n<div class=\"ec-video-button hide centered\">\n\t<a href=\"https:\/\/youtu.be\/15Jjus7c63A\" rel=\"prettyPhoto\" title=\"Reproducir v\u00eddeo\">Reproducir v\u00eddeo <i class=\"fa fa-play-circle fa-2x\"><\/i><\/a>\n<\/div>\n","protected":false},"excerpt":{"rendered":"<p>Una autoresponder le permite enviar autom\u00e1ticamente un mensaje de bienvenida a los nuevos suscriptores en su lista. Es la manera perfecta de dar la bienvenida a sus suscriptores y establecer una conexi\u00f3n con ellos de inmediato. En general, a los nuevos suscriptores les encanta este tipo de correos, especialmente si contiene un peque\u00f1o obsequio, como [&hellip;]<\/p>\n","protected":false},"author":20,"featured_media":0,"parent":3110,"menu_order":0,"comment_status":"closed","ping_status":"closed","template":"","meta":{"_acf_changed":false,"inline_featured_image":false,"footnotes":""},"g1_relation_tag":[],"class_list":["post-38670","page","type-page","status-publish","hentry"],"acf":[],"yoast_head":"<!-- This site is optimized with the Yoast SEO plugin v24.8.1 - https:\/\/yoast.com\/wordpress\/plugins\/seo\/ -->\n<title>Crear un Mensaje Autom\u00e1tico de Bienvenida - Emailchef<\/title>\n<meta name=\"robots\" content=\"index, follow, max-snippet:-1, max-image-preview:large, max-video-preview:-1\" \/>\n<link rel=\"canonical\" href=\"https:\/\/emailchef.com\/es\/base-de-conocimiento\/crear-un-mensaje-automatico-de-bienvenida\/\" \/>\n<meta name=\"twitter:label1\" content=\"Tiempo de lectura\" \/>\n\t<meta name=\"twitter:data1\" content=\"4 minutos\" \/>\n<!-- \/ Yoast SEO plugin. -->","yoast_head_json":{"title":"Crear un Mensaje Autom\u00e1tico de Bienvenida - Emailchef","robots":{"index":"index","follow":"follow","max-snippet":"max-snippet:-1","max-image-preview":"max-image-preview:large","max-video-preview":"max-video-preview:-1"},"canonical":"https:\/\/emailchef.com\/es\/base-de-conocimiento\/crear-un-mensaje-automatico-de-bienvenida\/","twitter_misc":{"Tiempo de lectura":"4 minutos"},"schema":{"@context":"https:\/\/schema.org","@graph":[{"@type":"WebPage","@id":"https:\/\/emailchef.com\/es\/base-de-conocimiento\/crear-un-mensaje-automatico-de-bienvenida\/","url":"https:\/\/emailchef.com\/es\/base-de-conocimiento\/crear-un-mensaje-automatico-de-bienvenida\/","name":"Crear un Mensaje Autom\u00e1tico de Bienvenida - Emailchef","isPartOf":{"@id":"https:\/\/emailchef.com\/es\/#website"},"primaryImageOfPage":{"@id":"https:\/\/emailchef.com\/es\/base-de-conocimiento\/crear-un-mensaje-automatico-de-bienvenida\/#primaryimage"},"image":{"@id":"https:\/\/emailchef.com\/es\/base-de-conocimiento\/crear-un-mensaje-automatico-de-bienvenida\/#primaryimage"},"thumbnailUrl":"https:\/\/emailchef.com\/wp-content\/uploads\/2021\/04\/Screenshot_1.jpg","datePublished":"2020-09-16T15:11:24+00:00","dateModified":"2021-07-27T15:31:25+00:00","breadcrumb":{"@id":"https:\/\/emailchef.com\/es\/base-de-conocimiento\/crear-un-mensaje-automatico-de-bienvenida\/#breadcrumb"},"inLanguage":"es","potentialAction":[{"@type":"ReadAction","target":["https:\/\/emailchef.com\/es\/base-de-conocimiento\/crear-un-mensaje-automatico-de-bienvenida\/"]}]},{"@type":"ImageObject","inLanguage":"es","@id":"https:\/\/emailchef.com\/es\/base-de-conocimiento\/crear-un-mensaje-automatico-de-bienvenida\/#primaryimage","url":"https:\/\/emailchef.com\/wp-content\/uploads\/2021\/04\/Screenshot_1.jpg","contentUrl":"https:\/\/emailchef.com\/wp-content\/uploads\/2021\/04\/Screenshot_1.jpg"},{"@type":"BreadcrumbList","@id":"https:\/\/emailchef.com\/es\/base-de-conocimiento\/crear-un-mensaje-automatico-de-bienvenida\/#breadcrumb","itemListElement":[{"@type":"ListItem","position":1,"name":"Home","item":"https:\/\/emailchef.com\/es\/emailchef-email-marketing-services\/"},{"@type":"ListItem","position":2,"name":"Base de conocimiento","item":"https:\/\/emailchef.com\/es\/base-de-conocimiento\/"},{"@type":"ListItem","position":3,"name":"Crear un Mensaje Autom\u00e1tico de Bienvenida"}]},{"@type":"WebSite","@id":"https:\/\/emailchef.com\/es\/#website","url":"https:\/\/emailchef.com\/es\/","name":"Emailchef","description":"Tasty recipes for email marketing","publisher":{"@id":"https:\/\/emailchef.com\/es\/#organization"},"potentialAction":[{"@type":"SearchAction","target":{"@type":"EntryPoint","urlTemplate":"https:\/\/emailchef.com\/es\/?s={search_term_string}"},"query-input":{"@type":"PropertyValueSpecification","valueRequired":true,"valueName":"search_term_string"}}],"inLanguage":"es"},{"@type":"Organization","@id":"https:\/\/emailchef.com\/es\/#organization","name":"Delivery Tech Corp.","url":"https:\/\/emailchef.com\/es\/","logo":{"@type":"ImageObject","inLanguage":"es","@id":"https:\/\/emailchef.com\/es\/#\/schema\/logo\/image\/","url":"https:\/\/emailchef.com\/wp-content\/uploads\/2022\/04\/logo-sama.png","contentUrl":"https:\/\/emailchef.com\/wp-content\/uploads\/2022\/04\/logo-sama.png","width":237,"height":80,"caption":"Delivery Tech Corp."},"image":{"@id":"https:\/\/emailchef.com\/es\/#\/schema\/logo\/image\/"}}]}},"_links":{"self":[{"href":"https:\/\/emailchef.com\/es\/wp-json\/wp\/v2\/pages\/38670"}],"collection":[{"href":"https:\/\/emailchef.com\/es\/wp-json\/wp\/v2\/pages"}],"about":[{"href":"https:\/\/emailchef.com\/es\/wp-json\/wp\/v2\/types\/page"}],"author":[{"embeddable":true,"href":"https:\/\/emailchef.com\/es\/wp-json\/wp\/v2\/users\/20"}],"replies":[{"embeddable":true,"href":"https:\/\/emailchef.com\/es\/wp-json\/wp\/v2\/comments?post=38670"}],"version-history":[{"count":6,"href":"https:\/\/emailchef.com\/es\/wp-json\/wp\/v2\/pages\/38670\/revisions"}],"predecessor-version":[{"id":47274,"href":"https:\/\/emailchef.com\/es\/wp-json\/wp\/v2\/pages\/38670\/revisions\/47274"}],"up":[{"embeddable":true,"href":"https:\/\/emailchef.com\/es\/wp-json\/wp\/v2\/pages\/3110"}],"wp:attachment":[{"href":"https:\/\/emailchef.com\/es\/wp-json\/wp\/v2\/media?parent=38670"}],"wp:term":[{"taxonomy":"g1_relation_tag","embeddable":true,"href":"https:\/\/emailchef.com\/es\/wp-json\/wp\/v2\/g1_relation_tag?post=38670"}],"curies":[{"name":"wp","href":"https:\/\/api.w.org\/{rel}","templated":true}]}}