{"id":38080,"date":"2014-09-22T08:31:10","date_gmt":"2014-09-22T08:31:10","guid":{"rendered":"https:\/\/emailchef.com\/?page_id=38080"},"modified":"2021-09-01T15:55:11","modified_gmt":"2021-09-01T15:55:11","slug":"como-crear-una-campana","status":"publish","type":"page","link":"https:\/\/emailchef.com\/es\/base-de-conocimiento\/como-crear-una-campana\/","title":{"rendered":"C\u00f3mo crear una campa\u00f1a"},"content":{"rendered":"<p><span style=\"font-weight: 400;\">Cuando su plantilla est\u00e9 lista, puede prepararse para el env\u00edo.<\/span><\/p>\n<p><span style=\"font-weight: 400;\">Si se encuentra en el editor Drag &amp; Drop, haga clic en &#8220;GUARDAR&#8221; y seleccione &#8220;<strong>Guardar y crear una campa\u00f1a<\/strong>&#8220;.<\/span><\/p>\n<p><a href=\"https:\/\/emailchef.com\/wp-content\/uploads\/2021\/03\/Screenshot_115.jpg\" rel=\"lightbox\"><img fetchpriority=\"high\" decoding=\"async\" class=\"alignnone wp-image-38082 size-full\" src=\"https:\/\/emailchef.com\/wp-content\/uploads\/2021\/03\/Screenshot_115.jpg\" alt=\"\" width=\"1504\" height=\"927\" srcset=\"https:\/\/emailchef.com\/wp-content\/uploads\/2021\/03\/Screenshot_115.jpg 1504w, https:\/\/emailchef.com\/wp-content\/uploads\/2021\/03\/Screenshot_115-300x185.jpg 300w, https:\/\/emailchef.com\/wp-content\/uploads\/2021\/03\/Screenshot_115-768x473.jpg 768w, https:\/\/emailchef.com\/wp-content\/uploads\/2021\/03\/Screenshot_115-1024x631.jpg 1024w, https:\/\/emailchef.com\/wp-content\/uploads\/2021\/03\/Screenshot_115-968x597.jpg 968w, https:\/\/emailchef.com\/wp-content\/uploads\/2021\/03\/Screenshot_115-636x392.jpg 636w, https:\/\/emailchef.com\/wp-content\/uploads\/2021\/03\/Screenshot_115-320x197.jpg 320w, https:\/\/emailchef.com\/wp-content\/uploads\/2021\/03\/Screenshot_115-239x147.jpg 239w\" sizes=\"(max-width: 1504px) 100vw, 1504px\" \/><\/a><\/p>\n<p><span style=\"font-weight: 400;\">O bien, si no est\u00e1 dentro del editor, puede hacer clic en \u201cCREAR UNA CAMPA\u00d1A\u201d en la secci\u00f3n de \u201cCAMPA\u00d1AS\u201d.<\/span><\/p>\n<p><a href=\"https:\/\/emailchef.com\/wp-content\/uploads\/2021\/03\/Screenshot_120.jpg\" rel=\"lightbox\"><img decoding=\"async\" class=\"alignnone wp-image-38098 size-full\" src=\"https:\/\/emailchef.com\/wp-content\/uploads\/2021\/03\/Screenshot_120.jpg\" alt=\"\" width=\"1505\" height=\"636\" srcset=\"https:\/\/emailchef.com\/wp-content\/uploads\/2021\/03\/Screenshot_120.jpg 1505w, https:\/\/emailchef.com\/wp-content\/uploads\/2021\/03\/Screenshot_120-300x127.jpg 300w, https:\/\/emailchef.com\/wp-content\/uploads\/2021\/03\/Screenshot_120-768x325.jpg 768w, https:\/\/emailchef.com\/wp-content\/uploads\/2021\/03\/Screenshot_120-1024x433.jpg 1024w, https:\/\/emailchef.com\/wp-content\/uploads\/2021\/03\/Screenshot_120-968x409.jpg 968w, https:\/\/emailchef.com\/wp-content\/uploads\/2021\/03\/Screenshot_120-636x269.jpg 636w, https:\/\/emailchef.com\/wp-content\/uploads\/2021\/03\/Screenshot_120-320x135.jpg 320w, https:\/\/emailchef.com\/wp-content\/uploads\/2021\/03\/Screenshot_120-239x101.jpg 239w\" sizes=\"(max-width: 1505px) 100vw, 1505px\" \/><\/a><\/p>\n<p><span style=\"font-weight: 400;\">Elija una plantilla y seleccione &#8220;USAR PARA CAMPA\u00d1A&#8221;.<\/span><\/p>\n<p><a href=\"https:\/\/emailchef.com\/wp-content\/uploads\/2021\/03\/Screenshot_119.jpg\" rel=\"lightbox\"><img decoding=\"async\" class=\"alignnone wp-image-38114 size-full\" src=\"https:\/\/emailchef.com\/wp-content\/uploads\/2021\/03\/Screenshot_119.jpg\" alt=\"\" width=\"1490\" height=\"743\" srcset=\"https:\/\/emailchef.com\/wp-content\/uploads\/2021\/03\/Screenshot_119.jpg 1490w, https:\/\/emailchef.com\/wp-content\/uploads\/2021\/03\/Screenshot_119-300x150.jpg 300w, https:\/\/emailchef.com\/wp-content\/uploads\/2021\/03\/Screenshot_119-768x383.jpg 768w, https:\/\/emailchef.com\/wp-content\/uploads\/2021\/03\/Screenshot_119-1024x511.jpg 1024w, https:\/\/emailchef.com\/wp-content\/uploads\/2021\/03\/Screenshot_119-968x483.jpg 968w, https:\/\/emailchef.com\/wp-content\/uploads\/2021\/03\/Screenshot_119-636x317.jpg 636w, https:\/\/emailchef.com\/wp-content\/uploads\/2021\/03\/Screenshot_119-320x160.jpg 320w, https:\/\/emailchef.com\/wp-content\/uploads\/2021\/03\/Screenshot_119-239x119.jpg 239w\" sizes=\"(max-width: 1490px) 100vw, 1490px\" \/><\/a><\/p>\n<p><span style=\"font-weight: 400;\">Tan pronto como haya elegido la plantilla, Emailchef le mostrar\u00e1 una <strong>vista previa. <\/strong><\/span><\/p>\n<p><a href=\"https:\/\/emailchef.com\/wp-content\/uploads\/2021\/03\/Screenshot_116.jpg\" rel=\"lightbox\"><img loading=\"lazy\" decoding=\"async\" class=\"alignnone wp-image-38130 size-full\" src=\"https:\/\/emailchef.com\/wp-content\/uploads\/2021\/03\/Screenshot_116.jpg\" alt=\"\" width=\"1266\" height=\"876\" srcset=\"https:\/\/emailchef.com\/wp-content\/uploads\/2021\/03\/Screenshot_116.jpg 1266w, https:\/\/emailchef.com\/wp-content\/uploads\/2021\/03\/Screenshot_116-300x208.jpg 300w, https:\/\/emailchef.com\/wp-content\/uploads\/2021\/03\/Screenshot_116-768x531.jpg 768w, https:\/\/emailchef.com\/wp-content\/uploads\/2021\/03\/Screenshot_116-1024x709.jpg 1024w, https:\/\/emailchef.com\/wp-content\/uploads\/2021\/03\/Screenshot_116-968x670.jpg 968w, https:\/\/emailchef.com\/wp-content\/uploads\/2021\/03\/Screenshot_116-636x440.jpg 636w, https:\/\/emailchef.com\/wp-content\/uploads\/2021\/03\/Screenshot_116-320x221.jpg 320w, https:\/\/emailchef.com\/wp-content\/uploads\/2021\/03\/Screenshot_116-239x165.jpg 239w\" sizes=\"(max-width: 1266px) 100vw, 1266px\" \/><\/a><\/p>\n<p><span style=\"font-weight: 400;\">Si la plantilla no contiene las etiquetas de la <a href=\"https:\/\/emailchef.com\/es\/base-de-conocimiento\/registro-y-cumplimiento-de-la-ley-can-spam\/\">Ley CAN-SPAM<\/a>, ver\u00e1 un mensaje de advertencia en la parte superior de la vista previa.<\/span><\/p>\n<p><a href=\"https:\/\/emailchef.com\/wp-content\/uploads\/2021\/03\/Screenshot_118.jpg\" rel=\"lightbox\"><img loading=\"lazy\" decoding=\"async\" class=\"alignnone wp-image-38146 size-full\" src=\"https:\/\/emailchef.com\/wp-content\/uploads\/2021\/03\/Screenshot_118.jpg\" alt=\"\" width=\"1246\" height=\"464\" srcset=\"https:\/\/emailchef.com\/wp-content\/uploads\/2021\/03\/Screenshot_118.jpg 1246w, https:\/\/emailchef.com\/wp-content\/uploads\/2021\/03\/Screenshot_118-300x112.jpg 300w, https:\/\/emailchef.com\/wp-content\/uploads\/2021\/03\/Screenshot_118-768x286.jpg 768w, https:\/\/emailchef.com\/wp-content\/uploads\/2021\/03\/Screenshot_118-1024x381.jpg 1024w, https:\/\/emailchef.com\/wp-content\/uploads\/2021\/03\/Screenshot_118-968x360.jpg 968w, https:\/\/emailchef.com\/wp-content\/uploads\/2021\/03\/Screenshot_118-636x237.jpg 636w, https:\/\/emailchef.com\/wp-content\/uploads\/2021\/03\/Screenshot_118-320x119.jpg 320w, https:\/\/emailchef.com\/wp-content\/uploads\/2021\/03\/Screenshot_118-239x89.jpg 239w\" sizes=\"(max-width: 1246px) 100vw, 1246px\" \/><\/a><\/p>\n<p><span style=\"font-weight: 400;\">Recuerde que debe agregar estos datos para poder enviar sus campa\u00f1as. Haga clic en &#8220;<strong>EDITAR NEWSLETTER<\/strong>&#8221; para <a href=\"https:\/\/emailchef.com\/es\/base-de-conocimiento\/cumplimiento-de-acta-can-spam\/\">agregar la CAN-SPAM<\/a> o para realizar cambios en la plantilla.<\/span><\/p>\n<p><span style=\"font-weight: 400;\">Cuando haya terminado, haga clic en &#8220;GUARDAR&#8221; y seleccione &#8220;Guardar y crear una campa\u00f1a&#8221; para continuar con el proceso de env\u00edo.<\/span><\/p>\n<p><a href=\"https:\/\/emailchef.com\/wp-content\/uploads\/2021\/09\/Screenshot_117.jpg\" rel=\"lightbox\"><img loading=\"lazy\" decoding=\"async\" class=\"alignnone wp-image-47852 size-full\" src=\"https:\/\/emailchef.com\/wp-content\/uploads\/2021\/09\/Screenshot_117.jpg\" alt=\"\" width=\"1504\" height=\"926\" \/><\/a><\/p>\n<p><span style=\"font-weight: 400;\">Luego haga clic en \u201cSIGUIENTE\u201d.<\/span><\/p>\n<p><a href=\"https:\/\/emailchef.com\/wp-content\/uploads\/2021\/03\/Screenshot_106-1.jpg\" rel=\"lightbox\"><img loading=\"lazy\" decoding=\"async\" class=\"alignnone wp-image-38178 size-full\" src=\"https:\/\/emailchef.com\/wp-content\/uploads\/2021\/03\/Screenshot_106-1.jpg\" alt=\"\" width=\"1265\" height=\"875\" srcset=\"https:\/\/emailchef.com\/wp-content\/uploads\/2021\/03\/Screenshot_106-1.jpg 1265w, https:\/\/emailchef.com\/wp-content\/uploads\/2021\/03\/Screenshot_106-1-300x208.jpg 300w, https:\/\/emailchef.com\/wp-content\/uploads\/2021\/03\/Screenshot_106-1-768x531.jpg 768w, https:\/\/emailchef.com\/wp-content\/uploads\/2021\/03\/Screenshot_106-1-1024x708.jpg 1024w, https:\/\/emailchef.com\/wp-content\/uploads\/2021\/03\/Screenshot_106-1-968x670.jpg 968w, https:\/\/emailchef.com\/wp-content\/uploads\/2021\/03\/Screenshot_106-1-636x440.jpg 636w, https:\/\/emailchef.com\/wp-content\/uploads\/2021\/03\/Screenshot_106-1-320x221.jpg 320w, https:\/\/emailchef.com\/wp-content\/uploads\/2021\/03\/Screenshot_106-1-239x165.jpg 239w\" sizes=\"(max-width: 1265px) 100vw, 1265px\" \/><\/a><\/p>\n<p><span style=\"font-weight: 400;\">Si prefiere no enviar su campa\u00f1a de inmediato, puede hacer clic en &#8220;GUARDAR BORRADOR&#8221; y reanudar el env\u00edo cuando est\u00e9 listo.<\/span><\/p>\n","protected":false},"excerpt":{"rendered":"<p>Cuando su plantilla est\u00e9 lista, puede prepararse para el env\u00edo. Si se encuentra en el editor Drag &amp; Drop, haga clic en &#8220;GUARDAR&#8221; y seleccione &#8220;Guardar y crear una campa\u00f1a&#8220;. O bien, si no est\u00e1 dentro del editor, puede hacer clic en \u201cCREAR UNA CAMPA\u00d1A\u201d en la secci\u00f3n de \u201cCAMPA\u00d1AS\u201d. Elija una plantilla y seleccione [&hellip;]<\/p>\n","protected":false},"author":20,"featured_media":0,"parent":3110,"menu_order":0,"comment_status":"closed","ping_status":"closed","template":"","meta":{"_acf_changed":false,"inline_featured_image":false,"footnotes":""},"g1_relation_tag":[],"class_list":["post-38080","page","type-page","status-publish","hentry"],"acf":[],"yoast_head":"<!-- This site is optimized with the Yoast SEO plugin v24.8.1 - https:\/\/yoast.com\/wordpress\/plugins\/seo\/ -->\n<title>C\u00f3mo crear una campa\u00f1a - Emailchef<\/title>\n<meta name=\"robots\" content=\"index, follow, max-snippet:-1, max-image-preview:large, max-video-preview:-1\" \/>\n<link rel=\"canonical\" href=\"https:\/\/emailchef.com\/es\/base-de-conocimiento\/como-crear-una-campana\/\" \/>\n<meta name=\"twitter:label1\" content=\"Tiempo de lectura\" \/>\n\t<meta name=\"twitter:data1\" content=\"3 minutos\" \/>\n<!-- \/ Yoast SEO plugin. -->","yoast_head_json":{"title":"C\u00f3mo crear una campa\u00f1a - Emailchef","robots":{"index":"index","follow":"follow","max-snippet":"max-snippet:-1","max-image-preview":"max-image-preview:large","max-video-preview":"max-video-preview:-1"},"canonical":"https:\/\/emailchef.com\/es\/base-de-conocimiento\/como-crear-una-campana\/","twitter_misc":{"Tiempo de lectura":"3 minutos"},"schema":{"@context":"https:\/\/schema.org","@graph":[{"@type":"WebPage","@id":"https:\/\/emailchef.com\/es\/base-de-conocimiento\/como-crear-una-campana\/","url":"https:\/\/emailchef.com\/es\/base-de-conocimiento\/como-crear-una-campana\/","name":"C\u00f3mo crear una campa\u00f1a - Emailchef","isPartOf":{"@id":"https:\/\/emailchef.com\/es\/#website"},"primaryImageOfPage":{"@id":"https:\/\/emailchef.com\/es\/base-de-conocimiento\/como-crear-una-campana\/#primaryimage"},"image":{"@id":"https:\/\/emailchef.com\/es\/base-de-conocimiento\/como-crear-una-campana\/#primaryimage"},"thumbnailUrl":"https:\/\/emailchef.com\/wp-content\/uploads\/2021\/03\/Screenshot_115.jpg","datePublished":"2014-09-22T08:31:10+00:00","dateModified":"2021-09-01T15:55:11+00:00","breadcrumb":{"@id":"https:\/\/emailchef.com\/es\/base-de-conocimiento\/como-crear-una-campana\/#breadcrumb"},"inLanguage":"es","potentialAction":[{"@type":"ReadAction","target":["https:\/\/emailchef.com\/es\/base-de-conocimiento\/como-crear-una-campana\/"]}]},{"@type":"ImageObject","inLanguage":"es","@id":"https:\/\/emailchef.com\/es\/base-de-conocimiento\/como-crear-una-campana\/#primaryimage","url":"https:\/\/emailchef.com\/wp-content\/uploads\/2021\/03\/Screenshot_115.jpg","contentUrl":"https:\/\/emailchef.com\/wp-content\/uploads\/2021\/03\/Screenshot_115.jpg"},{"@type":"BreadcrumbList","@id":"https:\/\/emailchef.com\/es\/base-de-conocimiento\/como-crear-una-campana\/#breadcrumb","itemListElement":[{"@type":"ListItem","position":1,"name":"Home","item":"https:\/\/emailchef.com\/es\/emailchef-email-marketing-services\/"},{"@type":"ListItem","position":2,"name":"Base de conocimiento","item":"https:\/\/emailchef.com\/es\/base-de-conocimiento\/"},{"@type":"ListItem","position":3,"name":"C\u00f3mo crear una campa\u00f1a"}]},{"@type":"WebSite","@id":"https:\/\/emailchef.com\/es\/#website","url":"https:\/\/emailchef.com\/es\/","name":"Emailchef","description":"Tasty recipes for email marketing","publisher":{"@id":"https:\/\/emailchef.com\/es\/#organization"},"potentialAction":[{"@type":"SearchAction","target":{"@type":"EntryPoint","urlTemplate":"https:\/\/emailchef.com\/es\/?s={search_term_string}"},"query-input":{"@type":"PropertyValueSpecification","valueRequired":true,"valueName":"search_term_string"}}],"inLanguage":"es"},{"@type":"Organization","@id":"https:\/\/emailchef.com\/es\/#organization","name":"Delivery Tech Corp.","url":"https:\/\/emailchef.com\/es\/","logo":{"@type":"ImageObject","inLanguage":"es","@id":"https:\/\/emailchef.com\/es\/#\/schema\/logo\/image\/","url":"https:\/\/emailchef.com\/wp-content\/uploads\/2022\/04\/logo-sama.png","contentUrl":"https:\/\/emailchef.com\/wp-content\/uploads\/2022\/04\/logo-sama.png","width":237,"height":80,"caption":"Delivery Tech Corp."},"image":{"@id":"https:\/\/emailchef.com\/es\/#\/schema\/logo\/image\/"}}]}},"_links":{"self":[{"href":"https:\/\/emailchef.com\/es\/wp-json\/wp\/v2\/pages\/38080"}],"collection":[{"href":"https:\/\/emailchef.com\/es\/wp-json\/wp\/v2\/pages"}],"about":[{"href":"https:\/\/emailchef.com\/es\/wp-json\/wp\/v2\/types\/page"}],"author":[{"embeddable":true,"href":"https:\/\/emailchef.com\/es\/wp-json\/wp\/v2\/users\/20"}],"replies":[{"embeddable":true,"href":"https:\/\/emailchef.com\/es\/wp-json\/wp\/v2\/comments?post=38080"}],"version-history":[{"count":2,"href":"https:\/\/emailchef.com\/es\/wp-json\/wp\/v2\/pages\/38080\/revisions"}],"predecessor-version":[{"id":47868,"href":"https:\/\/emailchef.com\/es\/wp-json\/wp\/v2\/pages\/38080\/revisions\/47868"}],"up":[{"embeddable":true,"href":"https:\/\/emailchef.com\/es\/wp-json\/wp\/v2\/pages\/3110"}],"wp:attachment":[{"href":"https:\/\/emailchef.com\/es\/wp-json\/wp\/v2\/media?parent=38080"}],"wp:term":[{"taxonomy":"g1_relation_tag","embeddable":true,"href":"https:\/\/emailchef.com\/es\/wp-json\/wp\/v2\/g1_relation_tag?post=38080"}],"curies":[{"name":"wp","href":"https:\/\/api.w.org\/{rel}","templated":true}]}}