{"id":36090,"date":"2021-02-15T15:56:07","date_gmt":"2021-02-15T15:56:07","guid":{"rendered":"https:\/\/emailchef.com\/?page_id=36090"},"modified":"2021-03-09T13:40:50","modified_gmt":"2021-03-09T13:40:50","slug":"seguimientar-sobre-el-rendimiento-de-los-formularios-de-registro","status":"publish","type":"page","link":"https:\/\/emailchef.com\/es\/base-de-conocimiento\/seguimientar-sobre-el-rendimiento-de-los-formularios-de-registro\/","title":{"rendered":"Seguimientar sobre el rendimiento de los formularios de registro"},"content":{"rendered":"<p><span style=\"font-weight: 400;\">El <\/span><b>formulario de registro <\/b><span style=\"font-weight: 400;\">representa la herramienta principal que le permite obtener suscriptores para una lista de correo. Si el formulario no es atractivo, funcional o no est\u00e1 bien posicionado, los usuarios poseer\u00e1n dificultades para brindar sus datos y, sin suficientes correos electr\u00f3nicos de contactos, ser\u00e1 dif\u00edcil comenzar una campa\u00f1a de email marketing exitosa.<\/span><\/p>\n<p><span style=\"font-weight: 400;\">Es por ello que es fundamental realizar un <\/span><b>seguimiento sobre el rendimiento de los formularios de registro<\/b><span style=\"font-weight: 400;\"> y probar lo m\u00e1s posible la posici\u00f3n del formulario dentro de la p\u00e1gina, los CTA y todos los dem\u00e1s elementos que lo componen. Si desea tener una idea sobre c\u00f3mo mejorar su formulario de suscripci\u00f3n para obtener m\u00e1s suscriptores a su bolet\u00edn, consulte nuestra <strong><a href=\"https:\/\/emailchef.com\/es\/academia-emailchef\/formulario-de-registro-como-mejorarlo-para-aumentar-los-suscriptores-al-boletin\/\">p\u00e1gina dedicada<\/a><\/strong><\/span><span style=\"font-weight: 400;\">.<\/span><\/p>\n<p><span style=\"font-weight: 400;\">Dentro de la secci\u00f3n de Emailchef destinada a las m\u00e9tricas de su formulario, encontrar\u00e1 diversos datos, tales como el n\u00famero de <\/span><b>contactos, visitas y la tasa de conversi\u00f3n<\/b><span style=\"font-weight: 400;\">. Tambi\u00e9n podr\u00e1 analizar los datos relacionados con un determinado per\u00edodo de tiempo, seleccionando la ventana de tiempo de su inter\u00e9s y averiguar desde qu\u00e9 dispositivo se han registrado sus usuarios con m\u00e1s frecuencia.<\/span><\/p>\n<p><span style=\"font-weight: 400;\">Para acceder al seguimiento de su formulario realice clic en &#8220;Listas&#8221; y luego en el nombre de la lista de su inter\u00e9s. En este punto, desde la barra superior, realice clic en &#8220;<strong>Formularios de registro<\/strong>&#8220;<\/span><span style=\"font-weight: 400;\">.<\/span><\/p>\n<p><a href=\"https:\/\/emailchef.com\/wp-content\/uploads\/2021\/02\/Screenshot_71.jpg\" rel=\"lightbox\"><img fetchpriority=\"high\" decoding=\"async\" class=\"alignnone wp-image-36382 size-full\" src=\"https:\/\/emailchef.com\/wp-content\/uploads\/2021\/02\/Screenshot_71.jpg\" alt=\"\" width=\"1446\" height=\"765\" srcset=\"https:\/\/emailchef.com\/wp-content\/uploads\/2021\/02\/Screenshot_71.jpg 1446w, https:\/\/emailchef.com\/wp-content\/uploads\/2021\/02\/Screenshot_71-300x159.jpg 300w, https:\/\/emailchef.com\/wp-content\/uploads\/2021\/02\/Screenshot_71-768x406.jpg 768w, https:\/\/emailchef.com\/wp-content\/uploads\/2021\/02\/Screenshot_71-1024x542.jpg 1024w, https:\/\/emailchef.com\/wp-content\/uploads\/2021\/02\/Screenshot_71-968x512.jpg 968w, https:\/\/emailchef.com\/wp-content\/uploads\/2021\/02\/Screenshot_71-636x336.jpg 636w, https:\/\/emailchef.com\/wp-content\/uploads\/2021\/02\/Screenshot_71-320x169.jpg 320w, https:\/\/emailchef.com\/wp-content\/uploads\/2021\/02\/Screenshot_71-239x126.jpg 239w\" sizes=\"(max-width: 1446px) 100vw, 1446px\" \/><\/a><\/p>\n<p><span style=\"font-weight: 400;\">Ahora habr\u00e1 abierto la secci\u00f3n &#8220;Formularios de registro&#8221; y observar\u00e1 la lista de sus formularios. Realice clic en el nombre del m\u00f3dulo que le interesa monitorear.<\/span><\/p>\n<p><a href=\"https:\/\/emailchef.com\/wp-content\/uploads\/2021\/02\/Screenshot_72.jpg\" rel=\"lightbox\"><img decoding=\"async\" class=\"alignnone wp-image-36398 size-full\" src=\"https:\/\/emailchef.com\/wp-content\/uploads\/2021\/02\/Screenshot_72.jpg\" alt=\"\" width=\"1204\" height=\"434\" srcset=\"https:\/\/emailchef.com\/wp-content\/uploads\/2021\/02\/Screenshot_72.jpg 1204w, https:\/\/emailchef.com\/wp-content\/uploads\/2021\/02\/Screenshot_72-300x108.jpg 300w, https:\/\/emailchef.com\/wp-content\/uploads\/2021\/02\/Screenshot_72-768x277.jpg 768w, https:\/\/emailchef.com\/wp-content\/uploads\/2021\/02\/Screenshot_72-1024x369.jpg 1024w, https:\/\/emailchef.com\/wp-content\/uploads\/2021\/02\/Screenshot_72-968x349.jpg 968w, https:\/\/emailchef.com\/wp-content\/uploads\/2021\/02\/Screenshot_72-636x229.jpg 636w, https:\/\/emailchef.com\/wp-content\/uploads\/2021\/02\/Screenshot_72-320x115.jpg 320w, https:\/\/emailchef.com\/wp-content\/uploads\/2021\/02\/Screenshot_72-239x86.jpg 239w\" sizes=\"(max-width: 1204px) 100vw, 1204px\" \/><\/a><\/p>\n<p><span style=\"font-weight: 400;\">En este punto, se abrir\u00e1 la p\u00e1gina dedicada al rendimiento de su formulario. Esta secci\u00f3n ofrece varias divisiones dentro de ella. Analic\u00e9mos juntos.<\/span><\/p>\n<p><span style=\"font-weight: 400;\">A su izquierda en el cuadro superior encontrar\u00e1 la vista previa del formulario, en el centro la informaci\u00f3n b\u00e1sica (tal como el estado del formulario y la fecha de la \u00faltima modificaci\u00f3n) y a su derecha &#8211; en orden de arriba a abajo &#8211; el n\u00famero de <\/span><b>contactos<\/b><span style=\"font-weight: 400;\"> (es decir, el n\u00famero de suscriptores obtenidos), el n\u00famero de <\/span><b>visitas<\/b><span style=\"font-weight: 400;\"> totales y la <\/span><b>tasa de conversi\u00f3n <\/b><span style=\"font-weight: 400;\">(dada por contactos \/ visitas).<\/span><\/p>\n<p><a href=\"https:\/\/emailchef.com\/wp-content\/uploads\/2021\/02\/Screenshot_73.jpg\" rel=\"lightbox\"><img decoding=\"async\" class=\"alignnone wp-image-36414 size-full\" src=\"https:\/\/emailchef.com\/wp-content\/uploads\/2021\/02\/Screenshot_73.jpg\" alt=\"\" width=\"1192\" height=\"477\" srcset=\"https:\/\/emailchef.com\/wp-content\/uploads\/2021\/02\/Screenshot_73.jpg 1192w, https:\/\/emailchef.com\/wp-content\/uploads\/2021\/02\/Screenshot_73-300x120.jpg 300w, https:\/\/emailchef.com\/wp-content\/uploads\/2021\/02\/Screenshot_73-768x307.jpg 768w, https:\/\/emailchef.com\/wp-content\/uploads\/2021\/02\/Screenshot_73-1024x410.jpg 1024w, https:\/\/emailchef.com\/wp-content\/uploads\/2021\/02\/Screenshot_73-968x387.jpg 968w, https:\/\/emailchef.com\/wp-content\/uploads\/2021\/02\/Screenshot_73-636x255.jpg 636w, https:\/\/emailchef.com\/wp-content\/uploads\/2021\/02\/Screenshot_73-320x128.jpg 320w, https:\/\/emailchef.com\/wp-content\/uploads\/2021\/02\/Screenshot_73-239x96.jpg 239w\" sizes=\"(max-width: 1192px) 100vw, 1192px\" \/><\/a><\/p>\n<p><span style=\"font-weight: 400;\">Continuando hacia abajo, encontrar\u00e1 la secci\u00f3n dedicada a las &#8220;<\/span><b>Timeline Performances<\/b><span style=\"font-weight: 400;\">&#8220;, es decir el rendimiento calculado durante un cierto per\u00edodo de tiempo. Realice clic en el calendario y seleccione el per\u00edodo de tiempo de su inter\u00e9s. Ahora, podr\u00e1 observar los datos de rendimiento de su formulario de registro, limitado al per\u00edodo de tiempo que haya seleccionado. A la izquierda encontrar\u00e1 los contactos, en el centro las visitas, a la derecha la tasa de conversi\u00f3n y en la parte inferior el gr\u00e1fico dedicado.<\/span><\/p>\n<p><a href=\"https:\/\/emailchef.com\/wp-content\/uploads\/2021\/02\/Screenshot_74.jpg\" rel=\"lightbox\"><img loading=\"lazy\" decoding=\"async\" class=\"alignnone wp-image-36430 size-full\" src=\"https:\/\/emailchef.com\/wp-content\/uploads\/2021\/02\/Screenshot_74.jpg\" alt=\"\" width=\"1188\" height=\"679\" srcset=\"https:\/\/emailchef.com\/wp-content\/uploads\/2021\/02\/Screenshot_74.jpg 1188w, https:\/\/emailchef.com\/wp-content\/uploads\/2021\/02\/Screenshot_74-300x171.jpg 300w, https:\/\/emailchef.com\/wp-content\/uploads\/2021\/02\/Screenshot_74-768x439.jpg 768w, https:\/\/emailchef.com\/wp-content\/uploads\/2021\/02\/Screenshot_74-1024x585.jpg 1024w, https:\/\/emailchef.com\/wp-content\/uploads\/2021\/02\/Screenshot_74-968x553.jpg 968w, https:\/\/emailchef.com\/wp-content\/uploads\/2021\/02\/Screenshot_74-636x364.jpg 636w, https:\/\/emailchef.com\/wp-content\/uploads\/2021\/02\/Screenshot_74-320x183.jpg 320w, https:\/\/emailchef.com\/wp-content\/uploads\/2021\/02\/Screenshot_74-239x137.jpg 239w\" sizes=\"(max-width: 1188px) 100vw, 1188px\" \/><\/a><\/p>\n<p><span style=\"font-weight: 400;\">hacia abajo, podr\u00e1 ver una secci\u00f3n dedicada a los contactos que se han suscrito. Aqu\u00ed, puede encontrar<\/span><b> las direcciones de correo de los suscriptores<\/b><span style=\"font-weight: 400;\">, junto con informaci\u00f3n adicional sobre su suscripci\u00f3n, como su ubicaci\u00f3n, el tipo de formulario que utilizaron para suscribirse y la p\u00e1gina de referencia: es decir la p\u00e1gina desde la que el usuario lleg\u00f3 al formulario de registro.<\/span><\/p>\n<p><a href=\"https:\/\/emailchef.com\/wp-content\/uploads\/2021\/02\/Screenshot_75.jpg\" rel=\"lightbox\"><img loading=\"lazy\" decoding=\"async\" class=\"alignnone wp-image-36446 size-full\" src=\"https:\/\/emailchef.com\/wp-content\/uploads\/2021\/02\/Screenshot_75.jpg\" alt=\"\" width=\"1188\" height=\"791\" srcset=\"https:\/\/emailchef.com\/wp-content\/uploads\/2021\/02\/Screenshot_75.jpg 1188w, https:\/\/emailchef.com\/wp-content\/uploads\/2021\/02\/Screenshot_75-300x200.jpg 300w, https:\/\/emailchef.com\/wp-content\/uploads\/2021\/02\/Screenshot_75-768x511.jpg 768w, https:\/\/emailchef.com\/wp-content\/uploads\/2021\/02\/Screenshot_75-1024x682.jpg 1024w, https:\/\/emailchef.com\/wp-content\/uploads\/2021\/02\/Screenshot_75-968x645.jpg 968w, https:\/\/emailchef.com\/wp-content\/uploads\/2021\/02\/Screenshot_75-636x423.jpg 636w, https:\/\/emailchef.com\/wp-content\/uploads\/2021\/02\/Screenshot_75-320x213.jpg 320w, https:\/\/emailchef.com\/wp-content\/uploads\/2021\/02\/Screenshot_75-239x159.jpg 239w\" sizes=\"(max-width: 1188px) 100vw, 1188px\" \/><\/a><\/p>\n<p><span style=\"font-weight: 400;\">Le recomendamos no subestimar el valor de los datos relacionados al &#8220;tipo de formulario&#8221; de la secci\u00f3n anterior. Gracias a esos datos, Usted sabr\u00e1 cu\u00e1l de los tres tipos de formularios de registro que puede crear con Emailchef (integrado, personalizado o alojado) le ha funcionado mejor.<\/span><\/p>\n<p><span style=\"font-weight: 400;\">Los tres tipos de formulario: INTEGRADO, PERSONALIZADO y ALOJADO se refieren a:<\/span><\/p>\n<ol>\n<li><b>INTEGRADO<\/b><span style=\"font-weight: 400;\">: formularios de Emailchef que ha insertado en su sitio web a trav\u00e9s de un fragmento de JavaScript<\/span><\/li>\n<li><b>PERSONALIZADO<\/b><span style=\"font-weight: 400;\">: formularios de Emailchef que se pueden editar mediante c\u00f3digo HTML<\/span><\/li>\n<li><b>ALOJADO<\/b><span style=\"font-weight: 400;\">: formularios de Emailchef alojados en nuestros servidores, accesibles a trav\u00e9s de un enlace directo.<\/span><\/li>\n<\/ol>\n<p><span style=\"font-weight: 400;\">A continuaci\u00f3n, encontrar\u00e1 la secci\u00f3n dedicada a &#8220;<\/span><b>Rendimiento por dispositivo<\/b><span style=\"font-weight: 400;\">&#8220;. A trav\u00e9s de estos datos, podr\u00e1 comprender desde qu\u00e9 dispositivo sus suscriptores han completado el formulario de registro (m\u00f3vil, computadora o tableta) y a trav\u00e9s de qu\u00e9 browser y sistema operativo. Si su formulario, por ejemplo, se visualiza principalmente desde el m\u00f3vil, puede mejorarlo teniendo en cuenta las caracter\u00edsticas de este dispositivo, para que el proceso de registro sea cada vez m\u00e1s f\u00e1cil, incluso desde un smartphone. Si, por otro lado, su formulario es utilizado principalmente por dispositivos Apple, podr\u00eda considerar realizar pruebas para asegurarse de que no existan problemas de visualizaci\u00f3n en el browser espec\u00edfico (en este caso Safari).<\/span><\/p>\n<p><a href=\"https:\/\/emailchef.com\/wp-content\/uploads\/2021\/02\/Screenshot_76.jpg\" rel=\"lightbox\"><img loading=\"lazy\" decoding=\"async\" class=\"alignnone wp-image-36462 size-full\" src=\"https:\/\/emailchef.com\/wp-content\/uploads\/2021\/02\/Screenshot_76.jpg\" alt=\"\" width=\"1189\" height=\"671\" srcset=\"https:\/\/emailchef.com\/wp-content\/uploads\/2021\/02\/Screenshot_76.jpg 1189w, https:\/\/emailchef.com\/wp-content\/uploads\/2021\/02\/Screenshot_76-300x169.jpg 300w, https:\/\/emailchef.com\/wp-content\/uploads\/2021\/02\/Screenshot_76-768x433.jpg 768w, https:\/\/emailchef.com\/wp-content\/uploads\/2021\/02\/Screenshot_76-1024x578.jpg 1024w, https:\/\/emailchef.com\/wp-content\/uploads\/2021\/02\/Screenshot_76-968x546.jpg 968w, https:\/\/emailchef.com\/wp-content\/uploads\/2021\/02\/Screenshot_76-636x359.jpg 636w, https:\/\/emailchef.com\/wp-content\/uploads\/2021\/02\/Screenshot_76-482x271.jpg 482w, https:\/\/emailchef.com\/wp-content\/uploads\/2021\/02\/Screenshot_76-320x181.jpg 320w, https:\/\/emailchef.com\/wp-content\/uploads\/2021\/02\/Screenshot_76-239x135.jpg 239w\" sizes=\"(max-width: 1189px) 100vw, 1189px\" \/><\/a><\/p>\n<p><span style=\"font-weight: 400;\">Finalmente, encontrar\u00e1 dos secciones dedicadas respectivamente a &#8220;<\/span><b>Rendimiento de URL<\/b><span style=\"font-weight: 400;\">&#8221; (\u00fatil para evaluar la efectividad de una campa\u00f1a espec\u00edfica o identificar qu\u00e9 p\u00e1gina del sitio genera la mayor cantidad de conversiones) y a &#8220;<\/span><b>Actividades del formulario de registro<\/b><span style=\"font-weight: 400;\">&#8221; (que contiene un resumen de las actividades realizadas en el formulario).<\/span><\/p>\n<p><a href=\"https:\/\/emailchef.com\/wp-content\/uploads\/2021\/02\/Screenshot_77.jpg\" rel=\"lightbox\"><img loading=\"lazy\" decoding=\"async\" class=\"alignnone wp-image-36478 size-full\" src=\"https:\/\/emailchef.com\/wp-content\/uploads\/2021\/02\/Screenshot_77.jpg\" alt=\"\" width=\"1189\" height=\"542\" srcset=\"https:\/\/emailchef.com\/wp-content\/uploads\/2021\/02\/Screenshot_77.jpg 1189w, https:\/\/emailchef.com\/wp-content\/uploads\/2021\/02\/Screenshot_77-300x137.jpg 300w, https:\/\/emailchef.com\/wp-content\/uploads\/2021\/02\/Screenshot_77-768x350.jpg 768w, https:\/\/emailchef.com\/wp-content\/uploads\/2021\/02\/Screenshot_77-1024x467.jpg 1024w, https:\/\/emailchef.com\/wp-content\/uploads\/2021\/02\/Screenshot_77-968x441.jpg 968w, https:\/\/emailchef.com\/wp-content\/uploads\/2021\/02\/Screenshot_77-636x290.jpg 636w, https:\/\/emailchef.com\/wp-content\/uploads\/2021\/02\/Screenshot_77-320x146.jpg 320w, https:\/\/emailchef.com\/wp-content\/uploads\/2021\/02\/Screenshot_77-239x109.jpg 239w\" sizes=\"(max-width: 1189px) 100vw, 1189px\" \/><\/a><\/p>\n","protected":false},"excerpt":{"rendered":"<p>El formulario de registro representa la herramienta principal que le permite obtener suscriptores para una lista de correo. Si el formulario no es atractivo, funcional o no est\u00e1 bien posicionado, los usuarios poseer\u00e1n dificultades para brindar sus datos y, sin suficientes correos electr\u00f3nicos de contactos, ser\u00e1 dif\u00edcil comenzar una campa\u00f1a de email marketing exitosa. Es [&hellip;]<\/p>\n","protected":false},"author":20,"featured_media":0,"parent":3110,"menu_order":0,"comment_status":"closed","ping_status":"closed","template":"","meta":{"_acf_changed":false,"inline_featured_image":false,"footnotes":""},"g1_relation_tag":[],"class_list":["post-36090","page","type-page","status-publish","hentry"],"acf":[],"yoast_head":"<!-- This site is optimized with the Yoast SEO plugin v24.8.1 - https:\/\/yoast.com\/wordpress\/plugins\/seo\/ -->\n<title>Seguimientar sobre el rendimiento de los formularios de registro - Emailchef<\/title>\n<meta name=\"robots\" content=\"index, follow, max-snippet:-1, max-image-preview:large, max-video-preview:-1\" \/>\n<link rel=\"canonical\" href=\"https:\/\/emailchef.com\/es\/base-de-conocimiento\/seguimientar-sobre-el-rendimiento-de-los-formularios-de-registro\/\" \/>\n<meta name=\"twitter:label1\" content=\"Tiempo de lectura\" \/>\n\t<meta name=\"twitter:data1\" content=\"4 minutos\" \/>\n<!-- \/ Yoast SEO plugin. -->","yoast_head_json":{"title":"Seguimientar sobre el rendimiento de los formularios de registro - Emailchef","robots":{"index":"index","follow":"follow","max-snippet":"max-snippet:-1","max-image-preview":"max-image-preview:large","max-video-preview":"max-video-preview:-1"},"canonical":"https:\/\/emailchef.com\/es\/base-de-conocimiento\/seguimientar-sobre-el-rendimiento-de-los-formularios-de-registro\/","twitter_misc":{"Tiempo de lectura":"4 minutos"},"schema":{"@context":"https:\/\/schema.org","@graph":[{"@type":"WebPage","@id":"https:\/\/emailchef.com\/es\/base-de-conocimiento\/seguimientar-sobre-el-rendimiento-de-los-formularios-de-registro\/","url":"https:\/\/emailchef.com\/es\/base-de-conocimiento\/seguimientar-sobre-el-rendimiento-de-los-formularios-de-registro\/","name":"Seguimientar sobre el rendimiento de los formularios de registro - Emailchef","isPartOf":{"@id":"https:\/\/emailchef.com\/es\/#website"},"primaryImageOfPage":{"@id":"https:\/\/emailchef.com\/es\/base-de-conocimiento\/seguimientar-sobre-el-rendimiento-de-los-formularios-de-registro\/#primaryimage"},"image":{"@id":"https:\/\/emailchef.com\/es\/base-de-conocimiento\/seguimientar-sobre-el-rendimiento-de-los-formularios-de-registro\/#primaryimage"},"thumbnailUrl":"https:\/\/emailchef.com\/wp-content\/uploads\/2021\/02\/Screenshot_71.jpg","datePublished":"2021-02-15T15:56:07+00:00","dateModified":"2021-03-09T13:40:50+00:00","breadcrumb":{"@id":"https:\/\/emailchef.com\/es\/base-de-conocimiento\/seguimientar-sobre-el-rendimiento-de-los-formularios-de-registro\/#breadcrumb"},"inLanguage":"es","potentialAction":[{"@type":"ReadAction","target":["https:\/\/emailchef.com\/es\/base-de-conocimiento\/seguimientar-sobre-el-rendimiento-de-los-formularios-de-registro\/"]}]},{"@type":"ImageObject","inLanguage":"es","@id":"https:\/\/emailchef.com\/es\/base-de-conocimiento\/seguimientar-sobre-el-rendimiento-de-los-formularios-de-registro\/#primaryimage","url":"https:\/\/emailchef.com\/wp-content\/uploads\/2021\/02\/Screenshot_71.jpg","contentUrl":"https:\/\/emailchef.com\/wp-content\/uploads\/2021\/02\/Screenshot_71.jpg"},{"@type":"BreadcrumbList","@id":"https:\/\/emailchef.com\/es\/base-de-conocimiento\/seguimientar-sobre-el-rendimiento-de-los-formularios-de-registro\/#breadcrumb","itemListElement":[{"@type":"ListItem","position":1,"name":"Home","item":"https:\/\/emailchef.com\/es\/emailchef-email-marketing-services\/"},{"@type":"ListItem","position":2,"name":"Base de conocimiento","item":"https:\/\/emailchef.com\/es\/base-de-conocimiento\/"},{"@type":"ListItem","position":3,"name":"Seguimientar sobre el rendimiento de los formularios de registro"}]},{"@type":"WebSite","@id":"https:\/\/emailchef.com\/es\/#website","url":"https:\/\/emailchef.com\/es\/","name":"Emailchef","description":"Tasty recipes for email marketing","publisher":{"@id":"https:\/\/emailchef.com\/es\/#organization"},"potentialAction":[{"@type":"SearchAction","target":{"@type":"EntryPoint","urlTemplate":"https:\/\/emailchef.com\/es\/?s={search_term_string}"},"query-input":{"@type":"PropertyValueSpecification","valueRequired":true,"valueName":"search_term_string"}}],"inLanguage":"es"},{"@type":"Organization","@id":"https:\/\/emailchef.com\/es\/#organization","name":"Delivery Tech Corp.","url":"https:\/\/emailchef.com\/es\/","logo":{"@type":"ImageObject","inLanguage":"es","@id":"https:\/\/emailchef.com\/es\/#\/schema\/logo\/image\/","url":"https:\/\/emailchef.com\/wp-content\/uploads\/2022\/04\/logo-sama.png","contentUrl":"https:\/\/emailchef.com\/wp-content\/uploads\/2022\/04\/logo-sama.png","width":237,"height":80,"caption":"Delivery Tech Corp."},"image":{"@id":"https:\/\/emailchef.com\/es\/#\/schema\/logo\/image\/"}}]}},"_links":{"self":[{"href":"https:\/\/emailchef.com\/es\/wp-json\/wp\/v2\/pages\/36090"}],"collection":[{"href":"https:\/\/emailchef.com\/es\/wp-json\/wp\/v2\/pages"}],"about":[{"href":"https:\/\/emailchef.com\/es\/wp-json\/wp\/v2\/types\/page"}],"author":[{"embeddable":true,"href":"https:\/\/emailchef.com\/es\/wp-json\/wp\/v2\/users\/20"}],"replies":[{"embeddable":true,"href":"https:\/\/emailchef.com\/es\/wp-json\/wp\/v2\/comments?post=36090"}],"version-history":[{"count":5,"href":"https:\/\/emailchef.com\/es\/wp-json\/wp\/v2\/pages\/36090\/revisions"}],"predecessor-version":[{"id":36664,"href":"https:\/\/emailchef.com\/es\/wp-json\/wp\/v2\/pages\/36090\/revisions\/36664"}],"up":[{"embeddable":true,"href":"https:\/\/emailchef.com\/es\/wp-json\/wp\/v2\/pages\/3110"}],"wp:attachment":[{"href":"https:\/\/emailchef.com\/es\/wp-json\/wp\/v2\/media?parent=36090"}],"wp:term":[{"taxonomy":"g1_relation_tag","embeddable":true,"href":"https:\/\/emailchef.com\/es\/wp-json\/wp\/v2\/g1_relation_tag?post=36090"}],"curies":[{"name":"wp","href":"https:\/\/api.w.org\/{rel}","templated":true}]}}