{"id":34710,"date":"2014-09-22T08:13:37","date_gmt":"2014-09-22T08:13:37","guid":{"rendered":"https:\/\/emailchef.com\/?page_id=34710"},"modified":"2021-07-27T15:33:22","modified_gmt":"2021-07-27T15:33:22","slug":"el-dashboard-de-emailchef","status":"publish","type":"page","link":"https:\/\/emailchef.com\/es\/base-de-conocimiento\/el-dashboard-de-emailchef\/","title":{"rendered":"El dashboard de Emailchef"},"content":{"rendered":"<p><span style=\"font-weight: 400;\">El dashboard de Emailchef resalta los <\/span><b>reportes m\u00e1s importantes de sus campa\u00f1as<\/b><span style=\"font-weight: 400;\"> y listas, adem\u00e1s presenta un resumen de sus <\/span><b>actividades m\u00e1s recientes<\/b><span style=\"font-weight: 400;\">. Podr\u00e1 ver r\u00e1pidamente los datos m\u00e1s importantes.<\/span><\/p>\n<p><a href=\"https:\/\/emailchef.com\/wp-content\/uploads\/2021\/01\/Screenshot_18.jpg\" rel=\"lightbox\"><img fetchpriority=\"high\" decoding=\"async\" class=\"alignnone wp-image-34712 size-full\" src=\"https:\/\/emailchef.com\/wp-content\/uploads\/2021\/01\/Screenshot_18.jpg\" alt=\"\" width=\"1501\" height=\"926\" srcset=\"https:\/\/emailchef.com\/wp-content\/uploads\/2021\/01\/Screenshot_18.jpg 1501w, https:\/\/emailchef.com\/wp-content\/uploads\/2021\/01\/Screenshot_18-300x185.jpg 300w, https:\/\/emailchef.com\/wp-content\/uploads\/2021\/01\/Screenshot_18-768x474.jpg 768w, https:\/\/emailchef.com\/wp-content\/uploads\/2021\/01\/Screenshot_18-1024x632.jpg 1024w, https:\/\/emailchef.com\/wp-content\/uploads\/2021\/01\/Screenshot_18-968x597.jpg 968w, https:\/\/emailchef.com\/wp-content\/uploads\/2021\/01\/Screenshot_18-636x392.jpg 636w, https:\/\/emailchef.com\/wp-content\/uploads\/2021\/01\/Screenshot_18-320x197.jpg 320w, https:\/\/emailchef.com\/wp-content\/uploads\/2021\/01\/Screenshot_18-239x147.jpg 239w\" sizes=\"(max-width: 1501px) 100vw, 1501px\" \/><\/a><\/p>\n<p><span style=\"font-weight: 400;\">El apartado superior muestra <\/span><b>la informaci\u00f3n principal de su cuenta, <\/b><span style=\"font-weight: 400;\">como su plan actual y la fecha de expiraci\u00f3n. Tambi\u00e9n puede ver el n\u00famero de suscriptores y mensajes enviados:<\/span><\/p>\n<p><a href=\"https:\/\/emailchef.com\/wp-content\/uploads\/2021\/01\/Screenshot_19.jpg\" rel=\"lightbox\"><img decoding=\"async\" class=\"alignnone wp-image-34758 size-full\" src=\"https:\/\/emailchef.com\/wp-content\/uploads\/2021\/01\/Screenshot_19.jpg\" alt=\"\" width=\"1207\" height=\"66\" srcset=\"https:\/\/emailchef.com\/wp-content\/uploads\/2021\/01\/Screenshot_19.jpg 1207w, https:\/\/emailchef.com\/wp-content\/uploads\/2021\/01\/Screenshot_19-300x16.jpg 300w, https:\/\/emailchef.com\/wp-content\/uploads\/2021\/01\/Screenshot_19-768x42.jpg 768w, https:\/\/emailchef.com\/wp-content\/uploads\/2021\/01\/Screenshot_19-1024x56.jpg 1024w, https:\/\/emailchef.com\/wp-content\/uploads\/2021\/01\/Screenshot_19-968x53.jpg 968w, https:\/\/emailchef.com\/wp-content\/uploads\/2021\/01\/Screenshot_19-636x35.jpg 636w, https:\/\/emailchef.com\/wp-content\/uploads\/2021\/01\/Screenshot_19-320x17.jpg 320w, https:\/\/emailchef.com\/wp-content\/uploads\/2021\/01\/Screenshot_19-239x13.jpg 239w\" sizes=\"(max-width: 1207px) 100vw, 1207px\" \/><\/a><\/p>\n<p><span style=\"font-weight: 400;\">El apartado inferior del dashboard est\u00e1 dividido en tres secciones:&nbsp;<\/span><\/p>\n<p><b>1. SECCI\u00d3N DE CAMPA\u00d1AS<\/b><\/p>\n<p><span style=\"font-weight: 400;\">Primero, podr\u00e1 ver un resumen de su \u00faltima campa\u00f1a y su reporte. Del lado izquierdo hay un calendario que muestra las fechas en que las campa\u00f1as que fueron enviadas o si hay alguna campa\u00f1a programada. En la derecha, encontrar\u00e1 una lista de las campa\u00f1as planeadas y\/o los \u00faltimos borradores con su informaci\u00f3n principal.<\/span><\/p>\n<p><a href=\"https:\/\/emailchef.com\/wp-content\/uploads\/2021\/01\/Screenshot_20.jpg\" rel=\"lightbox\"><img decoding=\"async\" class=\"alignnone wp-image-34774 size-full\" src=\"https:\/\/emailchef.com\/wp-content\/uploads\/2021\/01\/Screenshot_20.jpg\" alt=\"\" width=\"1167\" height=\"782\" srcset=\"https:\/\/emailchef.com\/wp-content\/uploads\/2021\/01\/Screenshot_20.jpg 1167w, https:\/\/emailchef.com\/wp-content\/uploads\/2021\/01\/Screenshot_20-300x201.jpg 300w, https:\/\/emailchef.com\/wp-content\/uploads\/2021\/01\/Screenshot_20-768x515.jpg 768w, https:\/\/emailchef.com\/wp-content\/uploads\/2021\/01\/Screenshot_20-1024x686.jpg 1024w, https:\/\/emailchef.com\/wp-content\/uploads\/2021\/01\/Screenshot_20-968x649.jpg 968w, https:\/\/emailchef.com\/wp-content\/uploads\/2021\/01\/Screenshot_20-636x426.jpg 636w, https:\/\/emailchef.com\/wp-content\/uploads\/2021\/01\/Screenshot_20-320x214.jpg 320w, https:\/\/emailchef.com\/wp-content\/uploads\/2021\/01\/Screenshot_20-239x160.jpg 239w\" sizes=\"(max-width: 1167px) 100vw, 1167px\" \/><\/a><\/p>\n<p><b>2. SECCI\u00d3N DE LISTAS<\/b><\/p>\n<p><span style=\"font-weight: 400;\">En Listas, puede ver toda la informaci\u00f3n relacionada a sus listas m\u00e1s recientes: n\u00famero de suscriptores, desuscritos, devueltos y quejas.<\/span><\/p>\n<p><a href=\"https:\/\/emailchef.com\/wp-content\/uploads\/2021\/01\/Screenshot_21.jpg\" rel=\"lightbox\"><img loading=\"lazy\" decoding=\"async\" class=\"alignnone wp-image-34814 size-full\" src=\"https:\/\/emailchef.com\/wp-content\/uploads\/2021\/01\/Screenshot_21.jpg\" alt=\"\" width=\"1170\" height=\"366\" srcset=\"https:\/\/emailchef.com\/wp-content\/uploads\/2021\/01\/Screenshot_21.jpg 1170w, https:\/\/emailchef.com\/wp-content\/uploads\/2021\/01\/Screenshot_21-300x94.jpg 300w, https:\/\/emailchef.com\/wp-content\/uploads\/2021\/01\/Screenshot_21-768x240.jpg 768w, https:\/\/emailchef.com\/wp-content\/uploads\/2021\/01\/Screenshot_21-1024x320.jpg 1024w, https:\/\/emailchef.com\/wp-content\/uploads\/2021\/01\/Screenshot_21-968x303.jpg 968w, https:\/\/emailchef.com\/wp-content\/uploads\/2021\/01\/Screenshot_21-636x199.jpg 636w, https:\/\/emailchef.com\/wp-content\/uploads\/2021\/01\/Screenshot_21-320x100.jpg 320w, https:\/\/emailchef.com\/wp-content\/uploads\/2021\/01\/Screenshot_21-239x75.jpg 239w\" sizes=\"(max-width: 1170px) 100vw, 1170px\" \/><\/a><\/p>\n<p><b>3. SECCI\u00d3N DE NOTICIAS Y NOVEDADES<\/b><\/p>\n<p><span style=\"font-weight: 400;\">La \u00faltima secci\u00f3n se actualiza constantemente con las noticias m\u00e1s recientes sobre Emailchef. Tambi\u00e9n le sugiere v\u00eddeos tutoriales mientras est\u00e1 usando la plataforma. <\/span><\/p>\n<p><a href=\"https:\/\/emailchef.com\/wp-content\/uploads\/2021\/01\/Screenshot_22.jpg\" rel=\"lightbox\"><img loading=\"lazy\" decoding=\"async\" class=\"alignnone wp-image-34796 size-full\" src=\"https:\/\/emailchef.com\/wp-content\/uploads\/2021\/01\/Screenshot_22.jpg\" alt=\"\" width=\"1205\" height=\"322\" srcset=\"https:\/\/emailchef.com\/wp-content\/uploads\/2021\/01\/Screenshot_22.jpg 1205w, https:\/\/emailchef.com\/wp-content\/uploads\/2021\/01\/Screenshot_22-300x80.jpg 300w, https:\/\/emailchef.com\/wp-content\/uploads\/2021\/01\/Screenshot_22-768x205.jpg 768w, https:\/\/emailchef.com\/wp-content\/uploads\/2021\/01\/Screenshot_22-1024x274.jpg 1024w, https:\/\/emailchef.com\/wp-content\/uploads\/2021\/01\/Screenshot_22-968x259.jpg 968w, https:\/\/emailchef.com\/wp-content\/uploads\/2021\/01\/Screenshot_22-636x170.jpg 636w, https:\/\/emailchef.com\/wp-content\/uploads\/2021\/01\/Screenshot_22-320x86.jpg 320w, https:\/\/emailchef.com\/wp-content\/uploads\/2021\/01\/Screenshot_22-239x64.jpg 239w\" sizes=\"(max-width: 1205px) 100vw, 1205px\" \/><\/a><\/p>\n<p><span style=\"font-weight: 400;\">Encontrar\u00e1 todos los v\u00eddeos tutoriales de Emailchef que necesite en la <\/span><strong><a href=\"https:\/\/emailchef.com\/es\/video-tutorial\/\">secci\u00f3n adecuada<\/a><\/strong><span style=\"font-weight: 400;\">. Para saber m\u00e1s sobre el tema del dashboard, vea este v\u00eddeo:<\/span><\/p>\n<div class=\"lyte-wrapper\" title=\"[ES] Introducci&oacute;n al dashboard de eMailChef\" style=\"width:640px;max-width:100%;margin:5px;\"><div class=\"lyMe\" id=\"WYL_wi8TERC91QE\"><div id=\"lyte_wi8TERC91QE\" data-src=\"https:\/\/emailchef.com\/wp-content\/plugins\/wp-youtube-lyte\/lyteCache.php?origThumbUrl=https%3A%2F%2Fi.ytimg.com%2Fvi%2Fwi8TERC91QE%2Fhqdefault.jpg\" class=\"pL\"><div class=\"tC\"><div class=\"tT\">[ES] Introducci\u00f3n al dashboard de eMailChef<\/div><\/div><div class=\"play\"><\/div><div class=\"ctrl\"><div class=\"Lctrl\"><\/div><div class=\"Rctrl\"><\/div><\/div><\/div><noscript><a href=\"https:\/\/youtu.be\/wi8TERC91QE\" rel=\"nofollow\"><img loading=\"lazy\" decoding=\"async\" src=\"https:\/\/emailchef.com\/wp-content\/plugins\/wp-youtube-lyte\/lyteCache.php?origThumbUrl=https%3A%2F%2Fi.ytimg.com%2Fvi%2Fwi8TERC91QE%2F0.jpg\" alt=\"[ES] Introducci&oacute;n al dashboard de eMailChef\" width=\"640\" height=\"340\" \/><br \/>Mire este video en YouTube<\/a><\/noscript><\/div><\/div><div class=\"lL\" style=\"max-width:100%;width:640px;margin:5px;\"><\/div>\n<div class=\"ec-video-button hide centered\">\n\t<a href=\"https:\/\/youtu.be\/wi8TERC91QE\" rel=\"prettyPhoto\" title=\"Reproducir v\u00eddeo\">Reproducir v\u00eddeo <i class=\"fa fa-play-circle fa-2x\"><\/i><\/a>\n<\/div>\n","protected":false},"excerpt":{"rendered":"<p>El dashboard de Emailchef resalta los reportes m\u00e1s importantes de sus campa\u00f1as y listas, adem\u00e1s presenta un resumen de sus actividades m\u00e1s recientes. Podr\u00e1 ver r\u00e1pidamente los datos m\u00e1s importantes. El apartado superior muestra la informaci\u00f3n principal de su cuenta, como su plan actual y la fecha de expiraci\u00f3n. Tambi\u00e9n puede ver el n\u00famero de [&hellip;]<\/p>\n","protected":false},"author":20,"featured_media":0,"parent":3110,"menu_order":0,"comment_status":"closed","ping_status":"closed","template":"","meta":{"_acf_changed":false,"inline_featured_image":false,"footnotes":""},"g1_relation_tag":[],"class_list":["post-34710","page","type-page","status-publish","hentry"],"acf":[],"yoast_head":"<!-- This site is optimized with the Yoast SEO plugin v24.8.1 - https:\/\/yoast.com\/wordpress\/plugins\/seo\/ -->\n<title>El dashboard de Emailchef - Emailchef<\/title>\n<meta name=\"robots\" content=\"index, follow, max-snippet:-1, max-image-preview:large, max-video-preview:-1\" \/>\n<link rel=\"canonical\" href=\"https:\/\/emailchef.com\/es\/base-de-conocimiento\/el-dashboard-de-emailchef\/\" \/>\n<meta name=\"twitter:label1\" content=\"Tiempo de lectura\" \/>\n\t<meta name=\"twitter:data1\" content=\"2 minutos\" \/>\n<!-- \/ Yoast SEO plugin. -->","yoast_head_json":{"title":"El dashboard de Emailchef - Emailchef","robots":{"index":"index","follow":"follow","max-snippet":"max-snippet:-1","max-image-preview":"max-image-preview:large","max-video-preview":"max-video-preview:-1"},"canonical":"https:\/\/emailchef.com\/es\/base-de-conocimiento\/el-dashboard-de-emailchef\/","twitter_misc":{"Tiempo de lectura":"2 minutos"},"schema":{"@context":"https:\/\/schema.org","@graph":[{"@type":"WebPage","@id":"https:\/\/emailchef.com\/es\/base-de-conocimiento\/el-dashboard-de-emailchef\/","url":"https:\/\/emailchef.com\/es\/base-de-conocimiento\/el-dashboard-de-emailchef\/","name":"El dashboard de Emailchef - Emailchef","isPartOf":{"@id":"https:\/\/emailchef.com\/es\/#website"},"primaryImageOfPage":{"@id":"https:\/\/emailchef.com\/es\/base-de-conocimiento\/el-dashboard-de-emailchef\/#primaryimage"},"image":{"@id":"https:\/\/emailchef.com\/es\/base-de-conocimiento\/el-dashboard-de-emailchef\/#primaryimage"},"thumbnailUrl":"https:\/\/emailchef.com\/wp-content\/uploads\/2021\/01\/Screenshot_18.jpg","datePublished":"2014-09-22T08:13:37+00:00","dateModified":"2021-07-27T15:33:22+00:00","breadcrumb":{"@id":"https:\/\/emailchef.com\/es\/base-de-conocimiento\/el-dashboard-de-emailchef\/#breadcrumb"},"inLanguage":"es","potentialAction":[{"@type":"ReadAction","target":["https:\/\/emailchef.com\/es\/base-de-conocimiento\/el-dashboard-de-emailchef\/"]}]},{"@type":"ImageObject","inLanguage":"es","@id":"https:\/\/emailchef.com\/es\/base-de-conocimiento\/el-dashboard-de-emailchef\/#primaryimage","url":"https:\/\/emailchef.com\/wp-content\/uploads\/2021\/01\/Screenshot_18.jpg","contentUrl":"https:\/\/emailchef.com\/wp-content\/uploads\/2021\/01\/Screenshot_18.jpg"},{"@type":"BreadcrumbList","@id":"https:\/\/emailchef.com\/es\/base-de-conocimiento\/el-dashboard-de-emailchef\/#breadcrumb","itemListElement":[{"@type":"ListItem","position":1,"name":"Home","item":"https:\/\/emailchef.com\/es\/emailchef-email-marketing-services\/"},{"@type":"ListItem","position":2,"name":"Base de conocimiento","item":"https:\/\/emailchef.com\/es\/base-de-conocimiento\/"},{"@type":"ListItem","position":3,"name":"El dashboard de Emailchef"}]},{"@type":"WebSite","@id":"https:\/\/emailchef.com\/es\/#website","url":"https:\/\/emailchef.com\/es\/","name":"Emailchef","description":"Tasty recipes for email marketing","publisher":{"@id":"https:\/\/emailchef.com\/es\/#organization"},"potentialAction":[{"@type":"SearchAction","target":{"@type":"EntryPoint","urlTemplate":"https:\/\/emailchef.com\/es\/?s={search_term_string}"},"query-input":{"@type":"PropertyValueSpecification","valueRequired":true,"valueName":"search_term_string"}}],"inLanguage":"es"},{"@type":"Organization","@id":"https:\/\/emailchef.com\/es\/#organization","name":"Delivery Tech Corp.","url":"https:\/\/emailchef.com\/es\/","logo":{"@type":"ImageObject","inLanguage":"es","@id":"https:\/\/emailchef.com\/es\/#\/schema\/logo\/image\/","url":"https:\/\/emailchef.com\/wp-content\/uploads\/2022\/04\/logo-sama.png","contentUrl":"https:\/\/emailchef.com\/wp-content\/uploads\/2022\/04\/logo-sama.png","width":237,"height":80,"caption":"Delivery Tech Corp."},"image":{"@id":"https:\/\/emailchef.com\/es\/#\/schema\/logo\/image\/"}}]}},"_links":{"self":[{"href":"https:\/\/emailchef.com\/es\/wp-json\/wp\/v2\/pages\/34710"}],"collection":[{"href":"https:\/\/emailchef.com\/es\/wp-json\/wp\/v2\/pages"}],"about":[{"href":"https:\/\/emailchef.com\/es\/wp-json\/wp\/v2\/types\/page"}],"author":[{"embeddable":true,"href":"https:\/\/emailchef.com\/es\/wp-json\/wp\/v2\/users\/20"}],"replies":[{"embeddable":true,"href":"https:\/\/emailchef.com\/es\/wp-json\/wp\/v2\/comments?post=34710"}],"version-history":[{"count":7,"href":"https:\/\/emailchef.com\/es\/wp-json\/wp\/v2\/pages\/34710\/revisions"}],"predecessor-version":[{"id":47282,"href":"https:\/\/emailchef.com\/es\/wp-json\/wp\/v2\/pages\/34710\/revisions\/47282"}],"up":[{"embeddable":true,"href":"https:\/\/emailchef.com\/es\/wp-json\/wp\/v2\/pages\/3110"}],"wp:attachment":[{"href":"https:\/\/emailchef.com\/es\/wp-json\/wp\/v2\/media?parent=34710"}],"wp:term":[{"taxonomy":"g1_relation_tag","embeddable":true,"href":"https:\/\/emailchef.com\/es\/wp-json\/wp\/v2\/g1_relation_tag?post=34710"}],"curies":[{"name":"wp","href":"https:\/\/api.w.org\/{rel}","templated":true}]}}