{"id":3318,"date":"2014-09-04T10:28:22","date_gmt":"2014-09-04T10:28:22","guid":{"rendered":"http:\/\/emailchef.com\/es\/?page_id=3318"},"modified":"2024-10-17T13:45:52","modified_gmt":"2024-10-17T13:45:52","slug":"reportes-avanzados-en-tiempo-real","status":"publish","type":"page","link":"https:\/\/emailchef.com\/es\/caracteristicas\/reportes-avanzados-en-tiempo-real\/","title":{"rendered":"Reportes avanzados en tiempo real"},"content":{"rendered":"\t\t<div data-elementor-type=\"wp-page\" data-elementor-id=\"3318\" class=\"elementor elementor-3318 elementor-138\" data-elementor-post-type=\"page\">\n\t\t\t\t\t\t<section class=\"elementor-section elementor-top-section elementor-element elementor-element-26ca89f elementor-section-boxed elementor-section-height-default elementor-section-height-default\" data-id=\"26ca89f\" data-element_type=\"section\">\n\t\t\t\t\t\t<div class=\"elementor-container elementor-column-gap-default\">\n\t\t\t\t\t<div class=\"elementor-column elementor-col-100 elementor-top-column elementor-element elementor-element-d7cbf0f\" data-id=\"d7cbf0f\" data-element_type=\"column\">\n\t\t\t<div class=\"elementor-widget-wrap elementor-element-populated\">\n\t\t\t\t\t\t<div class=\"elementor-element elementor-element-41d31fe elementor-widget elementor-widget-image\" data-id=\"41d31fe\" data-element_type=\"widget\" data-widget_type=\"image.default\">\n\t\t\t\t<div class=\"elementor-widget-container\">\n\t\t\t\t\t\t\t\t\t\t\t\t\t\t\t<img fetchpriority=\"high\" decoding=\"async\" width=\"867\" height=\"600\" src=\"https:\/\/emailchef.com\/wp-content\/uploads\/2022\/06\/realtime-reports.png\" class=\"attachment-full size-full wp-image-57252\" alt=\"Reportes avanzados en tiempo real\" \/>\t\t\t\t\t\t\t\t\t\t\t\t\t\t\t<\/div>\n\t\t\t\t<\/div>\n\t\t\t\t\t<\/div>\n\t\t<\/div>\n\t\t\t\t\t<\/div>\n\t\t<\/section>\n\t\t\t\t<section class=\"elementor-section elementor-top-section elementor-element elementor-element-1e8f478 elementor-section-boxed elementor-section-height-default elementor-section-height-default\" data-id=\"1e8f478\" data-element_type=\"section\">\n\t\t\t\t\t\t<div class=\"elementor-container elementor-column-gap-default\">\n\t\t\t\t\t<div class=\"elementor-column elementor-col-100 elementor-top-column elementor-element elementor-element-628b020\" data-id=\"628b020\" data-element_type=\"column\">\n\t\t\t<div class=\"elementor-widget-wrap elementor-element-populated\">\n\t\t\t\t\t\t<div class=\"elementor-element elementor-element-47ee887 elementor-widget elementor-widget-text-editor\" data-id=\"47ee887\" data-element_type=\"widget\" data-widget_type=\"text-editor.default\">\n\t\t\t\t<div class=\"elementor-widget-container\">\n\t\t\t\t\t\t\t\t\t<p>Las estad&iacute;sticas son un elemento clave para el &eacute;xito de cualquier campa&ntilde;a de email marketing. <\/p>\n<p>&iquest;Por qu&eacute; es eso?<\/p>\n<p>Son la &uacute;nica forma de saber si tus campa&ntilde;as est&aacute;n funcionando o no (y te brindan la oportunidad de mejorar tus futuros env&iacute;os). Gracias a las estad&iacute;sticas, puedes averiguar si tus contactos est&aacute;n abriendo los correos electr&oacute;nicos que env&iacute;as, si leen tus mensajes de forma regular y, lo m&aacute;s importante, si est&aacute;n haciendo clic en tus CTA. <\/p>\n<p>Por esta raz&oacute;n, Emailchef te proporciona estad&iacute;sticas precisas, completas y siempre actualizadas en tiempo real, para que puedas monitorear el rendimiento de tus campa&ntilde;as en cualquier momento \ud83d\ude80.<\/p>\t\t\t\t\t\t\t\t<\/div>\n\t\t\t\t<\/div>\n\t\t\t\t<div class=\"elementor-element elementor-element-4d6b6ad elementor-widget elementor-widget-html\" data-id=\"4d6b6ad\" data-element_type=\"widget\" data-widget_type=\"html.default\">\n\t\t\t\t<div class=\"elementor-widget-container\">\n\t\t\t\t\t<div class=\"lyte-wrapper\" title=\"[EN] Introducing Campaign Reports\" style=\"width:640px;max-width:100%;margin:5px;\"><div class=\"lyMe\" id=\"WYL_tAjvX0w0TGU\"><div id=\"lyte_tAjvX0w0TGU\" data-src=\"https:\/\/emailchef.com\/wp-content\/plugins\/wp-youtube-lyte\/lyteCache.php?origThumbUrl=https%3A%2F%2Fi.ytimg.com%2Fvi%2FtAjvX0w0TGU%2Fhqdefault.jpg\" class=\"pL\"><div class=\"tC\"><div class=\"tT\">[EN] Introducing Campaign Reports<\/div><\/div><div class=\"play\"><\/div><div class=\"ctrl\"><div class=\"Lctrl\"><\/div><div class=\"Rctrl\"><\/div><\/div><\/div><noscript><a href=\"https:\/\/youtu.be\/tAjvX0w0TGU\" rel=\"nofollow\"><img decoding=\"async\" src=\"https:\/\/emailchef.com\/wp-content\/plugins\/wp-youtube-lyte\/lyteCache.php?origThumbUrl=https%3A%2F%2Fi.ytimg.com%2Fvi%2FtAjvX0w0TGU%2F0.jpg\" alt=\"[EN] Introducing Campaign Reports\" width=\"640\" height=\"340\" \/><br \/>Mire este video en YouTube<\/a><\/noscript><\/div><\/div><div class=\"lL\" style=\"max-width:100%;width:640px;margin:5px;\"><\/div>\n<div class=\"ec-video-button hide centered\">\n\t<a href=\"https:\/\/youtu.be\/tAjvX0w0TGU\" rel=\"prettyPhoto\" title=\"Play Video\">Play Video <i class=\"fa fa-play-circle fa-2x\"><\/i><\/a>\n<\/div>\t\t\t\t<\/div>\n\t\t\t\t<\/div>\n\t\t\t\t<div class=\"elementor-element elementor-element-6125b6d elementor-widget elementor-widget-text-editor\" data-id=\"6125b6d\" data-element_type=\"widget\" data-widget_type=\"text-editor.default\">\n\t\t\t\t<div class=\"elementor-widget-container\">\n\t\t\t\t\t\t\t\t\t<p>Tienes dos herramientas a tu disposici\u00f3n:<\/p>\t\t\t\t\t\t\t\t<\/div>\n\t\t\t\t<\/div>\n\t\t\t\t<div class=\"elementor-element elementor-element-c49591d elementor-icon-list--layout-traditional elementor-list-item-link-full_width elementor-widget elementor-widget-icon-list\" data-id=\"c49591d\" data-element_type=\"widget\" data-widget_type=\"icon-list.default\">\n\t\t\t\t<div class=\"elementor-widget-container\">\n\t\t\t\t\t\t\t<ul class=\"elementor-icon-list-items\">\n\t\t\t\t\t\t\t<li class=\"elementor-icon-list-item\">\n\t\t\t\t\t\t\t\t\t\t\t<span class=\"elementor-icon-list-icon\">\n\t\t\t\t\t\t\t<i aria-hidden=\"true\" class=\"fas fa-angle-right\"><\/i>\t\t\t\t\t\t<\/span>\n\t\t\t\t\t\t\t\t\t\t<span class=\"elementor-icon-list-text\"><strong>Informes de campa\u00f1as y automatizaciones<\/strong>;<\/span>\n\t\t\t\t\t\t\t\t\t<\/li>\n\t\t\t\t\t\t\t\t<li class=\"elementor-icon-list-item\">\n\t\t\t\t\t\t\t\t\t\t\t<span class=\"elementor-icon-list-icon\">\n\t\t\t\t\t\t\t<i aria-hidden=\"true\" class=\"fas fa-angle-right\"><\/i>\t\t\t\t\t\t<\/span>\n\t\t\t\t\t\t\t\t\t\t<span class=\"elementor-icon-list-text\"><strong>Feeds de interacciones para cada contacto<\/strong>.<\/span>\n\t\t\t\t\t\t\t\t\t<\/li>\n\t\t\t\t\t\t<\/ul>\n\t\t\t\t\t\t<\/div>\n\t\t\t\t<\/div>\n\t\t\t\t<div class=\"elementor-element elementor-element-d61c36e elementor-widget elementor-widget-text-editor\" data-id=\"d61c36e\" data-element_type=\"widget\" data-widget_type=\"text-editor.default\">\n\t\t\t\t<div class=\"elementor-widget-container\">\n\t\t\t\t\t\t\t\t\t<p>Los resultados de tus env&iacute;os se presentan en gr&aacute;ficos muy intuitivos, lo que te permite comprender r&aacute;pidamente el rendimiento de tus campa&ntilde;as. <\/p>\n<p>Pero eso no es todo. <\/p>\n<p>Tambi&eacute;n puedes seguir tu rendimiento utilizando el gr&aacute;fico cronol&oacute;gico, que te permite analizar varias m&eacute;tricas de forma horaria o diaria. <\/p>\n<p>Emailchef tambi&eacute;n te ofrece un mapa de clics (para descubrir en qu&eacute; enlaces han hecho clic tus contactos) y un mapa geogr&aacute;fico para analizar tus resultados a nivel nacional. <\/p>\n<p>Pero vayamos paso a paso. <\/p>\n<p><strong>Los informes de campa&ntilde;as<\/strong> son una de las herramientas de an&aacute;lisis avanzado que ofrece Emailchef y te ayudan a comprender el rendimiento general de tus env&iacute;os. <\/p>\n<p>Entonces, &iquest;qu&eacute; m&eacute;tricas puedes analizar? <\/p>\n<p>Para darte algunos ejemplos, podr&aacute;s verificar tu tasa de entrega o tasa de clics, ver la tasa de cancelaci&oacute;n de suscripci&oacute;n de tu lista de correo, saber cu&aacute;ntos rebotes se generaron (es decir, cu&aacute;ntos mensajes no lograron llegar a su destino) y el total de quejas por spam recibidas.<\/p>\t\t\t\t\t\t\t\t<\/div>\n\t\t\t\t<\/div>\n\t\t\t\t<div class=\"elementor-element elementor-element-d85ba19 elementor-widget elementor-widget-image\" data-id=\"d85ba19\" data-element_type=\"widget\" data-widget_type=\"image.default\">\n\t\t\t\t<div class=\"elementor-widget-container\">\n\t\t\t\t\t\t\t\t\t\t\t\t\t\t\t\t<a href=\"https:\/\/emailchef.com\/wp-content\/uploads\/2024\/10\/cake-graphs.jpg\" data-elementor-open-lightbox=\"yes\" data-elementor-lightbox-title=\"cake-graphs.jpg\" data-e-action-hash=\"#elementor-action%3Aaction%3Dlightbox%26settings%3DeyJpZCI6NzYyNzEsInVybCI6Imh0dHBzOlwvXC9lbWFpbGNoZWYuY29tXC93cC1jb250ZW50XC91cGxvYWRzXC8yMDI0XC8xMFwvY2FrZS1ncmFwaHMuanBnIn0%3D\">\n\t\t\t\t\t\t\t<img decoding=\"async\" width=\"800\" height=\"147\" src=\"https:\/\/emailchef.com\/wp-content\/uploads\/2024\/10\/cake-graphs-1024x188.jpg\" class=\"attachment-large size-large wp-image-76271\" alt=\"Rapports avanc\u00e9s sur les campagnes de marketing par e-mail\" srcset=\"https:\/\/emailchef.com\/wp-content\/uploads\/2024\/10\/cake-graphs-1024x188.jpg 1024w, https:\/\/emailchef.com\/wp-content\/uploads\/2024\/10\/cake-graphs-300x55.jpg 300w, https:\/\/emailchef.com\/wp-content\/uploads\/2024\/10\/cake-graphs-768x141.jpg 768w, https:\/\/emailchef.com\/wp-content\/uploads\/2024\/10\/cake-graphs.jpg 1114w\" sizes=\"(max-width: 800px) 100vw, 800px\" \/>\t\t\t\t\t\t\t\t<\/a>\n\t\t\t\t\t\t\t\t\t\t\t\t\t\t\t<\/div>\n\t\t\t\t<\/div>\n\t\t\t\t<div class=\"elementor-element elementor-element-ad91314 elementor-widget elementor-widget-text-editor\" data-id=\"ad91314\" data-element_type=\"widget\" data-widget_type=\"text-editor.default\">\n\t\t\t\t<div class=\"elementor-widget-container\">\n\t\t\t\t\t\t\t\t\t<p>Con el gr&aacute;fico cronol&oacute;gico, puedes identificar los d&iacute;as y horas en los que tus destinatarios interact&uacute;an m&aacute;s con tu contenido. Estos son datos valiosos que puedes aprovechar para maximizar los resultados de tus campa&ntilde;as.<\/p>\n<p>&iquest;Tus contactos abren los correos electr&oacute;nicos m&aacute;s a menudo durante el fin de semana, con un pico de clics el domingo por la tarde? Enviar tus pr&oacute;ximos mensajes en ese momento podr&iacute;a ser una gran idea \ud83d\ude0e.<\/p>\n<p>El mapa de clics es otra herramienta &uacute;til. Te muestra exactamente en qu&eacute; enlaces hicieron clic tus contactos (y cu&aacute;ntas veces lo hicieron).<\/p>\t\t\t\t\t\t\t\t<\/div>\n\t\t\t\t<\/div>\n\t\t\t\t<div class=\"elementor-element elementor-element-91e525c elementor-widget elementor-widget-image\" data-id=\"91e525c\" data-element_type=\"widget\" data-widget_type=\"image.default\">\n\t\t\t\t<div class=\"elementor-widget-container\">\n\t\t\t\t\t\t\t\t\t\t\t\t\t\t\t\t<a href=\"https:\/\/emailchef.com\/wp-content\/uploads\/2024\/10\/click-map-eng.png\" data-elementor-open-lightbox=\"yes\" data-elementor-lightbox-title=\"click-map-eng.png\" data-e-action-hash=\"#elementor-action%3Aaction%3Dlightbox%26settings%3DeyJpZCI6NzYyODAsInVybCI6Imh0dHBzOlwvXC9lbWFpbGNoZWYuY29tXC93cC1jb250ZW50XC91cGxvYWRzXC8yMDI0XC8xMFwvY2xpY2stbWFwLWVuZy5wbmcifQ%3D%3D\">\n\t\t\t\t\t\t\t<img loading=\"lazy\" decoding=\"async\" width=\"758\" height=\"556\" src=\"https:\/\/emailchef.com\/wp-content\/uploads\/2024\/10\/click-map-eng.png\" class=\"attachment-large size-large wp-image-76280\" alt=\"Rapports avanc\u00e9s sur les campagnes de marketing par e-mail\" srcset=\"https:\/\/emailchef.com\/wp-content\/uploads\/2024\/10\/click-map-eng.png 758w, https:\/\/emailchef.com\/wp-content\/uploads\/2024\/10\/click-map-eng-300x220.png 300w\" sizes=\"(max-width: 758px) 100vw, 758px\" \/>\t\t\t\t\t\t\t\t<\/a>\n\t\t\t\t\t\t\t\t\t\t\t\t\t\t\t<\/div>\n\t\t\t\t<\/div>\n\t\t\t\t<div class=\"elementor-element elementor-element-638964b elementor-widget elementor-widget-text-editor\" data-id=\"638964b\" data-element_type=\"widget\" data-widget_type=\"text-editor.default\">\n\t\t\t\t<div class=\"elementor-widget-container\">\n\t\t\t\t\t\t\t\t\t<p>La tasa de apertura por pa\u00eds, en cambio, te muestra d\u00f3nde se encuentran los destinatarios que abrieron tus correos electr\u00f3nicos. Este servicio es especialmente \u00fatil para entender el rendimiento de tus campa\u00f1as a nivel nacional, especialmente si tienen un alcance internacional.<\/p><p>\u00bfLa misma campa\u00f1a tuvo buenos resultados en Italia, pero, por ejemplo, parece menos efectiva en Francia? En este caso, podr\u00eda ser una buena idea adaptar tu comunicaci\u00f3n para ese pa\u00eds espec\u00edfico.<\/p>\t\t\t\t\t\t\t\t<\/div>\n\t\t\t\t<\/div>\n\t\t\t\t<div class=\"elementor-element elementor-element-4341636 elementor-widget elementor-widget-image\" data-id=\"4341636\" data-element_type=\"widget\" data-widget_type=\"image.default\">\n\t\t\t\t<div class=\"elementor-widget-container\">\n\t\t\t\t\t\t\t\t\t\t\t\t\t\t\t\t<a href=\"https:\/\/emailchef.com\/wp-content\/uploads\/2024\/10\/top-countrues-by-open.png\" data-elementor-open-lightbox=\"yes\" data-elementor-lightbox-title=\"top-countrues-by-open.png\" data-e-action-hash=\"#elementor-action%3Aaction%3Dlightbox%26settings%3DeyJpZCI6NzYyODksInVybCI6Imh0dHBzOlwvXC9lbWFpbGNoZWYuY29tXC93cC1jb250ZW50XC91cGxvYWRzXC8yMDI0XC8xMFwvdG9wLWNvdW50cnVlcy1ieS1vcGVuLnBuZyJ9\">\n\t\t\t\t\t\t\t<img loading=\"lazy\" decoding=\"async\" width=\"800\" height=\"439\" src=\"https:\/\/emailchef.com\/wp-content\/uploads\/2024\/10\/top-countrues-by-open-1024x562.png\" class=\"attachment-large size-large wp-image-76289\" alt=\"Rapports avanc\u00e9s sur les campagnes de marketing par e-mail\" srcset=\"https:\/\/emailchef.com\/wp-content\/uploads\/2024\/10\/top-countrues-by-open-1024x562.png 1024w, https:\/\/emailchef.com\/wp-content\/uploads\/2024\/10\/top-countrues-by-open-300x165.png 300w, https:\/\/emailchef.com\/wp-content\/uploads\/2024\/10\/top-countrues-by-open-768x421.png 768w, https:\/\/emailchef.com\/wp-content\/uploads\/2024\/10\/top-countrues-by-open.png 1054w\" sizes=\"(max-width: 800px) 100vw, 800px\" \/>\t\t\t\t\t\t\t\t<\/a>\n\t\t\t\t\t\t\t\t\t\t\t\t\t\t\t<\/div>\n\t\t\t\t<\/div>\n\t\t\t\t<div class=\"elementor-element elementor-element-6796648 elementor-widget elementor-widget-text-editor\" data-id=\"6796648\" data-element_type=\"widget\" data-widget_type=\"text-editor.default\">\n\t\t\t\t<div class=\"elementor-widget-container\">\n\t\t\t\t\t\t\t\t\t<p>Emailchef te permite imprimir las estad\u00edsticas de tus campa\u00f1as en formato f\u00edsico o descargarlas en PDF, con una p\u00e1gina de portada y una hoja de resumen. Si lo prefieres, puedes personalizar el informe seleccionando solo las secciones que te interesen, por ejemplo, incluyendo \u00fanicamente los datos sobre aperturas y clics.<\/p><p>\u00a1Y voil\u00e0, tu documento estar\u00e1 listo para una presentaci\u00f3n de negocios o para ser compartido con los miembros de tu equipo!<\/p>\t\t\t\t\t\t\t\t<\/div>\n\t\t\t\t<\/div>\n\t\t\t\t<div class=\"elementor-element elementor-element-7c3b96b elementor-widget elementor-widget-html\" data-id=\"7c3b96b\" data-element_type=\"widget\" data-widget_type=\"html.default\">\n\t\t\t\t<div class=\"elementor-widget-container\">\n\t\t\t\t\t<div class=\"lyte-wrapper\" title=\"[EN] Print your campaign reports\" style=\"width:640px;max-width:100%;margin:5px;\"><div class=\"lyMe\" id=\"WYL_cuXO1vsEbRk\"><div id=\"lyte_cuXO1vsEbRk\" data-src=\"https:\/\/emailchef.com\/wp-content\/plugins\/wp-youtube-lyte\/lyteCache.php?origThumbUrl=https%3A%2F%2Fi.ytimg.com%2Fvi%2FcuXO1vsEbRk%2Fhqdefault.jpg\" class=\"pL\"><div class=\"tC\"><div class=\"tT\">[EN] Print your campaign reports<\/div><\/div><div class=\"play\"><\/div><div class=\"ctrl\"><div class=\"Lctrl\"><\/div><div class=\"Rctrl\"><\/div><\/div><\/div><noscript><a href=\"https:\/\/youtu.be\/cuXO1vsEbRk\" rel=\"nofollow\"><img loading=\"lazy\" decoding=\"async\" src=\"https:\/\/emailchef.com\/wp-content\/plugins\/wp-youtube-lyte\/lyteCache.php?origThumbUrl=https%3A%2F%2Fi.ytimg.com%2Fvi%2FcuXO1vsEbRk%2F0.jpg\" alt=\"[EN] Print your campaign reports\" width=\"640\" height=\"340\" \/><br \/>Mire este video en YouTube<\/a><\/noscript><\/div><\/div><div class=\"lL\" style=\"max-width:100%;width:640px;margin:5px;\"><\/div>\n<div class=\"ec-video-button hide centered\">\n\t<a href=\"https:\/\/youtu.be\/cuXO1vsEbRk\" rel=\"prettyPhoto\" title=\"Play Video\">Play Video <i class=\"fa fa-play-circle fa-2x\"><\/i><\/a>\n<\/div>\t\t\t\t<\/div>\n\t\t\t\t<\/div>\n\t\t\t\t<div class=\"elementor-element elementor-element-5d2e408 elementor-widget elementor-widget-text-editor\" data-id=\"5d2e408\" data-element_type=\"widget\" data-widget_type=\"text-editor.default\">\n\t\t\t\t<div class=\"elementor-widget-container\">\n\t\t\t\t\t\t\t\t\t<p>&iquest;C&oacute;mo funciona entonces el<strong> feed de interacci&oacute;n de los contactos<\/strong>?<\/p>\n<p>Es un informe detallado que contiene las interacciones de cada suscriptor en tus listas, ayud&aacute;ndote a identificar qui&eacute;n est&aacute; m&aacute;s interesado en el contenido que ofreces.<\/p>\n<p>Gracias a estos informes, tambi&eacute;n tendr&aacute;s acceso a una cronolog&iacute;a completa que incluye todos los correos electr&oacute;nicos recibidos por cada suscriptor, mostrando su tasa de participaci&oacute;n en t&eacute;rminos de aperturas y se&ntilde;alando en qu&eacute; enlaces hicieron clic.<\/p>\n<p>Para cada suscriptor, puedes ver su m&eacute;todo de registro (por ejemplo, si fueron a&ntilde;adidos por un administrador o se inscribieron a trav&eacute;s de un formulario), la fecha en que se unieron a la lista, su direcci&oacute;n IP, ubicaci&oacute;n geogr&aacute;fica y estado de suscripci&oacute;n.<\/p>\t\t\t\t\t\t\t\t<\/div>\n\t\t\t\t<\/div>\n\t\t\t\t\t<\/div>\n\t\t<\/div>\n\t\t\t\t\t<\/div>\n\t\t<\/section>\n\t\t\t\t<\/div>\n\t\t","protected":false},"excerpt":{"rendered":"<p>Las estad&iacute;sticas son un elemento clave para el &eacute;xito de cualquier campa&ntilde;a de email marketing. &iquest;Por qu&eacute; es eso? Son la &uacute;nica forma de saber si tus campa&ntilde;as est&aacute;n funcionando o no (y te brindan la oportunidad de mejorar tus futuros env&iacute;os). Gracias a las estad&iacute;sticas, puedes averiguar si tus contactos est&aacute;n abriendo los correos [&hellip;]<\/p>\n","protected":false},"author":5,"featured_media":0,"parent":3006,"menu_order":5,"comment_status":"closed","ping_status":"closed","template":"","meta":{"_acf_changed":false,"inline_featured_image":false,"footnotes":""},"g1_relation_tag":[],"class_list":["post-3318","page","type-page","status-publish","hentry"],"acf":[],"yoast_head":"<!-- This site is optimized with the Yoast SEO plugin v24.8.1 - https:\/\/yoast.com\/wordpress\/plugins\/seo\/ -->\n<title>Reportes avanzados en tiempo real - Emailchef<\/title>\n<meta name=\"description\" content=\"El marketing por email requiere de una mejora constante:\" \/>\n<meta name=\"robots\" content=\"index, follow, max-snippet:-1, max-image-preview:large, max-video-preview:-1\" \/>\n<link rel=\"canonical\" href=\"https:\/\/emailchef.com\/es\/caracteristicas\/reportes-avanzados-en-tiempo-real\/\" \/>\n<meta name=\"twitter:label1\" content=\"Tiempo de lectura\" \/>\n\t<meta name=\"twitter:data1\" content=\"4 minutos\" \/>\n<!-- \/ Yoast SEO plugin. -->","yoast_head_json":{"title":"Reportes avanzados en tiempo real - Emailchef","description":"El marketing por email requiere de una mejora constante:","robots":{"index":"index","follow":"follow","max-snippet":"max-snippet:-1","max-image-preview":"max-image-preview:large","max-video-preview":"max-video-preview:-1"},"canonical":"https:\/\/emailchef.com\/es\/caracteristicas\/reportes-avanzados-en-tiempo-real\/","twitter_misc":{"Tiempo de lectura":"4 minutos"},"schema":{"@context":"https:\/\/schema.org","@graph":[{"@type":"WebPage","@id":"https:\/\/emailchef.com\/es\/caracteristicas\/reportes-avanzados-en-tiempo-real\/","url":"https:\/\/emailchef.com\/es\/caracteristicas\/reportes-avanzados-en-tiempo-real\/","name":"Reportes avanzados en tiempo real - Emailchef","isPartOf":{"@id":"https:\/\/emailchef.com\/es\/#website"},"primaryImageOfPage":{"@id":"https:\/\/emailchef.com\/es\/caracteristicas\/reportes-avanzados-en-tiempo-real\/#primaryimage"},"image":{"@id":"https:\/\/emailchef.com\/es\/caracteristicas\/reportes-avanzados-en-tiempo-real\/#primaryimage"},"thumbnailUrl":"https:\/\/emailchef.com\/wp-content\/uploads\/2022\/06\/realtime-reports.png","datePublished":"2014-09-04T10:28:22+00:00","dateModified":"2024-10-17T13:45:52+00:00","description":"El marketing por email requiere de una mejora constante:","breadcrumb":{"@id":"https:\/\/emailchef.com\/es\/caracteristicas\/reportes-avanzados-en-tiempo-real\/#breadcrumb"},"inLanguage":"es","potentialAction":[{"@type":"ReadAction","target":["https:\/\/emailchef.com\/es\/caracteristicas\/reportes-avanzados-en-tiempo-real\/"]}]},{"@type":"ImageObject","inLanguage":"es","@id":"https:\/\/emailchef.com\/es\/caracteristicas\/reportes-avanzados-en-tiempo-real\/#primaryimage","url":"https:\/\/emailchef.com\/wp-content\/uploads\/2022\/06\/realtime-reports.png","contentUrl":"https:\/\/emailchef.com\/wp-content\/uploads\/2022\/06\/realtime-reports.png"},{"@type":"BreadcrumbList","@id":"https:\/\/emailchef.com\/es\/caracteristicas\/reportes-avanzados-en-tiempo-real\/#breadcrumb","itemListElement":[{"@type":"ListItem","position":1,"name":"Home","item":"https:\/\/emailchef.com\/es\/emailchef-email-marketing-services\/"},{"@type":"ListItem","position":2,"name":"Descubre las funciones de Emailchef","item":"https:\/\/emailchef.com\/es\/caracteristicas\/"},{"@type":"ListItem","position":3,"name":"Reportes avanzados en tiempo real"}]},{"@type":"WebSite","@id":"https:\/\/emailchef.com\/es\/#website","url":"https:\/\/emailchef.com\/es\/","name":"Emailchef","description":"Tasty recipes for email marketing","publisher":{"@id":"https:\/\/emailchef.com\/es\/#organization"},"potentialAction":[{"@type":"SearchAction","target":{"@type":"EntryPoint","urlTemplate":"https:\/\/emailchef.com\/es\/?s={search_term_string}"},"query-input":{"@type":"PropertyValueSpecification","valueRequired":true,"valueName":"search_term_string"}}],"inLanguage":"es"},{"@type":"Organization","@id":"https:\/\/emailchef.com\/es\/#organization","name":"Delivery Tech Corp.","url":"https:\/\/emailchef.com\/es\/","logo":{"@type":"ImageObject","inLanguage":"es","@id":"https:\/\/emailchef.com\/es\/#\/schema\/logo\/image\/","url":"https:\/\/emailchef.com\/wp-content\/uploads\/2022\/04\/logo-sama.png","contentUrl":"https:\/\/emailchef.com\/wp-content\/uploads\/2022\/04\/logo-sama.png","width":237,"height":80,"caption":"Delivery Tech Corp."},"image":{"@id":"https:\/\/emailchef.com\/es\/#\/schema\/logo\/image\/"}}]}},"_links":{"self":[{"href":"https:\/\/emailchef.com\/es\/wp-json\/wp\/v2\/pages\/3318"}],"collection":[{"href":"https:\/\/emailchef.com\/es\/wp-json\/wp\/v2\/pages"}],"about":[{"href":"https:\/\/emailchef.com\/es\/wp-json\/wp\/v2\/types\/page"}],"author":[{"embeddable":true,"href":"https:\/\/emailchef.com\/es\/wp-json\/wp\/v2\/users\/5"}],"replies":[{"embeddable":true,"href":"https:\/\/emailchef.com\/es\/wp-json\/wp\/v2\/comments?post=3318"}],"version-history":[{"count":13,"href":"https:\/\/emailchef.com\/es\/wp-json\/wp\/v2\/pages\/3318\/revisions"}],"predecessor-version":[{"id":76300,"href":"https:\/\/emailchef.com\/es\/wp-json\/wp\/v2\/pages\/3318\/revisions\/76300"}],"up":[{"embeddable":true,"href":"https:\/\/emailchef.com\/es\/wp-json\/wp\/v2\/pages\/3006"}],"wp:attachment":[{"href":"https:\/\/emailchef.com\/es\/wp-json\/wp\/v2\/media?parent=3318"}],"wp:term":[{"taxonomy":"g1_relation_tag","embeddable":true,"href":"https:\/\/emailchef.com\/es\/wp-json\/wp\/v2\/g1_relation_tag?post=3318"}],"curies":[{"name":"wp","href":"https:\/\/api.w.org\/{rel}","templated":true}]}}