{"id":3313,"date":"2014-09-04T10:26:34","date_gmt":"2014-09-04T10:26:34","guid":{"rendered":"http:\/\/emailchef.com\/es\/?page_id=3313"},"modified":"2024-10-17T08:56:12","modified_gmt":"2024-10-17T08:56:12","slug":"editor-de-formulario-de-suscripcion","status":"publish","type":"page","link":"https:\/\/emailchef.com\/es\/caracteristicas\/editor-de-formulario-de-suscripcion\/","title":{"rendered":"Editor de formularios de suscripci\u00f3n"},"content":{"rendered":"\t\t<div data-elementor-type=\"wp-page\" data-elementor-id=\"3313\" class=\"elementor elementor-3313 elementor-134\" data-elementor-post-type=\"page\">\n\t\t\t\t\t\t<section class=\"elementor-section elementor-top-section elementor-element elementor-element-4a19ab0 elementor-section-boxed elementor-section-height-default elementor-section-height-default\" data-id=\"4a19ab0\" data-element_type=\"section\">\n\t\t\t\t\t\t<div class=\"elementor-container elementor-column-gap-default\">\n\t\t\t\t\t<div class=\"elementor-column elementor-col-100 elementor-top-column elementor-element elementor-element-34259a2\" data-id=\"34259a2\" data-element_type=\"column\">\n\t\t\t<div class=\"elementor-widget-wrap elementor-element-populated\">\n\t\t\t\t\t\t<div class=\"elementor-element elementor-element-ac29d45 elementor-widget elementor-widget-image\" data-id=\"ac29d45\" data-element_type=\"widget\" data-widget_type=\"image.default\">\n\t\t\t\t<div class=\"elementor-widget-container\">\n\t\t\t\t\t\t\t\t\t\t\t\t\t\t\t<img fetchpriority=\"high\" decoding=\"async\" width=\"1161\" height=\"600\" src=\"https:\/\/emailchef.com\/wp-content\/uploads\/2022\/06\/form-editor.png\" class=\"attachment-full size-full wp-image-57220\" alt=\"Editor de formularios de suscripci\u00f3n\" \/>\t\t\t\t\t\t\t\t\t\t\t\t\t\t\t<\/div>\n\t\t\t\t<\/div>\n\t\t\t\t\t<\/div>\n\t\t<\/div>\n\t\t\t\t\t<\/div>\n\t\t<\/section>\n\t\t\t\t<section class=\"elementor-section elementor-top-section elementor-element elementor-element-3d928cf elementor-section-boxed elementor-section-height-default elementor-section-height-default\" data-id=\"3d928cf\" data-element_type=\"section\">\n\t\t\t\t\t\t<div class=\"elementor-container elementor-column-gap-default\">\n\t\t\t\t\t<div class=\"elementor-column elementor-col-100 elementor-top-column elementor-element elementor-element-e852def\" data-id=\"e852def\" data-element_type=\"column\">\n\t\t\t<div class=\"elementor-widget-wrap elementor-element-populated\">\n\t\t\t\t\t\t<div class=\"elementor-element elementor-element-b82b9ad elementor-widget elementor-widget-text-editor\" data-id=\"b82b9ad\" data-element_type=\"widget\" data-widget_type=\"text-editor.default\">\n\t\t\t\t<div class=\"elementor-widget-container\">\n\t\t\t\t\t\t\t\t\t<p>Un formulario de suscripci&oacute;n en tu sitio web es la forma m&aacute;s r&aacute;pida y eficaz de recopilar nuevos suscriptores para tu lista de correo.&nbsp;<\/p>\n<p>&iquest;Por qu&eacute;? Te permite hacer crecer tus listas con <strong>contactos realmente interesados en lo que ofreces<\/strong>.<\/p>\n<p>Cuando alguien deja su direcci&oacute;n de correo electr&oacute;nico en tu formulario de suscripci&oacute;n, b&aacute;sicamente te est&aacute; entregando las llaves de su bandeja de entrada. Es como decir: &#8220;Oye, me interesa lo que tienes que decir. Me gustar&iacute;a leer tus mensajes.&#8221;<\/p>\n<p>Pero, &iquest;por d&oacute;nde empezar para crear un formulario de registro?<\/p>\n<p>Con Emailchef no necesitas habilidades t&eacute;cnicas especiales: solo usa el editor de formularios de suscripci&oacute;n drag &amp; drop de nuestra plataforma.<\/p>\n<p>Esto te permite crear <strong>formularios de suscripci&oacute;n<\/strong>:<\/p>\t\t\t\t\t\t\t\t<\/div>\n\t\t\t\t<\/div>\n\t\t\t\t<div class=\"elementor-element elementor-element-9b9e099 elementor-icon-list--layout-traditional elementor-list-item-link-full_width elementor-widget elementor-widget-icon-list\" data-id=\"9b9e099\" data-element_type=\"widget\" data-widget_type=\"icon-list.default\">\n\t\t\t\t<div class=\"elementor-widget-container\">\n\t\t\t\t\t\t\t<ul class=\"elementor-icon-list-items\">\n\t\t\t\t\t\t\t<li class=\"elementor-icon-list-item\">\n\t\t\t\t\t\t\t\t\t\t\t<span class=\"elementor-icon-list-icon\">\n\t\t\t\t\t\t\t<i aria-hidden=\"true\" class=\"fas fa-angle-right\"><\/i>\t\t\t\t\t\t<\/span>\n\t\t\t\t\t\t\t\t\t\t<span class=\"elementor-icon-list-text\"><strong>Inline<\/strong>, insertados directamente en tu sitio web;<\/span>\n\t\t\t\t\t\t\t\t\t<\/li>\n\t\t\t\t\t\t\t\t<li class=\"elementor-icon-list-item\">\n\t\t\t\t\t\t\t\t\t\t\t<span class=\"elementor-icon-list-icon\">\n\t\t\t\t\t\t\t<i aria-hidden=\"true\" class=\"fas fa-angle-right\"><\/i>\t\t\t\t\t\t<\/span>\n\t\t\t\t\t\t\t\t\t\t<span class=\"elementor-icon-list-text\"><strong>Popup<\/strong>, que aparecen como una ventana emergente en las p&aacute;ginas que elijas;<\/span>\n\t\t\t\t\t\t\t\t\t<\/li>\n\t\t\t\t\t\t\t\t<li class=\"elementor-icon-list-item\">\n\t\t\t\t\t\t\t\t\t\t\t<span class=\"elementor-icon-list-icon\">\n\t\t\t\t\t\t\t<i aria-hidden=\"true\" class=\"fas fa-angle-right\"><\/i>\t\t\t\t\t\t<\/span>\n\t\t\t\t\t\t\t\t\t\t<span class=\"elementor-icon-list-text\"><strong>En una p&aacute;gina externa<\/strong>, creando un formulario de suscripci&oacute;n en una p&aacute;gina fuera de tu sitio web.<\/span>\n\t\t\t\t\t\t\t\t\t<\/li>\n\t\t\t\t\t\t<\/ul>\n\t\t\t\t\t\t<\/div>\n\t\t\t\t<\/div>\n\t\t\t\t<div class=\"elementor-element elementor-element-3077e82 elementor-widget elementor-widget-text-editor\" data-id=\"3077e82\" data-element_type=\"widget\" data-widget_type=\"text-editor.default\">\n\t\t\t\t<div class=\"elementor-widget-container\">\n\t\t\t\t\t\t\t\t\t<p>El editor de formularios de Emailchef te permite dise&ntilde;ar tus formularios en solo unos minutos. Puedes elegir un modelo ya hecho de nuestros dise&ntilde;adores o crear tu propio formulario desde cero, simplemente arrastrando y soltando los elementos que necesitas.<\/p>\n<p>Puedes seleccionar los colores que prefieras, quiz&aacute;s en l&iacute;nea con los de tu marca, agregar un pie de p&aacute;gina (como un enlace a la pol&iacute;tica de privacidad), traducciones a otros idiomas, campos personalizados y mucho m&aacute;s.<\/p>\n<p>Pero eso no es todo \ud83d\udd25.<\/p>\n<p>Cuando alguien se suscribe a tu lista, ver&aacute; una p&aacute;gina de agradecimiento inmediatamente (y s&iacute;, tambi&eacute;n es personalizable).<\/p>\n<p>Cuando todo est&eacute; listo, simplemente integra el c&oacute;digo HTML de tu formulario en tu sitio web.<\/p>\t\t\t\t\t\t\t\t<\/div>\n\t\t\t\t<\/div>\n\t\t\t\t<div class=\"elementor-element elementor-element-8154945 elementor-widget elementor-widget-text-editor\" data-id=\"8154945\" data-element_type=\"widget\" data-widget_type=\"text-editor.default\">\n\t\t\t\t<div class=\"elementor-widget-container\">\n\t\t\t\t\t\t\t\t\t<p><strong>Consejo profesional:<\/strong> Crea un correo electr&oacute;nico de bienvenida autom&aacute;tico que se env&iacute;e inmediatamente despu&eacute;s de la suscripci&oacute;n de cada usuario. Es el correo m&aacute;s importante que deber&iacute;as enviar a tus contactos.&nbsp;<\/p>\n<p>&iquest;El motivo?&nbsp;<\/p>\n<p>&iexcl;Puede alcanzar tasas de apertura de hasta el 89 %!<\/p>\t\t\t\t\t\t\t\t<\/div>\n\t\t\t\t<\/div>\n\t\t\t\t<section class=\"elementor-section elementor-inner-section elementor-element elementor-element-b7f44c0 elementor-section-boxed elementor-section-height-default elementor-section-height-default\" data-id=\"b7f44c0\" data-element_type=\"section\">\n\t\t\t\t\t\t<div class=\"elementor-container elementor-column-gap-default\">\n\t\t\t\t\t<div class=\"elementor-column elementor-col-100 elementor-inner-column elementor-element elementor-element-a46c4b2\" data-id=\"a46c4b2\" data-element_type=\"column\">\n\t\t\t<div class=\"elementor-widget-wrap elementor-element-populated\">\n\t\t\t\t\t\t<div class=\"elementor-element elementor-element-0501d42 elementor-widget elementor-widget-heading\" data-id=\"0501d42\" data-element_type=\"widget\" data-widget_type=\"heading.default\">\n\t\t\t\t<div class=\"elementor-widget-container\">\n\t\t\t\t\t<h3 class=\"elementor-heading-title elementor-size-default\">\u00bfHas creado un formulario de suscripci\u00f3n inline?<\/h3>\t\t\t\t<\/div>\n\t\t\t\t<\/div>\n\t\t\t\t<div class=\"elementor-element elementor-element-adfd081 elementor-widget elementor-widget-text-editor\" data-id=\"adfd081\" data-element_type=\"widget\" data-widget_type=\"text-editor.default\">\n\t\t\t\t<div class=\"elementor-widget-container\">\n\t\t\t\t\t\t\t\t\t<p>Col\u00f3calo en un lugar destacado, en una posici\u00f3n visible. Tal vez en la parte superior derecha de la p\u00e1gina de inicio, para que sea f\u00e1cil de encontrar para los visitantes de tu sitio web.<\/p>\t\t\t\t\t\t\t\t<\/div>\n\t\t\t\t<\/div>\n\t\t\t\t\t<\/div>\n\t\t<\/div>\n\t\t\t\t\t<\/div>\n\t\t<\/section>\n\t\t\t\t<div class=\"elementor-element elementor-element-9fc96c6 elementor-widget elementor-widget-text-editor\" data-id=\"9fc96c6\" data-element_type=\"widget\" data-widget_type=\"text-editor.default\">\n\t\t\t\t<div class=\"elementor-widget-container\">\n\t\t\t\t\t\t\t\t\t<p>Col&oacute;calo en un lugar destacado, en una posici&oacute;n visible. Tal vez en la parte superior derecha de la p&aacute;gina de inicio, para que sea f&aacute;cil de encontrar para los visitantes de tu sitio web.<\/p>\n<p>Gracias a los formularios de suscripci&oacute;n, <strong>la informaci&oacute;n se recopila autom&aacute;ticamente en tu lista<\/strong> de contactos y puedes usarla para segmentar a tu audiencia en funci&oacute;n de los datos que hayas recopilado, como la edad, el g&eacute;nero o el idioma (enviando campa&ntilde;as personalizadas a cada segmento).<\/p>\n<p>Cada formulario est&aacute; vinculado a una lista, pero puedes asociar una lista con varios formularios diferentes. De esta manera, los contactos obtenidos a trav&eacute;s de tus formularios se recopilar&aacute;n en una &uacute;nica lista de correo.<\/p>\n<p>&iquest;No sabes por d&oacute;nde empezar? Hemos creado tutoriales en v&iacute;deo que podr&iacute;an serte &uacute;tiles \ud83d\udc47<\/p>\t\t\t\t\t\t\t\t<\/div>\n\t\t\t\t<\/div>\n\t\t\t\t<div class=\"elementor-element elementor-element-d5f1a1c elementor-widget elementor-widget-html\" data-id=\"d5f1a1c\" data-element_type=\"widget\" data-widget_type=\"html.default\">\n\t\t\t\t<div class=\"elementor-widget-container\">\n\t\t\t\t\t<div class=\"lyte-wrapper\" title=\"[ES] C&oacute;mo crear un formulario de suscripci&oacute;n con eMailChef\" style=\"width:640px;max-width:100%;margin:5px;\"><div class=\"lyMe\" id=\"WYL_wRD47RmJXDg\"><div id=\"lyte_wRD47RmJXDg\" data-src=\"https:\/\/emailchef.com\/wp-content\/plugins\/wp-youtube-lyte\/lyteCache.php?origThumbUrl=https%3A%2F%2Fi.ytimg.com%2Fvi%2FwRD47RmJXDg%2Fhqdefault.jpg\" class=\"pL\"><div class=\"tC\"><div class=\"tT\">[ES] C\u00f3mo crear un formulario de suscripci\u00f3n con eMailChef<\/div><\/div><div class=\"play\"><\/div><div class=\"ctrl\"><div class=\"Lctrl\"><\/div><div class=\"Rctrl\"><\/div><\/div><\/div><noscript><a href=\"https:\/\/youtu.be\/wRD47RmJXDg\" rel=\"nofollow\"><img decoding=\"async\" src=\"https:\/\/emailchef.com\/wp-content\/plugins\/wp-youtube-lyte\/lyteCache.php?origThumbUrl=https%3A%2F%2Fi.ytimg.com%2Fvi%2FwRD47RmJXDg%2F0.jpg\" alt=\"[ES] C&oacute;mo crear un formulario de suscripci&oacute;n con eMailChef\" width=\"640\" height=\"340\" \/><br \/>Mire este video en YouTube<\/a><\/noscript><\/div><\/div><div class=\"lL\" style=\"max-width:100%;width:640px;margin:5px;\"><\/div>\n<div class=\"ec-video-button hide centered\">\n\t<a href=\"https:\/\/youtu.be\/wRD47RmJXDg\" rel=\"prettyPhoto\" title=\"Riproduci Video\">Riproduci Video <i class=\"fa fa-play-circle fa-2x\"><\/i><\/a>\n<\/div>\t\t\t\t<\/div>\n\t\t\t\t<\/div>\n\t\t\t\t\t<\/div>\n\t\t<\/div>\n\t\t\t\t\t<\/div>\n\t\t<\/section>\n\t\t\t\t<\/div>\n\t\t","protected":false},"excerpt":{"rendered":"<p>Un formulario de suscripci&oacute;n en tu sitio web es la forma m&aacute;s r&aacute;pida y eficaz de recopilar nuevos suscriptores para tu lista de correo.&nbsp; &iquest;Por qu&eacute;? Te permite hacer crecer tus listas con contactos realmente interesados en lo que ofreces. Cuando alguien deja su direcci&oacute;n de correo electr&oacute;nico en tu formulario de suscripci&oacute;n, b&aacute;sicamente te [&hellip;]<\/p>\n","protected":false},"author":5,"featured_media":0,"parent":3006,"menu_order":4,"comment_status":"closed","ping_status":"closed","template":"","meta":{"_acf_changed":false,"inline_featured_image":false,"footnotes":""},"g1_relation_tag":[],"class_list":["post-3313","page","type-page","status-publish","hentry"],"acf":[],"yoast_head":"<!-- This site is optimized with the Yoast SEO plugin v24.8.1 - https:\/\/yoast.com\/wordpress\/plugins\/seo\/ -->\n<title>Editor de formulario de suscripci\u00f3n<\/title>\n<meta name=\"description\" content=\"La mejor forma de obtener nuevos contactos interesados en sus newsletters es siempre ofrecer un buen formulario de suscripci\u00f3n en su sitio web.\" \/>\n<meta name=\"robots\" content=\"index, follow, max-snippet:-1, max-image-preview:large, max-video-preview:-1\" \/>\n<link rel=\"canonical\" href=\"https:\/\/emailchef.com\/es\/caracteristicas\/editor-de-formulario-de-suscripcion\/\" \/>\n<meta name=\"twitter:label1\" content=\"Tiempo de lectura\" \/>\n\t<meta name=\"twitter:data1\" content=\"3 minutos\" \/>\n<!-- \/ Yoast SEO plugin. -->","yoast_head_json":{"title":"Editor de formulario de suscripci\u00f3n","description":"La mejor forma de obtener nuevos contactos interesados en sus newsletters es siempre ofrecer un buen formulario de suscripci\u00f3n en su sitio web.","robots":{"index":"index","follow":"follow","max-snippet":"max-snippet:-1","max-image-preview":"max-image-preview:large","max-video-preview":"max-video-preview:-1"},"canonical":"https:\/\/emailchef.com\/es\/caracteristicas\/editor-de-formulario-de-suscripcion\/","twitter_misc":{"Tiempo de lectura":"3 minutos"},"schema":{"@context":"https:\/\/schema.org","@graph":[{"@type":"WebPage","@id":"https:\/\/emailchef.com\/es\/caracteristicas\/editor-de-formulario-de-suscripcion\/","url":"https:\/\/emailchef.com\/es\/caracteristicas\/editor-de-formulario-de-suscripcion\/","name":"Editor de formulario de suscripci\u00f3n","isPartOf":{"@id":"https:\/\/emailchef.com\/es\/#website"},"primaryImageOfPage":{"@id":"https:\/\/emailchef.com\/es\/caracteristicas\/editor-de-formulario-de-suscripcion\/#primaryimage"},"image":{"@id":"https:\/\/emailchef.com\/es\/caracteristicas\/editor-de-formulario-de-suscripcion\/#primaryimage"},"thumbnailUrl":"https:\/\/emailchef.com\/wp-content\/uploads\/2022\/06\/form-editor.png","datePublished":"2014-09-04T10:26:34+00:00","dateModified":"2024-10-17T08:56:12+00:00","description":"La mejor forma de obtener nuevos contactos interesados en sus newsletters es siempre ofrecer un buen formulario de suscripci\u00f3n en su sitio web.","breadcrumb":{"@id":"https:\/\/emailchef.com\/es\/caracteristicas\/editor-de-formulario-de-suscripcion\/#breadcrumb"},"inLanguage":"es","potentialAction":[{"@type":"ReadAction","target":["https:\/\/emailchef.com\/es\/caracteristicas\/editor-de-formulario-de-suscripcion\/"]}]},{"@type":"ImageObject","inLanguage":"es","@id":"https:\/\/emailchef.com\/es\/caracteristicas\/editor-de-formulario-de-suscripcion\/#primaryimage","url":"https:\/\/emailchef.com\/wp-content\/uploads\/2022\/06\/form-editor.png","contentUrl":"https:\/\/emailchef.com\/wp-content\/uploads\/2022\/06\/form-editor.png"},{"@type":"BreadcrumbList","@id":"https:\/\/emailchef.com\/es\/caracteristicas\/editor-de-formulario-de-suscripcion\/#breadcrumb","itemListElement":[{"@type":"ListItem","position":1,"name":"Home","item":"https:\/\/emailchef.com\/es\/emailchef-email-marketing-services\/"},{"@type":"ListItem","position":2,"name":"Descubre las funciones de Emailchef","item":"https:\/\/emailchef.com\/es\/caracteristicas\/"},{"@type":"ListItem","position":3,"name":"Editor de formularios de suscripci\u00f3n"}]},{"@type":"WebSite","@id":"https:\/\/emailchef.com\/es\/#website","url":"https:\/\/emailchef.com\/es\/","name":"Emailchef","description":"Tasty recipes for email marketing","publisher":{"@id":"https:\/\/emailchef.com\/es\/#organization"},"potentialAction":[{"@type":"SearchAction","target":{"@type":"EntryPoint","urlTemplate":"https:\/\/emailchef.com\/es\/?s={search_term_string}"},"query-input":{"@type":"PropertyValueSpecification","valueRequired":true,"valueName":"search_term_string"}}],"inLanguage":"es"},{"@type":"Organization","@id":"https:\/\/emailchef.com\/es\/#organization","name":"Delivery Tech Corp.","url":"https:\/\/emailchef.com\/es\/","logo":{"@type":"ImageObject","inLanguage":"es","@id":"https:\/\/emailchef.com\/es\/#\/schema\/logo\/image\/","url":"https:\/\/emailchef.com\/wp-content\/uploads\/2022\/04\/logo-sama.png","contentUrl":"https:\/\/emailchef.com\/wp-content\/uploads\/2022\/04\/logo-sama.png","width":237,"height":80,"caption":"Delivery Tech Corp."},"image":{"@id":"https:\/\/emailchef.com\/es\/#\/schema\/logo\/image\/"}}]}},"_links":{"self":[{"href":"https:\/\/emailchef.com\/es\/wp-json\/wp\/v2\/pages\/3313"}],"collection":[{"href":"https:\/\/emailchef.com\/es\/wp-json\/wp\/v2\/pages"}],"about":[{"href":"https:\/\/emailchef.com\/es\/wp-json\/wp\/v2\/types\/page"}],"author":[{"embeddable":true,"href":"https:\/\/emailchef.com\/es\/wp-json\/wp\/v2\/users\/5"}],"replies":[{"embeddable":true,"href":"https:\/\/emailchef.com\/es\/wp-json\/wp\/v2\/comments?post=3313"}],"version-history":[{"count":17,"href":"https:\/\/emailchef.com\/es\/wp-json\/wp\/v2\/pages\/3313\/revisions"}],"predecessor-version":[{"id":76096,"href":"https:\/\/emailchef.com\/es\/wp-json\/wp\/v2\/pages\/3313\/revisions\/76096"}],"up":[{"embeddable":true,"href":"https:\/\/emailchef.com\/es\/wp-json\/wp\/v2\/pages\/3006"}],"wp:attachment":[{"href":"https:\/\/emailchef.com\/es\/wp-json\/wp\/v2\/media?parent=3313"}],"wp:term":[{"taxonomy":"g1_relation_tag","embeddable":true,"href":"https:\/\/emailchef.com\/es\/wp-json\/wp\/v2\/g1_relation_tag?post=3313"}],"curies":[{"name":"wp","href":"https:\/\/api.w.org\/{rel}","templated":true}]}}