{"id":3311,"date":"2014-09-04T10:10:54","date_gmt":"2014-09-04T10:10:54","guid":{"rendered":"http:\/\/emailchef.com\/es\/?page_id=3311"},"modified":"2022-07-04T09:28:53","modified_gmt":"2022-07-04T09:28:53","slug":"edite-y-envie-campana","status":"publish","type":"page","link":"https:\/\/emailchef.com\/es\/caracteristicas\/edite-y-envie-campana\/","title":{"rendered":"Edite y env\u00ede su campa\u00f1a"},"content":{"rendered":"\t\t<div data-elementor-type=\"wp-page\" data-elementor-id=\"3311\" class=\"elementor elementor-3311 elementor-128\" data-elementor-post-type=\"page\">\n\t\t\t\t\t\t<section class=\"elementor-section elementor-top-section elementor-element elementor-element-51543e6 elementor-section-boxed elementor-section-height-default elementor-section-height-default\" data-id=\"51543e6\" data-element_type=\"section\">\n\t\t\t\t\t\t<div class=\"elementor-container elementor-column-gap-default\">\n\t\t\t\t\t<div class=\"elementor-column elementor-col-100 elementor-top-column elementor-element elementor-element-cb0da8b\" data-id=\"cb0da8b\" data-element_type=\"column\">\n\t\t\t<div class=\"elementor-widget-wrap elementor-element-populated\">\n\t\t\t\t\t\t<div class=\"elementor-element elementor-element-5b87414 elementor-widget elementor-widget-image\" data-id=\"5b87414\" data-element_type=\"widget\" data-widget_type=\"image.default\">\n\t\t\t\t<div class=\"elementor-widget-container\">\n\t\t\t\t\t\t\t\t\t\t\t\t\t\t\t<img fetchpriority=\"high\" decoding=\"async\" width=\"744\" height=\"600\" src=\"https:\/\/emailchef.com\/wp-content\/uploads\/2022\/06\/send-campaign.png\" class=\"attachment-full size-full wp-image-57162\" alt=\"Edite y env\u00ede su campa\u00f1a\" \/>\t\t\t\t\t\t\t\t\t\t\t\t\t\t\t<\/div>\n\t\t\t\t<\/div>\n\t\t\t\t\t<\/div>\n\t\t<\/div>\n\t\t\t\t\t<\/div>\n\t\t<\/section>\n\t\t\t\t<section class=\"elementor-section elementor-top-section elementor-element elementor-element-23472e04 elementor-section-boxed elementor-section-height-default elementor-section-height-default\" data-id=\"23472e04\" data-element_type=\"section\">\n\t\t\t\t\t\t<div class=\"elementor-container elementor-column-gap-default\">\n\t\t\t\t\t<div class=\"elementor-column elementor-col-100 elementor-top-column elementor-element elementor-element-376181da\" data-id=\"376181da\" data-element_type=\"column\">\n\t\t\t<div class=\"elementor-widget-wrap elementor-element-populated\">\n\t\t\t\t\t\t<div class=\"elementor-element elementor-element-6c97c4f elementor-widget elementor-widget-text-editor\" data-id=\"6c97c4f\" data-element_type=\"widget\" data-widget_type=\"text-editor.default\">\n\t\t\t\t<div class=\"elementor-widget-container\">\n\t\t\t\t\t\t\t\t\tDesde la creaci\u00f3n del email, hasta el an\u00e1lisis de informaci\u00f3n, las herramientas de Emailchef le permiten gestionar cada paso de la campa\u00f1a en forma f\u00e1cil. Usted nunca necesitar\u00e1 ning\u00fan servicio de terceros y podr\u00e1 simplemente enforcarse en mejorar la efectividad de su newsletter.\n<div class=\"g1-space\" style=\"height: 25px;\"><\/div>\n\n<h3>Creaci\u00f3n<\/h3>\nLa creaci\u00f3n de un newsletter \u2013 o cualquier <strong>campa\u00f1a de marketing por email<\/strong> \u2013 es simple con Emailchef. Seleccione entre <strong>tres opciones de dise\u00f1o diferentes<\/strong>:\n\n<div class=\"g1-space\" style=\"height: 20px;\"><\/div>\n\n\n<ul id=\"\" class=\"g1-list g1-list--icon g1-list--simple \">\n \t<li><i class=\"fa fa-arrow-right g1-list__icon\"><\/i>Seleccione una <strong>plantilla predise\u00f1ada<\/strong> desde nuestra colecci\u00f3n. Ofrecemos un gran n\u00famero de plantillas de emails, todas ellas pueden ser libremente personalizadas;<\/li>\n \t<li><i class=\"fa fa-arrow-right g1-list__icon\"><\/i>Cree un <strong>nuevo dise\u00f1o desde cero<\/strong>. El vers\u00e1til editor drag and drop de Emailchef incluye un poderoso editor fotogr\u00e1fico;<\/li>\n \t<li><i class=\"fa fa-arrow-right g1-list__icon\"><\/i>O redacte el c\u00f3digo usted mismo con nuestro <strong>editor HTML avanzado<\/strong>.<\/li>\n<\/ul>\n\n\n<div class=\"g1-space\" style=\"height: 20px;\"><\/div>\n\nConozca los detalles del <a href=\"https:\/\/emailchef.com\/es\/caracteristicas\/el-template-creator-mas-rapido\/\">Template Creator<\/a> de Emailchef.\n\n<div class=\"g1-space\" style=\"height: 25px;\"><\/div>\n<div style=\"text-align: center;\"><div class=\"lyte-wrapper\" title=\"[EN] Create and send immediately or schedule your campaign\" style=\"width:640px;max-width:100%;margin:5px;\"><div class=\"lyMe\" id=\"WYL_kLrX4pJc-LQ\"><div id=\"lyte_kLrX4pJc-LQ\" data-src=\"https:\/\/emailchef.com\/wp-content\/plugins\/wp-youtube-lyte\/lyteCache.php?origThumbUrl=https%3A%2F%2Fi.ytimg.com%2Fvi%2FkLrX4pJc-LQ%2Fhqdefault.jpg\" class=\"pL\"><div class=\"tC\"><div class=\"tT\">[EN] Create and send immediately or schedule your campaign<\/div><\/div><div class=\"play\"><\/div><div class=\"ctrl\"><div class=\"Lctrl\"><\/div><div class=\"Rctrl\"><\/div><\/div><\/div><noscript><a href=\"https:\/\/youtu.be\/kLrX4pJc-LQ\" rel=\"nofollow\"><img decoding=\"async\" src=\"https:\/\/emailchef.com\/wp-content\/plugins\/wp-youtube-lyte\/lyteCache.php?origThumbUrl=https%3A%2F%2Fi.ytimg.com%2Fvi%2FkLrX4pJc-LQ%2F0.jpg\" alt=\"[EN] Create and send immediately or schedule your campaign\" width=\"640\" height=\"340\" \/><br \/>Mire este video en YouTube<\/a><\/noscript><\/div><\/div><div class=\"lL\" style=\"max-width:100%;width:640px;margin:5px;\"><\/div>\n<div class=\"ec-video-button hide centered\">\n\t<a href=\"https:\/\/youtu.be\/kLrX4pJc-LQ\" rel=\"prettyPhoto\" title=\"Reproducir v\u00eddeo\">Reproducir v\u00eddeo <i class=\"fa fa-play-circle fa-2x\"><\/i><\/a>\n<\/div><\/div>\n<div class=\"g1-space\" style=\"height: 25px;\"><\/div>\n\n<h3>Personalizaci\u00f3n<\/h3>\nPersonalice su newsletter para <strong>coincidir con su identidad corporativa<\/strong>. Y mueva bloques y elementos libremente y luego redacte un asunto comprometedor \u2013 y no olvide <strong>el preencabezado<\/strong>.\n\n<div class=\"g1-space\" style=\"height: 35px;\"><\/div>\n<img decoding=\"async\" class=\"aligncenter\" src=\"https:\/\/emailchef.com\/wp-content\/uploads\/2019\/04\/Pic_mob_preheader-300x219.png\" alt=\"\" width=\"300\" height=\"219\" \/>\n<div class=\"g1-space\" style=\"height: 35px;\"><\/div>\n\nEn conjunto con el asunto del email, el preencabezado <strong>es lo primero que un destinatario de newsletter lee<\/strong>. Ambos son esenciales para alentar a las audiencias a <strong>interactuar con el mensaje<\/strong>. Es aqu\u00ed donde los lectores comienzan su viaje, a\u00fan antes de abrir el email, al tiempo que se dirigen a <strong>presionar el llamado a la acci\u00f3n<\/strong>, ya sea un v\u00ednculo o un bot\u00f3n de compra.\n\nIngrese los detalles del remitente, luego seleccione alguna o todas las entradas en su<strong> lista de direcciones de email<\/strong>. Recuerde que siempre puede regresar y cambiar la campa\u00f1a hasta el momento justo del env\u00edo.\n\nConozca m\u00e1s sobre la <a href=\"https:\/\/emailchef.com\/es\/caracteristicas\/gestion-de-contactos-sencilla\/\"><strong>gesti\u00f3n de contactos<\/strong> con Emailchef.<\/a>\n<div class=\"g1-space\" style=\"height: 25px;\"><\/div>\n\n<h3>Env\u00edo<\/h3>\nPuede enviar la campa\u00f1a en forma inmediata o programarla para enviarla en cualquier momento.\n\nEmailchef lo gu\u00eda a lo largo del proceso paso a paso, si alguna informaci\u00f3n es necesaria, tal como un asunto del mensaje o un v\u00ednculo de cancelaci\u00f3n de suscripci\u00f3n, usted<strong> recibir\u00e1 una notificaci\u00f3n<\/strong>. Tambi\u00e9n puede enviar su campa\u00f1a <strong>como prueba<\/strong> a una direcci\u00f3n de email antes de enviarla a su lista de distribuci\u00f3n. Una prueba le permite comprobar la visualizaci\u00f3n del email en diferentes clientes de email. Los newsletters enviados desde Emailchef siempre <strong>se muestran perfectamente en cualquier dispositivo<\/strong>!\n\n<div class=\"g1-space\" style=\"height: 35px;\"><\/div>\n<img loading=\"lazy\" decoding=\"async\" class=\"aligncenter\" src=\"https:\/\/emailchef.com\/wp-content\/uploads\/2019\/05\/add-create-analyze-300x197.png\" alt=\"Add, create &amp; analyze\" width=\"300\" height=\"197\" \/>\n<div class=\"g1-space\" style=\"height: 35px;\"><\/div>\n\nEmailchef ofrece una <strong>prueba de SPAM<\/strong> para comprobar si el email puede ser optimizado para evitar los filtros anti-SPAM de los servidores de correo entrante.\n<div class=\"g1-space\" style=\"height: 25px;\"><\/div>\n\n<h3>An\u00e1lisis<\/h3>\nSe requiere un <strong>an\u00e1lisis detallado de los resultados de sus emails<\/strong> para mejorar la efectividad de sus campa\u00f1as.\n\nEmailchef ofrece una<strong> secci\u00f3n de estad\u00edsticas<\/strong> completa y detallada. Nuestros atractivos gr\u00e1ficos revelan el impacto de su newsletter (o autoresponder) sobre sus contactos y analizan el rendimiento de cada v\u00ednculo dentro del email, mostrando claramente la efectividad de cada llamado a la acci\u00f3n. Usted puede imprimir un <strong>reporte limpio y completo<\/strong> desde esta secci\u00f3n.\n\nAprenda m\u00e1s sobre la <a href=\"https:\/\/emailchef.com\/es\/caracteristicas\/reportes-avanzados-en-tiempo-real\/\">herramienta de estad\u00edsticas de Emailchef<\/a>.\t\t\t\t\t\t\t\t<\/div>\n\t\t\t\t<\/div>\n\t\t\t\t\t<\/div>\n\t\t<\/div>\n\t\t\t\t\t<\/div>\n\t\t<\/section>\n\t\t\t\t<\/div>\n\t\t","protected":false},"excerpt":{"rendered":"<p>Desde la creaci\u00f3n del email, hasta el an\u00e1lisis de informaci\u00f3n, las herramientas de Emailchef le permiten gestionar cada paso de la campa\u00f1a en forma f\u00e1cil. Usted nunca necesitar\u00e1 ning\u00fan servicio de terceros y podr\u00e1 simplemente enforcarse en mejorar la efectividad de su newsletter. Creaci\u00f3n La creaci\u00f3n de un newsletter \u2013 o cualquier campa\u00f1a de marketing [&hellip;]<\/p>\n","protected":false},"author":5,"featured_media":0,"parent":3006,"menu_order":2,"comment_status":"closed","ping_status":"closed","template":"","meta":{"_acf_changed":false,"inline_featured_image":false,"footnotes":""},"g1_relation_tag":[],"class_list":["post-3311","page","type-page","status-publish","hentry"],"acf":[],"yoast_head":"<!-- This site is optimized with the Yoast SEO plugin v24.8.1 - https:\/\/yoast.com\/wordpress\/plugins\/seo\/ -->\n<title>Edite y env\u00ede su campa\u00f1a - Emailchef<\/title>\n<meta name=\"description\" content=\"Crear y editar un email masivo o un newsletter \u2013 en resumen, una campa\u00f1a \u2013 es realmente simple con Emailchef.\" \/>\n<meta name=\"robots\" content=\"index, follow, max-snippet:-1, max-image-preview:large, max-video-preview:-1\" \/>\n<link rel=\"canonical\" href=\"https:\/\/emailchef.com\/es\/caracteristicas\/edite-y-envie-campana\/\" \/>\n<meta name=\"twitter:label1\" content=\"Tiempo de lectura\" \/>\n\t<meta name=\"twitter:data1\" content=\"3 minutos\" \/>\n<!-- \/ Yoast SEO plugin. -->","yoast_head_json":{"title":"Edite y env\u00ede su campa\u00f1a - Emailchef","description":"Crear y editar un email masivo o un newsletter \u2013 en resumen, una campa\u00f1a \u2013 es realmente simple con Emailchef.","robots":{"index":"index","follow":"follow","max-snippet":"max-snippet:-1","max-image-preview":"max-image-preview:large","max-video-preview":"max-video-preview:-1"},"canonical":"https:\/\/emailchef.com\/es\/caracteristicas\/edite-y-envie-campana\/","twitter_misc":{"Tiempo de lectura":"3 minutos"},"schema":{"@context":"https:\/\/schema.org","@graph":[{"@type":"WebPage","@id":"https:\/\/emailchef.com\/es\/caracteristicas\/edite-y-envie-campana\/","url":"https:\/\/emailchef.com\/es\/caracteristicas\/edite-y-envie-campana\/","name":"Edite y env\u00ede su campa\u00f1a - Emailchef","isPartOf":{"@id":"https:\/\/emailchef.com\/es\/#website"},"primaryImageOfPage":{"@id":"https:\/\/emailchef.com\/es\/caracteristicas\/edite-y-envie-campana\/#primaryimage"},"image":{"@id":"https:\/\/emailchef.com\/es\/caracteristicas\/edite-y-envie-campana\/#primaryimage"},"thumbnailUrl":"https:\/\/emailchef.com\/wp-content\/uploads\/2022\/06\/send-campaign.png","datePublished":"2014-09-04T10:10:54+00:00","dateModified":"2022-07-04T09:28:53+00:00","description":"Crear y editar un email masivo o un newsletter \u2013 en resumen, una campa\u00f1a \u2013 es realmente simple con Emailchef.","breadcrumb":{"@id":"https:\/\/emailchef.com\/es\/caracteristicas\/edite-y-envie-campana\/#breadcrumb"},"inLanguage":"es","potentialAction":[{"@type":"ReadAction","target":["https:\/\/emailchef.com\/es\/caracteristicas\/edite-y-envie-campana\/"]}]},{"@type":"ImageObject","inLanguage":"es","@id":"https:\/\/emailchef.com\/es\/caracteristicas\/edite-y-envie-campana\/#primaryimage","url":"https:\/\/emailchef.com\/wp-content\/uploads\/2022\/06\/send-campaign.png","contentUrl":"https:\/\/emailchef.com\/wp-content\/uploads\/2022\/06\/send-campaign.png"},{"@type":"BreadcrumbList","@id":"https:\/\/emailchef.com\/es\/caracteristicas\/edite-y-envie-campana\/#breadcrumb","itemListElement":[{"@type":"ListItem","position":1,"name":"Home","item":"https:\/\/emailchef.com\/es\/emailchef-email-marketing-services\/"},{"@type":"ListItem","position":2,"name":"Descubre las funciones de Emailchef","item":"https:\/\/emailchef.com\/es\/caracteristicas\/"},{"@type":"ListItem","position":3,"name":"Edite y env\u00ede su campa\u00f1a"}]},{"@type":"WebSite","@id":"https:\/\/emailchef.com\/es\/#website","url":"https:\/\/emailchef.com\/es\/","name":"Emailchef","description":"Tasty recipes for email marketing","publisher":{"@id":"https:\/\/emailchef.com\/es\/#organization"},"potentialAction":[{"@type":"SearchAction","target":{"@type":"EntryPoint","urlTemplate":"https:\/\/emailchef.com\/es\/?s={search_term_string}"},"query-input":{"@type":"PropertyValueSpecification","valueRequired":true,"valueName":"search_term_string"}}],"inLanguage":"es"},{"@type":"Organization","@id":"https:\/\/emailchef.com\/es\/#organization","name":"Delivery Tech Corp.","url":"https:\/\/emailchef.com\/es\/","logo":{"@type":"ImageObject","inLanguage":"es","@id":"https:\/\/emailchef.com\/es\/#\/schema\/logo\/image\/","url":"https:\/\/emailchef.com\/wp-content\/uploads\/2022\/04\/logo-sama.png","contentUrl":"https:\/\/emailchef.com\/wp-content\/uploads\/2022\/04\/logo-sama.png","width":237,"height":80,"caption":"Delivery Tech Corp."},"image":{"@id":"https:\/\/emailchef.com\/es\/#\/schema\/logo\/image\/"}}]}},"_links":{"self":[{"href":"https:\/\/emailchef.com\/es\/wp-json\/wp\/v2\/pages\/3311"}],"collection":[{"href":"https:\/\/emailchef.com\/es\/wp-json\/wp\/v2\/pages"}],"about":[{"href":"https:\/\/emailchef.com\/es\/wp-json\/wp\/v2\/types\/page"}],"author":[{"embeddable":true,"href":"https:\/\/emailchef.com\/es\/wp-json\/wp\/v2\/users\/5"}],"replies":[{"embeddable":true,"href":"https:\/\/emailchef.com\/es\/wp-json\/wp\/v2\/comments?post=3311"}],"version-history":[{"count":16,"href":"https:\/\/emailchef.com\/es\/wp-json\/wp\/v2\/pages\/3311\/revisions"}],"predecessor-version":[{"id":57842,"href":"https:\/\/emailchef.com\/es\/wp-json\/wp\/v2\/pages\/3311\/revisions\/57842"}],"up":[{"embeddable":true,"href":"https:\/\/emailchef.com\/es\/wp-json\/wp\/v2\/pages\/3006"}],"wp:attachment":[{"href":"https:\/\/emailchef.com\/es\/wp-json\/wp\/v2\/media?parent=3311"}],"wp:term":[{"taxonomy":"g1_relation_tag","embeddable":true,"href":"https:\/\/emailchef.com\/es\/wp-json\/wp\/v2\/g1_relation_tag?post=3311"}],"curies":[{"name":"wp","href":"https:\/\/api.w.org\/{rel}","templated":true}]}}