{"id":3308,"date":"2014-09-04T09:55:03","date_gmt":"2014-09-04T09:55:03","guid":{"rendered":"http:\/\/emailchef.com\/es\/?page_id=3308"},"modified":"2024-10-10T12:49:19","modified_gmt":"2024-10-10T12:49:19","slug":"gestion-de-contactos-sencilla","status":"publish","type":"page","link":"https:\/\/emailchef.com\/es\/caracteristicas\/gestion-de-contactos-sencilla\/","title":{"rendered":"Gesti\u00f3n de contactos simplificada"},"content":{"rendered":"\t\t<div data-elementor-type=\"wp-page\" data-elementor-id=\"3308\" class=\"elementor elementor-3308 elementor-117\" data-elementor-post-type=\"page\">\n\t\t\t\t\t\t<section class=\"elementor-section elementor-top-section elementor-element elementor-element-fcefe2a elementor-section-boxed elementor-section-height-default elementor-section-height-default\" data-id=\"fcefe2a\" data-element_type=\"section\">\n\t\t\t\t\t\t<div class=\"elementor-container elementor-column-gap-default\">\n\t\t\t\t\t<div class=\"elementor-column elementor-col-100 elementor-top-column elementor-element elementor-element-1aaecc0\" data-id=\"1aaecc0\" data-element_type=\"column\">\n\t\t\t<div class=\"elementor-widget-wrap elementor-element-populated\">\n\t\t\t\t\t\t<div class=\"elementor-element elementor-element-b2cc28a elementor-widget elementor-widget-image\" data-id=\"b2cc28a\" data-element_type=\"widget\" data-widget_type=\"image.default\">\n\t\t\t\t<div class=\"elementor-widget-container\">\n\t\t\t\t\t\t\t\t\t\t\t\t\t\t\t<img fetchpriority=\"high\" decoding=\"async\" width=\"670\" height=\"600\" src=\"https:\/\/emailchef.com\/wp-content\/uploads\/2024\/10\/email_marekting_gestione_contatti_semplificata.png\" class=\"attachment-full size-full wp-image-75667\" alt=\"Simplified Contact Management\" srcset=\"https:\/\/emailchef.com\/wp-content\/uploads\/2024\/10\/email_marekting_gestione_contatti_semplificata.png 670w, https:\/\/emailchef.com\/wp-content\/uploads\/2024\/10\/email_marekting_gestione_contatti_semplificata-300x269.png 300w\" sizes=\"(max-width: 670px) 100vw, 670px\" \/>\t\t\t\t\t\t\t\t\t\t\t\t\t\t\t<\/div>\n\t\t\t\t<\/div>\n\t\t\t\t\t<\/div>\n\t\t<\/div>\n\t\t\t\t\t<\/div>\n\t\t<\/section>\n\t\t\t\t<section class=\"elementor-section elementor-top-section elementor-element elementor-element-70ad8d6 elementor-section-boxed elementor-section-height-default elementor-section-height-default\" data-id=\"70ad8d6\" data-element_type=\"section\">\n\t\t\t\t\t\t<div class=\"elementor-container elementor-column-gap-default\">\n\t\t\t\t\t<div class=\"elementor-column elementor-col-100 elementor-top-column elementor-element elementor-element-005d880\" data-id=\"005d880\" data-element_type=\"column\">\n\t\t\t<div class=\"elementor-widget-wrap elementor-element-populated\">\n\t\t\t\t\t\t<div class=\"elementor-element elementor-element-11db0ac elementor-widget elementor-widget-text-editor\" data-id=\"11db0ac\" data-element_type=\"widget\" data-widget_type=\"text-editor.default\">\n\t\t\t\t<div class=\"elementor-widget-container\">\n\t\t\t\t\t\t\t\t\t<p>Generar prospectos, clientes y ventas: estos son los objetivos de quienes se acercan al email marketing.<\/p><p>Y probablemente tambi\u00e9n sean los tuyos.<\/p><p>Pero una estrategia efectiva debe comenzar por un punto fundamental: la calidad de los contactos en la lista de correo.<\/p><p>Exacto, porque tener una lista actualizada, vigente, que contenga direcciones de correo v\u00e1lidas (y sobre todo de personas REALMENTE interesadas en lo que tienes que decir) es el primer paso hacia el \u00e9xito de tu estrategia.<\/p><p>Y por eso Emailchef te ofrece todas las herramientas para atraer prospectos de calidad, crear listas diferenciadas, segmentarlas seg\u00fan tus necesidades y mucho m\u00e1s.<\/p><p>En resumen, en nuestra plataforma todo es simple y est\u00e1 listo para usar. Solo necesitas pensar en tus objetivos y nosotros nos encargaremos de guiarte para que los alcances.<\/p><p>Pero vamos paso a paso.<\/p><p>Aqu\u00ed tienes los 3 pasos fundamentales para una lista de correo siempre actualizada (y capaz de convertir a los leads interesados en lo que ofreces en clientes \ud83d\udd25).<\/p>\t\t\t\t\t\t\t\t<\/div>\n\t\t\t\t<\/div>\n\t\t\t\t<div class=\"elementor-element elementor-element-8f6ee13 elementor-widget elementor-widget-heading\" data-id=\"8f6ee13\" data-element_type=\"widget\" data-widget_type=\"heading.default\">\n\t\t\t\t<div class=\"elementor-widget-container\">\n\t\t\t\t\t<h2 class=\"elementor-heading-title elementor-size-default\">1. Crea una nueva lista.<\/h2>\t\t\t\t<\/div>\n\t\t\t\t<\/div>\n\t\t\t\t<div class=\"elementor-element elementor-element-6a27c5e elementor-widget elementor-widget-text-editor\" data-id=\"6a27c5e\" data-element_type=\"widget\" data-widget_type=\"text-editor.default\">\n\t\t\t\t<div class=\"elementor-widget-container\">\n\t\t\t\t\t\t\t\t\t<p>Si ya tienes una lista de contactos que te han autorizado a enviarles tus comunicaciones, importarla a Emailchef es muy sencillo.<\/p><p>Puedes elegir entre:<\/p>\t\t\t\t\t\t\t\t<\/div>\n\t\t\t\t<\/div>\n\t\t\t\t<div class=\"elementor-element elementor-element-3e3ed49 elementor-icon-list--layout-traditional elementor-list-item-link-full_width elementor-widget elementor-widget-icon-list\" data-id=\"3e3ed49\" data-element_type=\"widget\" data-widget_type=\"icon-list.default\">\n\t\t\t\t<div class=\"elementor-widget-container\">\n\t\t\t\t\t\t\t<ul class=\"elementor-icon-list-items\">\n\t\t\t\t\t\t\t<li class=\"elementor-icon-list-item\">\n\t\t\t\t\t\t\t\t\t\t\t<span class=\"elementor-icon-list-icon\">\n\t\t\t\t\t\t\t<i aria-hidden=\"true\" class=\"fas fa-angle-right\"><\/i>\t\t\t\t\t\t<\/span>\n\t\t\t\t\t\t\t\t\t\t<span class=\"elementor-icon-list-text\">importar las direcciones desde un archivo .xls, .txt, .ods o .csv, y exportar a .json o .csv;<\/span>\n\t\t\t\t\t\t\t\t\t<\/li>\n\t\t\t\t\t\t\t\t<li class=\"elementor-icon-list-item\">\n\t\t\t\t\t\t\t\t\t\t\t<span class=\"elementor-icon-list-icon\">\n\t\t\t\t\t\t\t<i aria-hidden=\"true\" class=\"fas fa-angle-right\"><\/i>\t\t\t\t\t\t<\/span>\n\t\t\t\t\t\t\t\t\t\t<span class=\"elementor-icon-list-text\">importar un grupo de contactos de Gmail, Hotmail, etc.;<\/span>\n\t\t\t\t\t\t\t\t\t<\/li>\n\t\t\t\t\t\t\t\t<li class=\"elementor-icon-list-item\">\n\t\t\t\t\t\t\t\t\t\t\t<span class=\"elementor-icon-list-icon\">\n\t\t\t\t\t\t\t<i aria-hidden=\"true\" class=\"fas fa-angle-right\"><\/i>\t\t\t\t\t\t<\/span>\n\t\t\t\t\t\t\t\t\t\t<span class=\"elementor-icon-list-text\">agregar manualmente las direcciones una por una;<\/span>\n\t\t\t\t\t\t\t\t\t<\/li>\n\t\t\t\t\t\t\t\t<li class=\"elementor-icon-list-item\">\n\t\t\t\t\t\t\t\t\t\t\t<span class=\"elementor-icon-list-icon\">\n\t\t\t\t\t\t\t<i aria-hidden=\"true\" class=\"fas fa-angle-right\"><\/i>\t\t\t\t\t\t<\/span>\n\t\t\t\t\t\t\t\t\t\t<span class=\"elementor-icon-list-text\">copiar y pegar una lista ya existente.<\/span>\n\t\t\t\t\t\t\t\t\t<\/li>\n\t\t\t\t\t\t<\/ul>\n\t\t\t\t\t\t<\/div>\n\t\t\t\t<\/div>\n\t\t\t\t<div class=\"elementor-element elementor-element-9c90cc2 pricing2020-CTA-chat elementor-widget elementor-widget-text-editor\" data-id=\"9c90cc2\" data-element_type=\"widget\" data-widget_type=\"text-editor.default\">\n\t\t\t\t<div class=\"elementor-widget-container\">\n\t\t\t\t\t\t\t\t\t<p>Emailchef tambi\u00e9n cuenta con un asistente para importar contactos directamente desde Google Sheets o Google Contacts. En este caso, no ser\u00e1 necesario copiar los datos a un archivo Excel para luego importarlos a la plataforma.<\/p><p>\u00bfNecesitas ayuda con la migraci\u00f3n desde tu plataforma o con la importaci\u00f3n de tus listas a Emailchef?<\/p><p><span class=\"pricing2020-CTA-chat\"><a href=\"#\">\u00a1Cont\u00e1ctanos!<\/a><\/span> Podemos encargarnos de todo por ti.<\/p>\t\t\t\t\t\t\t\t<\/div>\n\t\t\t\t<\/div>\n\t\t\t\t<div class=\"elementor-element elementor-element-340a6f2 elementor-widget elementor-widget-html\" data-id=\"340a6f2\" data-element_type=\"widget\" data-widget_type=\"html.default\">\n\t\t\t\t<div class=\"elementor-widget-container\">\n\t\t\t\t\t<div class=\"lyte-wrapper\" title=\"[ES] C&oacute;mo crear una lista y agregar contactos\" style=\"width:640px;max-width:100%;margin:5px;\"><div class=\"lyMe\" id=\"WYL_MoZH7qvQ2FQ\"><div id=\"lyte_MoZH7qvQ2FQ\" data-src=\"https:\/\/emailchef.com\/wp-content\/plugins\/wp-youtube-lyte\/lyteCache.php?origThumbUrl=https%3A%2F%2Fi.ytimg.com%2Fvi%2FMoZH7qvQ2FQ%2Fhqdefault.jpg\" class=\"pL\"><div class=\"tC\"><div class=\"tT\">[ES] C\u00f3mo crear una lista y agregar contactos<\/div><\/div><div class=\"play\"><\/div><div class=\"ctrl\"><div class=\"Lctrl\"><\/div><div class=\"Rctrl\"><\/div><\/div><\/div><noscript><a href=\"https:\/\/youtu.be\/MoZH7qvQ2FQ\" rel=\"nofollow\"><img decoding=\"async\" src=\"https:\/\/emailchef.com\/wp-content\/plugins\/wp-youtube-lyte\/lyteCache.php?origThumbUrl=https%3A%2F%2Fi.ytimg.com%2Fvi%2FMoZH7qvQ2FQ%2F0.jpg\" alt=\"[ES] C&oacute;mo crear una lista y agregar contactos\" width=\"640\" height=\"340\" \/><br \/>Mire este video en YouTube<\/a><\/noscript><\/div><\/div><div class=\"lL\" style=\"max-width:100%;width:640px;margin:5px;\"><\/div>\n<div class=\"ec-video-button hide centered\">\n\t<a href=\"https:\/\/youtu.be\/MoZH7qvQ2FQ\" rel=\"prettyPhoto\" title=\"Play Video\">Play Video <i class=\"fa fa-play-circle fa-2x\"><\/i><\/a>\n<\/div>\t\t\t\t<\/div>\n\t\t\t\t<\/div>\n\t\t\t\t<section class=\"elementor-section elementor-inner-section elementor-element elementor-element-60db399 elementor-section-boxed elementor-section-height-default elementor-section-height-default\" data-id=\"60db399\" data-element_type=\"section\">\n\t\t\t\t\t\t<div class=\"elementor-container elementor-column-gap-default\">\n\t\t\t\t\t<div class=\"elementor-column elementor-col-100 elementor-inner-column elementor-element elementor-element-1d3d809\" data-id=\"1d3d809\" data-element_type=\"column\">\n\t\t\t<div class=\"elementor-widget-wrap elementor-element-populated\">\n\t\t\t\t\t\t<div class=\"elementor-element elementor-element-247bf8b elementor-widget elementor-widget-heading\" data-id=\"247bf8b\" data-element_type=\"widget\" data-widget_type=\"heading.default\">\n\t\t\t\t<div class=\"elementor-widget-container\">\n\t\t\t\t\t<h3 class=\"elementor-heading-title elementor-size-default\">\u00a1Pero atenci\u00f3n!<\/h3>\t\t\t\t<\/div>\n\t\t\t\t<\/div>\n\t\t\t\t<div class=\"elementor-element elementor-element-239efa3 elementor-widget elementor-widget-text-editor\" data-id=\"239efa3\" data-element_type=\"widget\" data-widget_type=\"text-editor.default\">\n\t\t\t\t<div class=\"elementor-widget-container\">\n\t\t\t\t\t\t\t\t\t<p>Solo debes a\u00f1adir los contactos que te hayan dado un consentimiento expl\u00edcito para recibir comunicaciones promocionales.<\/p><p>Agregar direcciones de personas que no te han autorizado (como en el caso de listas compradas, alquiladas, tomadas de internet o de tu bandeja de entrada) no solo es poco \u00e9tico, \u00a1es totalmente ilegal \ud83d\ude05!<\/p><p>Adem\u00e1s de da\u00f1ar tu tasa de entrega y la imagen de tu marca, estar\u00edas violando la <a href=\"https:\/\/eur-lex.europa.eu\/eli\/reg\/2016\/679\/oj\" target=\"_blank\" rel=\"noopener\">normativa GDPR<\/a>, lo que podr\u00eda resultar en multas muy elevadas (de entre 10 y 20 millones de euros).<\/p><p>\u00bfY qu\u00e9 hacer con las direcciones de personas que a\u00fan no te han autorizado a contactarlas?<\/p><p>Podr\u00edas enviarles un correo invit\u00e1ndolos a suscribirse a tu lista de correos. Bastar\u00eda con un mensaje breve y sencillo donde resumas los beneficios concretos que recibir\u00e1n al suscribirse.<\/p>\t\t\t\t\t\t\t\t<\/div>\n\t\t\t\t<\/div>\n\t\t\t\t\t<\/div>\n\t\t<\/div>\n\t\t\t\t\t<\/div>\n\t\t<\/section>\n\t\t\t\t<div class=\"elementor-element elementor-element-7ad960f elementor-widget elementor-widget-heading\" data-id=\"7ad960f\" data-element_type=\"widget\" data-widget_type=\"heading.default\">\n\t\t\t\t<div class=\"elementor-widget-container\">\n\t\t\t\t\t<h2 class=\"elementor-heading-title elementor-size-default\">2. Agrega campos personalizados.<\/h2>\t\t\t\t<\/div>\n\t\t\t\t<\/div>\n\t\t\t\t<div class=\"elementor-element elementor-element-a7d4f9f elementor-widget elementor-widget-text-editor\" data-id=\"a7d4f9f\" data-element_type=\"widget\" data-widget_type=\"text-editor.default\">\n\t\t\t\t<div class=\"elementor-widget-container\">\n\t\t\t\t\t\t\t\t\t<p>Los campos personalizados de Emailchef te permiten recopilar (y organizar) informaci\u00f3n valiosa sobre tus contactos. Estos datos te ayudar\u00e1n a crear campa\u00f1as personalizadas y comunicaciones a medida.<\/p><p>\u00bfQu\u00e9 tipo de informaci\u00f3n puedes recopilar con los campos personalizados?<\/p><p>Por ejemplo, puedes preguntar a los suscriptores su pa\u00eds de origen, su profesi\u00f3n, su edad o qu\u00e9 recurso gratuito han descargado.<\/p><p>Pero no es todo.<\/p><p>Tambi\u00e9n podr\u00e1s ver qu\u00e9 contactos se han dado de baja y qu\u00e9 direcciones han generado un bounce. Si lo necesitas, puedes modificar y actualizar la informaci\u00f3n de cada contacto (o eliminar una direcci\u00f3n de la lista de correo) e incluso configurar una lista negra global.<\/p><p>Los suscriptores que terminen en la lista negra despu\u00e9s de darse de baja no recibir\u00e1n m\u00e1s correos tuyos, sin importar su estado de suscripci\u00f3n en otras listas.<\/p><p>Ten en cuenta que la lista negra cumple un papel muy importante. Muchos softwares, de hecho, te piden que limpies manualmente las listas de contactos. Olvidarse de hacerlo o no hacerlo regularmente te expone a un alto porcentaje de rebotes, lo que puede perjudicar la reputaci\u00f3n de tu cuenta.<\/p><p>Nuestra plataforma, en cambio, limpia por ti y te asegura que solo los contactos REALMENTE interesados en lo que tienes que decir recibir\u00e1n tus comunicaciones.<\/p><p>\u00bfQu\u00e9 sucede con quienes ya no quieren leer tus correos y se dan de baja?<\/p><p>Esos contactos terminar\u00e1n en una lista negra, pero se agregar\u00e1n nuevamente si vuelven a suscribirse a tu lista de contactos.<\/p>\t\t\t\t\t\t\t\t<\/div>\n\t\t\t\t<\/div>\n\t\t\t\t<div class=\"elementor-element elementor-element-986a2c8 elementor-widget elementor-widget-html\" data-id=\"986a2c8\" data-element_type=\"widget\" data-widget_type=\"html.default\">\n\t\t\t\t<div class=\"elementor-widget-container\">\n\t\t\t\t\t<div class=\"lyte-wrapper\" title=\"[ES] C&oacute;mo agregar contactos a la Lista Negra Global\" style=\"width:640px;max-width:100%;margin:5px;\"><div class=\"lyMe\" id=\"WYL_jHzsyWxR_QU\"><div id=\"lyte_jHzsyWxR_QU\" data-src=\"https:\/\/emailchef.com\/wp-content\/plugins\/wp-youtube-lyte\/lyteCache.php?origThumbUrl=https%3A%2F%2Fi.ytimg.com%2Fvi%2FjHzsyWxR_QU%2Fhqdefault.jpg\" class=\"pL\"><div class=\"tC\"><div class=\"tT\">[ES] C\u00f3mo agregar contactos a la Lista Negra Global<\/div><\/div><div class=\"play\"><\/div><div class=\"ctrl\"><div class=\"Lctrl\"><\/div><div class=\"Rctrl\"><\/div><\/div><\/div><noscript><a href=\"https:\/\/youtu.be\/jHzsyWxR_QU\" rel=\"nofollow\"><img decoding=\"async\" src=\"https:\/\/emailchef.com\/wp-content\/plugins\/wp-youtube-lyte\/lyteCache.php?origThumbUrl=https%3A%2F%2Fi.ytimg.com%2Fvi%2FjHzsyWxR_QU%2F0.jpg\" alt=\"[ES] C&oacute;mo agregar contactos a la Lista Negra Global\" width=\"640\" height=\"340\" \/><br \/>Mire este video en YouTube<\/a><\/noscript><\/div><\/div><div class=\"lL\" style=\"max-width:100%;width:640px;margin:5px;\"><\/div>\n<div class=\"ec-video-button hide centered\">\n\t<a href=\"https:\/\/youtu.be\/jHzsyWxR_QU\" rel=\"prettyPhoto\" title=\"Play Video\">Play Video <i class=\"fa fa-play-circle fa-2x\"><\/i><\/a>\n<\/div>\t\t\t\t<\/div>\n\t\t\t\t<\/div>\n\t\t\t\t<div class=\"elementor-element elementor-element-340b781 elementor-widget elementor-widget-heading\" data-id=\"340b781\" data-element_type=\"widget\" data-widget_type=\"heading.default\">\n\t\t\t\t<div class=\"elementor-widget-container\">\n\t\t\t\t\t<h2 class=\"elementor-heading-title elementor-size-default\">3. Segmenta tu lista.<\/h2>\t\t\t\t<\/div>\n\t\t\t\t<\/div>\n\t\t\t\t<div class=\"elementor-element elementor-element-a45eec1 elementor-widget elementor-widget-text-editor\" data-id=\"a45eec1\" data-element_type=\"widget\" data-widget_type=\"text-editor.default\">\n\t\t\t\t<div class=\"elementor-widget-container\">\n\t\t\t\t\t\t\t\t\t<p>El email marketing funciona mejor cuando est\u00e1 hecho a medida. Y el secreto de un email marketing &#8220;bien hecho&#8221; es enviar el email adecuado a la persona adecuada en el momento adecuado.<\/p><p>Para lograrlo, es fundamental segmentar correctamente tus listas de contactos.<\/p><p>Emailchef te permite segmentar tu lista y enviar ofertas personalizadas exactamente a las personas m\u00e1s propensas a estar interesadas en lo que ofreces.<br \/>Puedes crear estos subgrupos seleccionando las opciones y condiciones que prefieras.<\/p><p>Por ejemplo, puedes segmentar a tu audiencia seg\u00fan la informaci\u00f3n que hayas recopilado en el momento de la suscripci\u00f3n a la lista de correo. Tal vez podr\u00edas incluir en un mismo segmento a todos los contactos con la misma profesi\u00f3n o que hablan el mismo idioma.<\/p><p>Tambi\u00e9n puedes segmentarlos en funci\u00f3n de las acciones que hayan realizado, creando, por ejemplo, un subgrupo que incluya a quienes abrieron un email espec\u00edfico o hicieron clic en un enlace, y as\u00ed sucesivamente.<\/p><p>Adem\u00e1s, es posible <a title=\"Editor de formulario de suscripci\u00f3n\" href=\"https:\/\/emailchef.com\/es\/caracteristicas\/editor-de-formulario-de-suscripcion\/\">captar nuevos contactos creando un formulario de suscripci\u00f3n personalizado<\/a> para segmentar a la audiencia seg\u00fan los criterios que m\u00e1s te interesen e integrarlo en tu sitio web.<\/p>\t\t\t\t\t\t\t\t<\/div>\n\t\t\t\t<\/div>\n\t\t\t\t<div class=\"elementor-element elementor-element-da561c9 elementor-widget elementor-widget-html\" data-id=\"da561c9\" data-element_type=\"widget\" data-widget_type=\"html.default\">\n\t\t\t\t<div class=\"elementor-widget-container\">\n\t\t\t\t\t<div class=\"lyte-wrapper\" title=\"[ES] Cree segmentos dentro de una lista con campos personalizados\" style=\"width:640px;max-width:100%;margin:5px;\"><div class=\"lyMe\" id=\"WYL_NYhUsS3jGr4\"><div id=\"lyte_NYhUsS3jGr4\" data-src=\"https:\/\/emailchef.com\/wp-content\/plugins\/wp-youtube-lyte\/lyteCache.php?origThumbUrl=https%3A%2F%2Fi.ytimg.com%2Fvi%2FNYhUsS3jGr4%2Fhqdefault.jpg\" class=\"pL\"><div class=\"tC\"><div class=\"tT\">[ES] Cree segmentos dentro de una lista con campos personalizados<\/div><\/div><div class=\"play\"><\/div><div class=\"ctrl\"><div class=\"Lctrl\"><\/div><div class=\"Rctrl\"><\/div><\/div><\/div><noscript><a href=\"https:\/\/youtu.be\/NYhUsS3jGr4\" rel=\"nofollow\"><img loading=\"lazy\" decoding=\"async\" src=\"https:\/\/emailchef.com\/wp-content\/plugins\/wp-youtube-lyte\/lyteCache.php?origThumbUrl=https%3A%2F%2Fi.ytimg.com%2Fvi%2FNYhUsS3jGr4%2F0.jpg\" alt=\"[ES] Cree segmentos dentro de una lista con campos personalizados\" width=\"640\" height=\"340\" \/><br \/>Mire este video en YouTube<\/a><\/noscript><\/div><\/div><div class=\"lL\" style=\"max-width:100%;width:640px;margin:5px;\"><\/div>\n<div class=\"ec-video-button hide centered\">\n\t<a href=\"https:\/\/youtu.be\/NYhUsS3jGr4\" rel=\"prettyPhoto\" title=\"Play Video\">Play Video <i class=\"fa fa-play-circle fa-2x\"><\/i><\/a>\n<\/div>\t\t\t\t<\/div>\n\t\t\t\t<\/div>\n\t\t\t\t\t<\/div>\n\t\t<\/div>\n\t\t\t\t\t<\/div>\n\t\t<\/section>\n\t\t\t\t<\/div>\n\t\t","protected":false},"excerpt":{"rendered":"<p>Generar prospectos, clientes y ventas: estos son los objetivos de quienes se acercan al email marketing. Y probablemente tambi\u00e9n sean los tuyos. Pero una estrategia efectiva debe comenzar por un punto fundamental: la calidad de los contactos en la lista de correo. Exacto, porque tener una lista actualizada, vigente, que contenga direcciones de correo v\u00e1lidas [&hellip;]<\/p>\n","protected":false},"author":5,"featured_media":0,"parent":3006,"menu_order":1,"comment_status":"closed","ping_status":"closed","template":"","meta":{"_acf_changed":false,"inline_featured_image":false,"footnotes":""},"g1_relation_tag":[],"class_list":["post-3308","page","type-page","status-publish","hentry"],"acf":[],"yoast_head":"<!-- This site is optimized with the Yoast SEO plugin v24.8.1 - https:\/\/yoast.com\/wordpress\/plugins\/seo\/ -->\n<title>Gesti\u00f3n de contactos simplificada - Emailchef<\/title>\n<meta name=\"description\" content=\"C\u00f3mo Crear una Lista en Emailchef. C\u00f3mo Recopilar Nuevos Contactos para la Lista de Correo. Segmentar una Lista de Correo. &gt;&gt; \u00a1C\u00f3mo lograrlo con Emailchef!\" \/>\n<meta name=\"robots\" content=\"index, follow, max-snippet:-1, max-image-preview:large, max-video-preview:-1\" \/>\n<link rel=\"canonical\" href=\"https:\/\/emailchef.com\/es\/caracteristicas\/gestion-de-contactos-sencilla\/\" \/>\n<meta name=\"twitter:label1\" content=\"Tiempo de lectura\" \/>\n\t<meta name=\"twitter:data1\" content=\"5 minutos\" \/>\n<!-- \/ Yoast SEO plugin. -->","yoast_head_json":{"title":"Gesti\u00f3n de contactos simplificada - Emailchef","description":"C\u00f3mo Crear una Lista en Emailchef. C\u00f3mo Recopilar Nuevos Contactos para la Lista de Correo. Segmentar una Lista de Correo. >> \u00a1C\u00f3mo lograrlo con Emailchef!","robots":{"index":"index","follow":"follow","max-snippet":"max-snippet:-1","max-image-preview":"max-image-preview:large","max-video-preview":"max-video-preview:-1"},"canonical":"https:\/\/emailchef.com\/es\/caracteristicas\/gestion-de-contactos-sencilla\/","twitter_misc":{"Tiempo de lectura":"5 minutos"},"schema":{"@context":"https:\/\/schema.org","@graph":[{"@type":"WebPage","@id":"https:\/\/emailchef.com\/es\/caracteristicas\/gestion-de-contactos-sencilla\/","url":"https:\/\/emailchef.com\/es\/caracteristicas\/gestion-de-contactos-sencilla\/","name":"Gesti\u00f3n de contactos simplificada - Emailchef","isPartOf":{"@id":"https:\/\/emailchef.com\/es\/#website"},"primaryImageOfPage":{"@id":"https:\/\/emailchef.com\/es\/caracteristicas\/gestion-de-contactos-sencilla\/#primaryimage"},"image":{"@id":"https:\/\/emailchef.com\/es\/caracteristicas\/gestion-de-contactos-sencilla\/#primaryimage"},"thumbnailUrl":"https:\/\/emailchef.com\/wp-content\/uploads\/2024\/10\/email_marekting_gestione_contatti_semplificata.png","datePublished":"2014-09-04T09:55:03+00:00","dateModified":"2024-10-10T12:49:19+00:00","description":"C\u00f3mo Crear una Lista en Emailchef. C\u00f3mo Recopilar Nuevos Contactos para la Lista de Correo. Segmentar una Lista de Correo. >> \u00a1C\u00f3mo lograrlo con Emailchef!","breadcrumb":{"@id":"https:\/\/emailchef.com\/es\/caracteristicas\/gestion-de-contactos-sencilla\/#breadcrumb"},"inLanguage":"es","potentialAction":[{"@type":"ReadAction","target":["https:\/\/emailchef.com\/es\/caracteristicas\/gestion-de-contactos-sencilla\/"]}]},{"@type":"ImageObject","inLanguage":"es","@id":"https:\/\/emailchef.com\/es\/caracteristicas\/gestion-de-contactos-sencilla\/#primaryimage","url":"https:\/\/emailchef.com\/wp-content\/uploads\/2024\/10\/email_marekting_gestione_contatti_semplificata.png","contentUrl":"https:\/\/emailchef.com\/wp-content\/uploads\/2024\/10\/email_marekting_gestione_contatti_semplificata.png"},{"@type":"BreadcrumbList","@id":"https:\/\/emailchef.com\/es\/caracteristicas\/gestion-de-contactos-sencilla\/#breadcrumb","itemListElement":[{"@type":"ListItem","position":1,"name":"Home","item":"https:\/\/emailchef.com\/es\/emailchef-email-marketing-services\/"},{"@type":"ListItem","position":2,"name":"Descubre las funciones de Emailchef","item":"https:\/\/emailchef.com\/es\/caracteristicas\/"},{"@type":"ListItem","position":3,"name":"Gesti\u00f3n de contactos simplificada"}]},{"@type":"WebSite","@id":"https:\/\/emailchef.com\/es\/#website","url":"https:\/\/emailchef.com\/es\/","name":"Emailchef","description":"Tasty recipes for email marketing","publisher":{"@id":"https:\/\/emailchef.com\/es\/#organization"},"potentialAction":[{"@type":"SearchAction","target":{"@type":"EntryPoint","urlTemplate":"https:\/\/emailchef.com\/es\/?s={search_term_string}"},"query-input":{"@type":"PropertyValueSpecification","valueRequired":true,"valueName":"search_term_string"}}],"inLanguage":"es"},{"@type":"Organization","@id":"https:\/\/emailchef.com\/es\/#organization","name":"Delivery Tech Corp.","url":"https:\/\/emailchef.com\/es\/","logo":{"@type":"ImageObject","inLanguage":"es","@id":"https:\/\/emailchef.com\/es\/#\/schema\/logo\/image\/","url":"https:\/\/emailchef.com\/wp-content\/uploads\/2022\/04\/logo-sama.png","contentUrl":"https:\/\/emailchef.com\/wp-content\/uploads\/2022\/04\/logo-sama.png","width":237,"height":80,"caption":"Delivery Tech Corp."},"image":{"@id":"https:\/\/emailchef.com\/es\/#\/schema\/logo\/image\/"}}]}},"_links":{"self":[{"href":"https:\/\/emailchef.com\/es\/wp-json\/wp\/v2\/pages\/3308"}],"collection":[{"href":"https:\/\/emailchef.com\/es\/wp-json\/wp\/v2\/pages"}],"about":[{"href":"https:\/\/emailchef.com\/es\/wp-json\/wp\/v2\/types\/page"}],"author":[{"embeddable":true,"href":"https:\/\/emailchef.com\/es\/wp-json\/wp\/v2\/users\/5"}],"replies":[{"embeddable":true,"href":"https:\/\/emailchef.com\/es\/wp-json\/wp\/v2\/comments?post=3308"}],"version-history":[{"count":15,"href":"https:\/\/emailchef.com\/es\/wp-json\/wp\/v2\/pages\/3308\/revisions"}],"predecessor-version":[{"id":75685,"href":"https:\/\/emailchef.com\/es\/wp-json\/wp\/v2\/pages\/3308\/revisions\/75685"}],"up":[{"embeddable":true,"href":"https:\/\/emailchef.com\/es\/wp-json\/wp\/v2\/pages\/3006"}],"wp:attachment":[{"href":"https:\/\/emailchef.com\/es\/wp-json\/wp\/v2\/media?parent=3308"}],"wp:term":[{"taxonomy":"g1_relation_tag","embeddable":true,"href":"https:\/\/emailchef.com\/es\/wp-json\/wp\/v2\/g1_relation_tag?post=3308"}],"curies":[{"name":"wp","href":"https:\/\/api.w.org\/{rel}","templated":true}]}}