{"id":3286,"date":"2014-09-18T10:48:41","date_gmt":"2014-09-18T10:48:41","guid":{"rendered":"http:\/\/emailchef.com\/es\/?page_id=3286"},"modified":"2017-10-31T16:49:42","modified_gmt":"2017-10-31T16:49:42","slug":"servicio-de-email-transaccional","status":"publish","type":"page","link":"https:\/\/emailchef.com\/es\/servicio-de-email-transaccional\/","title":{"rendered":"Servicio de email transaccional"},"content":{"rendered":"<p class=\"western\" lang=\"es-AR\">Un <strong>servicio de email transaccional<\/strong> es una aplicaci\u00f3n web que permite <strong>enviar emails transaccionales<\/strong> \u2013 por ejemplo, mensajes individuales disparados por una acci\u00f3n en particular (realizada por el usuario \u2013 por ejemplo un clic en un v\u00ednculo de suscripci\u00f3n \u2013 o intencionada por un profesional del marketing \u2013 por ejemplo un evento recurrente, tal como el cumplea\u00f1os del usuario).<\/p>\n<p class=\"western\" lang=\"es-AR\">Los mensajes de confirmaci\u00f3n son buenos ejemplos de los emails transaccionales, al igual que los recibos de compras, emails de agradecimiento, autoresponders, alertas de error, etc. El detalle crucial aqu\u00ed es que todos estos emails son autom\u00e1ticos: son generados en forma autom\u00e1tica por el servicio cada vez que una acci\u00f3n disparadora se ejecuta. Y esta es tambi\u00e9n la raz\u00f3n por la cual poseen las m\u00e1s altas tasas de aperturas entre todos los tipos de env\u00edos directos.<\/p>\n<p class=\"western\" lang=\"es-AR\">Si bien, ha sido concebido para enviar emails masivos cl\u00e1sicos, Emailchef asegura tambi\u00e9n un servicio de email transaccional efectivo. Su sistema de autoresponder garantiza de hecho la posibilidad de <a href=\"https:\/\/emailchef.com\/es\/email-autoresponder\/\">enviar emails automatizados <\/a>y mensajes transaccionales f\u00e1cilmente, simplificando el proceso de gesti\u00f3n.<\/p>\n<p class=\"western\" lang=\"es-AR\">Puede configurar una cantidad de<strong> eventos diferentes<\/strong> para los autoresponders, tales como la fecha de aniversario, una suscripci\u00f3n, el \u00faltimo clic en un email determinado (para preparar por ejemplo una campa\u00f1a de remarketing), etc. Emailchef se encargar\u00e1 del resto, asegurando una entrega efectiva y r\u00e1pida sobre el email transaccional. Por supuesto, todos los emails autom\u00e1ticos pueden ser analizados para obtener sus m\u00e9tricas y llegado el caso, modificarlos para mejorar las tasas de conversi\u00f3n.<\/p>\n","protected":false},"excerpt":{"rendered":"<p>A transactional email service is a web application that allows to send transactional emails: here we describe how it works in detail and why it&#8217;s so useful.<\/p>\n","protected":false},"author":5,"featured_media":0,"parent":0,"menu_order":249,"comment_status":"closed","ping_status":"closed","template":"","meta":{"_acf_changed":false,"inline_featured_image":false,"footnotes":""},"g1_relation_tag":[19],"class_list":["post-3286","page","type-page","status-publish","hentry","g1_relation_tag-transactional-emails"],"acf":[],"yoast_head":"<!-- This site is optimized with the Yoast SEO plugin v24.8.1 - https:\/\/yoast.com\/wordpress\/plugins\/seo\/ -->\n<title>Servicio de email transaccional - Emailchef<\/title>\n<meta name=\"description\" content=\"Un servicio de email transaccional es una aplicaci\u00f3n web que permite enviar emails transaccionales\" \/>\n<meta name=\"robots\" content=\"index, follow, max-snippet:-1, max-image-preview:large, max-video-preview:-1\" \/>\n<link rel=\"canonical\" href=\"https:\/\/emailchef.com\/es\/servicio-de-email-transaccional\/\" \/>\n<meta name=\"twitter:label1\" content=\"Tiempo de lectura\" \/>\n\t<meta name=\"twitter:data1\" content=\"1 minuto\" \/>\n<!-- \/ Yoast SEO plugin. -->","yoast_head_json":{"title":"Servicio de email transaccional - Emailchef","description":"Un servicio de email transaccional es una aplicaci\u00f3n web que permite enviar emails transaccionales","robots":{"index":"index","follow":"follow","max-snippet":"max-snippet:-1","max-image-preview":"max-image-preview:large","max-video-preview":"max-video-preview:-1"},"canonical":"https:\/\/emailchef.com\/es\/servicio-de-email-transaccional\/","twitter_misc":{"Tiempo de lectura":"1 minuto"},"schema":{"@context":"https:\/\/schema.org","@graph":[{"@type":"WebPage","@id":"https:\/\/emailchef.com\/es\/servicio-de-email-transaccional\/","url":"https:\/\/emailchef.com\/es\/servicio-de-email-transaccional\/","name":"Servicio de email transaccional - Emailchef","isPartOf":{"@id":"https:\/\/emailchef.com\/es\/#website"},"datePublished":"2014-09-18T10:48:41+00:00","dateModified":"2017-10-31T16:49:42+00:00","description":"Un servicio de email transaccional es una aplicaci\u00f3n web que permite enviar emails transaccionales","breadcrumb":{"@id":"https:\/\/emailchef.com\/es\/servicio-de-email-transaccional\/#breadcrumb"},"inLanguage":"es","potentialAction":[{"@type":"ReadAction","target":["https:\/\/emailchef.com\/es\/servicio-de-email-transaccional\/"]}]},{"@type":"BreadcrumbList","@id":"https:\/\/emailchef.com\/es\/servicio-de-email-transaccional\/#breadcrumb","itemListElement":[{"@type":"ListItem","position":1,"name":"Home","item":"https:\/\/emailchef.com\/es\/"},{"@type":"ListItem","position":2,"name":"Servicio de email transaccional"}]},{"@type":"WebSite","@id":"https:\/\/emailchef.com\/es\/#website","url":"https:\/\/emailchef.com\/es\/","name":"Emailchef","description":"Tasty recipes for email marketing","publisher":{"@id":"https:\/\/emailchef.com\/es\/#organization"},"potentialAction":[{"@type":"SearchAction","target":{"@type":"EntryPoint","urlTemplate":"https:\/\/emailchef.com\/es\/?s={search_term_string}"},"query-input":{"@type":"PropertyValueSpecification","valueRequired":true,"valueName":"search_term_string"}}],"inLanguage":"es"},{"@type":"Organization","@id":"https:\/\/emailchef.com\/es\/#organization","name":"Delivery Tech Corp.","url":"https:\/\/emailchef.com\/es\/","logo":{"@type":"ImageObject","inLanguage":"es","@id":"https:\/\/emailchef.com\/es\/#\/schema\/logo\/image\/","url":"https:\/\/emailchef.com\/wp-content\/uploads\/2022\/04\/logo-sama.png","contentUrl":"https:\/\/emailchef.com\/wp-content\/uploads\/2022\/04\/logo-sama.png","width":237,"height":80,"caption":"Delivery Tech Corp."},"image":{"@id":"https:\/\/emailchef.com\/es\/#\/schema\/logo\/image\/"}}]}},"_links":{"self":[{"href":"https:\/\/emailchef.com\/es\/wp-json\/wp\/v2\/pages\/3286"}],"collection":[{"href":"https:\/\/emailchef.com\/es\/wp-json\/wp\/v2\/pages"}],"about":[{"href":"https:\/\/emailchef.com\/es\/wp-json\/wp\/v2\/types\/page"}],"author":[{"embeddable":true,"href":"https:\/\/emailchef.com\/es\/wp-json\/wp\/v2\/users\/5"}],"replies":[{"embeddable":true,"href":"https:\/\/emailchef.com\/es\/wp-json\/wp\/v2\/comments?post=3286"}],"version-history":[{"count":3,"href":"https:\/\/emailchef.com\/es\/wp-json\/wp\/v2\/pages\/3286\/revisions"}],"predecessor-version":[{"id":6245,"href":"https:\/\/emailchef.com\/es\/wp-json\/wp\/v2\/pages\/3286\/revisions\/6245"}],"wp:attachment":[{"href":"https:\/\/emailchef.com\/es\/wp-json\/wp\/v2\/media?parent=3286"}],"wp:term":[{"taxonomy":"g1_relation_tag","embeddable":true,"href":"https:\/\/emailchef.com\/es\/wp-json\/wp\/v2\/g1_relation_tag?post=3286"}],"curies":[{"name":"wp","href":"https:\/\/api.w.org\/{rel}","templated":true}]}}