{"id":3284,"date":"2014-09-11T10:01:59","date_gmt":"2014-09-11T10:01:59","guid":{"rendered":"http:\/\/emailchef.com\/es\/?page_id=3284"},"modified":"2021-07-09T08:48:46","modified_gmt":"2021-07-09T08:48:46","slug":"el-mejor-servicio-de-marketing-por-email","status":"publish","type":"page","link":"https:\/\/emailchef.com\/es\/el-mejor-servicio-de-marketing-por-email\/","title":{"rendered":"El mejor servicio de marketing por email"},"content":{"rendered":"<p lang=\"es-AR\">La elecci\u00f3n de un servicio de marketing por email apropiado es esencial cuando usted inicia una campa\u00f1a de newsletters. Y entre una amplia selecci\u00f3n de diferentes servicios de marketing por email, usted deber\u00eda tomar el tiempo necesario para pensar en las caracter\u00edsticas realmente importantes para su propia estrategia de email.<\/p>\n<p lang=\"es-AR\">(Los factores principales a considerar pueden ser la dimensi\u00f3n de su lista, la cantidad de newsletters que necesita enviar por d\u00eda\/semana, o hasta la flexibilidad en t\u00e9rminos de edici\u00f3n de plantillas).<\/p>\n<p lang=\"es-AR\">De cualquier forma, existen algunos requerimientos b\u00e1sicos que su servicio de marketing por email siempre deber\u00eda poseer:<\/p>\n\n<ul id=\"\" class=\"g1-list g1-list--icon g1-list--simple \">\n<li lang=\"es-AR\"><strong>Asegurar una entrega r\u00e1pida y efectiva.<\/strong><br \/>\nEsto claramente es obligatorio para cualquier plataforma de marketing por email, sin importar nada m\u00e1s: despu\u00e9s de todo el objetivo principal de su campa\u00f1a es entregar todos los mensajes a sus contactos. En este sentido usted deber\u00eda verificar la confiabilidad del servidor SMTP del servicio de marketing; Emailchef utiliza el motor profesional de turboSMTP para asegurar la m\u00e1s alta tasa de entrega.<\/li>\n<li lang=\"es-AR\"><strong>Facilitar la gesti\u00f3n y segmentaci\u00f3n de sus listas de contactos.<\/strong><br \/>\nImportar direcciones de email, agregar nuevos campos personalizados y crear segmentos (para el env\u00edo de ofertas personalizadas) deber\u00eda ser simple e intuitivo, para evitar cualquier complicaci\u00f3n o error relacionado a las bases de datos (lo peor ser\u00eda enviar una oferta a una lista incorrecta).<\/li>\n<li lang=\"es-AR\"><strong>Incluir un editor de newsletters amigable.<\/strong><br \/>\nEs muy importante para crear plantillas de newsletters apropiadas para reflejar tanto su marca como su identidad y seguir todas las mejores pr\u00e1cticas de la creaci\u00f3n de emails (antes que nada, la codificaci\u00f3n HTML). Por ello un buen servicio de marketing por email debe ofrecer una herramienta flexible para asegurar que usted pueda dise\u00f1ar el mejor newsletter para sus necesidades. En particular, Emailchef ofrece un software avanzado denominado Template Creator, para construir plantillas impresionantes en segundos.<\/li>\n<li lang=\"es-AR\"><strong>Proveer herramientas de estad\u00edsticas avanzadas.<\/strong><br \/>\nUn buen servicio de marketing por email no debe dejarlo s\u00f3lo despu\u00e9s del env\u00edo: es decir, debe mostrar toda la informaci\u00f3n relevante relacionada a sus campa\u00f1as de email \u2013 tasas de aperturas, tasas de clics, cantidad de desuscripciones, etc. \u2013 mejor a\u00fan con buenos gr\u00e1ficos. Esto es extremadamente importante para comprender las cualidades y problemas de su estrategia de marketing, y mejorar en consecuencia.<\/li>\n<\/ul>\n<p lang=\"es-AR\">\n<p lang=\"es-AR\">Emailchef ofrece estos servicios y mucho m\u00e1s, como plataforma l\u00edder en el negocio del marketing por email.<\/p>\n","protected":false},"excerpt":{"rendered":"<p>The choice of a proper email marketing service is essential when you start a newsletter campaign. And among such a vast choice of different email marketing services, one should take some time to think of what features he really needs.<\/p>\n","protected":false},"author":5,"featured_media":0,"parent":0,"menu_order":246,"comment_status":"closed","ping_status":"closed","template":"","meta":{"_acf_changed":false,"inline_featured_image":false,"footnotes":""},"g1_relation_tag":[9],"class_list":["post-3284","page","type-page","status-publish","hentry","g1_relation_tag-email-marketing-practices"],"acf":[],"yoast_head":"<!-- This site is optimized with the Yoast SEO plugin v24.8.1 - https:\/\/yoast.com\/wordpress\/plugins\/seo\/ -->\n<title>El mejor servicio de marketing por email - Emailchef<\/title>\n<meta name=\"description\" content=\"La elecci\u00f3n de un servicio de marketing por email apropiado es esencial cuando usted inicia una campa\u00f1a de newsletters.\" \/>\n<meta name=\"robots\" content=\"index, follow, max-snippet:-1, max-image-preview:large, max-video-preview:-1\" \/>\n<link rel=\"canonical\" href=\"https:\/\/emailchef.com\/es\/el-mejor-servicio-de-marketing-por-email\/\" \/>\n<meta name=\"twitter:label1\" content=\"Tiempo de lectura\" \/>\n\t<meta name=\"twitter:data1\" content=\"2 minutos\" \/>\n<!-- \/ Yoast SEO plugin. -->","yoast_head_json":{"title":"El mejor servicio de marketing por email - Emailchef","description":"La elecci\u00f3n de un servicio de marketing por email apropiado es esencial cuando usted inicia una campa\u00f1a de newsletters.","robots":{"index":"index","follow":"follow","max-snippet":"max-snippet:-1","max-image-preview":"max-image-preview:large","max-video-preview":"max-video-preview:-1"},"canonical":"https:\/\/emailchef.com\/es\/el-mejor-servicio-de-marketing-por-email\/","twitter_misc":{"Tiempo de lectura":"2 minutos"},"schema":{"@context":"https:\/\/schema.org","@graph":[{"@type":"WebPage","@id":"https:\/\/emailchef.com\/es\/el-mejor-servicio-de-marketing-por-email\/","url":"https:\/\/emailchef.com\/es\/el-mejor-servicio-de-marketing-por-email\/","name":"El mejor servicio de marketing por email - Emailchef","isPartOf":{"@id":"https:\/\/emailchef.com\/es\/#website"},"datePublished":"2014-09-11T10:01:59+00:00","dateModified":"2021-07-09T08:48:46+00:00","description":"La elecci\u00f3n de un servicio de marketing por email apropiado es esencial cuando usted inicia una campa\u00f1a de newsletters.","breadcrumb":{"@id":"https:\/\/emailchef.com\/es\/el-mejor-servicio-de-marketing-por-email\/#breadcrumb"},"inLanguage":"es","potentialAction":[{"@type":"ReadAction","target":["https:\/\/emailchef.com\/es\/el-mejor-servicio-de-marketing-por-email\/"]}]},{"@type":"BreadcrumbList","@id":"https:\/\/emailchef.com\/es\/el-mejor-servicio-de-marketing-por-email\/#breadcrumb","itemListElement":[{"@type":"ListItem","position":1,"name":"Home","item":"https:\/\/emailchef.com\/es\/emailchef-email-marketing-services\/"},{"@type":"ListItem","position":2,"name":"El mejor servicio de marketing por email"}]},{"@type":"WebSite","@id":"https:\/\/emailchef.com\/es\/#website","url":"https:\/\/emailchef.com\/es\/","name":"Emailchef","description":"Tasty recipes for email marketing","publisher":{"@id":"https:\/\/emailchef.com\/es\/#organization"},"potentialAction":[{"@type":"SearchAction","target":{"@type":"EntryPoint","urlTemplate":"https:\/\/emailchef.com\/es\/?s={search_term_string}"},"query-input":{"@type":"PropertyValueSpecification","valueRequired":true,"valueName":"search_term_string"}}],"inLanguage":"es"},{"@type":"Organization","@id":"https:\/\/emailchef.com\/es\/#organization","name":"Delivery Tech Corp.","url":"https:\/\/emailchef.com\/es\/","logo":{"@type":"ImageObject","inLanguage":"es","@id":"https:\/\/emailchef.com\/es\/#\/schema\/logo\/image\/","url":"https:\/\/emailchef.com\/wp-content\/uploads\/2022\/04\/logo-sama.png","contentUrl":"https:\/\/emailchef.com\/wp-content\/uploads\/2022\/04\/logo-sama.png","width":237,"height":80,"caption":"Delivery Tech Corp."},"image":{"@id":"https:\/\/emailchef.com\/es\/#\/schema\/logo\/image\/"}}]}},"_links":{"self":[{"href":"https:\/\/emailchef.com\/es\/wp-json\/wp\/v2\/pages\/3284"}],"collection":[{"href":"https:\/\/emailchef.com\/es\/wp-json\/wp\/v2\/pages"}],"about":[{"href":"https:\/\/emailchef.com\/es\/wp-json\/wp\/v2\/types\/page"}],"author":[{"embeddable":true,"href":"https:\/\/emailchef.com\/es\/wp-json\/wp\/v2\/users\/5"}],"replies":[{"embeddable":true,"href":"https:\/\/emailchef.com\/es\/wp-json\/wp\/v2\/comments?post=3284"}],"version-history":[{"count":5,"href":"https:\/\/emailchef.com\/es\/wp-json\/wp\/v2\/pages\/3284\/revisions"}],"predecessor-version":[{"id":6231,"href":"https:\/\/emailchef.com\/es\/wp-json\/wp\/v2\/pages\/3284\/revisions\/6231"}],"wp:attachment":[{"href":"https:\/\/emailchef.com\/es\/wp-json\/wp\/v2\/media?parent=3284"}],"wp:term":[{"taxonomy":"g1_relation_tag","embeddable":true,"href":"https:\/\/emailchef.com\/es\/wp-json\/wp\/v2\/g1_relation_tag?post=3284"}],"curies":[{"name":"wp","href":"https:\/\/api.w.org\/{rel}","templated":true}]}}