{"id":3280,"date":"2016-02-08T11:22:40","date_gmt":"2016-02-08T11:22:40","guid":{"rendered":"http:\/\/emailchef.com\/es\/?page_id=3280"},"modified":"2016-02-15T09:55:19","modified_gmt":"2016-02-15T09:55:19","slug":"detalles-de-politica-sous-chef","status":"publish","type":"page","link":"https:\/\/emailchef.com\/es\/detalles-de-politica-sous-chef\/","title":{"rendered":"Detalles de pol\u00edtica Sous-Chef"},"content":{"rendered":"<p><img fetchpriority=\"high\" decoding=\"async\" class=\"alignnone wp-image-2079\" src=\"http:\/\/emailchef.com\/wp-content\/uploads\/2015\/02\/sous-chef.png\" alt=\"Sous-chef policy\" width=\"636\" height=\"216\" \/><\/p>\n\n<ul id=\"\" class=\"g1-list g1-list--icon g1-list--none \">\n<li><i class=\"fa fa-arrow-right g1-list__icon\"><\/i><strong>No puede resuscribir<\/strong> un contacto que ha desuscripto usted mismo previamente<\/li>\n<li><i class=\"fa fa-arrow-right g1-list__icon\"><\/i>Una solicitud de desuscripci\u00f3n remover\u00e1 al contacto de <strong>todas las listas<\/strong> y prevendr\u00e1<em> cualquier resuscripci\u00f3n futura<\/em><\/li>\n<li><i class=\"fa fa-arrow-right g1-list__icon\"><\/i>Un contacto <strong>puede resuscribirse<\/strong> utilizando un formulario de registro<\/li>\n<li><i class=\"fa fa-arrow-right g1-list__icon\"><\/i>No se permiten suscripciones simples<\/li>\n<li><i class=\"fa fa-arrow-right g1-list__icon\"><\/i>No puede enviar emails sin las<strong> etiquetas CAN-SPAM<\/strong><\/li>\n<li><i class=\"fa fa-arrow-right g1-list__icon\"><\/i>Las <strong>alertas<\/strong> sobre el agregado de etiquetas CAN-SPAM est\u00e1n siempre activas<\/li>\n<\/ul>\n\n<hr \/>\n<p>Descubra m\u00e1s sobre nuestra pol\u00edtica de privacidad:<\/p>\n<ul>\n<li><a href=\"http:\/\/emailchef.com\/es\/politicas-head-chef\/\">Detalles de pol\u00edtica Head Chef<\/a><\/li>\n<li><a href=\"http:\/\/emailchef.com\/es\/politicas-excecutive-chef\/\">Detalles de pol\u00edtica Executive Chef<\/a><\/li>\n<\/ul>\n","protected":false},"excerpt":{"rendered":"<p>Descubra m\u00e1s sobre nuestra pol\u00edtica de privacidad: Detalles de pol\u00edtica Head Chef Detalles de pol\u00edtica Executive Chef<\/p>\n","protected":false},"author":5,"featured_media":0,"parent":0,"menu_order":233,"comment_status":"closed","ping_status":"closed","template":"g1_template_page_sidebar_right.php","meta":{"_acf_changed":false,"inline_featured_image":false,"footnotes":""},"g1_relation_tag":[],"class_list":["post-3280","page","type-page","status-publish","hentry"],"acf":[],"yoast_head":"<!-- This site is optimized with the Yoast SEO plugin v24.8.1 - https:\/\/yoast.com\/wordpress\/plugins\/seo\/ -->\n<title>Detalles de pol\u00edtica Sous-Chef - Emailchef<\/title>\n<meta name=\"description\" content=\"Detalles de pol\u00edtica Executive Chef\" \/>\n<meta name=\"robots\" content=\"index, follow, max-snippet:-1, max-image-preview:large, max-video-preview:-1\" \/>\n<link rel=\"canonical\" href=\"https:\/\/emailchef.com\/es\/detalles-de-politica-sous-chef\/\" \/>\n<!-- \/ Yoast SEO plugin. -->","yoast_head_json":{"title":"Detalles de pol\u00edtica Sous-Chef - Emailchef","description":"Detalles de pol\u00edtica Executive Chef","robots":{"index":"index","follow":"follow","max-snippet":"max-snippet:-1","max-image-preview":"max-image-preview:large","max-video-preview":"max-video-preview:-1"},"canonical":"https:\/\/emailchef.com\/es\/detalles-de-politica-sous-chef\/","schema":{"@context":"https:\/\/schema.org","@graph":[{"@type":"WebPage","@id":"https:\/\/emailchef.com\/es\/detalles-de-politica-sous-chef\/","url":"https:\/\/emailchef.com\/es\/detalles-de-politica-sous-chef\/","name":"Detalles de pol\u00edtica Sous-Chef - Emailchef","isPartOf":{"@id":"https:\/\/emailchef.com\/es\/#website"},"primaryImageOfPage":{"@id":"https:\/\/emailchef.com\/es\/detalles-de-politica-sous-chef\/#primaryimage"},"image":{"@id":"https:\/\/emailchef.com\/es\/detalles-de-politica-sous-chef\/#primaryimage"},"thumbnailUrl":"http:\/\/emailchef.com\/wp-content\/uploads\/2015\/02\/sous-chef.png","datePublished":"2016-02-08T11:22:40+00:00","dateModified":"2016-02-15T09:55:19+00:00","description":"Detalles de pol\u00edtica Executive Chef","breadcrumb":{"@id":"https:\/\/emailchef.com\/es\/detalles-de-politica-sous-chef\/#breadcrumb"},"inLanguage":"es","potentialAction":[{"@type":"ReadAction","target":["https:\/\/emailchef.com\/es\/detalles-de-politica-sous-chef\/"]}]},{"@type":"ImageObject","inLanguage":"es","@id":"https:\/\/emailchef.com\/es\/detalles-de-politica-sous-chef\/#primaryimage","url":"http:\/\/emailchef.com\/wp-content\/uploads\/2015\/02\/sous-chef.png","contentUrl":"http:\/\/emailchef.com\/wp-content\/uploads\/2015\/02\/sous-chef.png"},{"@type":"BreadcrumbList","@id":"https:\/\/emailchef.com\/es\/detalles-de-politica-sous-chef\/#breadcrumb","itemListElement":[{"@type":"ListItem","position":1,"name":"Home","item":"https:\/\/emailchef.com\/es\/emailchef-email-marketing-services\/"},{"@type":"ListItem","position":2,"name":"Detalles de pol\u00edtica Sous-Chef"}]},{"@type":"WebSite","@id":"https:\/\/emailchef.com\/es\/#website","url":"https:\/\/emailchef.com\/es\/","name":"Emailchef","description":"Tasty recipes for email marketing","publisher":{"@id":"https:\/\/emailchef.com\/es\/#organization"},"potentialAction":[{"@type":"SearchAction","target":{"@type":"EntryPoint","urlTemplate":"https:\/\/emailchef.com\/es\/?s={search_term_string}"},"query-input":{"@type":"PropertyValueSpecification","valueRequired":true,"valueName":"search_term_string"}}],"inLanguage":"es"},{"@type":"Organization","@id":"https:\/\/emailchef.com\/es\/#organization","name":"Delivery Tech Corp.","url":"https:\/\/emailchef.com\/es\/","logo":{"@type":"ImageObject","inLanguage":"es","@id":"https:\/\/emailchef.com\/es\/#\/schema\/logo\/image\/","url":"https:\/\/emailchef.com\/wp-content\/uploads\/2022\/04\/logo-sama.png","contentUrl":"https:\/\/emailchef.com\/wp-content\/uploads\/2022\/04\/logo-sama.png","width":237,"height":80,"caption":"Delivery Tech Corp."},"image":{"@id":"https:\/\/emailchef.com\/es\/#\/schema\/logo\/image\/"}}]}},"_links":{"self":[{"href":"https:\/\/emailchef.com\/es\/wp-json\/wp\/v2\/pages\/3280"}],"collection":[{"href":"https:\/\/emailchef.com\/es\/wp-json\/wp\/v2\/pages"}],"about":[{"href":"https:\/\/emailchef.com\/es\/wp-json\/wp\/v2\/types\/page"}],"author":[{"embeddable":true,"href":"https:\/\/emailchef.com\/es\/wp-json\/wp\/v2\/users\/5"}],"replies":[{"embeddable":true,"href":"https:\/\/emailchef.com\/es\/wp-json\/wp\/v2\/comments?post=3280"}],"version-history":[{"count":3,"href":"https:\/\/emailchef.com\/es\/wp-json\/wp\/v2\/pages\/3280\/revisions"}],"predecessor-version":[{"id":3812,"href":"https:\/\/emailchef.com\/es\/wp-json\/wp\/v2\/pages\/3280\/revisions\/3812"}],"wp:attachment":[{"href":"https:\/\/emailchef.com\/es\/wp-json\/wp\/v2\/media?parent=3280"}],"wp:term":[{"taxonomy":"g1_relation_tag","embeddable":true,"href":"https:\/\/emailchef.com\/es\/wp-json\/wp\/v2\/g1_relation_tag?post=3280"}],"curies":[{"name":"wp","href":"https:\/\/api.w.org\/{rel}","templated":true}]}}