{"id":3275,"date":"2016-02-08T16:18:43","date_gmt":"2016-02-08T16:18:43","guid":{"rendered":"http:\/\/emailchef.com\/es\/?page_id=3275"},"modified":"2016-02-15T09:55:17","modified_gmt":"2016-02-15T09:55:17","slug":"envio-seguro","status":"publish","type":"page","link":"https:\/\/emailchef.com\/es\/envio-seguro\/","title":{"rendered":"Env\u00edo seguro"},"content":{"rendered":"<p>Emailchef respeta su <strong>seguridad y privacidad<\/strong> como lo m\u00e1s importante a la hora de enviar emails masivos.<\/p>\n<p class=\"western\" lang=\"es-AR\">Garantizamos un env\u00edo seguro mediante nuestro sistema de protecci\u00f3n de m\u00faltiples capas contra el hacking. Toda la informaci\u00f3n almacenada en nuestra plataforma (contactos, emails enviados y borradores, plantillas\u2026) permanecer\u00e1n seguras y <strong>nunca ser\u00e1n compartidas con nadie fuera<\/strong> de nuestros t\u00e9rminos de servicio. Esto mismo aplica a su informaci\u00f3n personal.<\/p>\n<p class=\"western\" lang=\"es-AR\">Por cualquier consulta, por favor cont\u00e1ctenos.<\/p>\n","protected":false},"excerpt":{"rendered":"<p>Emailchef respeta su seguridad y privacidad como lo m\u00e1s importante a la hora de enviar emails masivos. Garantizamos un env\u00edo seguro mediante nuestro sistema de protecci\u00f3n de m\u00faltiples capas contra el hacking. Toda la informaci\u00f3n almacenada en nuestra plataforma (contactos, emails enviados y borradores, plantillas\u2026) permanecer\u00e1n seguras y nunca ser\u00e1n compartidas con nadie fuera de [&hellip;]<\/p>\n","protected":false},"author":5,"featured_media":0,"parent":0,"menu_order":227,"comment_status":"closed","ping_status":"closed","template":"g1_template_page_sidebar_right.php","meta":{"_acf_changed":false,"inline_featured_image":false,"footnotes":""},"g1_relation_tag":[],"class_list":["post-3275","page","type-page","status-publish","hentry"],"acf":[],"yoast_head":"<!-- This site is optimized with the Yoast SEO plugin v24.8.1 - https:\/\/yoast.com\/wordpress\/plugins\/seo\/ -->\n<title>Env\u00edo seguro - Emailchef<\/title>\n<meta name=\"description\" content=\"Emailchef respeta su seguridad y privacidad como lo m\u00e1s importante a la hora de enviar emails masivos.\" \/>\n<meta name=\"robots\" content=\"index, follow, max-snippet:-1, max-image-preview:large, max-video-preview:-1\" \/>\n<link rel=\"canonical\" href=\"https:\/\/emailchef.com\/es\/envio-seguro\/\" \/>\n<!-- \/ Yoast SEO plugin. -->","yoast_head_json":{"title":"Env\u00edo seguro - Emailchef","description":"Emailchef respeta su seguridad y privacidad como lo m\u00e1s importante a la hora de enviar emails masivos.","robots":{"index":"index","follow":"follow","max-snippet":"max-snippet:-1","max-image-preview":"max-image-preview:large","max-video-preview":"max-video-preview:-1"},"canonical":"https:\/\/emailchef.com\/es\/envio-seguro\/","schema":{"@context":"https:\/\/schema.org","@graph":[{"@type":"WebPage","@id":"https:\/\/emailchef.com\/es\/envio-seguro\/","url":"https:\/\/emailchef.com\/es\/envio-seguro\/","name":"Env\u00edo seguro - Emailchef","isPartOf":{"@id":"https:\/\/emailchef.com\/es\/#website"},"datePublished":"2016-02-08T16:18:43+00:00","dateModified":"2016-02-15T09:55:17+00:00","description":"Emailchef respeta su seguridad y privacidad como lo m\u00e1s importante a la hora de enviar emails masivos.","breadcrumb":{"@id":"https:\/\/emailchef.com\/es\/envio-seguro\/#breadcrumb"},"inLanguage":"es","potentialAction":[{"@type":"ReadAction","target":["https:\/\/emailchef.com\/es\/envio-seguro\/"]}]},{"@type":"BreadcrumbList","@id":"https:\/\/emailchef.com\/es\/envio-seguro\/#breadcrumb","itemListElement":[{"@type":"ListItem","position":1,"name":"Home","item":"https:\/\/emailchef.com\/es\/emailchef-email-marketing-services\/"},{"@type":"ListItem","position":2,"name":"Env\u00edo seguro"}]},{"@type":"WebSite","@id":"https:\/\/emailchef.com\/es\/#website","url":"https:\/\/emailchef.com\/es\/","name":"Emailchef","description":"Tasty recipes for email marketing","publisher":{"@id":"https:\/\/emailchef.com\/es\/#organization"},"potentialAction":[{"@type":"SearchAction","target":{"@type":"EntryPoint","urlTemplate":"https:\/\/emailchef.com\/es\/?s={search_term_string}"},"query-input":{"@type":"PropertyValueSpecification","valueRequired":true,"valueName":"search_term_string"}}],"inLanguage":"es"},{"@type":"Organization","@id":"https:\/\/emailchef.com\/es\/#organization","name":"Delivery Tech Corp.","url":"https:\/\/emailchef.com\/es\/","logo":{"@type":"ImageObject","inLanguage":"es","@id":"https:\/\/emailchef.com\/es\/#\/schema\/logo\/image\/","url":"https:\/\/emailchef.com\/wp-content\/uploads\/2022\/04\/logo-sama.png","contentUrl":"https:\/\/emailchef.com\/wp-content\/uploads\/2022\/04\/logo-sama.png","width":237,"height":80,"caption":"Delivery Tech Corp."},"image":{"@id":"https:\/\/emailchef.com\/es\/#\/schema\/logo\/image\/"}}]}},"_links":{"self":[{"href":"https:\/\/emailchef.com\/es\/wp-json\/wp\/v2\/pages\/3275"}],"collection":[{"href":"https:\/\/emailchef.com\/es\/wp-json\/wp\/v2\/pages"}],"about":[{"href":"https:\/\/emailchef.com\/es\/wp-json\/wp\/v2\/types\/page"}],"author":[{"embeddable":true,"href":"https:\/\/emailchef.com\/es\/wp-json\/wp\/v2\/users\/5"}],"replies":[{"embeddable":true,"href":"https:\/\/emailchef.com\/es\/wp-json\/wp\/v2\/comments?post=3275"}],"version-history":[{"count":2,"href":"https:\/\/emailchef.com\/es\/wp-json\/wp\/v2\/pages\/3275\/revisions"}],"predecessor-version":[{"id":3277,"href":"https:\/\/emailchef.com\/es\/wp-json\/wp\/v2\/pages\/3275\/revisions\/3277"}],"wp:attachment":[{"href":"https:\/\/emailchef.com\/es\/wp-json\/wp\/v2\/media?parent=3275"}],"wp:term":[{"taxonomy":"g1_relation_tag","embeddable":true,"href":"https:\/\/emailchef.com\/es\/wp-json\/wp\/v2\/g1_relation_tag?post=3275"}],"curies":[{"name":"wp","href":"https:\/\/api.w.org\/{rel}","templated":true}]}}