{"id":3225,"date":"2014-09-18T07:24:44","date_gmt":"2014-09-18T07:24:44","guid":{"rendered":"http:\/\/emailchef.com\/es\/?page_id=3225"},"modified":"2021-07-09T08:50:58","modified_gmt":"2021-07-09T08:50:58","slug":"servicio-de-email-masivo","status":"publish","type":"page","link":"https:\/\/emailchef.com\/es\/servicio-de-email-masivo\/","title":{"rendered":"Servicio de email masivo"},"content":{"rendered":"<p class=\"western\" lang=\"es-AR\">Emailchef es un<strong> servicio de email masivo completo<\/strong> que permite crear, enviar y programar y obtener m\u00e9tricas exactas sobre emails masivos tales como newsletters, MEDs, y tambi\u00e9n crear y gestionar listas de contactos.<\/p>\n<p class=\"western\" lang=\"es-AR\">En resumen, una <strong>soluci\u00f3n integral para el env\u00edo de correos masivos<\/strong> online que le permite obtener:<\/p>\n\n<ul>\n<li class=\"western\" lang=\"es-AR\">un <strong>editor de email WYSIWYG<\/strong> claro y eficiente que le permite personalizar sus newsletters HTML agregando im\u00e1genes, texto, etc. (Emailchef tambi\u00e9n provee un conjunto de plantillas predise\u00f1adas y un Template Creator profesional);<\/li>\n<li class=\"western\" lang=\"es-AR\">todo lo que usted necesita para crear <strong>varias listas de email<\/strong> agregando detalles personales y profesionales a cada contacto, tambi\u00e9n la posibilidad de segmentarlas como lo desee para campa\u00f1as mejor orientadas;<\/li>\n<li class=\"western\" lang=\"es-AR\">un <strong>editor de formularios<\/strong> para generar formularios de suscripciones simples y confirmadas en minutos y embeberlas en su sitio web para incrementar su lista en forma r\u00e1pida y segura;<\/li>\n<li class=\"western\" lang=\"es-AR\">un <strong>dispositivo de env\u00edo de emails masivos<\/strong>, utilizando un servicio SMTP profesional, que entregar\u00e1 todos sus mensajes sin el riesgo de ser filtrados por software antispam (se incluyen opciones de programaci\u00f3n por supuesto);<\/li>\n<li class=\"western\" lang=\"es-AR\">un conjunto <strong>completo de herramientas de an\u00e1lisis<\/strong> para comprender la efectividad de su campa\u00f1a y corregir cualquier problema posible, gracias a la informaci\u00f3n precisa sobre aperturas, clics, tasas de desuscripciones, etc.;<\/li>\n<\/ul>\n<p class=\"western\" lang=\"es-AR\">Y mucho m\u00e1s.<\/p>\n<p class=\"western\"><span lang=\"es-AR\">Con nuestro servicio de correos profesional, el marketing por email ser\u00e1 una tarea f\u00e1cil. De hecho, Emailchef es probablemente el servicio basado en la nube m\u00e1s f\u00e1cil y efectivo disponible en el mercado.<\/span><\/p>\n","protected":false},"excerpt":{"rendered":"<p>Emailchef is a complete mass mailing service that allows to create, send, schedule and get accurate metrics about bulk emails like newsletters or DEMs, and also create and manage contact lists.<\/p>\n","protected":false},"author":5,"featured_media":0,"parent":0,"menu_order":189,"comment_status":"closed","ping_status":"closed","template":"","meta":{"_acf_changed":false,"inline_featured_image":false,"footnotes":""},"g1_relation_tag":[12],"class_list":["post-3225","page","type-page","status-publish","hentry","g1_relation_tag-mass-email-services"],"acf":[],"yoast_head":"<!-- This site is optimized with the Yoast SEO plugin v24.8.1 - https:\/\/yoast.com\/wordpress\/plugins\/seo\/ -->\n<title>Servicio de email masivo - Emailchef<\/title>\n<meta name=\"description\" content=\"Emailchef es un servicio de email masivo completo que permite crear, enviar y programar y obtener m\u00e9tricas exactas sobre emails masivos tales como newsletters, MEDs, y tambi\u00e9n crear y gestionar listas de contactos.\" \/>\n<meta name=\"robots\" content=\"index, follow, max-snippet:-1, max-image-preview:large, max-video-preview:-1\" \/>\n<link rel=\"canonical\" href=\"https:\/\/emailchef.com\/es\/servicio-de-email-masivo\/\" \/>\n<meta name=\"twitter:label1\" content=\"Tiempo de lectura\" \/>\n\t<meta name=\"twitter:data1\" content=\"2 minutos\" \/>\n<!-- \/ Yoast SEO plugin. -->","yoast_head_json":{"title":"Servicio de email masivo - Emailchef","description":"Emailchef es un servicio de email masivo completo que permite crear, enviar y programar y obtener m\u00e9tricas exactas sobre emails masivos tales como newsletters, MEDs, y tambi\u00e9n crear y gestionar listas de contactos.","robots":{"index":"index","follow":"follow","max-snippet":"max-snippet:-1","max-image-preview":"max-image-preview:large","max-video-preview":"max-video-preview:-1"},"canonical":"https:\/\/emailchef.com\/es\/servicio-de-email-masivo\/","twitter_misc":{"Tiempo de lectura":"2 minutos"},"schema":{"@context":"https:\/\/schema.org","@graph":[{"@type":"WebPage","@id":"https:\/\/emailchef.com\/es\/servicio-de-email-masivo\/","url":"https:\/\/emailchef.com\/es\/servicio-de-email-masivo\/","name":"Servicio de email masivo - Emailchef","isPartOf":{"@id":"https:\/\/emailchef.com\/es\/#website"},"datePublished":"2014-09-18T07:24:44+00:00","dateModified":"2021-07-09T08:50:58+00:00","description":"Emailchef es un servicio de email masivo completo que permite crear, enviar y programar y obtener m\u00e9tricas exactas sobre emails masivos tales como newsletters, MEDs, y tambi\u00e9n crear y gestionar listas de contactos.","breadcrumb":{"@id":"https:\/\/emailchef.com\/es\/servicio-de-email-masivo\/#breadcrumb"},"inLanguage":"es","potentialAction":[{"@type":"ReadAction","target":["https:\/\/emailchef.com\/es\/servicio-de-email-masivo\/"]}]},{"@type":"BreadcrumbList","@id":"https:\/\/emailchef.com\/es\/servicio-de-email-masivo\/#breadcrumb","itemListElement":[{"@type":"ListItem","position":1,"name":"Home","item":"https:\/\/emailchef.com\/es\/emailchef-email-marketing-services\/"},{"@type":"ListItem","position":2,"name":"Servicio de email masivo"}]},{"@type":"WebSite","@id":"https:\/\/emailchef.com\/es\/#website","url":"https:\/\/emailchef.com\/es\/","name":"Emailchef","description":"Tasty recipes for email marketing","publisher":{"@id":"https:\/\/emailchef.com\/es\/#organization"},"potentialAction":[{"@type":"SearchAction","target":{"@type":"EntryPoint","urlTemplate":"https:\/\/emailchef.com\/es\/?s={search_term_string}"},"query-input":{"@type":"PropertyValueSpecification","valueRequired":true,"valueName":"search_term_string"}}],"inLanguage":"es"},{"@type":"Organization","@id":"https:\/\/emailchef.com\/es\/#organization","name":"Delivery Tech Corp.","url":"https:\/\/emailchef.com\/es\/","logo":{"@type":"ImageObject","inLanguage":"es","@id":"https:\/\/emailchef.com\/es\/#\/schema\/logo\/image\/","url":"https:\/\/emailchef.com\/wp-content\/uploads\/2022\/04\/logo-sama.png","contentUrl":"https:\/\/emailchef.com\/wp-content\/uploads\/2022\/04\/logo-sama.png","width":237,"height":80,"caption":"Delivery Tech Corp."},"image":{"@id":"https:\/\/emailchef.com\/es\/#\/schema\/logo\/image\/"}}]}},"_links":{"self":[{"href":"https:\/\/emailchef.com\/es\/wp-json\/wp\/v2\/pages\/3225"}],"collection":[{"href":"https:\/\/emailchef.com\/es\/wp-json\/wp\/v2\/pages"}],"about":[{"href":"https:\/\/emailchef.com\/es\/wp-json\/wp\/v2\/types\/page"}],"author":[{"embeddable":true,"href":"https:\/\/emailchef.com\/es\/wp-json\/wp\/v2\/users\/5"}],"replies":[{"embeddable":true,"href":"https:\/\/emailchef.com\/es\/wp-json\/wp\/v2\/comments?post=3225"}],"version-history":[{"count":3,"href":"https:\/\/emailchef.com\/es\/wp-json\/wp\/v2\/pages\/3225\/revisions"}],"predecessor-version":[{"id":6242,"href":"https:\/\/emailchef.com\/es\/wp-json\/wp\/v2\/pages\/3225\/revisions\/6242"}],"wp:attachment":[{"href":"https:\/\/emailchef.com\/es\/wp-json\/wp\/v2\/media?parent=3225"}],"wp:term":[{"taxonomy":"g1_relation_tag","embeddable":true,"href":"https:\/\/emailchef.com\/es\/wp-json\/wp\/v2\/g1_relation_tag?post=3225"}],"curies":[{"name":"wp","href":"https:\/\/api.w.org\/{rel}","templated":true}]}}